{"id":10733,"date":"2023-01-30T09:54:25","date_gmt":"2023-01-30T08:54:25","guid":{"rendered":"https:\/\/www.tech-arrow.com\/?page_id=10733"},"modified":"2024-11-27T15:01:02","modified_gmt":"2024-11-27T14:01:02","slug":"contentaccess-mailapp-anmerkungen-zu-dieser-version","status":"publish","type":"page","link":"https:\/\/www.tech-arrow.com\/de\/contentaccess-mailapp-anmerkungen-zu-dieser-version\/","title":{"rendered":"contentACCESS MailApp vNext Anmerkungen zu dieser Version"},"content":{"rendered":"<p><!-- 6.3 RELEASE NOTES --><\/p>\n<div style=\"background-color: white; padding: 15px; width: 95%; margin-bottom: 25px; border: 1px solid #ddd;\"><a name=\"6_3\"><\/a><\/p>\n<h2 style=\"color: red; font-weight: bold;\">mailApp Version 6.3<\/h2>\n<p>(24. October 2023)<br \/>\nKlicken Sie <a href=\"https:\/\/www.tech-arrow.com\/de\/contentaccess-mailapp-version-6-3-details\/\">hier<\/a> f\u00fcr eine detaillierte Version der Versionshinweise.<\/p>\n<h2 style=\"padding-top: 30px;\">Common<\/h2>\n<table>\n<tbody>\n<tr style=\"border-bottom: 1px solid #dddddd;\">\n<td style=\"vertical-align: center; width: 97px; text-align: justify; padding: 20px 0 20px 0;\"><img decoding=\"async\" class=\"alignleft size-thumbnail wp-image-1443\" src=\"https:\/\/www.tech-arrow.com\/wp-content\/uploads\/2020\/06\/NEU.png\" alt=\"NEU\" width=\"95%\" \/><\/td>\n<td style=\"vertical-align: center; text-align: justify; padding: 20px 0 20px 0;\"><strong>Unterst\u00fctzung von Outlook f\u00fcr Mobiltelefone<\/strong> \u2212 Die mailApp ist jetzt auch f\u00fcr Outlook f\u00fcr Mobiltelefone verf\u00fcgbar und einsatzbereit<\/td>\n<\/tr>\n<tr style=\"border-bottom: 1px solid #dddddd;\">\n<td style=\"vertical-align: center; width: 97px; text-align: justify; padding: 20px 0 20px 0;\"><img decoding=\"async\" class=\"alignleft size-thumbnail wp-image-1443\" src=\"https:\/\/www.tech-arrow.com\/wp-content\/uploads\/2020\/06\/NEU.png\" alt=\"NEU\" width=\"95%\" \/><\/td>\n<td style=\"vertical-align: center; text-align: justify; padding: 20px 0 20px 0;\"><strong>Anheften von Entit\u00e4ten<\/strong> \u2212 Sie k\u00f6nnen jetzt die am h\u00e4ufigsten verwendeten Entit\u00e4ten anheften<\/td>\n<\/tr>\n<tr style=\"border-bottom: 1px solid #dddddd;\">\n<td style=\"vertical-align: center; width: 97px; text-align: justify; padding: 20px 0 20px 0;\"><img decoding=\"async\" class=\"alignleft size-thumbnail wp-image-1443\" src=\"https:\/\/www.tech-arrow.com\/wp-content\/uploads\/2020\/06\/NEU.png\" alt=\"NEU\" width=\"95%\" \/><\/td>\n<td style=\"vertical-align: center; text-align: justify; padding: 20px 0 20px 0;\"><strong>Standardaktion bei aktiver E-Mail<\/strong> \u2212 Ein Klick weniger, um die urspr\u00fcngliche E\\-Mail zu \u00f6ffnen<\/td>\n<\/tr>\n<tr style=\"border-bottom: 1px solid #dddddd;\">\n<td style=\"vertical-align: center; width: 97px; text-align: justify; padding: 20px 0 20px 0;\"><img decoding=\"async\" class=\"alignleft size-thumbnail wp-image-1443\" src=\"https:\/\/www.tech-arrow.com\/wp-content\/uploads\/2020\/06\/NEU.png\" alt=\"NEU\" width=\"95%\" \/><\/td>\n<td style=\"vertical-align: center; text-align: justify; padding: 20px 0 20px 0;\"><strong>Integration der Dokumentenvorschau<\/strong> \u2212 E-Mail\\-Anh\u00e4nge werden in unserer Dokumentenvorschau\\-Komponente ge\u00f6ffnet<\/td>\n<\/tr>\n<tr style=\"border-bottom: 1px solid #dddddd;\">\n<td style=\"vertical-align: center; width: 97px; text-align: justify; padding: 20px 0 20px 0;\"><img decoding=\"async\" class=\"alignleft size-thumbnail wp-image-1443\" src=\"https:\/\/www.tech-arrow.com\/wp-content\/uploads\/2020\/06\/VERBESSERUNG.png\" alt=\"VERBESSERUNG\" width=\"95%\" \/><\/td>\n<td style=\"vertical-align: center; text-align: justify; padding: 20px 0 20px 0;\"><strong>Leistungs- und Stabilit\u00e4tsverbesserungen<\/strong><\/td>\n<\/tr>\n<\/tbody>\n<\/table>\n<p>&nbsp;<\/p>\n<\/div>\n<p><!-- 6.1 RELEASE NOTES --><\/p>\n<div style=\"background-color: white; padding: 15px; width: 95%; margin-bottom: 25px; border: 1px solid #ddd;\"><a name=\"6_1\"><\/a><\/p>\n<h2 style=\"color: red; font-weight: bold;\">mailApp Version 6.1<\/h2>\n<p>(11. April 2023)<br \/>\nKlicken Sie <a href=\"https:\/\/www.tech-arrow.com\/de\/contentaccess-mailapp-version-6-1-details\/\">hier<\/a> f\u00fcr eine detaillierte Version der Versionshinweise.<\/p>\n<h2 style=\"padding-top: 30px;\">Allgemein<\/h2>\n<table>\n<tbody>\n<tr style=\"border-bottom: 1px solid #dddddd;\">\n<td style=\"vertical-align: center; width: 97px; text-align: justify; padding: 20px 0 20px 0;\"><img decoding=\"async\" class=\"alignleft size-thumbnail wp-image-1443\" src=\"https:\/\/www.tech-arrow.com\/wp-content\/uploads\/2020\/06\/NEU.png\" alt=\"NEU\" width=\"95%\" \/><\/td>\n<td style=\"vertical-align: center; text-align: justify; padding: 20px 0 20px 0;\"><strong>Verf\u00fcgbar in neuen Sprachen<\/strong> \u2212 die Anwendung ist nun in 10 neuen Sprachen verf\u00fcgbar.<\/td>\n<\/tr>\n<tr style=\"border-bottom: 1px solid #dddddd;\">\n<td style=\"vertical-align: center; width: 97px; text-align: justify; padding: 20px 0 20px 0;\"><img decoding=\"async\" class=\"alignleft size-thumbnail wp-image-1443\" src=\"https:\/\/www.tech-arrow.com\/wp-content\/uploads\/2020\/06\/VERBESSERUNG.png\" alt=\"VERBESSERUNG\" width=\"95%\" \/><\/td>\n<td style=\"vertical-align: center; text-align: justify; padding: 20px 0 20px 0;\"><strong>Performance<\/strong> \u2212 und Stabilit\u00e4tsverbesserungen<\/td>\n<\/tr>\n<\/tbody>\n<\/table>\n<p>&nbsp;<\/p>\n<\/div>\n<p><!-- 6.0 RELEASE NOTES --><\/p>\n<div style=\"background-color: white; padding: 15px; width: 95%; margin-bottom: 25px; border: 1px solid #ddd;\"><a name=\"6_0\"><\/a><\/p>\n<h2 style=\"color: red; font-weight: bold;\">mailApp Version 6.0<\/h2>\n<p>(9. December 2022)<br \/>\nKlicken Sie <a href=\"https:\/\/www.tech-arrow.com\/de\/contentaccess-mailapp-version-6-0-details\/\">hier<\/a> f\u00fcr eine detaillierte Version der Versionshinweise.<\/p>\n<h2 style=\"padding-top: 30px;\">Common<\/h2>\n<table>\n<tbody>\n<tr style=\"border-bottom: 1px solid #dddddd;\">\n<td style=\"vertical-align: center; width: 97px; text-align: justify; padding: 20px 0 20px 0;\"><img decoding=\"async\" class=\"alignleft size-thumbnail wp-image-1443\" src=\"https:\/\/www.tech-arrow.com\/wp-content\/uploads\/2015\/07\/NEW1.png\" alt=\"NEW\" width=\"95%\" \/><\/td>\n<td style=\"vertical-align: center; text-align: justify; padding: 20px 0 20px 0;\"><strong>Popup-Fenster des Empf\u00e4ngers<\/strong> \u2013 zeigt ein Popup die vollst\u00e4ndigen Benutzerinformationen mit einigen Funktionen<\/td>\n<\/tr>\n<tr style=\"border-bottom: 1px solid #dddddd;\">\n<td style=\"vertical-align: center; width: 97px; text-align: justify; padding: 20px 0 20px 0;\"><img decoding=\"async\" class=\"alignleft size-thumbnail wp-image-1443\" src=\"https:\/\/www.tech-arrow.com\/wp-content\/uploads\/2015\/07\/NEW1.png\" alt=\"NEW\" width=\"95%\" \/><\/td>\n<td style=\"vertical-align: center; text-align: justify; padding: 20px 0 20px 0;\"><strong>Safari-Unterst\u00fctzung<\/strong> \u2013 MailApp l\u00e4uft bereits im Safari-Browser und in Outlook f\u00fcr Mac<\/td>\n<\/tr>\n<tr style=\"border-bottom: 1px solid #dddddd;\">\n<td style=\"vertical-align: center; width: 97px; text-align: justify; padding: 20px 0 20px 0;\"><img decoding=\"async\" class=\"alignleft size-thumbnail wp-image-1443\" src=\"https:\/\/www.tech-arrow.com\/wp-content\/uploads\/2015\/07\/NEW1.png\" alt=\"NEW\" width=\"95%\" \/><\/td>\n<td style=\"vertical-align: center; text-align: justify; padding: 20px 0 20px 0;\"><strong>Schneller Zugang zu Aktien<\/strong> \u2013 wir haben der Startseite 2 neue Verkn\u00fcpfungen hinzugef\u00fcgt<\/td>\n<\/tr>\n<tr style=\"border-bottom: 1px solid #dddddd;\">\n<td style=\"vertical-align: center; width: 97px; text-align: justify; padding: 20px 0 20px 0;\"><img decoding=\"async\" class=\"alignleft size-thumbnail wp-image-1443\" src=\"https:\/\/www.tech-arrow.com\/wp-content\/uploads\/2015\/07\/NEW1.png\" alt=\"NEW\" width=\"95%\" \/><\/td>\n<td style=\"vertical-align: center; text-align: justify; padding: 20px 0 20px 0;\"><strong>Nicht zug\u00e4ngliche Funktionen ausblenden<\/strong> \u2013 Freigabe und aktive E-Mail-Schaltfl\u00e4che werden ausgeblendet, wenn das Backend dies nicht unterst\u00fctzt<\/td>\n<\/tr>\n<tr style=\"border-bottom: 1px solid #dddddd;\">\n<td style=\"vertical-align: center; width: 97px; text-align: justify; padding: 20px 0 20px 0;\"><img decoding=\"async\" class=\"alignleft size-thumbnail wp-image-1443\" src=\"https:\/\/www.tech-arrow.com\/wp-content\/uploads\/2015\/07\/IMPROVEMENT.png\" alt=\"IMPROVEMENT\" width=\"95%\" \/><\/td>\n<td style=\"vertical-align: center; text-align: justify; padding: 20px 0 20px 0;\"><strong>Leistungs- und Stabilit\u00e4tsverbesserungen<\/strong><\/td>\n<\/tr>\n<\/tbody>\n<\/table>\n<p>&nbsp;<\/p>\n<\/div>\n<p><!-- 5.4 RELEASE NOTES --><\/p>\n<div style=\"background-color: white; padding: 15px; width: 95%; margin-bottom: 25px; border: 1px solid #ddd;\"><a name=\"5_4\"><\/a><\/p>\n<h2 style=\"color: red; font-weight: bold;\">mailApp vNext Version 5.4<\/h2>\n<p>(30. September 2022)<br \/>\nKlicken Sie <a href=\"https:\/\/www.tech-arrow.com\/de\/contentaccess-mailapp-version-5-4-details\/\">hier<\/a> f\u00fcr eine detaillierte Version der Versionshinweise.<\/p>\n<h2 style=\"padding-top: 30px;\">Common<\/h2>\n<table>\n<tbody>\n<tr style=\"border-bottom: 1px solid #dddddd;\">\n<td style=\"vertical-align: center; width: 97px; text-align: justify; padding: 20px 0 20px 0;\"><img decoding=\"async\" class=\"alignleft size-thumbnail wp-image-1443\" src=\"https:\/\/www.tech-arrow.com\/wp-content\/uploads\/2015\/07\/NEW1.png\" alt=\"NEW\" width=\"95%\" \/><\/td>\n<td style=\"vertical-align: center; text-align: justify; padding: 20px 0 20px 0;\"><strong>Neuer Look und Feeling<\/strong> \u2013 Dynamik, Simplizit\u00e4t und Produktivit\u00e4t \u2026 das sind die Schl\u00fcsselfaktoren, die uns bei der Erstellung des neuen Designs antreiben<\/td>\n<\/tr>\n<tr style=\"border-bottom: 1px solid #dddddd;\">\n<td style=\"vertical-align: center; width: 97px; text-align: justify; padding: 20px 0 20px 0;\"><img decoding=\"async\" class=\"alignleft size-thumbnail wp-image-1443\" src=\"https:\/\/www.tech-arrow.com\/wp-content\/uploads\/2015\/07\/NEW1.png\" alt=\"NEW\" width=\"95%\" \/><\/td>\n<td style=\"vertical-align: center; text-align: justify; padding: 20px 0 20px 0;\"><strong>Pinfunktion<\/strong> \u2013 haben Sie Ihre App immer griffbereit<\/td>\n<\/tr>\n<tr style=\"border-bottom: 1px solid #dddddd;\">\n<td style=\"vertical-align: center; width: 97px; text-align: justify; padding: 20px 0 20px 0;\"><img decoding=\"async\" class=\"alignleft size-thumbnail wp-image-1443\" src=\"https:\/\/www.tech-arrow.com\/wp-content\/uploads\/2015\/07\/NEW1.png\" alt=\"NEW\" width=\"95%\" \/><\/td>\n<td style=\"vertical-align: center; text-align: justify; padding: 20px 0 20px 0;\"><strong>Startbildschirm<\/strong> \u2013 zeigt die Hauptfunktionen der App mit einer kurzen Beschreibung<\/td>\n<\/tr>\n<tr style=\"border-bottom: 1px solid #dddddd;\">\n<td style=\"vertical-align: center; width: 97px; text-align: justify; padding: 20px 0 20px 0;\"><img decoding=\"async\" class=\"alignleft size-thumbnail wp-image-1443\" src=\"https:\/\/www.tech-arrow.com\/wp-content\/uploads\/2015\/07\/NEW1.png\" alt=\"NEW\" width=\"95%\" \/><\/td>\n<td style=\"vertical-align: center; text-align: justify; padding: 20px 0 20px 0;\"><strong>Aktive E-Mail<\/strong> \u2013 bietet Zugriff auf Archivfunktionen f\u00fcr die E-Mail, die derzeit im Vorschaufenster von Outlook ge\u00f6ffnet ist<\/td>\n<\/tr>\n<tr style=\"border-bottom: 1px solid #dddddd;\">\n<td style=\"vertical-align: center; width: 97px; text-align: justify; padding: 20px 0 20px 0;\"><img decoding=\"async\" class=\"alignleft size-thumbnail wp-image-1443\" src=\"https:\/\/www.tech-arrow.com\/wp-content\/uploads\/2015\/07\/NEW1.png\" alt=\"NEW\" width=\"95%\" \/><\/td>\n<td style=\"vertical-align: center; text-align: justify; padding: 20px 0 20px 0;\"><strong>Erweiterte Suche<\/strong> \u2013 integriert alle Funktionen der contentACCESS-Suche<\/td>\n<\/tr>\n<tr style=\"border-bottom: 1px solid #dddddd;\">\n<td style=\"vertical-align: center; width: 97px; text-align: justify; padding: 20px 0 20px 0;\"><img decoding=\"async\" class=\"alignleft size-thumbnail wp-image-1443\" src=\"https:\/\/www.tech-arrow.com\/wp-content\/uploads\/2015\/07\/NEW1.png\" alt=\"NEW\" width=\"95%\" \/><\/td>\n<td style=\"vertical-align: center; text-align: justify; padding: 20px 0 20px 0;\"><strong>Durchsuchen von Daten<\/strong> \u2013 bietet Ihnen Zugriff auf alle verf\u00fcgbaren Entit\u00e4ten aus allen Modulen<\/td>\n<\/tr>\n<tr style=\"border-bottom: 1px solid #dddddd;\">\n<td style=\"vertical-align: center; width: 97px; text-align: justify; padding: 20px 0 20px 0;\"><img decoding=\"async\" class=\"alignleft size-thumbnail wp-image-1443\" src=\"https:\/\/www.tech-arrow.com\/wp-content\/uploads\/2015\/07\/NEW1.png\" alt=\"NEW\" width=\"95%\" \/><\/td>\n<td style=\"vertical-align: center; text-align: justify; padding: 20px 0 20px 0;\"><strong>Freigabefunktion<\/strong> \u2013 mit nur 2 Klicks k\u00f6nnen Sie Daten direkt aus dem contentACCESS Archiv teilen<\/td>\n<\/tr>\n<\/tbody>\n<\/table>\n<p>&nbsp;<\/p>\n<\/div>\n","protected":false},"excerpt":{"rendered":"<p>mailApp Version 6.3 (24. October 2023) Klicken Sie hier f\u00fcr eine detaillierte Version der Versionshinweise. Common Unterst\u00fctzung von Outlook f\u00fcr Mobiltelefone \u2212 Die mailApp ist jetzt auch f\u00fcr Outlook f\u00fcr Mobiltelefone verf\u00fcgbar und einsatzbereit Anheften von Entit\u00e4ten \u2212 Sie k\u00f6nnen jetzt die am h\u00e4ufigsten verwendeten Entit\u00e4ten anheften Standardaktion bei aktiver E-Mail \u2212 Ein Klick weniger, [&hellip;]<\/p>\n","protected":false},"author":4,"featured_media":0,"parent":0,"menu_order":0,"comment_status":"closed","ping_status":"closed","template":"","meta":{"_acf_changed":false,"inline_featured_image":false,"footnotes":""},"class_list":["post-10733","page","type-page","status-publish","hentry"],"acf":[],"yoast_head":"<!-- This site is optimized with the Yoast SEO plugin v27.0 - https:\/\/yoast.com\/product\/yoast-seo-wordpress\/ -->\n<title>contentACCESS MailApp vNext Anmerkungen zu dieser Version - TECH-ARROW<\/title>\n<meta name=\"description\" content=\"Besuchen Sie unsere Seite f\u00fcr eine detaillierte Version der Versionshinweise. Die neuesten Informationen zu contentACCESS Mobile Version.\" \/>\n<meta name=\"robots\" content=\"index, follow, max-snippet:-1, max-image-preview:large, max-video-preview:-1\" \/>\n<link rel=\"canonical\" href=\"https:\/\/www.tech-arrow.com\/de\/contentaccess-mailapp-anmerkungen-zu-dieser-version\/\" \/>\n<meta property=\"og:locale\" content=\"de_DE\" \/>\n<meta property=\"og:type\" content=\"article\" \/>\n<meta property=\"og:title\" content=\"contentACCESS MailApp vNext Anmerkungen zu dieser Version - TECH-ARROW\" \/>\n<meta property=\"og:description\" content=\"Besuchen Sie unsere Seite f\u00fcr eine detaillierte Version der Versionshinweise. Die neuesten Informationen zu contentACCESS Mobile Version.\" \/>\n<meta property=\"og:url\" content=\"https:\/\/www.tech-arrow.com\/de\/contentaccess-mailapp-anmerkungen-zu-dieser-version\/\" \/>\n<meta property=\"og:site_name\" content=\"TECH-ARROW\" \/>\n<meta property=\"article:publisher\" content=\"https:\/\/www.facebook.com\/thetecharrow\/?fref=ts\" \/>\n<meta property=\"article:modified_time\" content=\"2024-11-27T14:01:02+00:00\" \/>\n<meta property=\"og:image\" content=\"https:\/\/www.tech-arrow.com\/wp-content\/uploads\/2020\/06\/NEU.png\" \/>\n<meta name=\"twitter:card\" content=\"summary_large_image\" \/>\n<script type=\"application\/ld+json\" class=\"yoast-schema-graph\">{\"@context\":\"https:\/\/schema.org\",\"@graph\":[{\"@type\":\"WebPage\",\"@id\":\"https:\/\/www.tech-arrow.com\/de\/contentaccess-mailapp-anmerkungen-zu-dieser-version\/\",\"url\":\"https:\/\/www.tech-arrow.com\/de\/contentaccess-mailapp-anmerkungen-zu-dieser-version\/\",\"name\":\"contentACCESS MailApp vNext Anmerkungen zu dieser Version - TECH-ARROW\",\"isPartOf\":{\"@id\":\"https:\/\/www.tech-arrow.com\/#website\"},\"primaryImageOfPage\":{\"@id\":\"https:\/\/www.tech-arrow.com\/de\/contentaccess-mailapp-anmerkungen-zu-dieser-version\/#primaryimage\"},\"image\":{\"@id\":\"https:\/\/www.tech-arrow.com\/de\/contentaccess-mailapp-anmerkungen-zu-dieser-version\/#primaryimage\"},\"thumbnailUrl\":\"https:\/\/www.tech-arrow.com\/wp-content\/uploads\/2020\/06\/NEU.png\",\"datePublished\":\"2023-01-30T08:54:25+00:00\",\"dateModified\":\"2024-11-27T14:01:02+00:00\",\"description\":\"Besuchen Sie unsere Seite f\u00fcr eine detaillierte Version der Versionshinweise. Die neuesten Informationen zu contentACCESS Mobile Version.\",\"breadcrumb\":{\"@id\":\"https:\/\/www.tech-arrow.com\/de\/contentaccess-mailapp-anmerkungen-zu-dieser-version\/#breadcrumb\"},\"inLanguage\":\"de\",\"potentialAction\":[{\"@type\":\"ReadAction\",\"target\":[\"https:\/\/www.tech-arrow.com\/de\/contentaccess-mailapp-anmerkungen-zu-dieser-version\/\"]}]},{\"@type\":\"ImageObject\",\"inLanguage\":\"de\",\"@id\":\"https:\/\/www.tech-arrow.com\/de\/contentaccess-mailapp-anmerkungen-zu-dieser-version\/#primaryimage\",\"url\":\"https:\/\/www.tech-arrow.com\/wp-content\/uploads\/2020\/06\/NEU.png\",\"contentUrl\":\"https:\/\/www.tech-arrow.com\/wp-content\/uploads\/2020\/06\/NEU.png\"},{\"@type\":\"BreadcrumbList\",\"@id\":\"https:\/\/www.tech-arrow.com\/de\/contentaccess-mailapp-anmerkungen-zu-dieser-version\/#breadcrumb\",\"itemListElement\":[{\"@type\":\"ListItem\",\"position\":1,\"name\":\"Home\",\"item\":\"https:\/\/www.tech-arrow.com\/de\/\"},{\"@type\":\"ListItem\",\"position\":2,\"name\":\"contentACCESS MailApp vNext Anmerkungen zu dieser Version\"}]},{\"@type\":\"WebSite\",\"@id\":\"https:\/\/www.tech-arrow.com\/#website\",\"url\":\"https:\/\/www.tech-arrow.com\/\",\"name\":\"TECH-ARROW\",\"description\":\"\",\"publisher\":{\"@id\":\"https:\/\/www.tech-arrow.com\/#organization\"},\"potentialAction\":[{\"@type\":\"SearchAction\",\"target\":{\"@type\":\"EntryPoint\",\"urlTemplate\":\"https:\/\/www.tech-arrow.com\/?s={search_term_string}\"},\"query-input\":{\"@type\":\"PropertyValueSpecification\",\"valueRequired\":true,\"valueName\":\"search_term_string\"}}],\"inLanguage\":\"de\"},{\"@type\":\"Organization\",\"@id\":\"https:\/\/www.tech-arrow.com\/#organization\",\"name\":\"TECH-ARROW, GmbH.\",\"url\":\"https:\/\/www.tech-arrow.com\/\",\"logo\":{\"@type\":\"ImageObject\",\"inLanguage\":\"de\",\"@id\":\"https:\/\/www.tech-arrow.com\/#\/schema\/logo\/image\/\",\"url\":\"https:\/\/www.tech-arrow.com\/wp-content\/uploads\/2017\/04\/techarrow-logo-481x97.png\",\"contentUrl\":\"https:\/\/www.tech-arrow.com\/wp-content\/uploads\/2017\/04\/techarrow-logo-481x97.png\",\"width\":481,\"height\":97,\"caption\":\"TECH-ARROW, GmbH.\"},\"image\":{\"@id\":\"https:\/\/www.tech-arrow.com\/#\/schema\/logo\/image\/\"},\"sameAs\":[\"https:\/\/www.facebook.com\/thetecharrow\/?fref=ts\",\"https:\/\/www.linkedin.com\/company\/techarrow\",\"https:\/\/www.youtube.com\/user\/thetecharrow\"]}]}<\/script>\n<!-- \/ Yoast SEO plugin. -->","yoast_head_json":{"title":"contentACCESS MailApp vNext Anmerkungen zu dieser Version - TECH-ARROW","description":"Besuchen Sie unsere Seite f\u00fcr eine detaillierte Version der Versionshinweise. Die neuesten Informationen zu contentACCESS Mobile Version.","robots":{"index":"index","follow":"follow","max-snippet":"max-snippet:-1","max-image-preview":"max-image-preview:large","max-video-preview":"max-video-preview:-1"},"canonical":"https:\/\/www.tech-arrow.com\/de\/contentaccess-mailapp-anmerkungen-zu-dieser-version\/","og_locale":"de_DE","og_type":"article","og_title":"contentACCESS MailApp vNext Anmerkungen zu dieser Version - TECH-ARROW","og_description":"Besuchen Sie unsere Seite f\u00fcr eine detaillierte Version der Versionshinweise. Die neuesten Informationen zu contentACCESS Mobile Version.","og_url":"https:\/\/www.tech-arrow.com\/de\/contentaccess-mailapp-anmerkungen-zu-dieser-version\/","og_site_name":"TECH-ARROW","article_publisher":"https:\/\/www.facebook.com\/thetecharrow\/?fref=ts","article_modified_time":"2024-11-27T14:01:02+00:00","og_image":[{"url":"https:\/\/www.tech-arrow.com\/wp-content\/uploads\/2020\/06\/NEU.png","type":"","width":"","height":""}],"twitter_card":"summary_large_image","schema":{"@context":"https:\/\/schema.org","@graph":[{"@type":"WebPage","@id":"https:\/\/www.tech-arrow.com\/de\/contentaccess-mailapp-anmerkungen-zu-dieser-version\/","url":"https:\/\/www.tech-arrow.com\/de\/contentaccess-mailapp-anmerkungen-zu-dieser-version\/","name":"contentACCESS MailApp vNext Anmerkungen zu dieser Version - TECH-ARROW","isPartOf":{"@id":"https:\/\/www.tech-arrow.com\/#website"},"primaryImageOfPage":{"@id":"https:\/\/www.tech-arrow.com\/de\/contentaccess-mailapp-anmerkungen-zu-dieser-version\/#primaryimage"},"image":{"@id":"https:\/\/www.tech-arrow.com\/de\/contentaccess-mailapp-anmerkungen-zu-dieser-version\/#primaryimage"},"thumbnailUrl":"https:\/\/www.tech-arrow.com\/wp-content\/uploads\/2020\/06\/NEU.png","datePublished":"2023-01-30T08:54:25+00:00","dateModified":"2024-11-27T14:01:02+00:00","description":"Besuchen Sie unsere Seite f\u00fcr eine detaillierte Version der Versionshinweise. Die neuesten Informationen zu contentACCESS Mobile Version.","breadcrumb":{"@id":"https:\/\/www.tech-arrow.com\/de\/contentaccess-mailapp-anmerkungen-zu-dieser-version\/#breadcrumb"},"inLanguage":"de","potentialAction":[{"@type":"ReadAction","target":["https:\/\/www.tech-arrow.com\/de\/contentaccess-mailapp-anmerkungen-zu-dieser-version\/"]}]},{"@type":"ImageObject","inLanguage":"de","@id":"https:\/\/www.tech-arrow.com\/de\/contentaccess-mailapp-anmerkungen-zu-dieser-version\/#primaryimage","url":"https:\/\/www.tech-arrow.com\/wp-content\/uploads\/2020\/06\/NEU.png","contentUrl":"https:\/\/www.tech-arrow.com\/wp-content\/uploads\/2020\/06\/NEU.png"},{"@type":"BreadcrumbList","@id":"https:\/\/www.tech-arrow.com\/de\/contentaccess-mailapp-anmerkungen-zu-dieser-version\/#breadcrumb","itemListElement":[{"@type":"ListItem","position":1,"name":"Home","item":"https:\/\/www.tech-arrow.com\/de\/"},{"@type":"ListItem","position":2,"name":"contentACCESS MailApp vNext Anmerkungen zu dieser Version"}]},{"@type":"WebSite","@id":"https:\/\/www.tech-arrow.com\/#website","url":"https:\/\/www.tech-arrow.com\/","name":"TECH-ARROW","description":"","publisher":{"@id":"https:\/\/www.tech-arrow.com\/#organization"},"potentialAction":[{"@type":"SearchAction","target":{"@type":"EntryPoint","urlTemplate":"https:\/\/www.tech-arrow.com\/?s={search_term_string}"},"query-input":{"@type":"PropertyValueSpecification","valueRequired":true,"valueName":"search_term_string"}}],"inLanguage":"de"},{"@type":"Organization","@id":"https:\/\/www.tech-arrow.com\/#organization","name":"TECH-ARROW, GmbH.","url":"https:\/\/www.tech-arrow.com\/","logo":{"@type":"ImageObject","inLanguage":"de","@id":"https:\/\/www.tech-arrow.com\/#\/schema\/logo\/image\/","url":"https:\/\/www.tech-arrow.com\/wp-content\/uploads\/2017\/04\/techarrow-logo-481x97.png","contentUrl":"https:\/\/www.tech-arrow.com\/wp-content\/uploads\/2017\/04\/techarrow-logo-481x97.png","width":481,"height":97,"caption":"TECH-ARROW, GmbH."},"image":{"@id":"https:\/\/www.tech-arrow.com\/#\/schema\/logo\/image\/"},"sameAs":["https:\/\/www.facebook.com\/thetecharrow\/?fref=ts","https:\/\/www.linkedin.com\/company\/techarrow","https:\/\/www.youtube.com\/user\/thetecharrow"]}]}},"_links":{"self":[{"href":"https:\/\/www.tech-arrow.com\/de\/wp-json\/wp\/v2\/pages\/10733","targetHints":{"allow":["GET"]}}],"collection":[{"href":"https:\/\/www.tech-arrow.com\/de\/wp-json\/wp\/v2\/pages"}],"about":[{"href":"https:\/\/www.tech-arrow.com\/de\/wp-json\/wp\/v2\/types\/page"}],"author":[{"embeddable":true,"href":"https:\/\/www.tech-arrow.com\/de\/wp-json\/wp\/v2\/users\/4"}],"replies":[{"embeddable":true,"href":"https:\/\/www.tech-arrow.com\/de\/wp-json\/wp\/v2\/comments?post=10733"}],"version-history":[{"count":7,"href":"https:\/\/www.tech-arrow.com\/de\/wp-json\/wp\/v2\/pages\/10733\/revisions"}],"predecessor-version":[{"id":13402,"href":"https:\/\/www.tech-arrow.com\/de\/wp-json\/wp\/v2\/pages\/10733\/revisions\/13402"}],"wp:attachment":[{"href":"https:\/\/www.tech-arrow.com\/de\/wp-json\/wp\/v2\/media?parent=10733"}],"curies":[{"name":"wp","href":"https:\/\/api.w.org\/{rel}","templated":true}]}}