{"id":10746,"date":"2023-01-30T09:52:39","date_gmt":"2023-01-30T08:52:39","guid":{"rendered":"https:\/\/www.tech-arrow.com\/?page_id=10746"},"modified":"2024-11-27T15:00:29","modified_gmt":"2024-11-27T14:00:29","slug":"contentaccess-mailapp-version-5-4-details","status":"publish","type":"page","link":"https:\/\/www.tech-arrow.com\/de\/contentaccess-mailapp-version-5-4-details\/","title":{"rendered":"contentACCESS MailApp Version 5.4 details"},"content":{"rendered":"<p>Eine Liste aller Versionshinweise k\u00f6nnen Sie <a href=\"https:\/\/www.tech-arrow.com\/de\/contentaccess-mailapp-anmerkungen-zu-dieser-version\/\" rel=\"noopener noreferrer\">hier<\/a> finden.<br \/>\nDie folgende Liste bietet Ihnen eine \u00dcbersicht \u00fcber die neuesten Verbesserungen die Ihnen von contentACCESS MailApp 5.4 geboten werden:<br \/>\n<!-- --------------------------- GROUP START --------------------------- --><\/p>\n<div style=\"border: 1px solid #ddd; background-color: white; width: 94%; padding: 3%; margin-bottom: 20px;\">\n<h3 style=\"color: red; padding-top: 0px;\">Allgemein<\/h3>\n<p><!--more--><\/p>\n<p><strong>\u2713 Neuer Look und Feeling<\/strong><\/p>\n<p style=\"text-align: justify;\">Dynamik, Simplizit\u00e4t und Produktivit\u00e4t \u2026 das sind die Schl\u00fcsselfaktoren, die uns bei der Erstellung des neuen Designs antreiben. Das Ergebnis spricht f\u00fcr sich! Das neue Design erm\u00f6glicht es dem Benutzer, sich auf wichtige Daten und Funktionen zu konzentrieren.<\/p>\n<p><strong>\u2713 Pinnen Sie die App an<\/strong><\/p>\n<p style=\"text-align: justify;\">Die Pin-Funktion bedeutet, dass die MailApp immer ge\u00f6ffnet ist, wenn eine E-Mail f\u00fcr die Vorschau in Outlook ausgew\u00e4hlt wird. So haben Sie Ihre App immer griffbereit.<\/p>\n<p><img decoding=\"async\" class=\"size-medium wp-image-7969 aligncenter\" src=\"https:\/\/www.tech-arrow.com\/wp-content\/uploads\/2022\/09\/ca5-4-mailapp-pin01.png\" alt=\"MailApp pin function\" width=\"300\" \/><\/p>\n<p><strong>\u2713 Startbildschirm<\/strong><\/p>\n<p style=\"text-align: justify;\">Der Startbildschirm zeigt die Hauptfunktionen der App mit einer kurzen Beschreibung. Wenn Sie die neue MailApp zum ersten Mal verwenden, werden Sie sie h\u00f6chstwahrscheinlich zu sch\u00e4tzen wissen.<\/p>\n<p><img decoding=\"async\" class=\"size-medium wp-image-7969 aligncenter\" src=\"https:\/\/www.tech-arrow.com\/wp-content\/uploads\/2022\/09\/ca5-4-mailapp-home01.png\" alt=\"MailApp startup screen\" width=\"300\" \/><\/p>\n<p><strong>\u2713 Aktive E-Mail<\/strong><\/p>\n<p style=\"text-align: justify;\">Die aktive E-Mail-Seite bietet Zugriff auf Archivfunktionen f\u00fcr die E-Mail, die derzeit im Vorschaufenster von Outlook ge\u00f6ffnet ist. Diese Ansicht ist wie die alte MailApps-Startseite, aber funktionsreicher. Sie k\u00f6nnen die nicht archivierte E-Mail manuell archivieren oder die bereits archivierte wiederherstellen. Die aktive E-Mail-Ansicht l\u00e4dt automatisch die E-Mail-Vorschau aus dem Archiv. Wenn Sie Verkn\u00fcpfungen haben, sind der Originaltext und die Anh\u00e4nge hier direkt zug\u00e4nglich. Als Extra k\u00f6nnen Sie die E-Mail oder einen beliebigen Inhalt mit einem einzigen Klick teilen oder anh\u00e4ngen.<\/p>\n<p><img decoding=\"async\" class=\"size-medium wp-image-7969 aligncenter\" src=\"https:\/\/www.tech-arrow.com\/wp-content\/uploads\/2022\/09\/ca5-4-mailapp-active-email01.png\" alt=\"MailApp active email screen\" width=\"1920\" \/><\/p>\n<p><strong>\u2713 Erweiterte Suche<\/strong><\/p>\n<p style=\"text-align: justify;\">Das neue Sucherlebnis integriert alle Funktionen der contentACCESS-Suche. Sie haben jetzt Suchvorschl\u00e4ge, Trefferhervorhebung, Verlauf und erweiterte Filter zur Verf\u00fcgung.<\/p>\n<p><img decoding=\"async\" class=\"size-medium wp-image-7969 aligncenter\" src=\"https:\/\/www.tech-arrow.com\/wp-content\/uploads\/2022\/09\/ca5-4-mailapp-search01.png\" alt=\"MailApp advanced search features\" width=\"1920\" \/><\/p>\n<p><strong>\u2713 Durchsuchen von Daten<\/strong><\/p>\n<p style=\"text-align: justify;\">Die neue MailApp bietet Ihnen Zugriff auf alle verf\u00fcgbaren Entit\u00e4ten aus allen Modulen. Sie k\u00f6nnen die Ordner und die darin enthaltenen Elemente sehen, Sie k\u00f6nnen suchen oder alle relevanten Informationen anzeigen. Sie k\u00f6nnen auch Elemente wiederherstellen oder ein oder mehrere Elemente oder ihre Anh\u00e4nge freigeben.<\/p>\n<p><img decoding=\"async\" class=\"size-medium wp-image-7969 aligncenter\" src=\"https:\/\/www.tech-arrow.com\/wp-content\/uploads\/2022\/09\/ca5-4-mailapp-data-browsing01.png\" alt=\"MailApp data browsing\" width=\"1920\" \/><\/p>\n<p><strong>\u2713 Freigabefunktion<\/strong><\/p>\n<p style=\"text-align: justify;\">In contentACCESS 5.0 haben wir unsere Freigabefunktion auf Plattformebene eingef\u00fchrt. Diese Funktion ist jetzt auch in der MailApp verf\u00fcgbar. Mit nur 2 Klicks k\u00f6nnen Sie Daten direkt aus dem contentACCESS Archiv teilen. Sie k\u00f6nnen auch das Download-Audit f\u00fcr ein bereits freigegebenes Element anzeigen und die Freigabeeinstellungen \u00e4ndern.<br \/>\nDen Empf\u00e4nger zu contentACCESS einladen, die freigegebenen Dateien an die Empf\u00e4nger senden, die gemeinsame Datenaufbewahrung sicherstellen, die Downloads begrenzen und den Zugriff pr\u00fcfen \u2026 alles wird vom System verwaltet!<br \/>\nKlingt gut? Probieren Sie es aus!<\/p>\n<p><img decoding=\"async\" class=\"size-medium wp-image-7969 aligncenter\" src=\"https:\/\/www.tech-arrow.com\/wp-content\/uploads\/2022\/09\/ca5-4-mailapp-sharing01.png\" alt=\"MailApp sharing\" width=\"1920\" \/><\/p>\n<div style=\"border: 1px solid #dddddd; background-color: white; width: 94%; padding: 3%; margin-bottom: 20px;\">\n<h3 style=\"color: red; padding-top: 0px;\">Dokumentation<\/h3>\n<p>Bitte beachten Sie die aktualisierte Dokumentation und die aktualisierten Handb\u00fccher.<\/p>\n<p><a href=\"https:\/\/documentation.tech-arrow.com\/contentaccess-manuals\/\" target=\"_blank\" rel=\"noopener noreferrer\"><img loading=\"lazy\" decoding=\"async\" src=\"https:\/\/www.tech-arrow.com\/wp-content\/uploads\/2016\/02\/3.png\" alt=\"3\" width=\"20\" height=\"20\" \/>\u00a0contentACCESS user manual<\/a><\/p>\n<\/div>\n<\/div>\n","protected":false},"excerpt":{"rendered":"<p>Eine Liste aller Versionshinweise k\u00f6nnen Sie hier finden. Die folgende Liste bietet Ihnen eine \u00dcbersicht \u00fcber die neuesten Verbesserungen die Ihnen von contentACCESS MailApp 5.4 geboten werden: Allgemein<\/p>\n","protected":false},"author":4,"featured_media":0,"parent":0,"menu_order":0,"comment_status":"closed","ping_status":"closed","template":"","meta":{"_acf_changed":false,"inline_featured_image":false,"footnotes":""},"class_list":["post-10746","page","type-page","status-publish","hentry"],"acf":[],"yoast_head":"<!-- This site is optimized with the Yoast SEO plugin v27.0 - https:\/\/yoast.com\/product\/yoast-seo-wordpress\/ -->\n<title>contentACCESS MailApp Version 5.4 details - TECH-ARROW<\/title>\n<meta name=\"robots\" content=\"index, follow, max-snippet:-1, max-image-preview:large, max-video-preview:-1\" \/>\n<link rel=\"canonical\" href=\"https:\/\/www.tech-arrow.com\/de\/contentaccess-mailapp-version-5-4-details\/\" \/>\n<meta property=\"og:locale\" content=\"de_DE\" \/>\n<meta property=\"og:type\" content=\"article\" \/>\n<meta property=\"og:title\" content=\"contentACCESS MailApp Version 5.4 details - TECH-ARROW\" \/>\n<meta property=\"og:description\" content=\"Eine Liste aller Versionshinweise k\u00f6nnen Sie hier finden. Die folgende Liste bietet Ihnen eine \u00dcbersicht \u00fcber die neuesten Verbesserungen die Ihnen von contentACCESS MailApp 5.4 geboten werden: Allgemein\" \/>\n<meta property=\"og:url\" content=\"https:\/\/www.tech-arrow.com\/de\/contentaccess-mailapp-version-5-4-details\/\" \/>\n<meta property=\"og:site_name\" content=\"TECH-ARROW\" \/>\n<meta property=\"article:publisher\" content=\"https:\/\/www.facebook.com\/thetecharrow\/?fref=ts\" \/>\n<meta property=\"article:modified_time\" content=\"2024-11-27T14:00:29+00:00\" \/>\n<meta property=\"og:image\" content=\"https:\/\/www.tech-arrow.com\/wp-content\/uploads\/2022\/09\/ca5-4-mailapp-pin01.png\" \/>\n<meta name=\"twitter:card\" content=\"summary_large_image\" \/>\n<script type=\"application\/ld+json\" class=\"yoast-schema-graph\">{\"@context\":\"https:\/\/schema.org\",\"@graph\":[{\"@type\":\"WebPage\",\"@id\":\"https:\/\/www.tech-arrow.com\/de\/contentaccess-mailapp-version-5-4-details\/\",\"url\":\"https:\/\/www.tech-arrow.com\/de\/contentaccess-mailapp-version-5-4-details\/\",\"name\":\"contentACCESS MailApp Version 5.4 details - TECH-ARROW\",\"isPartOf\":{\"@id\":\"https:\/\/www.tech-arrow.com\/#website\"},\"primaryImageOfPage\":{\"@id\":\"https:\/\/www.tech-arrow.com\/de\/contentaccess-mailapp-version-5-4-details\/#primaryimage\"},\"image\":{\"@id\":\"https:\/\/www.tech-arrow.com\/de\/contentaccess-mailapp-version-5-4-details\/#primaryimage\"},\"thumbnailUrl\":\"https:\/\/www.tech-arrow.com\/wp-content\/uploads\/2022\/09\/ca5-4-mailapp-pin01.png\",\"datePublished\":\"2023-01-30T08:52:39+00:00\",\"dateModified\":\"2024-11-27T14:00:29+00:00\",\"breadcrumb\":{\"@id\":\"https:\/\/www.tech-arrow.com\/de\/contentaccess-mailapp-version-5-4-details\/#breadcrumb\"},\"inLanguage\":\"de\",\"potentialAction\":[{\"@type\":\"ReadAction\",\"target\":[\"https:\/\/www.tech-arrow.com\/de\/contentaccess-mailapp-version-5-4-details\/\"]}]},{\"@type\":\"ImageObject\",\"inLanguage\":\"de\",\"@id\":\"https:\/\/www.tech-arrow.com\/de\/contentaccess-mailapp-version-5-4-details\/#primaryimage\",\"url\":\"https:\/\/www.tech-arrow.com\/wp-content\/uploads\/2022\/09\/ca5-4-mailapp-pin01.png\",\"contentUrl\":\"https:\/\/www.tech-arrow.com\/wp-content\/uploads\/2022\/09\/ca5-4-mailapp-pin01.png\"},{\"@type\":\"BreadcrumbList\",\"@id\":\"https:\/\/www.tech-arrow.com\/de\/contentaccess-mailapp-version-5-4-details\/#breadcrumb\",\"itemListElement\":[{\"@type\":\"ListItem\",\"position\":1,\"name\":\"Home\",\"item\":\"https:\/\/www.tech-arrow.com\/de\/\"},{\"@type\":\"ListItem\",\"position\":2,\"name\":\"contentACCESS MailApp Version 5.4 details\"}]},{\"@type\":\"WebSite\",\"@id\":\"https:\/\/www.tech-arrow.com\/#website\",\"url\":\"https:\/\/www.tech-arrow.com\/\",\"name\":\"TECH-ARROW\",\"description\":\"\",\"publisher\":{\"@id\":\"https:\/\/www.tech-arrow.com\/#organization\"},\"potentialAction\":[{\"@type\":\"SearchAction\",\"target\":{\"@type\":\"EntryPoint\",\"urlTemplate\":\"https:\/\/www.tech-arrow.com\/?s={search_term_string}\"},\"query-input\":{\"@type\":\"PropertyValueSpecification\",\"valueRequired\":true,\"valueName\":\"search_term_string\"}}],\"inLanguage\":\"de\"},{\"@type\":\"Organization\",\"@id\":\"https:\/\/www.tech-arrow.com\/#organization\",\"name\":\"TECH-ARROW, GmbH.\",\"url\":\"https:\/\/www.tech-arrow.com\/\",\"logo\":{\"@type\":\"ImageObject\",\"inLanguage\":\"de\",\"@id\":\"https:\/\/www.tech-arrow.com\/#\/schema\/logo\/image\/\",\"url\":\"https:\/\/www.tech-arrow.com\/wp-content\/uploads\/2017\/04\/techarrow-logo-481x97.png\",\"contentUrl\":\"https:\/\/www.tech-arrow.com\/wp-content\/uploads\/2017\/04\/techarrow-logo-481x97.png\",\"width\":481,\"height\":97,\"caption\":\"TECH-ARROW, GmbH.\"},\"image\":{\"@id\":\"https:\/\/www.tech-arrow.com\/#\/schema\/logo\/image\/\"},\"sameAs\":[\"https:\/\/www.facebook.com\/thetecharrow\/?fref=ts\",\"https:\/\/www.linkedin.com\/company\/techarrow\",\"https:\/\/www.youtube.com\/user\/thetecharrow\"]}]}<\/script>\n<!-- \/ Yoast SEO plugin. -->","yoast_head_json":{"title":"contentACCESS MailApp Version 5.4 details - TECH-ARROW","robots":{"index":"index","follow":"follow","max-snippet":"max-snippet:-1","max-image-preview":"max-image-preview:large","max-video-preview":"max-video-preview:-1"},"canonical":"https:\/\/www.tech-arrow.com\/de\/contentaccess-mailapp-version-5-4-details\/","og_locale":"de_DE","og_type":"article","og_title":"contentACCESS MailApp Version 5.4 details - TECH-ARROW","og_description":"Eine Liste aller Versionshinweise k\u00f6nnen Sie hier finden. Die folgende Liste bietet Ihnen eine \u00dcbersicht \u00fcber die neuesten Verbesserungen die Ihnen von contentACCESS MailApp 5.4 geboten werden: Allgemein","og_url":"https:\/\/www.tech-arrow.com\/de\/contentaccess-mailapp-version-5-4-details\/","og_site_name":"TECH-ARROW","article_publisher":"https:\/\/www.facebook.com\/thetecharrow\/?fref=ts","article_modified_time":"2024-11-27T14:00:29+00:00","og_image":[{"url":"https:\/\/www.tech-arrow.com\/wp-content\/uploads\/2022\/09\/ca5-4-mailapp-pin01.png","type":"","width":"","height":""}],"twitter_card":"summary_large_image","schema":{"@context":"https:\/\/schema.org","@graph":[{"@type":"WebPage","@id":"https:\/\/www.tech-arrow.com\/de\/contentaccess-mailapp-version-5-4-details\/","url":"https:\/\/www.tech-arrow.com\/de\/contentaccess-mailapp-version-5-4-details\/","name":"contentACCESS MailApp Version 5.4 details - TECH-ARROW","isPartOf":{"@id":"https:\/\/www.tech-arrow.com\/#website"},"primaryImageOfPage":{"@id":"https:\/\/www.tech-arrow.com\/de\/contentaccess-mailapp-version-5-4-details\/#primaryimage"},"image":{"@id":"https:\/\/www.tech-arrow.com\/de\/contentaccess-mailapp-version-5-4-details\/#primaryimage"},"thumbnailUrl":"https:\/\/www.tech-arrow.com\/wp-content\/uploads\/2022\/09\/ca5-4-mailapp-pin01.png","datePublished":"2023-01-30T08:52:39+00:00","dateModified":"2024-11-27T14:00:29+00:00","breadcrumb":{"@id":"https:\/\/www.tech-arrow.com\/de\/contentaccess-mailapp-version-5-4-details\/#breadcrumb"},"inLanguage":"de","potentialAction":[{"@type":"ReadAction","target":["https:\/\/www.tech-arrow.com\/de\/contentaccess-mailapp-version-5-4-details\/"]}]},{"@type":"ImageObject","inLanguage":"de","@id":"https:\/\/www.tech-arrow.com\/de\/contentaccess-mailapp-version-5-4-details\/#primaryimage","url":"https:\/\/www.tech-arrow.com\/wp-content\/uploads\/2022\/09\/ca5-4-mailapp-pin01.png","contentUrl":"https:\/\/www.tech-arrow.com\/wp-content\/uploads\/2022\/09\/ca5-4-mailapp-pin01.png"},{"@type":"BreadcrumbList","@id":"https:\/\/www.tech-arrow.com\/de\/contentaccess-mailapp-version-5-4-details\/#breadcrumb","itemListElement":[{"@type":"ListItem","position":1,"name":"Home","item":"https:\/\/www.tech-arrow.com\/de\/"},{"@type":"ListItem","position":2,"name":"contentACCESS MailApp Version 5.4 details"}]},{"@type":"WebSite","@id":"https:\/\/www.tech-arrow.com\/#website","url":"https:\/\/www.tech-arrow.com\/","name":"TECH-ARROW","description":"","publisher":{"@id":"https:\/\/www.tech-arrow.com\/#organization"},"potentialAction":[{"@type":"SearchAction","target":{"@type":"EntryPoint","urlTemplate":"https:\/\/www.tech-arrow.com\/?s={search_term_string}"},"query-input":{"@type":"PropertyValueSpecification","valueRequired":true,"valueName":"search_term_string"}}],"inLanguage":"de"},{"@type":"Organization","@id":"https:\/\/www.tech-arrow.com\/#organization","name":"TECH-ARROW, GmbH.","url":"https:\/\/www.tech-arrow.com\/","logo":{"@type":"ImageObject","inLanguage":"de","@id":"https:\/\/www.tech-arrow.com\/#\/schema\/logo\/image\/","url":"https:\/\/www.tech-arrow.com\/wp-content\/uploads\/2017\/04\/techarrow-logo-481x97.png","contentUrl":"https:\/\/www.tech-arrow.com\/wp-content\/uploads\/2017\/04\/techarrow-logo-481x97.png","width":481,"height":97,"caption":"TECH-ARROW, GmbH."},"image":{"@id":"https:\/\/www.tech-arrow.com\/#\/schema\/logo\/image\/"},"sameAs":["https:\/\/www.facebook.com\/thetecharrow\/?fref=ts","https:\/\/www.linkedin.com\/company\/techarrow","https:\/\/www.youtube.com\/user\/thetecharrow"]}]}},"_links":{"self":[{"href":"https:\/\/www.tech-arrow.com\/de\/wp-json\/wp\/v2\/pages\/10746","targetHints":{"allow":["GET"]}}],"collection":[{"href":"https:\/\/www.tech-arrow.com\/de\/wp-json\/wp\/v2\/pages"}],"about":[{"href":"https:\/\/www.tech-arrow.com\/de\/wp-json\/wp\/v2\/types\/page"}],"author":[{"embeddable":true,"href":"https:\/\/www.tech-arrow.com\/de\/wp-json\/wp\/v2\/users\/4"}],"replies":[{"embeddable":true,"href":"https:\/\/www.tech-arrow.com\/de\/wp-json\/wp\/v2\/comments?post=10746"}],"version-history":[{"count":7,"href":"https:\/\/www.tech-arrow.com\/de\/wp-json\/wp\/v2\/pages\/10746\/revisions"}],"predecessor-version":[{"id":13397,"href":"https:\/\/www.tech-arrow.com\/de\/wp-json\/wp\/v2\/pages\/10746\/revisions\/13397"}],"wp:attachment":[{"href":"https:\/\/www.tech-arrow.com\/de\/wp-json\/wp\/v2\/media?parent=10746"}],"curies":[{"name":"wp","href":"https:\/\/api.w.org\/{rel}","templated":true}]}}