{"id":10772,"date":"2023-01-30T11:52:17","date_gmt":"2023-01-30T10:52:17","guid":{"rendered":"https:\/\/www.tech-arrow.com\/?page_id=10772"},"modified":"2024-11-27T15:00:38","modified_gmt":"2024-11-27T14:00:38","slug":"contentaccess-mailapp-version-6-0-details","status":"publish","type":"page","link":"https:\/\/www.tech-arrow.com\/de\/contentaccess-mailapp-version-6-0-details\/","title":{"rendered":"contentACCESS MailApp Version 6.0 details"},"content":{"rendered":"<p>Eine Liste aller Versionshinweise k\u00f6nnen Sie <a href=\"https:\/\/www.tech-arrow.com\/de\/contentaccess-mailapp-anmerkungen-zu-dieser-version\/\" rel=\"noopener noreferrer\">hier<\/a> finden.<br \/>\nDie folgende Liste bietet Ihnen eine \u00dcbersicht \u00fcber die neuesten Verbesserungen die Ihnen von contentACCESS MailApp 6.0 geboten werden:<br \/>\n<!-- --------------------------- GROUP START --------------------------- --><\/p>\n<div style=\"border: 1px solid #ddd; background-color: white; width: 94%; padding: 3%; margin-bottom: 20px;\">\n<h3 style=\"color: red; padding-top: 0px;\">Allgemein<\/h3>\n<p><!--more--><\/p>\n<p><strong>\u2713 Popup-Fenster des Empf\u00e4ngers<\/strong><\/p>\n<p style=\"text-align: justify;\">Standardm\u00e4\u00dfig zeigt MailApp den Vornamen jedes Empf\u00e4ngers an, um Ihnen so viele Informationen wie m\u00f6glich in kompakter Form zur Verf\u00fcgung zu stellen. Wenn Sie nun auf die Empf\u00e4ngerliste klicken, zeigt ein Popup die vollst\u00e4ndigen Benutzerinformationen mit einigen Funktionen wie \u201eE-Mail an den Empf\u00e4nger senden\u201c oder \u201eName und E-Mail-Adresse des Empf\u00e4ngers kopieren\u201c.<\/p>\n<p><img decoding=\"async\" class=\"size-medium wp-image-7969 aligncenter\" src=\"https:\/\/www.tech-arrow.com\/wp-content\/uploads\/2022\/12\/ca6-0-mailapp-recipient-view01.png\" alt=\"Recipient view in MailApp\" width=\"300\" \/><\/p>\n<p><strong>\u2713 Safari-Unterst\u00fctzung<\/strong><\/p>\n<p style=\"text-align: justify;\">Wir haben gute Nachrichten f\u00fcr Mac-Benutzer! MailApp l\u00e4uft bereits im Safari-Browser und in Outlook f\u00fcr Mac. Wir arbeiten weiterhin hart daran, Mac-Benutzern die gleiche Benutzerfreundlichkeit wie Windows-Benutzern zu bieten. Sie k\u00f6nnen einige Verbesserungen in den kommenden Versionen erwarten. Behalten Sie sie im Auge!<\/p>\n<p><strong>\u2713 Schneller Zugang zu Aktien<\/strong><\/p>\n<p style=\"text-align: justify;\">Die gemeinsame Nutzung ist eine sehr leistungsf\u00e4hige Funktion in contentACCESS. Wir versuchen, Ihnen diese Funktion so nahe wie m\u00f6glich zu bringen. Als Verbesserung haben wir der Startseite 2 neue Verkn\u00fcpfungen hinzugef\u00fcgt, die es Ihnen erm\u00f6glichen, direkt zu Dateien zu navigieren, die von Ihnen freigegeben wurden oder zu Dateien, die Sie mit jemandem geteilt haben. Dies kann Ihnen mindestens 3-4 zus\u00e4tzliche Klicks ersparen.<\/p>\n<p><img decoding=\"async\" class=\"size-medium wp-image-7969 aligncenter\" src=\"https:\/\/www.tech-arrow.com\/wp-content\/uploads\/2022\/12\/ca6-0-mailapp-sharing-quick-access01.png\" alt=\"Quick access to sharing in MailApp\" width=\"300\" \/><\/p>\n<p><strong>\u2713 Nicht zug\u00e4ngliche Funktionen ausblenden<\/strong><\/p>\n<p style=\"text-align: justify;\">Die fr\u00fchere Version von MailApp war nur f\u00fcr Benutzer von E-Mail-Archiven gedacht. Die neue vNext-Version unterst\u00fctzt alle anderen Archive in contentACCESS, so dass sie f\u00fcr Benutzer, die nur Teams Archive verwenden, sehr n\u00fctzlich sein kann. In solchen F\u00e4llen wird die Schaltfl\u00e4che Aktive E-Mail auf dem Startbildschirm und im Hauptmen\u00fc ausgeblendet. Das Gleiche gilt f\u00fcr die Freigabe.<\/p>\n<p><img decoding=\"async\" class=\"size-medium wp-image-7969 aligncenter\" src=\"https:\/\/www.tech-arrow.com\/wp-content\/uploads\/2022\/12\/ca6-0-mailapp-not-accessible-features01-1.png\" alt=\"Hiding not accessible features in MailApp\" width=\"300\" \/><\/p>\n<p><strong>\u2713 Leistungs- und Stabilit\u00e4tsverbesserungen<\/strong><\/p>\n<p style=\"text-align: justify;\">Es wurden Verbesserungen vorgenommen, um das System schneller und stabiler zu machen, so dass Ihr contentACCESS Erlebnis jetzt noch besser ist als zuvor.<\/p>\n<\/div>\n<p><!-- --------------------------- GROUP END --------------------------- --><\/p>\n<p><!-- --------------------------- GROUP END --------------------------- --><\/p>\n<div style=\"border: 1px solid #dddddd; background-color: white; width: 94%; padding: 3%; margin-bottom: 20px;\">\n<h3 style=\"color: red; padding-top: 0px;\">Dokumentation<\/h3>\n<p>Bitte beachten Sie die aktualisierte Dokumentation und die aktualisierten Handb\u00fccher.<\/p>\n<p><a href=\"https:\/\/documentation.tech-arrow.com\/contentaccess-manuals\/\" target=\"_blank\" rel=\"noopener noreferrer\"><img loading=\"lazy\" decoding=\"async\" src=\"https:\/\/www.tech-arrow.com\/wp-content\/uploads\/2016\/02\/3.png\" alt=\"3\" width=\"20\" height=\"20\" \/>\u00a0contentACCESS user manual<\/a><\/p>\n<\/div>\n","protected":false},"excerpt":{"rendered":"<p>Eine Liste aller Versionshinweise k\u00f6nnen Sie hier finden. Die folgende Liste bietet Ihnen eine \u00dcbersicht \u00fcber die neuesten Verbesserungen die Ihnen von contentACCESS MailApp 6.0 geboten werden: Allgemein<\/p>\n","protected":false},"author":4,"featured_media":0,"parent":0,"menu_order":0,"comment_status":"closed","ping_status":"closed","template":"","meta":{"_acf_changed":false,"inline_featured_image":false,"footnotes":""},"class_list":["post-10772","page","type-page","status-publish","hentry"],"acf":[],"yoast_head":"<!-- This site is optimized with the Yoast SEO plugin v27.0 - https:\/\/yoast.com\/product\/yoast-seo-wordpress\/ -->\n<title>contentACCESS MailApp Version 6.0 details - TECH-ARROW<\/title>\n<meta name=\"robots\" content=\"index, follow, max-snippet:-1, max-image-preview:large, max-video-preview:-1\" \/>\n<link rel=\"canonical\" href=\"https:\/\/www.tech-arrow.com\/de\/contentaccess-mailapp-version-6-0-details\/\" \/>\n<meta property=\"og:locale\" content=\"de_DE\" \/>\n<meta property=\"og:type\" content=\"article\" \/>\n<meta property=\"og:title\" content=\"contentACCESS MailApp Version 6.0 details - TECH-ARROW\" \/>\n<meta property=\"og:description\" content=\"Eine Liste aller Versionshinweise k\u00f6nnen Sie hier finden. Die folgende Liste bietet Ihnen eine \u00dcbersicht \u00fcber die neuesten Verbesserungen die Ihnen von contentACCESS MailApp 6.0 geboten werden: Allgemein\" \/>\n<meta property=\"og:url\" content=\"https:\/\/www.tech-arrow.com\/de\/contentaccess-mailapp-version-6-0-details\/\" \/>\n<meta property=\"og:site_name\" content=\"TECH-ARROW\" \/>\n<meta property=\"article:publisher\" content=\"https:\/\/www.facebook.com\/thetecharrow\/?fref=ts\" \/>\n<meta property=\"article:modified_time\" content=\"2024-11-27T14:00:38+00:00\" \/>\n<meta property=\"og:image\" content=\"https:\/\/www.tech-arrow.com\/wp-content\/uploads\/2022\/12\/ca6-0-mailapp-recipient-view01.png\" \/>\n<meta name=\"twitter:card\" content=\"summary_large_image\" \/>\n<script type=\"application\/ld+json\" class=\"yoast-schema-graph\">{\"@context\":\"https:\/\/schema.org\",\"@graph\":[{\"@type\":\"WebPage\",\"@id\":\"https:\/\/www.tech-arrow.com\/de\/contentaccess-mailapp-version-6-0-details\/\",\"url\":\"https:\/\/www.tech-arrow.com\/de\/contentaccess-mailapp-version-6-0-details\/\",\"name\":\"contentACCESS MailApp Version 6.0 details - TECH-ARROW\",\"isPartOf\":{\"@id\":\"https:\/\/www.tech-arrow.com\/#website\"},\"primaryImageOfPage\":{\"@id\":\"https:\/\/www.tech-arrow.com\/de\/contentaccess-mailapp-version-6-0-details\/#primaryimage\"},\"image\":{\"@id\":\"https:\/\/www.tech-arrow.com\/de\/contentaccess-mailapp-version-6-0-details\/#primaryimage\"},\"thumbnailUrl\":\"https:\/\/www.tech-arrow.com\/wp-content\/uploads\/2022\/12\/ca6-0-mailapp-recipient-view01.png\",\"datePublished\":\"2023-01-30T10:52:17+00:00\",\"dateModified\":\"2024-11-27T14:00:38+00:00\",\"breadcrumb\":{\"@id\":\"https:\/\/www.tech-arrow.com\/de\/contentaccess-mailapp-version-6-0-details\/#breadcrumb\"},\"inLanguage\":\"de\",\"potentialAction\":[{\"@type\":\"ReadAction\",\"target\":[\"https:\/\/www.tech-arrow.com\/de\/contentaccess-mailapp-version-6-0-details\/\"]}]},{\"@type\":\"ImageObject\",\"inLanguage\":\"de\",\"@id\":\"https:\/\/www.tech-arrow.com\/de\/contentaccess-mailapp-version-6-0-details\/#primaryimage\",\"url\":\"https:\/\/www.tech-arrow.com\/wp-content\/uploads\/2022\/12\/ca6-0-mailapp-recipient-view01.png\",\"contentUrl\":\"https:\/\/www.tech-arrow.com\/wp-content\/uploads\/2022\/12\/ca6-0-mailapp-recipient-view01.png\"},{\"@type\":\"BreadcrumbList\",\"@id\":\"https:\/\/www.tech-arrow.com\/de\/contentaccess-mailapp-version-6-0-details\/#breadcrumb\",\"itemListElement\":[{\"@type\":\"ListItem\",\"position\":1,\"name\":\"Home\",\"item\":\"https:\/\/www.tech-arrow.com\/de\/\"},{\"@type\":\"ListItem\",\"position\":2,\"name\":\"contentACCESS MailApp Version 6.0 details\"}]},{\"@type\":\"WebSite\",\"@id\":\"https:\/\/www.tech-arrow.com\/#website\",\"url\":\"https:\/\/www.tech-arrow.com\/\",\"name\":\"TECH-ARROW\",\"description\":\"\",\"publisher\":{\"@id\":\"https:\/\/www.tech-arrow.com\/#organization\"},\"potentialAction\":[{\"@type\":\"SearchAction\",\"target\":{\"@type\":\"EntryPoint\",\"urlTemplate\":\"https:\/\/www.tech-arrow.com\/?s={search_term_string}\"},\"query-input\":{\"@type\":\"PropertyValueSpecification\",\"valueRequired\":true,\"valueName\":\"search_term_string\"}}],\"inLanguage\":\"de\"},{\"@type\":\"Organization\",\"@id\":\"https:\/\/www.tech-arrow.com\/#organization\",\"name\":\"TECH-ARROW, GmbH.\",\"url\":\"https:\/\/www.tech-arrow.com\/\",\"logo\":{\"@type\":\"ImageObject\",\"inLanguage\":\"de\",\"@id\":\"https:\/\/www.tech-arrow.com\/#\/schema\/logo\/image\/\",\"url\":\"https:\/\/www.tech-arrow.com\/wp-content\/uploads\/2017\/04\/techarrow-logo-481x97.png\",\"contentUrl\":\"https:\/\/www.tech-arrow.com\/wp-content\/uploads\/2017\/04\/techarrow-logo-481x97.png\",\"width\":481,\"height\":97,\"caption\":\"TECH-ARROW, GmbH.\"},\"image\":{\"@id\":\"https:\/\/www.tech-arrow.com\/#\/schema\/logo\/image\/\"},\"sameAs\":[\"https:\/\/www.facebook.com\/thetecharrow\/?fref=ts\",\"https:\/\/www.linkedin.com\/company\/techarrow\",\"https:\/\/www.youtube.com\/user\/thetecharrow\"]}]}<\/script>\n<!-- \/ Yoast SEO plugin. -->","yoast_head_json":{"title":"contentACCESS MailApp Version 6.0 details - TECH-ARROW","robots":{"index":"index","follow":"follow","max-snippet":"max-snippet:-1","max-image-preview":"max-image-preview:large","max-video-preview":"max-video-preview:-1"},"canonical":"https:\/\/www.tech-arrow.com\/de\/contentaccess-mailapp-version-6-0-details\/","og_locale":"de_DE","og_type":"article","og_title":"contentACCESS MailApp Version 6.0 details - TECH-ARROW","og_description":"Eine Liste aller Versionshinweise k\u00f6nnen Sie hier finden. Die folgende Liste bietet Ihnen eine \u00dcbersicht \u00fcber die neuesten Verbesserungen die Ihnen von contentACCESS MailApp 6.0 geboten werden: Allgemein","og_url":"https:\/\/www.tech-arrow.com\/de\/contentaccess-mailapp-version-6-0-details\/","og_site_name":"TECH-ARROW","article_publisher":"https:\/\/www.facebook.com\/thetecharrow\/?fref=ts","article_modified_time":"2024-11-27T14:00:38+00:00","og_image":[{"url":"https:\/\/www.tech-arrow.com\/wp-content\/uploads\/2022\/12\/ca6-0-mailapp-recipient-view01.png","type":"","width":"","height":""}],"twitter_card":"summary_large_image","schema":{"@context":"https:\/\/schema.org","@graph":[{"@type":"WebPage","@id":"https:\/\/www.tech-arrow.com\/de\/contentaccess-mailapp-version-6-0-details\/","url":"https:\/\/www.tech-arrow.com\/de\/contentaccess-mailapp-version-6-0-details\/","name":"contentACCESS MailApp Version 6.0 details - TECH-ARROW","isPartOf":{"@id":"https:\/\/www.tech-arrow.com\/#website"},"primaryImageOfPage":{"@id":"https:\/\/www.tech-arrow.com\/de\/contentaccess-mailapp-version-6-0-details\/#primaryimage"},"image":{"@id":"https:\/\/www.tech-arrow.com\/de\/contentaccess-mailapp-version-6-0-details\/#primaryimage"},"thumbnailUrl":"https:\/\/www.tech-arrow.com\/wp-content\/uploads\/2022\/12\/ca6-0-mailapp-recipient-view01.png","datePublished":"2023-01-30T10:52:17+00:00","dateModified":"2024-11-27T14:00:38+00:00","breadcrumb":{"@id":"https:\/\/www.tech-arrow.com\/de\/contentaccess-mailapp-version-6-0-details\/#breadcrumb"},"inLanguage":"de","potentialAction":[{"@type":"ReadAction","target":["https:\/\/www.tech-arrow.com\/de\/contentaccess-mailapp-version-6-0-details\/"]}]},{"@type":"ImageObject","inLanguage":"de","@id":"https:\/\/www.tech-arrow.com\/de\/contentaccess-mailapp-version-6-0-details\/#primaryimage","url":"https:\/\/www.tech-arrow.com\/wp-content\/uploads\/2022\/12\/ca6-0-mailapp-recipient-view01.png","contentUrl":"https:\/\/www.tech-arrow.com\/wp-content\/uploads\/2022\/12\/ca6-0-mailapp-recipient-view01.png"},{"@type":"BreadcrumbList","@id":"https:\/\/www.tech-arrow.com\/de\/contentaccess-mailapp-version-6-0-details\/#breadcrumb","itemListElement":[{"@type":"ListItem","position":1,"name":"Home","item":"https:\/\/www.tech-arrow.com\/de\/"},{"@type":"ListItem","position":2,"name":"contentACCESS MailApp Version 6.0 details"}]},{"@type":"WebSite","@id":"https:\/\/www.tech-arrow.com\/#website","url":"https:\/\/www.tech-arrow.com\/","name":"TECH-ARROW","description":"","publisher":{"@id":"https:\/\/www.tech-arrow.com\/#organization"},"potentialAction":[{"@type":"SearchAction","target":{"@type":"EntryPoint","urlTemplate":"https:\/\/www.tech-arrow.com\/?s={search_term_string}"},"query-input":{"@type":"PropertyValueSpecification","valueRequired":true,"valueName":"search_term_string"}}],"inLanguage":"de"},{"@type":"Organization","@id":"https:\/\/www.tech-arrow.com\/#organization","name":"TECH-ARROW, GmbH.","url":"https:\/\/www.tech-arrow.com\/","logo":{"@type":"ImageObject","inLanguage":"de","@id":"https:\/\/www.tech-arrow.com\/#\/schema\/logo\/image\/","url":"https:\/\/www.tech-arrow.com\/wp-content\/uploads\/2017\/04\/techarrow-logo-481x97.png","contentUrl":"https:\/\/www.tech-arrow.com\/wp-content\/uploads\/2017\/04\/techarrow-logo-481x97.png","width":481,"height":97,"caption":"TECH-ARROW, GmbH."},"image":{"@id":"https:\/\/www.tech-arrow.com\/#\/schema\/logo\/image\/"},"sameAs":["https:\/\/www.facebook.com\/thetecharrow\/?fref=ts","https:\/\/www.linkedin.com\/company\/techarrow","https:\/\/www.youtube.com\/user\/thetecharrow"]}]}},"_links":{"self":[{"href":"https:\/\/www.tech-arrow.com\/de\/wp-json\/wp\/v2\/pages\/10772","targetHints":{"allow":["GET"]}}],"collection":[{"href":"https:\/\/www.tech-arrow.com\/de\/wp-json\/wp\/v2\/pages"}],"about":[{"href":"https:\/\/www.tech-arrow.com\/de\/wp-json\/wp\/v2\/types\/page"}],"author":[{"embeddable":true,"href":"https:\/\/www.tech-arrow.com\/de\/wp-json\/wp\/v2\/users\/4"}],"replies":[{"embeddable":true,"href":"https:\/\/www.tech-arrow.com\/de\/wp-json\/wp\/v2\/comments?post=10772"}],"version-history":[{"count":4,"href":"https:\/\/www.tech-arrow.com\/de\/wp-json\/wp\/v2\/pages\/10772\/revisions"}],"predecessor-version":[{"id":13398,"href":"https:\/\/www.tech-arrow.com\/de\/wp-json\/wp\/v2\/pages\/10772\/revisions\/13398"}],"wp:attachment":[{"href":"https:\/\/www.tech-arrow.com\/de\/wp-json\/wp\/v2\/media?parent=10772"}],"curies":[{"name":"wp","href":"https:\/\/api.w.org\/{rel}","templated":true}]}}