{"id":10924,"date":"2023-04-11T12:49:41","date_gmt":"2023-04-11T10:49:41","guid":{"rendered":"https:\/\/www.tech-arrow.com\/?page_id=10924"},"modified":"2024-11-27T15:02:08","modified_gmt":"2024-11-27T14:02:08","slug":"contentaccess-mobile-version-6-1-details","status":"publish","type":"page","link":"https:\/\/www.tech-arrow.com\/de\/contentaccess-mobile-version-6-1-details\/","title":{"rendered":"contentACCESS Mobile version 6.1 \u2013 details"},"content":{"rendered":"<p>Eine Liste aller Versionshinweise k\u00f6nnen Sie <a href=\"https:\/\/www.tech-arrow.com\/de\/contentaccess-mobile-anmerkungen-zu-dieser-version\/\" rel=\"noopener noreferrer\">hier<\/a> finden.<br \/>\nDie folgende Liste bietet Ihnen eine \u00dcbersicht \u00fcber die neuesten Verbesserungen die Ihnen von contentACCESS Mobile 6.1 geboten werden:<br \/>\n<!-- --------------------------- GROUP START --------------------------- --><\/p>\n<div style=\"border: 1px solid #ddd; background-color: white; width: 94%; padding: 3%; margin-bottom: 20px;\">\n<h3 style=\"color: red; padding-top: 0px;\">E-Mail-Archiv<\/h3>\n<p><!--more--><br \/>\n<strong>\u2713 Neue E-Mail-Vorschau<\/strong><\/p>\n<p style=\"text-align: justify;\">In fr\u00fcheren Versionen hatten wir eine allgemeine Ansicht f\u00fcr alle Archivobjekte. Diese Ansicht war nicht optimal f\u00fcr E-Mails. In MailApp vNext haben wir eine optimierte Ansicht f\u00fcr E-Mails eingef\u00fchrt, die von Benutzern gut aufgenommen wurde. Jetzt ist dieselbe Vorschau auch in contentACCESS Mobile verf\u00fcgbar. Probieren Sie es einfach aus!<\/p>\n<p><img decoding=\"async\" class=\"size-medium wp-image-7969 aligncenter\" src=\"https:\/\/www.tech-arrow.com\/wp-content\/uploads\/2023\/03\/camobile-6-1-email-preview01.png\" alt=\"E-Mail-Vorschau\" width=\"300\" \/><\/p>\n<\/div>\n<p><!-- --------------------------- GROUP END --------------------------- --><br \/>\n<!-- --------------------------- GROUP START --------------------------- --><\/p>\n<div style=\"border: 1px solid #ddd; background-color: white; width: 94%; padding: 3%; margin-bottom: 20px;\">\n<h3 style=\"color: red; padding-top: 0px;\">Sharing<\/h3>\n<p><!--more--><br \/>\n<strong>\u2713 Ansicht f\u00fcr freigegebene Elemente<\/strong><\/p>\n<p style=\"text-align: justify;\">Fr\u00fcher gab es bei der Anzeige von freigegebenen Elementen nur eine grobe \u00dcbersicht der Freigabe-Details. Nun haben wir das ge\u00e4ndert und eine neue Ansicht implementiert, die alle Details auf einen Blick zeigt. In dieser Ansicht k\u00f6nnen Sie die Details ansehen, Downloads durchf\u00fchren und auch Einstellungen \u00e4ndern. Das Verwalten Ihrer Freigaben war noch nie so einfach!<\/p>\n<p><img decoding=\"async\" class=\"size-medium wp-image-7969 aligncenter\" src=\"https:\/\/www.tech-arrow.com\/wp-content\/uploads\/2023\/03\/camobile-6-1-sharing-preview01.png\" alt=\"Freigabe-Vorschau\" width=\"300\" \/><\/p>\n<\/div>\n<p><!-- --------------------------- GROUP END --------------------------- --><br \/>\n<!-- --------------------------- GROUP START --------------------------- --><\/p>\n<div style=\"border: 1px solid #ddd; background-color: white; width: 94%; padding: 3%; margin-bottom: 20px;\">\n<h3 style=\"color: red; padding-top: 0px;\">Allgemein<\/h3>\n<p><!--more--><br \/>\n<strong>\u2713 MDM Support<\/strong><\/p>\n<p style=\"text-align: justify;\">contentACCESS Mobile ist eine gro\u00dfartige und praktische Anwendung f\u00fcr Benutzer, die oft unterwegs sind. Die Bereitstellung der App f\u00fcr Unternehmensanforderungen war jedoch bisher schwierig. Bis jetzt! In dieser Version haben wir eine generische Mobile Device Management-Unterst\u00fctzung implementiert. Sie k\u00f6nnen die App jetzt \u00fcber Intune, Mobile Iron und viele andere MDM-Systeme bereitstellen und konfigurieren.<\/p>\n<p><img decoding=\"async\" class=\"size-medium wp-image-7969 aligncenter\" src=\"https:\/\/www.tech-arrow.com\/wp-content\/uploads\/2023\/03\/camobile-6-1-intune01.png\" alt=\"Intune settings\" width=\"1920\" \/><\/p>\n<p><strong>\u2713 Neugestaltung der Einstellungsseite<\/strong><\/p>\n<p style=\"text-align: justify;\">Die Einstellungsseite wurde sehr lange Zeit nicht aktualisiert, obwohl die gesamte Anwendung neugestaltet wurde. Endlich haben wir uns auch diesem Ansichtsbereich gewidmet. ContentACCESS Mobile verf\u00fcgt jetzt \u00fcber eine brandneue Einstellungsseite, die \u00fcbersichtlicher und benutzerfreundlicher ist.<\/p>\n<p><img decoding=\"async\" class=\"size-medium wp-image-7969 aligncenter\" src=\"https:\/\/www.tech-arrow.com\/wp-content\/uploads\/2023\/03\/camobile-6-1-setting01.png\" alt=\"Einstellungen Ansicht\" width=\"300\" \/><\/p>\n<p><strong>\u2713 Leistungs- und Stabilit\u00e4tsverbesserungen<\/strong><\/p>\n<p style=\"text-align: justify;\">Es wurden Verbesserungen vorgenommen, um das System schneller und stabiler zu machen, so dass Ihr contentACCESS Mobile-Erlebnis jetzt noch besser ist als zuvor.<\/p>\n<\/div>\n<p><!-- --------------------------- GROUP END --------------------------- --><\/p>\n<div style=\"border: 1px solid #dddddd; background-color: white; width: 94%; padding: 3%; margin-bottom: 20px;\">\n<h3 style=\"color: red; padding-top: 0px;\">Dokumentation<\/h3>\n<p style=\"text-align: left;\"><strong>\u2713 Dokumentation<\/strong> &#8211; Bitte beachten Sie die aktualisierte Dokumentation und die aktualisierten Handb\u00fccher.<\/p>\n<p><a href=\"https:\/\/documentation.tech-arrow.com\/contentaccess-manuals\/\" target=\"_blank\" rel=\"noopener noreferrer\"><img loading=\"lazy\" decoding=\"async\" src=\"https:\/\/www.tech-arrow.com\/wp-content\/uploads\/2016\/02\/3.png\" alt=\"3\" width=\"20\" height=\"20\" \/>\u00a0Benutzerhandb\u00fccher f\u00fcr contentACCESS und Client-Apps.<\/a><\/p>\n<\/div>\n","protected":false},"excerpt":{"rendered":"<p>Eine Liste aller Versionshinweise k\u00f6nnen Sie hier finden. Die folgende Liste bietet Ihnen eine \u00dcbersicht \u00fcber die neuesten Verbesserungen die Ihnen von contentACCESS Mobile 6.1 geboten werden: E-Mail-Archiv<\/p>\n","protected":false},"author":4,"featured_media":0,"parent":0,"menu_order":0,"comment_status":"closed","ping_status":"closed","template":"","meta":{"_acf_changed":false,"inline_featured_image":false,"footnotes":""},"class_list":["post-10924","page","type-page","status-publish","hentry"],"acf":[],"yoast_head":"<!-- This site is optimized with the Yoast SEO plugin v27.0 - https:\/\/yoast.com\/product\/yoast-seo-wordpress\/ -->\n<title>contentACCESS Mobile version 6.1 \u2013 details - TECH-ARROW<\/title>\n<meta name=\"robots\" content=\"index, follow, max-snippet:-1, max-image-preview:large, max-video-preview:-1\" \/>\n<link rel=\"canonical\" href=\"https:\/\/www.tech-arrow.com\/de\/contentaccess-mobile-version-6-1-details\/\" \/>\n<meta property=\"og:locale\" content=\"de_DE\" \/>\n<meta property=\"og:type\" content=\"article\" \/>\n<meta property=\"og:title\" content=\"contentACCESS Mobile version 6.1 \u2013 details - TECH-ARROW\" \/>\n<meta property=\"og:description\" content=\"Eine Liste aller Versionshinweise k\u00f6nnen Sie hier finden. Die folgende Liste bietet Ihnen eine \u00dcbersicht \u00fcber die neuesten Verbesserungen die Ihnen von contentACCESS Mobile 6.1 geboten werden: E-Mail-Archiv\" \/>\n<meta property=\"og:url\" content=\"https:\/\/www.tech-arrow.com\/de\/contentaccess-mobile-version-6-1-details\/\" \/>\n<meta property=\"og:site_name\" content=\"TECH-ARROW\" \/>\n<meta property=\"article:publisher\" content=\"https:\/\/www.facebook.com\/thetecharrow\/?fref=ts\" \/>\n<meta property=\"article:modified_time\" content=\"2024-11-27T14:02:08+00:00\" \/>\n<meta property=\"og:image\" content=\"https:\/\/www.tech-arrow.com\/wp-content\/uploads\/2023\/03\/camobile-6-1-email-preview01.png\" \/>\n<meta name=\"twitter:card\" content=\"summary_large_image\" \/>\n<script type=\"application\/ld+json\" class=\"yoast-schema-graph\">{\"@context\":\"https:\/\/schema.org\",\"@graph\":[{\"@type\":\"WebPage\",\"@id\":\"https:\/\/www.tech-arrow.com\/de\/contentaccess-mobile-version-6-1-details\/\",\"url\":\"https:\/\/www.tech-arrow.com\/de\/contentaccess-mobile-version-6-1-details\/\",\"name\":\"contentACCESS Mobile version 6.1 \u2013 details - TECH-ARROW\",\"isPartOf\":{\"@id\":\"https:\/\/www.tech-arrow.com\/#website\"},\"primaryImageOfPage\":{\"@id\":\"https:\/\/www.tech-arrow.com\/de\/contentaccess-mobile-version-6-1-details\/#primaryimage\"},\"image\":{\"@id\":\"https:\/\/www.tech-arrow.com\/de\/contentaccess-mobile-version-6-1-details\/#primaryimage\"},\"thumbnailUrl\":\"https:\/\/www.tech-arrow.com\/wp-content\/uploads\/2023\/03\/camobile-6-1-email-preview01.png\",\"datePublished\":\"2023-04-11T10:49:41+00:00\",\"dateModified\":\"2024-11-27T14:02:08+00:00\",\"breadcrumb\":{\"@id\":\"https:\/\/www.tech-arrow.com\/de\/contentaccess-mobile-version-6-1-details\/#breadcrumb\"},\"inLanguage\":\"de\",\"potentialAction\":[{\"@type\":\"ReadAction\",\"target\":[\"https:\/\/www.tech-arrow.com\/de\/contentaccess-mobile-version-6-1-details\/\"]}]},{\"@type\":\"ImageObject\",\"inLanguage\":\"de\",\"@id\":\"https:\/\/www.tech-arrow.com\/de\/contentaccess-mobile-version-6-1-details\/#primaryimage\",\"url\":\"https:\/\/www.tech-arrow.com\/wp-content\/uploads\/2023\/03\/camobile-6-1-email-preview01.png\",\"contentUrl\":\"https:\/\/www.tech-arrow.com\/wp-content\/uploads\/2023\/03\/camobile-6-1-email-preview01.png\"},{\"@type\":\"BreadcrumbList\",\"@id\":\"https:\/\/www.tech-arrow.com\/de\/contentaccess-mobile-version-6-1-details\/#breadcrumb\",\"itemListElement\":[{\"@type\":\"ListItem\",\"position\":1,\"name\":\"Home\",\"item\":\"https:\/\/www.tech-arrow.com\/de\/\"},{\"@type\":\"ListItem\",\"position\":2,\"name\":\"contentACCESS Mobile version 6.1 \u2013 details\"}]},{\"@type\":\"WebSite\",\"@id\":\"https:\/\/www.tech-arrow.com\/#website\",\"url\":\"https:\/\/www.tech-arrow.com\/\",\"name\":\"TECH-ARROW\",\"description\":\"\",\"publisher\":{\"@id\":\"https:\/\/www.tech-arrow.com\/#organization\"},\"potentialAction\":[{\"@type\":\"SearchAction\",\"target\":{\"@type\":\"EntryPoint\",\"urlTemplate\":\"https:\/\/www.tech-arrow.com\/?s={search_term_string}\"},\"query-input\":{\"@type\":\"PropertyValueSpecification\",\"valueRequired\":true,\"valueName\":\"search_term_string\"}}],\"inLanguage\":\"de\"},{\"@type\":\"Organization\",\"@id\":\"https:\/\/www.tech-arrow.com\/#organization\",\"name\":\"TECH-ARROW, GmbH.\",\"url\":\"https:\/\/www.tech-arrow.com\/\",\"logo\":{\"@type\":\"ImageObject\",\"inLanguage\":\"de\",\"@id\":\"https:\/\/www.tech-arrow.com\/#\/schema\/logo\/image\/\",\"url\":\"https:\/\/www.tech-arrow.com\/wp-content\/uploads\/2017\/04\/techarrow-logo-481x97.png\",\"contentUrl\":\"https:\/\/www.tech-arrow.com\/wp-content\/uploads\/2017\/04\/techarrow-logo-481x97.png\",\"width\":481,\"height\":97,\"caption\":\"TECH-ARROW, GmbH.\"},\"image\":{\"@id\":\"https:\/\/www.tech-arrow.com\/#\/schema\/logo\/image\/\"},\"sameAs\":[\"https:\/\/www.facebook.com\/thetecharrow\/?fref=ts\",\"https:\/\/www.linkedin.com\/company\/techarrow\",\"https:\/\/www.youtube.com\/user\/thetecharrow\"]}]}<\/script>\n<!-- \/ Yoast SEO plugin. -->","yoast_head_json":{"title":"contentACCESS Mobile version 6.1 \u2013 details - TECH-ARROW","robots":{"index":"index","follow":"follow","max-snippet":"max-snippet:-1","max-image-preview":"max-image-preview:large","max-video-preview":"max-video-preview:-1"},"canonical":"https:\/\/www.tech-arrow.com\/de\/contentaccess-mobile-version-6-1-details\/","og_locale":"de_DE","og_type":"article","og_title":"contentACCESS Mobile version 6.1 \u2013 details - TECH-ARROW","og_description":"Eine Liste aller Versionshinweise k\u00f6nnen Sie hier finden. Die folgende Liste bietet Ihnen eine \u00dcbersicht \u00fcber die neuesten Verbesserungen die Ihnen von contentACCESS Mobile 6.1 geboten werden: E-Mail-Archiv","og_url":"https:\/\/www.tech-arrow.com\/de\/contentaccess-mobile-version-6-1-details\/","og_site_name":"TECH-ARROW","article_publisher":"https:\/\/www.facebook.com\/thetecharrow\/?fref=ts","article_modified_time":"2024-11-27T14:02:08+00:00","og_image":[{"url":"https:\/\/www.tech-arrow.com\/wp-content\/uploads\/2023\/03\/camobile-6-1-email-preview01.png","type":"","width":"","height":""}],"twitter_card":"summary_large_image","schema":{"@context":"https:\/\/schema.org","@graph":[{"@type":"WebPage","@id":"https:\/\/www.tech-arrow.com\/de\/contentaccess-mobile-version-6-1-details\/","url":"https:\/\/www.tech-arrow.com\/de\/contentaccess-mobile-version-6-1-details\/","name":"contentACCESS Mobile version 6.1 \u2013 details - TECH-ARROW","isPartOf":{"@id":"https:\/\/www.tech-arrow.com\/#website"},"primaryImageOfPage":{"@id":"https:\/\/www.tech-arrow.com\/de\/contentaccess-mobile-version-6-1-details\/#primaryimage"},"image":{"@id":"https:\/\/www.tech-arrow.com\/de\/contentaccess-mobile-version-6-1-details\/#primaryimage"},"thumbnailUrl":"https:\/\/www.tech-arrow.com\/wp-content\/uploads\/2023\/03\/camobile-6-1-email-preview01.png","datePublished":"2023-04-11T10:49:41+00:00","dateModified":"2024-11-27T14:02:08+00:00","breadcrumb":{"@id":"https:\/\/www.tech-arrow.com\/de\/contentaccess-mobile-version-6-1-details\/#breadcrumb"},"inLanguage":"de","potentialAction":[{"@type":"ReadAction","target":["https:\/\/www.tech-arrow.com\/de\/contentaccess-mobile-version-6-1-details\/"]}]},{"@type":"ImageObject","inLanguage":"de","@id":"https:\/\/www.tech-arrow.com\/de\/contentaccess-mobile-version-6-1-details\/#primaryimage","url":"https:\/\/www.tech-arrow.com\/wp-content\/uploads\/2023\/03\/camobile-6-1-email-preview01.png","contentUrl":"https:\/\/www.tech-arrow.com\/wp-content\/uploads\/2023\/03\/camobile-6-1-email-preview01.png"},{"@type":"BreadcrumbList","@id":"https:\/\/www.tech-arrow.com\/de\/contentaccess-mobile-version-6-1-details\/#breadcrumb","itemListElement":[{"@type":"ListItem","position":1,"name":"Home","item":"https:\/\/www.tech-arrow.com\/de\/"},{"@type":"ListItem","position":2,"name":"contentACCESS Mobile version 6.1 \u2013 details"}]},{"@type":"WebSite","@id":"https:\/\/www.tech-arrow.com\/#website","url":"https:\/\/www.tech-arrow.com\/","name":"TECH-ARROW","description":"","publisher":{"@id":"https:\/\/www.tech-arrow.com\/#organization"},"potentialAction":[{"@type":"SearchAction","target":{"@type":"EntryPoint","urlTemplate":"https:\/\/www.tech-arrow.com\/?s={search_term_string}"},"query-input":{"@type":"PropertyValueSpecification","valueRequired":true,"valueName":"search_term_string"}}],"inLanguage":"de"},{"@type":"Organization","@id":"https:\/\/www.tech-arrow.com\/#organization","name":"TECH-ARROW, GmbH.","url":"https:\/\/www.tech-arrow.com\/","logo":{"@type":"ImageObject","inLanguage":"de","@id":"https:\/\/www.tech-arrow.com\/#\/schema\/logo\/image\/","url":"https:\/\/www.tech-arrow.com\/wp-content\/uploads\/2017\/04\/techarrow-logo-481x97.png","contentUrl":"https:\/\/www.tech-arrow.com\/wp-content\/uploads\/2017\/04\/techarrow-logo-481x97.png","width":481,"height":97,"caption":"TECH-ARROW, GmbH."},"image":{"@id":"https:\/\/www.tech-arrow.com\/#\/schema\/logo\/image\/"},"sameAs":["https:\/\/www.facebook.com\/thetecharrow\/?fref=ts","https:\/\/www.linkedin.com\/company\/techarrow","https:\/\/www.youtube.com\/user\/thetecharrow"]}]}},"_links":{"self":[{"href":"https:\/\/www.tech-arrow.com\/de\/wp-json\/wp\/v2\/pages\/10924","targetHints":{"allow":["GET"]}}],"collection":[{"href":"https:\/\/www.tech-arrow.com\/de\/wp-json\/wp\/v2\/pages"}],"about":[{"href":"https:\/\/www.tech-arrow.com\/de\/wp-json\/wp\/v2\/types\/page"}],"author":[{"embeddable":true,"href":"https:\/\/www.tech-arrow.com\/de\/wp-json\/wp\/v2\/users\/4"}],"replies":[{"embeddable":true,"href":"https:\/\/www.tech-arrow.com\/de\/wp-json\/wp\/v2\/comments?post=10924"}],"version-history":[{"count":2,"href":"https:\/\/www.tech-arrow.com\/de\/wp-json\/wp\/v2\/pages\/10924\/revisions"}],"predecessor-version":[{"id":13407,"href":"https:\/\/www.tech-arrow.com\/de\/wp-json\/wp\/v2\/pages\/10924\/revisions\/13407"}],"wp:attachment":[{"href":"https:\/\/www.tech-arrow.com\/de\/wp-json\/wp\/v2\/media?parent=10924"}],"curies":[{"name":"wp","href":"https:\/\/api.w.org\/{rel}","templated":true}]}}