{"id":10928,"date":"2023-04-11T12:09:23","date_gmt":"2023-04-11T10:09:23","guid":{"rendered":"https:\/\/www.tech-arrow.com\/?page_id=10928"},"modified":"2024-11-27T15:10:51","modified_gmt":"2024-11-27T14:10:51","slug":"officegate-version-6-1-details","status":"publish","type":"page","link":"https:\/\/www.tech-arrow.com\/de\/officegate-version-6-1-details\/","title":{"rendered":"officeGATE version 6.1 details"},"content":{"rendered":"<p>Eine Liste aller Versionshinweise k\u00f6nnen Sie <a href=\"https:\/\/www.tech-arrow.com\/de\/officegate-anmerkungen-zu-dieser-version\/\" rel=\"noopener noreferrer\">hier<\/a> finden.<br \/>\nDie folgende Liste bietet Ihnen eine \u00dcbersicht \u00fcber die neuesten Verbesserungen die Ihnen von officeGATE 6.1 geboten werden:<br \/>\n<!-- --------------------------- GROUP START --------------------------- --><\/p>\n<div style=\"border: 1px solid #ddd; background-color: white; width: 94%; padding: 3%; margin-bottom: 20px;\">\n<h3 style=\"color: red; padding-top: 0px;\">E-Mail-Archiv<\/h3>\n<p><!--more--><br \/>\n<strong>\u2713 Email-Archiv-Verkn\u00fcpfungs\u00f6ffnungsprozess<\/strong><\/p>\n<p style=\"text-align: justify;\">Da die M\u00f6glichkeiten von Outlook-Formularen sehr begrenzt sind, mussten einige Funktionen in einem verwalteten Code ausgef\u00fchrt werden. Hierf\u00fcr haben wir vor einigen Jahren ein einfaches Outlook-Add-In namens contentACCESS VSTO Add-In erstellt. Dieses Add-In wurde eine Zeit lang nicht weiterentwickelt, da wir unsere Energie auf officeGATE konzentrierten, das eine \u00fcberlegene und funktionsreichere Alternative zum contentACCESS-Client f\u00fcr Outlook ist.<br \/>\nEinige Funktionen des contentACCESS VSTO Add-Ins wurden jedoch von officeGATE nicht unterst\u00fctzt. Heute freue ich mich, Ihnen mitteilen zu k\u00f6nnen, dass wir unsere Reise abgeschlossen und alle fehlenden Funktionen hinzugef\u00fcgt haben. officeGATE ist nun ein vollst\u00e4ndiger Ersatz f\u00fcr das alte contentACCESS VSTO Add-In und hat das Potenzial, noch viel mehr zu leisten. Sie k\u00f6nnen beispielsweise jetzt Offline-Zugriff, Daten-Browsing und -Suche nutzen.<br \/>\nZ\u00f6gern Sie nicht, auf officeGATE umzusteigen!<\/p>\n<\/div>\n<p><!-- --------------------------- GROUP END --------------------------- --><br \/>\n<!-- --------------------------- GROUP START --------------------------- --><\/p>\n<div style=\"border: 1px solid #ddd; background-color: white; width: 94%; padding: 3%; margin-bottom: 20px;\">\n<h3 style=\"color: red; padding-top: 0px;\">Allgemein<\/h3>\n<p><!--more--><br \/>\n<strong>\u2713 Vorschau-Service-Integration<\/strong><\/p>\n<p style=\"text-align: justify;\">Die contentACCESS-Webvorschau wurde in der Version 6.0 eingef\u00fchrt. Diese gro\u00dfartige Funktion wurde bereits in contentACCESS Mobile und Portal implementiert und ist jetzt auch in officeGATE verf\u00fcgbar. Dies bedeutet, dass Sie jeden Anhang \u00f6ffnen, lesen und Text kopieren k\u00f6nnen, ohne die native Anwendung installieren zu m\u00fcssen.<\/p>\n<p><img decoding=\"async\" class=\"size-medium wp-image-7969 aligncenter\" src=\"https:\/\/www.tech-arrow.com\/wp-content\/uploads\/2023\/03\/og-6-1-preview01.png\" alt=\"contentACCESS document preview\" width=\"300\" \/><\/p>\n<p><strong>\u2713 Dark-Mode-Unterst\u00fctzung<\/strong><\/p>\n<p style=\"text-align: justify;\">Immer mehr Benutzer bevorzugen es, Anwendungen im Dark-Mode zu verwenden, insbesondere w\u00e4hrend der n\u00e4chtlichen Arbeitsstunden. Einige Experten sagen, dass es einfacher und ges\u00fcnder ist, Text auf dunklem Hintergrund zu lesen. Einige Benutzer und Experten sagen das Gegenteil. Bei TECH-ARROW geben wir keine Stimme f\u00fcr einen der Modi ab, sondern geben jedem Benutzer das Recht zu entscheiden. Ab Version 6.1 k\u00f6nnen officeGATE-Benutzer zwischen dem hellen und dunklen Theme w\u00e4hlen.<br \/>\nProbieren Sie es aus und verwenden Sie Ihr bevorzugtes Theme!<\/p>\n<p><img decoding=\"async\" class=\"size-medium wp-image-7969 aligncenter\" src=\"https:\/\/www.tech-arrow.com\/wp-content\/uploads\/2023\/03\/og-6-1-darkmode01.png\" alt=\"Dark theme\" width=\"300\" \/><\/p>\n<p><strong>\u2713 Auto-Erkennung der Outlook-Sprache<\/strong><\/p>\n<p style=\"text-align: justify;\">Bislang konnte der Benutzer in officeGATE aus verschiedenen Sprachen w\u00e4hlen. In fr\u00fcheren Versionen musste die gew\u00fcnschte Sprache entweder w\u00e4hrend der Installation oder in den officeGATE-Einstellungen ausgew\u00e4hlt werden. Bei Bereitstellungen auf Basis von Gruppenrichtlinien wurde die Situation noch komplizierter, da der Administrator f\u00fcr jeden Benutzer die richtige Sprache ausw\u00e4hlen musste. Jetzt haben wir eine Option zur automatischen Spracherkennung eingef\u00fchrt, die automatisch die in Outlook ausgew\u00e4hlte Sprache f\u00fcr officeGATE \u00fcbernimmt. Wenn die ausgew\u00e4hlte Outlook-Sprache von officeGATE nicht unterst\u00fctzt wird, wird auf Englisch zur\u00fcckgegriffen, aber der Benutzer kann die bevorzugte Sprache immer noch manuell ausw\u00e4hlen.<\/p>\n<p><img decoding=\"async\" class=\"size-medium wp-image-7969 aligncenter\" src=\"https:\/\/www.tech-arrow.com\/wp-content\/uploads\/2023\/03\/og-6-1-autodetect-language01.png\" alt=\"Auto-detect Outlook language\" width=\"300\" \/><\/p>\n<p><strong>\u2713 Teile Anh\u00e4nge aus der Elementvorschau<\/strong><\/p>\n<p style=\"text-align: justify;\">Wir haben \u00c4nderungen an der Detailansicht der Elemente vorgenommen, um die Arbeit mit officeGATE einfacher und effizienter zu gestalten. Eine der wichtigsten \u00c4nderungen, die wir vorgenommen haben, ist die M\u00f6glichkeit, einen Anhang direkt aus dieser Ansicht heraus zu teilen. Dies spart im Vergleich zur vorherigen Funktionalit\u00e4t einige zus\u00e4tzliche Klicks.<\/p>\n<p><img decoding=\"async\" class=\"size-medium wp-image-7969 aligncenter\" src=\"https:\/\/www.tech-arrow.com\/wp-content\/uploads\/2023\/03\/og-6-1-share-attachment01.png\" alt=\"Share attachment from item preview\" width=\"300\" \/><\/p>\n<p><strong>\u2713 Verwendung von WebView2<\/strong><\/p>\n<p style=\"text-align: justify;\">F\u00fcr einige Funktionen wie die Vorschau, Nachrichteninhalt usw. verwendet officeGATE einen integrierten Webbrowser. Dieser Webbrowser verwendete die alte Internet Explorer-Rendering-Engine, was zu unerwarteten Anzeigeproblemen f\u00fchrte. Jetzt pr\u00fcft officeGATE das Vorhandensein von WebView2 auf dem System und verwendet diese moderne Web-Rendering-Engine, um HTML-Inhalte zu anzeigen, wenn dies m\u00f6glich ist. Die Benutzer sehen daher eine bessere und leistungsst\u00e4rkere HTML-Inhalte.<\/p>\n<p><strong>\u2713 Performance- und Stabilit\u00e4tsverbesserungen<\/strong><\/p>\n<p style=\"text-align: justify;\">Es wurden Verbesserungen vorgenommen, um das System schneller und stabiler zu machen, damit deine officeGATE Erfahrung noch besser ist als zuvor.<\/p>\n<\/div>\n<p><!-- --------------------------- GROUP END --------------------------- --><br \/>\n<!-- --------------------------- GROUP START --------------------------- --><\/p>\n<div style=\"border: 1px solid #ddd; background-color: white; width: 94%; padding: 3%; margin-bottom: 20px;\">\n<h3 style=\"color: red; padding-top: 0px;\">Updates von \u00e4lteren Versionen<\/h3>\n<p><!--more--><\/p>\n<p style=\"text-align: justify;\"><strong>\u2713 . NET Framework-Unterst\u00fctzung:<\/strong> Die erforderliche Mindest- NET-Version wurde f\u00fcr alle Anwendungen von 4.5.2 auf 4.8 erh\u00f6ht.<\/p>\n<p style=\"text-align: justify;\"><strong>\u2713 Aktualisierungspfad:<\/strong> Ein Update von \u00e4lteren Versionen von officeGATE wird unterst\u00fctzt.<\/p>\n<\/div>\n<p><!-- --------------------------- GROUP END --------------------------- --><\/p>\n<div style=\"border: 1px solid #dddddd; background-color: white; width: 94%; padding: 3%; margin-bottom: 20px;\">\n<h3 style=\"color: red; padding-top: 0px;\">Dokumentation<\/h3>\n<p style=\"text-align: left;\"><strong>\u2713 Dokumentation<\/strong> &#8211; Bitte beachten Sie die aktualisierte Dokumentation und die aktualisierten Handb\u00fccher.<\/p>\n<p><a href=\"https:\/\/documentation.tech-arrow.com\/officegate\/\" target=\"_blank\" rel=\"noopener noreferrer\"><img loading=\"lazy\" decoding=\"async\" src=\"https:\/\/www.tech-arrow.com\/wp-content\/uploads\/2016\/02\/3.png\" alt=\"3\" width=\"20\" height=\"20\" \/>\u00a0Benutzerhandbuch f\u00fcr officeGATE<\/a><\/p>\n<p><a href=\"https:\/\/documentation.tech-arrow.com\/contentaccess-manuals\/\" target=\"_blank\" rel=\"noopener noreferrer\"><img loading=\"lazy\" decoding=\"async\" src=\"https:\/\/www.tech-arrow.com\/wp-content\/uploads\/2016\/02\/3.png\" alt=\"3\" width=\"20\" height=\"20\" \/>\u00a0Benutzerhandb\u00fccher f\u00fcr contentACCESS und Client-Apps.<\/a><\/p>\n<\/div>\n","protected":false},"excerpt":{"rendered":"<p>Eine Liste aller Versionshinweise k\u00f6nnen Sie hier finden. Die folgende Liste bietet Ihnen eine \u00dcbersicht \u00fcber die neuesten Verbesserungen die Ihnen von officeGATE 6.1 geboten werden: E-Mail-Archiv<\/p>\n","protected":false},"author":4,"featured_media":0,"parent":0,"menu_order":0,"comment_status":"closed","ping_status":"closed","template":"","meta":{"_acf_changed":false,"inline_featured_image":false,"footnotes":""},"class_list":["post-10928","page","type-page","status-publish","hentry"],"acf":[],"yoast_head":"<!-- This site is optimized with the Yoast SEO plugin v27.0 - https:\/\/yoast.com\/product\/yoast-seo-wordpress\/ -->\n<title>officeGATE version 6.1 details - TECH-ARROW<\/title>\n<meta name=\"robots\" content=\"index, follow, max-snippet:-1, max-image-preview:large, max-video-preview:-1\" \/>\n<link rel=\"canonical\" href=\"https:\/\/www.tech-arrow.com\/de\/officegate-version-6-1-details\/\" \/>\n<meta property=\"og:locale\" content=\"de_DE\" \/>\n<meta property=\"og:type\" content=\"article\" \/>\n<meta property=\"og:title\" content=\"officeGATE version 6.1 details - TECH-ARROW\" \/>\n<meta property=\"og:description\" content=\"Eine Liste aller Versionshinweise k\u00f6nnen Sie hier finden. Die folgende Liste bietet Ihnen eine \u00dcbersicht \u00fcber die neuesten Verbesserungen die Ihnen von officeGATE 6.1 geboten werden: E-Mail-Archiv\" \/>\n<meta property=\"og:url\" content=\"https:\/\/www.tech-arrow.com\/de\/officegate-version-6-1-details\/\" \/>\n<meta property=\"og:site_name\" content=\"TECH-ARROW\" \/>\n<meta property=\"article:publisher\" content=\"https:\/\/www.facebook.com\/thetecharrow\/?fref=ts\" \/>\n<meta property=\"article:modified_time\" content=\"2024-11-27T14:10:51+00:00\" \/>\n<meta property=\"og:image\" content=\"https:\/\/www.tech-arrow.com\/wp-content\/uploads\/2023\/03\/og-6-1-preview01.png\" \/>\n<meta name=\"twitter:card\" content=\"summary_large_image\" \/>\n<script type=\"application\/ld+json\" class=\"yoast-schema-graph\">{\"@context\":\"https:\/\/schema.org\",\"@graph\":[{\"@type\":\"WebPage\",\"@id\":\"https:\/\/www.tech-arrow.com\/de\/officegate-version-6-1-details\/\",\"url\":\"https:\/\/www.tech-arrow.com\/de\/officegate-version-6-1-details\/\",\"name\":\"officeGATE version 6.1 details - TECH-ARROW\",\"isPartOf\":{\"@id\":\"https:\/\/www.tech-arrow.com\/#website\"},\"primaryImageOfPage\":{\"@id\":\"https:\/\/www.tech-arrow.com\/de\/officegate-version-6-1-details\/#primaryimage\"},\"image\":{\"@id\":\"https:\/\/www.tech-arrow.com\/de\/officegate-version-6-1-details\/#primaryimage\"},\"thumbnailUrl\":\"https:\/\/www.tech-arrow.com\/wp-content\/uploads\/2023\/03\/og-6-1-preview01.png\",\"datePublished\":\"2023-04-11T10:09:23+00:00\",\"dateModified\":\"2024-11-27T14:10:51+00:00\",\"breadcrumb\":{\"@id\":\"https:\/\/www.tech-arrow.com\/de\/officegate-version-6-1-details\/#breadcrumb\"},\"inLanguage\":\"de\",\"potentialAction\":[{\"@type\":\"ReadAction\",\"target\":[\"https:\/\/www.tech-arrow.com\/de\/officegate-version-6-1-details\/\"]}]},{\"@type\":\"ImageObject\",\"inLanguage\":\"de\",\"@id\":\"https:\/\/www.tech-arrow.com\/de\/officegate-version-6-1-details\/#primaryimage\",\"url\":\"https:\/\/www.tech-arrow.com\/wp-content\/uploads\/2023\/03\/og-6-1-preview01.png\",\"contentUrl\":\"https:\/\/www.tech-arrow.com\/wp-content\/uploads\/2023\/03\/og-6-1-preview01.png\"},{\"@type\":\"BreadcrumbList\",\"@id\":\"https:\/\/www.tech-arrow.com\/de\/officegate-version-6-1-details\/#breadcrumb\",\"itemListElement\":[{\"@type\":\"ListItem\",\"position\":1,\"name\":\"Home\",\"item\":\"https:\/\/www.tech-arrow.com\/de\/\"},{\"@type\":\"ListItem\",\"position\":2,\"name\":\"officeGATE version 6.1 details\"}]},{\"@type\":\"WebSite\",\"@id\":\"https:\/\/www.tech-arrow.com\/#website\",\"url\":\"https:\/\/www.tech-arrow.com\/\",\"name\":\"TECH-ARROW\",\"description\":\"\",\"publisher\":{\"@id\":\"https:\/\/www.tech-arrow.com\/#organization\"},\"potentialAction\":[{\"@type\":\"SearchAction\",\"target\":{\"@type\":\"EntryPoint\",\"urlTemplate\":\"https:\/\/www.tech-arrow.com\/?s={search_term_string}\"},\"query-input\":{\"@type\":\"PropertyValueSpecification\",\"valueRequired\":true,\"valueName\":\"search_term_string\"}}],\"inLanguage\":\"de\"},{\"@type\":\"Organization\",\"@id\":\"https:\/\/www.tech-arrow.com\/#organization\",\"name\":\"TECH-ARROW, GmbH.\",\"url\":\"https:\/\/www.tech-arrow.com\/\",\"logo\":{\"@type\":\"ImageObject\",\"inLanguage\":\"de\",\"@id\":\"https:\/\/www.tech-arrow.com\/#\/schema\/logo\/image\/\",\"url\":\"https:\/\/www.tech-arrow.com\/wp-content\/uploads\/2017\/04\/techarrow-logo-481x97.png\",\"contentUrl\":\"https:\/\/www.tech-arrow.com\/wp-content\/uploads\/2017\/04\/techarrow-logo-481x97.png\",\"width\":481,\"height\":97,\"caption\":\"TECH-ARROW, GmbH.\"},\"image\":{\"@id\":\"https:\/\/www.tech-arrow.com\/#\/schema\/logo\/image\/\"},\"sameAs\":[\"https:\/\/www.facebook.com\/thetecharrow\/?fref=ts\",\"https:\/\/www.linkedin.com\/company\/techarrow\",\"https:\/\/www.youtube.com\/user\/thetecharrow\"]}]}<\/script>\n<!-- \/ Yoast SEO plugin. -->","yoast_head_json":{"title":"officeGATE version 6.1 details - TECH-ARROW","robots":{"index":"index","follow":"follow","max-snippet":"max-snippet:-1","max-image-preview":"max-image-preview:large","max-video-preview":"max-video-preview:-1"},"canonical":"https:\/\/www.tech-arrow.com\/de\/officegate-version-6-1-details\/","og_locale":"de_DE","og_type":"article","og_title":"officeGATE version 6.1 details - TECH-ARROW","og_description":"Eine Liste aller Versionshinweise k\u00f6nnen Sie hier finden. Die folgende Liste bietet Ihnen eine \u00dcbersicht \u00fcber die neuesten Verbesserungen die Ihnen von officeGATE 6.1 geboten werden: E-Mail-Archiv","og_url":"https:\/\/www.tech-arrow.com\/de\/officegate-version-6-1-details\/","og_site_name":"TECH-ARROW","article_publisher":"https:\/\/www.facebook.com\/thetecharrow\/?fref=ts","article_modified_time":"2024-11-27T14:10:51+00:00","og_image":[{"url":"https:\/\/www.tech-arrow.com\/wp-content\/uploads\/2023\/03\/og-6-1-preview01.png","type":"","width":"","height":""}],"twitter_card":"summary_large_image","schema":{"@context":"https:\/\/schema.org","@graph":[{"@type":"WebPage","@id":"https:\/\/www.tech-arrow.com\/de\/officegate-version-6-1-details\/","url":"https:\/\/www.tech-arrow.com\/de\/officegate-version-6-1-details\/","name":"officeGATE version 6.1 details - TECH-ARROW","isPartOf":{"@id":"https:\/\/www.tech-arrow.com\/#website"},"primaryImageOfPage":{"@id":"https:\/\/www.tech-arrow.com\/de\/officegate-version-6-1-details\/#primaryimage"},"image":{"@id":"https:\/\/www.tech-arrow.com\/de\/officegate-version-6-1-details\/#primaryimage"},"thumbnailUrl":"https:\/\/www.tech-arrow.com\/wp-content\/uploads\/2023\/03\/og-6-1-preview01.png","datePublished":"2023-04-11T10:09:23+00:00","dateModified":"2024-11-27T14:10:51+00:00","breadcrumb":{"@id":"https:\/\/www.tech-arrow.com\/de\/officegate-version-6-1-details\/#breadcrumb"},"inLanguage":"de","potentialAction":[{"@type":"ReadAction","target":["https:\/\/www.tech-arrow.com\/de\/officegate-version-6-1-details\/"]}]},{"@type":"ImageObject","inLanguage":"de","@id":"https:\/\/www.tech-arrow.com\/de\/officegate-version-6-1-details\/#primaryimage","url":"https:\/\/www.tech-arrow.com\/wp-content\/uploads\/2023\/03\/og-6-1-preview01.png","contentUrl":"https:\/\/www.tech-arrow.com\/wp-content\/uploads\/2023\/03\/og-6-1-preview01.png"},{"@type":"BreadcrumbList","@id":"https:\/\/www.tech-arrow.com\/de\/officegate-version-6-1-details\/#breadcrumb","itemListElement":[{"@type":"ListItem","position":1,"name":"Home","item":"https:\/\/www.tech-arrow.com\/de\/"},{"@type":"ListItem","position":2,"name":"officeGATE version 6.1 details"}]},{"@type":"WebSite","@id":"https:\/\/www.tech-arrow.com\/#website","url":"https:\/\/www.tech-arrow.com\/","name":"TECH-ARROW","description":"","publisher":{"@id":"https:\/\/www.tech-arrow.com\/#organization"},"potentialAction":[{"@type":"SearchAction","target":{"@type":"EntryPoint","urlTemplate":"https:\/\/www.tech-arrow.com\/?s={search_term_string}"},"query-input":{"@type":"PropertyValueSpecification","valueRequired":true,"valueName":"search_term_string"}}],"inLanguage":"de"},{"@type":"Organization","@id":"https:\/\/www.tech-arrow.com\/#organization","name":"TECH-ARROW, GmbH.","url":"https:\/\/www.tech-arrow.com\/","logo":{"@type":"ImageObject","inLanguage":"de","@id":"https:\/\/www.tech-arrow.com\/#\/schema\/logo\/image\/","url":"https:\/\/www.tech-arrow.com\/wp-content\/uploads\/2017\/04\/techarrow-logo-481x97.png","contentUrl":"https:\/\/www.tech-arrow.com\/wp-content\/uploads\/2017\/04\/techarrow-logo-481x97.png","width":481,"height":97,"caption":"TECH-ARROW, GmbH."},"image":{"@id":"https:\/\/www.tech-arrow.com\/#\/schema\/logo\/image\/"},"sameAs":["https:\/\/www.facebook.com\/thetecharrow\/?fref=ts","https:\/\/www.linkedin.com\/company\/techarrow","https:\/\/www.youtube.com\/user\/thetecharrow"]}]}},"_links":{"self":[{"href":"https:\/\/www.tech-arrow.com\/de\/wp-json\/wp\/v2\/pages\/10928","targetHints":{"allow":["GET"]}}],"collection":[{"href":"https:\/\/www.tech-arrow.com\/de\/wp-json\/wp\/v2\/pages"}],"about":[{"href":"https:\/\/www.tech-arrow.com\/de\/wp-json\/wp\/v2\/types\/page"}],"author":[{"embeddable":true,"href":"https:\/\/www.tech-arrow.com\/de\/wp-json\/wp\/v2\/users\/4"}],"replies":[{"embeddable":true,"href":"https:\/\/www.tech-arrow.com\/de\/wp-json\/wp\/v2\/comments?post=10928"}],"version-history":[{"count":3,"href":"https:\/\/www.tech-arrow.com\/de\/wp-json\/wp\/v2\/pages\/10928\/revisions"}],"predecessor-version":[{"id":13459,"href":"https:\/\/www.tech-arrow.com\/de\/wp-json\/wp\/v2\/pages\/10928\/revisions\/13459"}],"wp:attachment":[{"href":"https:\/\/www.tech-arrow.com\/de\/wp-json\/wp\/v2\/media?parent=10928"}],"curies":[{"name":"wp","href":"https:\/\/api.w.org\/{rel}","templated":true}]}}