{"id":10932,"date":"2023-04-11T10:25:59","date_gmt":"2023-04-11T08:25:59","guid":{"rendered":"https:\/\/www.tech-arrow.com\/?page_id=10932"},"modified":"2024-11-27T15:06:40","modified_gmt":"2024-11-27T14:06:40","slug":"contentaccess-version-6-1-details","status":"publish","type":"page","link":"https:\/\/www.tech-arrow.com\/de\/contentaccess-version-6-1-details\/","title":{"rendered":"contentACCESS Version 6.1 details"},"content":{"rendered":"<p>Eine Liste aller Versionshinweise k\u00f6nnen Sie <a href=\"https:\/\/www.tech-arrow.com\/de\/contentaccess-anmerkungen-zu-dieser-version\/\" rel=\"noopener noreferrer\">hier<\/a> finden.<br \/>\nDie folgende Liste bietet Ihnen eine \u00dcbersicht \u00fcber die neuesten Verbesserungen die Ihnen von contentACCESS 6.1 geboten werden:<br \/>\n<!-- --------------------------- GROUP START --------------------------- --><\/p>\n<div style=\"border: 1px solid #ddd; background-color: white; width: 94%; padding: 3%; margin-bottom: 20px;\">\n<h3 style=\"color: red; padding-top: 0px;\">E-Mail-Archiv<\/h3>\n<p><!--more--><br \/>\n<strong>\u2713 Hybrid Exchange-Archivierung als SaaS<\/strong><\/p>\n<p style=\"text-align: justify;\">Ab Version 3.8 unterst\u00fctzt contentACCESS das Archivieren von Hybrid Exchange. Zun\u00e4chst war die Hybridarchivierung nur f\u00fcr den Fall verf\u00fcgbar, dass contentACCESS lokal installiert und Zugriff auf die lokale Active Directory hat. Diese Einschr\u00e4nkung wurde nun behoben, sodass Sie jetzt eine Hybrid Exchange-Umgebung \u00fcber eine contentACCESS-Instanz als SaaS archivieren k\u00f6nnen.<\/p>\n<p><strong>\u2713 REST-API f\u00fcr die Einrichtung<\/strong><\/p>\n<p style=\"text-align: justify;\">Aufgrund der \u00c4nderungen bei Microsoft bez\u00fcglich Remote PowerShell wurde die Provisionierung von O365-Mailboxen bei contentACCESS komplett \u00fcberarbeitet. Ab Dezember 2022 wird die Remote PowerShell-Technologie von Microsoft als veraltet markiert und ab dem 1. Juni 2023 nicht mehr unterst\u00fctzt.<br \/>\nUm auf diese \u00c4nderungen zu reagieren, wurde der gesamte Provisionierungsmechanismus f\u00fcr O365 neu geschrieben und es wird nun eine neue REST-basierte Provisionierung vorgestellt. Diese Technologie ist moderner, sicherer und leistungsf\u00e4higer. Die Umstellung ist ohne Kompromisse, wir unterst\u00fctzen auch alle bestehenden Funktionen mit der neuen Technologie. Wenn Sie jedoch bereits contentACCESS 6.0 oder h\u00f6her verwenden, um O365-Postf\u00e4cher zu archivieren, ben\u00f6tigt die Azure AD-App, die in der modernen Authentifizierungskonfiguration in der zentralen Verwaltung verwendet wird, einige neue Berechtigungen. Weitere Informationen finden Sie auf der entsprechenden <a href=\"https:\/\/documentation.tech-arrow.com\/contentaccess-documentation-version-jason\/?section=how-to-reconfigure-your-email-archive-to-use-modern-authentication-for-powershell-v-jason\" rel=\"noopener noreferrer\">Dokumentationsseite<\/a>.<\/p>\n<\/div>\n<p><!-- --------------------------- GROUP END --------------------------- --><br \/>\n<!-- --------------------------- GROUP START --------------------------- --><\/p>\n<div style=\"border: 1px solid #ddd; background-color: white; width: 94%; padding: 3%; margin-bottom: 20px;\">\n<h3 style=\"color: red; padding-top: 0px;\">Team-Archive<\/h3>\n<p><!--more--><br \/>\n<strong>\u2713 Retention-\u00c4nderer<\/strong><\/p>\n<p style=\"text-align: justify;\">Sie haben sich entschieden, Ihre archivierten privaten MS Teams-Chats f\u00fcr eine andere Zeit als zuvor aufzubewahren oder empfindliche archivierte Daten fr\u00fcher zu l\u00f6schen? Mit dem Retention-\u00c4nderer k\u00f6nnen Sie nun die zuvor festgelegte Aufbewahrungsfrist f\u00fcr Ihre privaten MS Teams-Chats \u00e4ndern, sodass Sie aufgrund der verk\u00fcrzten Aufbewahrungszeit Elemente fr\u00fcher aus dem Archiv l\u00f6schen k\u00f6nnen. Diese Option wird von den folgenden Speicherarten unterst\u00fctzt: Disk, Azure, Amazon S3.<\/p>\n<p><img decoding=\"async\" class=\"size-medium wp-image-7969 aligncenter\" src=\"https:\/\/www.tech-arrow.com\/wp-content\/uploads\/2023\/03\/ca6-1-ca-tca-retention-changer01.png\" alt=\"\u00c4nderung der Aufbewahrungsdauer im Teams-Chat-Archiv\" width=\"1920\" \/><\/p>\n<p><strong>\u2713 L\u00f6schauftrag<\/strong><\/p>\n<p style=\"text-align: justify;\">Der neue L\u00f6schauftrag f\u00fcr das Teams Chat Archiv erm\u00f6glicht das L\u00f6schen von unerw\u00fcnschten oder abgelaufenen Chats aus dem Archiv. Der L\u00f6schvorgang kann in drei Modi durchgef\u00fchrt werden: Berichterstellung, L\u00f6schung auf der Grundlage eines Berichts oder unmittelbare L\u00f6schung. Mit dem Berichtsmodus hat die Administration die volle Kontrolle \u00fcber die gel\u00f6schten Elemente.<br \/>\nEine weitere M\u00f6glichkeit, Elemente aus den Archiven zu l\u00f6schen, besteht darin, die Elemente im Portal f\u00fcr die L\u00f6schung zu markieren. Diese Funktion erm\u00f6glicht es Benutzern mit den entsprechenden Rechten, Elemente f\u00fcr die L\u00f6schung zu markieren, damit der L\u00f6schauftrag diese Chats und Nachrichten auch dann bereinigt, wenn sie sich in einem ungesch\u00fctzten Aufbewahrungszeitraum befinden. Die Benutzer k\u00f6nnen einzelne Elemente, einzelne Chats oder ein ganzes Suchergebnis ausw\u00e4hlen.<br \/>\nDie L\u00f6schung h\u00e4ngt auch vom verwendeten Speicher ab. Die folgenden Speicher unterst\u00fctzen die L\u00f6schung: Disk, Azure, HybridStore, Google, AmazonS3 (und kompatible). Der L\u00f6schauftrag hat keine Auswirkungen auf Speicher, die keine L\u00f6schung unterst\u00fctzen.<\/p>\n<p><img decoding=\"async\" class=\"size-medium wp-image-7969 aligncenter\" src=\"https:\/\/www.tech-arrow.com\/wp-content\/uploads\/2023\/03\/ca6-1-ca-tca-delete-job01.png\" alt=\"Teams chat archive delete job\" width=\"1920\" \/><\/p>\n<p><strong>\u2713 Erweiterte Reaktionen<\/strong><\/p>\n<p style=\"text-align: justify;\">Microsoft hat im vergangenen Jahr in Teams die M\u00f6glichkeit eingef\u00fchrt, den vorhandenen Satz von Nachrichtenreaktionen zu erweitern. Wir beobachten, h\u00f6ren zu und reagieren auf jede \u00c4nderung von Microsoft. Nun ist es auch m\u00f6glich, dass contentACCESS alle diese neuen Reaktionen archiviert.<\/p>\n<\/div>\n<p><!-- --------------------------- GROUP END --------------------------- --><br \/>\n<!-- --------------------------- GROUP START --------------------------- --><\/p>\n<div style=\"border: 1px solid #ddd; background-color: white; width: 94%; padding: 3%; margin-bottom: 20px;\">\n<h3 style=\"color: red; padding-top: 0px;\">Allgemein<\/h3>\n<p><!--more--><br \/>\n<strong>\u2713 Einf\u00fchrung des Is Active-Filters<\/strong><\/p>\n<p style=\"text-align: justify;\">Wir stellen die Is Active Filter-Eigenschaft f\u00fcr Datei-, E-Mail-, SharePoint- und Teams-Archive vor. Die Is Active-Eigenschaft gibt an, ob das betreffende Archivierungsobjekt noch auf dem Ziel-(Original-)System vorhanden ist oder nicht. Mit dieser Eigenschaft k\u00f6nnen Sie Daten aus Ihrem Archiv l\u00f6schen, die nicht mehr auf dem Zielsystem vorhanden sind.<\/p>\n<p><img decoding=\"async\" class=\"size-medium wp-image-7969 aligncenter\" src=\"https:\/\/www.tech-arrow.com\/wp-content\/uploads\/2023\/03\/ca6-1-ca-isactive-filter01.png\" alt=\"Is active filter\" width=\"300\" \/><\/p>\n<p><strong>\u2713 Performance- und Stabilit\u00e4tsverbesserungen<\/strong><\/p>\n<p style=\"text-align: justify;\">Es wurden Verbesserungen vorgenommen, um das System schneller und stabiler zu machen. Dadurch ist Ihre contentACCESS-Erfahrung jetzt noch besser als zuvor.<\/p>\n<\/div>\n<p><!-- --------------------------- GROUP END --------------------------- --><br \/>\n<!-- --------------------------- GROUP START --------------------------- --><\/p>\n<div style=\"border: 1px solid #ddd; background-color: white; width: 94%; padding: 3%; margin-bottom: 20px;\">\n<h3 style=\"color: red; padding-top: 0px;\">Update von \u00e4lteren Versionen<\/h3>\n<p><!--more--><\/p>\n<p style=\"text-align: justify;\"><strong>\u2713 Aktualisierungspfad:<\/strong> Das Update wird von contentACCESS Version 3.1 und sp\u00e4ter unterst\u00fctzt. \u00c4ltere Versionen m\u00fcssen zuerst auf contentACCESS 3.1 aktualisiert werden und danach k\u00f6nnen sie auf die neueste Version aktualisiert werden.<\/p>\n<p style=\"text-align: justify;\">Wenn das Update f\u00fcr eine fr\u00fchere Version als 3.3 durchgef\u00fchrt wurde, m\u00fcssen nach dem Update einige der neuen Funktionen manuell konfiguriert werden.<\/p>\n<p style=\"text-align: justify;\">Eine dieser Funktionen ist der Task-Runner, der einen Ressourcenspeicher erfordert, in dem die Exportdateien gespeichert werden. Dieser Speicher muss in System -&gt; System -&gt; Ressourcenspeichereinstellungen konfiguriert werden. Dieser Speicher muss von allen contentACCESS-Knoten innerhalb eines Clusters zug\u00e4nglich sein, daher wird empfohlen, ein Netzwerkfreigabe zu verwenden.<\/p>\n<p style=\"text-align: justify;\"><strong>\u2713 TLS 1.1 und \u00e4ltere Versionen sind deaktiviert:<\/strong> In contentACCESS 6.1 und sp\u00e4ter sind die TLS-Versionen \u00e4lter als 1.2 aus Sicherheitsgr\u00fcnden deaktiviert.<\/p>\n<p style=\"text-align: justify;\"><strong>\u2713 Moderne Authentifizierung f\u00fcr E-Mail-Archiv erfordert zus\u00e4tzliche Berechtigungen:<\/strong> Wir sind von der veralteten Remote-PowerShell auf eine REST-basierte Verwaltungs-API umgestiegen, die zus\u00e4tzliche Berechtigungen auf der konfigurierten Azure AD-Anwendung erfordert. Weitere Informationen finden Sie auf der entsprechenden <a href=\"https:\/\/documentation.tech-arrow.com\/contentaccess-documentation-version-jason\/?section=how-to-reconfigure-your-email-archive-to-use-modern-authentication-for-powershell-v-jason\" rel=\"noopener noreferrer\">Dokumentationsseite<\/a>.<\/p>\n<p style=\"text-align: justify;\"><strong>\u2713 Search V2 erfordert .NET Core:<\/strong> In Version 6.0 haben wir die n\u00e4chste Version der Suche eingef\u00fchrt. Die neuen Suchkomponenten zielen auf .NET Core 6 ab, welches automatisch durch das Suchserver-Setup installiert wird.<\/p>\n<p style=\"text-align: justify;\"><strong>\u2713 Teams- und Teams-Chat-Jobfilter m\u00fcssen angepasst werden:<\/strong> In Version 5.4 haben wir die Filterfunktionen in allen Teams- und Teams-Chat-Jobs vollst\u00e4ndig \u00fcberarbeitet. Nach dem Update von Version 5.3 und \u00e4lter m\u00fcssen die bestehenden Einstellungen der Teams- und Teams-Chat-Jobs \u00fcberpr\u00fcft und angepasst werden.<\/p>\n<p style=\"text-align: justify;\"><strong>\u2713 Application Pool-Identit\u00e4ten ge\u00e4ndert:<\/strong> Um die Sicherheit zu erh\u00f6hen, verwenden alle Anwendungspools von contentACCESS jetzt die isolierte IIS App Pool Identity. Dies erfordert eine Umstellung auf die serverseitige Darstellung in contentACCESS Portal f\u00fcr die E-Mail-Archivierung.<\/p>\n<p style=\"text-align: justify;\"><strong>\u2713 .NET Framework-Unterst\u00fctzung:<\/strong> Ab der Version 5.0 wurde die Mindestversion von .NET f\u00fcr alle Anwendungen von 4.5.2 auf 4.8 erh\u00f6ht.<\/p>\n<p style=\"text-align: justify;\"><strong>\u2713 Mail-App-Aktivierung:<\/strong> Als Ergebnis der Neugestaltung der Mail-App-Aktivierungsmethode in contentACCESS E-Mail-Archiv wird zur korrekten Funktion des Super-Benutzers neue Berechtigungen ben\u00f6tigt, wie z.B. &#8222;Org Marketplace Apps&#8220; und &#8222;Benutzeroptionen&#8220;.<\/p>\n<p style=\"text-align: justify;\"><strong>\u2713 Outlook-Formulare:<\/strong> Wenn das Update von einer fr\u00fcheren Version als 3.4 durchgef\u00fchrt wird, m\u00fcssen aufgrund einiger interner \u00c4nderungen im E-Mail-Archiv-Shortcut-Format die Outlook-Formulare auf die neueste Version aktualisiert werden, um die korrekte Funktionalit\u00e4t zu erhalten. F\u00fcr contentACCESS 3.8 m\u00fcssen die Outlook-Formulare aufgrund der Authentifizierungs\u00e4nderungen auch erneut ver\u00f6ffentlicht werden.<\/p>\n<p style=\"text-align: justify;\"><strong>\u2713 Remote File Archivierung:<\/strong> Beim Update von contentACCESS 3.6 werden bestehende Remote-Agent-Definitionen nicht mehr funktionieren, da einige der Datenbankstrukturen von der Dateisystem-Archivdatenbank zur Mandanten-Datenbank verschoben wurden.<\/p>\n<p style=\"text-align: justify;\"><strong>\u2713 SQL-Server-Unterst\u00fctzung:<\/strong> Die minimale erforderliche SQL-Version wurde von MS SQL 2008 auf MS SQL 2012 erh\u00f6ht.<\/p>\n<p style=\"text-align: justify;\"><strong>\u2713 Neugestaltete Filter:<\/strong> Die alte Filterung wurde in ein neues Format konvertiert. Daher empfehlen wir nach dem Update von Version 3.7 oder \u00e4lter eine \u00dcberpr\u00fcfung aller Job-Filtereinstellungen.<\/p>\n<\/div>\n<p><!-- --------------------------- GROUP END --------------------------- --><\/p>\n<div style=\"border: 1px solid #dddddd; background-color: white; width: 94%; padding: 3%; margin-bottom: 20px;\">\n<h3 style=\"color: red; padding-top: 0px;\">Dokumentation<\/h3>\n<p style=\"text-align: left;\"><strong>\u2713 Dokumentation<\/strong> &#8211; Bitte beachten Sie die aktualisierte Dokumentation und die aktualisierten Handb\u00fccher.<\/p>\n<p><a href=\"https:\/\/documentation.tech-arrow.com\/contentaccess-manuals\/\" target=\"_blank\" rel=\"noopener noreferrer\"><img loading=\"lazy\" decoding=\"async\" src=\"https:\/\/www.tech-arrow.com\/wp-content\/uploads\/2016\/02\/3.png\" alt=\"3\" width=\"20\" height=\"20\" \/>\u00a0Benutzerhandb\u00fccher f\u00fcr contentACCESS und Client-Apps.<\/a><\/p>\n<p><a href=\"https:\/\/documentation.tech-arrow.com\/officegate\/\" target=\"_blank\" rel=\"noopener noreferrer\"><img loading=\"lazy\" decoding=\"async\" src=\"https:\/\/www.tech-arrow.com\/wp-content\/uploads\/2016\/02\/3.png\" alt=\"3\" width=\"20\" height=\"20\" \/>\u00a0Benutzerhandbuch f\u00fcr officeGATE<\/a><\/p>\n<p><a href=\"https:\/\/documentation.tech-arrow.com\/tech-arrows-winshortcutter\/\" target=\"_blank\" rel=\"noopener noreferrer\"><img loading=\"lazy\" decoding=\"async\" src=\"https:\/\/www.tech-arrow.com\/wp-content\/uploads\/2016\/02\/3.png\" alt=\"3\" width=\"20\" height=\"20\" \/>\u00a0Benutzerhandbuch f\u00fcr WinShortcutter<\/a><\/p>\n<\/div>\n","protected":false},"excerpt":{"rendered":"<p>Eine Liste aller Versionshinweise k\u00f6nnen Sie hier finden. Die folgende Liste bietet Ihnen eine \u00dcbersicht \u00fcber die neuesten Verbesserungen die Ihnen von contentACCESS 6.1 geboten werden: E-Mail-Archiv<\/p>\n","protected":false},"author":4,"featured_media":0,"parent":0,"menu_order":0,"comment_status":"closed","ping_status":"closed","template":"","meta":{"_acf_changed":false,"inline_featured_image":false,"footnotes":""},"class_list":["post-10932","page","type-page","status-publish","hentry"],"acf":[],"yoast_head":"<!-- This site is optimized with the Yoast SEO plugin v27.0 - https:\/\/yoast.com\/product\/yoast-seo-wordpress\/ -->\n<title>contentACCESS Version 6.1 details - TECH-ARROW<\/title>\n<meta name=\"robots\" content=\"index, follow, max-snippet:-1, max-image-preview:large, max-video-preview:-1\" \/>\n<link rel=\"canonical\" href=\"https:\/\/www.tech-arrow.com\/de\/contentaccess-version-6-1-details\/\" \/>\n<meta property=\"og:locale\" content=\"de_DE\" \/>\n<meta property=\"og:type\" content=\"article\" \/>\n<meta property=\"og:title\" content=\"contentACCESS Version 6.1 details - TECH-ARROW\" \/>\n<meta property=\"og:description\" content=\"Eine Liste aller Versionshinweise k\u00f6nnen Sie hier finden. Die folgende Liste bietet Ihnen eine \u00dcbersicht \u00fcber die neuesten Verbesserungen die Ihnen von contentACCESS 6.1 geboten werden: E-Mail-Archiv\" \/>\n<meta property=\"og:url\" content=\"https:\/\/www.tech-arrow.com\/de\/contentaccess-version-6-1-details\/\" \/>\n<meta property=\"og:site_name\" content=\"TECH-ARROW\" \/>\n<meta property=\"article:publisher\" content=\"https:\/\/www.facebook.com\/thetecharrow\/?fref=ts\" \/>\n<meta property=\"article:modified_time\" content=\"2024-11-27T14:06:40+00:00\" \/>\n<meta property=\"og:image\" content=\"https:\/\/www.tech-arrow.com\/wp-content\/uploads\/2023\/03\/ca6-1-ca-tca-retention-changer01.png\" \/>\n<meta name=\"twitter:card\" content=\"summary_large_image\" \/>\n<script type=\"application\/ld+json\" class=\"yoast-schema-graph\">{\"@context\":\"https:\/\/schema.org\",\"@graph\":[{\"@type\":\"WebPage\",\"@id\":\"https:\/\/www.tech-arrow.com\/de\/contentaccess-version-6-1-details\/\",\"url\":\"https:\/\/www.tech-arrow.com\/de\/contentaccess-version-6-1-details\/\",\"name\":\"contentACCESS Version 6.1 details - TECH-ARROW\",\"isPartOf\":{\"@id\":\"https:\/\/www.tech-arrow.com\/#website\"},\"primaryImageOfPage\":{\"@id\":\"https:\/\/www.tech-arrow.com\/de\/contentaccess-version-6-1-details\/#primaryimage\"},\"image\":{\"@id\":\"https:\/\/www.tech-arrow.com\/de\/contentaccess-version-6-1-details\/#primaryimage\"},\"thumbnailUrl\":\"https:\/\/www.tech-arrow.com\/wp-content\/uploads\/2023\/03\/ca6-1-ca-tca-retention-changer01.png\",\"datePublished\":\"2023-04-11T08:25:59+00:00\",\"dateModified\":\"2024-11-27T14:06:40+00:00\",\"breadcrumb\":{\"@id\":\"https:\/\/www.tech-arrow.com\/de\/contentaccess-version-6-1-details\/#breadcrumb\"},\"inLanguage\":\"de\",\"potentialAction\":[{\"@type\":\"ReadAction\",\"target\":[\"https:\/\/www.tech-arrow.com\/de\/contentaccess-version-6-1-details\/\"]}]},{\"@type\":\"ImageObject\",\"inLanguage\":\"de\",\"@id\":\"https:\/\/www.tech-arrow.com\/de\/contentaccess-version-6-1-details\/#primaryimage\",\"url\":\"https:\/\/www.tech-arrow.com\/wp-content\/uploads\/2023\/03\/ca6-1-ca-tca-retention-changer01.png\",\"contentUrl\":\"https:\/\/www.tech-arrow.com\/wp-content\/uploads\/2023\/03\/ca6-1-ca-tca-retention-changer01.png\"},{\"@type\":\"BreadcrumbList\",\"@id\":\"https:\/\/www.tech-arrow.com\/de\/contentaccess-version-6-1-details\/#breadcrumb\",\"itemListElement\":[{\"@type\":\"ListItem\",\"position\":1,\"name\":\"Home\",\"item\":\"https:\/\/www.tech-arrow.com\/de\/\"},{\"@type\":\"ListItem\",\"position\":2,\"name\":\"contentACCESS Version 6.1 details\"}]},{\"@type\":\"WebSite\",\"@id\":\"https:\/\/www.tech-arrow.com\/#website\",\"url\":\"https:\/\/www.tech-arrow.com\/\",\"name\":\"TECH-ARROW\",\"description\":\"\",\"publisher\":{\"@id\":\"https:\/\/www.tech-arrow.com\/#organization\"},\"potentialAction\":[{\"@type\":\"SearchAction\",\"target\":{\"@type\":\"EntryPoint\",\"urlTemplate\":\"https:\/\/www.tech-arrow.com\/?s={search_term_string}\"},\"query-input\":{\"@type\":\"PropertyValueSpecification\",\"valueRequired\":true,\"valueName\":\"search_term_string\"}}],\"inLanguage\":\"de\"},{\"@type\":\"Organization\",\"@id\":\"https:\/\/www.tech-arrow.com\/#organization\",\"name\":\"TECH-ARROW, GmbH.\",\"url\":\"https:\/\/www.tech-arrow.com\/\",\"logo\":{\"@type\":\"ImageObject\",\"inLanguage\":\"de\",\"@id\":\"https:\/\/www.tech-arrow.com\/#\/schema\/logo\/image\/\",\"url\":\"https:\/\/www.tech-arrow.com\/wp-content\/uploads\/2017\/04\/techarrow-logo-481x97.png\",\"contentUrl\":\"https:\/\/www.tech-arrow.com\/wp-content\/uploads\/2017\/04\/techarrow-logo-481x97.png\",\"width\":481,\"height\":97,\"caption\":\"TECH-ARROW, GmbH.\"},\"image\":{\"@id\":\"https:\/\/www.tech-arrow.com\/#\/schema\/logo\/image\/\"},\"sameAs\":[\"https:\/\/www.facebook.com\/thetecharrow\/?fref=ts\",\"https:\/\/www.linkedin.com\/company\/techarrow\",\"https:\/\/www.youtube.com\/user\/thetecharrow\"]}]}<\/script>\n<!-- \/ Yoast SEO plugin. -->","yoast_head_json":{"title":"contentACCESS Version 6.1 details - TECH-ARROW","robots":{"index":"index","follow":"follow","max-snippet":"max-snippet:-1","max-image-preview":"max-image-preview:large","max-video-preview":"max-video-preview:-1"},"canonical":"https:\/\/www.tech-arrow.com\/de\/contentaccess-version-6-1-details\/","og_locale":"de_DE","og_type":"article","og_title":"contentACCESS Version 6.1 details - TECH-ARROW","og_description":"Eine Liste aller Versionshinweise k\u00f6nnen Sie hier finden. Die folgende Liste bietet Ihnen eine \u00dcbersicht \u00fcber die neuesten Verbesserungen die Ihnen von contentACCESS 6.1 geboten werden: E-Mail-Archiv","og_url":"https:\/\/www.tech-arrow.com\/de\/contentaccess-version-6-1-details\/","og_site_name":"TECH-ARROW","article_publisher":"https:\/\/www.facebook.com\/thetecharrow\/?fref=ts","article_modified_time":"2024-11-27T14:06:40+00:00","og_image":[{"url":"https:\/\/www.tech-arrow.com\/wp-content\/uploads\/2023\/03\/ca6-1-ca-tca-retention-changer01.png","type":"","width":"","height":""}],"twitter_card":"summary_large_image","schema":{"@context":"https:\/\/schema.org","@graph":[{"@type":"WebPage","@id":"https:\/\/www.tech-arrow.com\/de\/contentaccess-version-6-1-details\/","url":"https:\/\/www.tech-arrow.com\/de\/contentaccess-version-6-1-details\/","name":"contentACCESS Version 6.1 details - TECH-ARROW","isPartOf":{"@id":"https:\/\/www.tech-arrow.com\/#website"},"primaryImageOfPage":{"@id":"https:\/\/www.tech-arrow.com\/de\/contentaccess-version-6-1-details\/#primaryimage"},"image":{"@id":"https:\/\/www.tech-arrow.com\/de\/contentaccess-version-6-1-details\/#primaryimage"},"thumbnailUrl":"https:\/\/www.tech-arrow.com\/wp-content\/uploads\/2023\/03\/ca6-1-ca-tca-retention-changer01.png","datePublished":"2023-04-11T08:25:59+00:00","dateModified":"2024-11-27T14:06:40+00:00","breadcrumb":{"@id":"https:\/\/www.tech-arrow.com\/de\/contentaccess-version-6-1-details\/#breadcrumb"},"inLanguage":"de","potentialAction":[{"@type":"ReadAction","target":["https:\/\/www.tech-arrow.com\/de\/contentaccess-version-6-1-details\/"]}]},{"@type":"ImageObject","inLanguage":"de","@id":"https:\/\/www.tech-arrow.com\/de\/contentaccess-version-6-1-details\/#primaryimage","url":"https:\/\/www.tech-arrow.com\/wp-content\/uploads\/2023\/03\/ca6-1-ca-tca-retention-changer01.png","contentUrl":"https:\/\/www.tech-arrow.com\/wp-content\/uploads\/2023\/03\/ca6-1-ca-tca-retention-changer01.png"},{"@type":"BreadcrumbList","@id":"https:\/\/www.tech-arrow.com\/de\/contentaccess-version-6-1-details\/#breadcrumb","itemListElement":[{"@type":"ListItem","position":1,"name":"Home","item":"https:\/\/www.tech-arrow.com\/de\/"},{"@type":"ListItem","position":2,"name":"contentACCESS Version 6.1 details"}]},{"@type":"WebSite","@id":"https:\/\/www.tech-arrow.com\/#website","url":"https:\/\/www.tech-arrow.com\/","name":"TECH-ARROW","description":"","publisher":{"@id":"https:\/\/www.tech-arrow.com\/#organization"},"potentialAction":[{"@type":"SearchAction","target":{"@type":"EntryPoint","urlTemplate":"https:\/\/www.tech-arrow.com\/?s={search_term_string}"},"query-input":{"@type":"PropertyValueSpecification","valueRequired":true,"valueName":"search_term_string"}}],"inLanguage":"de"},{"@type":"Organization","@id":"https:\/\/www.tech-arrow.com\/#organization","name":"TECH-ARROW, GmbH.","url":"https:\/\/www.tech-arrow.com\/","logo":{"@type":"ImageObject","inLanguage":"de","@id":"https:\/\/www.tech-arrow.com\/#\/schema\/logo\/image\/","url":"https:\/\/www.tech-arrow.com\/wp-content\/uploads\/2017\/04\/techarrow-logo-481x97.png","contentUrl":"https:\/\/www.tech-arrow.com\/wp-content\/uploads\/2017\/04\/techarrow-logo-481x97.png","width":481,"height":97,"caption":"TECH-ARROW, GmbH."},"image":{"@id":"https:\/\/www.tech-arrow.com\/#\/schema\/logo\/image\/"},"sameAs":["https:\/\/www.facebook.com\/thetecharrow\/?fref=ts","https:\/\/www.linkedin.com\/company\/techarrow","https:\/\/www.youtube.com\/user\/thetecharrow"]}]}},"_links":{"self":[{"href":"https:\/\/www.tech-arrow.com\/de\/wp-json\/wp\/v2\/pages\/10932","targetHints":{"allow":["GET"]}}],"collection":[{"href":"https:\/\/www.tech-arrow.com\/de\/wp-json\/wp\/v2\/pages"}],"about":[{"href":"https:\/\/www.tech-arrow.com\/de\/wp-json\/wp\/v2\/types\/page"}],"author":[{"embeddable":true,"href":"https:\/\/www.tech-arrow.com\/de\/wp-json\/wp\/v2\/users\/4"}],"replies":[{"embeddable":true,"href":"https:\/\/www.tech-arrow.com\/de\/wp-json\/wp\/v2\/comments?post=10932"}],"version-history":[{"count":6,"href":"https:\/\/www.tech-arrow.com\/de\/wp-json\/wp\/v2\/pages\/10932\/revisions"}],"predecessor-version":[{"id":13437,"href":"https:\/\/www.tech-arrow.com\/de\/wp-json\/wp\/v2\/pages\/10932\/revisions\/13437"}],"wp:attachment":[{"href":"https:\/\/www.tech-arrow.com\/de\/wp-json\/wp\/v2\/media?parent=10932"}],"curies":[{"name":"wp","href":"https:\/\/api.w.org\/{rel}","templated":true}]}}