{"id":11435,"date":"2023-08-02T14:25:22","date_gmt":"2023-08-02T12:25:22","guid":{"rendered":"https:\/\/www.tech-arrow.com\/?page_id=11435"},"modified":"2024-11-27T14:58:36","modified_gmt":"2024-11-27T13:58:36","slug":"storage-optimizer-version-1-0-details","status":"publish","type":"page","link":"https:\/\/www.tech-arrow.com\/de\/storage-optimizer-version-1-0-details\/","title":{"rendered":"Storage Optimizer version 1.0 \u2013 details"},"content":{"rendered":"<p>Eine Liste aller Versionshinweise k\u00f6nnen Sie <a href=\"https:\/\/www.tech-arrow.com\/de\/storage-optimizer-anmerkungen-zu-dieser-version\/\" rel=\"noopener noreferrer\">hier<\/a> finden.<br \/>\nDie folgende Liste bietet Ihnen eine \u00dcbersicht \u00fcber die neuesten Verbesserungen die Ihnen von Storage Optimizer 1.0 geboten werden:<br \/>\n<!-- --------------------------- GROUP START --------------------------- --><\/p>\n<div style=\"border: 1px solid #ddd; background-color: white; width: 94%; padding: 3%; margin-bottom: 20px;\">\n<h3 style=\"color: red; padding-top: 0px;\">Anwendung<\/h3>\n<p><!--more--><br \/>\n<strong>\u2713 Moderne Authentifizierung<\/strong><\/p>\n<p style=\"text-align: justify;\">Die moderne Authentifizierung gew\u00e4hrleistet h\u00f6here Sicherheit, bessere Transparenz und einfachere Verwaltung. Sie hilft dem Administrator, den Druck loszuwerden, die erforderlichen Berechtigungen f\u00fcr den SharePoint-Superuser auf allen Websitesammlungen festzulegen.<\/p>\n<p><img decoding=\"async\" class=\"size-medium wp-image-7969 aligncenter\" src=\"https:\/\/www.tech-arrow.com\/wp-content\/uploads\/2023\/07\/so1-0-modernauth01.png\" alt=\"Moderne Authentifizierung\" width=\"1920\" \/><\/p>\n<p><strong>\u2713 Automatische Registrierung der Entra ID App<\/strong><\/p>\n<p style=\"text-align: justify;\">Um die moderne Authentifizierung zu verwenden, muss eine Anwendung im Entra ID (ehemals Azure Active Directory) des Mandanten registriert werden. Diese registrierte Anwendung erh\u00e4lt die minimal erforderlichen Berechtigungen, um auf Ihre SharePoint-Sites zugreifen zu k\u00f6nnen. Storage Optimizer verwendet dann diese Anwendung, um mit SharePoint zu kommunizieren.<br \/>\nDer Entra ID-App-Registrierungsprozess kann langwierig und m\u00fchsam sein und zu verschiedenen Fehlern f\u00fchren. Um diesen Prozess f\u00fcr Sie einfacher zu gestalten, registriert Storage Optimizer diese Entra ID-App w\u00e4hrend des Verbindungsvorgangs. Die Entra ID-Anwendung wird vollst\u00e4ndig unter Ihrer Kontrolle sein, sodass Sie sie jederzeit \u00fcberpr\u00fcfen, \u00e4ndern oder deaktivieren k\u00f6nnen.<\/p>\n<p><img decoding=\"async\" class=\"size-medium wp-image-7969 aligncenter\" src=\"https:\/\/www.tech-arrow.com\/wp-content\/uploads\/2023\/07\/so1-0-appregistration01.png\" alt=\"Entra ID app registrierung\" width=\"1920\" \/><\/p>\n<p><strong>\u2713 SharePoint-Seiten-Kategorisierung<\/strong><\/p>\n<p style=\"text-align: justify;\">Da SharePoint von vielen verschiedenen Diensten in Microsoft 365 genutzt wird, kategorisiert Storage Optimizer alle Ihre Websites in drei Kategorien (SharePoint, Teams und OneDrive), um es Ihnen zu erm\u00f6glichen, sich auf die wichtigsten Daten zu konzentrieren. Sie k\u00f6nnen eine oder mehrere Website-Gruppen ausw\u00e4hlen und sp\u00e4ter die spezifischen Websites in der Website-Liste weiter eingrenzen.<\/p>\n<p><img decoding=\"async\" class=\"size-medium wp-image-7969 aligncenter\" src=\"https:\/\/www.tech-arrow.com\/wp-content\/uploads\/2023\/07\/so1-0-sitegroups01.png\" alt=\"SharePoint Seiten Kategorisierung\" width=\"1920\" \/><\/p>\n<p><strong>\u2713 Granulare Seiten Auswahl<\/strong><\/p>\n<p style=\"text-align: justify;\">Storage Optimizer zeigt Ihnen alle Ihre SharePoint-Sites aus den ausgew\u00e4hlten Gruppen mit allen n\u00fctzlichen Details wie Gr\u00f6\u00dfe, Vorlage, URL, Erstellungszeit und mehr. Um die Websites zu finden, die Sie analysieren m\u00f6chten, k\u00f6nnen Sie die Website-Liste basierend auf beliebigen Spalten durchsuchen, sortieren oder filtern.<br \/>\nSie k\u00f6nnen dann alle Websites oder nur einige von ihnen analysieren. Sie k\u00f6nnen mehrere Analysen mit beliebigen Kombinationen Ihrer Websites durchf\u00fchren. Diese Flexibilit\u00e4t erm\u00f6glicht es Ihnen, Statistiken f\u00fcr die relevantesten Websites zu erhalten.<\/p>\n<p><img decoding=\"async\" class=\"size-medium wp-image-7969 aligncenter\" src=\"https:\/\/www.tech-arrow.com\/wp-content\/uploads\/2023\/07\/so1-0-siteselection01.png\" alt=\"Granulare Seiten Auswahl f\u00fcr analysierung\" width=\"1920\" \/><\/p>\n<p><strong>\u2713 Dashboard<\/strong><\/p>\n<p style=\"text-align: justify;\">Das Dashboard von Storage Optimizer bietet Ihnen einen \u00dcberblick auf h\u00f6chster Ebene \u00fcber die analysierten Daten. Sie k\u00f6nnen das vollst\u00e4ndige Datenvolumen, die Anzahl und Gr\u00f6\u00dfe der Versionen sehen. Dar\u00fcber hinaus zeigt es die Datenverteilung im Laufe der Zeit, was Ihnen dabei hilft zu identifizieren, wie viele Daten in der Vergangenheit ge\u00e4ndert wurden und wie viel Platz die alten Dokumentenversionen einnehmen. Daten, die vor langer Zeit ge\u00e4ndert wurden, sind gute Kandidaten f\u00fcr das Auslagern.<br \/>\nDas Tool schl\u00e4gt auch Optimierungsm\u00f6glichkeiten vor und gibt Ihnen eine Sch\u00e4tzung der potenziellen Einsparungen. Sie k\u00f6nnen zwischen verschiedenen Ans\u00e4tzen w\u00e4hlen, ob Ihr Schwerpunkt auf Kosteneinsparungen oder dem Aufrechterhalten einer nahtlosen Benutzererfahrung liegt.<\/p>\n<p><img decoding=\"async\" class=\"size-medium wp-image-7969 aligncenter\" src=\"https:\/\/www.tech-arrow.com\/wp-content\/uploads\/2023\/07\/so1-0-dashboard01.png\" alt=\"Dashboard\" width=\"1920\" \/><\/p>\n<p><strong>\u2713 Automatischer Updater<\/strong><\/p>\n<p style=\"text-align: justify;\">Um sicherzustellen, dass Sie immer die neueste Version der Anwendung installiert haben, verf\u00fcgt die Anwendung \u00fcber ein integriertes automatisches Update. Es \u00fcberpr\u00fcft regelm\u00e4\u00dfig, ob neuere Versionen verf\u00fcgbar sind, und benachrichtigt Sie, wenn welche vorhanden sind. Sie k\u00f6nnen auf die Versionshinweise zugreifen, um sich mit den Aktualisierungen und \u00c4nderungen vertraut zu machen, und mit nur einem Klick k\u00f6nnen Sie auf die neueste Version aktualisieren.<\/p>\n<p><img decoding=\"async\" class=\"size-medium wp-image-7969 aligncenter\" src=\"https:\/\/www.tech-arrow.com\/wp-content\/uploads\/2023\/07\/so1-0-autoupdate01.png\" alt=\"Automatischer Updater\" width=\"1920\" \/><\/p>\n<\/div>\n<p><!-- --------------------------- GROUP END --------------------------- --><br \/>\n<!-- --------------------------- GROUP START --------------------------- --><\/p>\n<div style=\"border: 1px solid #ddd; background-color: white; width: 94%; padding: 3%; margin-bottom: 20px;\">\n<h3 style=\"color: red; padding-top: 0px;\">Installationsprogramm<\/h3>\n<p><!--more--><br \/>\n<strong>\u2713 Installationsprogramm<\/strong><\/p>\n<p style=\"text-align: justify;\">Unser benutzerfreundliches und intuitives Installationsprogramm sorgt f\u00fcr eine rasche und nahtlose Bereitstellung der Anwendung und gew\u00e4hrleistet eine problemlose Nutzung.<\/p>\n<p><img decoding=\"async\" class=\"size-medium wp-image-7969 aligncenter\" src=\"https:\/\/www.tech-arrow.com\/wp-content\/uploads\/2023\/07\/so1-0-installer02.png\" alt=\"Installationsprogramm\" width=\"1920\" \/><\/p>\n<\/div>\n<p><!-- --------------------------- GROUP END --------------------------- --><\/p>\n<div style=\"border: 1px solid #dddddd; background-color: white; width: 94%; padding: 3%; margin-bottom: 20px;\">\n<h3 style=\"color: red; padding-top: 0px;\">Dokumentation<\/h3>\n<p style=\"text-align: left;\"><strong>\u2713 Dokumentation<\/strong> &#8211; Bitte beachten Sie die aktualisierte Dokumentation und die aktualisierten Handb\u00fccher.<\/p>\n<p><a href=\"https:\/\/documentation.tech-arrow.com\/storage-optimizer-documentation\/\" target=\"_blank\" rel=\"noopener noreferrer\"><img loading=\"lazy\" decoding=\"async\" src=\"https:\/\/www.tech-arrow.com\/wp-content\/uploads\/2016\/02\/3.png\" alt=\"3\" width=\"20\" height=\"20\" \/>\u00a0Benutzerhandbuch f\u00fcr Storage Optimizer user manual<\/a><\/p>\n<p><a href=\"https:\/\/documentation.tech-arrow.com\/contentaccess-manuals\/\" target=\"_blank\" rel=\"noopener noreferrer\"><img loading=\"lazy\" decoding=\"async\" src=\"https:\/\/www.tech-arrow.com\/wp-content\/uploads\/2016\/02\/3.png\" alt=\"3\" width=\"20\" height=\"20\" \/>\u00a0Benutzerhandb\u00fccher f\u00fcr contentACCESS und Client-Apps.<\/a><\/p>\n<\/div>\n","protected":false},"excerpt":{"rendered":"<p>Eine Liste aller Versionshinweise k\u00f6nnen Sie hier finden. Die folgende Liste bietet Ihnen eine \u00dcbersicht \u00fcber die neuesten Verbesserungen die Ihnen von Storage Optimizer 1.0 geboten werden: Anwendung<\/p>\n","protected":false},"author":4,"featured_media":0,"parent":0,"menu_order":0,"comment_status":"closed","ping_status":"closed","template":"","meta":{"_acf_changed":false,"inline_featured_image":false,"footnotes":""},"class_list":["post-11435","page","type-page","status-publish","hentry"],"acf":[],"yoast_head":"<!-- This site is optimized with the Yoast SEO plugin v27.0 - https:\/\/yoast.com\/product\/yoast-seo-wordpress\/ -->\n<title>Storage Optimizer version 1.0 \u2013 details - TECH-ARROW<\/title>\n<meta name=\"robots\" content=\"index, follow, max-snippet:-1, max-image-preview:large, max-video-preview:-1\" \/>\n<link rel=\"canonical\" href=\"https:\/\/www.tech-arrow.com\/de\/storage-optimizer-version-1-0-details\/\" \/>\n<meta property=\"og:locale\" content=\"de_DE\" \/>\n<meta property=\"og:type\" content=\"article\" \/>\n<meta property=\"og:title\" content=\"Storage Optimizer version 1.0 \u2013 details - TECH-ARROW\" \/>\n<meta property=\"og:description\" content=\"Eine Liste aller Versionshinweise k\u00f6nnen Sie hier finden. Die folgende Liste bietet Ihnen eine \u00dcbersicht \u00fcber die neuesten Verbesserungen die Ihnen von Storage Optimizer 1.0 geboten werden: Anwendung\" \/>\n<meta property=\"og:url\" content=\"https:\/\/www.tech-arrow.com\/de\/storage-optimizer-version-1-0-details\/\" \/>\n<meta property=\"og:site_name\" content=\"TECH-ARROW\" \/>\n<meta property=\"article:publisher\" content=\"https:\/\/www.facebook.com\/thetecharrow\/?fref=ts\" \/>\n<meta property=\"article:modified_time\" content=\"2024-11-27T13:58:36+00:00\" \/>\n<meta property=\"og:image\" content=\"https:\/\/www.tech-arrow.com\/wp-content\/uploads\/2023\/07\/so1-0-modernauth01.png\" \/>\n<meta name=\"twitter:card\" content=\"summary_large_image\" \/>\n<script type=\"application\/ld+json\" class=\"yoast-schema-graph\">{\"@context\":\"https:\/\/schema.org\",\"@graph\":[{\"@type\":\"WebPage\",\"@id\":\"https:\/\/www.tech-arrow.com\/de\/storage-optimizer-version-1-0-details\/\",\"url\":\"https:\/\/www.tech-arrow.com\/de\/storage-optimizer-version-1-0-details\/\",\"name\":\"Storage Optimizer version 1.0 \u2013 details - TECH-ARROW\",\"isPartOf\":{\"@id\":\"https:\/\/www.tech-arrow.com\/#website\"},\"primaryImageOfPage\":{\"@id\":\"https:\/\/www.tech-arrow.com\/de\/storage-optimizer-version-1-0-details\/#primaryimage\"},\"image\":{\"@id\":\"https:\/\/www.tech-arrow.com\/de\/storage-optimizer-version-1-0-details\/#primaryimage\"},\"thumbnailUrl\":\"https:\/\/www.tech-arrow.com\/wp-content\/uploads\/2023\/07\/so1-0-modernauth01.png\",\"datePublished\":\"2023-08-02T12:25:22+00:00\",\"dateModified\":\"2024-11-27T13:58:36+00:00\",\"breadcrumb\":{\"@id\":\"https:\/\/www.tech-arrow.com\/de\/storage-optimizer-version-1-0-details\/#breadcrumb\"},\"inLanguage\":\"de\",\"potentialAction\":[{\"@type\":\"ReadAction\",\"target\":[\"https:\/\/www.tech-arrow.com\/de\/storage-optimizer-version-1-0-details\/\"]}]},{\"@type\":\"ImageObject\",\"inLanguage\":\"de\",\"@id\":\"https:\/\/www.tech-arrow.com\/de\/storage-optimizer-version-1-0-details\/#primaryimage\",\"url\":\"https:\/\/www.tech-arrow.com\/wp-content\/uploads\/2023\/07\/so1-0-modernauth01.png\",\"contentUrl\":\"https:\/\/www.tech-arrow.com\/wp-content\/uploads\/2023\/07\/so1-0-modernauth01.png\"},{\"@type\":\"BreadcrumbList\",\"@id\":\"https:\/\/www.tech-arrow.com\/de\/storage-optimizer-version-1-0-details\/#breadcrumb\",\"itemListElement\":[{\"@type\":\"ListItem\",\"position\":1,\"name\":\"Home\",\"item\":\"https:\/\/www.tech-arrow.com\/de\/\"},{\"@type\":\"ListItem\",\"position\":2,\"name\":\"Storage Optimizer version 1.0 \u2013 details\"}]},{\"@type\":\"WebSite\",\"@id\":\"https:\/\/www.tech-arrow.com\/#website\",\"url\":\"https:\/\/www.tech-arrow.com\/\",\"name\":\"TECH-ARROW\",\"description\":\"\",\"publisher\":{\"@id\":\"https:\/\/www.tech-arrow.com\/#organization\"},\"potentialAction\":[{\"@type\":\"SearchAction\",\"target\":{\"@type\":\"EntryPoint\",\"urlTemplate\":\"https:\/\/www.tech-arrow.com\/?s={search_term_string}\"},\"query-input\":{\"@type\":\"PropertyValueSpecification\",\"valueRequired\":true,\"valueName\":\"search_term_string\"}}],\"inLanguage\":\"de\"},{\"@type\":\"Organization\",\"@id\":\"https:\/\/www.tech-arrow.com\/#organization\",\"name\":\"TECH-ARROW, GmbH.\",\"url\":\"https:\/\/www.tech-arrow.com\/\",\"logo\":{\"@type\":\"ImageObject\",\"inLanguage\":\"de\",\"@id\":\"https:\/\/www.tech-arrow.com\/#\/schema\/logo\/image\/\",\"url\":\"https:\/\/www.tech-arrow.com\/wp-content\/uploads\/2017\/04\/techarrow-logo-481x97.png\",\"contentUrl\":\"https:\/\/www.tech-arrow.com\/wp-content\/uploads\/2017\/04\/techarrow-logo-481x97.png\",\"width\":481,\"height\":97,\"caption\":\"TECH-ARROW, GmbH.\"},\"image\":{\"@id\":\"https:\/\/www.tech-arrow.com\/#\/schema\/logo\/image\/\"},\"sameAs\":[\"https:\/\/www.facebook.com\/thetecharrow\/?fref=ts\",\"https:\/\/www.linkedin.com\/company\/techarrow\",\"https:\/\/www.youtube.com\/user\/thetecharrow\"]}]}<\/script>\n<!-- \/ Yoast SEO plugin. -->","yoast_head_json":{"title":"Storage Optimizer version 1.0 \u2013 details - TECH-ARROW","robots":{"index":"index","follow":"follow","max-snippet":"max-snippet:-1","max-image-preview":"max-image-preview:large","max-video-preview":"max-video-preview:-1"},"canonical":"https:\/\/www.tech-arrow.com\/de\/storage-optimizer-version-1-0-details\/","og_locale":"de_DE","og_type":"article","og_title":"Storage Optimizer version 1.0 \u2013 details - TECH-ARROW","og_description":"Eine Liste aller Versionshinweise k\u00f6nnen Sie hier finden. Die folgende Liste bietet Ihnen eine \u00dcbersicht \u00fcber die neuesten Verbesserungen die Ihnen von Storage Optimizer 1.0 geboten werden: Anwendung","og_url":"https:\/\/www.tech-arrow.com\/de\/storage-optimizer-version-1-0-details\/","og_site_name":"TECH-ARROW","article_publisher":"https:\/\/www.facebook.com\/thetecharrow\/?fref=ts","article_modified_time":"2024-11-27T13:58:36+00:00","og_image":[{"url":"https:\/\/www.tech-arrow.com\/wp-content\/uploads\/2023\/07\/so1-0-modernauth01.png","type":"","width":"","height":""}],"twitter_card":"summary_large_image","schema":{"@context":"https:\/\/schema.org","@graph":[{"@type":"WebPage","@id":"https:\/\/www.tech-arrow.com\/de\/storage-optimizer-version-1-0-details\/","url":"https:\/\/www.tech-arrow.com\/de\/storage-optimizer-version-1-0-details\/","name":"Storage Optimizer version 1.0 \u2013 details - TECH-ARROW","isPartOf":{"@id":"https:\/\/www.tech-arrow.com\/#website"},"primaryImageOfPage":{"@id":"https:\/\/www.tech-arrow.com\/de\/storage-optimizer-version-1-0-details\/#primaryimage"},"image":{"@id":"https:\/\/www.tech-arrow.com\/de\/storage-optimizer-version-1-0-details\/#primaryimage"},"thumbnailUrl":"https:\/\/www.tech-arrow.com\/wp-content\/uploads\/2023\/07\/so1-0-modernauth01.png","datePublished":"2023-08-02T12:25:22+00:00","dateModified":"2024-11-27T13:58:36+00:00","breadcrumb":{"@id":"https:\/\/www.tech-arrow.com\/de\/storage-optimizer-version-1-0-details\/#breadcrumb"},"inLanguage":"de","potentialAction":[{"@type":"ReadAction","target":["https:\/\/www.tech-arrow.com\/de\/storage-optimizer-version-1-0-details\/"]}]},{"@type":"ImageObject","inLanguage":"de","@id":"https:\/\/www.tech-arrow.com\/de\/storage-optimizer-version-1-0-details\/#primaryimage","url":"https:\/\/www.tech-arrow.com\/wp-content\/uploads\/2023\/07\/so1-0-modernauth01.png","contentUrl":"https:\/\/www.tech-arrow.com\/wp-content\/uploads\/2023\/07\/so1-0-modernauth01.png"},{"@type":"BreadcrumbList","@id":"https:\/\/www.tech-arrow.com\/de\/storage-optimizer-version-1-0-details\/#breadcrumb","itemListElement":[{"@type":"ListItem","position":1,"name":"Home","item":"https:\/\/www.tech-arrow.com\/de\/"},{"@type":"ListItem","position":2,"name":"Storage Optimizer version 1.0 \u2013 details"}]},{"@type":"WebSite","@id":"https:\/\/www.tech-arrow.com\/#website","url":"https:\/\/www.tech-arrow.com\/","name":"TECH-ARROW","description":"","publisher":{"@id":"https:\/\/www.tech-arrow.com\/#organization"},"potentialAction":[{"@type":"SearchAction","target":{"@type":"EntryPoint","urlTemplate":"https:\/\/www.tech-arrow.com\/?s={search_term_string}"},"query-input":{"@type":"PropertyValueSpecification","valueRequired":true,"valueName":"search_term_string"}}],"inLanguage":"de"},{"@type":"Organization","@id":"https:\/\/www.tech-arrow.com\/#organization","name":"TECH-ARROW, GmbH.","url":"https:\/\/www.tech-arrow.com\/","logo":{"@type":"ImageObject","inLanguage":"de","@id":"https:\/\/www.tech-arrow.com\/#\/schema\/logo\/image\/","url":"https:\/\/www.tech-arrow.com\/wp-content\/uploads\/2017\/04\/techarrow-logo-481x97.png","contentUrl":"https:\/\/www.tech-arrow.com\/wp-content\/uploads\/2017\/04\/techarrow-logo-481x97.png","width":481,"height":97,"caption":"TECH-ARROW, GmbH."},"image":{"@id":"https:\/\/www.tech-arrow.com\/#\/schema\/logo\/image\/"},"sameAs":["https:\/\/www.facebook.com\/thetecharrow\/?fref=ts","https:\/\/www.linkedin.com\/company\/techarrow","https:\/\/www.youtube.com\/user\/thetecharrow"]}]}},"_links":{"self":[{"href":"https:\/\/www.tech-arrow.com\/de\/wp-json\/wp\/v2\/pages\/11435","targetHints":{"allow":["GET"]}}],"collection":[{"href":"https:\/\/www.tech-arrow.com\/de\/wp-json\/wp\/v2\/pages"}],"about":[{"href":"https:\/\/www.tech-arrow.com\/de\/wp-json\/wp\/v2\/types\/page"}],"author":[{"embeddable":true,"href":"https:\/\/www.tech-arrow.com\/de\/wp-json\/wp\/v2\/users\/4"}],"replies":[{"embeddable":true,"href":"https:\/\/www.tech-arrow.com\/de\/wp-json\/wp\/v2\/comments?post=11435"}],"version-history":[{"count":3,"href":"https:\/\/www.tech-arrow.com\/de\/wp-json\/wp\/v2\/pages\/11435\/revisions"}],"predecessor-version":[{"id":13393,"href":"https:\/\/www.tech-arrow.com\/de\/wp-json\/wp\/v2\/pages\/11435\/revisions\/13393"}],"wp:attachment":[{"href":"https:\/\/www.tech-arrow.com\/de\/wp-json\/wp\/v2\/media?parent=11435"}],"curies":[{"name":"wp","href":"https:\/\/api.w.org\/{rel}","templated":true}]}}