{"id":12829,"date":"2024-06-06T22:51:22","date_gmt":"2024-06-06T20:51:22","guid":{"rendered":"https:\/\/www.tech-arrow.com\/?page_id=12829"},"modified":"2024-11-27T15:07:12","modified_gmt":"2024-11-27T14:07:12","slug":"contentaccess-version-6-4-details","status":"publish","type":"page","link":"https:\/\/www.tech-arrow.com\/de\/contentaccess-version-6-4-details\/","title":{"rendered":"contentACCESS Version 6.4 details"},"content":{"rendered":"<p>Eine Liste aller Versionshinweise k\u00f6nnen Sie <a href=\"https:\/\/www.tech-arrow.com\/de\/contentaccess-anmerkungen-zu-dieser-version\/\" rel=\"noopener noreferrer\">hier<\/a> finden.<br \/>\nDie folgende Liste bietet Ihnen eine \u00dcbersicht \u00fcber die neuesten Verbesserungen die Ihnen von contentACCESS 6.4 geboten werden:<br \/>\n<!-- --------------------------- GROUP START --------------------------- --><\/p>\n<div style=\"border: 1px solid #ddd; background-color: white; width: 94%; padding: 3%; margin-bottom: 20px;\">\n<h3 style=\"color: red; padding-top: 0px;\">Teams archive<\/h3>\n<p><!--more--><br \/>\n<strong>\u2713 Rechtssichere Chat-Archivierung<\/strong><\/p>\n<p style=\"text-align: justify;\">Einf\u00fchrung der rechtssicheren Archivierungsfunktion f\u00fcr private Chats, die eine umfassende Datenaufbewahrung und eine \u00dcbereinstimmung mit den Rechtsvorschriften gew\u00e4hrleisten soll. W\u00e4hrend wir zuvor die Archivierung von Teams-Chats mithilfe kostenloser Microsoft-APIs unterst\u00fctzt haben, haben wir diese Funktion jetzt durch einen neuen rechtssicheren Archivierungsauftrag erweitert. Diese neue Methode erm\u00f6glicht contentACCESS den Zugriff auf alle Chats, einschlie\u00dflich gel\u00f6schter Nachrichten und Chats mit Benutzern anderer Microsoft 365-Mandanten, und bietet so eine gr\u00fcndlichere Archivierungsl\u00f6sung. Es ist jedoch wichtig zu beachten, dass diese erweiterte Funktionalit\u00e4t einen Nachteil hat \u2013 sie nutzt kostenpflichtige Microsoft-APIs. Sie haben die Wahl: Sie k\u00f6nnen weiterhin die \u00e4ltere, funktionsreichere Methode verwenden oder sich f\u00fcr den neuen rechtssicheren Archivierungsjob entscheiden, um verbesserte Rechtssichere &#8211; und Datenaufbewahrungsfunktionen zu erhalten.<\/p>\n<p><img decoding=\"async\" class=\"size-medium wp-image-7969 aligncenter\" src=\"https:\/\/www.tech-arrow.com\/wp-content\/uploads\/2024\/06\/ca6-4-chat-compliant-archive01.png\" alt=\"Chat compliant archive\" width=\"1920\" \/><\/p>\n<p><strong>\u2713 Rechtssichere Team-Archivierung<\/strong><\/p>\n<p style=\"text-align: justify;\">Stellen Sie unsere rechtssichere Teams-Archivierungsfunktion vor, die entwickelt wurde, um umfassende Datenaufbewahrung und Rechtssicherheit zu gew\u00e4hrleisten. Bisher unterst\u00fctzten wir die Teams-Archivierung mit kostenlosen Microsoft-APIs, die eine umfangreiche Funktionalit\u00e4t zur Datenfilterung boten. Diese APIs hatten jedoch Einschr\u00e4nkungen: Gel\u00f6schte Nachrichten waren nicht abrufbar. Mit unseren neuen rechtssicheren Archivierungsauftr\u00e4gen kann contentACCESS jetzt auf alle Teams-Kommunikationen zugreifen, einschlie\u00dflich gel\u00f6schter Nachrichten. Diese erweiterte Funktionalit\u00e4t behebt fr\u00fchere Einschr\u00e4nkungen und stellt eine umfassendere Archivierungsl\u00f6sung sicher. Es ist wichtig zu beachten, dass diese fortschrittliche F\u00e4higkeit mit einem Kompromiss verbunden ist \u2013 sie nutzt kostenpflichtige Microsoft-APIs. Die Entscheidung liegt bei Ihnen: Sie k\u00f6nnen weiterhin die \u00e4ltere Methode f\u00fcr ihre umfangreiche Funktionalit\u00e4t verwenden oder sich f\u00fcr die neuen rechtssicheren Archivierungsauftr\u00e4ge entscheiden, um die Rechtssichere &#8211; und Datenaufbewahrungsf\u00e4higkeiten f\u00fcr Ihre Teams-Daten zu verbessern.<\/p>\n<p><img decoding=\"async\" class=\"size-medium wp-image-7969 aligncenter\" src=\"https:\/\/www.tech-arrow.com\/wp-content\/uploads\/2024\/06\/ca6-4-teams-compliant-archive01.png\" alt=\"Teams compliant archive\" width=\"1920\" \/><\/p>\n<p><strong>\u2713 Neue Bereitstellungsfilteroptionen<\/strong><\/p>\n<p style=\"text-align: justify;\">Erh\u00f6hen Sie die Kategorisierungsgenauigkeit Ihres Teams mit unseren neuesten Bereitstellungsfilteroptionen. Jetzt k\u00f6nnen Sie nach Vertraulichkeit, Eigent\u00fcmern, Erstellungsdatum und vielem mehr filtern. Mit dieser Funktion k\u00f6nnen Sie genau das archivieren, was Sie ben\u00f6tigen, und so eine optimale Organisation und Effizienz gew\u00e4hrleisten.<br \/>\nMithilfe der Vertraulichkeitsbezeichnung k\u00f6nnen Sie Ihre Teams f\u00fcr die Archivierung direkt im Microsoft-\u00d6kosystem einfach kategorisieren. Dieser intuitive Ansatz macht die Verwaltung und Organisation Ihrer zu archivierenden Teams einfacher als je zuvor.<br \/>\nErleben Sie die Vorteile einer pr\u00e4zisen Kategorisierung und gezielten Archivierung mit unseren neuen Bereitstellungsfilteroptionen.<\/p>\n<p><img decoding=\"async\" class=\"size-medium wp-image-7969 aligncenter\" src=\"https:\/\/www.tech-arrow.com\/wp-content\/uploads\/2024\/06\/ca6-4-teams-provisioning-filter01.png\" alt=\"Teams provisioning filter\" width=\"1920\" \/><\/p>\n<\/div>\n<p><!-- --------------------------- GROUP END --------------------------- --><br \/>\n<!-- --------------------------- GROUP START --------------------------- --><\/p>\n<div style=\"border: 1px solid #ddd; background-color: white; width: 94%; padding: 3%; margin-bottom: 20px;\">\n<h3 style=\"color: red; padding-top: 0px;\">Allgemein<\/h3>\n<p><!--more--><br \/>\n<strong>\u2713 Speicherredundanz und Failover-Verbesserungen<\/strong><\/p>\n<p style=\"text-align: justify;\">Wir freuen uns, bedeutende Verbesserungen unserer Speicherredundanz- und Failover-Ebene innerhalb von contentACCESS bekannt zu geben. Dieser entscheidende Aspekt unseres Systems ist jetzt transparenter und einfacher zu konfigurieren und gew\u00e4hrleistet so ein nahtloses Benutzererlebnis. Mit den neuesten Updates unterst\u00fctzt das System jetzt mehrere Sekund\u00e4r- oder Replikatspeicher neben einem Prim\u00e4rspeicher und bietet so erh\u00f6hte Redundanz- und Failover-Funktionen. Dar\u00fcber hinaus haben Administratoren die Flexibilit\u00e4t, Cloud-Speicher als Replikationsspeicher zu nutzen und so ihre M\u00f6glichkeiten zur Datenspeicherung zu erweitern. Dar\u00fcber hinaus bietet die M\u00f6glichkeit, Priorit\u00e4ten f\u00fcr Replikatspeicher festzulegen, eine weitere Ebene der Anpassung und Kontrolle. Im Falle einer Besch\u00e4digung des prim\u00e4ren Speichers k\u00f6nnen Administratoren nahtlos einen Replikatspeicher als prim\u00e4ren Speicher benennen und so den unterbrechungsfreien Zugriff und die \u00c4nderung kritischer Daten gew\u00e4hrleisten. Diese Verbesserungen machen das contentACCESS-Speichersystem insgesamt au\u00dfergew\u00f6hnlich robust, leistungsstark und festigt seine Position als f\u00fchrende L\u00f6sung f\u00fcr Datenmanagement und -schutz weiter.<\/p>\n<p><img decoding=\"async\" class=\"size-medium wp-image-7969 aligncenter\" src=\"https:\/\/www.tech-arrow.com\/wp-content\/uploads\/2024\/06\/ca6-4-storage-replicas01.png\" alt=\"Storage failover and redundancy\" width=\"1920\" \/><\/p>\n<p><strong>\u2713 Elasticsearch auf 8.11.1 aktualisiert<\/strong><\/p>\n<p style=\"text-align: justify;\">Wir haben die Elasticsearch-Version in contentACCESS auf 8.11.1 aktualisiert. Diese neueste Version ist vollst\u00e4ndig kompatibel mit der zuvor verwendeten Version 8.4 und gew\u00e4hrleistet so eine nahtlose Integration und Kontinuit\u00e4t f\u00fcr unsere Benutzer. Neben der Kompatibilit\u00e4t bringt das Update Leistungs- und Stabilit\u00e4tsverbesserungen mit sich, behebt m\u00f6gliche Probleme und optimiert die Funktionalit\u00e4t von contentACCESS weiter. Wir sind bestrebt, unseren Benutzern das bestm\u00f6gliche Erlebnis zu bieten, und dieses Upgrade ist ein weiterer Schritt zur Erreichung dieses Ziels.<\/p>\n<p><strong>\u2713 Unterst\u00fctzung f\u00fcr L\u00f6sch- und Aufbewahrungs\u00e4nderungen f\u00fcr xFlow-Speicher<\/strong><\/p>\n<p style=\"text-align: justify;\">Spannende Neuigkeiten f\u00fcr xFlow-Speicherbenutzer! In dieser Version haben wir Unterst\u00fctzung f\u00fcr das L\u00f6schen und \u00c4ndern der Aufbewahrung im xFlow-Speicher eingef\u00fchrt. Diese Verbesserung erm\u00f6glicht Benutzern eine bessere Kontrolle \u00fcber ihren Datenlebenszyklus und erm\u00f6glicht eine flexiblere Verwaltung gespeicherter Inhalte. Unabh\u00e4ngig davon, ob Aufbewahrungsrichtlinien angepasst oder veraltete Daten selektiv entfernt werden, sorgen diese Funktionen f\u00fcr eine verbesserte Datenverwaltung und Compliance innerhalb der xFlow-Speicherumgebung.<\/p>\n<p><strong>\u2713 Amazon S3-Speicherverbesserungen<\/strong><\/p>\n<p style=\"text-align: justify;\">Wir haben den Amazon S3-Code umfassend umgeschrieben, um Ihnen beispiellose Leistungsverbesserungen zu bieten. Mit diesen Updates ist die Speicherung Ihrer Daten jetzt schneller und effektiver als je zuvor. Profitieren Sie von verbesserter Geschwindigkeit und Effizienz und machen Sie Ihre Datenverwaltung reibungsloser und leistungsf\u00e4higer. Entdecken Sie noch heute die Vorteile unseres erweiterten Amazon S3 und optimieren Sie Ihre Speicherl\u00f6sungen.<\/p>\n<p><strong>\u2713 Leistungs- und Stabilit\u00e4tsverbesserungen<\/strong><\/p>\n<p style=\"text-align: justify;\">Es wurden Verbesserungen vorgenommen, um das System schneller und stabiler zu machen, sodass Ihr contentACCESS-Erlebnis jetzt noch besser ist als zuvor.<\/p>\n<\/div>\n<p><!-- --------------------------- GROUP END --------------------------- --><br \/>\n<!-- --------------------------- GROUP START --------------------------- --><\/p>\n<div style=\"border: 1px solid #ddd; background-color: white; width: 94%; padding: 3%; margin-bottom: 20px;\">\n<h3 style=\"color: red; padding-top: 0px;\">Update von \u00e4lteren Versionen<\/h3>\n<p><!--more--><\/p>\n<p style=\"text-align: justify;\"><strong>\u2713 Pfad aktualisieren:<\/strong> Das Update wird von contentACCESS Version 3.1 und h\u00f6her unterst\u00fctzt. \u00c4ltere Versionen m\u00fcssen zun\u00e4chst auf contentACCESS 3.1 aktualisiert werden und k\u00f6nnen danach auf die neueste Version aktualisiert werden.<\/p>\n<p style=\"text-align: justify;\">Wenn das Update f\u00fcr eine fr\u00fchere Version als 3.3 durchgef\u00fchrt wurde, m\u00fcssen nach dem Update einige der neuen Funktionen manuell konfiguriert werden.<\/p>\n<p style=\"text-align: justify;\">Eine dieser Funktionen ist der Task-Runner, der einen Ressourcenspeicher ben\u00f6tigt, in dem die Exportdateien gespeichert werden. Dieser Speicher muss unter System -&gt; System -&gt; Ressourcenspeichereinstellungen konfiguriert werden. Auf diesen Speicher m\u00fcssen alle contentACCESS-Knoten innerhalb eines Clusters zugreifen k\u00f6nnen. Es wird daher dringend empfohlen, eine Netzwerkfreigabe zu verwenden.<\/p>\n<p style=\"text-align: justify;\"><strong>\u2713 .NET aktualisiert:<\/strong> In contentACCESS 6.4 wurden alle .NET Core basierten Projekte auf .NET 8 aktualisiert. Dies betrifft die folgenden Komponenten: Dokumentvorschau und Suche V2.<\/p>\n<p style=\"text-align: justify;\"><strong>\u2713 TLS 1.1 und \u00e4lter ist deaktiviert:<\/strong> In contentACCESS 6.1 und h\u00f6her sind die TLS-Versionen \u00e4lter als 1.2 aus Sicherheitsgr\u00fcnden deaktiviert.<\/p>\n<p style=\"text-align: justify;\"><strong>\u2713 Die moderne Authentifizierung f\u00fcr das E-Mail-Archiv erfordert mehr Berechtigungen:<\/strong> Wir sind von der veralteten Remote PowerShell zu einer REST-basierten Verwaltungs-API \u00fcbergegangen, die einige weitere Berechtigungen f\u00fcr die konfigurierte Azure AD-Anwendung erfordert.<\/p>\n<p style=\"text-align: justify;\"><strong>\u2713 Search V2 erfordert .NET Core:<\/strong> In 6.0 haben wir die n\u00e4chste Version der Suche eingef\u00fchrt. Die neuen Suchkomponenten zielen auf .NET Core 6 ab, das bei der Einrichtung des Such-Servers automatisch installiert wird.<\/p>\n<p style=\"text-align: justify;\"><strong>\u2713 Teams und Teams Chat Job-Filter m\u00fcssen angepasst werden:<\/strong> In 5.4 haben wir die Filterm\u00f6glichkeiten in allen Teams und Teams Chat-Auftr\u00e4gen vollst\u00e4ndig \u00fcberarbeitet. Ihre bestehenden Einstellungen f\u00fcr Teams und Teams Chat Jobs m\u00fcssen nach dem Update von 5.3 und fr\u00fcher \u00fcberpr\u00fcft und angepasst werden.<\/p>\n<p style=\"text-align: justify;\"><strong>\u2713 Anwendungspool-Identit\u00e4ten ge\u00e4ndert:<\/strong> Um die Sicherheit zu erh\u00f6hen, verwenden alle Anwendungspools von contentACCESS die isolierte IIS App Pool Identity. Dies erfordert einen Wechsel zum serverseitigen Rendering in contentACCESS Portal f\u00fcr das E-Mail-Archiv.<\/p>\n<p style=\"text-align: justify;\"><strong>\u2713 .NET Framework Unterst\u00fctzung:<\/strong> Ab der Version 5.0 wurdedie minimal erforderliche .NET-Version f\u00fcr alle Anwendungen von 4.5.2 auf 4.8 erh\u00f6ht.<\/p>\n<p style=\"text-align: justify;\"><strong>\u2713 Aktivierung der Mail-App:<\/strong> Infolge der Umgestaltung der Aktivierungsmethode der Mail-App in contentACCESS Email Archive wurden neue Berechtigungen eingef\u00fchrt: &#8222;Org Marketplace Apps&#8220; und &#8222;Benutzeroptionen&#8220;, werden ben\u00f6tigt, damit der Superuser korrekt funktioniert.<\/p>\n<p style=\"text-align: justify;\"><strong>\u2713 Outlook Formulare:<\/strong> Wenn das Update von einer fr\u00fcheren Version als 3.4 durchgef\u00fchrt wurde, m\u00fcssen die Outlook-Formulare aufgrund einiger interner \u00c4nderungen im Format der E-Mail-Archivverkn\u00fcpfung auf die neueste Version aktualisiert werden, um die korrekte Funktionalit\u00e4t zu erhalten. F\u00fcr contentACCESS 3.8 m\u00fcssen die Outlook-Formulare aufgrund der \u00c4nderungen bei der Authentifizierung ebenfalls neu ver\u00f6ffentlicht werden.<\/p>\n<p style=\"text-align: justify;\"><strong>\u2713 Fernarchivierung von Dateien:<\/strong> Bei einem Update von contentACCESS 3.6 werden bestehende Remote-Agent-Definitionen nicht mehr funktionieren, da einige der Datenbankstrukturen von der Dateisystem-Archivdatenbank in die Tenant-Datenbank verschoben wurden.<\/p>\n<p style=\"text-align: justify;\"><strong>\u2713 SQL Server Unterst\u00fctzung:<\/strong> Die minimal erforderliche SQL-Version wurde von MS SQL 2008 auf MS SQL 2012 erh\u00f6ht.<\/p>\n<p style=\"text-align: justify;\"><strong>\u2713 Umgestaltete Filterung:<\/strong> Die alte Filterung wurde in ein neues Format umgewandelt. Daher empfehlen wir Ihnen, nach dem Update von 3.7 oder fr\u00fcher alle Ihre Einstellungen f\u00fcr die Auftragsfilterung zu \u00fcberpr\u00fcfen.<\/p>\n<\/div>\n<p><!-- --------------------------- GROUP END --------------------------- --><\/p>\n<div style=\"border: 1px solid #dddddd; background-color: white; width: 94%; padding: 3%; margin-bottom: 20px;\">\n<h3 style=\"color: red; padding-top: 0px;\">Dokumentation<\/h3>\n<p style=\"text-align: left;\"><strong>\u2713 Dokumentation<\/strong> &#8211; Bitte beachten Sie die aktualisierte Dokumentation und die aktualisierten Handb\u00fccher.<\/p>\n<p><a href=\"https:\/\/documentation.tech-arrow.com\/contentaccess-manuals\/\" target=\"_blank\" rel=\"noopener noreferrer\"><img loading=\"lazy\" decoding=\"async\" src=\"https:\/\/www.tech-arrow.com\/wp-content\/uploads\/2016\/02\/3.png\" alt=\"3\" width=\"20\" height=\"20\" \/>\u00a0Benutzerhandb\u00fccher f\u00fcr contentACCESS und Client-Apps.<\/a><\/p>\n<p><a href=\"https:\/\/documentation.tech-arrow.com\/officegate\/\" target=\"_blank\" rel=\"noopener noreferrer\"><img loading=\"lazy\" decoding=\"async\" src=\"https:\/\/www.tech-arrow.com\/wp-content\/uploads\/2016\/02\/3.png\" alt=\"3\" width=\"20\" height=\"20\" \/>\u00a0Benutzerhandbuch f\u00fcr officeGATE<\/a><\/p>\n<p><a href=\"https:\/\/documentation.tech-arrow.com\/tech-arrows-winshortcutter\/\" target=\"_blank\" rel=\"noopener noreferrer\"><img loading=\"lazy\" decoding=\"async\" src=\"https:\/\/www.tech-arrow.com\/wp-content\/uploads\/2016\/02\/3.png\" alt=\"3\" width=\"20\" height=\"20\" \/>\u00a0Benutzerhandbuch f\u00fcr WinShortcutter<\/a><\/p>\n<\/div>\n","protected":false},"excerpt":{"rendered":"<p>Eine Liste aller Versionshinweise k\u00f6nnen Sie hier finden. Die folgende Liste bietet Ihnen eine \u00dcbersicht \u00fcber die neuesten Verbesserungen die Ihnen von contentACCESS 6.4 geboten werden: Teams archive<\/p>\n","protected":false},"author":4,"featured_media":0,"parent":0,"menu_order":0,"comment_status":"closed","ping_status":"closed","template":"","meta":{"_acf_changed":false,"inline_featured_image":false,"footnotes":""},"class_list":["post-12829","page","type-page","status-publish","hentry"],"acf":[],"yoast_head":"<!-- This site is optimized with the Yoast SEO plugin v27.0 - https:\/\/yoast.com\/product\/yoast-seo-wordpress\/ -->\n<title>contentACCESS Version 6.4 details - TECH-ARROW<\/title>\n<meta name=\"robots\" content=\"index, follow, max-snippet:-1, max-image-preview:large, max-video-preview:-1\" \/>\n<link rel=\"canonical\" href=\"https:\/\/www.tech-arrow.com\/de\/contentaccess-version-6-4-details\/\" \/>\n<meta property=\"og:locale\" content=\"de_DE\" \/>\n<meta property=\"og:type\" content=\"article\" \/>\n<meta property=\"og:title\" content=\"contentACCESS Version 6.4 details - TECH-ARROW\" \/>\n<meta property=\"og:description\" content=\"Eine Liste aller Versionshinweise k\u00f6nnen Sie hier finden. Die folgende Liste bietet Ihnen eine \u00dcbersicht \u00fcber die neuesten Verbesserungen die Ihnen von contentACCESS 6.4 geboten werden: Teams archive\" \/>\n<meta property=\"og:url\" content=\"https:\/\/www.tech-arrow.com\/de\/contentaccess-version-6-4-details\/\" \/>\n<meta property=\"og:site_name\" content=\"TECH-ARROW\" \/>\n<meta property=\"article:publisher\" content=\"https:\/\/www.facebook.com\/thetecharrow\/?fref=ts\" \/>\n<meta property=\"article:modified_time\" content=\"2024-11-27T14:07:12+00:00\" \/>\n<meta property=\"og:image\" content=\"https:\/\/www.tech-arrow.com\/wp-content\/uploads\/2024\/06\/ca6-4-chat-compliant-archive01.png\" \/>\n<meta name=\"twitter:card\" content=\"summary_large_image\" \/>\n<script type=\"application\/ld+json\" class=\"yoast-schema-graph\">{\"@context\":\"https:\/\/schema.org\",\"@graph\":[{\"@type\":\"WebPage\",\"@id\":\"https:\/\/www.tech-arrow.com\/de\/contentaccess-version-6-4-details\/\",\"url\":\"https:\/\/www.tech-arrow.com\/de\/contentaccess-version-6-4-details\/\",\"name\":\"contentACCESS Version 6.4 details - TECH-ARROW\",\"isPartOf\":{\"@id\":\"https:\/\/www.tech-arrow.com\/#website\"},\"primaryImageOfPage\":{\"@id\":\"https:\/\/www.tech-arrow.com\/de\/contentaccess-version-6-4-details\/#primaryimage\"},\"image\":{\"@id\":\"https:\/\/www.tech-arrow.com\/de\/contentaccess-version-6-4-details\/#primaryimage\"},\"thumbnailUrl\":\"https:\/\/www.tech-arrow.com\/wp-content\/uploads\/2024\/06\/ca6-4-chat-compliant-archive01.png\",\"datePublished\":\"2024-06-06T20:51:22+00:00\",\"dateModified\":\"2024-11-27T14:07:12+00:00\",\"breadcrumb\":{\"@id\":\"https:\/\/www.tech-arrow.com\/de\/contentaccess-version-6-4-details\/#breadcrumb\"},\"inLanguage\":\"de\",\"potentialAction\":[{\"@type\":\"ReadAction\",\"target\":[\"https:\/\/www.tech-arrow.com\/de\/contentaccess-version-6-4-details\/\"]}]},{\"@type\":\"ImageObject\",\"inLanguage\":\"de\",\"@id\":\"https:\/\/www.tech-arrow.com\/de\/contentaccess-version-6-4-details\/#primaryimage\",\"url\":\"https:\/\/www.tech-arrow.com\/wp-content\/uploads\/2024\/06\/ca6-4-chat-compliant-archive01.png\",\"contentUrl\":\"https:\/\/www.tech-arrow.com\/wp-content\/uploads\/2024\/06\/ca6-4-chat-compliant-archive01.png\"},{\"@type\":\"BreadcrumbList\",\"@id\":\"https:\/\/www.tech-arrow.com\/de\/contentaccess-version-6-4-details\/#breadcrumb\",\"itemListElement\":[{\"@type\":\"ListItem\",\"position\":1,\"name\":\"Home\",\"item\":\"https:\/\/www.tech-arrow.com\/de\/\"},{\"@type\":\"ListItem\",\"position\":2,\"name\":\"contentACCESS Version 6.4 details\"}]},{\"@type\":\"WebSite\",\"@id\":\"https:\/\/www.tech-arrow.com\/#website\",\"url\":\"https:\/\/www.tech-arrow.com\/\",\"name\":\"TECH-ARROW\",\"description\":\"\",\"publisher\":{\"@id\":\"https:\/\/www.tech-arrow.com\/#organization\"},\"potentialAction\":[{\"@type\":\"SearchAction\",\"target\":{\"@type\":\"EntryPoint\",\"urlTemplate\":\"https:\/\/www.tech-arrow.com\/?s={search_term_string}\"},\"query-input\":{\"@type\":\"PropertyValueSpecification\",\"valueRequired\":true,\"valueName\":\"search_term_string\"}}],\"inLanguage\":\"de\"},{\"@type\":\"Organization\",\"@id\":\"https:\/\/www.tech-arrow.com\/#organization\",\"name\":\"TECH-ARROW, GmbH.\",\"url\":\"https:\/\/www.tech-arrow.com\/\",\"logo\":{\"@type\":\"ImageObject\",\"inLanguage\":\"de\",\"@id\":\"https:\/\/www.tech-arrow.com\/#\/schema\/logo\/image\/\",\"url\":\"https:\/\/www.tech-arrow.com\/wp-content\/uploads\/2017\/04\/techarrow-logo-481x97.png\",\"contentUrl\":\"https:\/\/www.tech-arrow.com\/wp-content\/uploads\/2017\/04\/techarrow-logo-481x97.png\",\"width\":481,\"height\":97,\"caption\":\"TECH-ARROW, GmbH.\"},\"image\":{\"@id\":\"https:\/\/www.tech-arrow.com\/#\/schema\/logo\/image\/\"},\"sameAs\":[\"https:\/\/www.facebook.com\/thetecharrow\/?fref=ts\",\"https:\/\/www.linkedin.com\/company\/techarrow\",\"https:\/\/www.youtube.com\/user\/thetecharrow\"]}]}<\/script>\n<!-- \/ Yoast SEO plugin. -->","yoast_head_json":{"title":"contentACCESS Version 6.4 details - TECH-ARROW","robots":{"index":"index","follow":"follow","max-snippet":"max-snippet:-1","max-image-preview":"max-image-preview:large","max-video-preview":"max-video-preview:-1"},"canonical":"https:\/\/www.tech-arrow.com\/de\/contentaccess-version-6-4-details\/","og_locale":"de_DE","og_type":"article","og_title":"contentACCESS Version 6.4 details - TECH-ARROW","og_description":"Eine Liste aller Versionshinweise k\u00f6nnen Sie hier finden. Die folgende Liste bietet Ihnen eine \u00dcbersicht \u00fcber die neuesten Verbesserungen die Ihnen von contentACCESS 6.4 geboten werden: Teams archive","og_url":"https:\/\/www.tech-arrow.com\/de\/contentaccess-version-6-4-details\/","og_site_name":"TECH-ARROW","article_publisher":"https:\/\/www.facebook.com\/thetecharrow\/?fref=ts","article_modified_time":"2024-11-27T14:07:12+00:00","og_image":[{"url":"https:\/\/www.tech-arrow.com\/wp-content\/uploads\/2024\/06\/ca6-4-chat-compliant-archive01.png","type":"","width":"","height":""}],"twitter_card":"summary_large_image","schema":{"@context":"https:\/\/schema.org","@graph":[{"@type":"WebPage","@id":"https:\/\/www.tech-arrow.com\/de\/contentaccess-version-6-4-details\/","url":"https:\/\/www.tech-arrow.com\/de\/contentaccess-version-6-4-details\/","name":"contentACCESS Version 6.4 details - TECH-ARROW","isPartOf":{"@id":"https:\/\/www.tech-arrow.com\/#website"},"primaryImageOfPage":{"@id":"https:\/\/www.tech-arrow.com\/de\/contentaccess-version-6-4-details\/#primaryimage"},"image":{"@id":"https:\/\/www.tech-arrow.com\/de\/contentaccess-version-6-4-details\/#primaryimage"},"thumbnailUrl":"https:\/\/www.tech-arrow.com\/wp-content\/uploads\/2024\/06\/ca6-4-chat-compliant-archive01.png","datePublished":"2024-06-06T20:51:22+00:00","dateModified":"2024-11-27T14:07:12+00:00","breadcrumb":{"@id":"https:\/\/www.tech-arrow.com\/de\/contentaccess-version-6-4-details\/#breadcrumb"},"inLanguage":"de","potentialAction":[{"@type":"ReadAction","target":["https:\/\/www.tech-arrow.com\/de\/contentaccess-version-6-4-details\/"]}]},{"@type":"ImageObject","inLanguage":"de","@id":"https:\/\/www.tech-arrow.com\/de\/contentaccess-version-6-4-details\/#primaryimage","url":"https:\/\/www.tech-arrow.com\/wp-content\/uploads\/2024\/06\/ca6-4-chat-compliant-archive01.png","contentUrl":"https:\/\/www.tech-arrow.com\/wp-content\/uploads\/2024\/06\/ca6-4-chat-compliant-archive01.png"},{"@type":"BreadcrumbList","@id":"https:\/\/www.tech-arrow.com\/de\/contentaccess-version-6-4-details\/#breadcrumb","itemListElement":[{"@type":"ListItem","position":1,"name":"Home","item":"https:\/\/www.tech-arrow.com\/de\/"},{"@type":"ListItem","position":2,"name":"contentACCESS Version 6.4 details"}]},{"@type":"WebSite","@id":"https:\/\/www.tech-arrow.com\/#website","url":"https:\/\/www.tech-arrow.com\/","name":"TECH-ARROW","description":"","publisher":{"@id":"https:\/\/www.tech-arrow.com\/#organization"},"potentialAction":[{"@type":"SearchAction","target":{"@type":"EntryPoint","urlTemplate":"https:\/\/www.tech-arrow.com\/?s={search_term_string}"},"query-input":{"@type":"PropertyValueSpecification","valueRequired":true,"valueName":"search_term_string"}}],"inLanguage":"de"},{"@type":"Organization","@id":"https:\/\/www.tech-arrow.com\/#organization","name":"TECH-ARROW, GmbH.","url":"https:\/\/www.tech-arrow.com\/","logo":{"@type":"ImageObject","inLanguage":"de","@id":"https:\/\/www.tech-arrow.com\/#\/schema\/logo\/image\/","url":"https:\/\/www.tech-arrow.com\/wp-content\/uploads\/2017\/04\/techarrow-logo-481x97.png","contentUrl":"https:\/\/www.tech-arrow.com\/wp-content\/uploads\/2017\/04\/techarrow-logo-481x97.png","width":481,"height":97,"caption":"TECH-ARROW, GmbH."},"image":{"@id":"https:\/\/www.tech-arrow.com\/#\/schema\/logo\/image\/"},"sameAs":["https:\/\/www.facebook.com\/thetecharrow\/?fref=ts","https:\/\/www.linkedin.com\/company\/techarrow","https:\/\/www.youtube.com\/user\/thetecharrow"]}]}},"_links":{"self":[{"href":"https:\/\/www.tech-arrow.com\/de\/wp-json\/wp\/v2\/pages\/12829","targetHints":{"allow":["GET"]}}],"collection":[{"href":"https:\/\/www.tech-arrow.com\/de\/wp-json\/wp\/v2\/pages"}],"about":[{"href":"https:\/\/www.tech-arrow.com\/de\/wp-json\/wp\/v2\/types\/page"}],"author":[{"embeddable":true,"href":"https:\/\/www.tech-arrow.com\/de\/wp-json\/wp\/v2\/users\/4"}],"replies":[{"embeddable":true,"href":"https:\/\/www.tech-arrow.com\/de\/wp-json\/wp\/v2\/comments?post=12829"}],"version-history":[{"count":3,"href":"https:\/\/www.tech-arrow.com\/de\/wp-json\/wp\/v2\/pages\/12829\/revisions"}],"predecessor-version":[{"id":13440,"href":"https:\/\/www.tech-arrow.com\/de\/wp-json\/wp\/v2\/pages\/12829\/revisions\/13440"}],"wp:attachment":[{"href":"https:\/\/www.tech-arrow.com\/de\/wp-json\/wp\/v2\/media?parent=12829"}],"curies":[{"name":"wp","href":"https:\/\/api.w.org\/{rel}","templated":true}]}}