{"id":13020,"date":"2024-08-15T10:17:41","date_gmt":"2024-08-15T08:17:41","guid":{"rendered":"https:\/\/www.tech-arrow.com\/?page_id=13020"},"modified":"2024-11-27T14:58:47","modified_gmt":"2024-11-27T13:58:47","slug":"storage-optimizer-version-2-0-details","status":"publish","type":"page","link":"https:\/\/www.tech-arrow.com\/de\/storage-optimizer-version-2-0-details\/","title":{"rendered":"Storage Optimizer version 2.0 \u2013 details"},"content":{"rendered":"<p>Eine Liste aller Versionshinweise k\u00f6nnen Sie <a href=\"https:\/\/www.tech-arrow.com\/de\/storage-optimizer-anmerkungen-zu-dieser-version\/\" rel=\"noopener noreferrer\">hier<\/a> finden.<br \/>\nDie folgende Liste bietet Ihnen eine \u00dcbersicht \u00fcber die neuesten Verbesserungen die Ihnen von Storage Optimizer 2.0 geboten werden:<br \/>\n<!-- --------------------------- GROUP START --------------------------- --><\/p>\n<div style=\"border: 1px solid #ddd; background-color: white; width: 94%; padding: 3%; margin-bottom: 20px;\">\n<h3 style=\"color: red; padding-top: 0px;\">Anwendung<\/h3>\n<p><!--more--><br \/>\n<strong>\u2713 Einf\u00fchrung in PRO<\/strong><\/p>\n<p style=\"text-align: justify;\">Wir stellen Storage Optimizer PRO vor, unsere Premium-L\u00f6sung f\u00fcr Profis, die mehr von ihren Datenverwaltungstools verlangen. PRO verbessert Ihre Speicheroptimierungserfahrung durch erweiterte Berichtsfunktionen, die Ihnen tiefere Einblicke in Ihre Daten erm\u00f6glichen. Die robuste Datenexportfunktion macht das Teilen und Pr\u00e4sentieren Ihrer Analysen einfach und effizient.<br \/>\nDas Highlight von Storage Optimizer PRO ist seine leistungsstarke Bereinigungsfunktion, mit der Sie unerw\u00fcnschte Daten identifizieren und entfernen k\u00f6nnen, wodurch Sie die Speicherkosten erheblich senken k\u00f6nnen. Mit PRO haben Sie die vollst\u00e4ndige Kontrolle \u00fcber Ihre Datenumgebung und k\u00f6nnen sicherstellen, dass Ihre Speicherl\u00f6sung immer optimiert ist und die Kosten minimiert werden.<br \/>\nEgal, ob Sie gro\u00dfe Datenmengen verwalten oder einfach nach effizienteren Speicherl\u00f6sungen suchen, Storage Optimizer PRO bietet Ihnen die Tools, die Sie brauchen, um immer einen Schritt voraus zu sein. St\u00e4rken Sie Ihr Datenmanagement mit der Pr\u00e4zision und Effizienz, die nur PRO anbieten kann.<\/p>\n<p><img decoding=\"async\" class=\"size-medium wp-image-7969 aligncenter\" src=\"https:\/\/www.tech-arrow.com\/wp-content\/uploads\/2024\/08\/so2-0-cleanup01.png\" alt=\"Storage Optimizer PRO Bereinigung\" width=\"1920\" \/><\/p>\n<p><strong>\u2713 Datenbereinigung<\/strong><\/p>\n<p style=\"text-align: justify;\">Mit unserer Bereinigungsfunktion haben Sie die vollst\u00e4ndige Kontrolle \u00fcber die Verwaltung und Bereinigung Ihrer Daten. Sie k\u00f6nnen angeben, welche einzelnen Dateiversionen entfernt und welche behalten werden sollen. Dabei k\u00f6nnen Sie entweder die letzten Versionen beibehalten oder eine Auswahl anhand bestimmter Daten treffen. Diese Flexibilit\u00e4t stellt sicher, dass nur die relevantesten Daten in Ihrem System verbleiben.<br \/>\nSie k\u00f6nnen alte Dateien auch basierend auf ihrem letzten \u00c4nderungsdatum l\u00f6schen, was das Entfernen veralteter oder unn\u00f6tiger Daten erleichtert. Dar\u00fcber hinaus umfasst der Bereinigungsprozess eine Option zum Leeren des Papierkorbs, sodass Sie mit nur wenigen Klicks Speicherplatz freigeben k\u00f6nnen.<br \/>\nW\u00e4hrend Sie Ihre Bereinigungseinstellungen anpassen, berechnet das System die genaue Menge an Speicherplatz, die Sie einsparen werden, sodass Sie sich vor dem Handeln ein klares Bild von den Vorteilen machen k\u00f6nnen. Zur zus\u00e4tzlichen Sicherheit k\u00f6nnen Sie vor dem Beginn der Bereinigung einen detaillierten Bericht erstellen, in dem Sie Ihre Auswahl \u00fcberpr\u00fcfen und sicherstellen k\u00f6nnen, dass alles in Ordnung ist. Mit diesen leistungsstarken Tools k\u00f6nnen Sie Ihren Speicher optimieren und Ihre Daten effizienter als je zuvor verwalten.<\/p>\n<p><img decoding=\"async\" class=\"size-medium wp-image-7969 aligncenter\" src=\"https:\/\/www.tech-arrow.com\/wp-content\/uploads\/2024\/08\/so2-0-cleanup02.png\" alt=\"Storage Optimizer PRO Bereinigung\" width=\"1920\" \/><\/p>\n<p><strong>\u2713 Erweiterte Berichte<\/strong><\/p>\n<p style=\"text-align: justify;\">Mit unserer erweiterten Berichtsfunktion erhalten Sie umfassende Einblicke in Ihre Datenstrukturen und Verteilung und k\u00f6nnen Ihren Speicher bis ins kleinste Detail analysieren. Sehen Sie sofort, wo Ihre Benutzer ihre Daten speichern \u2013 ob in Teams, OneDrive oder SharePoint \u2013 und erhalten Sie so einen klaren \u00dcberblick \u00fcber die Datenwelt Ihres Unternehmens.<br \/>\nErweiterte Berichte helfen Ihnen au\u00dferdem dabei, Engp\u00e4sse in Ihren Datenstrukturen zu identifizieren. Finden Sie schnell heraus, welche Sites, Bibliotheken oder Ordner die meisten Dateien und Versionen ansammeln, sodass Sie Ineffizienzen beheben und die Speichernutzung optimieren k\u00f6nnen. Indem Sie tief in diese Details eintauchen, k\u00f6nnen Sie fundierte Entscheidungen treffen, um Ihr Datenmanagement zu optimieren und die Gesamtsystemleistung zu verbessern.<\/p>\n<p><img decoding=\"async\" class=\"size-medium wp-image-7969 aligncenter\" src=\"https:\/\/www.tech-arrow.com\/wp-content\/uploads\/2024\/09\/so2-0-advancedreports02.png\" alt=\"Erweiterte Berichterstellung\" width=\"1920\" \/><\/p>\n<p><strong>\u2713 Export<\/strong><\/p>\n<p style=\"text-align: justify;\">Nach Abschluss Ihrer Datenanalyse k\u00f6nnen Sie Ihre Berichte mit unserer Exportfunktion in das PDF-Format exportieren. So k\u00f6nnen Sie Ihre Ergebnisse problemlos mit Entscheidungstr\u00e4gern teilen und Ihre Erkenntnisse klar und professionell pr\u00e4sentieren. Mit ausgefeilten, leicht zug\u00e4nglichen Berichten k\u00f6nnen Sie Ihre Analyse effektiv vermitteln und Stakeholder davon \u00fcberzeugen, die n\u00e4chsten Schritte zu unternehmen.<\/p>\n<p><img decoding=\"async\" class=\"size-medium wp-image-7969 aligncenter\" src=\"https:\/\/www.tech-arrow.com\/wp-content\/uploads\/2024\/09\/so2-0-export02.png\" alt=\"Exportieren Sie Ihre Analyseergebnisse\" width=\"1920\" \/><\/p>\n<p><strong>\u2713 Einstellungen<\/strong><\/p>\n<p style=\"text-align: justify;\">Wir haben die wichtigsten Einstellungen und allgemeinen Informationen an einem einzigen, leicht zu navigierenden Ort zusammengef\u00fchrt. Sie k\u00f6nnen jetzt Ihren Lizenzschl\u00fcssel verwalten, K\u00e4ufe abwickeln und auf wichtige Anwendungsdetails zugreifen, alles ist an einem Ort. Mit diesem Setup ist es einfacher denn je, Ihre Software auf dem neuesten Stand zu halten und an Ihre Pr\u00e4ferenzen anzupassen.<\/p>\n<p><img decoding=\"async\" class=\"size-medium wp-image-7969 aligncenter\" src=\"https:\/\/www.tech-arrow.com\/wp-content\/uploads\/2024\/08\/so2-0-settings01.png\" alt=\"Einstellungen\" width=\"1920\" \/><\/p>\n<p><strong>\u2713 Archiv- und Backup-Integration<\/strong><\/p>\n<p style=\"text-align: justify;\">Storage Optimizer bietet vielseitige L\u00f6sungen zur Kostensenkung und zur Erf\u00fcllung der Datenverwaltungsanforderungen Ihres Unternehmens. F\u00fcr Organisationen mit strengen Vorschriften zur Datenaufbewahrung bietet unser contentACCESS-Archiv eine sichere Archivierungsoption. Es kann Dateien und Versionen aus SharePoint auslagern und durch eine kleine, transparente Verkn\u00fcpfung ersetzen, wodurch die Einhaltung der Vorschriften gew\u00e4hrleistet und gleichzeitig Speicherplatz freigegeben wird.<br \/>\nF\u00fcr Unternehmen ohne strenge Aufbewahrungspflichten bieten wir eine robuste Backup-L\u00f6sung. Damit k\u00f6nnen Sie Ihre Daten sch\u00fctzen, indem Sie vor jeder Bereinigung Backups erstellen und so sicherstellen, dass nichts versehentlich gel\u00f6scht wird.<br \/>\nSie k\u00f6nnen jetzt sowohl die Archivierung als auch die Sicherungsl\u00f6sungen kostenlos testen und so feststellen, welche Vorteile diese Ihrem Unternehmen bieten k\u00f6nnen.<\/p>\n<p><img decoding=\"async\" class=\"size-medium wp-image-7969 aligncenter\" src=\"https:\/\/www.tech-arrow.com\/wp-content\/uploads\/2024\/08\/so2-0-archivenbackup-integration01.png\" alt=\"Testen Sie Archive and Backup kostenlos\" width=\"1920\" \/><\/p>\n<p><strong>\u2713 Schnellere Bearbeitung<\/strong><\/p>\n<p style=\"text-align: justify;\">Im vergangenen Jahr haben wir eng mit unseren Kunden zusammengearbeitet, um unseren Analyseprozess zu optimieren. Das Ergebnis sind deutlich schnellere Datenanalyse und Bereinigungsgeschwindigkeiten. Mit diesen Verbesserungen k\u00f6nnen Sie Ihre Daten jetzt effizienter analysieren und verwalten und so wertvolle Zeit und Ressourcen sparen.<\/p>\n<\/div>\n<p><!-- --------------------------- GROUP END --------------------------- --><\/p>\n<div style=\"border: 1px solid #dddddd; background-color: white; width: 94%; padding: 3%; margin-bottom: 20px;\">\n<h3 style=\"color: red; padding-top: 0px;\">Dokumentation<\/h3>\n<p style=\"text-align: left;\"><strong>\u2713 Dokumentation<\/strong> &#8211; Bitte beachten Sie die aktualisierte Dokumentation und die aktualisierten Handb\u00fccher.<\/p>\n<p><a href=\"https:\/\/documentation.tech-arrow.com\/storage-optimizer-documentation\/\" target=\"_blank\" rel=\"noopener noreferrer\"><img loading=\"lazy\" decoding=\"async\" src=\"https:\/\/www.tech-arrow.com\/wp-content\/uploads\/2016\/02\/3.png\" alt=\"3\" width=\"20\" height=\"20\" \/>\u00a0Benutzerhandbuch f\u00fcr Storage Optimizer user manual<\/a><\/p>\n<p><a href=\"https:\/\/documentation.tech-arrow.com\/contentaccess-manuals\/\" target=\"_blank\" rel=\"noopener noreferrer\"><img loading=\"lazy\" decoding=\"async\" src=\"https:\/\/www.tech-arrow.com\/wp-content\/uploads\/2016\/02\/3.png\" alt=\"3\" width=\"20\" height=\"20\" \/>\u00a0Benutzerhandb\u00fccher f\u00fcr contentACCESS und Client-Apps.<\/a><\/p>\n<\/div>\n","protected":false},"excerpt":{"rendered":"<p>Eine Liste aller Versionshinweise k\u00f6nnen Sie hier finden. Die folgende Liste bietet Ihnen eine \u00dcbersicht \u00fcber die neuesten Verbesserungen die Ihnen von Storage Optimizer 2.0 geboten werden: Anwendung<\/p>\n","protected":false},"author":4,"featured_media":0,"parent":0,"menu_order":0,"comment_status":"closed","ping_status":"closed","template":"","meta":{"_acf_changed":false,"inline_featured_image":false,"footnotes":""},"class_list":["post-13020","page","type-page","status-publish","hentry"],"acf":[],"yoast_head":"<!-- This site is optimized with the Yoast SEO plugin v27.0 - https:\/\/yoast.com\/product\/yoast-seo-wordpress\/ -->\n<title>Storage Optimizer version 2.0 \u2013 details - TECH-ARROW<\/title>\n<meta name=\"robots\" content=\"index, follow, max-snippet:-1, max-image-preview:large, max-video-preview:-1\" \/>\n<link rel=\"canonical\" href=\"https:\/\/www.tech-arrow.com\/de\/storage-optimizer-version-2-0-details\/\" \/>\n<meta property=\"og:locale\" content=\"de_DE\" \/>\n<meta property=\"og:type\" content=\"article\" \/>\n<meta property=\"og:title\" content=\"Storage Optimizer version 2.0 \u2013 details - TECH-ARROW\" \/>\n<meta property=\"og:description\" content=\"Eine Liste aller Versionshinweise k\u00f6nnen Sie hier finden. Die folgende Liste bietet Ihnen eine \u00dcbersicht \u00fcber die neuesten Verbesserungen die Ihnen von Storage Optimizer 2.0 geboten werden: Anwendung\" \/>\n<meta property=\"og:url\" content=\"https:\/\/www.tech-arrow.com\/de\/storage-optimizer-version-2-0-details\/\" \/>\n<meta property=\"og:site_name\" content=\"TECH-ARROW\" \/>\n<meta property=\"article:publisher\" content=\"https:\/\/www.facebook.com\/thetecharrow\/?fref=ts\" \/>\n<meta property=\"article:modified_time\" content=\"2024-11-27T13:58:47+00:00\" \/>\n<meta property=\"og:image\" content=\"https:\/\/www.tech-arrow.com\/wp-content\/uploads\/2024\/08\/so2-0-cleanup01.png\" \/>\n<meta name=\"twitter:card\" content=\"summary_large_image\" \/>\n<script type=\"application\/ld+json\" class=\"yoast-schema-graph\">{\"@context\":\"https:\/\/schema.org\",\"@graph\":[{\"@type\":\"WebPage\",\"@id\":\"https:\/\/www.tech-arrow.com\/de\/storage-optimizer-version-2-0-details\/\",\"url\":\"https:\/\/www.tech-arrow.com\/de\/storage-optimizer-version-2-0-details\/\",\"name\":\"Storage Optimizer version 2.0 \u2013 details - TECH-ARROW\",\"isPartOf\":{\"@id\":\"https:\/\/www.tech-arrow.com\/#website\"},\"primaryImageOfPage\":{\"@id\":\"https:\/\/www.tech-arrow.com\/de\/storage-optimizer-version-2-0-details\/#primaryimage\"},\"image\":{\"@id\":\"https:\/\/www.tech-arrow.com\/de\/storage-optimizer-version-2-0-details\/#primaryimage\"},\"thumbnailUrl\":\"https:\/\/www.tech-arrow.com\/wp-content\/uploads\/2024\/08\/so2-0-cleanup01.png\",\"datePublished\":\"2024-08-15T08:17:41+00:00\",\"dateModified\":\"2024-11-27T13:58:47+00:00\",\"breadcrumb\":{\"@id\":\"https:\/\/www.tech-arrow.com\/de\/storage-optimizer-version-2-0-details\/#breadcrumb\"},\"inLanguage\":\"de\",\"potentialAction\":[{\"@type\":\"ReadAction\",\"target\":[\"https:\/\/www.tech-arrow.com\/de\/storage-optimizer-version-2-0-details\/\"]}]},{\"@type\":\"ImageObject\",\"inLanguage\":\"de\",\"@id\":\"https:\/\/www.tech-arrow.com\/de\/storage-optimizer-version-2-0-details\/#primaryimage\",\"url\":\"https:\/\/www.tech-arrow.com\/wp-content\/uploads\/2024\/08\/so2-0-cleanup01.png\",\"contentUrl\":\"https:\/\/www.tech-arrow.com\/wp-content\/uploads\/2024\/08\/so2-0-cleanup01.png\"},{\"@type\":\"BreadcrumbList\",\"@id\":\"https:\/\/www.tech-arrow.com\/de\/storage-optimizer-version-2-0-details\/#breadcrumb\",\"itemListElement\":[{\"@type\":\"ListItem\",\"position\":1,\"name\":\"Home\",\"item\":\"https:\/\/www.tech-arrow.com\/de\/\"},{\"@type\":\"ListItem\",\"position\":2,\"name\":\"Storage Optimizer version 2.0 \u2013 details\"}]},{\"@type\":\"WebSite\",\"@id\":\"https:\/\/www.tech-arrow.com\/#website\",\"url\":\"https:\/\/www.tech-arrow.com\/\",\"name\":\"TECH-ARROW\",\"description\":\"\",\"publisher\":{\"@id\":\"https:\/\/www.tech-arrow.com\/#organization\"},\"potentialAction\":[{\"@type\":\"SearchAction\",\"target\":{\"@type\":\"EntryPoint\",\"urlTemplate\":\"https:\/\/www.tech-arrow.com\/?s={search_term_string}\"},\"query-input\":{\"@type\":\"PropertyValueSpecification\",\"valueRequired\":true,\"valueName\":\"search_term_string\"}}],\"inLanguage\":\"de\"},{\"@type\":\"Organization\",\"@id\":\"https:\/\/www.tech-arrow.com\/#organization\",\"name\":\"TECH-ARROW, GmbH.\",\"url\":\"https:\/\/www.tech-arrow.com\/\",\"logo\":{\"@type\":\"ImageObject\",\"inLanguage\":\"de\",\"@id\":\"https:\/\/www.tech-arrow.com\/#\/schema\/logo\/image\/\",\"url\":\"https:\/\/www.tech-arrow.com\/wp-content\/uploads\/2017\/04\/techarrow-logo-481x97.png\",\"contentUrl\":\"https:\/\/www.tech-arrow.com\/wp-content\/uploads\/2017\/04\/techarrow-logo-481x97.png\",\"width\":481,\"height\":97,\"caption\":\"TECH-ARROW, GmbH.\"},\"image\":{\"@id\":\"https:\/\/www.tech-arrow.com\/#\/schema\/logo\/image\/\"},\"sameAs\":[\"https:\/\/www.facebook.com\/thetecharrow\/?fref=ts\",\"https:\/\/www.linkedin.com\/company\/techarrow\",\"https:\/\/www.youtube.com\/user\/thetecharrow\"]}]}<\/script>\n<!-- \/ Yoast SEO plugin. -->","yoast_head_json":{"title":"Storage Optimizer version 2.0 \u2013 details - TECH-ARROW","robots":{"index":"index","follow":"follow","max-snippet":"max-snippet:-1","max-image-preview":"max-image-preview:large","max-video-preview":"max-video-preview:-1"},"canonical":"https:\/\/www.tech-arrow.com\/de\/storage-optimizer-version-2-0-details\/","og_locale":"de_DE","og_type":"article","og_title":"Storage Optimizer version 2.0 \u2013 details - TECH-ARROW","og_description":"Eine Liste aller Versionshinweise k\u00f6nnen Sie hier finden. Die folgende Liste bietet Ihnen eine \u00dcbersicht \u00fcber die neuesten Verbesserungen die Ihnen von Storage Optimizer 2.0 geboten werden: Anwendung","og_url":"https:\/\/www.tech-arrow.com\/de\/storage-optimizer-version-2-0-details\/","og_site_name":"TECH-ARROW","article_publisher":"https:\/\/www.facebook.com\/thetecharrow\/?fref=ts","article_modified_time":"2024-11-27T13:58:47+00:00","og_image":[{"url":"https:\/\/www.tech-arrow.com\/wp-content\/uploads\/2024\/08\/so2-0-cleanup01.png","type":"","width":"","height":""}],"twitter_card":"summary_large_image","schema":{"@context":"https:\/\/schema.org","@graph":[{"@type":"WebPage","@id":"https:\/\/www.tech-arrow.com\/de\/storage-optimizer-version-2-0-details\/","url":"https:\/\/www.tech-arrow.com\/de\/storage-optimizer-version-2-0-details\/","name":"Storage Optimizer version 2.0 \u2013 details - TECH-ARROW","isPartOf":{"@id":"https:\/\/www.tech-arrow.com\/#website"},"primaryImageOfPage":{"@id":"https:\/\/www.tech-arrow.com\/de\/storage-optimizer-version-2-0-details\/#primaryimage"},"image":{"@id":"https:\/\/www.tech-arrow.com\/de\/storage-optimizer-version-2-0-details\/#primaryimage"},"thumbnailUrl":"https:\/\/www.tech-arrow.com\/wp-content\/uploads\/2024\/08\/so2-0-cleanup01.png","datePublished":"2024-08-15T08:17:41+00:00","dateModified":"2024-11-27T13:58:47+00:00","breadcrumb":{"@id":"https:\/\/www.tech-arrow.com\/de\/storage-optimizer-version-2-0-details\/#breadcrumb"},"inLanguage":"de","potentialAction":[{"@type":"ReadAction","target":["https:\/\/www.tech-arrow.com\/de\/storage-optimizer-version-2-0-details\/"]}]},{"@type":"ImageObject","inLanguage":"de","@id":"https:\/\/www.tech-arrow.com\/de\/storage-optimizer-version-2-0-details\/#primaryimage","url":"https:\/\/www.tech-arrow.com\/wp-content\/uploads\/2024\/08\/so2-0-cleanup01.png","contentUrl":"https:\/\/www.tech-arrow.com\/wp-content\/uploads\/2024\/08\/so2-0-cleanup01.png"},{"@type":"BreadcrumbList","@id":"https:\/\/www.tech-arrow.com\/de\/storage-optimizer-version-2-0-details\/#breadcrumb","itemListElement":[{"@type":"ListItem","position":1,"name":"Home","item":"https:\/\/www.tech-arrow.com\/de\/"},{"@type":"ListItem","position":2,"name":"Storage Optimizer version 2.0 \u2013 details"}]},{"@type":"WebSite","@id":"https:\/\/www.tech-arrow.com\/#website","url":"https:\/\/www.tech-arrow.com\/","name":"TECH-ARROW","description":"","publisher":{"@id":"https:\/\/www.tech-arrow.com\/#organization"},"potentialAction":[{"@type":"SearchAction","target":{"@type":"EntryPoint","urlTemplate":"https:\/\/www.tech-arrow.com\/?s={search_term_string}"},"query-input":{"@type":"PropertyValueSpecification","valueRequired":true,"valueName":"search_term_string"}}],"inLanguage":"de"},{"@type":"Organization","@id":"https:\/\/www.tech-arrow.com\/#organization","name":"TECH-ARROW, GmbH.","url":"https:\/\/www.tech-arrow.com\/","logo":{"@type":"ImageObject","inLanguage":"de","@id":"https:\/\/www.tech-arrow.com\/#\/schema\/logo\/image\/","url":"https:\/\/www.tech-arrow.com\/wp-content\/uploads\/2017\/04\/techarrow-logo-481x97.png","contentUrl":"https:\/\/www.tech-arrow.com\/wp-content\/uploads\/2017\/04\/techarrow-logo-481x97.png","width":481,"height":97,"caption":"TECH-ARROW, GmbH."},"image":{"@id":"https:\/\/www.tech-arrow.com\/#\/schema\/logo\/image\/"},"sameAs":["https:\/\/www.facebook.com\/thetecharrow\/?fref=ts","https:\/\/www.linkedin.com\/company\/techarrow","https:\/\/www.youtube.com\/user\/thetecharrow"]}]}},"_links":{"self":[{"href":"https:\/\/www.tech-arrow.com\/de\/wp-json\/wp\/v2\/pages\/13020","targetHints":{"allow":["GET"]}}],"collection":[{"href":"https:\/\/www.tech-arrow.com\/de\/wp-json\/wp\/v2\/pages"}],"about":[{"href":"https:\/\/www.tech-arrow.com\/de\/wp-json\/wp\/v2\/types\/page"}],"author":[{"embeddable":true,"href":"https:\/\/www.tech-arrow.com\/de\/wp-json\/wp\/v2\/users\/4"}],"replies":[{"embeddable":true,"href":"https:\/\/www.tech-arrow.com\/de\/wp-json\/wp\/v2\/comments?post=13020"}],"version-history":[{"count":5,"href":"https:\/\/www.tech-arrow.com\/de\/wp-json\/wp\/v2\/pages\/13020\/revisions"}],"predecessor-version":[{"id":13394,"href":"https:\/\/www.tech-arrow.com\/de\/wp-json\/wp\/v2\/pages\/13020\/revisions\/13394"}],"wp:attachment":[{"href":"https:\/\/www.tech-arrow.com\/de\/wp-json\/wp\/v2\/media?parent=13020"}],"curies":[{"name":"wp","href":"https:\/\/api.w.org\/{rel}","templated":true}]}}