{"id":14320,"date":"2025-08-18T08:23:18","date_gmt":"2025-08-18T06:23:18","guid":{"rendered":"https:\/\/www.tech-arrow.com\/?page_id=14320"},"modified":"2025-09-12T11:43:27","modified_gmt":"2025-09-12T09:43:27","slug":"storage-optimizer-version-3-0-details","status":"publish","type":"page","link":"https:\/\/www.tech-arrow.com\/de\/storage-optimizer-version-3-0-details\/","title":{"rendered":"Storage Optimizer Version 3.0 \u2013 details"},"content":{"rendered":"<p>Eine Liste aller Versionshinweise k&ouml;nnen Sie <a href=\"https:\/\/www.tech-arrow.com\/de\/storage-optimizer-anmerkungen-zu-dieser-version\/\" rel=\"noopener noreferrer\">hier<\/a> finden.<br \/>\nDie folgende Liste bietet Ihnen eine &Uuml;bersicht &uuml;ber die neuesten Verbesserungen die Ihnen von Storage Optimizer 3.0 geboten werden:<br \/>\n<!-- --------------------------- GROUP START --------------------------- --><\/p>\n<div style=\"border: 1px solid #ddd; background-color: white; width: 94%; padding: 3%; margin-bottom: 20px;\">\n<h3 style=\"color: red; padding-top: 0px;\">Anwendung<\/h3>\n<p><!--more--><br \/>\n<strong>&check; Benutzerdefinierte Analyseeinstellungen<\/strong><\/p>\n<p style=\"text-align: justify;\">\nDiese Version bietet eine der bisher leistungsst\u00e4rksten Verbesserungen f\u00fcr Storage Optimizer: benutzerdefinierte Analyseeinstellungen. In fr\u00fcheren Versionen war die Optimierungsanalyse auf drei vordefinierte Strategien beschr\u00e4nkt \u2013 Minimal, Optimal und Aggressiv , die zwar allgemeine Richtlinien lieferten, aber nicht immer den individuellen Anforderungen oder Datenrichtlinien der einzelnen Organisationen entsprachen.<br \/>\nJetzt haben Sie die volle Kontrolle. Mit benutzerdefinierten Analyseeinstellungen k\u00f6nnen Sie Ihre eigenen Optimierungsregeln erstellen und Storage Optimizer die potenziellen Auswirkungen der Bereinigung und Kosteneinsparungen anhand Ihrer spezifischen Kriterien berechnen lassen. Sie k\u00f6nnen festlegen, wie alt eine Datei sein muss, bevor sie ausgelagert oder gel\u00f6scht werden kann, und separate Schwellenwerte f\u00fcr veraltete Dateiversionen festlegen. Dieser Grad an Anpassung erm\u00f6glicht es Ihnen, Ihre internen Richtlinien zur Datenaufbewahrung zu modellieren oder verschiedene Strategien zu simulieren, bevor Sie Ma\u00dfnahmen ergreifen.<br \/>\nSobald Ihre benutzerdefinierten Regeln definiert sind, pr\u00e4sentiert Ihnen Storage Optimizer eine detaillierte \u00dcbersicht dar\u00fcber, wie viel Speicherplatz Sie zur\u00fcckgewinnen und wie viel Geld Sie durch die Anwendung der Regel sparen k\u00f6nnten.<\/p>\n<p><img decoding=\"async\" class=\"size-medium wp-image-7969 aligncenter\" src=\"https:\/\/www.tech-arrow.com\/wp-content\/uploads\/2025\/08\/so3-0-custom-analysis01.png\" alt=\"Benutzerdefinierte Analyseeinstellungen einrichten\" width=\"1920\" \/><\/p>\n<p><img decoding=\"async\" class=\"size-medium wp-image-7969 aligncenter\" src=\"https:\/\/www.tech-arrow.com\/wp-content\/uploads\/2025\/08\/so3-0-custom-analysis02.png\" alt=\"Benutzerdefinierte Analyseergebnisse anzeigen\" width=\"1920\" \/><\/p>\n<p><strong>&check; W\u00e4hrungsauswahl<\/strong><\/p>\n<p style=\"text-align: justify;\">\nBisher zeigte Storage Optimizer alle preisrelevanten Daten, wie Speicherkosten und potenzielle Einsparungen, ausschlie\u00dflich in Euro an. Dies war zwar f\u00fcr einige Nutzer geeignet, entsprach jedoch nicht den Anforderungen von Unternehmen, die in L\u00e4ndern mit unterschiedlichen lokalen W\u00e4hrungen t\u00e4tig sind.<br \/>\nMit dieser Version f\u00fchren wir eine flexible W\u00e4hrungsauswahl ein. Nutzer k\u00f6nnen nun ihre bevorzugte W\u00e4hrung aus einer vordefinierten Liste ausw\u00e4hlen, und Storage Optimizer zeigt alle kostenrelevanten Werte entsprechend an. Dies macht die Kostenanalyse intuitiver, verbessert die interne Berichtsabstimmung und unterst\u00fctzt eine optimierte Budgetierung und Entscheidungsfindung auf regionaler Ebene.<\/p>\n<p><img decoding=\"async\" class=\"size-medium wp-image-7969 aligncenter\" src=\"https:\/\/www.tech-arrow.com\/wp-content\/uploads\/2025\/08\/so3-0-price-and-currency-selection.png\" alt=\"W\u00e4hlen Sie eine W\u00e4hrung, um die Preise darin anzuzeigen\" width=\"1920\" \/><\/p>\n<p><strong>&check; Preis f\u00fcr benutzerdefinierten Speicher<\/strong><\/p>\n<p style=\"text-align: justify;\">\nIn fr\u00fcheren Versionen verwendete Storage Optimizer zur Berechnung potenzieller Einsparungen einen festen Microsoft 365 Speicherpreis von 0,20 EUR\/GB\/Monat. Dieser Standardwert lieferte zwar eine allgemeine Sch\u00e4tzung, spiegelte jedoch nicht die tats\u00e4chlichen Kosten vieler Unternehmen wider, insbesondere nicht bei Unternehmen mit volumenbasierten oder rabattierten Preismodellen.<br \/>\nMit der neuen Version bietet Storage Optimizer die M\u00f6glichkeit, Ihren individuellen Speicherpreis pro Gigabyte festzulegen. Dadurch entsprechen die Einsparberechnungen nun der tats\u00e4chlichen Preisstruktur Ihres Unternehmens und gew\u00e4hrleisten pr\u00e4zise und aussagekr\u00e4ftige Berichte. Unabh\u00e4ngig davon, ob Sie aufgrund eines Unternehmensvertrags weniger zahlen oder in verschiedenen Regionen spezifische Tarife gelten, k\u00f6nnen Sie den Wert jetzt an Ihre tats\u00e4chlichen Kosten anpassen.<\/p>\n<p><img decoding=\"async\" class=\"size-medium wp-image-7969 aligncenter\" src=\"https:\/\/www.tech-arrow.com\/wp-content\/uploads\/2025\/08\/so3-0-price-and-currency-selection.png\" alt=\"Legen Sie Ihren Speicherpreis fest\" width=\"1920\" \/><\/p>\n<p><strong>&check; Datenbrowser<\/strong><\/p>\n<p style=\"text-align: justify;\">\nDer neue Datenbrowser bietet tiefere Einblicke in die Struktur und den Inhalt Ihres Microsoft 365 Speichers. Er erm\u00f6glicht es Benutzern, analysierte SharePoint Sites zu erkunden und Dokumentbibliotheken, Ordner und sogar einzelne Dateien zu analysieren. Auf jeder Ebene zeigt der Browser wichtige Speicherkennzahlen an, darunter Gesamtgr\u00f6\u00dfe, Anzahl der Dateien und den von Versionen belegten Speicherplatz. Diese detaillierte \u00dcbersicht hilft Benutzern zu erkennen, wo Speicherplatz verbraucht wird und welche Inhalte am meisten zur Gesamtnutzung beitragen.<\/p>\n<p><img decoding=\"async\" class=\"size-medium wp-image-7969 aligncenter\" src=\"https:\/\/www.tech-arrow.com\/wp-content\/uploads\/2025\/08\/so3-0-data-browser01.png\" alt=\"Storage Optimizer Data Browser\" width=\"1920\" \/><\/p>\n<p><strong>&check; Unterst\u00fctzung bei der Administratorgenehmigung<\/strong><\/p>\n<p style=\"text-align: justify;\">\nStorage Optimizer integriert sich in SharePoint, indem eine Azure Anwendung im Microsoft 365 Mandanten des Kunden registriert wird. Diese Anwendung ben\u00f6tigt bestimmte Berechtigungen f\u00fcr den Zugriff auf und die Analyse von SharePoint Daten. Bisher ben\u00f6tigte der Benutzer, der Storage Optimizer einrichtete, globale Administratorrechte, um diesen Berechtigungen zuzustimmen. Dies stellte in Umgebungen mit getrennten IT Verantwortlichkeiten und fehlenden Benutzern die erforderlichen Berechtigungen eine Herausforderung dar.<br \/>\nMit der neuen Version unterst\u00fctzt Storage Optimizer den Ablauf von Administratorgenehmigungsanfragen. Versucht ein Benutzer ohne ausreichende Rechte, die Anwendung zu registrieren, kann er den Prozess nun starten und eine Berechtigungsanfrage an einen globalen Administrator senden. Sobald der Administrator die erforderliche Zustimmung gepr\u00fcft und erteilt hat, kann der Benutzer mit der M365 Speicheranalyse beginnen.<br \/>\nDieses Update macht Storage Optimizer flexibler in Unternehmensumgebungen, in denen Administratorrechte oft eingeschr\u00e4nkt sind und formale Genehmigungsprozesse durchlaufen m\u00fcssen.\n<\/p>\n<p><strong>&check; Schnellere Verarbeitung<\/strong><\/p>\n<p style=\"text-align: justify;\">\nIm vergangenen Jahr haben wir eng mit unseren Kunden zusammengearbeitet, um unseren Analyseprozess zu optimieren. Das Ergebnis sind deutlich schnellere Datenanalysen und Bereinigungen. Dank dieser Verbesserungen k\u00f6nnen Sie Ihre Daten nun effizienter analysieren und verwalten und so wertvolle Zeit und Ressourcen sparen.\n<\/p>\n<\/div>\n<p><!-- --------------------------- GROUP END --------------------------- --><\/p>\n<div style=\"border: 1px solid #dddddd; background-color: white; width: 94%; padding: 3%; margin-bottom: 20px;\">\n<h3 style=\"color: red; padding-top: 0px;\">Dokumentation<\/h3>\n<p style=\"text-align: left;\"><strong>&check; Dokumentation<\/strong> &#8211; Bitte beachten Sie die aktualisierte Dokumentation und die aktualisierten Handb\u00fccher.<\/p>\n<p><a href=\"https:\/\/documentation.tech-arrow.com\/storage-optimizer-documentation\/\" target=\"_blank\" rel=\"noopener noreferrer\"><img loading=\"lazy\" decoding=\"async\" src=\"https:\/\/www.tech-arrow.com\/wp-content\/uploads\/2016\/02\/3.png\" alt=\"3\" width=\"20\" height=\"20\" \/>&nbsp;Benutzerhandbuch f&uuml;r Storage Optimizer user manual<\/a><\/p>\n<p><a href=\"https:\/\/documentation.tech-arrow.com\/contentaccess-manuals\/\" target=\"_blank\" rel=\"noopener noreferrer\"><img loading=\"lazy\" decoding=\"async\" src=\"https:\/\/www.tech-arrow.com\/wp-content\/uploads\/2016\/02\/3.png\" alt=\"3\" width=\"20\" height=\"20\" \/>&nbsp;Benutzerhandb&uuml;cher f&uuml;r contentACCESS und Client-Apps.<\/a><\/p>\n<\/div>\n","protected":false},"excerpt":{"rendered":"<p>Eine Liste aller Versionshinweise k&ouml;nnen Sie hier finden. Die folgende Liste bietet Ihnen eine &Uuml;bersicht &uuml;ber die neuesten Verbesserungen die Ihnen von Storage Optimizer 3.0 geboten werden: Anwendung<\/p>\n","protected":false},"author":4,"featured_media":0,"parent":0,"menu_order":0,"comment_status":"closed","ping_status":"closed","template":"","meta":{"_acf_changed":false,"inline_featured_image":false,"footnotes":""},"class_list":["post-14320","page","type-page","status-publish","hentry"],"acf":[],"yoast_head":"<!-- This site is optimized with the Yoast SEO plugin v27.0 - https:\/\/yoast.com\/product\/yoast-seo-wordpress\/ -->\n<title>Storage Optimizer Version 3.0 \u2013 details - TECH-ARROW<\/title>\n<meta name=\"description\" content=\"Storage Optimizer Version 3.0 \u2013 details Benutzerdefinierte Analyseeinstellungen, W\u00e4hrungsauswahl, Preis f\u00fcr benutzerdefinierten Speicher\" \/>\n<meta name=\"robots\" content=\"index, follow, max-snippet:-1, max-image-preview:large, max-video-preview:-1\" \/>\n<link rel=\"canonical\" href=\"https:\/\/www.tech-arrow.com\/de\/storage-optimizer-version-3-0-details\/\" \/>\n<meta property=\"og:locale\" content=\"de_DE\" \/>\n<meta property=\"og:type\" content=\"article\" \/>\n<meta property=\"og:title\" content=\"Storage Optimizer Version 3.0 \u2013 details - TECH-ARROW\" \/>\n<meta property=\"og:description\" content=\"Storage Optimizer Version 3.0 \u2013 details Benutzerdefinierte Analyseeinstellungen, W\u00e4hrungsauswahl, Preis f\u00fcr benutzerdefinierten Speicher\" \/>\n<meta property=\"og:url\" content=\"https:\/\/www.tech-arrow.com\/de\/storage-optimizer-version-3-0-details\/\" \/>\n<meta property=\"og:site_name\" content=\"TECH-ARROW\" \/>\n<meta property=\"article:publisher\" content=\"https:\/\/www.facebook.com\/thetecharrow\/?fref=ts\" \/>\n<meta property=\"article:modified_time\" content=\"2025-09-12T09:43:27+00:00\" \/>\n<meta property=\"og:image\" content=\"https:\/\/www.tech-arrow.com\/wp-content\/uploads\/2025\/08\/so3-0-custom-analysis01.png\" \/>\n<meta name=\"twitter:card\" content=\"summary_large_image\" \/>\n<script type=\"application\/ld+json\" class=\"yoast-schema-graph\">{\"@context\":\"https:\/\/schema.org\",\"@graph\":[{\"@type\":\"WebPage\",\"@id\":\"https:\/\/www.tech-arrow.com\/de\/storage-optimizer-version-3-0-details\/\",\"url\":\"https:\/\/www.tech-arrow.com\/de\/storage-optimizer-version-3-0-details\/\",\"name\":\"Storage Optimizer Version 3.0 \u2013 details - TECH-ARROW\",\"isPartOf\":{\"@id\":\"https:\/\/www.tech-arrow.com\/#website\"},\"primaryImageOfPage\":{\"@id\":\"https:\/\/www.tech-arrow.com\/de\/storage-optimizer-version-3-0-details\/#primaryimage\"},\"image\":{\"@id\":\"https:\/\/www.tech-arrow.com\/de\/storage-optimizer-version-3-0-details\/#primaryimage\"},\"thumbnailUrl\":\"https:\/\/www.tech-arrow.com\/wp-content\/uploads\/2025\/08\/so3-0-custom-analysis01.png\",\"datePublished\":\"2025-08-18T06:23:18+00:00\",\"dateModified\":\"2025-09-12T09:43:27+00:00\",\"description\":\"Storage Optimizer Version 3.0 \u2013 details Benutzerdefinierte Analyseeinstellungen, W\u00e4hrungsauswahl, Preis f\u00fcr benutzerdefinierten Speicher\",\"breadcrumb\":{\"@id\":\"https:\/\/www.tech-arrow.com\/de\/storage-optimizer-version-3-0-details\/#breadcrumb\"},\"inLanguage\":\"de\",\"potentialAction\":[{\"@type\":\"ReadAction\",\"target\":[\"https:\/\/www.tech-arrow.com\/de\/storage-optimizer-version-3-0-details\/\"]}]},{\"@type\":\"ImageObject\",\"inLanguage\":\"de\",\"@id\":\"https:\/\/www.tech-arrow.com\/de\/storage-optimizer-version-3-0-details\/#primaryimage\",\"url\":\"https:\/\/www.tech-arrow.com\/wp-content\/uploads\/2025\/08\/so3-0-custom-analysis01.png\",\"contentUrl\":\"https:\/\/www.tech-arrow.com\/wp-content\/uploads\/2025\/08\/so3-0-custom-analysis01.png\"},{\"@type\":\"BreadcrumbList\",\"@id\":\"https:\/\/www.tech-arrow.com\/de\/storage-optimizer-version-3-0-details\/#breadcrumb\",\"itemListElement\":[{\"@type\":\"ListItem\",\"position\":1,\"name\":\"Home\",\"item\":\"https:\/\/www.tech-arrow.com\/de\/\"},{\"@type\":\"ListItem\",\"position\":2,\"name\":\"Storage Optimizer Version 3.0 \u2013 details\"}]},{\"@type\":\"WebSite\",\"@id\":\"https:\/\/www.tech-arrow.com\/#website\",\"url\":\"https:\/\/www.tech-arrow.com\/\",\"name\":\"TECH-ARROW\",\"description\":\"\",\"publisher\":{\"@id\":\"https:\/\/www.tech-arrow.com\/#organization\"},\"potentialAction\":[{\"@type\":\"SearchAction\",\"target\":{\"@type\":\"EntryPoint\",\"urlTemplate\":\"https:\/\/www.tech-arrow.com\/?s={search_term_string}\"},\"query-input\":{\"@type\":\"PropertyValueSpecification\",\"valueRequired\":true,\"valueName\":\"search_term_string\"}}],\"inLanguage\":\"de\"},{\"@type\":\"Organization\",\"@id\":\"https:\/\/www.tech-arrow.com\/#organization\",\"name\":\"TECH-ARROW, GmbH.\",\"url\":\"https:\/\/www.tech-arrow.com\/\",\"logo\":{\"@type\":\"ImageObject\",\"inLanguage\":\"de\",\"@id\":\"https:\/\/www.tech-arrow.com\/#\/schema\/logo\/image\/\",\"url\":\"https:\/\/www.tech-arrow.com\/wp-content\/uploads\/2017\/04\/techarrow-logo-481x97.png\",\"contentUrl\":\"https:\/\/www.tech-arrow.com\/wp-content\/uploads\/2017\/04\/techarrow-logo-481x97.png\",\"width\":481,\"height\":97,\"caption\":\"TECH-ARROW, GmbH.\"},\"image\":{\"@id\":\"https:\/\/www.tech-arrow.com\/#\/schema\/logo\/image\/\"},\"sameAs\":[\"https:\/\/www.facebook.com\/thetecharrow\/?fref=ts\",\"https:\/\/www.linkedin.com\/company\/techarrow\",\"https:\/\/www.youtube.com\/user\/thetecharrow\"]}]}<\/script>\n<!-- \/ Yoast SEO plugin. -->","yoast_head_json":{"title":"Storage Optimizer Version 3.0 \u2013 details - TECH-ARROW","description":"Storage Optimizer Version 3.0 \u2013 details Benutzerdefinierte Analyseeinstellungen, W\u00e4hrungsauswahl, Preis f\u00fcr benutzerdefinierten Speicher","robots":{"index":"index","follow":"follow","max-snippet":"max-snippet:-1","max-image-preview":"max-image-preview:large","max-video-preview":"max-video-preview:-1"},"canonical":"https:\/\/www.tech-arrow.com\/de\/storage-optimizer-version-3-0-details\/","og_locale":"de_DE","og_type":"article","og_title":"Storage Optimizer Version 3.0 \u2013 details - TECH-ARROW","og_description":"Storage Optimizer Version 3.0 \u2013 details Benutzerdefinierte Analyseeinstellungen, W\u00e4hrungsauswahl, Preis f\u00fcr benutzerdefinierten Speicher","og_url":"https:\/\/www.tech-arrow.com\/de\/storage-optimizer-version-3-0-details\/","og_site_name":"TECH-ARROW","article_publisher":"https:\/\/www.facebook.com\/thetecharrow\/?fref=ts","article_modified_time":"2025-09-12T09:43:27+00:00","og_image":[{"url":"https:\/\/www.tech-arrow.com\/wp-content\/uploads\/2025\/08\/so3-0-custom-analysis01.png","type":"","width":"","height":""}],"twitter_card":"summary_large_image","schema":{"@context":"https:\/\/schema.org","@graph":[{"@type":"WebPage","@id":"https:\/\/www.tech-arrow.com\/de\/storage-optimizer-version-3-0-details\/","url":"https:\/\/www.tech-arrow.com\/de\/storage-optimizer-version-3-0-details\/","name":"Storage Optimizer Version 3.0 \u2013 details - TECH-ARROW","isPartOf":{"@id":"https:\/\/www.tech-arrow.com\/#website"},"primaryImageOfPage":{"@id":"https:\/\/www.tech-arrow.com\/de\/storage-optimizer-version-3-0-details\/#primaryimage"},"image":{"@id":"https:\/\/www.tech-arrow.com\/de\/storage-optimizer-version-3-0-details\/#primaryimage"},"thumbnailUrl":"https:\/\/www.tech-arrow.com\/wp-content\/uploads\/2025\/08\/so3-0-custom-analysis01.png","datePublished":"2025-08-18T06:23:18+00:00","dateModified":"2025-09-12T09:43:27+00:00","description":"Storage Optimizer Version 3.0 \u2013 details Benutzerdefinierte Analyseeinstellungen, W\u00e4hrungsauswahl, Preis f\u00fcr benutzerdefinierten Speicher","breadcrumb":{"@id":"https:\/\/www.tech-arrow.com\/de\/storage-optimizer-version-3-0-details\/#breadcrumb"},"inLanguage":"de","potentialAction":[{"@type":"ReadAction","target":["https:\/\/www.tech-arrow.com\/de\/storage-optimizer-version-3-0-details\/"]}]},{"@type":"ImageObject","inLanguage":"de","@id":"https:\/\/www.tech-arrow.com\/de\/storage-optimizer-version-3-0-details\/#primaryimage","url":"https:\/\/www.tech-arrow.com\/wp-content\/uploads\/2025\/08\/so3-0-custom-analysis01.png","contentUrl":"https:\/\/www.tech-arrow.com\/wp-content\/uploads\/2025\/08\/so3-0-custom-analysis01.png"},{"@type":"BreadcrumbList","@id":"https:\/\/www.tech-arrow.com\/de\/storage-optimizer-version-3-0-details\/#breadcrumb","itemListElement":[{"@type":"ListItem","position":1,"name":"Home","item":"https:\/\/www.tech-arrow.com\/de\/"},{"@type":"ListItem","position":2,"name":"Storage Optimizer Version 3.0 \u2013 details"}]},{"@type":"WebSite","@id":"https:\/\/www.tech-arrow.com\/#website","url":"https:\/\/www.tech-arrow.com\/","name":"TECH-ARROW","description":"","publisher":{"@id":"https:\/\/www.tech-arrow.com\/#organization"},"potentialAction":[{"@type":"SearchAction","target":{"@type":"EntryPoint","urlTemplate":"https:\/\/www.tech-arrow.com\/?s={search_term_string}"},"query-input":{"@type":"PropertyValueSpecification","valueRequired":true,"valueName":"search_term_string"}}],"inLanguage":"de"},{"@type":"Organization","@id":"https:\/\/www.tech-arrow.com\/#organization","name":"TECH-ARROW, GmbH.","url":"https:\/\/www.tech-arrow.com\/","logo":{"@type":"ImageObject","inLanguage":"de","@id":"https:\/\/www.tech-arrow.com\/#\/schema\/logo\/image\/","url":"https:\/\/www.tech-arrow.com\/wp-content\/uploads\/2017\/04\/techarrow-logo-481x97.png","contentUrl":"https:\/\/www.tech-arrow.com\/wp-content\/uploads\/2017\/04\/techarrow-logo-481x97.png","width":481,"height":97,"caption":"TECH-ARROW, GmbH."},"image":{"@id":"https:\/\/www.tech-arrow.com\/#\/schema\/logo\/image\/"},"sameAs":["https:\/\/www.facebook.com\/thetecharrow\/?fref=ts","https:\/\/www.linkedin.com\/company\/techarrow","https:\/\/www.youtube.com\/user\/thetecharrow"]}]}},"_links":{"self":[{"href":"https:\/\/www.tech-arrow.com\/de\/wp-json\/wp\/v2\/pages\/14320","targetHints":{"allow":["GET"]}}],"collection":[{"href":"https:\/\/www.tech-arrow.com\/de\/wp-json\/wp\/v2\/pages"}],"about":[{"href":"https:\/\/www.tech-arrow.com\/de\/wp-json\/wp\/v2\/types\/page"}],"author":[{"embeddable":true,"href":"https:\/\/www.tech-arrow.com\/de\/wp-json\/wp\/v2\/users\/4"}],"replies":[{"embeddable":true,"href":"https:\/\/www.tech-arrow.com\/de\/wp-json\/wp\/v2\/comments?post=14320"}],"version-history":[{"count":4,"href":"https:\/\/www.tech-arrow.com\/de\/wp-json\/wp\/v2\/pages\/14320\/revisions"}],"predecessor-version":[{"id":14407,"href":"https:\/\/www.tech-arrow.com\/de\/wp-json\/wp\/v2\/pages\/14320\/revisions\/14407"}],"wp:attachment":[{"href":"https:\/\/www.tech-arrow.com\/de\/wp-json\/wp\/v2\/media?parent=14320"}],"curies":[{"name":"wp","href":"https:\/\/api.w.org\/{rel}","templated":true}]}}