{"id":5440,"date":"2021-10-14T09:19:24","date_gmt":"2021-10-14T07:19:24","guid":{"rendered":"https:\/\/www.tech-arrow.com\/?page_id=5440"},"modified":"2024-11-27T15:10:12","modified_gmt":"2024-11-27T14:10:12","slug":"officegate-version-3-0-details","status":"publish","type":"page","link":"https:\/\/www.tech-arrow.com\/de\/officegate-version-3-0-details\/","title":{"rendered":"officeGATE version 3.0 \u2013 details"},"content":{"rendered":"<p>Eine Liste aller Versionshinweise k\u00f6nnen Sie <a href=\"https:\/\/www.tech-arrow.com\/de\/officegate-anmerkungen-zu-dieser-version\/\" rel=\"noopener\">hier<\/a> finden.<br \/>\nDie folgende Liste bietet Ihnen eine \u00dcbersicht \u00fcber die neuesten Verbesserungen die Ihnen von officeGATE 3.0 geboten werden:<\/p>\n<div style=\"border: 1px solid #dddddd; background-color: white; width: 94%; padding: 3%; margin-bottom: 20px;\"><strong>\u2713 Neues Icon-Set:<\/strong> Wir haben das Icon-Set in officeGATE aktualisiert um Icons von Drittanbietern zu entsprechen. Als Teil dieser Aktualisierung haben wir Icons f\u00fcr Datei Objekte ge\u00e4ndert die nun direkt vom Betriebssystem bezogen werden. Dies stellt sicher, dass alle Benutzer die gleichen Dateisymbole wie im Windows Explorer sehen.<center><img decoding=\"async\" src=\"https:\/\/www.tech-arrow.com\/wp-content\/uploads\/2018\/02\/NewIcons.png\" alt=\"\" width=\"40%\" \/><\/center><strong>\u2713<\/strong> <strong>Manuelle Ordnererstellung in contentACCESS Datei-Archiv:<\/strong> officeGATE erm\u00f6glicht nun die Erstellung von Ordnern direkt in contentACCESS Datei Archiven. Dies erm\u00f6glicht es Endbenutzern Daten besser zu verwalten.<\/p>\n<p><center><img decoding=\"async\" src=\"https:\/\/www.tech-arrow.com\/wp-content\/uploads\/2018\/02\/FS_Folder.png\" alt=\"\" width=\"40%\" \/><\/center><strong>\u2713 Drag &amp; Drop in contentACCESS Datei Archive:<\/strong> In vorherigen Versionen war das Dateiarchiv contentACCESS eine schreibgesch\u00fctzte Ansicht f\u00fcr Benutzer in officeGATE. In dieser Version haben wir dies ge\u00e4ndert und die M\u00f6glichkeit hinzugef\u00fcgt Dateien von officeGATE direkt in das contentACCESS Dateiarchiv zu ziehen. \u00c4hnlich wie bei der manuellen Ordnererstellung k\u00f6nnen Endbenutzer Dateien innerhalb des Dateiarchivs direkt von officeGATE aus archivieren und organisieren und als einfach zu verwaltendes und leistungsstarkes Dateiarchiv verwenden.<\/p>\n<p><strong>\u2713<\/strong> <strong>Zentralisierte contentACCESS Ansichten:<\/strong> Wir haben die Anzeige-Einstellungen in officeGATE mit den Anzeige-Einstellungen von contentWEB vereinheitlicht. Benutzer erhalten jetzt in officeGATE die gleiche Artikelansicht wie die in contentWEB konfigurierte Ansicht. Dies bietet Benutzern eine gleichbleibende Benutzererfahrung in beiden Anwendungen.<\/p>\n<p><center><a href=\"https:\/\/www.tech-arrow.com\/wp-content\/uploads\/2018\/02\/CA_ItemView.png\"><img decoding=\"async\" src=\"https:\/\/www.tech-arrow.com\/wp-content\/uploads\/2018\/02\/CA_ItemView.png\" alt=\"\" width=\"100%\" \/><\/a><\/center><strong>\u2713<\/strong> <strong>\u00d6ffnen von E-Mail Archiv Verkn\u00fcpfungen Offline:<\/strong> officeGATE hat eine bereits eingebaute Offline-Funktion die es Endbenutzern erlaubt Daten zu synchronisieren und offline verf\u00fcgbar zu machen. In dieser neuen Version haben wir diese Funktion erweitert und es ist nun m\u00f6glich in officeGATE Archive von contentACCESS mit Verkn\u00fcpfungen direkt zu \u00f6ffnen sollte die E-Mail im Offline-Cache verf\u00fcgbar sein. Dies gibt Benutzern die M\u00f6glichkeit Archive auch im Offline-Modus zu verwenden. Diese Funktion erfordert die Installation des aktuellsten contentACCESS 3.4 Outlook Forms.<\/p>\n<p><strong>\u2713<\/strong> <strong>E-Mail Archivierung zus\u00e4tzlicher Postf\u00e4cher:<\/strong> Viele Benutzer haben Zugriff auf mehrere Postf\u00e4cher, die auch in Archivpostf\u00e4chern gespiegelt werden. In fr\u00fcheren Versionen war es oftmals schwierig das Hauptpostfach in der Liste der verf\u00fcgbaren Postf\u00e4cher zu finden. Nachdem dies behoben wurde, sammelt officeGATE nun die zus\u00e4tzlichen Postf\u00e4cher in einem separaten Unterordner unter E-Mail-Archiv und zeigt das Hauptpostfach auf einer h\u00f6heren Ebene in der Struktur an. Dies wird dem Endbenutzer helfen sich besser auf das eigene Postfach konzentrieren zu k\u00f6nnen.<\/p>\n<p><center><img decoding=\"async\" src=\"https:\/\/www.tech-arrow.com\/wp-content\/uploads\/2018\/02\/EA_AdditionalMailboxes.png\" alt=\"\" width=\"40%\" \/><\/center><strong>\u2713 E-Mail Archiv Integration Verbesserung:<\/strong> F\u00fcr eine bessere Integration in contentACCESS E-Mail Archiv haben wir 3 neue Ribbon-Kn\u00f6pfe hinzugef\u00fcgt die Endbenutzern mit nur einem Klick Zugriff auf die am h\u00e4ufigsten verwendeten E-Mail Archiv Funktionen bieten. Die neuen Ribbon-Kn\u00f6pfe erm\u00f6glichen ein direktes Archivieren oder L\u00f6schen von Objekten oder Suchen im E-Mail Archiv.<\/p>\n<p><center><img decoding=\"async\" src=\"https:\/\/www.tech-arrow.com\/wp-content\/uploads\/2018\/02\/ArchiveIntegration.png\" alt=\"\" width=\"30%\" \/><\/center><strong>\u2713 Dedizierte Suche nach E-Mail-Archiv:<\/strong> Im Rahmen der Integration von E-Mail-Archiven haben wir OfficeGATE mit einer dedizierten E-Mail-Archivsuchfunktion erweitert. Auf diese Suchfunktion kann direkt \u00fcber die Outlook-Men\u00fcbandleiste zugegriffen werden, sollte der Benutzer \u00fcber ein konfiguriertes contentACCESS-E-Mail-Archiv verf\u00fcgen. Die neue Suchoberfl\u00e4che erm\u00f6glicht es dem Endbenutzer das Hauptpostfach, aber auch andere zug\u00e4ngliche Postf\u00e4cher zu durchsuchen. Sie bietet eine schnelle Suchm\u00f6glichkeit durch die Eingabe eines Stichwortes, aber auch eine Suche mit Hilfe von Eigenschaften, indem eine oder mehrere Eigenschaften und Werte angegeben werden. Der neue Suchdialog unterst\u00fctzt alle Funktionen von officeGATE, wie das Speichern von Artikeln, das Weiterleiten von Artikeln usw.<\/p>\n<p><center><img decoding=\"async\" src=\"https:\/\/www.tech-arrow.com\/wp-content\/uploads\/2018\/02\/EA_Search.png\" alt=\"\" width=\"70%\" \/><\/center><\/div>\n","protected":false},"excerpt":{"rendered":"<p>Eine Liste aller Versionshinweise k\u00f6nnen Sie hier finden. Die folgende Liste bietet Ihnen eine \u00dcbersicht \u00fcber die neuesten Verbesserungen die Ihnen von officeGATE 3.0 geboten werden: \u2713 Neues Icon-Set: Wir haben das Icon-Set in officeGATE aktualisiert um Icons von Drittanbietern zu entsprechen. Als Teil dieser Aktualisierung haben wir Icons f\u00fcr Datei Objekte ge\u00e4ndert die nun [&hellip;]<\/p>\n","protected":false},"author":7,"featured_media":0,"parent":0,"menu_order":0,"comment_status":"closed","ping_status":"closed","template":"","meta":{"_acf_changed":false,"inline_featured_image":false,"footnotes":""},"class_list":["post-5440","page","type-page","status-publish","hentry"],"acf":[],"yoast_head":"<!-- This site is optimized with the Yoast SEO plugin v27.0 - https:\/\/yoast.com\/product\/yoast-seo-wordpress\/ -->\n<title>officeGATE version 3.0 \u2013 details - TECH-ARROW<\/title>\n<meta name=\"robots\" content=\"index, follow, max-snippet:-1, max-image-preview:large, max-video-preview:-1\" \/>\n<link rel=\"canonical\" href=\"https:\/\/www.tech-arrow.com\/de\/officegate-version-3-0-details\/\" \/>\n<meta property=\"og:locale\" content=\"de_DE\" \/>\n<meta property=\"og:type\" content=\"article\" \/>\n<meta property=\"og:title\" content=\"officeGATE version 3.0 \u2013 details - TECH-ARROW\" \/>\n<meta property=\"og:description\" content=\"Eine Liste aller Versionshinweise k\u00f6nnen Sie hier finden. Die folgende Liste bietet Ihnen eine \u00dcbersicht \u00fcber die neuesten Verbesserungen die Ihnen von officeGATE 3.0 geboten werden: \u2713 Neues Icon-Set: Wir haben das Icon-Set in officeGATE aktualisiert um Icons von Drittanbietern zu entsprechen. Als Teil dieser Aktualisierung haben wir Icons f\u00fcr Datei Objekte ge\u00e4ndert die nun [&hellip;]\" \/>\n<meta property=\"og:url\" content=\"https:\/\/www.tech-arrow.com\/de\/officegate-version-3-0-details\/\" \/>\n<meta property=\"og:site_name\" content=\"TECH-ARROW\" \/>\n<meta property=\"article:publisher\" content=\"https:\/\/www.facebook.com\/thetecharrow\/?fref=ts\" \/>\n<meta property=\"article:modified_time\" content=\"2024-11-27T14:10:12+00:00\" \/>\n<meta property=\"og:image\" content=\"https:\/\/www.tech-arrow.com\/wp-content\/uploads\/2018\/02\/NewIcons.png\" \/>\n<meta name=\"twitter:card\" content=\"summary_large_image\" \/>\n<script type=\"application\/ld+json\" class=\"yoast-schema-graph\">{\"@context\":\"https:\/\/schema.org\",\"@graph\":[{\"@type\":\"WebPage\",\"@id\":\"https:\/\/www.tech-arrow.com\/de\/officegate-version-3-0-details\/\",\"url\":\"https:\/\/www.tech-arrow.com\/de\/officegate-version-3-0-details\/\",\"name\":\"officeGATE version 3.0 \u2013 details - TECH-ARROW\",\"isPartOf\":{\"@id\":\"https:\/\/www.tech-arrow.com\/#website\"},\"primaryImageOfPage\":{\"@id\":\"https:\/\/www.tech-arrow.com\/de\/officegate-version-3-0-details\/#primaryimage\"},\"image\":{\"@id\":\"https:\/\/www.tech-arrow.com\/de\/officegate-version-3-0-details\/#primaryimage\"},\"thumbnailUrl\":\"https:\/\/www.tech-arrow.com\/wp-content\/uploads\/2018\/02\/NewIcons.png\",\"datePublished\":\"2021-10-14T07:19:24+00:00\",\"dateModified\":\"2024-11-27T14:10:12+00:00\",\"breadcrumb\":{\"@id\":\"https:\/\/www.tech-arrow.com\/de\/officegate-version-3-0-details\/#breadcrumb\"},\"inLanguage\":\"de\",\"potentialAction\":[{\"@type\":\"ReadAction\",\"target\":[\"https:\/\/www.tech-arrow.com\/de\/officegate-version-3-0-details\/\"]}]},{\"@type\":\"ImageObject\",\"inLanguage\":\"de\",\"@id\":\"https:\/\/www.tech-arrow.com\/de\/officegate-version-3-0-details\/#primaryimage\",\"url\":\"https:\/\/www.tech-arrow.com\/wp-content\/uploads\/2018\/02\/NewIcons.png\",\"contentUrl\":\"https:\/\/www.tech-arrow.com\/wp-content\/uploads\/2018\/02\/NewIcons.png\"},{\"@type\":\"BreadcrumbList\",\"@id\":\"https:\/\/www.tech-arrow.com\/de\/officegate-version-3-0-details\/#breadcrumb\",\"itemListElement\":[{\"@type\":\"ListItem\",\"position\":1,\"name\":\"Home\",\"item\":\"https:\/\/www.tech-arrow.com\/de\/\"},{\"@type\":\"ListItem\",\"position\":2,\"name\":\"officeGATE version 3.0 \u2013 details\"}]},{\"@type\":\"WebSite\",\"@id\":\"https:\/\/www.tech-arrow.com\/#website\",\"url\":\"https:\/\/www.tech-arrow.com\/\",\"name\":\"TECH-ARROW\",\"description\":\"\",\"publisher\":{\"@id\":\"https:\/\/www.tech-arrow.com\/#organization\"},\"potentialAction\":[{\"@type\":\"SearchAction\",\"target\":{\"@type\":\"EntryPoint\",\"urlTemplate\":\"https:\/\/www.tech-arrow.com\/?s={search_term_string}\"},\"query-input\":{\"@type\":\"PropertyValueSpecification\",\"valueRequired\":true,\"valueName\":\"search_term_string\"}}],\"inLanguage\":\"de\"},{\"@type\":\"Organization\",\"@id\":\"https:\/\/www.tech-arrow.com\/#organization\",\"name\":\"TECH-ARROW, GmbH.\",\"url\":\"https:\/\/www.tech-arrow.com\/\",\"logo\":{\"@type\":\"ImageObject\",\"inLanguage\":\"de\",\"@id\":\"https:\/\/www.tech-arrow.com\/#\/schema\/logo\/image\/\",\"url\":\"https:\/\/www.tech-arrow.com\/wp-content\/uploads\/2017\/04\/techarrow-logo-481x97.png\",\"contentUrl\":\"https:\/\/www.tech-arrow.com\/wp-content\/uploads\/2017\/04\/techarrow-logo-481x97.png\",\"width\":481,\"height\":97,\"caption\":\"TECH-ARROW, GmbH.\"},\"image\":{\"@id\":\"https:\/\/www.tech-arrow.com\/#\/schema\/logo\/image\/\"},\"sameAs\":[\"https:\/\/www.facebook.com\/thetecharrow\/?fref=ts\",\"https:\/\/www.linkedin.com\/company\/techarrow\",\"https:\/\/www.youtube.com\/user\/thetecharrow\"]}]}<\/script>\n<!-- \/ Yoast SEO plugin. -->","yoast_head_json":{"title":"officeGATE version 3.0 \u2013 details - TECH-ARROW","robots":{"index":"index","follow":"follow","max-snippet":"max-snippet:-1","max-image-preview":"max-image-preview:large","max-video-preview":"max-video-preview:-1"},"canonical":"https:\/\/www.tech-arrow.com\/de\/officegate-version-3-0-details\/","og_locale":"de_DE","og_type":"article","og_title":"officeGATE version 3.0 \u2013 details - TECH-ARROW","og_description":"Eine Liste aller Versionshinweise k\u00f6nnen Sie hier finden. Die folgende Liste bietet Ihnen eine \u00dcbersicht \u00fcber die neuesten Verbesserungen die Ihnen von officeGATE 3.0 geboten werden: \u2713 Neues Icon-Set: Wir haben das Icon-Set in officeGATE aktualisiert um Icons von Drittanbietern zu entsprechen. Als Teil dieser Aktualisierung haben wir Icons f\u00fcr Datei Objekte ge\u00e4ndert die nun [&hellip;]","og_url":"https:\/\/www.tech-arrow.com\/de\/officegate-version-3-0-details\/","og_site_name":"TECH-ARROW","article_publisher":"https:\/\/www.facebook.com\/thetecharrow\/?fref=ts","article_modified_time":"2024-11-27T14:10:12+00:00","og_image":[{"url":"https:\/\/www.tech-arrow.com\/wp-content\/uploads\/2018\/02\/NewIcons.png","type":"","width":"","height":""}],"twitter_card":"summary_large_image","schema":{"@context":"https:\/\/schema.org","@graph":[{"@type":"WebPage","@id":"https:\/\/www.tech-arrow.com\/de\/officegate-version-3-0-details\/","url":"https:\/\/www.tech-arrow.com\/de\/officegate-version-3-0-details\/","name":"officeGATE version 3.0 \u2013 details - TECH-ARROW","isPartOf":{"@id":"https:\/\/www.tech-arrow.com\/#website"},"primaryImageOfPage":{"@id":"https:\/\/www.tech-arrow.com\/de\/officegate-version-3-0-details\/#primaryimage"},"image":{"@id":"https:\/\/www.tech-arrow.com\/de\/officegate-version-3-0-details\/#primaryimage"},"thumbnailUrl":"https:\/\/www.tech-arrow.com\/wp-content\/uploads\/2018\/02\/NewIcons.png","datePublished":"2021-10-14T07:19:24+00:00","dateModified":"2024-11-27T14:10:12+00:00","breadcrumb":{"@id":"https:\/\/www.tech-arrow.com\/de\/officegate-version-3-0-details\/#breadcrumb"},"inLanguage":"de","potentialAction":[{"@type":"ReadAction","target":["https:\/\/www.tech-arrow.com\/de\/officegate-version-3-0-details\/"]}]},{"@type":"ImageObject","inLanguage":"de","@id":"https:\/\/www.tech-arrow.com\/de\/officegate-version-3-0-details\/#primaryimage","url":"https:\/\/www.tech-arrow.com\/wp-content\/uploads\/2018\/02\/NewIcons.png","contentUrl":"https:\/\/www.tech-arrow.com\/wp-content\/uploads\/2018\/02\/NewIcons.png"},{"@type":"BreadcrumbList","@id":"https:\/\/www.tech-arrow.com\/de\/officegate-version-3-0-details\/#breadcrumb","itemListElement":[{"@type":"ListItem","position":1,"name":"Home","item":"https:\/\/www.tech-arrow.com\/de\/"},{"@type":"ListItem","position":2,"name":"officeGATE version 3.0 \u2013 details"}]},{"@type":"WebSite","@id":"https:\/\/www.tech-arrow.com\/#website","url":"https:\/\/www.tech-arrow.com\/","name":"TECH-ARROW","description":"","publisher":{"@id":"https:\/\/www.tech-arrow.com\/#organization"},"potentialAction":[{"@type":"SearchAction","target":{"@type":"EntryPoint","urlTemplate":"https:\/\/www.tech-arrow.com\/?s={search_term_string}"},"query-input":{"@type":"PropertyValueSpecification","valueRequired":true,"valueName":"search_term_string"}}],"inLanguage":"de"},{"@type":"Organization","@id":"https:\/\/www.tech-arrow.com\/#organization","name":"TECH-ARROW, GmbH.","url":"https:\/\/www.tech-arrow.com\/","logo":{"@type":"ImageObject","inLanguage":"de","@id":"https:\/\/www.tech-arrow.com\/#\/schema\/logo\/image\/","url":"https:\/\/www.tech-arrow.com\/wp-content\/uploads\/2017\/04\/techarrow-logo-481x97.png","contentUrl":"https:\/\/www.tech-arrow.com\/wp-content\/uploads\/2017\/04\/techarrow-logo-481x97.png","width":481,"height":97,"caption":"TECH-ARROW, GmbH."},"image":{"@id":"https:\/\/www.tech-arrow.com\/#\/schema\/logo\/image\/"},"sameAs":["https:\/\/www.facebook.com\/thetecharrow\/?fref=ts","https:\/\/www.linkedin.com\/company\/techarrow","https:\/\/www.youtube.com\/user\/thetecharrow"]}]}},"_links":{"self":[{"href":"https:\/\/www.tech-arrow.com\/de\/wp-json\/wp\/v2\/pages\/5440","targetHints":{"allow":["GET"]}}],"collection":[{"href":"https:\/\/www.tech-arrow.com\/de\/wp-json\/wp\/v2\/pages"}],"about":[{"href":"https:\/\/www.tech-arrow.com\/de\/wp-json\/wp\/v2\/types\/page"}],"author":[{"embeddable":true,"href":"https:\/\/www.tech-arrow.com\/de\/wp-json\/wp\/v2\/users\/7"}],"replies":[{"embeddable":true,"href":"https:\/\/www.tech-arrow.com\/de\/wp-json\/wp\/v2\/comments?post=5440"}],"version-history":[{"count":4,"href":"https:\/\/www.tech-arrow.com\/de\/wp-json\/wp\/v2\/pages\/5440\/revisions"}],"predecessor-version":[{"id":13451,"href":"https:\/\/www.tech-arrow.com\/de\/wp-json\/wp\/v2\/pages\/5440\/revisions\/13451"}],"wp:attachment":[{"href":"https:\/\/www.tech-arrow.com\/de\/wp-json\/wp\/v2\/media?parent=5440"}],"curies":[{"name":"wp","href":"https:\/\/api.w.org\/{rel}","templated":true}]}}