{"id":5446,"date":"2021-10-14T09:20:11","date_gmt":"2021-10-14T07:20:11","guid":{"rendered":"https:\/\/www.tech-arrow.com\/?page_id=5446"},"modified":"2024-11-27T15:09:23","modified_gmt":"2024-11-27T14:09:23","slug":"officegate-version-3-9-details","status":"publish","type":"page","link":"https:\/\/www.tech-arrow.com\/de\/officegate-version-3-9-details\/","title":{"rendered":"officeGATE Version 3.9 \u2013 Details"},"content":{"rendered":"<p>Eine Liste aller Versionshinweise k\u00f6nnen Sie <a href=\"https:\/\/www.tech-arrow.com\/de\/officegate-anmerkungen-zu-dieser-version\/\" rel=\"noopener noreferrer\">hier<\/a> finden.<br \/>\nDie folgende Liste bietet Ihnen eine \u00dcbersicht \u00fcber die neuesten Verbesserungen die Ihnen von officeGATE 3.9 geboten werden:<\/p>\n<div style=\"border: 1px solid #dddddd; background-color: white; width: 94%; padding: 3%; margin-bottom: 20px;\"><strong>\u2713 Verwaltung von Listenelementen:<\/strong> Ab sofort k\u00f6nnen Sie Ihre Listenelemente auch direkt in Outlook verwalten! Erstellen Sie neue Listenelemente, f\u00fcgen Sie Anh\u00e4nge per Drag&amp;Drop hinzu oder ziehen Sie ganze Listenelemente per Drag&amp;Drop in eine E-Mail und sparen Sie noch mehr Zeit als bisher!<center><img decoding=\"async\" src=\"https:\/\/www.tech-arrow.com\/wp-content\/uploads\/2019\/11\/officeGATE-list-item-management.png\" alt=\"\" width=\"35%\" \/><\/center><strong>\u2713 Erstellen von Nachschlagewerken direkt aus der Erstellung von Listenelementen heraus:<\/strong> Erstellen Sie Nachschlagewerke direkt in der Artikellistenerstellung! Diese Funktion ist nicht einmal in SharePoint verf\u00fcgbar und macht officeGATE zum besten Werkzeug zur Steigerung Ihrer Produktivit\u00e4t.<br \/>\n<img decoding=\"async\" class=\"aligncenter\" src=\"https:\/\/www.tech-arrow.com\/wp-content\/uploads\/2019\/11\/officeGATE-lookup-items.png\" alt=\"\" width=\"35%\" \/><\/p>\n<p><strong>\u2713 Bearbeiten von Dokumenten und Dokumentensatzbibliotheken:<\/strong> Bisher zeigte officeGATE die Eigenschaften nur in der Objektansicht an &#8211; jetzt ist es um die M\u00f6glichkeit erweitert, sie auch zu bearbeiten.<\/p>\n<p><center><img decoding=\"async\" src=\"https:\/\/www.tech-arrow.com\/wp-content\/uploads\/2019\/11\/officeGATE-edit-documents-libraries1.png\" alt=\"\" width=\"34%\" \/>\u00a0 \u00a0 \u00a0 \u00a0 \u00a0 <img decoding=\"async\" src=\"https:\/\/www.tech-arrow.com\/wp-content\/uploads\/2019\/11\/officeGATE-edit-documents-libraries2.png\" alt=\"\" width=\"34%\" \/><\/center><strong>\u2713 Schnelleres Laden:<\/strong> Da SharePoint f\u00fcr viele Anwender immer mehr zur bevorzugten L\u00f6sung wird, wollten wir ihr auch einen kleinen Schub geben. Der SharePoint-Provider l\u00e4dt nun viel schneller in der Baumansicht.<\/p>\n<p><strong>\u2713 EIM-Integration:<\/strong> EIM erm\u00f6glicht es dem Benutzer, seine Vorlagen zu verwalten, zu aktivieren und auf SharePoint-Sites bereitzustellen. Dank der Integration k\u00f6nnen officeGATE-Einladungen mit vorkonfigurierter Liste von SharePoint-Sites vom Kundenadministrator direkt aus EIM an Endanwender verschickt werden. Die Endbenutzer k\u00f6nnen sp\u00e4ter ihre in SharePoint gespeicherten Dateien direkt aus Outlook heraus verwalten.<\/p>\n<p><center><img decoding=\"async\" src=\"https:\/\/www.tech-arrow.com\/wp-content\/uploads\/2019\/11\/officeGATE-EIM-integration.png\" alt=\"\" width=\"50%\" \/><\/center><strong>\u2713 Stabilit\u00e4t und Leistungssteigerung: Es wurden viele Stabilit\u00e4ts:<\/strong> und Leistungssteigerungen f\u00fcr ein viel schnelleres und reibungsloseres officeGATE-Erlebnis vorgenommen.<\/p>\n<\/div>\n","protected":false},"excerpt":{"rendered":"<p>Eine Liste aller Versionshinweise k\u00f6nnen Sie hier finden. Die folgende Liste bietet Ihnen eine \u00dcbersicht \u00fcber die neuesten Verbesserungen die Ihnen von officeGATE 3.9 geboten werden: \u2713 Verwaltung von Listenelementen: Ab sofort k\u00f6nnen Sie Ihre Listenelemente auch direkt in Outlook verwalten! Erstellen Sie neue Listenelemente, f\u00fcgen Sie Anh\u00e4nge per Drag&amp;Drop hinzu oder ziehen Sie ganze [&hellip;]<\/p>\n","protected":false},"author":7,"featured_media":0,"parent":0,"menu_order":0,"comment_status":"closed","ping_status":"closed","template":"","meta":{"_acf_changed":false,"inline_featured_image":false,"footnotes":""},"class_list":["post-5446","page","type-page","status-publish","hentry"],"acf":[],"yoast_head":"<!-- This site is optimized with the Yoast SEO plugin v27.0 - https:\/\/yoast.com\/product\/yoast-seo-wordpress\/ -->\n<title>officeGATE Version 3.9 \u2013 Details - TECH-ARROW<\/title>\n<meta name=\"robots\" content=\"index, follow, max-snippet:-1, max-image-preview:large, max-video-preview:-1\" \/>\n<link rel=\"canonical\" href=\"https:\/\/www.tech-arrow.com\/de\/officegate-version-3-9-details\/\" \/>\n<meta property=\"og:locale\" content=\"de_DE\" \/>\n<meta property=\"og:type\" content=\"article\" \/>\n<meta property=\"og:title\" content=\"officeGATE Version 3.9 \u2013 Details - TECH-ARROW\" \/>\n<meta property=\"og:description\" content=\"Eine Liste aller Versionshinweise k\u00f6nnen Sie hier finden. Die folgende Liste bietet Ihnen eine \u00dcbersicht \u00fcber die neuesten Verbesserungen die Ihnen von officeGATE 3.9 geboten werden: \u2713 Verwaltung von Listenelementen: Ab sofort k\u00f6nnen Sie Ihre Listenelemente auch direkt in Outlook verwalten! Erstellen Sie neue Listenelemente, f\u00fcgen Sie Anh\u00e4nge per Drag&amp;Drop hinzu oder ziehen Sie ganze [&hellip;]\" \/>\n<meta property=\"og:url\" content=\"https:\/\/www.tech-arrow.com\/de\/officegate-version-3-9-details\/\" \/>\n<meta property=\"og:site_name\" content=\"TECH-ARROW\" \/>\n<meta property=\"article:publisher\" content=\"https:\/\/www.facebook.com\/thetecharrow\/?fref=ts\" \/>\n<meta property=\"article:modified_time\" content=\"2024-11-27T14:09:23+00:00\" \/>\n<meta property=\"og:image\" content=\"https:\/\/www.tech-arrow.com\/wp-content\/uploads\/2019\/11\/officeGATE-list-item-management.png\" \/>\n<meta name=\"twitter:card\" content=\"summary_large_image\" \/>\n<script type=\"application\/ld+json\" class=\"yoast-schema-graph\">{\"@context\":\"https:\/\/schema.org\",\"@graph\":[{\"@type\":\"WebPage\",\"@id\":\"https:\/\/www.tech-arrow.com\/de\/officegate-version-3-9-details\/\",\"url\":\"https:\/\/www.tech-arrow.com\/de\/officegate-version-3-9-details\/\",\"name\":\"officeGATE Version 3.9 \u2013 Details - TECH-ARROW\",\"isPartOf\":{\"@id\":\"https:\/\/www.tech-arrow.com\/#website\"},\"primaryImageOfPage\":{\"@id\":\"https:\/\/www.tech-arrow.com\/de\/officegate-version-3-9-details\/#primaryimage\"},\"image\":{\"@id\":\"https:\/\/www.tech-arrow.com\/de\/officegate-version-3-9-details\/#primaryimage\"},\"thumbnailUrl\":\"https:\/\/www.tech-arrow.com\/wp-content\/uploads\/2019\/11\/officeGATE-list-item-management.png\",\"datePublished\":\"2021-10-14T07:20:11+00:00\",\"dateModified\":\"2024-11-27T14:09:23+00:00\",\"breadcrumb\":{\"@id\":\"https:\/\/www.tech-arrow.com\/de\/officegate-version-3-9-details\/#breadcrumb\"},\"inLanguage\":\"de\",\"potentialAction\":[{\"@type\":\"ReadAction\",\"target\":[\"https:\/\/www.tech-arrow.com\/de\/officegate-version-3-9-details\/\"]}]},{\"@type\":\"ImageObject\",\"inLanguage\":\"de\",\"@id\":\"https:\/\/www.tech-arrow.com\/de\/officegate-version-3-9-details\/#primaryimage\",\"url\":\"https:\/\/www.tech-arrow.com\/wp-content\/uploads\/2019\/11\/officeGATE-list-item-management.png\",\"contentUrl\":\"https:\/\/www.tech-arrow.com\/wp-content\/uploads\/2019\/11\/officeGATE-list-item-management.png\"},{\"@type\":\"BreadcrumbList\",\"@id\":\"https:\/\/www.tech-arrow.com\/de\/officegate-version-3-9-details\/#breadcrumb\",\"itemListElement\":[{\"@type\":\"ListItem\",\"position\":1,\"name\":\"Home\",\"item\":\"https:\/\/www.tech-arrow.com\/de\/\"},{\"@type\":\"ListItem\",\"position\":2,\"name\":\"officeGATE Version 3.9 \u2013 Details\"}]},{\"@type\":\"WebSite\",\"@id\":\"https:\/\/www.tech-arrow.com\/#website\",\"url\":\"https:\/\/www.tech-arrow.com\/\",\"name\":\"TECH-ARROW\",\"description\":\"\",\"publisher\":{\"@id\":\"https:\/\/www.tech-arrow.com\/#organization\"},\"potentialAction\":[{\"@type\":\"SearchAction\",\"target\":{\"@type\":\"EntryPoint\",\"urlTemplate\":\"https:\/\/www.tech-arrow.com\/?s={search_term_string}\"},\"query-input\":{\"@type\":\"PropertyValueSpecification\",\"valueRequired\":true,\"valueName\":\"search_term_string\"}}],\"inLanguage\":\"de\"},{\"@type\":\"Organization\",\"@id\":\"https:\/\/www.tech-arrow.com\/#organization\",\"name\":\"TECH-ARROW, GmbH.\",\"url\":\"https:\/\/www.tech-arrow.com\/\",\"logo\":{\"@type\":\"ImageObject\",\"inLanguage\":\"de\",\"@id\":\"https:\/\/www.tech-arrow.com\/#\/schema\/logo\/image\/\",\"url\":\"https:\/\/www.tech-arrow.com\/wp-content\/uploads\/2017\/04\/techarrow-logo-481x97.png\",\"contentUrl\":\"https:\/\/www.tech-arrow.com\/wp-content\/uploads\/2017\/04\/techarrow-logo-481x97.png\",\"width\":481,\"height\":97,\"caption\":\"TECH-ARROW, GmbH.\"},\"image\":{\"@id\":\"https:\/\/www.tech-arrow.com\/#\/schema\/logo\/image\/\"},\"sameAs\":[\"https:\/\/www.facebook.com\/thetecharrow\/?fref=ts\",\"https:\/\/www.linkedin.com\/company\/techarrow\",\"https:\/\/www.youtube.com\/user\/thetecharrow\"]}]}<\/script>\n<!-- \/ Yoast SEO plugin. -->","yoast_head_json":{"title":"officeGATE Version 3.9 \u2013 Details - TECH-ARROW","robots":{"index":"index","follow":"follow","max-snippet":"max-snippet:-1","max-image-preview":"max-image-preview:large","max-video-preview":"max-video-preview:-1"},"canonical":"https:\/\/www.tech-arrow.com\/de\/officegate-version-3-9-details\/","og_locale":"de_DE","og_type":"article","og_title":"officeGATE Version 3.9 \u2013 Details - TECH-ARROW","og_description":"Eine Liste aller Versionshinweise k\u00f6nnen Sie hier finden. Die folgende Liste bietet Ihnen eine \u00dcbersicht \u00fcber die neuesten Verbesserungen die Ihnen von officeGATE 3.9 geboten werden: \u2713 Verwaltung von Listenelementen: Ab sofort k\u00f6nnen Sie Ihre Listenelemente auch direkt in Outlook verwalten! Erstellen Sie neue Listenelemente, f\u00fcgen Sie Anh\u00e4nge per Drag&amp;Drop hinzu oder ziehen Sie ganze [&hellip;]","og_url":"https:\/\/www.tech-arrow.com\/de\/officegate-version-3-9-details\/","og_site_name":"TECH-ARROW","article_publisher":"https:\/\/www.facebook.com\/thetecharrow\/?fref=ts","article_modified_time":"2024-11-27T14:09:23+00:00","og_image":[{"url":"https:\/\/www.tech-arrow.com\/wp-content\/uploads\/2019\/11\/officeGATE-list-item-management.png","type":"","width":"","height":""}],"twitter_card":"summary_large_image","schema":{"@context":"https:\/\/schema.org","@graph":[{"@type":"WebPage","@id":"https:\/\/www.tech-arrow.com\/de\/officegate-version-3-9-details\/","url":"https:\/\/www.tech-arrow.com\/de\/officegate-version-3-9-details\/","name":"officeGATE Version 3.9 \u2013 Details - TECH-ARROW","isPartOf":{"@id":"https:\/\/www.tech-arrow.com\/#website"},"primaryImageOfPage":{"@id":"https:\/\/www.tech-arrow.com\/de\/officegate-version-3-9-details\/#primaryimage"},"image":{"@id":"https:\/\/www.tech-arrow.com\/de\/officegate-version-3-9-details\/#primaryimage"},"thumbnailUrl":"https:\/\/www.tech-arrow.com\/wp-content\/uploads\/2019\/11\/officeGATE-list-item-management.png","datePublished":"2021-10-14T07:20:11+00:00","dateModified":"2024-11-27T14:09:23+00:00","breadcrumb":{"@id":"https:\/\/www.tech-arrow.com\/de\/officegate-version-3-9-details\/#breadcrumb"},"inLanguage":"de","potentialAction":[{"@type":"ReadAction","target":["https:\/\/www.tech-arrow.com\/de\/officegate-version-3-9-details\/"]}]},{"@type":"ImageObject","inLanguage":"de","@id":"https:\/\/www.tech-arrow.com\/de\/officegate-version-3-9-details\/#primaryimage","url":"https:\/\/www.tech-arrow.com\/wp-content\/uploads\/2019\/11\/officeGATE-list-item-management.png","contentUrl":"https:\/\/www.tech-arrow.com\/wp-content\/uploads\/2019\/11\/officeGATE-list-item-management.png"},{"@type":"BreadcrumbList","@id":"https:\/\/www.tech-arrow.com\/de\/officegate-version-3-9-details\/#breadcrumb","itemListElement":[{"@type":"ListItem","position":1,"name":"Home","item":"https:\/\/www.tech-arrow.com\/de\/"},{"@type":"ListItem","position":2,"name":"officeGATE Version 3.9 \u2013 Details"}]},{"@type":"WebSite","@id":"https:\/\/www.tech-arrow.com\/#website","url":"https:\/\/www.tech-arrow.com\/","name":"TECH-ARROW","description":"","publisher":{"@id":"https:\/\/www.tech-arrow.com\/#organization"},"potentialAction":[{"@type":"SearchAction","target":{"@type":"EntryPoint","urlTemplate":"https:\/\/www.tech-arrow.com\/?s={search_term_string}"},"query-input":{"@type":"PropertyValueSpecification","valueRequired":true,"valueName":"search_term_string"}}],"inLanguage":"de"},{"@type":"Organization","@id":"https:\/\/www.tech-arrow.com\/#organization","name":"TECH-ARROW, GmbH.","url":"https:\/\/www.tech-arrow.com\/","logo":{"@type":"ImageObject","inLanguage":"de","@id":"https:\/\/www.tech-arrow.com\/#\/schema\/logo\/image\/","url":"https:\/\/www.tech-arrow.com\/wp-content\/uploads\/2017\/04\/techarrow-logo-481x97.png","contentUrl":"https:\/\/www.tech-arrow.com\/wp-content\/uploads\/2017\/04\/techarrow-logo-481x97.png","width":481,"height":97,"caption":"TECH-ARROW, GmbH."},"image":{"@id":"https:\/\/www.tech-arrow.com\/#\/schema\/logo\/image\/"},"sameAs":["https:\/\/www.facebook.com\/thetecharrow\/?fref=ts","https:\/\/www.linkedin.com\/company\/techarrow","https:\/\/www.youtube.com\/user\/thetecharrow"]}]}},"_links":{"self":[{"href":"https:\/\/www.tech-arrow.com\/de\/wp-json\/wp\/v2\/pages\/5446","targetHints":{"allow":["GET"]}}],"collection":[{"href":"https:\/\/www.tech-arrow.com\/de\/wp-json\/wp\/v2\/pages"}],"about":[{"href":"https:\/\/www.tech-arrow.com\/de\/wp-json\/wp\/v2\/types\/page"}],"author":[{"embeddable":true,"href":"https:\/\/www.tech-arrow.com\/de\/wp-json\/wp\/v2\/users\/7"}],"replies":[{"embeddable":true,"href":"https:\/\/www.tech-arrow.com\/de\/wp-json\/wp\/v2\/comments?post=5446"}],"version-history":[{"count":4,"href":"https:\/\/www.tech-arrow.com\/de\/wp-json\/wp\/v2\/pages\/5446\/revisions"}],"predecessor-version":[{"id":13447,"href":"https:\/\/www.tech-arrow.com\/de\/wp-json\/wp\/v2\/pages\/5446\/revisions\/13447"}],"wp:attachment":[{"href":"https:\/\/www.tech-arrow.com\/de\/wp-json\/wp\/v2\/media?parent=5446"}],"curies":[{"name":"wp","href":"https:\/\/api.w.org\/{rel}","templated":true}]}}