{"id":5448,"date":"2021-10-14T09:20:18","date_gmt":"2021-10-14T07:20:18","guid":{"rendered":"https:\/\/www.tech-arrow.com\/?page_id=5448"},"modified":"2024-11-27T15:09:33","modified_gmt":"2024-11-27T14:09:33","slug":"officegate-version-4-0-details","status":"publish","type":"page","link":"https:\/\/www.tech-arrow.com\/de\/officegate-version-4-0-details\/","title":{"rendered":"officeGATE Version 4.0 \u2013 Details"},"content":{"rendered":"<p>Eine Liste aller Versionshinweise k\u00f6nnen Sie <a href=\"https:\/\/www.tech-arrow.com\/de\/officegate-anmerkungen-zu-dieser-version\/\" rel=\"noopener noreferrer\">hier<\/a> finden.<br \/>\nDie folgende Liste bietet Ihnen eine \u00dcbersicht \u00fcber die neuesten Verbesserungen die Ihnen von officeGATE 4.0 geboten werden:<\/p>\n<div style=\"border: 1px solid #dddddd; background-color: white; width: 94%; padding: 3%; margin-bottom: 20px;\"><strong>\u2713 Check-in-Verwaltung<\/strong><\/p>\n<p style=\"text-align: justify;\">Von jetzt an k\u00f6nnen Sie den Ein- \/ Auscheckstatus des SharePoint-Elements sehen und verwalten. officeGATE informiert Sie, ob und von wem der Artikel ausgecheckt wurde. Sie werden ein Dokument auch direkt in officeGATE auschecken oder einchecken k\u00f6nnen.<\/p>\n<p><img decoding=\"async\" class=\"aligncenter size-full wp-image-5550\" src=\"https:\/\/www.tech-arrow.com\/wp-content\/uploads\/2020\/06\/check-in.png\" alt=\"\" width=\"50%\" \/><\/p>\n<p><strong>\u2713 Neues Element erstellen<\/strong><\/p>\n<p style=\"text-align: justify;\">Zuvor erlaubte officeGATE das Hochladen vorhandener Elemente nach SharePoint. In der neuen Version haben wir diese Funktionalit\u00e4t erweitert, um auch das Erstellen neuer Elemente zu erm\u00f6glichen. Die Erstellung neuer Elemente unterst\u00fctzt Bibliotheksvorlagen und Inhaltstypvorlagen. Alle m\u00f6glichen Optionen im neuen Elementerstellungsmen\u00fc von SharePoint sind jetzt auch in officeGATE verf\u00fcgbar!<\/p>\n<p><img decoding=\"async\" class=\"aligncenter size-full wp-image-5549\" src=\"https:\/\/www.tech-arrow.com\/wp-content\/uploads\/2020\/06\/newItemCreation.png\" alt=\"\" width=\"61%\" \/><\/p>\n<p><strong>\u2713 Erstellen von Outlook-Kalendereintr\u00e4gen<\/strong><\/p>\n<p style=\"text-align: justify;\">Kalender in SharePoint bieten im Vergleich zu Kalendern in Exchange weniger Funktionen. officeGATE f\u00fcllt die L\u00fccke (optional), indem Kalendereintr\u00e4ge in Exchange basierend auf dem SharePoint-Element erstellt werden k\u00f6nnen. Diese Eintr\u00e4ge werden dann synchron gehalten, zudem werden die \u00c4nderungen auch zwischen den beiden Seiten synchronisiert. Der erstellte Exchange-Kalendereintrag wird an die Teilnehmer gesendet und enth\u00e4lt alle Funktionen wie etwa Benachrichtigungen.<\/p>\n<p><img decoding=\"async\" class=\"aligncenter size-full wp-image-5552\" src=\"https:\/\/www.tech-arrow.com\/wp-content\/uploads\/2020\/06\/CalendarEntryCreation.png\" alt=\"\" width=\"67%\" \/><\/p>\n<p><strong>\u2713 contentACCESS Elementvorschau<\/strong><\/p>\n<p style=\"text-align: justify;\">Durch die neue contentACCESS Elementvorschau muss keine gro\u00dfe E-Mail mehr vom Server heruntergeladen werden, nur um Text aus einer E-Mail aufzurufen oder eine Vorschau einer Konversation im Teams-Archiv bereitzustellen. \u00dcber die Vorschau erhalten Sie direkten Zugriff auf den Textinhalt des Elements, aber auch auf dessen Anh\u00e4nge. Die Anh\u00e4nge k\u00f6nnen dann gespeichert oder an eine neue E-Mail angeh\u00e4ngt werden. Durch den Doppelklick auf ein Element im contentACCESS-Anbieter wird jetzt das neue Vorschaufenster ge\u00f6ffnet, anstatt das Element herunterzuladen.<\/p>\n<p><img decoding=\"async\" class=\"aligncenter size-full wp-image-5551\" src=\"https:\/\/www.tech-arrow.com\/wp-content\/uploads\/2020\/06\/caPreview.png\" alt=\"\" width=\"45%\" \/><\/p>\n<\/div>\n","protected":false},"excerpt":{"rendered":"<p>Eine Liste aller Versionshinweise k\u00f6nnen Sie hier finden. Die folgende Liste bietet Ihnen eine \u00dcbersicht \u00fcber die neuesten Verbesserungen die Ihnen von officeGATE 4.0 geboten werden: \u2713 Check-in-Verwaltung Von jetzt an k\u00f6nnen Sie den Ein- \/ Auscheckstatus des SharePoint-Elements sehen und verwalten. officeGATE informiert Sie, ob und von wem der Artikel ausgecheckt wurde. Sie werden [&hellip;]<\/p>\n","protected":false},"author":7,"featured_media":0,"parent":0,"menu_order":0,"comment_status":"closed","ping_status":"closed","template":"","meta":{"_acf_changed":false,"inline_featured_image":false,"footnotes":""},"class_list":["post-5448","page","type-page","status-publish","hentry"],"acf":[],"yoast_head":"<!-- This site is optimized with the Yoast SEO plugin v27.0 - https:\/\/yoast.com\/product\/yoast-seo-wordpress\/ -->\n<title>officeGATE Version 4.0 \u2013 Details - TECH-ARROW<\/title>\n<meta name=\"robots\" content=\"index, follow, max-snippet:-1, max-image-preview:large, max-video-preview:-1\" \/>\n<link rel=\"canonical\" href=\"https:\/\/www.tech-arrow.com\/de\/officegate-version-4-0-details\/\" \/>\n<meta property=\"og:locale\" content=\"de_DE\" \/>\n<meta property=\"og:type\" content=\"article\" \/>\n<meta property=\"og:title\" content=\"officeGATE Version 4.0 \u2013 Details - TECH-ARROW\" \/>\n<meta property=\"og:description\" content=\"Eine Liste aller Versionshinweise k\u00f6nnen Sie hier finden. Die folgende Liste bietet Ihnen eine \u00dcbersicht \u00fcber die neuesten Verbesserungen die Ihnen von officeGATE 4.0 geboten werden: \u2713 Check-in-Verwaltung Von jetzt an k\u00f6nnen Sie den Ein- \/ Auscheckstatus des SharePoint-Elements sehen und verwalten. officeGATE informiert Sie, ob und von wem der Artikel ausgecheckt wurde. Sie werden [&hellip;]\" \/>\n<meta property=\"og:url\" content=\"https:\/\/www.tech-arrow.com\/de\/officegate-version-4-0-details\/\" \/>\n<meta property=\"og:site_name\" content=\"TECH-ARROW\" \/>\n<meta property=\"article:publisher\" content=\"https:\/\/www.facebook.com\/thetecharrow\/?fref=ts\" \/>\n<meta property=\"article:modified_time\" content=\"2024-11-27T14:09:33+00:00\" \/>\n<meta property=\"og:image\" content=\"https:\/\/www.tech-arrow.com\/wp-content\/uploads\/2020\/06\/check-in.png\" \/>\n<meta name=\"twitter:card\" content=\"summary_large_image\" \/>\n<script type=\"application\/ld+json\" class=\"yoast-schema-graph\">{\"@context\":\"https:\/\/schema.org\",\"@graph\":[{\"@type\":\"WebPage\",\"@id\":\"https:\/\/www.tech-arrow.com\/de\/officegate-version-4-0-details\/\",\"url\":\"https:\/\/www.tech-arrow.com\/de\/officegate-version-4-0-details\/\",\"name\":\"officeGATE Version 4.0 \u2013 Details - TECH-ARROW\",\"isPartOf\":{\"@id\":\"https:\/\/www.tech-arrow.com\/#website\"},\"primaryImageOfPage\":{\"@id\":\"https:\/\/www.tech-arrow.com\/de\/officegate-version-4-0-details\/#primaryimage\"},\"image\":{\"@id\":\"https:\/\/www.tech-arrow.com\/de\/officegate-version-4-0-details\/#primaryimage\"},\"thumbnailUrl\":\"https:\/\/www.tech-arrow.com\/wp-content\/uploads\/2020\/06\/check-in.png\",\"datePublished\":\"2021-10-14T07:20:18+00:00\",\"dateModified\":\"2024-11-27T14:09:33+00:00\",\"breadcrumb\":{\"@id\":\"https:\/\/www.tech-arrow.com\/de\/officegate-version-4-0-details\/#breadcrumb\"},\"inLanguage\":\"de\",\"potentialAction\":[{\"@type\":\"ReadAction\",\"target\":[\"https:\/\/www.tech-arrow.com\/de\/officegate-version-4-0-details\/\"]}]},{\"@type\":\"ImageObject\",\"inLanguage\":\"de\",\"@id\":\"https:\/\/www.tech-arrow.com\/de\/officegate-version-4-0-details\/#primaryimage\",\"url\":\"https:\/\/www.tech-arrow.com\/wp-content\/uploads\/2020\/06\/check-in.png\",\"contentUrl\":\"https:\/\/www.tech-arrow.com\/wp-content\/uploads\/2020\/06\/check-in.png\"},{\"@type\":\"BreadcrumbList\",\"@id\":\"https:\/\/www.tech-arrow.com\/de\/officegate-version-4-0-details\/#breadcrumb\",\"itemListElement\":[{\"@type\":\"ListItem\",\"position\":1,\"name\":\"Home\",\"item\":\"https:\/\/www.tech-arrow.com\/de\/\"},{\"@type\":\"ListItem\",\"position\":2,\"name\":\"officeGATE Version 4.0 \u2013 Details\"}]},{\"@type\":\"WebSite\",\"@id\":\"https:\/\/www.tech-arrow.com\/#website\",\"url\":\"https:\/\/www.tech-arrow.com\/\",\"name\":\"TECH-ARROW\",\"description\":\"\",\"publisher\":{\"@id\":\"https:\/\/www.tech-arrow.com\/#organization\"},\"potentialAction\":[{\"@type\":\"SearchAction\",\"target\":{\"@type\":\"EntryPoint\",\"urlTemplate\":\"https:\/\/www.tech-arrow.com\/?s={search_term_string}\"},\"query-input\":{\"@type\":\"PropertyValueSpecification\",\"valueRequired\":true,\"valueName\":\"search_term_string\"}}],\"inLanguage\":\"de\"},{\"@type\":\"Organization\",\"@id\":\"https:\/\/www.tech-arrow.com\/#organization\",\"name\":\"TECH-ARROW, GmbH.\",\"url\":\"https:\/\/www.tech-arrow.com\/\",\"logo\":{\"@type\":\"ImageObject\",\"inLanguage\":\"de\",\"@id\":\"https:\/\/www.tech-arrow.com\/#\/schema\/logo\/image\/\",\"url\":\"https:\/\/www.tech-arrow.com\/wp-content\/uploads\/2017\/04\/techarrow-logo-481x97.png\",\"contentUrl\":\"https:\/\/www.tech-arrow.com\/wp-content\/uploads\/2017\/04\/techarrow-logo-481x97.png\",\"width\":481,\"height\":97,\"caption\":\"TECH-ARROW, GmbH.\"},\"image\":{\"@id\":\"https:\/\/www.tech-arrow.com\/#\/schema\/logo\/image\/\"},\"sameAs\":[\"https:\/\/www.facebook.com\/thetecharrow\/?fref=ts\",\"https:\/\/www.linkedin.com\/company\/techarrow\",\"https:\/\/www.youtube.com\/user\/thetecharrow\"]}]}<\/script>\n<!-- \/ Yoast SEO plugin. -->","yoast_head_json":{"title":"officeGATE Version 4.0 \u2013 Details - TECH-ARROW","robots":{"index":"index","follow":"follow","max-snippet":"max-snippet:-1","max-image-preview":"max-image-preview:large","max-video-preview":"max-video-preview:-1"},"canonical":"https:\/\/www.tech-arrow.com\/de\/officegate-version-4-0-details\/","og_locale":"de_DE","og_type":"article","og_title":"officeGATE Version 4.0 \u2013 Details - TECH-ARROW","og_description":"Eine Liste aller Versionshinweise k\u00f6nnen Sie hier finden. Die folgende Liste bietet Ihnen eine \u00dcbersicht \u00fcber die neuesten Verbesserungen die Ihnen von officeGATE 4.0 geboten werden: \u2713 Check-in-Verwaltung Von jetzt an k\u00f6nnen Sie den Ein- \/ Auscheckstatus des SharePoint-Elements sehen und verwalten. officeGATE informiert Sie, ob und von wem der Artikel ausgecheckt wurde. Sie werden [&hellip;]","og_url":"https:\/\/www.tech-arrow.com\/de\/officegate-version-4-0-details\/","og_site_name":"TECH-ARROW","article_publisher":"https:\/\/www.facebook.com\/thetecharrow\/?fref=ts","article_modified_time":"2024-11-27T14:09:33+00:00","og_image":[{"url":"https:\/\/www.tech-arrow.com\/wp-content\/uploads\/2020\/06\/check-in.png","type":"","width":"","height":""}],"twitter_card":"summary_large_image","schema":{"@context":"https:\/\/schema.org","@graph":[{"@type":"WebPage","@id":"https:\/\/www.tech-arrow.com\/de\/officegate-version-4-0-details\/","url":"https:\/\/www.tech-arrow.com\/de\/officegate-version-4-0-details\/","name":"officeGATE Version 4.0 \u2013 Details - TECH-ARROW","isPartOf":{"@id":"https:\/\/www.tech-arrow.com\/#website"},"primaryImageOfPage":{"@id":"https:\/\/www.tech-arrow.com\/de\/officegate-version-4-0-details\/#primaryimage"},"image":{"@id":"https:\/\/www.tech-arrow.com\/de\/officegate-version-4-0-details\/#primaryimage"},"thumbnailUrl":"https:\/\/www.tech-arrow.com\/wp-content\/uploads\/2020\/06\/check-in.png","datePublished":"2021-10-14T07:20:18+00:00","dateModified":"2024-11-27T14:09:33+00:00","breadcrumb":{"@id":"https:\/\/www.tech-arrow.com\/de\/officegate-version-4-0-details\/#breadcrumb"},"inLanguage":"de","potentialAction":[{"@type":"ReadAction","target":["https:\/\/www.tech-arrow.com\/de\/officegate-version-4-0-details\/"]}]},{"@type":"ImageObject","inLanguage":"de","@id":"https:\/\/www.tech-arrow.com\/de\/officegate-version-4-0-details\/#primaryimage","url":"https:\/\/www.tech-arrow.com\/wp-content\/uploads\/2020\/06\/check-in.png","contentUrl":"https:\/\/www.tech-arrow.com\/wp-content\/uploads\/2020\/06\/check-in.png"},{"@type":"BreadcrumbList","@id":"https:\/\/www.tech-arrow.com\/de\/officegate-version-4-0-details\/#breadcrumb","itemListElement":[{"@type":"ListItem","position":1,"name":"Home","item":"https:\/\/www.tech-arrow.com\/de\/"},{"@type":"ListItem","position":2,"name":"officeGATE Version 4.0 \u2013 Details"}]},{"@type":"WebSite","@id":"https:\/\/www.tech-arrow.com\/#website","url":"https:\/\/www.tech-arrow.com\/","name":"TECH-ARROW","description":"","publisher":{"@id":"https:\/\/www.tech-arrow.com\/#organization"},"potentialAction":[{"@type":"SearchAction","target":{"@type":"EntryPoint","urlTemplate":"https:\/\/www.tech-arrow.com\/?s={search_term_string}"},"query-input":{"@type":"PropertyValueSpecification","valueRequired":true,"valueName":"search_term_string"}}],"inLanguage":"de"},{"@type":"Organization","@id":"https:\/\/www.tech-arrow.com\/#organization","name":"TECH-ARROW, GmbH.","url":"https:\/\/www.tech-arrow.com\/","logo":{"@type":"ImageObject","inLanguage":"de","@id":"https:\/\/www.tech-arrow.com\/#\/schema\/logo\/image\/","url":"https:\/\/www.tech-arrow.com\/wp-content\/uploads\/2017\/04\/techarrow-logo-481x97.png","contentUrl":"https:\/\/www.tech-arrow.com\/wp-content\/uploads\/2017\/04\/techarrow-logo-481x97.png","width":481,"height":97,"caption":"TECH-ARROW, GmbH."},"image":{"@id":"https:\/\/www.tech-arrow.com\/#\/schema\/logo\/image\/"},"sameAs":["https:\/\/www.facebook.com\/thetecharrow\/?fref=ts","https:\/\/www.linkedin.com\/company\/techarrow","https:\/\/www.youtube.com\/user\/thetecharrow"]}]}},"_links":{"self":[{"href":"https:\/\/www.tech-arrow.com\/de\/wp-json\/wp\/v2\/pages\/5448","targetHints":{"allow":["GET"]}}],"collection":[{"href":"https:\/\/www.tech-arrow.com\/de\/wp-json\/wp\/v2\/pages"}],"about":[{"href":"https:\/\/www.tech-arrow.com\/de\/wp-json\/wp\/v2\/types\/page"}],"author":[{"embeddable":true,"href":"https:\/\/www.tech-arrow.com\/de\/wp-json\/wp\/v2\/users\/7"}],"replies":[{"embeddable":true,"href":"https:\/\/www.tech-arrow.com\/de\/wp-json\/wp\/v2\/comments?post=5448"}],"version-history":[{"count":4,"href":"https:\/\/www.tech-arrow.com\/de\/wp-json\/wp\/v2\/pages\/5448\/revisions"}],"predecessor-version":[{"id":13448,"href":"https:\/\/www.tech-arrow.com\/de\/wp-json\/wp\/v2\/pages\/5448\/revisions\/13448"}],"wp:attachment":[{"href":"https:\/\/www.tech-arrow.com\/de\/wp-json\/wp\/v2\/media?parent=5448"}],"curies":[{"name":"wp","href":"https:\/\/api.w.org\/{rel}","templated":true}]}}