{"id":5450,"date":"2021-10-14T09:20:25","date_gmt":"2021-10-14T07:20:25","guid":{"rendered":"https:\/\/www.tech-arrow.com\/?page_id=5450"},"modified":"2024-11-27T15:09:41","modified_gmt":"2024-11-27T14:09:41","slug":"officegate-version-4-1-details","status":"publish","type":"page","link":"https:\/\/www.tech-arrow.com\/de\/officegate-version-4-1-details\/","title":{"rendered":"officeGATE Version 4.1 \u2013 Details"},"content":{"rendered":"<p>Eine Liste aller Versionshinweise k\u00f6nnen Sie <a href=\"https:\/\/www.tech-arrow.com\/de\/officegate-anmerkungen-zu-dieser-version\/\" rel=\"noopener noreferrer\">hier<\/a> finden.<br \/>\nDie folgende Liste bietet Ihnen eine \u00dcbersicht \u00fcber die neuesten Verbesserungen die Ihnen von officeGATE 4.1 geboten werden:<\/p>\n<div style=\"border: 1px solid #dddddd; background-color: white; width: 94%; padding: 3%; margin-bottom: 20px;\"><strong>\u2713 SharePoint moderne Autentifizierung<\/strong><\/p>\n<p style=\"text-align: justify;\">Eine neue Authentifizierungsoption wurde hinzugef\u00fcgt \u2013 <strong>Microsoft Online Authentifizierung<\/strong>. Wenn Sie diese Option ausw\u00e4hlen, werden Sie mithilfe der\u202f<strong>modernen Authentifizierung<\/strong> authentifiziert, die alle Sicherheitsfunktionen der Microsoft Authentifizierung unterst\u00fctzt z.B. Die Multi-Faktor-Authentifizierung.<\/p>\n<p><img decoding=\"async\" class=\"aligncenter size-full wp-image-5627\" src=\"https:\/\/www.tech-arrow.com\/wp-content\/uploads\/2020\/07\/4_1_og_01.png\" alt=\"\" width=\"87%\" \/><\/p>\n<p><strong>\u2713 Zeitauswahl aktualisiert<\/strong><\/p>\n<p style=\"text-align: justify;\">Wenn Sie SharePoint Elemente verwalten, bei denen die Zeit angegeben werden kann, k\u00f6nnen Sie die Zeit jetzt aus der Dropdown Liste ausw\u00e4hlen. Die Zeiten werden um 30 Minuten aufgelistet und Sie k\u00f6nnen auch eine benutzerdefinierte Zeit angeben (z.B. 10:37 Uhr). Beim Erstellen eines neuen Elements werden im Feld Datum und Uhrzeit die aktuellen Werte verwendet, die Uhrzeit wird jedoch auf die n\u00e4chsten 30 Minuten aufgerundet.<\/p>\n<p><img decoding=\"async\" class=\"aligncenter size-full wp-image-5628\" src=\"https:\/\/www.tech-arrow.com\/wp-content\/uploads\/2020\/07\/4_1_og_02.png\" alt=\"\" width=\"41%\" \/><\/p>\n<p><strong>\u2713 Aktualisierter OneDrive Anbieter<\/strong><\/p>\n<p style=\"text-align: justify;\">Der OneDrive Anbieter Code wurde aktualisiert, um die neueste Version der Microsoft Graph API zu verwenden, dank der er jetzt superschnell funktioniert.<\/p>\n<p>&nbsp;<\/p>\n<p><strong>\u2713 OneDrive Anbieter Freigabelink<\/strong><\/p>\n<p style=\"text-align: justify;\">Die M\u00f6glichkeit den OneDrive Link zu kopieren, um ein Element freizugeben, wurde den Kontextmen\u00fcoptionen hinzugef\u00fcgt. Der generierte Freigabelink entspricht dem vom offiziellen OneDrive Client generierten Link.<\/p>\n<\/div>\n<div style=\"border: 1px solid #dddddd; background-color: white; width: 94%; padding: 3%; margin-bottom: 20px;\">\n<h3 style=\"color: red; padding-top: 0px;\">Update von \u00e4lteren Versionen<\/h3>\n<p style=\"text-align: justify;\"><strong>\u2713 Update Pfad:<\/strong> Update von \u00e4lteren Versionen von officeGATE wird unterst\u00fctzt.<\/p>\n<p style=\"text-align: justify;\"><strong>\u2713 .NET Framework Unterst\u00fctzung:<\/strong> Die mindestens erforderliche .NET Framework Version wurde f\u00fcr officeGATE 4.1 von .NET 4.5 auf .NET 4.8. erh\u00f6ht.<\/p>\n<\/div>\n","protected":false},"excerpt":{"rendered":"<p>Eine Liste aller Versionshinweise k\u00f6nnen Sie hier finden. Die folgende Liste bietet Ihnen eine \u00dcbersicht \u00fcber die neuesten Verbesserungen die Ihnen von officeGATE 4.1 geboten werden: \u2713 SharePoint moderne Autentifizierung Eine neue Authentifizierungsoption wurde hinzugef\u00fcgt \u2013 Microsoft Online Authentifizierung. Wenn Sie diese Option ausw\u00e4hlen, werden Sie mithilfe der\u202fmodernen Authentifizierung authentifiziert, die alle Sicherheitsfunktionen der Microsoft [&hellip;]<\/p>\n","protected":false},"author":7,"featured_media":0,"parent":0,"menu_order":0,"comment_status":"closed","ping_status":"closed","template":"","meta":{"_acf_changed":false,"inline_featured_image":false,"footnotes":""},"class_list":["post-5450","page","type-page","status-publish","hentry"],"acf":[],"yoast_head":"<!-- This site is optimized with the Yoast SEO plugin v27.0 - https:\/\/yoast.com\/product\/yoast-seo-wordpress\/ -->\n<title>officeGATE Version 4.1 \u2013 Details - TECH-ARROW<\/title>\n<meta name=\"robots\" content=\"index, follow, max-snippet:-1, max-image-preview:large, max-video-preview:-1\" \/>\n<link rel=\"canonical\" href=\"https:\/\/www.tech-arrow.com\/de\/officegate-version-4-1-details\/\" \/>\n<meta property=\"og:locale\" content=\"de_DE\" \/>\n<meta property=\"og:type\" content=\"article\" \/>\n<meta property=\"og:title\" content=\"officeGATE Version 4.1 \u2013 Details - TECH-ARROW\" \/>\n<meta property=\"og:description\" content=\"Eine Liste aller Versionshinweise k\u00f6nnen Sie hier finden. Die folgende Liste bietet Ihnen eine \u00dcbersicht \u00fcber die neuesten Verbesserungen die Ihnen von officeGATE 4.1 geboten werden: \u2713 SharePoint moderne Autentifizierung Eine neue Authentifizierungsoption wurde hinzugef\u00fcgt \u2013 Microsoft Online Authentifizierung. Wenn Sie diese Option ausw\u00e4hlen, werden Sie mithilfe der\u202fmodernen Authentifizierung authentifiziert, die alle Sicherheitsfunktionen der Microsoft [&hellip;]\" \/>\n<meta property=\"og:url\" content=\"https:\/\/www.tech-arrow.com\/de\/officegate-version-4-1-details\/\" \/>\n<meta property=\"og:site_name\" content=\"TECH-ARROW\" \/>\n<meta property=\"article:publisher\" content=\"https:\/\/www.facebook.com\/thetecharrow\/?fref=ts\" \/>\n<meta property=\"article:modified_time\" content=\"2024-11-27T14:09:41+00:00\" \/>\n<meta property=\"og:image\" content=\"https:\/\/www.tech-arrow.com\/wp-content\/uploads\/2020\/07\/4_1_og_01.png\" \/>\n<meta name=\"twitter:card\" content=\"summary_large_image\" \/>\n<script type=\"application\/ld+json\" class=\"yoast-schema-graph\">{\"@context\":\"https:\/\/schema.org\",\"@graph\":[{\"@type\":\"WebPage\",\"@id\":\"https:\/\/www.tech-arrow.com\/de\/officegate-version-4-1-details\/\",\"url\":\"https:\/\/www.tech-arrow.com\/de\/officegate-version-4-1-details\/\",\"name\":\"officeGATE Version 4.1 \u2013 Details - TECH-ARROW\",\"isPartOf\":{\"@id\":\"https:\/\/www.tech-arrow.com\/#website\"},\"primaryImageOfPage\":{\"@id\":\"https:\/\/www.tech-arrow.com\/de\/officegate-version-4-1-details\/#primaryimage\"},\"image\":{\"@id\":\"https:\/\/www.tech-arrow.com\/de\/officegate-version-4-1-details\/#primaryimage\"},\"thumbnailUrl\":\"https:\/\/www.tech-arrow.com\/wp-content\/uploads\/2020\/07\/4_1_og_01.png\",\"datePublished\":\"2021-10-14T07:20:25+00:00\",\"dateModified\":\"2024-11-27T14:09:41+00:00\",\"breadcrumb\":{\"@id\":\"https:\/\/www.tech-arrow.com\/de\/officegate-version-4-1-details\/#breadcrumb\"},\"inLanguage\":\"de\",\"potentialAction\":[{\"@type\":\"ReadAction\",\"target\":[\"https:\/\/www.tech-arrow.com\/de\/officegate-version-4-1-details\/\"]}]},{\"@type\":\"ImageObject\",\"inLanguage\":\"de\",\"@id\":\"https:\/\/www.tech-arrow.com\/de\/officegate-version-4-1-details\/#primaryimage\",\"url\":\"https:\/\/www.tech-arrow.com\/wp-content\/uploads\/2020\/07\/4_1_og_01.png\",\"contentUrl\":\"https:\/\/www.tech-arrow.com\/wp-content\/uploads\/2020\/07\/4_1_og_01.png\"},{\"@type\":\"BreadcrumbList\",\"@id\":\"https:\/\/www.tech-arrow.com\/de\/officegate-version-4-1-details\/#breadcrumb\",\"itemListElement\":[{\"@type\":\"ListItem\",\"position\":1,\"name\":\"Home\",\"item\":\"https:\/\/www.tech-arrow.com\/de\/\"},{\"@type\":\"ListItem\",\"position\":2,\"name\":\"officeGATE Version 4.1 \u2013 Details\"}]},{\"@type\":\"WebSite\",\"@id\":\"https:\/\/www.tech-arrow.com\/#website\",\"url\":\"https:\/\/www.tech-arrow.com\/\",\"name\":\"TECH-ARROW\",\"description\":\"\",\"publisher\":{\"@id\":\"https:\/\/www.tech-arrow.com\/#organization\"},\"potentialAction\":[{\"@type\":\"SearchAction\",\"target\":{\"@type\":\"EntryPoint\",\"urlTemplate\":\"https:\/\/www.tech-arrow.com\/?s={search_term_string}\"},\"query-input\":{\"@type\":\"PropertyValueSpecification\",\"valueRequired\":true,\"valueName\":\"search_term_string\"}}],\"inLanguage\":\"de\"},{\"@type\":\"Organization\",\"@id\":\"https:\/\/www.tech-arrow.com\/#organization\",\"name\":\"TECH-ARROW, GmbH.\",\"url\":\"https:\/\/www.tech-arrow.com\/\",\"logo\":{\"@type\":\"ImageObject\",\"inLanguage\":\"de\",\"@id\":\"https:\/\/www.tech-arrow.com\/#\/schema\/logo\/image\/\",\"url\":\"https:\/\/www.tech-arrow.com\/wp-content\/uploads\/2017\/04\/techarrow-logo-481x97.png\",\"contentUrl\":\"https:\/\/www.tech-arrow.com\/wp-content\/uploads\/2017\/04\/techarrow-logo-481x97.png\",\"width\":481,\"height\":97,\"caption\":\"TECH-ARROW, GmbH.\"},\"image\":{\"@id\":\"https:\/\/www.tech-arrow.com\/#\/schema\/logo\/image\/\"},\"sameAs\":[\"https:\/\/www.facebook.com\/thetecharrow\/?fref=ts\",\"https:\/\/www.linkedin.com\/company\/techarrow\",\"https:\/\/www.youtube.com\/user\/thetecharrow\"]}]}<\/script>\n<!-- \/ Yoast SEO plugin. -->","yoast_head_json":{"title":"officeGATE Version 4.1 \u2013 Details - TECH-ARROW","robots":{"index":"index","follow":"follow","max-snippet":"max-snippet:-1","max-image-preview":"max-image-preview:large","max-video-preview":"max-video-preview:-1"},"canonical":"https:\/\/www.tech-arrow.com\/de\/officegate-version-4-1-details\/","og_locale":"de_DE","og_type":"article","og_title":"officeGATE Version 4.1 \u2013 Details - TECH-ARROW","og_description":"Eine Liste aller Versionshinweise k\u00f6nnen Sie hier finden. Die folgende Liste bietet Ihnen eine \u00dcbersicht \u00fcber die neuesten Verbesserungen die Ihnen von officeGATE 4.1 geboten werden: \u2713 SharePoint moderne Autentifizierung Eine neue Authentifizierungsoption wurde hinzugef\u00fcgt \u2013 Microsoft Online Authentifizierung. Wenn Sie diese Option ausw\u00e4hlen, werden Sie mithilfe der\u202fmodernen Authentifizierung authentifiziert, die alle Sicherheitsfunktionen der Microsoft [&hellip;]","og_url":"https:\/\/www.tech-arrow.com\/de\/officegate-version-4-1-details\/","og_site_name":"TECH-ARROW","article_publisher":"https:\/\/www.facebook.com\/thetecharrow\/?fref=ts","article_modified_time":"2024-11-27T14:09:41+00:00","og_image":[{"url":"https:\/\/www.tech-arrow.com\/wp-content\/uploads\/2020\/07\/4_1_og_01.png","type":"","width":"","height":""}],"twitter_card":"summary_large_image","schema":{"@context":"https:\/\/schema.org","@graph":[{"@type":"WebPage","@id":"https:\/\/www.tech-arrow.com\/de\/officegate-version-4-1-details\/","url":"https:\/\/www.tech-arrow.com\/de\/officegate-version-4-1-details\/","name":"officeGATE Version 4.1 \u2013 Details - TECH-ARROW","isPartOf":{"@id":"https:\/\/www.tech-arrow.com\/#website"},"primaryImageOfPage":{"@id":"https:\/\/www.tech-arrow.com\/de\/officegate-version-4-1-details\/#primaryimage"},"image":{"@id":"https:\/\/www.tech-arrow.com\/de\/officegate-version-4-1-details\/#primaryimage"},"thumbnailUrl":"https:\/\/www.tech-arrow.com\/wp-content\/uploads\/2020\/07\/4_1_og_01.png","datePublished":"2021-10-14T07:20:25+00:00","dateModified":"2024-11-27T14:09:41+00:00","breadcrumb":{"@id":"https:\/\/www.tech-arrow.com\/de\/officegate-version-4-1-details\/#breadcrumb"},"inLanguage":"de","potentialAction":[{"@type":"ReadAction","target":["https:\/\/www.tech-arrow.com\/de\/officegate-version-4-1-details\/"]}]},{"@type":"ImageObject","inLanguage":"de","@id":"https:\/\/www.tech-arrow.com\/de\/officegate-version-4-1-details\/#primaryimage","url":"https:\/\/www.tech-arrow.com\/wp-content\/uploads\/2020\/07\/4_1_og_01.png","contentUrl":"https:\/\/www.tech-arrow.com\/wp-content\/uploads\/2020\/07\/4_1_og_01.png"},{"@type":"BreadcrumbList","@id":"https:\/\/www.tech-arrow.com\/de\/officegate-version-4-1-details\/#breadcrumb","itemListElement":[{"@type":"ListItem","position":1,"name":"Home","item":"https:\/\/www.tech-arrow.com\/de\/"},{"@type":"ListItem","position":2,"name":"officeGATE Version 4.1 \u2013 Details"}]},{"@type":"WebSite","@id":"https:\/\/www.tech-arrow.com\/#website","url":"https:\/\/www.tech-arrow.com\/","name":"TECH-ARROW","description":"","publisher":{"@id":"https:\/\/www.tech-arrow.com\/#organization"},"potentialAction":[{"@type":"SearchAction","target":{"@type":"EntryPoint","urlTemplate":"https:\/\/www.tech-arrow.com\/?s={search_term_string}"},"query-input":{"@type":"PropertyValueSpecification","valueRequired":true,"valueName":"search_term_string"}}],"inLanguage":"de"},{"@type":"Organization","@id":"https:\/\/www.tech-arrow.com\/#organization","name":"TECH-ARROW, GmbH.","url":"https:\/\/www.tech-arrow.com\/","logo":{"@type":"ImageObject","inLanguage":"de","@id":"https:\/\/www.tech-arrow.com\/#\/schema\/logo\/image\/","url":"https:\/\/www.tech-arrow.com\/wp-content\/uploads\/2017\/04\/techarrow-logo-481x97.png","contentUrl":"https:\/\/www.tech-arrow.com\/wp-content\/uploads\/2017\/04\/techarrow-logo-481x97.png","width":481,"height":97,"caption":"TECH-ARROW, GmbH."},"image":{"@id":"https:\/\/www.tech-arrow.com\/#\/schema\/logo\/image\/"},"sameAs":["https:\/\/www.facebook.com\/thetecharrow\/?fref=ts","https:\/\/www.linkedin.com\/company\/techarrow","https:\/\/www.youtube.com\/user\/thetecharrow"]}]}},"_links":{"self":[{"href":"https:\/\/www.tech-arrow.com\/de\/wp-json\/wp\/v2\/pages\/5450","targetHints":{"allow":["GET"]}}],"collection":[{"href":"https:\/\/www.tech-arrow.com\/de\/wp-json\/wp\/v2\/pages"}],"about":[{"href":"https:\/\/www.tech-arrow.com\/de\/wp-json\/wp\/v2\/types\/page"}],"author":[{"embeddable":true,"href":"https:\/\/www.tech-arrow.com\/de\/wp-json\/wp\/v2\/users\/7"}],"replies":[{"embeddable":true,"href":"https:\/\/www.tech-arrow.com\/de\/wp-json\/wp\/v2\/comments?post=5450"}],"version-history":[{"count":4,"href":"https:\/\/www.tech-arrow.com\/de\/wp-json\/wp\/v2\/pages\/5450\/revisions"}],"predecessor-version":[{"id":13449,"href":"https:\/\/www.tech-arrow.com\/de\/wp-json\/wp\/v2\/pages\/5450\/revisions\/13449"}],"wp:attachment":[{"href":"https:\/\/www.tech-arrow.com\/de\/wp-json\/wp\/v2\/media?parent=5450"}],"curies":[{"name":"wp","href":"https:\/\/api.w.org\/{rel}","templated":true}]}}