{"id":5452,"date":"2021-10-14T09:20:31","date_gmt":"2021-10-14T07:20:31","guid":{"rendered":"https:\/\/www.tech-arrow.com\/?page_id=5452"},"modified":"2024-11-27T15:10:19","modified_gmt":"2024-11-27T14:10:19","slug":"officegate-version-5-0-details","status":"publish","type":"page","link":"https:\/\/www.tech-arrow.com\/de\/officegate-version-5-0-details\/","title":{"rendered":"officeGATE version 5.0 &#8211; Details"},"content":{"rendered":"<p>Eine Liste aller Versionshinweise k\u00f6nnen Sie <a href=\"https:\/\/www.tech-arrow.com\/de\/officegate-anmerkungen-zu-dieser-version\/\" rel=\"noopener noreferrer\">hier<\/a> finden.<br \/>\nDie folgende Liste bietet Ihnen eine \u00dcbersicht \u00fcber die neuesten Verbesserungen die Ihnen von officeGATE 5.0 geboten werden:<\/p>\n<div style=\"border: 1px solid #dddddd; background-color: white; width: 94%; padding: 3%; margin-bottom: 20px;\"><strong>\u2713 Teilen vom Archiv<\/strong><\/p>\n<p style=\"text-align: justify;\">Versenden Sie keine gro\u00dfen Anh\u00e4nge mehr \u2013 w\u00e4hlen Sie einfach die gew\u00fcnschten Elemente aus und klicken Sie auf die Option Teilen. Dadurch wir ein Link zum Teilen erstellt, der auf die Elemente verweist. Sie sparen viel Zeit und Platz und machen den Prozess sogar viel sicherer. Oder ziehen Sie einfach ein archiviertes oder verkn\u00fcpftes Element per Drag &amp; Drop aus Ihrer Mailbox. Die contentACCESS Freigabe erkennt dies und gibt die vorhandene E-Mail direkt aus dem Archiv frei.<\/p>\n<p>W\u00e4re es gut, diese Funktionalit\u00e4t f\u00fcr Dateiarchivverkn\u00fcpfungen (lnk Datei) zu haben? Keine Sorge, wir haben es schon! Ziehen Sie einfach eine Verkn\u00fcpfung aus dem Dateiarchiv per Drag &amp; Drop in die Freigabe, und contentACCESS erkennt sie!<\/p>\n<p><img decoding=\"async\" class=\"aligncenter size-full wp-image-5784\" src=\"https:\/\/www.tech-arrow.com\/wp-content\/uploads\/2021\/04\/CASTOR_08.png\" alt=\"\" width=\"30%\" \/><\/p>\n<p><strong>\u2713 SharePoint Proxy Integration f\u00fcr SharePoint und OneDrive for Business<\/strong><\/p>\n<p style=\"text-align: justify;\">Wenn beim Teilen von Live SharePoint Elementen oder Elementen aus OneDrive der SharePoint Proxy konfiguriert ist, wird nur die Dokumentenreferenz freigegeben. Das freigegebene Element selbst wird nicht in contentACCESS dupliziert, wodurch der Vorgang erheblich beschleunigt wird. ContentACCESS bietet Ihnen alle Funktionen der Standardfreigabe. Dies beinhaltet Auditing, Aufbewahrungskontrolle und vieles mehr!<\/p>\n<p>&nbsp;<\/p>\n<p><strong>\u2713 Drag&amp;Drop<\/strong><\/p>\n<p style=\"text-align: justify;\">Der Drag &amp; Drop Prozess ist jetzt viel reibungsloser, haupts\u00e4chlich beim Ziehen gr\u00f6\u00dferer Dateien. Au\u00dferdem wird ein Fortschrittsbalken angezeigt, wie viel des Prozesses noch \u00fcbrig ist. Der Fortschritt kann auch jederzeit abgebrochen werden.<\/p>\n<p>&nbsp;<\/p>\n<p><strong>\u2713 LoggeAngemeldeter Benutzer f\u00fcr contentACCESS<\/strong><\/p>\n<p style=\"text-align: justify;\">Zu den Einstellungen des contentACCESS Anbieters wurde ein Abschnitt hinzugef\u00fcgt, in dem Sie von nun an den aktuell angemeldeten Benutzer sehen k\u00f6nnen.<\/p>\n<p><img decoding=\"async\" class=\"aligncenter size-full wp-image-5785\" src=\"https:\/\/www.tech-arrow.com\/wp-content\/uploads\/2021\/04\/CASTOR_09.png\" alt=\"\" width=\"85%\" \/><\/p>\n<p><strong>\u2713 Office365 Hub Site Support<\/strong><\/p>\n<p style=\"text-align: justify;\">Hub Webseiten sind sch\u00f6ne und moderne Funktionen von SharePoint Online f\u00fcr eine bessere Organisation der Website Struktur innerhalb des Unternehmens. OfficeGATE unterst\u00fctzt diese jetzt! Sie k\u00f6nnen direkt von officeGATE eine Verbindung zu einer Hub Site herstellen und die angeh\u00e4ngten Websites durchsuchen.<\/p>\n<p>&nbsp;<\/p>\n<p><strong>\u2713 Leistungs- und Stabilit\u00e4tskorrekturen<\/strong><\/p>\n<p style=\"text-align: justify;\">Es wurden Verbesserungen vorgenommen, um das System schneller und stabiler zu machen, sodass Ihre officeGATE Erfahrung besser sein k\u00f6nnte als jemals zuvor.<\/p>\n<\/div>\n<div style=\"border: 1px solid #dddddd; background-color: white; width: 94%; padding: 3%; margin-bottom: 20px;\">\n<h3 style=\"color: red; padding-top: 0px;\">Update von \u00e4lteren Versionen<\/h3>\n<p style=\"text-align: justify;\"><strong>\u2713 Update Pfad:<\/strong> Update von \u00e4lteren officeGATE Version ist unterst\u00fctzt.<\/p>\n<p style=\"text-align: justify;\"><strong>\u2713 .NET Framework Support:<\/strong> Die minimale Anforderung der <strong>.NET Version wurde von 4.5.2 auf 4.8<\/strong>, f\u00fcr alle Applikationen <strong>erh\u00f6ht<\/strong>.<\/p>\n<\/div>\n","protected":false},"excerpt":{"rendered":"<p>Eine Liste aller Versionshinweise k\u00f6nnen Sie hier finden. Die folgende Liste bietet Ihnen eine \u00dcbersicht \u00fcber die neuesten Verbesserungen die Ihnen von officeGATE 5.0 geboten werden: \u2713 Teilen vom Archiv Versenden Sie keine gro\u00dfen Anh\u00e4nge mehr \u2013 w\u00e4hlen Sie einfach die gew\u00fcnschten Elemente aus und klicken Sie auf die Option Teilen. Dadurch wir ein Link [&hellip;]<\/p>\n","protected":false},"author":7,"featured_media":0,"parent":0,"menu_order":0,"comment_status":"closed","ping_status":"closed","template":"","meta":{"_acf_changed":false,"inline_featured_image":false,"footnotes":""},"class_list":["post-5452","page","type-page","status-publish","hentry"],"acf":[],"yoast_head":"<!-- This site is optimized with the Yoast SEO plugin v27.0 - https:\/\/yoast.com\/product\/yoast-seo-wordpress\/ -->\n<title>officeGATE version 5.0 - Details - TECH-ARROW<\/title>\n<meta name=\"robots\" content=\"index, follow, max-snippet:-1, max-image-preview:large, max-video-preview:-1\" \/>\n<link rel=\"canonical\" href=\"https:\/\/www.tech-arrow.com\/de\/officegate-version-5-0-details\/\" \/>\n<meta property=\"og:locale\" content=\"de_DE\" \/>\n<meta property=\"og:type\" content=\"article\" \/>\n<meta property=\"og:title\" content=\"officeGATE version 5.0 - Details - TECH-ARROW\" \/>\n<meta property=\"og:description\" content=\"Eine Liste aller Versionshinweise k\u00f6nnen Sie hier finden. Die folgende Liste bietet Ihnen eine \u00dcbersicht \u00fcber die neuesten Verbesserungen die Ihnen von officeGATE 5.0 geboten werden: \u2713 Teilen vom Archiv Versenden Sie keine gro\u00dfen Anh\u00e4nge mehr \u2013 w\u00e4hlen Sie einfach die gew\u00fcnschten Elemente aus und klicken Sie auf die Option Teilen. Dadurch wir ein Link [&hellip;]\" \/>\n<meta property=\"og:url\" content=\"https:\/\/www.tech-arrow.com\/de\/officegate-version-5-0-details\/\" \/>\n<meta property=\"og:site_name\" content=\"TECH-ARROW\" \/>\n<meta property=\"article:publisher\" content=\"https:\/\/www.facebook.com\/thetecharrow\/?fref=ts\" \/>\n<meta property=\"article:modified_time\" content=\"2024-11-27T14:10:19+00:00\" \/>\n<meta property=\"og:image\" content=\"https:\/\/www.tech-arrow.com\/wp-content\/uploads\/2021\/04\/CASTOR_08.png\" \/>\n<meta name=\"twitter:card\" content=\"summary_large_image\" \/>\n<script type=\"application\/ld+json\" class=\"yoast-schema-graph\">{\"@context\":\"https:\/\/schema.org\",\"@graph\":[{\"@type\":\"WebPage\",\"@id\":\"https:\/\/www.tech-arrow.com\/de\/officegate-version-5-0-details\/\",\"url\":\"https:\/\/www.tech-arrow.com\/de\/officegate-version-5-0-details\/\",\"name\":\"officeGATE version 5.0 - Details - TECH-ARROW\",\"isPartOf\":{\"@id\":\"https:\/\/www.tech-arrow.com\/#website\"},\"primaryImageOfPage\":{\"@id\":\"https:\/\/www.tech-arrow.com\/de\/officegate-version-5-0-details\/#primaryimage\"},\"image\":{\"@id\":\"https:\/\/www.tech-arrow.com\/de\/officegate-version-5-0-details\/#primaryimage\"},\"thumbnailUrl\":\"https:\/\/www.tech-arrow.com\/wp-content\/uploads\/2021\/04\/CASTOR_08.png\",\"datePublished\":\"2021-10-14T07:20:31+00:00\",\"dateModified\":\"2024-11-27T14:10:19+00:00\",\"breadcrumb\":{\"@id\":\"https:\/\/www.tech-arrow.com\/de\/officegate-version-5-0-details\/#breadcrumb\"},\"inLanguage\":\"de\",\"potentialAction\":[{\"@type\":\"ReadAction\",\"target\":[\"https:\/\/www.tech-arrow.com\/de\/officegate-version-5-0-details\/\"]}]},{\"@type\":\"ImageObject\",\"inLanguage\":\"de\",\"@id\":\"https:\/\/www.tech-arrow.com\/de\/officegate-version-5-0-details\/#primaryimage\",\"url\":\"https:\/\/www.tech-arrow.com\/wp-content\/uploads\/2021\/04\/CASTOR_08.png\",\"contentUrl\":\"https:\/\/www.tech-arrow.com\/wp-content\/uploads\/2021\/04\/CASTOR_08.png\"},{\"@type\":\"BreadcrumbList\",\"@id\":\"https:\/\/www.tech-arrow.com\/de\/officegate-version-5-0-details\/#breadcrumb\",\"itemListElement\":[{\"@type\":\"ListItem\",\"position\":1,\"name\":\"Home\",\"item\":\"https:\/\/www.tech-arrow.com\/de\/\"},{\"@type\":\"ListItem\",\"position\":2,\"name\":\"officeGATE version 5.0 &#8211; Details\"}]},{\"@type\":\"WebSite\",\"@id\":\"https:\/\/www.tech-arrow.com\/#website\",\"url\":\"https:\/\/www.tech-arrow.com\/\",\"name\":\"TECH-ARROW\",\"description\":\"\",\"publisher\":{\"@id\":\"https:\/\/www.tech-arrow.com\/#organization\"},\"potentialAction\":[{\"@type\":\"SearchAction\",\"target\":{\"@type\":\"EntryPoint\",\"urlTemplate\":\"https:\/\/www.tech-arrow.com\/?s={search_term_string}\"},\"query-input\":{\"@type\":\"PropertyValueSpecification\",\"valueRequired\":true,\"valueName\":\"search_term_string\"}}],\"inLanguage\":\"de\"},{\"@type\":\"Organization\",\"@id\":\"https:\/\/www.tech-arrow.com\/#organization\",\"name\":\"TECH-ARROW, GmbH.\",\"url\":\"https:\/\/www.tech-arrow.com\/\",\"logo\":{\"@type\":\"ImageObject\",\"inLanguage\":\"de\",\"@id\":\"https:\/\/www.tech-arrow.com\/#\/schema\/logo\/image\/\",\"url\":\"https:\/\/www.tech-arrow.com\/wp-content\/uploads\/2017\/04\/techarrow-logo-481x97.png\",\"contentUrl\":\"https:\/\/www.tech-arrow.com\/wp-content\/uploads\/2017\/04\/techarrow-logo-481x97.png\",\"width\":481,\"height\":97,\"caption\":\"TECH-ARROW, GmbH.\"},\"image\":{\"@id\":\"https:\/\/www.tech-arrow.com\/#\/schema\/logo\/image\/\"},\"sameAs\":[\"https:\/\/www.facebook.com\/thetecharrow\/?fref=ts\",\"https:\/\/www.linkedin.com\/company\/techarrow\",\"https:\/\/www.youtube.com\/user\/thetecharrow\"]}]}<\/script>\n<!-- \/ Yoast SEO plugin. -->","yoast_head_json":{"title":"officeGATE version 5.0 - Details - TECH-ARROW","robots":{"index":"index","follow":"follow","max-snippet":"max-snippet:-1","max-image-preview":"max-image-preview:large","max-video-preview":"max-video-preview:-1"},"canonical":"https:\/\/www.tech-arrow.com\/de\/officegate-version-5-0-details\/","og_locale":"de_DE","og_type":"article","og_title":"officeGATE version 5.0 - Details - TECH-ARROW","og_description":"Eine Liste aller Versionshinweise k\u00f6nnen Sie hier finden. Die folgende Liste bietet Ihnen eine \u00dcbersicht \u00fcber die neuesten Verbesserungen die Ihnen von officeGATE 5.0 geboten werden: \u2713 Teilen vom Archiv Versenden Sie keine gro\u00dfen Anh\u00e4nge mehr \u2013 w\u00e4hlen Sie einfach die gew\u00fcnschten Elemente aus und klicken Sie auf die Option Teilen. Dadurch wir ein Link [&hellip;]","og_url":"https:\/\/www.tech-arrow.com\/de\/officegate-version-5-0-details\/","og_site_name":"TECH-ARROW","article_publisher":"https:\/\/www.facebook.com\/thetecharrow\/?fref=ts","article_modified_time":"2024-11-27T14:10:19+00:00","og_image":[{"url":"https:\/\/www.tech-arrow.com\/wp-content\/uploads\/2021\/04\/CASTOR_08.png","type":"","width":"","height":""}],"twitter_card":"summary_large_image","schema":{"@context":"https:\/\/schema.org","@graph":[{"@type":"WebPage","@id":"https:\/\/www.tech-arrow.com\/de\/officegate-version-5-0-details\/","url":"https:\/\/www.tech-arrow.com\/de\/officegate-version-5-0-details\/","name":"officeGATE version 5.0 - Details - TECH-ARROW","isPartOf":{"@id":"https:\/\/www.tech-arrow.com\/#website"},"primaryImageOfPage":{"@id":"https:\/\/www.tech-arrow.com\/de\/officegate-version-5-0-details\/#primaryimage"},"image":{"@id":"https:\/\/www.tech-arrow.com\/de\/officegate-version-5-0-details\/#primaryimage"},"thumbnailUrl":"https:\/\/www.tech-arrow.com\/wp-content\/uploads\/2021\/04\/CASTOR_08.png","datePublished":"2021-10-14T07:20:31+00:00","dateModified":"2024-11-27T14:10:19+00:00","breadcrumb":{"@id":"https:\/\/www.tech-arrow.com\/de\/officegate-version-5-0-details\/#breadcrumb"},"inLanguage":"de","potentialAction":[{"@type":"ReadAction","target":["https:\/\/www.tech-arrow.com\/de\/officegate-version-5-0-details\/"]}]},{"@type":"ImageObject","inLanguage":"de","@id":"https:\/\/www.tech-arrow.com\/de\/officegate-version-5-0-details\/#primaryimage","url":"https:\/\/www.tech-arrow.com\/wp-content\/uploads\/2021\/04\/CASTOR_08.png","contentUrl":"https:\/\/www.tech-arrow.com\/wp-content\/uploads\/2021\/04\/CASTOR_08.png"},{"@type":"BreadcrumbList","@id":"https:\/\/www.tech-arrow.com\/de\/officegate-version-5-0-details\/#breadcrumb","itemListElement":[{"@type":"ListItem","position":1,"name":"Home","item":"https:\/\/www.tech-arrow.com\/de\/"},{"@type":"ListItem","position":2,"name":"officeGATE version 5.0 &#8211; Details"}]},{"@type":"WebSite","@id":"https:\/\/www.tech-arrow.com\/#website","url":"https:\/\/www.tech-arrow.com\/","name":"TECH-ARROW","description":"","publisher":{"@id":"https:\/\/www.tech-arrow.com\/#organization"},"potentialAction":[{"@type":"SearchAction","target":{"@type":"EntryPoint","urlTemplate":"https:\/\/www.tech-arrow.com\/?s={search_term_string}"},"query-input":{"@type":"PropertyValueSpecification","valueRequired":true,"valueName":"search_term_string"}}],"inLanguage":"de"},{"@type":"Organization","@id":"https:\/\/www.tech-arrow.com\/#organization","name":"TECH-ARROW, GmbH.","url":"https:\/\/www.tech-arrow.com\/","logo":{"@type":"ImageObject","inLanguage":"de","@id":"https:\/\/www.tech-arrow.com\/#\/schema\/logo\/image\/","url":"https:\/\/www.tech-arrow.com\/wp-content\/uploads\/2017\/04\/techarrow-logo-481x97.png","contentUrl":"https:\/\/www.tech-arrow.com\/wp-content\/uploads\/2017\/04\/techarrow-logo-481x97.png","width":481,"height":97,"caption":"TECH-ARROW, GmbH."},"image":{"@id":"https:\/\/www.tech-arrow.com\/#\/schema\/logo\/image\/"},"sameAs":["https:\/\/www.facebook.com\/thetecharrow\/?fref=ts","https:\/\/www.linkedin.com\/company\/techarrow","https:\/\/www.youtube.com\/user\/thetecharrow"]}]}},"_links":{"self":[{"href":"https:\/\/www.tech-arrow.com\/de\/wp-json\/wp\/v2\/pages\/5452","targetHints":{"allow":["GET"]}}],"collection":[{"href":"https:\/\/www.tech-arrow.com\/de\/wp-json\/wp\/v2\/pages"}],"about":[{"href":"https:\/\/www.tech-arrow.com\/de\/wp-json\/wp\/v2\/types\/page"}],"author":[{"embeddable":true,"href":"https:\/\/www.tech-arrow.com\/de\/wp-json\/wp\/v2\/users\/7"}],"replies":[{"embeddable":true,"href":"https:\/\/www.tech-arrow.com\/de\/wp-json\/wp\/v2\/comments?post=5452"}],"version-history":[{"count":5,"href":"https:\/\/www.tech-arrow.com\/de\/wp-json\/wp\/v2\/pages\/5452\/revisions"}],"predecessor-version":[{"id":13453,"href":"https:\/\/www.tech-arrow.com\/de\/wp-json\/wp\/v2\/pages\/5452\/revisions\/13453"}],"wp:attachment":[{"href":"https:\/\/www.tech-arrow.com\/de\/wp-json\/wp\/v2\/media?parent=5452"}],"curies":[{"name":"wp","href":"https:\/\/api.w.org\/{rel}","templated":true}]}}