{"id":5482,"date":"2021-10-14T09:44:40","date_gmt":"2021-10-14T07:44:40","guid":{"rendered":"https:\/\/www.tech-arrow.com\/?page_id=5482"},"modified":"2024-11-27T15:02:17","modified_gmt":"2024-11-27T14:02:17","slug":"contentaccess-version-2-5-details","status":"publish","type":"page","link":"https:\/\/www.tech-arrow.com\/de\/contentaccess-version-2-5-details\/","title":{"rendered":"contentACCESS Version 2.5 &#8211; Details"},"content":{"rendered":"<p>Eine Liste aller Versionshinweise k\u00f6nnen Sie <a href=\"https:\/\/www.tech-arrow.com\/de\/contentaccess-anmerkungen-zu-dieser-version\/\" rel=\"noopener\">hier<\/a> finden.<br \/>\nDie folgende Liste gibt Ihnen einen raschen \u00dcberblick \u00fcber die j\u00fcngsten Verbesserungen, die contentACCESS f\u00fcr Sie bereith\u00e4lt:<\/p>\n<div style=\"border: 1px solid #ddd; background-color: white; width: 94%; padding: 3%; margin-bottom: 20px;\">\n<h3 style=\"color: red; padding-top: 0px;\">Allgemeine Funktionen<\/h3>\n<p>\u2713 <strong>Plugin f\u00fcr die Konfiguration eines virtuellen Laufwerks:<\/strong> Virtuelle Laufwerke k\u00f6nnen nun direkt aus der Benutzeroberfl\u00e4che der Central Administration gestartet werden. Navigieren Sie zum <em>System-Reiterchen \u2192 Client Applications \u2192 Virtual Drive Configuration<\/em>.<\/p>\n<p><img decoding=\"async\" class=\"aligncenter size-full wp-image-1484\" src=\"https:\/\/www.tech-arrow.com\/wp-content\/uploads\/2015\/07\/1_VD.png\" alt=\"1_VD\" \/><\/p>\n<p>\u2713 <strong>Das \u00dcber-Fenster:<\/strong> Von Version 2.5 an ist es einfach, die Versionsnummer der installierten contentACCESS-Version zu pr\u00fcfen. Sie k\u00f6nnen auch die aktive Betriebszeit des Servers einsehen.<\/p>\n<p><img decoding=\"async\" class=\"aligncenter size-full wp-image-1485\" src=\"https:\/\/www.tech-arrow.com\/wp-content\/uploads\/2015\/07\/2_version-number.png\" alt=\"2_version number\" \/><\/p>\n<p>\u2713 <strong>\u00dcberwachung:<\/strong> Diese E-Mail-Benachrichtigungsfunktion wurde in Version 2.4 eingef\u00fchrt. Version 2.5 bietet eine neue, starke \u00dcberwachungsfunktion, wodurch die Suche in Auftr\u00e4gen, Ereignissen, Ereignistypen und das Betrachten von Details in Central Administration einfacher wird. Mit der <strong>Export<\/strong>-Funktion kann der Nutzer die betrachteten Ereignisse in XML, CVS oder HTML abspeichern.<\/p>\n<p><img decoding=\"async\" class=\"aligncenter size-full wp-image-1486\" src=\"https:\/\/www.tech-arrow.com\/wp-content\/uploads\/2015\/07\/3_monitoring.png\" alt=\"3_monitoring\" width=\"70%\" \/><\/p>\n<p>\u2713 <strong>HTTP (Port 80) und HTTPS Zugang:<\/strong> Ist Ihre Umgebung durch eine Firewall gesch\u00fctzt? M\u00f6chten Sie contentACCESS auf Standard-HTTP und HTTPS-Ports nutzen? M\u00f6chten Sie die Kommunikationskan\u00e4le gesichert haben? Alles das ist durch die Konfiguration direkt in den contentACCESS Setup <em>Tools \u2192 Proxy Webservices<\/em> m\u00f6glich. Stellen Sie sicher, dass eine funktionierende HTTP\/HTTPS-Einstellung im IIS oder auf dem System, wo sich contentACCESS befindet, installiert ist.<\/p>\n<p><img decoding=\"async\" class=\"aligncenter size-full wp-image-1487\" src=\"https:\/\/www.tech-arrow.com\/wp-content\/uploads\/2015\/07\/4_web-service-https.png\" alt=\"4_web service https\" width=\"100%\" \/><\/p>\n<p>\u2713 <strong>Die Mailbox-Datenbank und -speicherung<\/strong> ist nun unabh\u00e4ngig vom Archivierungs-Auftrag und <strong>direkt mit einer Datenbank und einem Speicher verbunden<\/strong>. Das bedeutet, dass es m\u00f6glich ist, die Postf\u00e4cher zwischen den Gruppen zu speichern, ohne Gefahr zu laufen, dass das gleiche Postfach in zwei unterschiedlichen Datenbanken\/Speicherorten abgelegt wird. Sie k\u00f6nnen Datenbank und Speicherort f\u00fcr einzelne E-Mails wie auch f\u00fcr Exchange-Gruppen festlegen, indem Sie zum Reiterchen <em>E-mail Archiv<\/em> gehen \u2192 <em>Archive \u2192 View address book \u2192 \u2026<\/em> (Ellipsen zu Gruppen oder Postf\u00e4cher).<\/p>\n<p><img decoding=\"async\" class=\"aligncenter size-full wp-image-1488\" src=\"https:\/\/www.tech-arrow.com\/wp-content\/uploads\/2015\/07\/5_assign-DB-store.png\" alt=\"5_assign DB store\" width=\"100%\" \/><\/p>\n<p>\u2713 Es ist nun m\u00f6glich, einen Standard-Wert f\u00fcr den Speicherort, die Datenbank, die Vorhaltezeit und f\u00fcr Shortcuts anzulegen. Diese Standardwerte werden auch bei manueller Archivierung (aus der phantastischen neuen Mail-App) angewendet.<\/p>\n<p><img decoding=\"async\" class=\"aligncenter size-full wp-image-1526\" src=\"https:\/\/www.tech-arrow.com\/wp-content\/uploads\/2015\/07\/Capture.png\" alt=\"Capture\" width=\"100%\" \/><\/p>\n<p>\u2713 Die Sicherheitsinformationen zu dem angemeldeten Account auf einem Blick. In: <em>System \u2192 Security \u2192 Users<\/em> einen Doppelklick auf den entsprechenden Nutzer machen, Sie k\u00f6nnen aber auch Informationen f\u00fcr andere Accounts einsehen. Die Flagge zeigt an, ob die Rechte durch eine Aufgabenzuteilung oder manuell vergeben wurden.<\/p>\n<p><img decoding=\"async\" class=\"aligncenter size-full wp-image-1493\" src=\"https:\/\/www.tech-arrow.com\/wp-content\/uploads\/2015\/07\/10_about-me.png\" alt=\"10_about me\" width=\"20%\" \/><\/p>\n<p><img decoding=\"async\" class=\"aligncenter size-full wp-image-1494\" src=\"https:\/\/www.tech-arrow.com\/wp-content\/uploads\/2015\/07\/10b_user-details.jpg\" alt=\"10b_user details\" width=\"100%\" \/><\/p>\n<p>\u2713 F\u00fcr neue oder bestehende Speicher k\u00f6nnen Sie festlegen, welche Metadaten in der Datenbank gespeichert werden sollen.<\/p>\n<p><img decoding=\"async\" class=\"aligncenter size-full wp-image-1529\" src=\"https:\/\/www.tech-arrow.com\/wp-content\/uploads\/2015\/07\/Capture2.png\" alt=\"Capture2\" width=\"100%\" \/><\/p>\n<p>\u2713 Das Setup der neuen contentACCESS Version k\u00fcmmert sich w\u00e4hrend der Installation von contentACCESS Server, contentACCESS Central Admin und contentACCESS WS (Proxy) automatisch um die notwendige Konfiguration von Dateiaktualisierungen. Es besteht keine Notwendigkeit, Datenbank-Scripts manuell einzurichten \u2013 alle Datenbanken werden automatisch beim ersten Start von contentACCESS aktualisiert.<\/p>\n<\/div>\n<div style=\"border: 1px solid #ddd; background-color: white; width: 94%; padding: 3%; margin-bottom: 20px;\">\n<h3 style=\"color: red; padding-top: 0px;\">E-Mail Archiv<\/h3>\n<p><strong>\u2713 Mail app<\/strong> f\u00fcr Exchange 2013, Outlook 2013, OWA 2013 (Original-E-Mail einsehen, Anh\u00e4nge einsehen, manuelles Archivieren, manuelles Wiederherstellen).<\/p>\n<p><img decoding=\"async\" class=\"aligncenter size-full wp-image-1538\" src=\"https:\/\/www.tech-arrow.com\/wp-content\/uploads\/2015\/07\/Mailapp.png\" alt=\"Mailapp\" width=\"100%\" \/><\/p>\n<p>\u2713 <strong>E-Mail Archiv Interface:<\/strong> Das Interface des E-Mail-Archivs erm\u00f6glicht den Zugang zu contentACCESS mit Services wie Manuelles Archivieren, Manuelles Wiederherstellen etc. E-Mail Archiv Interface wird auch durch die Mail App genutzt.<\/p>\n<p>\u2713 <strong>EML Support<\/strong> \u2013 Das Archiv erstellt nun Links f\u00fcr MSG und EML Dateien.<\/p>\n<p><img decoding=\"async\" class=\"aligncenter size-full wp-image-1500\" src=\"https:\/\/www.tech-arrow.com\/wp-content\/uploads\/2015\/07\/16_eml-support.png\" alt=\"16_eml support\" width=\"40%\" \/><\/p>\n<p>\u2713 <strong>Outlook-Formulare<\/strong> &#8211; Das contentACCESS Paket wurde mit der Einrichtungsfunktion der Outlook-Formulare erweitert, s. unter <em>Setup \u2192 Tools<\/em>. Weiterleiten und Antworten f\u00fcr archivierte E-Mails funktionieren genau wie bei normalen E-Mails.<\/p>\n<p><center><img decoding=\"async\" src=\"https:\/\/www.tech-arrow.com\/wp-content\/uploads\/2015\/07\/17_outlook-forms.png\" alt=\"17_outlook forms\" \/><\/center>\u2713 <strong>Nachrichtenklassen-Liste ausschlie\u00dfen<\/strong> &#8211; es ist nun m\u00f6glich, Nachrichtenklassen auszuschlie\u00dfen, gehen Sie dazu zu <em>Email Archive \u2192 Settings \u2192 System settings<\/em>.<\/p>\n<p><img decoding=\"async\" class=\"aligncenter size-full wp-image-1540\" src=\"https:\/\/www.tech-arrow.com\/wp-content\/uploads\/2015\/07\/exclude_messageclasses.png\" alt=\"exclude_messageclasses\" width=\"100%\" \/><\/p>\n<p>\u2713 contentACCESS kann auch die Ordner Gel\u00f6schte Elemente und Entw\u00fcrfe speichern.<\/p>\n<p>\u2713 Sie k\u00f6nnen nun explizit Berechtigungen f\u00fcr Nutzer einer ausgew\u00e4hlten Mailbox einrichten: <em>Email Archive \u2192 Archive \u2192 View Address Book<\/em><\/p>\n<p><img decoding=\"async\" class=\"aligncenter size-full wp-image-1504\" src=\"https:\/\/www.tech-arrow.com\/wp-content\/uploads\/2015\/07\/20_manage-access-view-add-book.png\" alt=\"20_manage access view add book\" width=\"40%\" \/><\/p>\n<p><img decoding=\"async\" class=\"aligncenter size-full wp-image-1505\" src=\"https:\/\/www.tech-arrow.com\/wp-content\/uploads\/2015\/07\/21_manage-access-view-add-book.png\" alt=\"21_manage access view add book\" width=\"100%\" \/><\/p>\n<\/div>\n<div style=\"border: 1px solid #ddd; background-color: white; width: 94%; padding: 3%; margin-bottom: 20px;\">\n<h3 style=\"color: red; padding-top: 0px;\">Dateisystem-Archiv<\/h3>\n<p>\u2713 <strong>Wiederherstellungsauftrag<\/strong> ist f\u00fcr das Dateisystem nun verf\u00fcgbar:<\/p>\n<p><img decoding=\"async\" src=\"https:\/\/www.tech-arrow.com\/wp-content\/uploads\/2015\/07\/22_file-restore-job.png\" alt=\"22_file restore job\" \/><\/p>\n<p>\u2713 Die <strong>LNK<\/strong>-Shortcuts, die auf archivierte Dateien verweisen <strong>funktionieren nun auch unter MAC OS<\/strong>. (Voraussetzung ist die <a href=\"https:\/\/winshortcutter.com\/\">WinShortcutter<\/a> App.<\/p>\n<\/div>\n<div style=\"border: 1px solid #ddd; background-color: white; width: 94%; padding: 3%; margin-bottom: 20px;\">\n<h3 style=\"color: red; padding-top: 0px;\">Clientanwendungen:<\/h3>\n<h3 style=\"color: #1e6ea6; padding-top: 0px;\">contentWEB:<\/h3>\n<p>\u2713 <strong>EML Support<\/strong> \u2013 speichern Sie E-Mails auf MAC automatisch in EML.<\/p>\n<p>\u2713 <strong>Automatische Suche in Konnektoren<\/strong> \u2013 schreiben Sie los, die gefundenen Konnektoren werden in schwarzer Schrift angezeigt:<\/p>\n<p><center><img decoding=\"async\" src=\"https:\/\/www.tech-arrow.com\/wp-content\/uploads\/2015\/07\/24_cW-search.png\" alt=\"24_cW search\" \/><\/center>\u2713 <strong>Erweitere Suchverbesserung:<\/strong> neue Zero-Term-Suchfunktion.<\/p>\n<p><img decoding=\"async\" class=\"aligncenter size-full wp-image-1509\" src=\"https:\/\/www.tech-arrow.com\/wp-content\/uploads\/2015\/07\/25_cW-search.png\" alt=\"25_cW search\" width=\"100%\" \/><\/p>\n<p>\u2713 <strong>M\u00f6glichkeit f\u00fcr spezielle Suchen im Datenarchiv:<\/strong>suchen nach aktiven\/inaktiven Dateien. inaktive Dateien sind solche, die aus ihrem urspr\u00fcnglichen Speicherort entfernt wurden.<\/p>\n<p><img decoding=\"async\" class=\"aligncenter size-full wp-image-1566\" src=\"https:\/\/www.tech-arrow.com\/wp-content\/uploads\/2015\/07\/IMG_17072015_154440.png\" alt=\"IMG_17072015_154440\" width=\"100%\" \/><\/p>\n<p>\u2713 <strong>Nutzerbasierte Einstellungen:<\/strong> contentWEB speichert nun automatisch die letzte aufgerufene Ansicht (Suchen, Spalte mit \u00c4nderungen).<\/p>\n<\/div>\n<div style=\"border: 1px solid #ddd; background-color: white; width: 94%; padding: 3%; margin-bottom: 20px;\">\n<h3 style=\"color: red; padding-top: 0px;\">Documentation<\/h3>\n<p>\u2713 Im Setup finden Sie die Anleitungen, Handb\u00fccher und Hinweise zur Nutzung von contentACCESS, au\u00dferdem sind diese auch \u00fcber das obere Men\u00fc der Central Administration erreichbar.<\/p>\n<p><img decoding=\"async\" class=\"aligncenter size-full wp-image-1543\" src=\"https:\/\/www.tech-arrow.com\/wp-content\/uploads\/2015\/07\/documentation.png\" alt=\"documentation\" width=\"100%\" \/><\/p>\n<\/div>\n","protected":false},"excerpt":{"rendered":"<p>Eine Liste aller Versionshinweise k\u00f6nnen Sie hier finden. Die folgende Liste gibt Ihnen einen raschen \u00dcberblick \u00fcber die j\u00fcngsten Verbesserungen, die contentACCESS f\u00fcr Sie bereith\u00e4lt: Allgemeine Funktionen \u2713 Plugin f\u00fcr die Konfiguration eines virtuellen Laufwerks: Virtuelle Laufwerke k\u00f6nnen nun direkt aus der Benutzeroberfl\u00e4che der Central Administration gestartet werden. Navigieren Sie zum System-Reiterchen \u2192 Client Applications [&hellip;]<\/p>\n","protected":false},"author":7,"featured_media":0,"parent":0,"menu_order":0,"comment_status":"closed","ping_status":"closed","template":"","meta":{"_acf_changed":false,"inline_featured_image":false,"footnotes":""},"class_list":["post-5482","page","type-page","status-publish","hentry"],"acf":[],"yoast_head":"<!-- This site is optimized with the Yoast SEO plugin v27.0 - https:\/\/yoast.com\/product\/yoast-seo-wordpress\/ -->\n<title>contentACCESS Version 2.5 - Details - TECH-ARROW<\/title>\n<meta name=\"robots\" content=\"index, follow, max-snippet:-1, max-image-preview:large, max-video-preview:-1\" \/>\n<link rel=\"canonical\" href=\"https:\/\/www.tech-arrow.com\/de\/contentaccess-version-2-5-details\/\" \/>\n<meta property=\"og:locale\" content=\"de_DE\" \/>\n<meta property=\"og:type\" content=\"article\" \/>\n<meta property=\"og:title\" content=\"contentACCESS Version 2.5 - Details - TECH-ARROW\" \/>\n<meta property=\"og:description\" content=\"Eine Liste aller Versionshinweise k\u00f6nnen Sie hier finden. Die folgende Liste gibt Ihnen einen raschen \u00dcberblick \u00fcber die j\u00fcngsten Verbesserungen, die contentACCESS f\u00fcr Sie bereith\u00e4lt: Allgemeine Funktionen \u2713 Plugin f\u00fcr die Konfiguration eines virtuellen Laufwerks: Virtuelle Laufwerke k\u00f6nnen nun direkt aus der Benutzeroberfl\u00e4che der Central Administration gestartet werden. Navigieren Sie zum System-Reiterchen \u2192 Client Applications [&hellip;]\" \/>\n<meta property=\"og:url\" content=\"https:\/\/www.tech-arrow.com\/de\/contentaccess-version-2-5-details\/\" \/>\n<meta property=\"og:site_name\" content=\"TECH-ARROW\" \/>\n<meta property=\"article:publisher\" content=\"https:\/\/www.facebook.com\/thetecharrow\/?fref=ts\" \/>\n<meta property=\"article:modified_time\" content=\"2024-11-27T14:02:17+00:00\" \/>\n<meta property=\"og:image\" content=\"https:\/\/www.tech-arrow.com\/wp-content\/uploads\/2015\/07\/1_VD.png\" \/>\n<meta name=\"twitter:card\" content=\"summary_large_image\" \/>\n<script type=\"application\/ld+json\" class=\"yoast-schema-graph\">{\"@context\":\"https:\/\/schema.org\",\"@graph\":[{\"@type\":\"WebPage\",\"@id\":\"https:\/\/www.tech-arrow.com\/de\/contentaccess-version-2-5-details\/\",\"url\":\"https:\/\/www.tech-arrow.com\/de\/contentaccess-version-2-5-details\/\",\"name\":\"contentACCESS Version 2.5 - Details - TECH-ARROW\",\"isPartOf\":{\"@id\":\"https:\/\/www.tech-arrow.com\/#website\"},\"primaryImageOfPage\":{\"@id\":\"https:\/\/www.tech-arrow.com\/de\/contentaccess-version-2-5-details\/#primaryimage\"},\"image\":{\"@id\":\"https:\/\/www.tech-arrow.com\/de\/contentaccess-version-2-5-details\/#primaryimage\"},\"thumbnailUrl\":\"https:\/\/www.tech-arrow.com\/wp-content\/uploads\/2015\/07\/1_VD.png\",\"datePublished\":\"2021-10-14T07:44:40+00:00\",\"dateModified\":\"2024-11-27T14:02:17+00:00\",\"breadcrumb\":{\"@id\":\"https:\/\/www.tech-arrow.com\/de\/contentaccess-version-2-5-details\/#breadcrumb\"},\"inLanguage\":\"de\",\"potentialAction\":[{\"@type\":\"ReadAction\",\"target\":[\"https:\/\/www.tech-arrow.com\/de\/contentaccess-version-2-5-details\/\"]}]},{\"@type\":\"ImageObject\",\"inLanguage\":\"de\",\"@id\":\"https:\/\/www.tech-arrow.com\/de\/contentaccess-version-2-5-details\/#primaryimage\",\"url\":\"https:\/\/www.tech-arrow.com\/wp-content\/uploads\/2015\/07\/1_VD.png\",\"contentUrl\":\"https:\/\/www.tech-arrow.com\/wp-content\/uploads\/2015\/07\/1_VD.png\"},{\"@type\":\"BreadcrumbList\",\"@id\":\"https:\/\/www.tech-arrow.com\/de\/contentaccess-version-2-5-details\/#breadcrumb\",\"itemListElement\":[{\"@type\":\"ListItem\",\"position\":1,\"name\":\"Home\",\"item\":\"https:\/\/www.tech-arrow.com\/de\/\"},{\"@type\":\"ListItem\",\"position\":2,\"name\":\"contentACCESS Version 2.5 &#8211; Details\"}]},{\"@type\":\"WebSite\",\"@id\":\"https:\/\/www.tech-arrow.com\/#website\",\"url\":\"https:\/\/www.tech-arrow.com\/\",\"name\":\"TECH-ARROW\",\"description\":\"\",\"publisher\":{\"@id\":\"https:\/\/www.tech-arrow.com\/#organization\"},\"potentialAction\":[{\"@type\":\"SearchAction\",\"target\":{\"@type\":\"EntryPoint\",\"urlTemplate\":\"https:\/\/www.tech-arrow.com\/?s={search_term_string}\"},\"query-input\":{\"@type\":\"PropertyValueSpecification\",\"valueRequired\":true,\"valueName\":\"search_term_string\"}}],\"inLanguage\":\"de\"},{\"@type\":\"Organization\",\"@id\":\"https:\/\/www.tech-arrow.com\/#organization\",\"name\":\"TECH-ARROW, GmbH.\",\"url\":\"https:\/\/www.tech-arrow.com\/\",\"logo\":{\"@type\":\"ImageObject\",\"inLanguage\":\"de\",\"@id\":\"https:\/\/www.tech-arrow.com\/#\/schema\/logo\/image\/\",\"url\":\"https:\/\/www.tech-arrow.com\/wp-content\/uploads\/2017\/04\/techarrow-logo-481x97.png\",\"contentUrl\":\"https:\/\/www.tech-arrow.com\/wp-content\/uploads\/2017\/04\/techarrow-logo-481x97.png\",\"width\":481,\"height\":97,\"caption\":\"TECH-ARROW, GmbH.\"},\"image\":{\"@id\":\"https:\/\/www.tech-arrow.com\/#\/schema\/logo\/image\/\"},\"sameAs\":[\"https:\/\/www.facebook.com\/thetecharrow\/?fref=ts\",\"https:\/\/www.linkedin.com\/company\/techarrow\",\"https:\/\/www.youtube.com\/user\/thetecharrow\"]}]}<\/script>\n<!-- \/ Yoast SEO plugin. -->","yoast_head_json":{"title":"contentACCESS Version 2.5 - Details - TECH-ARROW","robots":{"index":"index","follow":"follow","max-snippet":"max-snippet:-1","max-image-preview":"max-image-preview:large","max-video-preview":"max-video-preview:-1"},"canonical":"https:\/\/www.tech-arrow.com\/de\/contentaccess-version-2-5-details\/","og_locale":"de_DE","og_type":"article","og_title":"contentACCESS Version 2.5 - Details - TECH-ARROW","og_description":"Eine Liste aller Versionshinweise k\u00f6nnen Sie hier finden. Die folgende Liste gibt Ihnen einen raschen \u00dcberblick \u00fcber die j\u00fcngsten Verbesserungen, die contentACCESS f\u00fcr Sie bereith\u00e4lt: Allgemeine Funktionen \u2713 Plugin f\u00fcr die Konfiguration eines virtuellen Laufwerks: Virtuelle Laufwerke k\u00f6nnen nun direkt aus der Benutzeroberfl\u00e4che der Central Administration gestartet werden. Navigieren Sie zum System-Reiterchen \u2192 Client Applications [&hellip;]","og_url":"https:\/\/www.tech-arrow.com\/de\/contentaccess-version-2-5-details\/","og_site_name":"TECH-ARROW","article_publisher":"https:\/\/www.facebook.com\/thetecharrow\/?fref=ts","article_modified_time":"2024-11-27T14:02:17+00:00","og_image":[{"url":"https:\/\/www.tech-arrow.com\/wp-content\/uploads\/2015\/07\/1_VD.png","type":"","width":"","height":""}],"twitter_card":"summary_large_image","schema":{"@context":"https:\/\/schema.org","@graph":[{"@type":"WebPage","@id":"https:\/\/www.tech-arrow.com\/de\/contentaccess-version-2-5-details\/","url":"https:\/\/www.tech-arrow.com\/de\/contentaccess-version-2-5-details\/","name":"contentACCESS Version 2.5 - Details - TECH-ARROW","isPartOf":{"@id":"https:\/\/www.tech-arrow.com\/#website"},"primaryImageOfPage":{"@id":"https:\/\/www.tech-arrow.com\/de\/contentaccess-version-2-5-details\/#primaryimage"},"image":{"@id":"https:\/\/www.tech-arrow.com\/de\/contentaccess-version-2-5-details\/#primaryimage"},"thumbnailUrl":"https:\/\/www.tech-arrow.com\/wp-content\/uploads\/2015\/07\/1_VD.png","datePublished":"2021-10-14T07:44:40+00:00","dateModified":"2024-11-27T14:02:17+00:00","breadcrumb":{"@id":"https:\/\/www.tech-arrow.com\/de\/contentaccess-version-2-5-details\/#breadcrumb"},"inLanguage":"de","potentialAction":[{"@type":"ReadAction","target":["https:\/\/www.tech-arrow.com\/de\/contentaccess-version-2-5-details\/"]}]},{"@type":"ImageObject","inLanguage":"de","@id":"https:\/\/www.tech-arrow.com\/de\/contentaccess-version-2-5-details\/#primaryimage","url":"https:\/\/www.tech-arrow.com\/wp-content\/uploads\/2015\/07\/1_VD.png","contentUrl":"https:\/\/www.tech-arrow.com\/wp-content\/uploads\/2015\/07\/1_VD.png"},{"@type":"BreadcrumbList","@id":"https:\/\/www.tech-arrow.com\/de\/contentaccess-version-2-5-details\/#breadcrumb","itemListElement":[{"@type":"ListItem","position":1,"name":"Home","item":"https:\/\/www.tech-arrow.com\/de\/"},{"@type":"ListItem","position":2,"name":"contentACCESS Version 2.5 &#8211; Details"}]},{"@type":"WebSite","@id":"https:\/\/www.tech-arrow.com\/#website","url":"https:\/\/www.tech-arrow.com\/","name":"TECH-ARROW","description":"","publisher":{"@id":"https:\/\/www.tech-arrow.com\/#organization"},"potentialAction":[{"@type":"SearchAction","target":{"@type":"EntryPoint","urlTemplate":"https:\/\/www.tech-arrow.com\/?s={search_term_string}"},"query-input":{"@type":"PropertyValueSpecification","valueRequired":true,"valueName":"search_term_string"}}],"inLanguage":"de"},{"@type":"Organization","@id":"https:\/\/www.tech-arrow.com\/#organization","name":"TECH-ARROW, GmbH.","url":"https:\/\/www.tech-arrow.com\/","logo":{"@type":"ImageObject","inLanguage":"de","@id":"https:\/\/www.tech-arrow.com\/#\/schema\/logo\/image\/","url":"https:\/\/www.tech-arrow.com\/wp-content\/uploads\/2017\/04\/techarrow-logo-481x97.png","contentUrl":"https:\/\/www.tech-arrow.com\/wp-content\/uploads\/2017\/04\/techarrow-logo-481x97.png","width":481,"height":97,"caption":"TECH-ARROW, GmbH."},"image":{"@id":"https:\/\/www.tech-arrow.com\/#\/schema\/logo\/image\/"},"sameAs":["https:\/\/www.facebook.com\/thetecharrow\/?fref=ts","https:\/\/www.linkedin.com\/company\/techarrow","https:\/\/www.youtube.com\/user\/thetecharrow"]}]}},"_links":{"self":[{"href":"https:\/\/www.tech-arrow.com\/de\/wp-json\/wp\/v2\/pages\/5482","targetHints":{"allow":["GET"]}}],"collection":[{"href":"https:\/\/www.tech-arrow.com\/de\/wp-json\/wp\/v2\/pages"}],"about":[{"href":"https:\/\/www.tech-arrow.com\/de\/wp-json\/wp\/v2\/types\/page"}],"author":[{"embeddable":true,"href":"https:\/\/www.tech-arrow.com\/de\/wp-json\/wp\/v2\/users\/7"}],"replies":[{"embeddable":true,"href":"https:\/\/www.tech-arrow.com\/de\/wp-json\/wp\/v2\/comments?post=5482"}],"version-history":[{"count":6,"href":"https:\/\/www.tech-arrow.com\/de\/wp-json\/wp\/v2\/pages\/5482\/revisions"}],"predecessor-version":[{"id":13409,"href":"https:\/\/www.tech-arrow.com\/de\/wp-json\/wp\/v2\/pages\/5482\/revisions\/13409"}],"wp:attachment":[{"href":"https:\/\/www.tech-arrow.com\/de\/wp-json\/wp\/v2\/media?parent=5482"}],"curies":[{"name":"wp","href":"https:\/\/api.w.org\/{rel}","templated":true}]}}