{"id":5500,"date":"2021-10-14T10:29:19","date_gmt":"2021-10-14T08:29:19","guid":{"rendered":"https:\/\/www.tech-arrow.com\/?page_id=5500"},"modified":"2024-11-27T15:02:33","modified_gmt":"2024-11-27T14:02:33","slug":"contentaccess-version-2-7-details","status":"publish","type":"page","link":"https:\/\/www.tech-arrow.com\/de\/contentaccess-version-2-7-details\/","title":{"rendered":"contentACCESS Version 2.7 \u2013 Details"},"content":{"rendered":"<p>Eine Liste aller Versionshinweise k\u00f6nnen Sie <a href=\"https:\/\/www.tech-arrow.com\/de\/contentaccess-anmerkungen-zu-dieser-version\/\" rel=\"noopener\">hier<\/a> finden.<br \/>\nDie folgende Liste gibt Ihnen einen schnellen \u00dcberblick \u00fcber die neusten Verbesserungen, die contentACCESS Version 2.7 f\u00fcr Sie bereith\u00e4lt:<\/p>\n<div style=\"border: 1px solid #dddddd; background-color: white; width: 94%; padding: 3%; margin-bottom: 20px;\">\n<h3 style=\"color: red; padding-top: 0px;\">Allgemeine Features<\/h3>\n<p><strong>\u2713 Planung:<\/strong> Das Setup von contentACCESS wurde um einen <u>Planungsbereich<\/u> erweitert, der Hardware- und Software-Voraussetzungen und das contentACCESS Analysis Werkzeug enth\u00e4lt (siehe unten im Werkzeug-Bereich dieses Dokuments).<\/p>\n<p><strong>\u2713 Werkzeuge:<\/strong> Die Seite mit Werkzeugen enth\u00e4lt nun den neuen WinShortcutter <u>von TECH-ARROW<\/u> (siehe unten im Werkzeug-Bereich dieses Dokuments).<br \/>\n<strong>\u2713 Reduzierbare und erweiterte Statusleiste:<\/strong> Sie k\u00f6nnen die <u>Auftrags-Statusleiste<\/u> in Central Administration reduzieren. Es ist nun m\u00f6glich, den Auftragsnamen und den zugewiesenen Knoten direkt in der Statusleiste zu bearbeiten.<\/p>\n<div align=\"center\"><img decoding=\"async\" class=\"aligncenter\" src=\"https:\/\/www.tech-arrow.com\/wp-content\/uploads\/2015\/11\/contentACCESS-2_7-02.png\" alt=\"contentACCESS 2_7 02\" width=\"100%\" \/><br \/>\n<em><strong>Auftrags-Statusleiste<\/strong> in Central Administration<\/em><\/div>\n<p>&nbsp;<\/p>\n<p><strong>\u2713<\/strong> <strong>Nutzerdetails:<\/strong> Die Voransicht der Nutzerdetails wurde in Central Administration ge\u00e4ndert.<\/p>\n<div align=\"center\"><img decoding=\"async\" src=\"https:\/\/www.tech-arrow.com\/wp-content\/uploads\/2015\/11\/contentACCESS-2_7-03.png\" alt=\"contentACCESS 2_7 03\" \/><br \/>\n<em>Nuterdetails<\/em><\/div>\n<\/div>\n<div style=\"border: 1px solid #dddddd; background-color: white; width: 94%; padding: 3%; margin-bottom: 20px;\">\n<h3 style=\"color: red; padding-top: 0px;\">E-Mail-Archiv<\/h3>\n<p><strong>\u2713<\/strong> <strong>OWA 2010 integration:<\/strong> Diese Version stellt Ihnen eine Outlook Web Access 2010 Integration zur Verf\u00fcgung. Sie k\u00f6nnen E-Mail-Shortcuts als nicht-archivierte E-Mails behandeln. Das Durch die Nutzung der OWA 2010 Integration ist es m\u00f6glich, E-Mails zu archivieren, wiederherzustellen, weiterzuleiten und zu beantworten. Sie k\u00f6nnen dies unter E-Mail-Archiv &gt; Einstellungen &gt; Nutzererfahrung in der contentACCESS Central Administration konfigurieren. Die MailApp f\u00fcr Exchange 2013 kann hier ebenfalls gefunden werden. OWA 2010 Integration funktioniert f\u00fcr vorhandene archivierte Daten, indem die Konnektoren f\u00fcr vorhandene Archive genutzt werden.<\/p>\n<div align=\"center\"><img decoding=\"async\" src=\"https:\/\/www.tech-arrow.com\/wp-content\/uploads\/2015\/11\/contentACCESS-2_7-04.png\" alt=\"contentACCESS 2_7 04\" \/><br \/>\n<em><strong>Nutzererfahrung<\/strong> in Central Administration<\/em><\/div>\n<\/div>\n<div style=\"border: 1px solid #dddddd; background-color: white; width: 94%; padding: 3%; margin-bottom: 20px;\">\n<h3 style=\"color: red; padding-top: 0px;\">Dateiarchiv<\/h3>\n<p><strong>\u2713 <\/strong><strong>Remote-Auftrag zur Erstellung von Shortcuts:<\/strong> Das contentACCESS Dateiarchiv wurde um einen Auftragstyp erweitert, der Unternehmen helfen soll, ein zentrales Datenzentrum mit mehreren Remote-Speicherorten zu betreiben. Das Datenzentrum und die Remote-Speicherorte sind synchronisiert. In diesem Fall wird contentACCESS nur im Datenzentrum installiert, die Dateien werden hier archiviert. Mit dem Remote-Auftrag zur Erstellung von Shortcuts ist es m\u00f6glich, Shortcuts f\u00fcr archivierte Dateien auf Remote-Speicherorten zu erstellen. Dann reicht es contentACCESS zentral (nur auf einem Knoten) zu installieren, der neue Auftrag k\u00fcmmert sich dann um die Shortcut-Erstellung auf den Remote-Speicherorten.<br \/>\nF\u00fcr eine ausf\u00fchrlichere Beschreibung schauen Sie bitte in das Handbuch zu contentACCESS.<\/p>\n<div align=\"center\"><img decoding=\"async\" src=\"https:\/\/www.tech-arrow.com\/wp-content\/uploads\/2015\/11\/contentACCESS-2_7-05.png\" alt=\"contentACCESS 2_7 05\" \/><br \/>\n<em><strong>Aliase<\/strong> konfigurieren f\u00fcr den Remote-Auftrag zur Erstellung von Shortcuts<\/em><\/div>\n<p>&nbsp;<\/p>\n<div align=\"center\"><img decoding=\"async\" src=\"https:\/\/www.tech-arrow.com\/wp-content\/uploads\/2015\/11\/contentACCESS-2_7-06.png\" alt=\"contentACCESS 2_7 06\" \/><br \/>\n<em>Erstellen eines <strong>Remote-Auftrags zur Erstellung<\/strong> von Shortcuts<\/em><\/div>\n<p>&nbsp;<\/p>\n<p><strong>\u2713 Filtern nach Alter:<\/strong> wurde um die M\u00f6glichkeit erweitert, das j\u00fcngere von \u00c4nderungs- und Erstellungsdaten auszuw\u00e4hlen. Was bedeutet diese Option? Wenn Dateien von externen Speicherplatten kopiert werden, wird das Erstellungsdatum j\u00fcnger als das \u00c4nderungsdatum sein. Wenn die Unternehmensrichtlinien vorschrieben, alle neu erstellten oder k\u00fcrzlich ge\u00e4nderten Dateien zu archivieren, l\u00f6st diese Filterverbesserung ein Problem. Wenn Sie eine funktionierende Archiv-Richtlinie erstellen wollen, sollten Sie folgende Regeln beachten:<\/p>\n<div align=\"center\"><img decoding=\"async\" src=\"https:\/\/www.tech-arrow.com\/wp-content\/uploads\/2015\/11\/contentACCESS-2_7-07.png\" alt=\"contentACCESS 2_7 07\" \/><br \/>\n<em>o Dialogfenster <strong>Filtern nach Alter<\/strong><\/em><\/div>\n<\/div>\n<div style=\"border: 1px solid #dddddd; background-color: white; width: 94%; padding: 3%; margin-bottom: 20px;\">\n<h3 style=\"color: red; padding-top: 0px;\">Clientanwendungen \/ Werkzeuge<\/h3>\n<p><strong>\u2713 contentWEB \u2013 Manuelle Wiederherstellung f\u00fcr E-Mails:<\/strong>Wenn Sie versehentlich E-Mails aus Ihrem Postfach gel\u00f6scht haben, ist die kein Problem, nun ist es m\u00f6glich, diese manuell in contentWEB wiederherzustellen.<\/p>\n<div align=\"center\"><img decoding=\"async\" class=\"size-full wp-image-1830 aligncenter\" src=\"https:\/\/www.tech-arrow.com\/wp-content\/uploads\/2015\/11\/contentACCESS-2_7-08.png\" alt=\"contentACCESS 2_7 08\" \/><\/div>\n<p>&nbsp;<\/p>\n<div align=\"center\"><img decoding=\"async\" src=\"https:\/\/www.tech-arrow.com\/wp-content\/uploads\/2015\/11\/contentACCESS-2_7-09.png\" alt=\"contentACCESS 2_7 09\" \/><br \/>\n<em><strong>Manueller Wiederherstellungsauftrag<\/strong> in contentWEB<\/em><\/div>\n<p>&nbsp;<\/p>\n<p><strong>\u2713 contentWEB \u2013 Alles exportieren:<\/strong> Wenn Sie diese neue Funktion nutzen, k\u00f6nnen Sie Inhalte eines Ordners einschlie\u00dflich der Unterordner exportieren. Es ist gleichsam f\u00fcr E-Mail-Archiv (exportieren in eine PSD\/ ZIP-Datei) wie f\u00fcr Dateiarchiv (exportieren in eine ZIP-Datei) verf\u00fcgbar. Mit dieser Funktion kann auch das Exportieren von Suchergebnissen vorgenommen werden.<\/p>\n<div align=\"center\"><img decoding=\"async\" src=\"https:\/\/www.tech-arrow.com\/wp-content\/uploads\/2015\/11\/contentACCESS-2_7-10.png\" alt=\"contentACCESS 2_7 10\" \/><br \/>\n<em><strong>Alles exportieren<\/strong>-Funktion in contentWEB<\/em><\/div>\n<p>&nbsp;<\/p>\n<p><strong>\u2713 contentWEB \u2013 Administrator-Einstellungen:<\/strong> Der Administrator kann nun die Einstellungen f\u00fcr Exportaufgaben und die manifest-Datei des Exportvorgangs f\u00fcr alle Nutzer konfigurieren.<\/p>\n<div align=\"center\"><a href=\"https:\/\/www.tech-arrow.com\/wp-content\/uploads\/2015\/11\/contentACCESS-2_7-11.png\"><img decoding=\"async\" src=\"https:\/\/www.tech-arrow.com\/wp-content\/uploads\/2015\/11\/contentACCESS-2_7-11.png\" alt=\"contentACCESS 2_7 11\" width=\"100%\" \/><\/a><br \/>\n<em>o Konfiguration von <strong>Export-Aufgaben<\/strong> in contentWEB<\/em><\/div>\n<p>&nbsp;<\/p>\n<p><strong>\u2713 contentWEB \u2013 Export der manifest-Datei:<\/strong> Administratoren k\u00f6nnen die Spalten in der Export-manifest-Datei festlegen, z. B. dass die Spalten in der w\u00e4hrend des Exportvorgangs entstandenen Excel-Datei angezeigt werden. Die manifest-Datei enth\u00e4lt nun einen Link zu jeder Datei.<\/p>\n<div align=\"center\"><a href=\"https:\/\/www.tech-arrow.com\/wp-content\/uploads\/2015\/11\/contentACCESS-2_7-13.png\"><img decoding=\"async\" src=\"https:\/\/www.tech-arrow.com\/wp-content\/uploads\/2015\/11\/contentACCESS-2_7-13.png\" alt=\"contentACCESS 2_7 13\" \/><\/a><br \/>\n<em>Konfiguration der <strong>Export-Manifest-datei<\/strong> in contentWEB<\/em><\/div>\n<p>&nbsp;<\/p>\n<p><strong>\u2713 <span class=\"_5yl5\">contentWEB &#8211; Verbesserungen bei der Ordnerauswahl<\/span><\/strong><\/p>\n<ul>\n<li style=\"list-style-type: none;\">\n<ul>\n<li>Auswahl von Eltern- und Unterordnern<\/li>\n<\/ul>\n<\/li>\n<\/ul>\n<div align=\"center\"><img decoding=\"async\" src=\"https:\/\/www.tech-arrow.com\/wp-content\/uploads\/2015\/11\/contentACCESS-2_7-14.png\" alt=\"contentACCESS 2_7 14\" \/><\/div>\n<ul>\n<li style=\"list-style-type: none;\">\n<ul>\n<li>Auswahl von Eltern- und einigen Unterordnern<\/li>\n<\/ul>\n<\/li>\n<\/ul>\n<div align=\"center\"><img decoding=\"async\" src=\"https:\/\/www.tech-arrow.com\/wp-content\/uploads\/2015\/11\/contentACCESS-2_7-15.png\" alt=\"contentACCESS 2_7 15\" \/><\/div>\n<ul>\n<li style=\"list-style-type: none;\">\n<ul>\n<li>Auswahl des Elternordners<\/li>\n<\/ul>\n<\/li>\n<\/ul>\n<div align=\"center\"><img decoding=\"async\" src=\"https:\/\/www.tech-arrow.com\/wp-content\/uploads\/2015\/11\/contentACCESS-2_7-16.png\" alt=\"contentACCESS 2_7 16\" \/><\/div>\n<ul>\n<li style=\"list-style-type: none;\">\n<ul>\n<li>Auswahl des Unterordners<\/li>\n<\/ul>\n<\/li>\n<\/ul>\n<div align=\"center\"><img decoding=\"async\" src=\"https:\/\/www.tech-arrow.com\/wp-content\/uploads\/2015\/11\/contentACCESS-2_7-17.png\" alt=\"contentACCESS 2_7 17\" \/><\/div>\n<ul>\n<li style=\"list-style-type: none;\">\n<ul>\n<li>keinen Ordner ausw\u00e4hlen<\/li>\n<\/ul>\n<\/li>\n<\/ul>\n<div align=\"center\"><img decoding=\"async\" src=\"https:\/\/www.tech-arrow.com\/wp-content\/uploads\/2015\/11\/contentACCESS-2_7-18.png\" alt=\"contentACCESS 2_7 18\" width=\"40%\" \/><\/div>\n<p><strong>\u2713 contentACCESS Analyse-Werkzeug:<\/strong> The contentACCESS Analysis Tool is a software solution for analyzing file shares before archiving them with contentACCESS File Archive into aDas contentACCESS Analyse-Werkzeug ist eine Softwarel\u00f6sung zur Analyse von Darteifreigaben, bevor sie mit contentACCESS File Archive am gew\u00fcnschten Speicherort gespeichert werden. Dies hilft dem Nutzer, die Ressourcen zu planen, bevor er mit dem Archivierungsprozess beginnt. Die Anwendung kalkuliert die Gr\u00f6\u00dfe aller Dateien, die archiviert werden sollen und gibt eine Sch\u00e4tzzeit f\u00fcr die Dauer des Archivierungsvorgangs an. Es misst die Performance der zu archivierenden Datenfreigaben und auch die Geschwindigkeit des gew\u00fcnschten Zielspeichers. Die Ergebnisse k\u00f6nnen als PDF-Bericht exportiert werden. Das Analyse-Werkzeug befindet sich im Setup-Paket unter Werkzeugen oder kann von unserer Webseite heruntergeladen werden. <a href=\"https:\/\/www.tech-arrow.de\/contentaccess-analysis-tool\/\" target=\"_blank\" rel=\"noopener\">Lesen Sie mehr&#8230;<\/a><\/p>\n<div align=\"center\"><img decoding=\"async\" src=\"https:\/\/www.tech-arrow.com\/wp-content\/uploads\/2015\/11\/contentACCESS-2_7-19.png\" alt=\"contentACCESS 2_7 19\" \/><br \/>\n<em>Das <strong>contentACCESS Analyse-Werkzeug<\/strong> im <strong>Planungsbereich<\/strong> des Installationspakets<\/em><\/div>\n<p>&nbsp;<\/p>\n<div align=\"center\"><a href=\"https:\/\/www.tech-arrow.com\/wp-content\/uploads\/2015\/11\/contentACCESS-2_7-20.png\"><img decoding=\"async\" src=\"https:\/\/www.tech-arrow.com\/wp-content\/uploads\/2015\/11\/contentACCESS-2_7-20.png\" alt=\"contentACCESS 2_7 20\" width=\"100%\" \/><\/a><br \/>\n<em>Das <strong>contentACCESS Analyse-Werkzeug<\/strong><\/em><\/div>\n<p>&nbsp;<\/p>\n<p><strong>\u2713 WinShortcutter von TECH-ARROW:<\/strong> Der WinShortcutter von TECH-ARROW ist eine Sammlung kleiner, n\u00fctzlicher Utilities, die haupts\u00e4chlich f\u00fcr MAC-Nutzer in Windows-dominierten Arbeitsumgebungen mit schwachem MAC-Support geschaffen wurden. Sie k\u00f6nnen mit MS Windows erstellte Shortcuts wie bei jeder anderen Datei einfach \u00f6ffnen! F\u00fcr weitere Informationen zu Umfang und Verwendung des Programms besuchen Sie bitte unsere Webseite: WinShortcutter von TECH-ARROW <a href=\"https:\/\/www.tech-arrow.de\/winshortcutter-von-tech-arrow\/\" target=\"_blank\" rel=\"noopener\">TECH-ARROW&#8217;s WinShortcutter<\/a><\/p>\n<div align=\"center\"><img decoding=\"async\" src=\"https:\/\/www.tech-arrow.com\/wp-content\/uploads\/2015\/11\/contentACCESS-2_7-21.png\" alt=\"contentACCESS 2_7 21\" \/><br \/>\n<em>Quicklook in <strong>WinShortcutter von TECH-ARROW<\/strong><\/em><\/div>\n<p>&nbsp;<\/p>\n<p><strong>\u2713 officeGATE:<\/strong> Die neue Version von officeGATE ist nun auf Englisch und Deutsch erh\u00e4ltlich. Wir haben die Integration mit dem contentACCESS-Archiv verbessert. Sie haben nun einen einheitlichen Zugang f\u00fcr DMS-Provider (die in contentACCESS konfiguriert wurden). Die Verbindung zu SharePoint wurde ebenfalls mit neuen brillanten Funktionen verbessert: nun k\u00f6nnen Sie die internen MS SharePoint Server Ihres Unternehmens und auch Ihre SharePoint Online-Sites in einem einzelnen Baum parat haben. Das Auslagern in der Listenansicht wurde ebenfalls verbessert.<\/p>\n<p><img decoding=\"async\" class=\"alignleft\" src=\"https:\/\/www.tech-arrow.com\/wp-content\/uploads\/2015\/11\/contentACCESS-2_7-22.png\" alt=\"contentACCESS 2_7 22\" \/><br \/>\n<img decoding=\"async\" class=\"alignnone\" src=\"https:\/\/www.tech-arrow.com\/wp-content\/uploads\/2015\/11\/contentACCESS-2_7-23.png\" alt=\"contentACCESS 2_7 23\" \/><\/p>\n<div align=\"center\"><em>Neue Version von <strong>officeGATE<\/strong><\/em><\/div>\n<\/div>\n<div style=\"border: 1px solid #dddddd; background-color: white; width: 94%; padding: 3%; margin-bottom: 20px;\">\n<h3 style=\"color: red; padding-top: 0px;\">Dokumentation<\/h3>\n<p style=\"text-align: left;\"><strong>\u2713 Dokumentation<\/strong> \u2013 Bitte lesen Sie die aktualisierte Dokumentation und die aktualisierten Handb\u00fccher.<\/p>\n<p><a href=\"https:\/\/www.tech-arrow.com\/Manuals\/contentACCESS_Manual.pdf\" target=\"_blank\" rel=\"noopener\"><img decoding=\"async\" src=\"https:\/\/www.tech-arrow.com\/wp-content\/uploads\/2015\/03\/pdf-icon-150x150.png\" alt=\"pdf-icon\" width=\"2%\" \/> contentACCESS Manual<\/a><\/p>\n<p><a title=\"contentACCESS Analysis Tool Manual\" href=\"https:\/\/www.tech-arrow.com\/Manuals\/contentACCESS Analysis Tool.pdf\" target=\"_blank\" rel=\"noopener\"><img loading=\"lazy\" decoding=\"async\" src=\"https:\/\/www.tech-arrow.com\/wp-content\/uploads\/2015\/03\/pdf-icon-150x150.png\" alt=\"pdf-icon\" width=\"20\" height=\"20\" \/><\/a> <a title=\"contentACCESS Analysis Tool Manual\" href=\"https:\/\/www.tech-arrow.com\/Manuals\/contentACCESS Analysis Tool.pdf\" target=\"_blank\" rel=\"noopener\">contentACCESS Analysis Tool Manual<\/a><\/p>\n<p><a href=\"https:\/\/www.tech-arrow.com\/Manuals\/TECH-ARROW's%20Winshortcutter%20Manual.pdf\"><img loading=\"lazy\" decoding=\"async\" src=\"https:\/\/www.tech-arrow.com\/wp-content\/uploads\/2015\/03\/pdf-icon-150x150.png\" alt=\"pdf-icon\" width=\"20\" height=\"20\" \/><\/a> <a href=\"https:\/\/www.tech-arrow.com\/Manuals\/TECH-ARROW's%20Winshortcutter%20Manual.pdf\">TECH-ARROW\u2019s WinShortcutter user manual<\/a><\/p>\n<p><a title=\"contentWEB Manual\" href=\"https:\/\/www.tech-arrow.com\/Manuals\/contentWEB Manual.pdf\" target=\"_blank\" rel=\"noopener\"><img loading=\"lazy\" decoding=\"async\" src=\"https:\/\/www.tech-arrow.com\/wp-content\/uploads\/2015\/03\/pdf-icon-150x150.png\" alt=\"pdf-icon\" width=\"20\" height=\"20\" \/><\/a> <a title=\"contentWEB Manual\" href=\"https:\/\/www.tech-arrow.com\/Manuals\/contentWEB Manual.pdf\" target=\"_blank\" rel=\"noopener\">contentWEB Manual<\/a><\/p>\n<p><a href=\"https:\/\/www.tech-arrow.com\/Manuals\/officeGATE%20Manual.pdf\"><img loading=\"lazy\" decoding=\"async\" src=\"https:\/\/www.tech-arrow.com\/wp-content\/uploads\/2015\/03\/pdf-icon-150x150.png\" alt=\"pdf-icon\" width=\"20\" height=\"20\" \/><\/a> <a href=\"https:\/\/www.tech-arrow.com\/Manuals\/officeGATE%20Manual.pdf\">officeGATE manual<\/a><\/p>\n<\/div>\n","protected":false},"excerpt":{"rendered":"<p>Eine Liste aller Versionshinweise k\u00f6nnen Sie hier finden. Die folgende Liste gibt Ihnen einen schnellen \u00dcberblick \u00fcber die neusten Verbesserungen, die contentACCESS Version 2.7 f\u00fcr Sie bereith\u00e4lt: Allgemeine Features \u2713 Planung: Das Setup von contentACCESS wurde um einen Planungsbereich erweitert, der Hardware- und Software-Voraussetzungen und das contentACCESS Analysis Werkzeug enth\u00e4lt (siehe unten im Werkzeug-Bereich dieses [&hellip;]<\/p>\n","protected":false},"author":7,"featured_media":0,"parent":0,"menu_order":0,"comment_status":"closed","ping_status":"closed","template":"","meta":{"_acf_changed":false,"inline_featured_image":false,"footnotes":""},"class_list":["post-5500","page","type-page","status-publish","hentry"],"acf":[],"yoast_head":"<!-- This site is optimized with the Yoast SEO plugin v27.0 - https:\/\/yoast.com\/product\/yoast-seo-wordpress\/ -->\n<title>contentACCESS Version 2.7 \u2013 Details - TECH-ARROW<\/title>\n<meta name=\"robots\" content=\"index, follow, max-snippet:-1, max-image-preview:large, max-video-preview:-1\" \/>\n<link rel=\"canonical\" href=\"https:\/\/www.tech-arrow.com\/de\/contentaccess-version-2-7-details\/\" \/>\n<meta property=\"og:locale\" content=\"de_DE\" \/>\n<meta property=\"og:type\" content=\"article\" \/>\n<meta property=\"og:title\" content=\"contentACCESS Version 2.7 \u2013 Details - TECH-ARROW\" \/>\n<meta property=\"og:description\" content=\"Eine Liste aller Versionshinweise k\u00f6nnen Sie hier finden. Die folgende Liste gibt Ihnen einen schnellen \u00dcberblick \u00fcber die neusten Verbesserungen, die contentACCESS Version 2.7 f\u00fcr Sie bereith\u00e4lt: Allgemeine Features \u2713 Planung: Das Setup von contentACCESS wurde um einen Planungsbereich erweitert, der Hardware- und Software-Voraussetzungen und das contentACCESS Analysis Werkzeug enth\u00e4lt (siehe unten im Werkzeug-Bereich dieses [&hellip;]\" \/>\n<meta property=\"og:url\" content=\"https:\/\/www.tech-arrow.com\/de\/contentaccess-version-2-7-details\/\" \/>\n<meta property=\"og:site_name\" content=\"TECH-ARROW\" \/>\n<meta property=\"article:publisher\" content=\"https:\/\/www.facebook.com\/thetecharrow\/?fref=ts\" \/>\n<meta property=\"article:modified_time\" content=\"2024-11-27T14:02:33+00:00\" \/>\n<meta property=\"og:image\" content=\"https:\/\/www.tech-arrow.com\/wp-content\/uploads\/2015\/11\/contentACCESS-2_7-02.png\" \/>\n<meta name=\"twitter:card\" content=\"summary_large_image\" \/>\n<script type=\"application\/ld+json\" class=\"yoast-schema-graph\">{\"@context\":\"https:\/\/schema.org\",\"@graph\":[{\"@type\":\"WebPage\",\"@id\":\"https:\/\/www.tech-arrow.com\/de\/contentaccess-version-2-7-details\/\",\"url\":\"https:\/\/www.tech-arrow.com\/de\/contentaccess-version-2-7-details\/\",\"name\":\"contentACCESS Version 2.7 \u2013 Details - TECH-ARROW\",\"isPartOf\":{\"@id\":\"https:\/\/www.tech-arrow.com\/#website\"},\"primaryImageOfPage\":{\"@id\":\"https:\/\/www.tech-arrow.com\/de\/contentaccess-version-2-7-details\/#primaryimage\"},\"image\":{\"@id\":\"https:\/\/www.tech-arrow.com\/de\/contentaccess-version-2-7-details\/#primaryimage\"},\"thumbnailUrl\":\"https:\/\/www.tech-arrow.com\/wp-content\/uploads\/2015\/11\/contentACCESS-2_7-02.png\",\"datePublished\":\"2021-10-14T08:29:19+00:00\",\"dateModified\":\"2024-11-27T14:02:33+00:00\",\"breadcrumb\":{\"@id\":\"https:\/\/www.tech-arrow.com\/de\/contentaccess-version-2-7-details\/#breadcrumb\"},\"inLanguage\":\"de\",\"potentialAction\":[{\"@type\":\"ReadAction\",\"target\":[\"https:\/\/www.tech-arrow.com\/de\/contentaccess-version-2-7-details\/\"]}]},{\"@type\":\"ImageObject\",\"inLanguage\":\"de\",\"@id\":\"https:\/\/www.tech-arrow.com\/de\/contentaccess-version-2-7-details\/#primaryimage\",\"url\":\"https:\/\/www.tech-arrow.com\/wp-content\/uploads\/2015\/11\/contentACCESS-2_7-02.png\",\"contentUrl\":\"https:\/\/www.tech-arrow.com\/wp-content\/uploads\/2015\/11\/contentACCESS-2_7-02.png\"},{\"@type\":\"BreadcrumbList\",\"@id\":\"https:\/\/www.tech-arrow.com\/de\/contentaccess-version-2-7-details\/#breadcrumb\",\"itemListElement\":[{\"@type\":\"ListItem\",\"position\":1,\"name\":\"Home\",\"item\":\"https:\/\/www.tech-arrow.com\/de\/\"},{\"@type\":\"ListItem\",\"position\":2,\"name\":\"contentACCESS Version 2.7 \u2013 Details\"}]},{\"@type\":\"WebSite\",\"@id\":\"https:\/\/www.tech-arrow.com\/#website\",\"url\":\"https:\/\/www.tech-arrow.com\/\",\"name\":\"TECH-ARROW\",\"description\":\"\",\"publisher\":{\"@id\":\"https:\/\/www.tech-arrow.com\/#organization\"},\"potentialAction\":[{\"@type\":\"SearchAction\",\"target\":{\"@type\":\"EntryPoint\",\"urlTemplate\":\"https:\/\/www.tech-arrow.com\/?s={search_term_string}\"},\"query-input\":{\"@type\":\"PropertyValueSpecification\",\"valueRequired\":true,\"valueName\":\"search_term_string\"}}],\"inLanguage\":\"de\"},{\"@type\":\"Organization\",\"@id\":\"https:\/\/www.tech-arrow.com\/#organization\",\"name\":\"TECH-ARROW, GmbH.\",\"url\":\"https:\/\/www.tech-arrow.com\/\",\"logo\":{\"@type\":\"ImageObject\",\"inLanguage\":\"de\",\"@id\":\"https:\/\/www.tech-arrow.com\/#\/schema\/logo\/image\/\",\"url\":\"https:\/\/www.tech-arrow.com\/wp-content\/uploads\/2017\/04\/techarrow-logo-481x97.png\",\"contentUrl\":\"https:\/\/www.tech-arrow.com\/wp-content\/uploads\/2017\/04\/techarrow-logo-481x97.png\",\"width\":481,\"height\":97,\"caption\":\"TECH-ARROW, GmbH.\"},\"image\":{\"@id\":\"https:\/\/www.tech-arrow.com\/#\/schema\/logo\/image\/\"},\"sameAs\":[\"https:\/\/www.facebook.com\/thetecharrow\/?fref=ts\",\"https:\/\/www.linkedin.com\/company\/techarrow\",\"https:\/\/www.youtube.com\/user\/thetecharrow\"]}]}<\/script>\n<!-- \/ Yoast SEO plugin. -->","yoast_head_json":{"title":"contentACCESS Version 2.7 \u2013 Details - TECH-ARROW","robots":{"index":"index","follow":"follow","max-snippet":"max-snippet:-1","max-image-preview":"max-image-preview:large","max-video-preview":"max-video-preview:-1"},"canonical":"https:\/\/www.tech-arrow.com\/de\/contentaccess-version-2-7-details\/","og_locale":"de_DE","og_type":"article","og_title":"contentACCESS Version 2.7 \u2013 Details - TECH-ARROW","og_description":"Eine Liste aller Versionshinweise k\u00f6nnen Sie hier finden. Die folgende Liste gibt Ihnen einen schnellen \u00dcberblick \u00fcber die neusten Verbesserungen, die contentACCESS Version 2.7 f\u00fcr Sie bereith\u00e4lt: Allgemeine Features \u2713 Planung: Das Setup von contentACCESS wurde um einen Planungsbereich erweitert, der Hardware- und Software-Voraussetzungen und das contentACCESS Analysis Werkzeug enth\u00e4lt (siehe unten im Werkzeug-Bereich dieses [&hellip;]","og_url":"https:\/\/www.tech-arrow.com\/de\/contentaccess-version-2-7-details\/","og_site_name":"TECH-ARROW","article_publisher":"https:\/\/www.facebook.com\/thetecharrow\/?fref=ts","article_modified_time":"2024-11-27T14:02:33+00:00","og_image":[{"url":"https:\/\/www.tech-arrow.com\/wp-content\/uploads\/2015\/11\/contentACCESS-2_7-02.png","type":"","width":"","height":""}],"twitter_card":"summary_large_image","schema":{"@context":"https:\/\/schema.org","@graph":[{"@type":"WebPage","@id":"https:\/\/www.tech-arrow.com\/de\/contentaccess-version-2-7-details\/","url":"https:\/\/www.tech-arrow.com\/de\/contentaccess-version-2-7-details\/","name":"contentACCESS Version 2.7 \u2013 Details - TECH-ARROW","isPartOf":{"@id":"https:\/\/www.tech-arrow.com\/#website"},"primaryImageOfPage":{"@id":"https:\/\/www.tech-arrow.com\/de\/contentaccess-version-2-7-details\/#primaryimage"},"image":{"@id":"https:\/\/www.tech-arrow.com\/de\/contentaccess-version-2-7-details\/#primaryimage"},"thumbnailUrl":"https:\/\/www.tech-arrow.com\/wp-content\/uploads\/2015\/11\/contentACCESS-2_7-02.png","datePublished":"2021-10-14T08:29:19+00:00","dateModified":"2024-11-27T14:02:33+00:00","breadcrumb":{"@id":"https:\/\/www.tech-arrow.com\/de\/contentaccess-version-2-7-details\/#breadcrumb"},"inLanguage":"de","potentialAction":[{"@type":"ReadAction","target":["https:\/\/www.tech-arrow.com\/de\/contentaccess-version-2-7-details\/"]}]},{"@type":"ImageObject","inLanguage":"de","@id":"https:\/\/www.tech-arrow.com\/de\/contentaccess-version-2-7-details\/#primaryimage","url":"https:\/\/www.tech-arrow.com\/wp-content\/uploads\/2015\/11\/contentACCESS-2_7-02.png","contentUrl":"https:\/\/www.tech-arrow.com\/wp-content\/uploads\/2015\/11\/contentACCESS-2_7-02.png"},{"@type":"BreadcrumbList","@id":"https:\/\/www.tech-arrow.com\/de\/contentaccess-version-2-7-details\/#breadcrumb","itemListElement":[{"@type":"ListItem","position":1,"name":"Home","item":"https:\/\/www.tech-arrow.com\/de\/"},{"@type":"ListItem","position":2,"name":"contentACCESS Version 2.7 \u2013 Details"}]},{"@type":"WebSite","@id":"https:\/\/www.tech-arrow.com\/#website","url":"https:\/\/www.tech-arrow.com\/","name":"TECH-ARROW","description":"","publisher":{"@id":"https:\/\/www.tech-arrow.com\/#organization"},"potentialAction":[{"@type":"SearchAction","target":{"@type":"EntryPoint","urlTemplate":"https:\/\/www.tech-arrow.com\/?s={search_term_string}"},"query-input":{"@type":"PropertyValueSpecification","valueRequired":true,"valueName":"search_term_string"}}],"inLanguage":"de"},{"@type":"Organization","@id":"https:\/\/www.tech-arrow.com\/#organization","name":"TECH-ARROW, GmbH.","url":"https:\/\/www.tech-arrow.com\/","logo":{"@type":"ImageObject","inLanguage":"de","@id":"https:\/\/www.tech-arrow.com\/#\/schema\/logo\/image\/","url":"https:\/\/www.tech-arrow.com\/wp-content\/uploads\/2017\/04\/techarrow-logo-481x97.png","contentUrl":"https:\/\/www.tech-arrow.com\/wp-content\/uploads\/2017\/04\/techarrow-logo-481x97.png","width":481,"height":97,"caption":"TECH-ARROW, GmbH."},"image":{"@id":"https:\/\/www.tech-arrow.com\/#\/schema\/logo\/image\/"},"sameAs":["https:\/\/www.facebook.com\/thetecharrow\/?fref=ts","https:\/\/www.linkedin.com\/company\/techarrow","https:\/\/www.youtube.com\/user\/thetecharrow"]}]}},"_links":{"self":[{"href":"https:\/\/www.tech-arrow.com\/de\/wp-json\/wp\/v2\/pages\/5500","targetHints":{"allow":["GET"]}}],"collection":[{"href":"https:\/\/www.tech-arrow.com\/de\/wp-json\/wp\/v2\/pages"}],"about":[{"href":"https:\/\/www.tech-arrow.com\/de\/wp-json\/wp\/v2\/types\/page"}],"author":[{"embeddable":true,"href":"https:\/\/www.tech-arrow.com\/de\/wp-json\/wp\/v2\/users\/7"}],"replies":[{"embeddable":true,"href":"https:\/\/www.tech-arrow.com\/de\/wp-json\/wp\/v2\/comments?post=5500"}],"version-history":[{"count":4,"href":"https:\/\/www.tech-arrow.com\/de\/wp-json\/wp\/v2\/pages\/5500\/revisions"}],"predecessor-version":[{"id":13411,"href":"https:\/\/www.tech-arrow.com\/de\/wp-json\/wp\/v2\/pages\/5500\/revisions\/13411"}],"wp:attachment":[{"href":"https:\/\/www.tech-arrow.com\/de\/wp-json\/wp\/v2\/media?parent=5500"}],"curies":[{"name":"wp","href":"https:\/\/api.w.org\/{rel}","templated":true}]}}