{"id":5502,"date":"2021-10-14T10:29:44","date_gmt":"2021-10-14T08:29:44","guid":{"rendered":"https:\/\/www.tech-arrow.com\/?page_id=5502"},"modified":"2024-11-27T15:02:41","modified_gmt":"2024-11-27T14:02:41","slug":"contentaccess-version-2-8-details","status":"publish","type":"page","link":"https:\/\/www.tech-arrow.com\/de\/contentaccess-version-2-8-details\/","title":{"rendered":"contentACCESS Version 2.8 \u2013 Details"},"content":{"rendered":"<p>Eine Liste aller Versionshinweise k\u00f6nnen Sie <a href=\"https:\/\/www.tech-arrow.com\/de\/contentaccess-anmerkungen-zu-dieser-version\/\" rel=\"noopener\">hier<\/a> finden.<br \/>\nDie folgende List gibt Ihnen einen raschen \u00dcberblick \u00fcber die neusten Verbesserungen, die contentACCESS Version 2.8 f\u00fcr Sie bereith\u00e4lt:<\/p>\n<div style=\"border: 1px solid #dddddd; background-color: white; width: 94%; padding: 3%; margin-bottom: 20px;\">\n<h3 style=\"color: red; padding-top: 0px;\">E-Mail-Archiv<\/h3>\n<p><strong>\u2713<\/strong> Die <strong> eingebetteten Nachrichten und die eingebetteten Nachrichtenanh\u00e4nge<\/strong> werden separat behandelt. Das unterst\u00fctzt Einzelinstanzerstellung und spart Speicherplatz.<\/p>\n<p><strong>\u2713<\/strong> Die <strong>Konfigurationen des Shortcut-Auftrags f\u00fcr das E-Mail-Archiv wurden erweitert<\/strong>. Es ist nun m\u00f6glich, die Vorteile zweier Shortcuts zu kombinieren, so kann zum Beispiel in der ersten Phase der \u201cKeep original\u201d Shortcut genutzt werden, E-Mails zu archivieren und in der 2. Phase k\u00f6nnen alte E-Mails mit HTML-Shortcuts ersetztb werden.<\/p>\n<p><center><a href=\"https:\/\/www.tech-arrow.com\/wp-content\/uploads\/2016\/01\/contentACCESS-2.8-details.png\" target=\"none\" rel=\"noopener\"><img decoding=\"async\" src=\"https:\/\/www.tech-arrow.com\/wp-content\/uploads\/2016\/01\/contentACCESS-2.8-details.png\" alt=\"contentACCESS 2.8 - details\" width=\"100%\" \/><\/a><br \/>\n<small>Shortcut Konfiguration eines E-Mail-Archivierungs-Auftrags<\/small><\/center><\/div>\n","protected":false},"excerpt":{"rendered":"<p>Eine Liste aller Versionshinweise k\u00f6nnen Sie hier finden. Die folgende List gibt Ihnen einen raschen \u00dcberblick \u00fcber die neusten Verbesserungen, die contentACCESS Version 2.8 f\u00fcr Sie bereith\u00e4lt: E-Mail-Archiv \u2713 Die eingebetteten Nachrichten und die eingebetteten Nachrichtenanh\u00e4nge werden separat behandelt. Das unterst\u00fctzt Einzelinstanzerstellung und spart Speicherplatz. \u2713 Die Konfigurationen des Shortcut-Auftrags f\u00fcr das E-Mail-Archiv wurden erweitert. [&hellip;]<\/p>\n","protected":false},"author":7,"featured_media":0,"parent":0,"menu_order":0,"comment_status":"closed","ping_status":"closed","template":"","meta":{"_acf_changed":false,"inline_featured_image":false,"footnotes":""},"class_list":["post-5502","page","type-page","status-publish","hentry"],"acf":[],"yoast_head":"<!-- This site is optimized with the Yoast SEO plugin v27.0 - https:\/\/yoast.com\/product\/yoast-seo-wordpress\/ -->\n<title>contentACCESS Version 2.8 \u2013 Details - TECH-ARROW<\/title>\n<meta name=\"robots\" content=\"index, follow, max-snippet:-1, max-image-preview:large, max-video-preview:-1\" \/>\n<link rel=\"canonical\" href=\"https:\/\/www.tech-arrow.com\/de\/contentaccess-version-2-8-details\/\" \/>\n<meta property=\"og:locale\" content=\"de_DE\" \/>\n<meta property=\"og:type\" content=\"article\" \/>\n<meta property=\"og:title\" content=\"contentACCESS Version 2.8 \u2013 Details - TECH-ARROW\" \/>\n<meta property=\"og:description\" content=\"Eine Liste aller Versionshinweise k\u00f6nnen Sie hier finden. Die folgende List gibt Ihnen einen raschen \u00dcberblick \u00fcber die neusten Verbesserungen, die contentACCESS Version 2.8 f\u00fcr Sie bereith\u00e4lt: E-Mail-Archiv \u2713 Die eingebetteten Nachrichten und die eingebetteten Nachrichtenanh\u00e4nge werden separat behandelt. Das unterst\u00fctzt Einzelinstanzerstellung und spart Speicherplatz. \u2713 Die Konfigurationen des Shortcut-Auftrags f\u00fcr das E-Mail-Archiv wurden erweitert. [&hellip;]\" \/>\n<meta property=\"og:url\" content=\"https:\/\/www.tech-arrow.com\/de\/contentaccess-version-2-8-details\/\" \/>\n<meta property=\"og:site_name\" content=\"TECH-ARROW\" \/>\n<meta property=\"article:publisher\" content=\"https:\/\/www.facebook.com\/thetecharrow\/?fref=ts\" \/>\n<meta property=\"article:modified_time\" content=\"2024-11-27T14:02:41+00:00\" \/>\n<meta property=\"og:image\" content=\"https:\/\/www.tech-arrow.com\/wp-content\/uploads\/2016\/01\/contentACCESS-2.8-details.png\" \/>\n<meta name=\"twitter:card\" content=\"summary_large_image\" \/>\n<script type=\"application\/ld+json\" class=\"yoast-schema-graph\">{\"@context\":\"https:\/\/schema.org\",\"@graph\":[{\"@type\":\"WebPage\",\"@id\":\"https:\/\/www.tech-arrow.com\/de\/contentaccess-version-2-8-details\/\",\"url\":\"https:\/\/www.tech-arrow.com\/de\/contentaccess-version-2-8-details\/\",\"name\":\"contentACCESS Version 2.8 \u2013 Details - TECH-ARROW\",\"isPartOf\":{\"@id\":\"https:\/\/www.tech-arrow.com\/#website\"},\"primaryImageOfPage\":{\"@id\":\"https:\/\/www.tech-arrow.com\/de\/contentaccess-version-2-8-details\/#primaryimage\"},\"image\":{\"@id\":\"https:\/\/www.tech-arrow.com\/de\/contentaccess-version-2-8-details\/#primaryimage\"},\"thumbnailUrl\":\"https:\/\/www.tech-arrow.com\/wp-content\/uploads\/2016\/01\/contentACCESS-2.8-details.png\",\"datePublished\":\"2021-10-14T08:29:44+00:00\",\"dateModified\":\"2024-11-27T14:02:41+00:00\",\"breadcrumb\":{\"@id\":\"https:\/\/www.tech-arrow.com\/de\/contentaccess-version-2-8-details\/#breadcrumb\"},\"inLanguage\":\"de\",\"potentialAction\":[{\"@type\":\"ReadAction\",\"target\":[\"https:\/\/www.tech-arrow.com\/de\/contentaccess-version-2-8-details\/\"]}]},{\"@type\":\"ImageObject\",\"inLanguage\":\"de\",\"@id\":\"https:\/\/www.tech-arrow.com\/de\/contentaccess-version-2-8-details\/#primaryimage\",\"url\":\"https:\/\/www.tech-arrow.com\/wp-content\/uploads\/2016\/01\/contentACCESS-2.8-details.png\",\"contentUrl\":\"https:\/\/www.tech-arrow.com\/wp-content\/uploads\/2016\/01\/contentACCESS-2.8-details.png\"},{\"@type\":\"BreadcrumbList\",\"@id\":\"https:\/\/www.tech-arrow.com\/de\/contentaccess-version-2-8-details\/#breadcrumb\",\"itemListElement\":[{\"@type\":\"ListItem\",\"position\":1,\"name\":\"Home\",\"item\":\"https:\/\/www.tech-arrow.com\/de\/\"},{\"@type\":\"ListItem\",\"position\":2,\"name\":\"contentACCESS Version 2.8 \u2013 Details\"}]},{\"@type\":\"WebSite\",\"@id\":\"https:\/\/www.tech-arrow.com\/#website\",\"url\":\"https:\/\/www.tech-arrow.com\/\",\"name\":\"TECH-ARROW\",\"description\":\"\",\"publisher\":{\"@id\":\"https:\/\/www.tech-arrow.com\/#organization\"},\"potentialAction\":[{\"@type\":\"SearchAction\",\"target\":{\"@type\":\"EntryPoint\",\"urlTemplate\":\"https:\/\/www.tech-arrow.com\/?s={search_term_string}\"},\"query-input\":{\"@type\":\"PropertyValueSpecification\",\"valueRequired\":true,\"valueName\":\"search_term_string\"}}],\"inLanguage\":\"de\"},{\"@type\":\"Organization\",\"@id\":\"https:\/\/www.tech-arrow.com\/#organization\",\"name\":\"TECH-ARROW, GmbH.\",\"url\":\"https:\/\/www.tech-arrow.com\/\",\"logo\":{\"@type\":\"ImageObject\",\"inLanguage\":\"de\",\"@id\":\"https:\/\/www.tech-arrow.com\/#\/schema\/logo\/image\/\",\"url\":\"https:\/\/www.tech-arrow.com\/wp-content\/uploads\/2017\/04\/techarrow-logo-481x97.png\",\"contentUrl\":\"https:\/\/www.tech-arrow.com\/wp-content\/uploads\/2017\/04\/techarrow-logo-481x97.png\",\"width\":481,\"height\":97,\"caption\":\"TECH-ARROW, GmbH.\"},\"image\":{\"@id\":\"https:\/\/www.tech-arrow.com\/#\/schema\/logo\/image\/\"},\"sameAs\":[\"https:\/\/www.facebook.com\/thetecharrow\/?fref=ts\",\"https:\/\/www.linkedin.com\/company\/techarrow\",\"https:\/\/www.youtube.com\/user\/thetecharrow\"]}]}<\/script>\n<!-- \/ Yoast SEO plugin. -->","yoast_head_json":{"title":"contentACCESS Version 2.8 \u2013 Details - TECH-ARROW","robots":{"index":"index","follow":"follow","max-snippet":"max-snippet:-1","max-image-preview":"max-image-preview:large","max-video-preview":"max-video-preview:-1"},"canonical":"https:\/\/www.tech-arrow.com\/de\/contentaccess-version-2-8-details\/","og_locale":"de_DE","og_type":"article","og_title":"contentACCESS Version 2.8 \u2013 Details - TECH-ARROW","og_description":"Eine Liste aller Versionshinweise k\u00f6nnen Sie hier finden. Die folgende List gibt Ihnen einen raschen \u00dcberblick \u00fcber die neusten Verbesserungen, die contentACCESS Version 2.8 f\u00fcr Sie bereith\u00e4lt: E-Mail-Archiv \u2713 Die eingebetteten Nachrichten und die eingebetteten Nachrichtenanh\u00e4nge werden separat behandelt. Das unterst\u00fctzt Einzelinstanzerstellung und spart Speicherplatz. \u2713 Die Konfigurationen des Shortcut-Auftrags f\u00fcr das E-Mail-Archiv wurden erweitert. [&hellip;]","og_url":"https:\/\/www.tech-arrow.com\/de\/contentaccess-version-2-8-details\/","og_site_name":"TECH-ARROW","article_publisher":"https:\/\/www.facebook.com\/thetecharrow\/?fref=ts","article_modified_time":"2024-11-27T14:02:41+00:00","og_image":[{"url":"https:\/\/www.tech-arrow.com\/wp-content\/uploads\/2016\/01\/contentACCESS-2.8-details.png","type":"","width":"","height":""}],"twitter_card":"summary_large_image","schema":{"@context":"https:\/\/schema.org","@graph":[{"@type":"WebPage","@id":"https:\/\/www.tech-arrow.com\/de\/contentaccess-version-2-8-details\/","url":"https:\/\/www.tech-arrow.com\/de\/contentaccess-version-2-8-details\/","name":"contentACCESS Version 2.8 \u2013 Details - TECH-ARROW","isPartOf":{"@id":"https:\/\/www.tech-arrow.com\/#website"},"primaryImageOfPage":{"@id":"https:\/\/www.tech-arrow.com\/de\/contentaccess-version-2-8-details\/#primaryimage"},"image":{"@id":"https:\/\/www.tech-arrow.com\/de\/contentaccess-version-2-8-details\/#primaryimage"},"thumbnailUrl":"https:\/\/www.tech-arrow.com\/wp-content\/uploads\/2016\/01\/contentACCESS-2.8-details.png","datePublished":"2021-10-14T08:29:44+00:00","dateModified":"2024-11-27T14:02:41+00:00","breadcrumb":{"@id":"https:\/\/www.tech-arrow.com\/de\/contentaccess-version-2-8-details\/#breadcrumb"},"inLanguage":"de","potentialAction":[{"@type":"ReadAction","target":["https:\/\/www.tech-arrow.com\/de\/contentaccess-version-2-8-details\/"]}]},{"@type":"ImageObject","inLanguage":"de","@id":"https:\/\/www.tech-arrow.com\/de\/contentaccess-version-2-8-details\/#primaryimage","url":"https:\/\/www.tech-arrow.com\/wp-content\/uploads\/2016\/01\/contentACCESS-2.8-details.png","contentUrl":"https:\/\/www.tech-arrow.com\/wp-content\/uploads\/2016\/01\/contentACCESS-2.8-details.png"},{"@type":"BreadcrumbList","@id":"https:\/\/www.tech-arrow.com\/de\/contentaccess-version-2-8-details\/#breadcrumb","itemListElement":[{"@type":"ListItem","position":1,"name":"Home","item":"https:\/\/www.tech-arrow.com\/de\/"},{"@type":"ListItem","position":2,"name":"contentACCESS Version 2.8 \u2013 Details"}]},{"@type":"WebSite","@id":"https:\/\/www.tech-arrow.com\/#website","url":"https:\/\/www.tech-arrow.com\/","name":"TECH-ARROW","description":"","publisher":{"@id":"https:\/\/www.tech-arrow.com\/#organization"},"potentialAction":[{"@type":"SearchAction","target":{"@type":"EntryPoint","urlTemplate":"https:\/\/www.tech-arrow.com\/?s={search_term_string}"},"query-input":{"@type":"PropertyValueSpecification","valueRequired":true,"valueName":"search_term_string"}}],"inLanguage":"de"},{"@type":"Organization","@id":"https:\/\/www.tech-arrow.com\/#organization","name":"TECH-ARROW, GmbH.","url":"https:\/\/www.tech-arrow.com\/","logo":{"@type":"ImageObject","inLanguage":"de","@id":"https:\/\/www.tech-arrow.com\/#\/schema\/logo\/image\/","url":"https:\/\/www.tech-arrow.com\/wp-content\/uploads\/2017\/04\/techarrow-logo-481x97.png","contentUrl":"https:\/\/www.tech-arrow.com\/wp-content\/uploads\/2017\/04\/techarrow-logo-481x97.png","width":481,"height":97,"caption":"TECH-ARROW, GmbH."},"image":{"@id":"https:\/\/www.tech-arrow.com\/#\/schema\/logo\/image\/"},"sameAs":["https:\/\/www.facebook.com\/thetecharrow\/?fref=ts","https:\/\/www.linkedin.com\/company\/techarrow","https:\/\/www.youtube.com\/user\/thetecharrow"]}]}},"_links":{"self":[{"href":"https:\/\/www.tech-arrow.com\/de\/wp-json\/wp\/v2\/pages\/5502","targetHints":{"allow":["GET"]}}],"collection":[{"href":"https:\/\/www.tech-arrow.com\/de\/wp-json\/wp\/v2\/pages"}],"about":[{"href":"https:\/\/www.tech-arrow.com\/de\/wp-json\/wp\/v2\/types\/page"}],"author":[{"embeddable":true,"href":"https:\/\/www.tech-arrow.com\/de\/wp-json\/wp\/v2\/users\/7"}],"replies":[{"embeddable":true,"href":"https:\/\/www.tech-arrow.com\/de\/wp-json\/wp\/v2\/comments?post=5502"}],"version-history":[{"count":2,"href":"https:\/\/www.tech-arrow.com\/de\/wp-json\/wp\/v2\/pages\/5502\/revisions"}],"predecessor-version":[{"id":13412,"href":"https:\/\/www.tech-arrow.com\/de\/wp-json\/wp\/v2\/pages\/5502\/revisions\/13412"}],"wp:attachment":[{"href":"https:\/\/www.tech-arrow.com\/de\/wp-json\/wp\/v2\/media?parent=5502"}],"curies":[{"name":"wp","href":"https:\/\/api.w.org\/{rel}","templated":true}]}}