{"id":5504,"date":"2021-10-14T10:30:10","date_gmt":"2021-10-14T08:30:10","guid":{"rendered":"https:\/\/www.tech-arrow.com\/?page_id=5504"},"modified":"2024-11-27T15:02:49","modified_gmt":"2024-11-27T14:02:49","slug":"contentaccess-version-2-9-details","status":"publish","type":"page","link":"https:\/\/www.tech-arrow.com\/de\/contentaccess-version-2-9-details\/","title":{"rendered":"contentACCESS Version 2.9 \u2013 Details"},"content":{"rendered":"<p>Eine Liste aller Versionshinweise k\u00f6nnen Sie <a href=\"https:\/\/www.tech-arrow.com\/de\/contentaccess-anmerkungen-zu-dieser-version\/\" rel=\"noopener\">hier<\/a> finden.<br \/>\nDie folgende Liste gibt Ihnen einen raschen \u00dcberblick \u00fcber die neusten Verbesserungen, die contentACCESS Version 2.9 f\u00fcr Sie bereith\u00e4lt:<\/p>\n<div style=\"border: 1px solid #dddddd; background-color: white; width: 94%; padding: 3%; margin-bottom: 20px;\">\n<h3 style=\"color: red; padding-top: 0px;\">Allgemeine Funktionen<\/h3>\n<p><strong>\u2713<\/strong> <strong>Importer:<\/strong> F\u00fcgt die M\u00f6glichkeit hinzu, Daten aus Dateien wie CSV, XML, Tab-oder-Space-separierten Text zu importieren. So wird das Hinzuf\u00fcgen gro\u00dfer Datenmengen zu unterschiedlichen Konfigurationsbereichen erheblich einfacher, da die Eintr\u00e4ge nicht mehr einzeln manuell eingegeben werden m\u00fcssen. Man kann eine Option ausw\u00e4hlen, um existierende Objekte zu \u00fcberschreiben, sie zu aktualisieren oder vollst\u00e4ndig zu \u00fcberspringen. Nach dem initialen Upload k\u00f6nnen die Dateispalten auf den importierbaren Eingabefeldern dadurch abgebildet werden, dass die Spalten\u00fcberschriften verschoben werden. Wenn das Mapping abgeschlossen ist, werden die neu importierten Eintr\u00e4ge zum Konfigurationsbereich hinzugef\u00fcgt. Die Importm\u00f6glichkeit ist f\u00fcr jede notwendige Option verf\u00fcgbar (z. B. E-Mail-Archiv: Ordner ausschie\u00dfen, Adressen ausschlie\u00dfen: Dateiarchiv: zu verarbeitende Ordner, Ordner ausschlie\u00dfen)<br \/>\n<img decoding=\"async\" src=\"https:\/\/www.tech-arrow.com\/wp-content\/uploads\/2016\/05\/cACCESS2.jpg.png\" alt=\"cACCESS2.jpg\" \/><\/p>\n<p><strong>\u2713 contentACCESS als Migrationsziel:<\/strong> contentACCESS dient nun als Datei- und E-Mail-Archiv-Migrationsziel f\u00fcr contentGATE, das erlaubt Ihnen, bei der Nutzung von contentGATE von jedwedem Datei- oder E-Mail-Archiv nach contentACCESS zu migrieren<\/p>\n<p><strong>\u2713 Neuer Speicher-Support:<\/strong>Durch den Einsatz des neuen HybridStore Speichers werden nun einige neue Archiv-Medien von contentACCESS unterst\u00fctzt (Centera, Celera, Iternity\u2026)<\/p>\n<p>Durch den Einsatz des neuen Lexmark ELM Speichers, ist contentACCESS nun in der Lage ELM als Speicher zu verwenden<\/p>\n<p><center><a href=\"https:\/\/www.tech-arrow.com\/wp-content\/uploads\/2016\/05\/cACCESS8.jpg.png\" target=\"blank\" rel=\"noopener\"><img decoding=\"async\" src=\"https:\/\/www.tech-arrow.com\/wp-content\/uploads\/2016\/05\/cACCESS8.jpg.png\" alt=\"cACCESS8.jpg\" width=\"49%\" \/><\/a> <a href=\"https:\/\/www.tech-arrow.com\/wp-content\/uploads\/2016\/05\/cACCESS9.jpg.png\" target=\"blank\" rel=\"noopener\"><img decoding=\"async\" src=\"https:\/\/www.tech-arrow.com\/wp-content\/uploads\/2016\/05\/cACCESS9.jpg.png\" alt=\"cACCESS9.jpg\" width=\"49%\" \/><\/a><\/center><strong>\u2713 Neuer Share-Plugin:<\/strong> Der neue Share-Plugin erlaubt Ihnen das Teilen von Dateien mit contentACCESS. Die Datei wird nur einmal hochgeladen und lediglich ein Link wird an andere Teilnehmer geschickt. Der Nutzer, der die Datei teilt, kann die Vorhaltezeit und die Anzahl an Malen, die die Datei heruntergeladen wird, begrenzen. Um diese neue Funktion zu aktivieren, muss der neue Auftrag in den Custom Plugin Bereichen erstellt werden.<\/p>\n<p><center><img decoding=\"async\" src=\"https:\/\/www.tech-arrow.com\/wp-content\/uploads\/2016\/05\/cACCESS12.jpg.png\" alt=\"cACCESS12.jpg\" \/><\/center><strong>\u2713 Neuer Lizenz-Server:<\/strong> Der neue Lizenz-Server erlaubt die Offline-Aktivierung f\u00fcr jeden. Der Link ist direkt in Central Administration verf\u00fcgbar.<\/p>\n<p><center><img decoding=\"async\" src=\"https:\/\/www.tech-arrow.com\/wp-content\/uploads\/2016\/05\/cACCESS13.jpg.png\" alt=\"cACCESS13.jpg\" \/><\/center>Das neue Lizenzserver-System ist daf\u00fcr geschaffen, alle Produkte eines Unternehmens abzudecken, das Messen, Speichern und Z\u00e4hlen aller m\u00f6glichen Eigenschaften, eine sogenannte Telemetrie-Information eines jeden Produkts. Die Telemetrie-Information, die durch das Produkt verschickt wird, ist nicht statisch und kann sich von Produkt zu Produkt unterscheiden. Aufgrund der gesammelten Informationen definiert der Lizenzserver die Beschr\u00e4nkungen. Diese Beschr\u00e4nkungen werden dann durch die Anwendung evaluiert.<\/p>\n<p>Das Lizenzierungssystem erlaubt die Installation des gleichen Produkts mit dem gleichen Schl\u00fcssel auf unterschiedlichen Ger\u00e4ten mit korrekten Lizenzeinstellungen. Die Telemetrie-Information wird durch den Server zusammengefasst und an alle Anwendungen mit dem gleichen Lizenzschl\u00fcssel weiterverteilt. Bei g\u00fcltiger Wartung und Unterst\u00fctzung erlaubt der Lizenzserver die Installation der neusten Produktversion.<\/p>\n<p><strong>\u2713 Statistiken:<\/strong> Central Administration enth\u00e4lt ab sofort E-Mail \/ Dateiarchiv-Statistiken: (auf Mandantenebene) Zusammenfassungen f\u00fcr: eine Anzahl an Postf\u00e4chern\/Dateien, Gr\u00f6\u00dfe, archiviert) und Systemstatistiken ebenfalls.<\/p>\n<p><center><img decoding=\"async\" src=\"https:\/\/www.tech-arrow.com\/wp-content\/uploads\/2016\/05\/cACCESS6.jpg.png\" alt=\"cACCESS6.jpg\" \/><\/center><strong>\u2713 Neue lizenzierung:<\/strong> contentACCESS-Lizenzierung wurde um die Erlaubnis erweitert, eine Begrenzung der Anzahl der archivierten Objekte, die Gr\u00f6\u00dfe der archivierten Objekte, die Anzahl der archivierten Einheiten (Postf\u00e4cher, Stammordner) auf Mandantenebene vorzunehmen. All diese Beschr\u00e4nkungen sind in Central Administration, im Lizenzbereich einsehbar.<\/p>\n<p><a href=\"https:\/\/www.tech-arrow.com\/wp-content\/uploads\/2016\/05\/cACCESS11.jpg.png\" target=\"blank\" rel=\"noopener\"><img decoding=\"async\" src=\"https:\/\/www.tech-arrow.com\/wp-content\/uploads\/2016\/05\/cACCESS11.jpg.png\" alt=\"cACCESS11.jpg\" width=\"100%\" \/><\/a><\/p>\n<\/div>\n<div style=\"border: 1px solid #dddddd; background-color: white; width: 94%; padding: 3%; margin-bottom: 20px;\">\n<h3 style=\"color: red; padding-top: 0px;\">E-Mail-Archiv<\/h3>\n<p><strong>\u2713 Ordner und \/ oder Adressen bei der E-Mail-Archivierung und Wiederherstellung ausschlie\u00dfen: <\/strong> Nun ist es m\u00f6glich, einzelne E-Mails nach Absender, Empf\u00e4nger oder beidem auszuschlie\u00dfen. Sie k\u00f6nnen eine Liste von auszuschlie\u00dfenden E-Mail-Adressen angeben und festlegen, welche Felder (Sender, Empf\u00e4nger oder beide) durch den Filter ber\u00fccksichtigt werden sollen. Die E-Mails, die mit dem Filter \u00fcbereinstimmen, werden von der Verarbeitung ausgeschlossen. . Die Empf\u00e4nger enthalten die Felder \u201cTo\u201d, \u201cCc\u201d, \u201cBcc\u201d.<\/p>\n<p><center><a href=\"https:\/\/www.tech-arrow.com\/wp-content\/uploads\/2016\/05\/cACCESS3.jpg.png\" target=\"blank\" rel=\"noopener\"><img decoding=\"async\" src=\"https:\/\/www.tech-arrow.com\/wp-content\/uploads\/2016\/05\/cACCESS3.jpg.png\" alt=\"cACCESS3.jpg\" width=\"49%\" \/><\/a> <a href=\"https:\/\/www.tech-arrow.com\/wp-content\/uploads\/2016\/05\/cACCESS4.jpg.png\" target=\"blank\" rel=\"noopener\"><img decoding=\"async\" src=\"https:\/\/www.tech-arrow.com\/wp-content\/uploads\/2016\/05\/cACCESS4.jpg.png\" alt=\"cACCESS4.jpg\" width=\"49%\" \/><\/a><\/center><strong>\u2713 Gesamtstruktur-Support f\u00fcr das Archivieren von E-Mails:<\/strong> die neue Version kann alle Eltern-Kind-Domains durchsuchen und Postf\u00e4chern finden und mit ihnen arbeiten.<\/p>\n<p><strong>\u2713 E-Mail-Verbesserungen:<\/strong> Stabilere Exchange-Verbindung f\u00fcr Exchange Server mit Lastenausgleich.<\/p>\n<p><strong>\u2713 E-Mail-Archiv-Verbesserungen:<\/strong> M\u00f6glichkeit, eine Exchange-Gruppe manuell hinzuzuf\u00fcgen.<\/p>\n<p><strong>\u2713 Konnektoren Legacy-Archive:<\/strong> ab contentACCESS 2.9 ist es m\u00f6glich, den Legacy-Archive-Konnektor auch f\u00fcr ELM-Systeme zu verwenden.<\/p>\n<p><strong>\u2713 OWA 2010 integration:<\/strong> Der OWA 2010-Support ist ausw\u00e4hlbar ab contentACCESS 2.9<\/p>\n<p><center><img decoding=\"async\" src=\"https:\/\/www.tech-arrow.com\/wp-content\/uploads\/2016\/05\/cACCESS14.jpg.png\" alt=\"cACCESS14.jpg\" \/><\/center><\/div>\n<div style=\"border: 1px solid #dddddd; background-color: white; width: 94%; padding: 3%; margin-bottom: 20px;\">\n<h3 style=\"color: red; padding-top: 0px;\">Dateiarchiv<\/h3>\n<p><strong>\u2713 Benutzerbereitstellung aus der Active Directory:<\/strong> Nach der Konfiguration der \u201cActive Directory Integration Settings\u201d im Mandantensystem besteht die M\u00f6glichkeit, dem System Nutzer aus der Active Directory hinzuzuf\u00fcgen. Unter dem Dateiarchiv-Reiterchen gibt es eine neue Seite namens \u201cProvisioning Settings\u201d. Nachdem Gruppennamen oder LDAP-Pfade zu den bereitstellbaren Objekten hinzugef\u00fcgt, wenn die Bereitstellung startet, werden alle Nutzer contentACCESS als Nutzer hinzugef\u00fcgt. contentWEB Access wird f\u00fcr diese Nutzer konfigurierbar sein.<\/p>\n<p><a href=\"https:\/\/www.tech-arrow.com\/wp-content\/uploads\/2016\/05\/cACCESS5.jpg.png\" target=\"blank\" rel=\"noopener\"><img decoding=\"async\" src=\"https:\/\/www.tech-arrow.com\/wp-content\/uploads\/2016\/05\/cACCESS5.jpg.png\" alt=\"cACCESS5.jpg\" width=\"100%\" \/><\/a><\/p>\n<p><strong>\u2713 Dateiarchiv-\u00c4nderungen:<\/strong> Das System f\u00fcr FSA \u00e4ndert sich im Vergleich zu EA nicht: die Stammelemente (Pfade) werden einen Speicher ergeben und einer Datenbank zugeteilt (das Gleiche gilt f\u00fcr Postf\u00e4cher). Dateiarchiv kann mit mehreren Datenbanken und Speichern verbunden werden.<\/p>\n<p><center><img decoding=\"async\" src=\"https:\/\/www.tech-arrow.com\/wp-content\/uploads\/2016\/05\/cACCESS7.jpg.png\" alt=\"cACCESS7.jpg\" \/><\/center><strong>\u2713 Virtuelle Speicherplatte:<\/strong> Die Auswahl der virtuellen Speicherplatte ist nicht mehr fix. Das Setup ordnet die bereits genutzten Speicherplatten zu, und die virtuelle Speicherplatte erh\u00e4lt den zuerst verf\u00fcgbaren Buchstaben nach umgekehrter alphabetischer Reihenfolge.<\/p>\n<p><strong>\u2713 Streaming:<\/strong> F\u00fcr die Unterst\u00fctzung gro\u00dfer Dateien wurde ein Streaming-Prozess implementiert.<\/p>\n<p><strong>\u2713 Ordner ausschlie\u00dfen:<\/strong> In der neuen Version ist es m\u00f6glich, eine Liste von Ordnern zu definieren, die nicht vom Archiv-Auftrag verarbeitet werden sollen.<\/p>\n<p><strong>\u2713 Import-Ordner-Liste:<\/strong> Die M\u00f6glichkeit Daten aus Dateien wie CSV, XML, Tab-or-Space-separierten Text zu importieren. So wird die Hinzuf\u00fcgung gro\u00dfer Datenmengen auf unterschiedliche Konfigurationsbereiche viel leichter, da es nicht mehr n\u00f6tig ist, jeden Eintrag manuell vorzunehmen. Es besteht die M\u00f6glichkeit, einzustellen, ob existierende Objekte \u00fcberschrieben, aktualisiert oder vollst\u00e4ndig ausgelassen werden sollen. Nach dem initialen Upload k\u00f6nnen die Spalten der Datei den importierbaren Eingabefeldern zugeordnet werden, indem die Spalten\u00fcberschriften gezogen werden. Wenn die Zuordnung abgeschlossen ist, werden die neu importierten Eintr\u00e4ge im Konfigurationsbereich hinzugef\u00fcgt.<\/p>\n<\/div>\n<div style=\"border: 1px solid #dddddd; background-color: white; width: 94%; padding: 3%; margin-bottom: 20px;\">\n<h3 style=\"color: red; padding-top: 0px;\">Clientanwendungen \/ Werkzeuge<\/h3>\n<p><strong>\u2713 \u00dcbergreifende Datenanzeige in contentACCESS:<\/strong> contentWEB kann nun jedwedes Modell \u00fcbergreifend anzeigen. Wenn ein neues Plugin dem System hinzugef\u00fcgt wurde, das ein Modell f\u00fcr die Objekte einf\u00fchrt, die von dem Plugin verarbeitet werden, wird das Plugin automatisch in contentWEB angezeigt. Der Administrator kann die Ansicht anpassen, indem er die anzuzeigenden Felder ausw\u00e4hlt.<\/p>\n<p><strong>\u2713 Konfigurierbare Spalten in contentWEB:<\/strong> Der Administrator kann f\u00fcr die UI ebenfalls ben\u00f6tigte Konfigurationseinstellungen vornehmen. Diese Konfigurationseinstellungen sind f\u00fcr die Plugins in contentACCESS verf\u00fcgbar.<\/p>\n<p><a href=\"https:\/\/www.tech-arrow.com\/wp-content\/uploads\/2016\/05\/cACCESS10.jpg.png\" target=\"blank\" rel=\"noopener\"><img decoding=\"async\" src=\"https:\/\/www.tech-arrow.com\/wp-content\/uploads\/2016\/05\/cACCESS10.jpg.png\" alt=\"cACCESS10.jpg\" width=\"100%\" \/><\/a><\/p>\n<\/div>\n<div style=\"border: 1px solid #dddddd; background-color: white; width: 94%; padding: 3%; margin-bottom: 20px;\">\n<h3 style=\"color: red; padding-top: 0px;\">Dokumentation<\/h3>\n<p style=\"text-align: left;\"><strong>\u2713 Dokumentation<\/strong> \u2013 Dokumentation \u2013 Bitte schauen Sie sich die Aktualisierungen in der Dokumentation und in den Handb\u00fcchern an.<\/p>\n<p><a title=\"contentAccess Manual\" href=\"https:\/\/www.tech-arrow.com\/documentation\/contentaccess\/\" target=\"_blank\" rel=\"noopener\"><img loading=\"lazy\" decoding=\"async\" src=\"https:\/\/www.tech-arrow.com\/wp-content\/uploads\/2016\/02\/3.png\" alt=\"3\" width=\"20\" height=\"20\" \/><\/a> <a title=\"contentAccess Manual\" href=\"https:\/\/www.tech-arrow.com\/documentation\/contentaccess\/\" target=\"_blank\" rel=\"noopener\">contentACCESS Manual<\/a><\/p>\n<p><a href=\"https:\/\/www.tech-arrow.com\/documentation\/tech-arrows-winshortcutter\/\"><img loading=\"lazy\" decoding=\"async\" src=\"https:\/\/www.tech-arrow.com\/wp-content\/uploads\/2016\/02\/3.png\" alt=\"3\" width=\"20\" height=\"20\" \/><\/a> <a href=\"https:\/\/www.tech-arrow.com\/documentation\/tech-arrows-winshortcutter\/\" target=\"_blank\" rel=\"noopener\">TECH-ARROW\u2019s WinShortcutter user manual<\/a><\/p>\n<p><a title=\"contentWEB Manual\" href=\"https:\/\/www.tech-arrow.com\/documentation\/contentweb\/\" target=\"_blank\" rel=\"noopener\"><img loading=\"lazy\" decoding=\"async\" src=\"https:\/\/www.tech-arrow.com\/wp-content\/uploads\/2016\/02\/3.png\" alt=\"3\" width=\"20\" height=\"20\" \/><\/a> <a title=\"contentWEB Manual\" href=\"https:\/\/www.tech-arrow.com\/documentation\/contentweb\/\" target=\"_blank\" rel=\"noopener\">contentWEB Manual<\/a><\/p>\n<p><a href=\"https:\/\/www.tech-arrow.com\/Manuals\/officeGATE%20Manual.pdf\"><img loading=\"lazy\" decoding=\"async\" src=\"https:\/\/www.tech-arrow.com\/wp-content\/uploads\/2016\/02\/3.png\" alt=\"3\" width=\"20\" height=\"20\" \/><\/a> <a href=\"https:\/\/www.tech-arrow.com\/Manuals\/officeGATE%20Manual.pdf\" target=\"_blank\" rel=\"noopener\">officeGATE manual<\/a><\/p>\n<\/div>\n","protected":false},"excerpt":{"rendered":"<p>Eine Liste aller Versionshinweise k\u00f6nnen Sie hier finden. Die folgende Liste gibt Ihnen einen raschen \u00dcberblick \u00fcber die neusten Verbesserungen, die contentACCESS Version 2.9 f\u00fcr Sie bereith\u00e4lt: Allgemeine Funktionen \u2713 Importer: F\u00fcgt die M\u00f6glichkeit hinzu, Daten aus Dateien wie CSV, XML, Tab-oder-Space-separierten Text zu importieren. So wird das Hinzuf\u00fcgen gro\u00dfer Datenmengen zu unterschiedlichen Konfigurationsbereichen erheblich [&hellip;]<\/p>\n","protected":false},"author":7,"featured_media":0,"parent":0,"menu_order":0,"comment_status":"closed","ping_status":"closed","template":"","meta":{"_acf_changed":false,"inline_featured_image":false,"footnotes":""},"class_list":["post-5504","page","type-page","status-publish","hentry"],"acf":[],"yoast_head":"<!-- This site is optimized with the Yoast SEO plugin v27.0 - https:\/\/yoast.com\/product\/yoast-seo-wordpress\/ -->\n<title>contentACCESS Version 2.9 \u2013 Details - TECH-ARROW<\/title>\n<meta name=\"robots\" content=\"index, follow, max-snippet:-1, max-image-preview:large, max-video-preview:-1\" \/>\n<link rel=\"canonical\" href=\"https:\/\/www.tech-arrow.com\/de\/contentaccess-version-2-9-details\/\" \/>\n<meta property=\"og:locale\" content=\"de_DE\" \/>\n<meta property=\"og:type\" content=\"article\" \/>\n<meta property=\"og:title\" content=\"contentACCESS Version 2.9 \u2013 Details - TECH-ARROW\" \/>\n<meta property=\"og:description\" content=\"Eine Liste aller Versionshinweise k\u00f6nnen Sie hier finden. Die folgende Liste gibt Ihnen einen raschen \u00dcberblick \u00fcber die neusten Verbesserungen, die contentACCESS Version 2.9 f\u00fcr Sie bereith\u00e4lt: Allgemeine Funktionen \u2713 Importer: F\u00fcgt die M\u00f6glichkeit hinzu, Daten aus Dateien wie CSV, XML, Tab-oder-Space-separierten Text zu importieren. So wird das Hinzuf\u00fcgen gro\u00dfer Datenmengen zu unterschiedlichen Konfigurationsbereichen erheblich [&hellip;]\" \/>\n<meta property=\"og:url\" content=\"https:\/\/www.tech-arrow.com\/de\/contentaccess-version-2-9-details\/\" \/>\n<meta property=\"og:site_name\" content=\"TECH-ARROW\" \/>\n<meta property=\"article:publisher\" content=\"https:\/\/www.facebook.com\/thetecharrow\/?fref=ts\" \/>\n<meta property=\"article:modified_time\" content=\"2024-11-27T14:02:49+00:00\" \/>\n<meta property=\"og:image\" content=\"https:\/\/www.tech-arrow.com\/wp-content\/uploads\/2016\/05\/cACCESS2.jpg.png\" \/>\n<meta name=\"twitter:card\" content=\"summary_large_image\" \/>\n<script type=\"application\/ld+json\" class=\"yoast-schema-graph\">{\"@context\":\"https:\/\/schema.org\",\"@graph\":[{\"@type\":\"WebPage\",\"@id\":\"https:\/\/www.tech-arrow.com\/de\/contentaccess-version-2-9-details\/\",\"url\":\"https:\/\/www.tech-arrow.com\/de\/contentaccess-version-2-9-details\/\",\"name\":\"contentACCESS Version 2.9 \u2013 Details - TECH-ARROW\",\"isPartOf\":{\"@id\":\"https:\/\/www.tech-arrow.com\/#website\"},\"primaryImageOfPage\":{\"@id\":\"https:\/\/www.tech-arrow.com\/de\/contentaccess-version-2-9-details\/#primaryimage\"},\"image\":{\"@id\":\"https:\/\/www.tech-arrow.com\/de\/contentaccess-version-2-9-details\/#primaryimage\"},\"thumbnailUrl\":\"https:\/\/www.tech-arrow.com\/wp-content\/uploads\/2016\/05\/cACCESS2.jpg.png\",\"datePublished\":\"2021-10-14T08:30:10+00:00\",\"dateModified\":\"2024-11-27T14:02:49+00:00\",\"breadcrumb\":{\"@id\":\"https:\/\/www.tech-arrow.com\/de\/contentaccess-version-2-9-details\/#breadcrumb\"},\"inLanguage\":\"de\",\"potentialAction\":[{\"@type\":\"ReadAction\",\"target\":[\"https:\/\/www.tech-arrow.com\/de\/contentaccess-version-2-9-details\/\"]}]},{\"@type\":\"ImageObject\",\"inLanguage\":\"de\",\"@id\":\"https:\/\/www.tech-arrow.com\/de\/contentaccess-version-2-9-details\/#primaryimage\",\"url\":\"https:\/\/www.tech-arrow.com\/wp-content\/uploads\/2016\/05\/cACCESS2.jpg.png\",\"contentUrl\":\"https:\/\/www.tech-arrow.com\/wp-content\/uploads\/2016\/05\/cACCESS2.jpg.png\"},{\"@type\":\"BreadcrumbList\",\"@id\":\"https:\/\/www.tech-arrow.com\/de\/contentaccess-version-2-9-details\/#breadcrumb\",\"itemListElement\":[{\"@type\":\"ListItem\",\"position\":1,\"name\":\"Home\",\"item\":\"https:\/\/www.tech-arrow.com\/de\/\"},{\"@type\":\"ListItem\",\"position\":2,\"name\":\"contentACCESS Version 2.9 \u2013 Details\"}]},{\"@type\":\"WebSite\",\"@id\":\"https:\/\/www.tech-arrow.com\/#website\",\"url\":\"https:\/\/www.tech-arrow.com\/\",\"name\":\"TECH-ARROW\",\"description\":\"\",\"publisher\":{\"@id\":\"https:\/\/www.tech-arrow.com\/#organization\"},\"potentialAction\":[{\"@type\":\"SearchAction\",\"target\":{\"@type\":\"EntryPoint\",\"urlTemplate\":\"https:\/\/www.tech-arrow.com\/?s={search_term_string}\"},\"query-input\":{\"@type\":\"PropertyValueSpecification\",\"valueRequired\":true,\"valueName\":\"search_term_string\"}}],\"inLanguage\":\"de\"},{\"@type\":\"Organization\",\"@id\":\"https:\/\/www.tech-arrow.com\/#organization\",\"name\":\"TECH-ARROW, GmbH.\",\"url\":\"https:\/\/www.tech-arrow.com\/\",\"logo\":{\"@type\":\"ImageObject\",\"inLanguage\":\"de\",\"@id\":\"https:\/\/www.tech-arrow.com\/#\/schema\/logo\/image\/\",\"url\":\"https:\/\/www.tech-arrow.com\/wp-content\/uploads\/2017\/04\/techarrow-logo-481x97.png\",\"contentUrl\":\"https:\/\/www.tech-arrow.com\/wp-content\/uploads\/2017\/04\/techarrow-logo-481x97.png\",\"width\":481,\"height\":97,\"caption\":\"TECH-ARROW, GmbH.\"},\"image\":{\"@id\":\"https:\/\/www.tech-arrow.com\/#\/schema\/logo\/image\/\"},\"sameAs\":[\"https:\/\/www.facebook.com\/thetecharrow\/?fref=ts\",\"https:\/\/www.linkedin.com\/company\/techarrow\",\"https:\/\/www.youtube.com\/user\/thetecharrow\"]}]}<\/script>\n<!-- \/ Yoast SEO plugin. -->","yoast_head_json":{"title":"contentACCESS Version 2.9 \u2013 Details - TECH-ARROW","robots":{"index":"index","follow":"follow","max-snippet":"max-snippet:-1","max-image-preview":"max-image-preview:large","max-video-preview":"max-video-preview:-1"},"canonical":"https:\/\/www.tech-arrow.com\/de\/contentaccess-version-2-9-details\/","og_locale":"de_DE","og_type":"article","og_title":"contentACCESS Version 2.9 \u2013 Details - TECH-ARROW","og_description":"Eine Liste aller Versionshinweise k\u00f6nnen Sie hier finden. Die folgende Liste gibt Ihnen einen raschen \u00dcberblick \u00fcber die neusten Verbesserungen, die contentACCESS Version 2.9 f\u00fcr Sie bereith\u00e4lt: Allgemeine Funktionen \u2713 Importer: F\u00fcgt die M\u00f6glichkeit hinzu, Daten aus Dateien wie CSV, XML, Tab-oder-Space-separierten Text zu importieren. So wird das Hinzuf\u00fcgen gro\u00dfer Datenmengen zu unterschiedlichen Konfigurationsbereichen erheblich [&hellip;]","og_url":"https:\/\/www.tech-arrow.com\/de\/contentaccess-version-2-9-details\/","og_site_name":"TECH-ARROW","article_publisher":"https:\/\/www.facebook.com\/thetecharrow\/?fref=ts","article_modified_time":"2024-11-27T14:02:49+00:00","og_image":[{"url":"https:\/\/www.tech-arrow.com\/wp-content\/uploads\/2016\/05\/cACCESS2.jpg.png","type":"","width":"","height":""}],"twitter_card":"summary_large_image","schema":{"@context":"https:\/\/schema.org","@graph":[{"@type":"WebPage","@id":"https:\/\/www.tech-arrow.com\/de\/contentaccess-version-2-9-details\/","url":"https:\/\/www.tech-arrow.com\/de\/contentaccess-version-2-9-details\/","name":"contentACCESS Version 2.9 \u2013 Details - TECH-ARROW","isPartOf":{"@id":"https:\/\/www.tech-arrow.com\/#website"},"primaryImageOfPage":{"@id":"https:\/\/www.tech-arrow.com\/de\/contentaccess-version-2-9-details\/#primaryimage"},"image":{"@id":"https:\/\/www.tech-arrow.com\/de\/contentaccess-version-2-9-details\/#primaryimage"},"thumbnailUrl":"https:\/\/www.tech-arrow.com\/wp-content\/uploads\/2016\/05\/cACCESS2.jpg.png","datePublished":"2021-10-14T08:30:10+00:00","dateModified":"2024-11-27T14:02:49+00:00","breadcrumb":{"@id":"https:\/\/www.tech-arrow.com\/de\/contentaccess-version-2-9-details\/#breadcrumb"},"inLanguage":"de","potentialAction":[{"@type":"ReadAction","target":["https:\/\/www.tech-arrow.com\/de\/contentaccess-version-2-9-details\/"]}]},{"@type":"ImageObject","inLanguage":"de","@id":"https:\/\/www.tech-arrow.com\/de\/contentaccess-version-2-9-details\/#primaryimage","url":"https:\/\/www.tech-arrow.com\/wp-content\/uploads\/2016\/05\/cACCESS2.jpg.png","contentUrl":"https:\/\/www.tech-arrow.com\/wp-content\/uploads\/2016\/05\/cACCESS2.jpg.png"},{"@type":"BreadcrumbList","@id":"https:\/\/www.tech-arrow.com\/de\/contentaccess-version-2-9-details\/#breadcrumb","itemListElement":[{"@type":"ListItem","position":1,"name":"Home","item":"https:\/\/www.tech-arrow.com\/de\/"},{"@type":"ListItem","position":2,"name":"contentACCESS Version 2.9 \u2013 Details"}]},{"@type":"WebSite","@id":"https:\/\/www.tech-arrow.com\/#website","url":"https:\/\/www.tech-arrow.com\/","name":"TECH-ARROW","description":"","publisher":{"@id":"https:\/\/www.tech-arrow.com\/#organization"},"potentialAction":[{"@type":"SearchAction","target":{"@type":"EntryPoint","urlTemplate":"https:\/\/www.tech-arrow.com\/?s={search_term_string}"},"query-input":{"@type":"PropertyValueSpecification","valueRequired":true,"valueName":"search_term_string"}}],"inLanguage":"de"},{"@type":"Organization","@id":"https:\/\/www.tech-arrow.com\/#organization","name":"TECH-ARROW, GmbH.","url":"https:\/\/www.tech-arrow.com\/","logo":{"@type":"ImageObject","inLanguage":"de","@id":"https:\/\/www.tech-arrow.com\/#\/schema\/logo\/image\/","url":"https:\/\/www.tech-arrow.com\/wp-content\/uploads\/2017\/04\/techarrow-logo-481x97.png","contentUrl":"https:\/\/www.tech-arrow.com\/wp-content\/uploads\/2017\/04\/techarrow-logo-481x97.png","width":481,"height":97,"caption":"TECH-ARROW, GmbH."},"image":{"@id":"https:\/\/www.tech-arrow.com\/#\/schema\/logo\/image\/"},"sameAs":["https:\/\/www.facebook.com\/thetecharrow\/?fref=ts","https:\/\/www.linkedin.com\/company\/techarrow","https:\/\/www.youtube.com\/user\/thetecharrow"]}]}},"_links":{"self":[{"href":"https:\/\/www.tech-arrow.com\/de\/wp-json\/wp\/v2\/pages\/5504","targetHints":{"allow":["GET"]}}],"collection":[{"href":"https:\/\/www.tech-arrow.com\/de\/wp-json\/wp\/v2\/pages"}],"about":[{"href":"https:\/\/www.tech-arrow.com\/de\/wp-json\/wp\/v2\/types\/page"}],"author":[{"embeddable":true,"href":"https:\/\/www.tech-arrow.com\/de\/wp-json\/wp\/v2\/users\/7"}],"replies":[{"embeddable":true,"href":"https:\/\/www.tech-arrow.com\/de\/wp-json\/wp\/v2\/comments?post=5504"}],"version-history":[{"count":2,"href":"https:\/\/www.tech-arrow.com\/de\/wp-json\/wp\/v2\/pages\/5504\/revisions"}],"predecessor-version":[{"id":13413,"href":"https:\/\/www.tech-arrow.com\/de\/wp-json\/wp\/v2\/pages\/5504\/revisions\/13413"}],"wp:attachment":[{"href":"https:\/\/www.tech-arrow.com\/de\/wp-json\/wp\/v2\/media?parent=5504"}],"curies":[{"name":"wp","href":"https:\/\/api.w.org\/{rel}","templated":true}]}}