{"id":5506,"date":"2021-10-14T10:31:58","date_gmt":"2021-10-14T08:31:58","guid":{"rendered":"https:\/\/www.tech-arrow.com\/?page_id=5506"},"modified":"2024-11-27T15:03:02","modified_gmt":"2024-11-27T14:03:02","slug":"contentaccess-version-3-0-details","status":"publish","type":"page","link":"https:\/\/www.tech-arrow.com\/de\/contentaccess-version-3-0-details\/","title":{"rendered":"contentACCESS Version 3.0 \u2013 Details"},"content":{"rendered":"<p>Eine Liste aller Versionshinweise k\u00f6nnen Sie <a href=\"https:\/\/www.tech-arrow.com\/de\/contentaccess-anmerkungen-zu-dieser-version\/\" rel=\"noopener\">hier<\/a> finden.<br \/>\nDie folgende Liste gibt Ihnen einen raschen \u00dcberblick \u00fcber die neusten Verbesserungen, die contentACCESS Version 3.0 f\u00fcr Sie bereith\u00e4lt:<\/p>\n<div style=\"border: 1px solid #dddddd; background-color: white; width: 94%; padding: 3%; margin-bottom: 20px;\">\n<h3 style=\"color: red; padding-top: 0px;\">mycompanyarchive<\/h3>\n<p>contentACCESS ist nun als Cloud-L\u00f6sung verf\u00fcgbar. TECH-ARROW ist stolz darauf, Ihnen mit <a href=\"https:\/\/www.mycompanyarchive.com\" target=\"_blank\" rel=\"noopener\">mycompanyarchive.com<\/a> die n\u00e4chste Generation der Archivierung f\u00fcr Dokumente aus all Ihren Dokumentquellen pr\u00e4sentieren zu k\u00f6nnen. Erreichen Sie Ihre Daten \u00fcberall und jederzeit! Nutzen Sie die Skalierbarkeit und Verl\u00e4sslichkeit einer Cloud-L\u00f6sung und w\u00e4hlen Sie die Services aus, die Sie wirklich ben\u00f6tigen.<\/p>\n<p>Mit <strong>mycompanyarchive<\/strong> k\u00f6nnen Sie ein einziges, sicheres und gut-strukturiertes Archiv schaffen.<\/p>\n<\/div>\n<div style=\"border: 1px solid #dddddd; background-color: white; width: 94%; padding: 3%; margin-bottom: 20px;\">\n<h3 style=\"color: red; padding-top: 0px;\">Allgemeine Funktionen<\/h3>\n<p><strong>\u2713 Neu gestaltete Login-Seite + Microsoft-Authentifizierung:<\/strong> contentACCESS 3.0 hat nun eine neu gestaltete Login-Seite und unterst\u00fctzt Ihren Microsoft-Account (Azure, LiveID, Microsoft 365).<\/p>\n<p><a href=\"https:\/\/www.tech-arrow.com\/wp-content\/uploads\/2016\/07\/CA-3.0.png\" target=\"blank\" rel=\"noopener\"><img decoding=\"async\" src=\"https:\/\/www.tech-arrow.com\/wp-content\/uploads\/2016\/07\/CA-3.0.png\" alt=\"CA 3.0\" width=\"100%\" \/><\/a><\/p>\n<p><strong>\u2713<\/strong> <strong>Azure Speicher:<\/strong> Die Liste der unterst\u00fctzten Speichersysteme wurde um MS Azure erweitert.<\/p>\n<p><center><img decoding=\"async\" src=\"https:\/\/www.tech-arrow.com\/wp-content\/uploads\/2016\/07\/CA-3.0-1.png\" alt=\"CA 3.0 1\" \/><\/center><strong>\u2713 Onlinedokumentation:<\/strong> Die Dokumentation f\u00fcr contentACCESS ist jetzt online und ist mit einer einfach zu bedienenden Suchfunktion ausgestattet. Sie ist auch mit der contentACCESS Central Administration verbunden, Sie k\u00f6nnen jederzeit kontextbezogene Hilfe erhalten, wenn Sie auf den Button &#8222;Online Help&#8220; in der unteren rechten Ecke der Seite klicken. Probieren Sie es <a href=\"https:\/\/documentation.tech-arrow.com\/contentaccess\/?section=introduction-to-contentaccess-2-2\">hier<\/a> aus<\/p>\n<p><a href=\"https:\/\/www.tech-arrow.com\/wp-content\/uploads\/2016\/07\/Online-documentation.png\"><img decoding=\"async\" src=\"https:\/\/www.tech-arrow.com\/wp-content\/uploads\/2016\/07\/Online-documentation.png\" alt=\"Online documentation\" width=\"100%\" \/><\/a><\/p>\n<p><strong>\u2713 Bessere Mandantenverwaltung:<\/strong> In der Central Administration ist es m\u00f6glich, Beschr\u00e4nkungen f\u00fcr die Mandanten einzurichten. Das ist bei Multi-Mandanten-Umgebungen n\u00fctzlich, bei denen Lizenzbeschr\u00e4nkungen durch den Systemadministrator via Central Administration festgelegt werden.<\/p>\n<p><center><a href=\"https:\/\/www.tech-arrow.com\/wp-content\/uploads\/2016\/07\/CA-3.0-3.png\" target=\"blank\" rel=\"noopener\"><img decoding=\"async\" src=\"https:\/\/www.tech-arrow.com\/wp-content\/uploads\/2016\/07\/CA-3.0-3.png\" alt=\"CA 3.0 3\" width=\"100%\" \/><\/a><\/center><a href=\"https:\/\/www.tech-arrow.com\/wp-content\/uploads\/2016\/07\/CA-3.0-4.png\" target=\"blank\" rel=\"noopener\"><img decoding=\"async\" src=\"https:\/\/www.tech-arrow.com\/wp-content\/uploads\/2016\/07\/CA-3.0-4.png\" alt=\"CA 3.0 4\" width=\"100%\" \/><\/a><\/p>\n<\/div>\n<div style=\"border: 1px solid #dddddd; background-color: white; width: 94%; padding: 3%; margin-bottom: 20px;\">\n<h3 style=\"color: red; padding-top: 0px;\">E-Mail-Archiv<\/h3>\n<p><strong>\u2713 Auftrag f\u00fcr die Shortcut-Synchronisation:<\/strong> Der Auftrag f\u00fcr die Shortcut-Synchronisation h\u00e4lt die Live-E-Mails mit dem Archiv synchronisiert vor. W\u00e4hrend E-Mails und Shortcuts in den Postf\u00e4chern reorganisiert werden, aktualisiert der Shortcut-Auftrag die gespeicherte Struktur im Archiv gem\u00e4\u00df der neuen Struktur. Nat\u00fcrlich werden alte Versionen dabei behalten, wenn dies n\u00f6tig ist.<\/p>\n<p><center><a href=\"https:\/\/www.tech-arrow.com\/wp-content\/uploads\/2016\/07\/CA-3.0-5.png\" target=\"blank\" rel=\"noopener\"><img decoding=\"async\" src=\"https:\/\/www.tech-arrow.com\/wp-content\/uploads\/2016\/07\/CA-3.0-5.png\" alt=\"CA 3.0 5\" width=\"100%\" \/><\/a><\/center><strong>\u2713 Das Verschieben von Postf\u00e4chern zwischen Orten zu verschieben (Datenbanken und Speicherorte), wird nun auch in OEM-Versionen erm\u00f6glicht:<\/strong> Mit contentACCESS 3.0 unterst\u00fctzen auch die OEM-Versionen die Funktion \u201cMailbox move\u201d. Diese Funktion erlaubt die Organisation der Postf\u00e4cher zwischen mehreren E-Mail-Archiv-Datenbanken.<br \/>\n<strong>\u2713 Manueller Import von Postf\u00e4chern:<\/strong> Haben Sie sich je gefragt, wie es m\u00f6glich ist, Postf\u00e4cher, die nicht mehr erreichbar sind, zu einem E-Mail-Archiv hinzuzuf\u00fcgen? De Nutzung der neuen Funktion ist nicht n\u00f6tig, um ein physisches Postfach zu erstellen, es gibt die M\u00f6glichkeit die Postfachinformation aus CSV- oder XML-Dateien zu gewinnen?<\/p>\n<p><center><img decoding=\"async\" src=\"https:\/\/www.tech-arrow.com\/wp-content\/uploads\/2016\/07\/CA-3.0-6.png\" alt=\"CA 3.0 6\" \/><\/center><center><img decoding=\"async\" src=\"https:\/\/www.tech-arrow.com\/wp-content\/uploads\/2016\/07\/CA-3.0-7.png\" alt=\"CA 3.0 7\" \/><\/center><strong>\u2713 Exchange 2016 support:<\/strong> contentACCESS 3.0 unterst\u00fctzt offiziell Exchange 2016.<\/p>\n<p><a href=\"https:\/\/www.tech-arrow.com\/wp-content\/uploads\/2016\/07\/CA-3.0-8.png\" target=\"blank\" rel=\"noopener\"><img decoding=\"async\" src=\"https:\/\/www.tech-arrow.com\/wp-content\/uploads\/2016\/07\/CA-3.0-8.png\" alt=\"CA 3.0 8\" width=\"49%\" \/><\/a> <a href=\"https:\/\/www.tech-arrow.com\/wp-content\/uploads\/2016\/07\/CA-3.0-9.png\" target=\"blank\" rel=\"noopener\"><img decoding=\"async\" src=\"https:\/\/www.tech-arrow.com\/wp-content\/uploads\/2016\/07\/CA-3.0-9.png\" alt=\"CA 3.0 9\" width=\"49%\" \/><\/a><\/p>\n<\/div>\n<div style=\"border: 1px solid #dddddd; background-color: white; width: 94%; padding: 3%; margin-bottom: 20px;\">\n<h3 style=\"color: red; padding-top: 0px;\">Licenzierung<\/h3>\n<p><strong>\u2713 Proxy-Support:<\/strong> Der contentACCESS Setup erlaubt nun, die Eingabe der Verbindungsdetails f\u00fcr einen Proxyserver, falls dies n\u00f6tig ist, um sich mit dem Internet zu verbinden und den Lizenzschl\u00fcssel online zu aktivieren.<\/p>\n<p><center><a href=\"https:\/\/www.tech-arrow.com\/wp-content\/uploads\/2016\/07\/CA-3.0-10.png\" target=\"blank\" rel=\"noopener\"><img decoding=\"async\" src=\"https:\/\/www.tech-arrow.com\/wp-content\/uploads\/2016\/07\/CA-3.0-10.png\" alt=\"CA 3.0 10\" width=\"100%\" \/><\/a><\/center><strong>\u2713 Postfach Deaktivierung:<\/strong> Mit der Benutzung dieser Funktion ist es nun m\u00f6glich, nicht l\u00e4nger genutzte Postf\u00e4cher zu deaktivieren und Lizenzen unter Kontrolle zu halten. Deaktivierte Postf\u00e4cher z\u00e4hlen nicht bei der Evaluierung der Lizenz. Die Einschr\u00e4nkungen f\u00fcr solche Postf\u00e4cher: es ist nicht m\u00f6glich, ein deaktiviertes Postfach zu archivieren\/wiederherzustellen\/umzuziehen oder zu synchronisieren, allerdings kann der archivierte Inhalt des Postfachs via contentWEB und officeGATE aufgerufen werden. Bitte denken Sie daran, dass Sie, sobald Sie die Grenze erreicht haben, das System die Archivierung neuer Postf\u00e4cher nicht mehr erlaubt.<\/p>\n<p><a href=\"https:\/\/www.tech-arrow.com\/wp-content\/uploads\/2016\/07\/CA-3.0-11.png\" target=\"blank\" rel=\"noopener\"><img decoding=\"async\" src=\"https:\/\/www.tech-arrow.com\/wp-content\/uploads\/2016\/07\/CA-3.0-11.png\" alt=\"CA 3.0 11\" width=\"100%\" \/><\/a><\/p>\n<p><a href=\"https:\/\/www.tech-arrow.com\/wp-content\/uploads\/2016\/07\/CA-3.0-12.png\" target=\"blank\" rel=\"noopener\"><img decoding=\"async\" src=\"https:\/\/www.tech-arrow.com\/wp-content\/uploads\/2016\/07\/CA-3.0-12.png\" alt=\"CA 3.0 12\" width=\"100%\" \/><\/a><\/p>\n<\/div>\n<div style=\"border: 1px solid #dddddd; background-color: white; width: 94%; padding: 3%; margin-bottom: 20px;\">\n<h3 style=\"color: red; padding-top: 0px;\">Clientanwendungen \/ Werkzeuge<\/h3>\n<p><strong>\u2713 Konfigurierbare Mail-App:<\/strong> Die Funktionalit\u00e4t der contentACCESS Mail App kann durch den Administrator eingestellt werden \u2013 es ist m\u00f6glich, die \u201cArchiv\u201d- und \u201cWiederherstellungs\u201d-Funktionen zu beschr\u00e4nken. Wenn Sie das manuelle Archivieren in Ihrem Unternehmen ausschalten, allerdings die Wiederherstellung von Shortcuts weiterhin erm\u00f6glichen m\u00f6chten, m\u00fcssen Sie daf\u00fcr nur die Konfiguration der Mail-App in Central Administration vornehmen.<\/p>\n<p><center><a href=\"https:\/\/www.tech-arrow.com\/wp-content\/uploads\/2016\/07\/CA-3.0-13.png\"><img decoding=\"async\" src=\"https:\/\/www.tech-arrow.com\/wp-content\/uploads\/2016\/07\/CA-3.0-13.png\" alt=\"CA 3.0 13\" width=\"100%\" \/><\/a><\/center><strong>\u2713 contentWEB Performance-Optimierung:<\/strong> Die Performance der Datenvisualisierung wurde f\u00fcr contentWEB optimiert, dies gilt insbesondere f\u00fcr gro\u00dfe Ordnerstrukturen.<\/p>\n<\/div>\n<div style=\"border: 1px solid #dddddd; background-color: white; width: 94%; padding: 3%; margin-bottom: 20px;\">\n<h3 style=\"color: red; padding-top: 0px;\">Dokumentation<\/h3>\n<p style=\"text-align: left;\"><strong>\u2713 Dokumentation<\/strong> \u2013 Bitte beachten Sie die aktualisierte Dokumentation und die aktualisierten Handb\u00fccher.<\/p>\n<p><a title=\"contentAccess Manual\" href=\"https:\/\/documentation.tech-arrow.com\/contentaccess-manuals\/\" target=\"_blank\" rel=\"noopener\"><img loading=\"lazy\" decoding=\"async\" src=\"https:\/\/www.tech-arrow.com\/wp-content\/uploads\/2016\/02\/3.png\" alt=\"3\" width=\"20\" height=\"20\" \/><\/a> <a title=\"contentAccess Manual\" href=\"https:\/\/documentation.tech-arrow.com\/contentaccess-manuals\/\" target=\"_blank\" rel=\"noopener\">contentACCESS Manual<\/a><\/p>\n<p><a title=\"contentWEB Manual\" href=\"https:\/\/www.tech-arrow.com\/documentation\/contentweb\/\" target=\"_blank\" rel=\"noopener\"><img loading=\"lazy\" decoding=\"async\" src=\"https:\/\/www.tech-arrow.com\/wp-content\/uploads\/2016\/02\/3.png\" alt=\"3\" width=\"20\" height=\"20\" \/><\/a> <a title=\"contentWEB Manual\" href=\"https:\/\/www.tech-arrow.com\/documentation\/contentweb\/\" target=\"_blank\" rel=\"noopener\">contentWEB Manual<\/a><\/p>\n<p><a href=\"https:\/\/www.tech-arrow.com\/documentation\/officegate\/\"><img loading=\"lazy\" decoding=\"async\" src=\"https:\/\/www.tech-arrow.com\/wp-content\/uploads\/2016\/02\/3.png\" alt=\"3\" width=\"20\" height=\"20\" \/><\/a> <a href=\"https:\/\/www.tech-arrow.com\/documentation\/officegate\/\" target=\"_blank\" rel=\"noopener\">officeGATE manual<\/a><\/p>\n<p><a href=\"https:\/\/www.tech-arrow.com\/documentation\/tech-arrows-winshortcutter\/\"><img loading=\"lazy\" decoding=\"async\" src=\"https:\/\/www.tech-arrow.com\/wp-content\/uploads\/2016\/02\/3.png\" alt=\"3\" width=\"20\" height=\"20\" \/><\/a> <a href=\"https:\/\/www.tech-arrow.com\/documentation\/tech-arrows-winshortcutter\/\" target=\"_blank\" rel=\"noopener\">TECH-ARROW\u2019s WinShortcutter user manual<\/a><\/p>\n<\/div>\n","protected":false},"excerpt":{"rendered":"<p>Eine Liste aller Versionshinweise k\u00f6nnen Sie hier finden. Die folgende Liste gibt Ihnen einen raschen \u00dcberblick \u00fcber die neusten Verbesserungen, die contentACCESS Version 3.0 f\u00fcr Sie bereith\u00e4lt: mycompanyarchive contentACCESS ist nun als Cloud-L\u00f6sung verf\u00fcgbar. TECH-ARROW ist stolz darauf, Ihnen mit mycompanyarchive.com die n\u00e4chste Generation der Archivierung f\u00fcr Dokumente aus all Ihren Dokumentquellen pr\u00e4sentieren zu k\u00f6nnen. [&hellip;]<\/p>\n","protected":false},"author":7,"featured_media":0,"parent":0,"menu_order":0,"comment_status":"closed","ping_status":"closed","template":"","meta":{"_acf_changed":false,"inline_featured_image":false,"footnotes":""},"class_list":["post-5506","page","type-page","status-publish","hentry"],"acf":[],"yoast_head":"<!-- This site is optimized with the Yoast SEO plugin v27.0 - https:\/\/yoast.com\/product\/yoast-seo-wordpress\/ -->\n<title>contentACCESS Version 3.0 \u2013 Details - TECH-ARROW<\/title>\n<meta name=\"robots\" content=\"index, follow, max-snippet:-1, max-image-preview:large, max-video-preview:-1\" \/>\n<link rel=\"canonical\" href=\"https:\/\/www.tech-arrow.com\/de\/contentaccess-version-3-0-details\/\" \/>\n<meta property=\"og:locale\" content=\"de_DE\" \/>\n<meta property=\"og:type\" content=\"article\" \/>\n<meta property=\"og:title\" content=\"contentACCESS Version 3.0 \u2013 Details - TECH-ARROW\" \/>\n<meta property=\"og:description\" content=\"Eine Liste aller Versionshinweise k\u00f6nnen Sie hier finden. Die folgende Liste gibt Ihnen einen raschen \u00dcberblick \u00fcber die neusten Verbesserungen, die contentACCESS Version 3.0 f\u00fcr Sie bereith\u00e4lt: mycompanyarchive contentACCESS ist nun als Cloud-L\u00f6sung verf\u00fcgbar. TECH-ARROW ist stolz darauf, Ihnen mit mycompanyarchive.com die n\u00e4chste Generation der Archivierung f\u00fcr Dokumente aus all Ihren Dokumentquellen pr\u00e4sentieren zu k\u00f6nnen. [&hellip;]\" \/>\n<meta property=\"og:url\" content=\"https:\/\/www.tech-arrow.com\/de\/contentaccess-version-3-0-details\/\" \/>\n<meta property=\"og:site_name\" content=\"TECH-ARROW\" \/>\n<meta property=\"article:publisher\" content=\"https:\/\/www.facebook.com\/thetecharrow\/?fref=ts\" \/>\n<meta property=\"article:modified_time\" content=\"2024-11-27T14:03:02+00:00\" \/>\n<meta property=\"og:image\" content=\"https:\/\/www.tech-arrow.com\/wp-content\/uploads\/2016\/07\/CA-3.0.png\" \/>\n<meta name=\"twitter:card\" content=\"summary_large_image\" \/>\n<script type=\"application\/ld+json\" class=\"yoast-schema-graph\">{\"@context\":\"https:\/\/schema.org\",\"@graph\":[{\"@type\":\"WebPage\",\"@id\":\"https:\/\/www.tech-arrow.com\/de\/contentaccess-version-3-0-details\/\",\"url\":\"https:\/\/www.tech-arrow.com\/de\/contentaccess-version-3-0-details\/\",\"name\":\"contentACCESS Version 3.0 \u2013 Details - TECH-ARROW\",\"isPartOf\":{\"@id\":\"https:\/\/www.tech-arrow.com\/#website\"},\"primaryImageOfPage\":{\"@id\":\"https:\/\/www.tech-arrow.com\/de\/contentaccess-version-3-0-details\/#primaryimage\"},\"image\":{\"@id\":\"https:\/\/www.tech-arrow.com\/de\/contentaccess-version-3-0-details\/#primaryimage\"},\"thumbnailUrl\":\"https:\/\/www.tech-arrow.com\/wp-content\/uploads\/2016\/07\/CA-3.0.png\",\"datePublished\":\"2021-10-14T08:31:58+00:00\",\"dateModified\":\"2024-11-27T14:03:02+00:00\",\"breadcrumb\":{\"@id\":\"https:\/\/www.tech-arrow.com\/de\/contentaccess-version-3-0-details\/#breadcrumb\"},\"inLanguage\":\"de\",\"potentialAction\":[{\"@type\":\"ReadAction\",\"target\":[\"https:\/\/www.tech-arrow.com\/de\/contentaccess-version-3-0-details\/\"]}]},{\"@type\":\"ImageObject\",\"inLanguage\":\"de\",\"@id\":\"https:\/\/www.tech-arrow.com\/de\/contentaccess-version-3-0-details\/#primaryimage\",\"url\":\"https:\/\/www.tech-arrow.com\/wp-content\/uploads\/2016\/07\/CA-3.0.png\",\"contentUrl\":\"https:\/\/www.tech-arrow.com\/wp-content\/uploads\/2016\/07\/CA-3.0.png\"},{\"@type\":\"BreadcrumbList\",\"@id\":\"https:\/\/www.tech-arrow.com\/de\/contentaccess-version-3-0-details\/#breadcrumb\",\"itemListElement\":[{\"@type\":\"ListItem\",\"position\":1,\"name\":\"Home\",\"item\":\"https:\/\/www.tech-arrow.com\/de\/\"},{\"@type\":\"ListItem\",\"position\":2,\"name\":\"contentACCESS Version 3.0 \u2013 Details\"}]},{\"@type\":\"WebSite\",\"@id\":\"https:\/\/www.tech-arrow.com\/#website\",\"url\":\"https:\/\/www.tech-arrow.com\/\",\"name\":\"TECH-ARROW\",\"description\":\"\",\"publisher\":{\"@id\":\"https:\/\/www.tech-arrow.com\/#organization\"},\"potentialAction\":[{\"@type\":\"SearchAction\",\"target\":{\"@type\":\"EntryPoint\",\"urlTemplate\":\"https:\/\/www.tech-arrow.com\/?s={search_term_string}\"},\"query-input\":{\"@type\":\"PropertyValueSpecification\",\"valueRequired\":true,\"valueName\":\"search_term_string\"}}],\"inLanguage\":\"de\"},{\"@type\":\"Organization\",\"@id\":\"https:\/\/www.tech-arrow.com\/#organization\",\"name\":\"TECH-ARROW, GmbH.\",\"url\":\"https:\/\/www.tech-arrow.com\/\",\"logo\":{\"@type\":\"ImageObject\",\"inLanguage\":\"de\",\"@id\":\"https:\/\/www.tech-arrow.com\/#\/schema\/logo\/image\/\",\"url\":\"https:\/\/www.tech-arrow.com\/wp-content\/uploads\/2017\/04\/techarrow-logo-481x97.png\",\"contentUrl\":\"https:\/\/www.tech-arrow.com\/wp-content\/uploads\/2017\/04\/techarrow-logo-481x97.png\",\"width\":481,\"height\":97,\"caption\":\"TECH-ARROW, GmbH.\"},\"image\":{\"@id\":\"https:\/\/www.tech-arrow.com\/#\/schema\/logo\/image\/\"},\"sameAs\":[\"https:\/\/www.facebook.com\/thetecharrow\/?fref=ts\",\"https:\/\/www.linkedin.com\/company\/techarrow\",\"https:\/\/www.youtube.com\/user\/thetecharrow\"]}]}<\/script>\n<!-- \/ Yoast SEO plugin. -->","yoast_head_json":{"title":"contentACCESS Version 3.0 \u2013 Details - TECH-ARROW","robots":{"index":"index","follow":"follow","max-snippet":"max-snippet:-1","max-image-preview":"max-image-preview:large","max-video-preview":"max-video-preview:-1"},"canonical":"https:\/\/www.tech-arrow.com\/de\/contentaccess-version-3-0-details\/","og_locale":"de_DE","og_type":"article","og_title":"contentACCESS Version 3.0 \u2013 Details - TECH-ARROW","og_description":"Eine Liste aller Versionshinweise k\u00f6nnen Sie hier finden. Die folgende Liste gibt Ihnen einen raschen \u00dcberblick \u00fcber die neusten Verbesserungen, die contentACCESS Version 3.0 f\u00fcr Sie bereith\u00e4lt: mycompanyarchive contentACCESS ist nun als Cloud-L\u00f6sung verf\u00fcgbar. TECH-ARROW ist stolz darauf, Ihnen mit mycompanyarchive.com die n\u00e4chste Generation der Archivierung f\u00fcr Dokumente aus all Ihren Dokumentquellen pr\u00e4sentieren zu k\u00f6nnen. [&hellip;]","og_url":"https:\/\/www.tech-arrow.com\/de\/contentaccess-version-3-0-details\/","og_site_name":"TECH-ARROW","article_publisher":"https:\/\/www.facebook.com\/thetecharrow\/?fref=ts","article_modified_time":"2024-11-27T14:03:02+00:00","og_image":[{"url":"https:\/\/www.tech-arrow.com\/wp-content\/uploads\/2016\/07\/CA-3.0.png","type":"","width":"","height":""}],"twitter_card":"summary_large_image","schema":{"@context":"https:\/\/schema.org","@graph":[{"@type":"WebPage","@id":"https:\/\/www.tech-arrow.com\/de\/contentaccess-version-3-0-details\/","url":"https:\/\/www.tech-arrow.com\/de\/contentaccess-version-3-0-details\/","name":"contentACCESS Version 3.0 \u2013 Details - TECH-ARROW","isPartOf":{"@id":"https:\/\/www.tech-arrow.com\/#website"},"primaryImageOfPage":{"@id":"https:\/\/www.tech-arrow.com\/de\/contentaccess-version-3-0-details\/#primaryimage"},"image":{"@id":"https:\/\/www.tech-arrow.com\/de\/contentaccess-version-3-0-details\/#primaryimage"},"thumbnailUrl":"https:\/\/www.tech-arrow.com\/wp-content\/uploads\/2016\/07\/CA-3.0.png","datePublished":"2021-10-14T08:31:58+00:00","dateModified":"2024-11-27T14:03:02+00:00","breadcrumb":{"@id":"https:\/\/www.tech-arrow.com\/de\/contentaccess-version-3-0-details\/#breadcrumb"},"inLanguage":"de","potentialAction":[{"@type":"ReadAction","target":["https:\/\/www.tech-arrow.com\/de\/contentaccess-version-3-0-details\/"]}]},{"@type":"ImageObject","inLanguage":"de","@id":"https:\/\/www.tech-arrow.com\/de\/contentaccess-version-3-0-details\/#primaryimage","url":"https:\/\/www.tech-arrow.com\/wp-content\/uploads\/2016\/07\/CA-3.0.png","contentUrl":"https:\/\/www.tech-arrow.com\/wp-content\/uploads\/2016\/07\/CA-3.0.png"},{"@type":"BreadcrumbList","@id":"https:\/\/www.tech-arrow.com\/de\/contentaccess-version-3-0-details\/#breadcrumb","itemListElement":[{"@type":"ListItem","position":1,"name":"Home","item":"https:\/\/www.tech-arrow.com\/de\/"},{"@type":"ListItem","position":2,"name":"contentACCESS Version 3.0 \u2013 Details"}]},{"@type":"WebSite","@id":"https:\/\/www.tech-arrow.com\/#website","url":"https:\/\/www.tech-arrow.com\/","name":"TECH-ARROW","description":"","publisher":{"@id":"https:\/\/www.tech-arrow.com\/#organization"},"potentialAction":[{"@type":"SearchAction","target":{"@type":"EntryPoint","urlTemplate":"https:\/\/www.tech-arrow.com\/?s={search_term_string}"},"query-input":{"@type":"PropertyValueSpecification","valueRequired":true,"valueName":"search_term_string"}}],"inLanguage":"de"},{"@type":"Organization","@id":"https:\/\/www.tech-arrow.com\/#organization","name":"TECH-ARROW, GmbH.","url":"https:\/\/www.tech-arrow.com\/","logo":{"@type":"ImageObject","inLanguage":"de","@id":"https:\/\/www.tech-arrow.com\/#\/schema\/logo\/image\/","url":"https:\/\/www.tech-arrow.com\/wp-content\/uploads\/2017\/04\/techarrow-logo-481x97.png","contentUrl":"https:\/\/www.tech-arrow.com\/wp-content\/uploads\/2017\/04\/techarrow-logo-481x97.png","width":481,"height":97,"caption":"TECH-ARROW, GmbH."},"image":{"@id":"https:\/\/www.tech-arrow.com\/#\/schema\/logo\/image\/"},"sameAs":["https:\/\/www.facebook.com\/thetecharrow\/?fref=ts","https:\/\/www.linkedin.com\/company\/techarrow","https:\/\/www.youtube.com\/user\/thetecharrow"]}]}},"_links":{"self":[{"href":"https:\/\/www.tech-arrow.com\/de\/wp-json\/wp\/v2\/pages\/5506","targetHints":{"allow":["GET"]}}],"collection":[{"href":"https:\/\/www.tech-arrow.com\/de\/wp-json\/wp\/v2\/pages"}],"about":[{"href":"https:\/\/www.tech-arrow.com\/de\/wp-json\/wp\/v2\/types\/page"}],"author":[{"embeddable":true,"href":"https:\/\/www.tech-arrow.com\/de\/wp-json\/wp\/v2\/users\/7"}],"replies":[{"embeddable":true,"href":"https:\/\/www.tech-arrow.com\/de\/wp-json\/wp\/v2\/comments?post=5506"}],"version-history":[{"count":4,"href":"https:\/\/www.tech-arrow.com\/de\/wp-json\/wp\/v2\/pages\/5506\/revisions"}],"predecessor-version":[{"id":13414,"href":"https:\/\/www.tech-arrow.com\/de\/wp-json\/wp\/v2\/pages\/5506\/revisions\/13414"}],"wp:attachment":[{"href":"https:\/\/www.tech-arrow.com\/de\/wp-json\/wp\/v2\/media?parent=5506"}],"curies":[{"name":"wp","href":"https:\/\/api.w.org\/{rel}","templated":true}]}}