{"id":5508,"date":"2021-10-14T10:32:23","date_gmt":"2021-10-14T08:32:23","guid":{"rendered":"https:\/\/www.tech-arrow.com\/?page_id=5508"},"modified":"2024-11-27T15:03:11","modified_gmt":"2024-11-27T14:03:11","slug":"contentaccess-version-3-1-details","status":"publish","type":"page","link":"https:\/\/www.tech-arrow.com\/de\/contentaccess-version-3-1-details\/","title":{"rendered":"contentACCESS Version 3.1 \u2013 Details"},"content":{"rendered":"<p>Eine Liste aller Versionshinweise k\u00f6nnen Sie <a href=\"https:\/\/www.tech-arrow.com\/de\/contentaccess-anmerkungen-zu-dieser-version\/\" rel=\"noopener\">hier<\/a> finden.<br \/>\nDie folgende Liste gibt Ihnen einen raschen \u00dcberblick \u00fcber die neusten Verbesserungen, die contentACCESS Version 3.1 f\u00fcr Sie bereith\u00e4lt:<\/p>\n<div style=\"border: 1px solid #dddddd; background-color: white; width: 94%; padding: 3%; margin-bottom: 20px;\">\n<h3 style=\"color: red; padding-top: 0px;\">Allgemeine Funktionen<\/h3>\n<p><strong>\u2713 Neue Login-Seite:<\/strong> Die fr\u00fchere neu gestaltete Login-Seite funktioniert von Version 3.1 an als gemeinsame Login-Seite f\u00fcr alle Anwendungen. Das Login nutzt dazu ein standardisiertes OAUTH-Protokoll. Die neue Login-Seite unterst\u00fctzt die Authentifizierung mit unterschiedlichen Networks (Microsoft (Azure\/O365), Google, Facebook). Die Login-Seite funktioniert als automatischer Login-Provider und erzwingt echtes SSO.<\/p>\n<p><img decoding=\"async\" src=\"https:\/\/www.tech-arrow.com\/wp-content\/uploads\/2016\/11\/contentACCES_3.1_1.png\" alt=\"contentacces_3-1_1\" width=\"100%\" \/><\/p>\n<p><img decoding=\"async\" src=\"https:\/\/www.tech-arrow.com\/wp-content\/uploads\/2016\/11\/contentACCES_3.1_2.png\" alt=\"contentacces_3-1_2\" width=\"100%\" \/><\/p>\n<p><strong>\u2713<\/strong> <strong>Einladungen:<\/strong> Die neue contentACCESS Version erlaubt Ihnen, Nutzer einzuladen, die dann einfach Zugang zu archivierten Inhalten bekommen, Server-Konfigurationen verwalten k\u00f6nnen und vieles mehr. Der Administrator hat vollst\u00e4ndige Kontrolle \u00fcber alle Einladungen, die \u00fcber Central Administration verschickt werden.<\/p>\n<p><center><img decoding=\"async\" src=\"https:\/\/www.tech-arrow.com\/wp-content\/uploads\/2016\/11\/contentACCES_3.1_3.png\" alt=\"contentacces_3-1_3\" width=\"40%\" \/><\/center><center><img decoding=\"async\" src=\"https:\/\/www.tech-arrow.com\/wp-content\/uploads\/2016\/11\/contentACCES_3.1_4.png\" alt=\"contentacces_3-1_4\" width=\"30%\" \/><\/center><center><img decoding=\"async\" src=\"https:\/\/www.tech-arrow.com\/wp-content\/uploads\/2016\/11\/contentACCES_3.1_5.png\" alt=\"contentacces_3-1_5\" width=\"40%\" \/><\/center><strong>\u2713 Neues Berechtigungs-Management.<\/strong> Das rollenbasierte Berechtigungsmanagement in contentACCESS wurde um eine neue Benutzeroberfl\u00e4che erweitert. Mit dem neuen Berechtigungs-Management hat der Administrator eine bessere Kontrolle \u00fcber Rollen und Berechtigungen.<\/p>\n<p><center><img decoding=\"async\" src=\"https:\/\/www.tech-arrow.com\/wp-content\/uploads\/2016\/11\/contentACCES_3.1_6.png\" alt=\"contentacces_3-1_6\" width=\"20%\" \/> <img decoding=\"async\" src=\"https:\/\/www.tech-arrow.com\/wp-content\/uploads\/2016\/11\/contentACCES_3.1_7.png\" alt=\"contentacces_3-1_7\" width=\"40%\" \/><\/center><center><img decoding=\"async\" src=\"https:\/\/www.tech-arrow.com\/wp-content\/uploads\/2016\/11\/contentACCES_3.1_8.png\" alt=\"contentacces_3-1_8\" width=\"100%\" \/><\/center><center><img decoding=\"async\" src=\"https:\/\/www.tech-arrow.com\/wp-content\/uploads\/2016\/11\/contentACCES_3.1_9.png\" alt=\"contentacces_3-1_9\" width=\"49%\" \/> <a href=\"https:\/\/www.tech-arrow.com\/wp-content\/uploads\/2016\/11\/contentACCES_3.1_10.png\" target=\"blank\" rel=\"noopener\"><img decoding=\"async\" src=\"https:\/\/www.tech-arrow.com\/wp-content\/uploads\/2016\/11\/contentACCES_3.1_10.png\" alt=\"contentacces_3-1_10\" width=\"49%\" \/><\/a><\/center><strong>\u2713 Klon-Funktion f\u00fcr Auftr\u00e4ge:<\/strong> Diese Verbesserung erlaubt Ihnen, eine Auftragskonfiguration zu in einen neuen Auftrag zu duplizieren. Das ist n\u00fctzlich, wenn mehrere Auftr\u00e4ge mit \u00e4hnlichen Konfigurationseinstellungen erstellt werden sollen.<\/p>\n<p><center><img decoding=\"async\" src=\"https:\/\/www.tech-arrow.com\/wp-content\/uploads\/2016\/11\/contentACCES_3.1_11.png\" alt=\"contentacces_3-1_11\" width=\"50%\" \/><\/center><strong>\u2713 NET.PIPE Verbindung f\u00fcr contentWEB und das virtuelle Laufwerk:<\/strong> contentACCESS Version 3.1 erlaubt Ihnen, net.pipe Verbindungseinstellungen f\u00fcr contentWEB und das virtuelle Laufwerk zu nutzen, die auf dem gleichen Server wie contentACCESS installiert wurden. Das verbessert die Kommunikationsgeschwindigkeit zwischen diesen Komponenten erheblich.<\/p>\n<p><center><img decoding=\"async\" src=\"https:\/\/www.tech-arrow.com\/wp-content\/uploads\/2016\/11\/contentACCES_3.1_12.png\" alt=\"contentacces_3-1_12\" width=\"50%\" \/><\/center><strong>\u2713 Die Einstellungen der Anwendungen:<\/strong> Vollst\u00e4ndige Kontrolle \u00fcber Clientanwendungen, die auf archivierte Dateien mit einer zentralisierten Liste von Anwendungen innerhalb der Verwaltung der Anwendungen zugreifen.<\/p>\n<p><center><img decoding=\"async\" src=\"https:\/\/www.tech-arrow.com\/wp-content\/uploads\/2016\/11\/contentACCES_3.1_13.png\" alt=\"contentacces_3-1_13\" width=\"90%\" \/><\/center><center><img decoding=\"async\" src=\"https:\/\/www.tech-arrow.com\/wp-content\/uploads\/2016\/11\/contentACCES_3.1_14.png\" alt=\"contentacces_3-1_14\" width=\"60%\" \/><\/center><strong>\u2713 Neu gestaltetes Setup-Paket:<\/strong> Das neugestaltete contentACCESS Setup ist viel intuitiver und transparenter f\u00fcr neue Installationen und Updates. Das Setup steuert Sie durch die notwendigen Schritte f\u00fcr die Installation eines einzelnen Servers oder einer verteilten Umgebung. Alle Komponenten werden durch den Installations-Wizard installiert oder aktualisiert. Die Einstellungen werden direkt in die contentACCESS Datenbank geschrieben.<\/p>\n<p><img decoding=\"async\" src=\"https:\/\/www.tech-arrow.com\/wp-content\/uploads\/2016\/11\/contentACCES_3.1_23.png\" alt=\"contentacces_3-1_23\" width=\"100%\" \/><\/p>\n<\/div>\n<div style=\"border: 1px solid #dddddd; background-color: white; width: 94%; padding: 3%; margin-bottom: 20px;\">\n<h3 style=\"color: red; padding-top: 0px;\">E-Mail-Archiv<\/h3>\n<p><strong>\u2713 Archiv freigegebener Ordner:<\/strong> Der neue contentACCESSS Server erlaubt die Archivierung von freigegebenen Exchange-Ordnern. Freigestellte Ordner werden durch die E-Mail-Archiv-Bereitstellung automatisch entdeckt (wenn die Funktion aktiviert ist), und Sie k\u00f6nnen E-Mails aus freigegebenen Ordnern ganz normal wie auch Nutzer-Postf\u00e4cher archivieren.<\/p>\n<p><center><a href=\"https:\/\/www.tech-arrow.com\/wp-content\/uploads\/2016\/11\/contentACCES_3.1_15.png\" target=\"blank\" rel=\"noopener\"><img decoding=\"async\" src=\"https:\/\/www.tech-arrow.com\/wp-content\/uploads\/2016\/11\/contentACCES_3.1_15.png\" alt=\"contentacces_3-1_15\" width=\"45%\" \/><\/a> <a href=\"https:\/\/www.tech-arrow.com\/wp-content\/uploads\/2016\/11\/contentACCES_3.1_16.png\" target=\"blank\" rel=\"noopener\"><img decoding=\"async\" src=\"https:\/\/www.tech-arrow.com\/wp-content\/uploads\/2016\/11\/contentACCES_3.1_16.png\" alt=\"contentacces_3-1_16\" width=\"45%\" \/><\/a><\/center><center><img decoding=\"async\" src=\"https:\/\/www.tech-arrow.com\/wp-content\/uploads\/2016\/11\/contentACCES_3.1_17.png\" alt=\"contentacces_3-1_17\" width=\"40%\" \/> <img decoding=\"async\" src=\"https:\/\/www.tech-arrow.com\/wp-content\/uploads\/2016\/11\/contentACCES_3.1_18.png\" alt=\"contentacces_3-1_18\" width=\"59%\" \/><\/center><strong>\u2713 Archivierung von Umschlag-Journalnachrichten:<\/strong> In dieser Version von contentACCESS werden die Umschlag-Journalnachrichten anders verarbeitet. Nicht der Umschlag wird angeschaut, sondern durch direkten Zugang der innere Teil der Nachricht \u2013 so wird es m\u00f6glich, sie anzuzeigen, zu indexieren und mit ihnen zu arbeiten. Die Umschlaginformation kann auf Wunsch ebenfalls betrachtet werden.<\/p>\n<p><strong>\u2713 Antworten\/Weiterleiten Icons im E-Mail-Archiv:<\/strong> contentACCESS erkennt nun und zeigt die Icons f\u00fcr Antworten&amp;Weiterleiten f\u00fcr archivierte Nachrichten an. Die neugestalteten Outlook-Formulare werden durch einen automatischen Installer installiert. contentACCESS erkennt und zeigt die Icons f\u00fcr Antworten und Weiterleiten bei archivierten Nachrichten (Shortcuts). Ein Outlook-Formular-Installer wurde ins Setup mit aufgenommen, um die Installation der Formulare einfacher zu gestalten.<\/p>\n<p><center><img decoding=\"async\" src=\"https:\/\/www.tech-arrow.com\/wp-content\/uploads\/2016\/11\/contentACCES_3.1_19.png\" alt=\"contentacces_3-1_19\" width=\"8%\" \/> \u00a0 \u00a0 \u00a0 \u00a0 <img decoding=\"async\" src=\"https:\/\/www.tech-arrow.com\/wp-content\/uploads\/2016\/11\/contentACCES_3.1_20.png\" alt=\"contentacces_3-1_20\" width=\"30%\" \/><\/center><strong>\u2713 Reparatur-Auftrag:<\/strong> Die neue contentACCESS Version f\u00fchrt einen neuen Auftragstyp ein. Der Auftrag ist n\u00fctzlich, wenn Sie unterschiedliche Formatierungen f\u00fcr existierende Shortcuts anwenden m\u00f6chten: entfernen oder hinzuf\u00fcgen von Anh\u00e4ngen, HTML-Shortcuts anwenden und vieles mehr. Der Auftrag kann auch die Icons f\u00fcr Antworten und Weiterleiten f\u00fcr vorhandene Shortcuts reparieren.<\/p>\n<p><img decoding=\"async\" src=\"https:\/\/www.tech-arrow.com\/wp-content\/uploads\/2016\/11\/contentACCES_3.1_24.png\" alt=\"contentacces_3-1_24\" width=\"100%\" \/><\/p>\n<\/div>\n<div style=\"border: 1px solid #dddddd; background-color: white; width: 94%; padding: 3%; margin-bottom: 20px;\">\n<h3 style=\"color: red; padding-top: 0px;\">SharePoint<\/h3>\n<p><strong>\u2713 SharePoint Archiv:<\/strong> Das neue SharePoint Archiv-Plugin erweitert contentACCESS um die M\u00f6glichkeit, SharePoint mit contentACCESS zu archivieren. Es funktioniert im Grunde wie das bereits bekannte Dateiarchiv-Plugin. Das neue SharePoint Archiv mit der Methode \u201cKeep Original\u201d oder \u201cDelete Original\u201d funktioniert f\u00fcr folgende Objekttypen: Dokumentenbibliotheken (Dokumente), Bilder, Kontakte, Aufgaben, Kalender, eigene Listen. Dokumente werden aus Dokumentenbibliotheken archiviert, Listenobjekte mit oder ohne Anh\u00e4nge. Das neue Plugin speichert vollst\u00e4ndige Metadaten im Archiv. Der Archivierungs-Auftrag kann Filter f\u00fcr Dokumente aufgrund von Gr\u00f6\u00dfe, Alter und Dateityp anlegen. SharePoint Archiv verf\u00fcgt \u00fcber begrenzten Feld-Mapping-Support. Die archivierten Objekte sind \u00fcber den contentWEB-Client erreichbar.<\/p>\n<p><a href=\"https:\/\/www.tech-arrow.com\/wp-content\/uploads\/2016\/11\/contentACCES_3.1_21.png\" target=\"blank\" rel=\"noopener\"><img decoding=\"async\" src=\"https:\/\/www.tech-arrow.com\/wp-content\/uploads\/2016\/11\/contentACCES_3.1_21.png\" alt=\"contentacces_3-1_21\" width=\"100%\" \/><\/a><\/p>\n<p><a href=\"https:\/\/www.tech-arrow.com\/wp-content\/uploads\/2016\/11\/contentACCES_3.1_22.png\" target=\"blank\" rel=\"noopener\"><img decoding=\"async\" src=\"https:\/\/www.tech-arrow.com\/wp-content\/uploads\/2016\/11\/contentACCES_3.1_22.png\" alt=\"contentacces_3-1_22\" width=\"100%\" \/><\/a><\/p>\n<\/div>\n<div style=\"border: 1px solid #dddddd; background-color: white; width: 94%; padding: 3%; margin-bottom: 20px;\">\n<h3 style=\"color: red; padding-top: 0px;\">Performance-Verbesserung<\/h3>\n<p>Die verbesserte Performance-Ergebnisse f\u00fcr die Archivierung ergibt einen erheblichen Performance-boost bei der E-Mail-Archivierung.<\/p>\n<\/div>\n<div style=\"border: 1px solid #dddddd; background-color: white; width: 94%; padding: 3%; margin-bottom: 20px;\">\n<h3 style=\"color: red; padding-top: 0px;\">Clientanwendungen \/ Werkzeuge<\/h3>\n<p><strong>\u2713 Offline-Synchronisierung f\u00fcr officeGATE:<\/strong> officeGATE erlaubt Offline-Synchronisierung f\u00fcr ausgew\u00e4hlte Ordner. Die Offline-Synchronisierung erlaubt Ihnen, Dateien im Offline-Modus ohne Internetverbindung zu benutzen.<\/p>\n<p><center><img decoding=\"async\" src=\"https:\/\/www.tech-arrow.com\/wp-content\/uploads\/2016\/11\/contentACCES_3.1_25.png\" alt=\"contentacces_3-1_25\" width=\"49%\" \/> <img decoding=\"async\" src=\"https:\/\/www.tech-arrow.com\/wp-content\/uploads\/2016\/11\/contentACCES_3.1_26.png\" alt=\"contentacces_3-1_26\" width=\"49%\" \/><\/center><strong>\u2713 Neues Outlook Add-In: ShareApp:<\/strong> Das neue ShareApp Add-in ist im Office Store bei Add-ins f\u00fcr Outlook erh\u00e4ltlich, es hilft dabei mehrere Dateien ohne Gr\u00f6\u00dfenbeschr\u00e4nkung f\u00fcr E-Mails via contentACCESS zu teilen. Die Dateien werden als Links verschickt und k\u00f6nnen x-Mal heruntergeladen werden, die Beschr\u00e4nkung wird in der Konfiguration festgelegt.<\/p>\n<p><center><img decoding=\"async\" src=\"https:\/\/www.tech-arrow.com\/wp-content\/uploads\/2016\/11\/contentACCES_3.1_27.png\" alt=\"contentacces_3-1_27\" width=\"10%\" \/> <img decoding=\"async\" src=\"https:\/\/www.tech-arrow.com\/wp-content\/uploads\/2016\/11\/contentACCES_3.1_28.png\" alt=\"contentacces_3-1_28\" width=\"30%\" \/> <img decoding=\"async\" src=\"https:\/\/www.tech-arrow.com\/wp-content\/uploads\/2016\/11\/contentACCES_3.1_29.png\" alt=\"contentacces_3-1_29\" width=\"30%\" \/><\/center><center><img decoding=\"async\" src=\"https:\/\/www.tech-arrow.com\/wp-content\/uploads\/2016\/11\/contentACCES_3.1_30.png\" alt=\"contentacces_3-1_30\" width=\"60%\" \/><\/center><\/div>\n<div style=\"border: 1px solid #dddddd; background-color: white; width: 94%; padding: 3%; margin-bottom: 20px;\">\n<h3 style=\"color: red; padding-top: 0px;\">Dokumentation<\/h3>\n<p style=\"text-align: left;\"><strong>\u2713 Dokumentation<\/strong> \u2013 Bitte lesen Sie die aktualisierte Dokumentation und die aktualisierten Handb\u00fccher.<\/p>\n<p><a title=\"contentAccess Manual\" href=\"https:\/\/documentation.tech-arrow.com\/contentaccess-manuals\/\" target=\"_blank\" rel=\"noopener\"><img loading=\"lazy\" decoding=\"async\" src=\"https:\/\/www.tech-arrow.com\/wp-content\/uploads\/2016\/02\/3.png\" alt=\"3\" width=\"20\" height=\"20\" \/><\/a> <a title=\"contentAccess Manual\" href=\"https:\/\/documentation.tech-arrow.com\/contentaccess-manuals\/\" target=\"_blank\" rel=\"noopener\">contentACCESS Manual<\/a><\/p>\n<p><a title=\"contentWEB Manual\" href=\"https:\/\/www.tech-arrow.com\/documentation\/contentweb\/\" target=\"_blank\" rel=\"noopener\"><img loading=\"lazy\" decoding=\"async\" src=\"https:\/\/www.tech-arrow.com\/wp-content\/uploads\/2016\/02\/3.png\" alt=\"3\" width=\"20\" height=\"20\" \/><\/a> <a title=\"contentWEB Manual\" href=\"https:\/\/www.tech-arrow.com\/documentation\/contentweb\/\" target=\"_blank\" rel=\"noopener\">contentWEB Manual<\/a><\/p>\n<p><a href=\"https:\/\/www.tech-arrow.com\/documentation\/officegate\/\"><img loading=\"lazy\" decoding=\"async\" src=\"https:\/\/www.tech-arrow.com\/wp-content\/uploads\/2016\/02\/3.png\" alt=\"3\" width=\"20\" height=\"20\" \/><\/a> <a href=\"https:\/\/www.tech-arrow.com\/documentation\/officegate\/\" target=\"_blank\" rel=\"noopener\">officeGATE manual<\/a><\/p>\n<p><a href=\"https:\/\/www.tech-arrow.com\/documentation\/tech-arrows-winshortcutter\/\"><img loading=\"lazy\" decoding=\"async\" src=\"https:\/\/www.tech-arrow.com\/wp-content\/uploads\/2016\/02\/3.png\" alt=\"3\" width=\"20\" height=\"20\" \/><\/a> <a href=\"https:\/\/www.tech-arrow.com\/documentation\/tech-arrows-winshortcutter\/\" target=\"_blank\" rel=\"noopener\">TECH-ARROW\u2019s WinShortcutter user manual<\/a><\/p>\n<\/div>\n","protected":false},"excerpt":{"rendered":"<p>Eine Liste aller Versionshinweise k\u00f6nnen Sie hier finden. Die folgende Liste gibt Ihnen einen raschen \u00dcberblick \u00fcber die neusten Verbesserungen, die contentACCESS Version 3.1 f\u00fcr Sie bereith\u00e4lt: Allgemeine Funktionen \u2713 Neue Login-Seite: Die fr\u00fchere neu gestaltete Login-Seite funktioniert von Version 3.1 an als gemeinsame Login-Seite f\u00fcr alle Anwendungen. Das Login nutzt dazu ein standardisiertes OAUTH-Protokoll. [&hellip;]<\/p>\n","protected":false},"author":7,"featured_media":0,"parent":0,"menu_order":0,"comment_status":"closed","ping_status":"closed","template":"","meta":{"_acf_changed":false,"inline_featured_image":false,"footnotes":""},"class_list":["post-5508","page","type-page","status-publish","hentry"],"acf":[],"yoast_head":"<!-- This site is optimized with the Yoast SEO plugin v27.0 - https:\/\/yoast.com\/product\/yoast-seo-wordpress\/ -->\n<title>contentACCESS Version 3.1 \u2013 Details - TECH-ARROW<\/title>\n<meta name=\"robots\" content=\"index, follow, max-snippet:-1, max-image-preview:large, max-video-preview:-1\" \/>\n<link rel=\"canonical\" href=\"https:\/\/www.tech-arrow.com\/de\/contentaccess-version-3-1-details\/\" \/>\n<meta property=\"og:locale\" content=\"de_DE\" \/>\n<meta property=\"og:type\" content=\"article\" \/>\n<meta property=\"og:title\" content=\"contentACCESS Version 3.1 \u2013 Details - TECH-ARROW\" \/>\n<meta property=\"og:description\" content=\"Eine Liste aller Versionshinweise k\u00f6nnen Sie hier finden. Die folgende Liste gibt Ihnen einen raschen \u00dcberblick \u00fcber die neusten Verbesserungen, die contentACCESS Version 3.1 f\u00fcr Sie bereith\u00e4lt: Allgemeine Funktionen \u2713 Neue Login-Seite: Die fr\u00fchere neu gestaltete Login-Seite funktioniert von Version 3.1 an als gemeinsame Login-Seite f\u00fcr alle Anwendungen. Das Login nutzt dazu ein standardisiertes OAUTH-Protokoll. [&hellip;]\" \/>\n<meta property=\"og:url\" content=\"https:\/\/www.tech-arrow.com\/de\/contentaccess-version-3-1-details\/\" \/>\n<meta property=\"og:site_name\" content=\"TECH-ARROW\" \/>\n<meta property=\"article:publisher\" content=\"https:\/\/www.facebook.com\/thetecharrow\/?fref=ts\" \/>\n<meta property=\"article:modified_time\" content=\"2024-11-27T14:03:11+00:00\" \/>\n<meta property=\"og:image\" content=\"https:\/\/www.tech-arrow.com\/wp-content\/uploads\/2016\/11\/contentACCES_3.1_1.png\" \/>\n<meta name=\"twitter:card\" content=\"summary_large_image\" \/>\n<script type=\"application\/ld+json\" class=\"yoast-schema-graph\">{\"@context\":\"https:\/\/schema.org\",\"@graph\":[{\"@type\":\"WebPage\",\"@id\":\"https:\/\/www.tech-arrow.com\/de\/contentaccess-version-3-1-details\/\",\"url\":\"https:\/\/www.tech-arrow.com\/de\/contentaccess-version-3-1-details\/\",\"name\":\"contentACCESS Version 3.1 \u2013 Details - TECH-ARROW\",\"isPartOf\":{\"@id\":\"https:\/\/www.tech-arrow.com\/#website\"},\"primaryImageOfPage\":{\"@id\":\"https:\/\/www.tech-arrow.com\/de\/contentaccess-version-3-1-details\/#primaryimage\"},\"image\":{\"@id\":\"https:\/\/www.tech-arrow.com\/de\/contentaccess-version-3-1-details\/#primaryimage\"},\"thumbnailUrl\":\"https:\/\/www.tech-arrow.com\/wp-content\/uploads\/2016\/11\/contentACCES_3.1_1.png\",\"datePublished\":\"2021-10-14T08:32:23+00:00\",\"dateModified\":\"2024-11-27T14:03:11+00:00\",\"breadcrumb\":{\"@id\":\"https:\/\/www.tech-arrow.com\/de\/contentaccess-version-3-1-details\/#breadcrumb\"},\"inLanguage\":\"de\",\"potentialAction\":[{\"@type\":\"ReadAction\",\"target\":[\"https:\/\/www.tech-arrow.com\/de\/contentaccess-version-3-1-details\/\"]}]},{\"@type\":\"ImageObject\",\"inLanguage\":\"de\",\"@id\":\"https:\/\/www.tech-arrow.com\/de\/contentaccess-version-3-1-details\/#primaryimage\",\"url\":\"https:\/\/www.tech-arrow.com\/wp-content\/uploads\/2016\/11\/contentACCES_3.1_1.png\",\"contentUrl\":\"https:\/\/www.tech-arrow.com\/wp-content\/uploads\/2016\/11\/contentACCES_3.1_1.png\"},{\"@type\":\"BreadcrumbList\",\"@id\":\"https:\/\/www.tech-arrow.com\/de\/contentaccess-version-3-1-details\/#breadcrumb\",\"itemListElement\":[{\"@type\":\"ListItem\",\"position\":1,\"name\":\"Home\",\"item\":\"https:\/\/www.tech-arrow.com\/de\/\"},{\"@type\":\"ListItem\",\"position\":2,\"name\":\"contentACCESS Version 3.1 \u2013 Details\"}]},{\"@type\":\"WebSite\",\"@id\":\"https:\/\/www.tech-arrow.com\/#website\",\"url\":\"https:\/\/www.tech-arrow.com\/\",\"name\":\"TECH-ARROW\",\"description\":\"\",\"publisher\":{\"@id\":\"https:\/\/www.tech-arrow.com\/#organization\"},\"potentialAction\":[{\"@type\":\"SearchAction\",\"target\":{\"@type\":\"EntryPoint\",\"urlTemplate\":\"https:\/\/www.tech-arrow.com\/?s={search_term_string}\"},\"query-input\":{\"@type\":\"PropertyValueSpecification\",\"valueRequired\":true,\"valueName\":\"search_term_string\"}}],\"inLanguage\":\"de\"},{\"@type\":\"Organization\",\"@id\":\"https:\/\/www.tech-arrow.com\/#organization\",\"name\":\"TECH-ARROW, GmbH.\",\"url\":\"https:\/\/www.tech-arrow.com\/\",\"logo\":{\"@type\":\"ImageObject\",\"inLanguage\":\"de\",\"@id\":\"https:\/\/www.tech-arrow.com\/#\/schema\/logo\/image\/\",\"url\":\"https:\/\/www.tech-arrow.com\/wp-content\/uploads\/2017\/04\/techarrow-logo-481x97.png\",\"contentUrl\":\"https:\/\/www.tech-arrow.com\/wp-content\/uploads\/2017\/04\/techarrow-logo-481x97.png\",\"width\":481,\"height\":97,\"caption\":\"TECH-ARROW, GmbH.\"},\"image\":{\"@id\":\"https:\/\/www.tech-arrow.com\/#\/schema\/logo\/image\/\"},\"sameAs\":[\"https:\/\/www.facebook.com\/thetecharrow\/?fref=ts\",\"https:\/\/www.linkedin.com\/company\/techarrow\",\"https:\/\/www.youtube.com\/user\/thetecharrow\"]}]}<\/script>\n<!-- \/ Yoast SEO plugin. -->","yoast_head_json":{"title":"contentACCESS Version 3.1 \u2013 Details - TECH-ARROW","robots":{"index":"index","follow":"follow","max-snippet":"max-snippet:-1","max-image-preview":"max-image-preview:large","max-video-preview":"max-video-preview:-1"},"canonical":"https:\/\/www.tech-arrow.com\/de\/contentaccess-version-3-1-details\/","og_locale":"de_DE","og_type":"article","og_title":"contentACCESS Version 3.1 \u2013 Details - TECH-ARROW","og_description":"Eine Liste aller Versionshinweise k\u00f6nnen Sie hier finden. Die folgende Liste gibt Ihnen einen raschen \u00dcberblick \u00fcber die neusten Verbesserungen, die contentACCESS Version 3.1 f\u00fcr Sie bereith\u00e4lt: Allgemeine Funktionen \u2713 Neue Login-Seite: Die fr\u00fchere neu gestaltete Login-Seite funktioniert von Version 3.1 an als gemeinsame Login-Seite f\u00fcr alle Anwendungen. Das Login nutzt dazu ein standardisiertes OAUTH-Protokoll. [&hellip;]","og_url":"https:\/\/www.tech-arrow.com\/de\/contentaccess-version-3-1-details\/","og_site_name":"TECH-ARROW","article_publisher":"https:\/\/www.facebook.com\/thetecharrow\/?fref=ts","article_modified_time":"2024-11-27T14:03:11+00:00","og_image":[{"url":"https:\/\/www.tech-arrow.com\/wp-content\/uploads\/2016\/11\/contentACCES_3.1_1.png","type":"","width":"","height":""}],"twitter_card":"summary_large_image","schema":{"@context":"https:\/\/schema.org","@graph":[{"@type":"WebPage","@id":"https:\/\/www.tech-arrow.com\/de\/contentaccess-version-3-1-details\/","url":"https:\/\/www.tech-arrow.com\/de\/contentaccess-version-3-1-details\/","name":"contentACCESS Version 3.1 \u2013 Details - TECH-ARROW","isPartOf":{"@id":"https:\/\/www.tech-arrow.com\/#website"},"primaryImageOfPage":{"@id":"https:\/\/www.tech-arrow.com\/de\/contentaccess-version-3-1-details\/#primaryimage"},"image":{"@id":"https:\/\/www.tech-arrow.com\/de\/contentaccess-version-3-1-details\/#primaryimage"},"thumbnailUrl":"https:\/\/www.tech-arrow.com\/wp-content\/uploads\/2016\/11\/contentACCES_3.1_1.png","datePublished":"2021-10-14T08:32:23+00:00","dateModified":"2024-11-27T14:03:11+00:00","breadcrumb":{"@id":"https:\/\/www.tech-arrow.com\/de\/contentaccess-version-3-1-details\/#breadcrumb"},"inLanguage":"de","potentialAction":[{"@type":"ReadAction","target":["https:\/\/www.tech-arrow.com\/de\/contentaccess-version-3-1-details\/"]}]},{"@type":"ImageObject","inLanguage":"de","@id":"https:\/\/www.tech-arrow.com\/de\/contentaccess-version-3-1-details\/#primaryimage","url":"https:\/\/www.tech-arrow.com\/wp-content\/uploads\/2016\/11\/contentACCES_3.1_1.png","contentUrl":"https:\/\/www.tech-arrow.com\/wp-content\/uploads\/2016\/11\/contentACCES_3.1_1.png"},{"@type":"BreadcrumbList","@id":"https:\/\/www.tech-arrow.com\/de\/contentaccess-version-3-1-details\/#breadcrumb","itemListElement":[{"@type":"ListItem","position":1,"name":"Home","item":"https:\/\/www.tech-arrow.com\/de\/"},{"@type":"ListItem","position":2,"name":"contentACCESS Version 3.1 \u2013 Details"}]},{"@type":"WebSite","@id":"https:\/\/www.tech-arrow.com\/#website","url":"https:\/\/www.tech-arrow.com\/","name":"TECH-ARROW","description":"","publisher":{"@id":"https:\/\/www.tech-arrow.com\/#organization"},"potentialAction":[{"@type":"SearchAction","target":{"@type":"EntryPoint","urlTemplate":"https:\/\/www.tech-arrow.com\/?s={search_term_string}"},"query-input":{"@type":"PropertyValueSpecification","valueRequired":true,"valueName":"search_term_string"}}],"inLanguage":"de"},{"@type":"Organization","@id":"https:\/\/www.tech-arrow.com\/#organization","name":"TECH-ARROW, GmbH.","url":"https:\/\/www.tech-arrow.com\/","logo":{"@type":"ImageObject","inLanguage":"de","@id":"https:\/\/www.tech-arrow.com\/#\/schema\/logo\/image\/","url":"https:\/\/www.tech-arrow.com\/wp-content\/uploads\/2017\/04\/techarrow-logo-481x97.png","contentUrl":"https:\/\/www.tech-arrow.com\/wp-content\/uploads\/2017\/04\/techarrow-logo-481x97.png","width":481,"height":97,"caption":"TECH-ARROW, GmbH."},"image":{"@id":"https:\/\/www.tech-arrow.com\/#\/schema\/logo\/image\/"},"sameAs":["https:\/\/www.facebook.com\/thetecharrow\/?fref=ts","https:\/\/www.linkedin.com\/company\/techarrow","https:\/\/www.youtube.com\/user\/thetecharrow"]}]}},"_links":{"self":[{"href":"https:\/\/www.tech-arrow.com\/de\/wp-json\/wp\/v2\/pages\/5508","targetHints":{"allow":["GET"]}}],"collection":[{"href":"https:\/\/www.tech-arrow.com\/de\/wp-json\/wp\/v2\/pages"}],"about":[{"href":"https:\/\/www.tech-arrow.com\/de\/wp-json\/wp\/v2\/types\/page"}],"author":[{"embeddable":true,"href":"https:\/\/www.tech-arrow.com\/de\/wp-json\/wp\/v2\/users\/7"}],"replies":[{"embeddable":true,"href":"https:\/\/www.tech-arrow.com\/de\/wp-json\/wp\/v2\/comments?post=5508"}],"version-history":[{"count":3,"href":"https:\/\/www.tech-arrow.com\/de\/wp-json\/wp\/v2\/pages\/5508\/revisions"}],"predecessor-version":[{"id":13415,"href":"https:\/\/www.tech-arrow.com\/de\/wp-json\/wp\/v2\/pages\/5508\/revisions\/13415"}],"wp:attachment":[{"href":"https:\/\/www.tech-arrow.com\/de\/wp-json\/wp\/v2\/media?parent=5508"}],"curies":[{"name":"wp","href":"https:\/\/api.w.org\/{rel}","templated":true}]}}