{"id":5512,"date":"2021-10-14T10:35:40","date_gmt":"2021-10-14T08:35:40","guid":{"rendered":"https:\/\/www.tech-arrow.com\/?page_id=5512"},"modified":"2024-11-27T15:03:19","modified_gmt":"2024-11-27T14:03:19","slug":"contentaccess-version-3-3-sp1-details","status":"publish","type":"page","link":"https:\/\/www.tech-arrow.com\/de\/contentaccess-version-3-3-sp1-details\/","title":{"rendered":"contentACCESS Version 3.3 SP1 \u2013 Details"},"content":{"rendered":"<p>Eine Liste aller Versionshinweise k\u00f6nnen Sie <a href=\"https:\/\/www.tech-arrow.com\/de\/contentaccess-anmerkungen-zu-dieser-version\/\" rel=\"noopener\">hier<\/a> finden.<br \/>\nDie folgende Liste bietet Ihnen eine \u00dcbersicht \u00fcber die neuesten Verbesserungen die Ihnen von contentACCESS 3.3 SP1 geboten werden:<\/p>\n<div style=\"border: 1px solid #dddddd; background-color: white; width: 94%; padding: 3%; margin-bottom: 20px;\">\n<h3 style=\"color: red; padding-top: 0px;\">Funktionen<\/h3>\n<p><strong>\u2713 contentACCESS Mobile <span style=\"color: lime;\"> <sup>BETA<\/sup><\/span>:<\/strong> Um die Mobilit\u00e4t der contentACCESS Plattform zu verbessern ver\u00f6ffentlichen wir eine brandneue Version unserer mobilen Anwendung. Diese Anwendung erlaubt dem Benutzer Zugriff auf alle Daten in contentACCESS zu jeder Zeit, an jedem Ort von den am h\u00e4ufigsten verwendeten iOS und Android Plattformen. Die neue mobile Anwendung unterst\u00fctzt das Durchsuchen von Daten und die gleichen Suchoptionen, die von anderen Anwendungen unserer Plattform geboten werden. Die Dateien und E-Mails k\u00f6nnen lokal gespeichert werden und sind somit auch ohne Internetverbindung nutzbar. Benutzer kann alle verf\u00fcgbaren Login-Methoden auf mobilen Ger\u00e4ten, wie z.B. Forms, Windows, jedoch nicht Azure verwenden.<\/p>\n<p><center><img decoding=\"async\" src=\"https:\/\/www.tech-arrow.com\/wp-content\/uploads\/2017\/10\/mobile-3.3-sp1.png\" alt=\"\" width=\"95%\" \/><\/center><strong>\u2713<\/strong> <strong>Neue \u00dcbersetzungen:<\/strong> Um unseren Benutzern n\u00e4her zu sein arbeiten wir konstant an der Anzahl verf\u00fcgbarer Sprachen die von unseren Anwendungen geboten werden. In dieser neuen Version haben wir chinesisch und norwegisch als Sprachen in contentWEB, officeGATE, MailApp, ShareApp und contentACCESS Mobile hinzugef\u00fcgt.<\/p>\n<p><center><img decoding=\"async\" src=\"https:\/\/www.tech-arrow.com\/wp-content\/uploads\/2017\/10\/Languages.png\" alt=\"\" width=\"95%\" \/><\/center><strong>\u2713<\/strong> <strong>Sortierung der Job Liste:<\/strong> In der neuen Version haben wir eine M\u00f6glichkeit zum Sortieren und Suchen innerhalb der Job Liste hinzugef\u00fcgt und machen somit das Finden und Verwalten von Jobs einfacher.<\/p>\n<p><center><img decoding=\"async\" src=\"https:\/\/www.tech-arrow.com\/wp-content\/uploads\/2017\/10\/Jobs.png\" alt=\"\" width=\"95%\" \/><\/center><\/div>\n<div style=\"border: 1px solid #dddddd; background-color: white; width: 94%; padding: 3%; margin-bottom: 20px;\">\n<h3 style=\"color: red; padding-top: 0px;\">E-Mail Archiv<\/h3>\n<p><strong>\u2713 L\u00f6schen von verwaisten Verkn\u00fcpfungen:<\/strong> Der Verkn\u00fcpfung Synchronisationsjob ist nun dazu in der Lage Verkn\u00fcpfungen zu l\u00f6schen f\u00fcr die Daten bereits vom Aus Archiv L\u00f6schen Job gel\u00f6scht wurden. Dies hilft dem Benutzer bei der Bereinigung von Postf\u00e4chern und stellt sicher, dass sich ausschlie\u00dflich funktionst\u00fcchtige Verkn\u00fcpfungen in einem Postfach befinden.<\/p>\n<p><center><img decoding=\"async\" src=\"https:\/\/www.tech-arrow.com\/wp-content\/uploads\/2017\/10\/OrphanShortcutCleanup.png\" alt=\"\" width=\"95%\" \/><\/center><\/div>\n<div style=\"border: 1px solid #dddddd; background-color: white; width: 94%; padding: 3%; margin-bottom: 20px;\">\n<h3 style=\"color: red; padding-top: 0px;\">Datei Archiv<\/h3>\n<p><strong>\u2713 Remote Dateiarchivierung <span style=\"color: lime;\"> <sup><strong>BETA<\/strong><\/sup><\/span>:<\/strong> Um die Dateiarchivierung in der Cloud und in Hosting Szenarien zu unterst\u00fctzen haben wir einen neuen Remote Dateiarchivierung Agent eingef\u00fchrt. Diese erlaubt dem Benutzer lokale Dateien in der Cloud zu archivieren. Lokale Dateien k\u00f6nnen anschlie\u00dfend durch eine benutzerfreundliche Anwendung wiederhergestellt werden. Auf Lokale Dateien kann des Weiteren von jedem Ort aus \u00fcber contentWEB, officeGATE und auch von contentACCESS Mobile zugegriffen werden.<\/p>\n<p>Der Remote Agent ist des Weiteren in das Lokale Active Directory integriert und erm\u00f6glicht die Synchronisation der Berechtigungen von Benutzern in die Cloud. contentACCESS wendet anschlie\u00dfend das erforderte Sicherheitstrimming auf die Daten an und zeigt ausschlie\u00dflich Daten an auf die der Benutzer im lokalen System Zugriff hatte.<\/p>\n<p>Die Remote Dateiarchivierungsfunktion kommt zusammen mit einem neuen Remote Active Directory Login Anbieter. Dies erm\u00f6glicht die Anmeldung eines Benutzers vor Ort bei contentACCESS in der Cloud mit den lokal aktiven Active Directory Anmeldeinformationen (Benutzername und Passwort) des Benutzers.<\/p>\n<p><center><img decoding=\"async\" src=\"https:\/\/www.tech-arrow.com\/wp-content\/uploads\/2017\/10\/rfa_01.png\" alt=\"\" width=\"95%\" \/><\/center><center><img decoding=\"async\" src=\"https:\/\/www.tech-arrow.com\/wp-content\/uploads\/2017\/10\/rfa_02.png\" alt=\"\" width=\"95%\" \/><\/center><center><img decoding=\"async\" src=\"https:\/\/www.tech-arrow.com\/wp-content\/uploads\/2017\/10\/rfa_03.png\" alt=\"\" width=\"95%\" \/><\/center><\/div>\n<div style=\"border: 1px solid #dddddd; background-color: white; width: 94%; padding: 3%; margin-bottom: 20px;\">\n<h3 style=\"color: red; padding-top: 0px;\">Documentation<\/h3>\n<p style=\"text-align: left;\"><strong>\u2713 Dokumentation<\/strong> \u2013 Bitte pr\u00fcfen Sie die aktualisierte Dokumentation und Handb\u00fccher.<\/p>\n<p><a title=\"contentAccess Manual\" href=\"https:\/\/documentation.tech-arrow.com\/contentaccess-manuals\/\" target=\"_blank\" rel=\"noopener\"><img loading=\"lazy\" decoding=\"async\" src=\"https:\/\/www.tech-arrow.com\/wp-content\/uploads\/2016\/02\/3.png\" alt=\"3\" width=\"20\" height=\"20\" \/><\/a> <a title=\"contentAccess Manual\" href=\"https:\/\/documentation.tech-arrow.com\/contentaccess-manuals\/\" target=\"_blank\" rel=\"noopener\">contentACCESS Manual<\/a><\/p>\n<p><a title=\"contentWEB Manual\" href=\"https:\/\/www.tech-arrow.com\/documentation\/contentweb\/\" target=\"_blank\" rel=\"noopener\"><img loading=\"lazy\" decoding=\"async\" src=\"https:\/\/www.tech-arrow.com\/wp-content\/uploads\/2016\/02\/3.png\" alt=\"3\" width=\"20\" height=\"20\" \/><\/a> <a title=\"contentWEB Manual\" href=\"https:\/\/www.tech-arrow.com\/documentation\/contentweb\/\" target=\"_blank\" rel=\"noopener\">contentWEB Manual<\/a><\/p>\n<p><a href=\"https:\/\/www.tech-arrow.com\/documentation\/officegate\/\"><img loading=\"lazy\" decoding=\"async\" src=\"https:\/\/www.tech-arrow.com\/wp-content\/uploads\/2016\/02\/3.png\" alt=\"3\" width=\"20\" height=\"20\" \/><\/a> <a href=\"https:\/\/www.tech-arrow.com\/documentation\/officegate\/\" target=\"_blank\" rel=\"noopener\">officeGATE manual<\/a><\/p>\n<p><a href=\"https:\/\/www.tech-arrow.com\/documentation\/tech-arrows-winshortcutter\/\"><img loading=\"lazy\" decoding=\"async\" src=\"https:\/\/www.tech-arrow.com\/wp-content\/uploads\/2016\/02\/3.png\" alt=\"3\" width=\"20\" height=\"20\" \/><\/a> <a href=\"https:\/\/www.tech-arrow.com\/documentation\/tech-arrows-winshortcutter\/\" target=\"_blank\" rel=\"noopener\">TECH-ARROW\u2019s WinShortcutter user manual<\/a><\/p>\n<\/div>\n","protected":false},"excerpt":{"rendered":"<p>Eine Liste aller Versionshinweise k\u00f6nnen Sie hier finden. Die folgende Liste bietet Ihnen eine \u00dcbersicht \u00fcber die neuesten Verbesserungen die Ihnen von contentACCESS 3.3 SP1 geboten werden: Funktionen \u2713 contentACCESS Mobile BETA: Um die Mobilit\u00e4t der contentACCESS Plattform zu verbessern ver\u00f6ffentlichen wir eine brandneue Version unserer mobilen Anwendung. Diese Anwendung erlaubt dem Benutzer Zugriff auf [&hellip;]<\/p>\n","protected":false},"author":7,"featured_media":0,"parent":0,"menu_order":0,"comment_status":"closed","ping_status":"closed","template":"","meta":{"_acf_changed":false,"inline_featured_image":false,"footnotes":""},"class_list":["post-5512","page","type-page","status-publish","hentry"],"acf":[],"yoast_head":"<!-- This site is optimized with the Yoast SEO plugin v27.0 - https:\/\/yoast.com\/product\/yoast-seo-wordpress\/ -->\n<title>contentACCESS Version 3.3 SP1 \u2013 Details - TECH-ARROW<\/title>\n<meta name=\"robots\" content=\"index, follow, max-snippet:-1, max-image-preview:large, max-video-preview:-1\" \/>\n<link rel=\"canonical\" href=\"https:\/\/www.tech-arrow.com\/de\/contentaccess-version-3-3-sp1-details\/\" \/>\n<meta property=\"og:locale\" content=\"de_DE\" \/>\n<meta property=\"og:type\" content=\"article\" \/>\n<meta property=\"og:title\" content=\"contentACCESS Version 3.3 SP1 \u2013 Details - TECH-ARROW\" \/>\n<meta property=\"og:description\" content=\"Eine Liste aller Versionshinweise k\u00f6nnen Sie hier finden. Die folgende Liste bietet Ihnen eine \u00dcbersicht \u00fcber die neuesten Verbesserungen die Ihnen von contentACCESS 3.3 SP1 geboten werden: Funktionen \u2713 contentACCESS Mobile BETA: Um die Mobilit\u00e4t der contentACCESS Plattform zu verbessern ver\u00f6ffentlichen wir eine brandneue Version unserer mobilen Anwendung. Diese Anwendung erlaubt dem Benutzer Zugriff auf [&hellip;]\" \/>\n<meta property=\"og:url\" content=\"https:\/\/www.tech-arrow.com\/de\/contentaccess-version-3-3-sp1-details\/\" \/>\n<meta property=\"og:site_name\" content=\"TECH-ARROW\" \/>\n<meta property=\"article:publisher\" content=\"https:\/\/www.facebook.com\/thetecharrow\/?fref=ts\" \/>\n<meta property=\"article:modified_time\" content=\"2024-11-27T14:03:19+00:00\" \/>\n<meta property=\"og:image\" content=\"https:\/\/www.tech-arrow.com\/wp-content\/uploads\/2017\/10\/mobile-3.3-sp1.png\" \/>\n<meta name=\"twitter:card\" content=\"summary_large_image\" \/>\n<script type=\"application\/ld+json\" class=\"yoast-schema-graph\">{\"@context\":\"https:\/\/schema.org\",\"@graph\":[{\"@type\":\"WebPage\",\"@id\":\"https:\/\/www.tech-arrow.com\/de\/contentaccess-version-3-3-sp1-details\/\",\"url\":\"https:\/\/www.tech-arrow.com\/de\/contentaccess-version-3-3-sp1-details\/\",\"name\":\"contentACCESS Version 3.3 SP1 \u2013 Details - TECH-ARROW\",\"isPartOf\":{\"@id\":\"https:\/\/www.tech-arrow.com\/#website\"},\"primaryImageOfPage\":{\"@id\":\"https:\/\/www.tech-arrow.com\/de\/contentaccess-version-3-3-sp1-details\/#primaryimage\"},\"image\":{\"@id\":\"https:\/\/www.tech-arrow.com\/de\/contentaccess-version-3-3-sp1-details\/#primaryimage\"},\"thumbnailUrl\":\"https:\/\/www.tech-arrow.com\/wp-content\/uploads\/2017\/10\/mobile-3.3-sp1.png\",\"datePublished\":\"2021-10-14T08:35:40+00:00\",\"dateModified\":\"2024-11-27T14:03:19+00:00\",\"breadcrumb\":{\"@id\":\"https:\/\/www.tech-arrow.com\/de\/contentaccess-version-3-3-sp1-details\/#breadcrumb\"},\"inLanguage\":\"de\",\"potentialAction\":[{\"@type\":\"ReadAction\",\"target\":[\"https:\/\/www.tech-arrow.com\/de\/contentaccess-version-3-3-sp1-details\/\"]}]},{\"@type\":\"ImageObject\",\"inLanguage\":\"de\",\"@id\":\"https:\/\/www.tech-arrow.com\/de\/contentaccess-version-3-3-sp1-details\/#primaryimage\",\"url\":\"https:\/\/www.tech-arrow.com\/wp-content\/uploads\/2017\/10\/mobile-3.3-sp1.png\",\"contentUrl\":\"https:\/\/www.tech-arrow.com\/wp-content\/uploads\/2017\/10\/mobile-3.3-sp1.png\"},{\"@type\":\"BreadcrumbList\",\"@id\":\"https:\/\/www.tech-arrow.com\/de\/contentaccess-version-3-3-sp1-details\/#breadcrumb\",\"itemListElement\":[{\"@type\":\"ListItem\",\"position\":1,\"name\":\"Home\",\"item\":\"https:\/\/www.tech-arrow.com\/de\/\"},{\"@type\":\"ListItem\",\"position\":2,\"name\":\"contentACCESS Version 3.3 SP1 \u2013 Details\"}]},{\"@type\":\"WebSite\",\"@id\":\"https:\/\/www.tech-arrow.com\/#website\",\"url\":\"https:\/\/www.tech-arrow.com\/\",\"name\":\"TECH-ARROW\",\"description\":\"\",\"publisher\":{\"@id\":\"https:\/\/www.tech-arrow.com\/#organization\"},\"potentialAction\":[{\"@type\":\"SearchAction\",\"target\":{\"@type\":\"EntryPoint\",\"urlTemplate\":\"https:\/\/www.tech-arrow.com\/?s={search_term_string}\"},\"query-input\":{\"@type\":\"PropertyValueSpecification\",\"valueRequired\":true,\"valueName\":\"search_term_string\"}}],\"inLanguage\":\"de\"},{\"@type\":\"Organization\",\"@id\":\"https:\/\/www.tech-arrow.com\/#organization\",\"name\":\"TECH-ARROW, GmbH.\",\"url\":\"https:\/\/www.tech-arrow.com\/\",\"logo\":{\"@type\":\"ImageObject\",\"inLanguage\":\"de\",\"@id\":\"https:\/\/www.tech-arrow.com\/#\/schema\/logo\/image\/\",\"url\":\"https:\/\/www.tech-arrow.com\/wp-content\/uploads\/2017\/04\/techarrow-logo-481x97.png\",\"contentUrl\":\"https:\/\/www.tech-arrow.com\/wp-content\/uploads\/2017\/04\/techarrow-logo-481x97.png\",\"width\":481,\"height\":97,\"caption\":\"TECH-ARROW, GmbH.\"},\"image\":{\"@id\":\"https:\/\/www.tech-arrow.com\/#\/schema\/logo\/image\/\"},\"sameAs\":[\"https:\/\/www.facebook.com\/thetecharrow\/?fref=ts\",\"https:\/\/www.linkedin.com\/company\/techarrow\",\"https:\/\/www.youtube.com\/user\/thetecharrow\"]}]}<\/script>\n<!-- \/ Yoast SEO plugin. -->","yoast_head_json":{"title":"contentACCESS Version 3.3 SP1 \u2013 Details - TECH-ARROW","robots":{"index":"index","follow":"follow","max-snippet":"max-snippet:-1","max-image-preview":"max-image-preview:large","max-video-preview":"max-video-preview:-1"},"canonical":"https:\/\/www.tech-arrow.com\/de\/contentaccess-version-3-3-sp1-details\/","og_locale":"de_DE","og_type":"article","og_title":"contentACCESS Version 3.3 SP1 \u2013 Details - TECH-ARROW","og_description":"Eine Liste aller Versionshinweise k\u00f6nnen Sie hier finden. Die folgende Liste bietet Ihnen eine \u00dcbersicht \u00fcber die neuesten Verbesserungen die Ihnen von contentACCESS 3.3 SP1 geboten werden: Funktionen \u2713 contentACCESS Mobile BETA: Um die Mobilit\u00e4t der contentACCESS Plattform zu verbessern ver\u00f6ffentlichen wir eine brandneue Version unserer mobilen Anwendung. Diese Anwendung erlaubt dem Benutzer Zugriff auf [&hellip;]","og_url":"https:\/\/www.tech-arrow.com\/de\/contentaccess-version-3-3-sp1-details\/","og_site_name":"TECH-ARROW","article_publisher":"https:\/\/www.facebook.com\/thetecharrow\/?fref=ts","article_modified_time":"2024-11-27T14:03:19+00:00","og_image":[{"url":"https:\/\/www.tech-arrow.com\/wp-content\/uploads\/2017\/10\/mobile-3.3-sp1.png","type":"","width":"","height":""}],"twitter_card":"summary_large_image","schema":{"@context":"https:\/\/schema.org","@graph":[{"@type":"WebPage","@id":"https:\/\/www.tech-arrow.com\/de\/contentaccess-version-3-3-sp1-details\/","url":"https:\/\/www.tech-arrow.com\/de\/contentaccess-version-3-3-sp1-details\/","name":"contentACCESS Version 3.3 SP1 \u2013 Details - TECH-ARROW","isPartOf":{"@id":"https:\/\/www.tech-arrow.com\/#website"},"primaryImageOfPage":{"@id":"https:\/\/www.tech-arrow.com\/de\/contentaccess-version-3-3-sp1-details\/#primaryimage"},"image":{"@id":"https:\/\/www.tech-arrow.com\/de\/contentaccess-version-3-3-sp1-details\/#primaryimage"},"thumbnailUrl":"https:\/\/www.tech-arrow.com\/wp-content\/uploads\/2017\/10\/mobile-3.3-sp1.png","datePublished":"2021-10-14T08:35:40+00:00","dateModified":"2024-11-27T14:03:19+00:00","breadcrumb":{"@id":"https:\/\/www.tech-arrow.com\/de\/contentaccess-version-3-3-sp1-details\/#breadcrumb"},"inLanguage":"de","potentialAction":[{"@type":"ReadAction","target":["https:\/\/www.tech-arrow.com\/de\/contentaccess-version-3-3-sp1-details\/"]}]},{"@type":"ImageObject","inLanguage":"de","@id":"https:\/\/www.tech-arrow.com\/de\/contentaccess-version-3-3-sp1-details\/#primaryimage","url":"https:\/\/www.tech-arrow.com\/wp-content\/uploads\/2017\/10\/mobile-3.3-sp1.png","contentUrl":"https:\/\/www.tech-arrow.com\/wp-content\/uploads\/2017\/10\/mobile-3.3-sp1.png"},{"@type":"BreadcrumbList","@id":"https:\/\/www.tech-arrow.com\/de\/contentaccess-version-3-3-sp1-details\/#breadcrumb","itemListElement":[{"@type":"ListItem","position":1,"name":"Home","item":"https:\/\/www.tech-arrow.com\/de\/"},{"@type":"ListItem","position":2,"name":"contentACCESS Version 3.3 SP1 \u2013 Details"}]},{"@type":"WebSite","@id":"https:\/\/www.tech-arrow.com\/#website","url":"https:\/\/www.tech-arrow.com\/","name":"TECH-ARROW","description":"","publisher":{"@id":"https:\/\/www.tech-arrow.com\/#organization"},"potentialAction":[{"@type":"SearchAction","target":{"@type":"EntryPoint","urlTemplate":"https:\/\/www.tech-arrow.com\/?s={search_term_string}"},"query-input":{"@type":"PropertyValueSpecification","valueRequired":true,"valueName":"search_term_string"}}],"inLanguage":"de"},{"@type":"Organization","@id":"https:\/\/www.tech-arrow.com\/#organization","name":"TECH-ARROW, GmbH.","url":"https:\/\/www.tech-arrow.com\/","logo":{"@type":"ImageObject","inLanguage":"de","@id":"https:\/\/www.tech-arrow.com\/#\/schema\/logo\/image\/","url":"https:\/\/www.tech-arrow.com\/wp-content\/uploads\/2017\/04\/techarrow-logo-481x97.png","contentUrl":"https:\/\/www.tech-arrow.com\/wp-content\/uploads\/2017\/04\/techarrow-logo-481x97.png","width":481,"height":97,"caption":"TECH-ARROW, GmbH."},"image":{"@id":"https:\/\/www.tech-arrow.com\/#\/schema\/logo\/image\/"},"sameAs":["https:\/\/www.facebook.com\/thetecharrow\/?fref=ts","https:\/\/www.linkedin.com\/company\/techarrow","https:\/\/www.youtube.com\/user\/thetecharrow"]}]}},"_links":{"self":[{"href":"https:\/\/www.tech-arrow.com\/de\/wp-json\/wp\/v2\/pages\/5512","targetHints":{"allow":["GET"]}}],"collection":[{"href":"https:\/\/www.tech-arrow.com\/de\/wp-json\/wp\/v2\/pages"}],"about":[{"href":"https:\/\/www.tech-arrow.com\/de\/wp-json\/wp\/v2\/types\/page"}],"author":[{"embeddable":true,"href":"https:\/\/www.tech-arrow.com\/de\/wp-json\/wp\/v2\/users\/7"}],"replies":[{"embeddable":true,"href":"https:\/\/www.tech-arrow.com\/de\/wp-json\/wp\/v2\/comments?post=5512"}],"version-history":[{"count":3,"href":"https:\/\/www.tech-arrow.com\/de\/wp-json\/wp\/v2\/pages\/5512\/revisions"}],"predecessor-version":[{"id":13416,"href":"https:\/\/www.tech-arrow.com\/de\/wp-json\/wp\/v2\/pages\/5512\/revisions\/13416"}],"wp:attachment":[{"href":"https:\/\/www.tech-arrow.com\/de\/wp-json\/wp\/v2\/media?parent=5512"}],"curies":[{"name":"wp","href":"https:\/\/api.w.org\/{rel}","templated":true}]}}