{"id":5516,"date":"2021-10-14T10:36:35","date_gmt":"2021-10-14T08:36:35","guid":{"rendered":"https:\/\/www.tech-arrow.com\/?page_id=5516"},"modified":"2024-11-27T15:03:45","modified_gmt":"2024-11-27T14:03:45","slug":"contentaccess-version-3-5-details","status":"publish","type":"page","link":"https:\/\/www.tech-arrow.com\/de\/contentaccess-version-3-5-details\/","title":{"rendered":"contentACCESS Version 3.5 \u2013 details"},"content":{"rendered":"<p>Eine Liste aller Versionshinweise k\u00f6nnen Sie <a href=\"https:\/\/www.tech-arrow.com\/de\/contentaccess-anmerkungen-zu-dieser-version\/\" rel=\"noopener\">hier<\/a> finden.<br \/>\nDie folgende Liste bietet Ihnen eine \u00dcbersicht \u00fcber die neuesten Verbesserungen die Ihnen von contentACCESS 3.5 geboten werden:<\/p>\n<div style=\"border: 1px solid #dddddd; background-color: white; width: 94%; padding: 3%; margin-bottom: 20px;\">\n<h3 style=\"color: red; padding-top: 0px;\">Email archive<\/h3>\n<p><strong>\u2713 MailApp:<\/strong> Die Archivierungs- \/ Wiederherstellungsoptionen in der App sind jetzt rollenbasiert. Der Administrator kann diese Funktionen auf Benutzerebene verfeinern, indem er Benutzern die passende Rolle zuweist.<br \/>\nDie neue Mail-App erm\u00f6glicht das Durchsuchen zug\u00e4nglicher Postf\u00e4cher. Die App bietet dieselbe umfassende Suchfunktion und verwendet dieselbe Suchsyntax wie andere contentACCESS-Anwendungen.<\/p>\n<p>Die Mail-App ist jetzt auch im Erstellungsmodus aktiviert und erm\u00f6glicht das Teilen von E-Mails und Anh\u00e4ngen als direkte Datei oder nur als Link. Sie erlaubt auch, das gesamte Suchergebnis als Link zu teilen.<\/p>\n<p><img decoding=\"async\" src=\"https:\/\/www.tech-arrow.com\/wp-content\/uploads\/2018\/04\/MailAppSearch01.png\" alt=\"\" width=\"100%\" \/><\/p>\n<p><strong>\u2713<\/strong> <strong>Fortgeschrittenes Journaling:<\/strong> Die Journalarchivierung wurde in contentACCESS erweitert um das Aufteilen von E-Mails in Postf\u00e4cher (Posteingang, gesendete Elemente) zu erm\u00f6glichen, sodass die Benutzer personalisierte Ansichten \u00fcber ihre E-Mails erhalten. Standardm\u00e4\u00dfig sehen Benutzer alle gesendeten E-Mails im Ordner &#8222;Gesendete Objekte&#8220; und alle empfangenen E-Mails im Ordner &#8222;Posteingang&#8220;. Sie erhalten des Weiteren Unterst\u00fctzung f\u00fcr alle Funktionen wie Suchen, Exportieren usw. Dieselbe Journalverarbeitung wird f\u00fcr E-Mails unterst\u00fctzt, die \u00fcber den contentACCESS SMTP-Server oder die migrierten E-Mails empfangen werden.<\/p>\n<p>Der Postfacharchivierungsjob wurde mit neuen Optionen erweitert, die umfangreiche Archivierungsm\u00f6glichkeiten auf der Grundlage von Journaldaten erm\u00f6glichen. Mit dieser Option k\u00f6nnen Sie eine Ordnerstruktur und Verkn\u00fcpfungen in Benutzerpostf\u00e4chern f\u00fcr die Daten erstellen, die bereits vom Journaljob archiviert wurden.<\/p>\n<p><img decoding=\"async\" src=\"https:\/\/www.tech-arrow.com\/wp-content\/uploads\/2018\/04\/journal01.png\" alt=\"\" width=\"100%\" \/><\/p>\n<p><img decoding=\"async\" src=\"https:\/\/www.tech-arrow.com\/wp-content\/uploads\/2018\/04\/journal02.png\" alt=\"\" width=\"100%\" \/><\/p>\n<p><strong>\u2713 Aktualisierte HTML-Verkn\u00fcpfung Vorlage:<\/strong> Die HTML-Verkn\u00fcpfung Vorlage bietet nun aktualisierte Farben.<\/p>\n<p><strong>\u2713<\/strong> <strong>Verschieben unbekannter Verkn\u00fcpfungen:<\/strong> Der Shortcut-Sync Job wurde mit einer Option erweitert um unbekannte contentACCESS Verkn\u00fcpfungen, die in Archiven fehlen in einen separaten Ordner zu verschieben. Dieser Ordner kann von der Archivierung ausgeschlossen werden.<\/p>\n<p><img decoding=\"async\" src=\"https:\/\/www.tech-arrow.com\/wp-content\/uploads\/2018\/04\/unknownShortcuts01.png\" alt=\"\" width=\"100%\" \/><\/p>\n<p><strong>\u2713<\/strong> <strong>Fehlende E-Mails als Inaktiv markieren:<\/strong> Der Shortcut-Sync Job ist nun dazu in der Lage fehlende E-Mails im Archiv als Fehlend zu markieren. Dies erm\u00f6glicht Benutzern das Suchen und Identifizieren fehlender E-Mails in contentWEB. Diese Funktion ist optional und kann jederzeit aktiviert und\/oder deaktiviert werden.<\/p>\n<p><a href=\"https:\/\/www.tech-arrow.com\/wp-content\/uploads\/2018\/04\/MarkAsInactive01.png\" target=\"blank\" rel=\"noopener\"><img loading=\"lazy\" decoding=\"async\" class=\"alignnone size-full wp-image-3323\" src=\"https:\/\/www.tech-arrow.com\/wp-content\/uploads\/2018\/04\/MarkAsInactive01.png\" alt=\"\" width=\"1919\" height=\"352\" \/><\/a><\/p>\n<\/div>\n<div style=\"border: 1px solid #dddddd; background-color: white; width: 94%; padding: 3%; margin-bottom: 20px;\">\n<h3 style=\"color: red; padding-top: 0px;\">DSGVO:<\/h3>\n<p><strong>\u2713 Die neuen DSGVO-Funktionen von contentACCESS<\/strong> werden Unternehmen dabei helfen, die Einhaltung der DSGVO auf einfache, jedoch gro\u00dfartige Weise zu erreichen. contentACCESS erm\u00f6glicht es Unternehmen alle relevanten Daten-Repositorien in Volltext zu indexieren und die Volltextsuche \u00fcber Unternehmensdaten hinweg zusammenzuf\u00fchren. Auf diese Weise k\u00f6nnen Sie Daten in Ihrer Organisation sehr einfach verwalten. Das Finden relevanter Informationen in allen intern genutzten Systemen wird somit zu einer trivialen Angelegenheit. Mit den Endbenutzer-Tools contentWEB, officeGATE und contentACCESS Mobile k\u00f6nnen Sie alle Unternehmensdaten jederzeit und \u00fcberall durchsuchen. Die neue Funktion der DSGVO in Verbindung mit dem contentACCESS-Archiv bietet eine Antwort auf viele Herausforderungen, denen sich Unternehmen gegen\u00fcbersehen m\u00fcssen, wenn die DSGVO am 25. Mai 2018 vollstreckbar wird.<\/p>\n<p><img decoding=\"async\" src=\"https:\/\/www.tech-arrow.com\/wp-content\/uploads\/2018\/04\/gdpr01.png\" alt=\"\" width=\"100%\" \/><\/p>\n<\/div>\n<div style=\"border: 1px solid #ddd; background-color: white; width: 94%; padding: 3%; margin-bottom: 20px;\">\n<h3 style=\"color: red; padding-top: 0px;\">Client Anwendungen:<\/h3>\n<h3 style=\"color: #1e6ea6; padding-top: 0px;\">contentWEB:<\/h3>\n<p><strong>\u2713 Export:<\/strong> Das Exportmanifestformat wurde \u00fcberarbeitet und enth\u00e4lt nun die Navigation zwischen der Zusammenfassungsseite und den Detailseiten.<\/p>\n<p>Der Exportjob wurde ebenfalls verbessert, um neue Exportaufgaben abrufen zu k\u00f6nnen, w\u00e4hrend ein Export ausgef\u00fchrt wird. Die Anzahl der parallelen Exporte wird durch die Thread-Anzahl-Einstellungen des Task-Jobs festgelegt.<\/p>\n<p><img decoding=\"async\" src=\"https:\/\/www.tech-arrow.com\/wp-content\/uploads\/2018\/04\/export01.png\" alt=\"\" width=\"100%\" \/><\/p>\n<p>\u2713 <strong>Erweiterte Suche:<\/strong> Die Entit\u00e4tsauswahl wurde neugestaltet um das Filtern, Sortieren und Gruppieren zu erm\u00f6glichen. Die Liste der ausgew\u00e4hlten Objekte wird auch auf der Suchergebnisliste angezeigt.<\/p>\n<p><img decoding=\"async\" src=\"https:\/\/www.tech-arrow.com\/wp-content\/uploads\/2018\/04\/advSearch01.png\" alt=\"\" width=\"100%\" \/><\/p>\n<\/div>\n<div style=\"border: 1px solid #dddddd; background-color: white; width: 94%; padding: 3%; margin-bottom: 20px;\">\n<h3 style=\"color: red; padding-top: 0px;\">Update von \u00e4lteren Versionen<\/h3>\n<p><strong>\u2713 \u00c4nderungen brechen:<\/strong> Der SMTP-Server verwendet eine neuere Version seiner internen Datenbank, die die automatische Konvertierung nicht unterst\u00fctzt. Die \u00e4lteren SMTP-Server-Datenbanken m\u00fcssen manuell konvertiert werden. Bitte wenden Sie sich an den <a href=\"https:\/\/www.tech-arrow.com\/kontakt\/\" target=\"_blank\" rel=\"noopener\">TECH-ARROW-Support<\/a>, um Hilfe zu erhalten.<\/p>\n<p><strong>\u2713 Aktualisierungspfad:<\/strong> Updates sind nun ab contentACCESS Version 3.1 und h\u00f6her unterst\u00fctzt. \u00c4ltere Versionen m\u00fcssen auf contentACCESS 3.1 und anschlie\u00dfend von Version 3.1 auf Version 3.4 aktualisiert werden.<\/p>\n<p>Wenn das Update von einer fr\u00fcheren Version als 3.3 durchgef\u00fchrt wird, m\u00fcssen einige neue Funktionen nach dem Update manuell konfiguriert werden.<\/p>\n<p>Eine dieser Funktionen ist der Task Runner der einen Ressourcenspeicher ben\u00f6tigt, in dem die Exportdateien gespeichert werden. Dieser Speicher muss in System -&gt; System -&gt; Ressourcenspeichereinstellungen konfiguriert werden. Auf diesen Store m\u00fcssen alle contentACCESS-Nodes innerhalb eines Clusters zugreifen k\u00f6nnen. Daher wird dringend empfohlen, eine Netzwerkfreigabe zu verwenden.<\/p>\n<p><strong>\u2713 Wichtige Hinweise:<\/strong> Aufgrund einiger interner \u00c4nderungen im E-Mail-Archiv-Verkn\u00fcpfungsformat m\u00fcssen die Outlook-Formulare auf die neueste Version aktualisiert werden damit korrekte Funktionalit\u00e4t erhalten bleibt.<\/p>\n<\/div>\n<div style=\"border: 1px solid #dddddd; background-color: white; width: 94%; padding: 3%; margin-bottom: 20px;\">\n<h3 style=\"color: red; padding-top: 0px;\">Dokumentation<\/h3>\n<p style=\"text-align: left;\"><strong>\u2713 Dokumentation<\/strong> \u2013 Bitte beachten Sie die aktualisierte Dokumentation und die aktualisierten Handb\u00fccher.<\/p>\n<p><a title=\"contentAccess Manual\" href=\"https:\/\/documentation.tech-arrow.com\/contentaccess-manuals\/\" target=\"_blank\" rel=\"noopener\"><img loading=\"lazy\" decoding=\"async\" src=\"https:\/\/www.tech-arrow.com\/wp-content\/uploads\/2016\/02\/3.png\" alt=\"3\" width=\"20\" height=\"20\" \/><\/a> <a title=\"contentAccess Manual\" href=\"https:\/\/documentation.tech-arrow.com\/contentaccess-manuals\/\" target=\"_blank\" rel=\"noopener\">contentACCESS Manual<\/a><\/p>\n<p><a title=\"contentWEB Manual\" href=\"https:\/\/www.tech-arrow.com\/documentation\/contentweb\/\" target=\"_blank\" rel=\"noopener\"><img loading=\"lazy\" decoding=\"async\" src=\"https:\/\/www.tech-arrow.com\/wp-content\/uploads\/2016\/02\/3.png\" alt=\"3\" width=\"20\" height=\"20\" \/><\/a> <a title=\"contentWEB Manual\" href=\"https:\/\/www.tech-arrow.com\/documentation\/contentweb\/\" target=\"_blank\" rel=\"noopener\">contentWEB Manual<\/a><\/p>\n<p><a href=\"https:\/\/www.tech-arrow.com\/documentation\/officegate\/\"><img loading=\"lazy\" decoding=\"async\" src=\"https:\/\/www.tech-arrow.com\/wp-content\/uploads\/2016\/02\/3.png\" alt=\"3\" width=\"20\" height=\"20\" \/><\/a> <a href=\"https:\/\/www.tech-arrow.com\/documentation\/officegate\/\" target=\"_blank\" rel=\"noopener\">officeGATE manual<\/a><\/p>\n<p><a href=\"https:\/\/www.tech-arrow.com\/documentation\/tech-arrows-winshortcutter\/\"><img loading=\"lazy\" decoding=\"async\" src=\"https:\/\/www.tech-arrow.com\/wp-content\/uploads\/2016\/02\/3.png\" alt=\"3\" width=\"20\" height=\"20\" \/><\/a> <a href=\"https:\/\/www.tech-arrow.com\/documentation\/tech-arrows-winshortcutter\/\" target=\"_blank\" rel=\"noopener\">TECH-ARROW\u2019s WinShortcutter user manual<\/a><\/p>\n<\/div>\n","protected":false},"excerpt":{"rendered":"<p>Eine Liste aller Versionshinweise k\u00f6nnen Sie hier finden. Die folgende Liste bietet Ihnen eine \u00dcbersicht \u00fcber die neuesten Verbesserungen die Ihnen von contentACCESS 3.5 geboten werden: Email archive \u2713 MailApp: Die Archivierungs- \/ Wiederherstellungsoptionen in der App sind jetzt rollenbasiert. Der Administrator kann diese Funktionen auf Benutzerebene verfeinern, indem er Benutzern die passende Rolle zuweist. [&hellip;]<\/p>\n","protected":false},"author":7,"featured_media":0,"parent":0,"menu_order":0,"comment_status":"closed","ping_status":"closed","template":"","meta":{"_acf_changed":false,"inline_featured_image":false,"footnotes":""},"class_list":["post-5516","page","type-page","status-publish","hentry"],"acf":[],"yoast_head":"<!-- This site is optimized with the Yoast SEO plugin v27.0 - https:\/\/yoast.com\/product\/yoast-seo-wordpress\/ -->\n<title>contentACCESS Version 3.5 \u2013 details - TECH-ARROW<\/title>\n<meta name=\"robots\" content=\"index, follow, max-snippet:-1, max-image-preview:large, max-video-preview:-1\" \/>\n<link rel=\"canonical\" href=\"https:\/\/www.tech-arrow.com\/de\/contentaccess-version-3-5-details\/\" \/>\n<meta property=\"og:locale\" content=\"de_DE\" \/>\n<meta property=\"og:type\" content=\"article\" \/>\n<meta property=\"og:title\" content=\"contentACCESS Version 3.5 \u2013 details - TECH-ARROW\" \/>\n<meta property=\"og:description\" content=\"Eine Liste aller Versionshinweise k\u00f6nnen Sie hier finden. Die folgende Liste bietet Ihnen eine \u00dcbersicht \u00fcber die neuesten Verbesserungen die Ihnen von contentACCESS 3.5 geboten werden: Email archive \u2713 MailApp: Die Archivierungs- \/ Wiederherstellungsoptionen in der App sind jetzt rollenbasiert. Der Administrator kann diese Funktionen auf Benutzerebene verfeinern, indem er Benutzern die passende Rolle zuweist. [&hellip;]\" \/>\n<meta property=\"og:url\" content=\"https:\/\/www.tech-arrow.com\/de\/contentaccess-version-3-5-details\/\" \/>\n<meta property=\"og:site_name\" content=\"TECH-ARROW\" \/>\n<meta property=\"article:publisher\" content=\"https:\/\/www.facebook.com\/thetecharrow\/?fref=ts\" \/>\n<meta property=\"article:modified_time\" content=\"2024-11-27T14:03:45+00:00\" \/>\n<meta property=\"og:image\" content=\"https:\/\/www.tech-arrow.com\/wp-content\/uploads\/2018\/04\/MailAppSearch01.png\" \/>\n<meta name=\"twitter:card\" content=\"summary_large_image\" \/>\n<script type=\"application\/ld+json\" class=\"yoast-schema-graph\">{\"@context\":\"https:\/\/schema.org\",\"@graph\":[{\"@type\":\"WebPage\",\"@id\":\"https:\/\/www.tech-arrow.com\/de\/contentaccess-version-3-5-details\/\",\"url\":\"https:\/\/www.tech-arrow.com\/de\/contentaccess-version-3-5-details\/\",\"name\":\"contentACCESS Version 3.5 \u2013 details - TECH-ARROW\",\"isPartOf\":{\"@id\":\"https:\/\/www.tech-arrow.com\/#website\"},\"primaryImageOfPage\":{\"@id\":\"https:\/\/www.tech-arrow.com\/de\/contentaccess-version-3-5-details\/#primaryimage\"},\"image\":{\"@id\":\"https:\/\/www.tech-arrow.com\/de\/contentaccess-version-3-5-details\/#primaryimage\"},\"thumbnailUrl\":\"https:\/\/www.tech-arrow.com\/wp-content\/uploads\/2018\/04\/MailAppSearch01.png\",\"datePublished\":\"2021-10-14T08:36:35+00:00\",\"dateModified\":\"2024-11-27T14:03:45+00:00\",\"breadcrumb\":{\"@id\":\"https:\/\/www.tech-arrow.com\/de\/contentaccess-version-3-5-details\/#breadcrumb\"},\"inLanguage\":\"de\",\"potentialAction\":[{\"@type\":\"ReadAction\",\"target\":[\"https:\/\/www.tech-arrow.com\/de\/contentaccess-version-3-5-details\/\"]}]},{\"@type\":\"ImageObject\",\"inLanguage\":\"de\",\"@id\":\"https:\/\/www.tech-arrow.com\/de\/contentaccess-version-3-5-details\/#primaryimage\",\"url\":\"https:\/\/www.tech-arrow.com\/wp-content\/uploads\/2018\/04\/MailAppSearch01.png\",\"contentUrl\":\"https:\/\/www.tech-arrow.com\/wp-content\/uploads\/2018\/04\/MailAppSearch01.png\"},{\"@type\":\"BreadcrumbList\",\"@id\":\"https:\/\/www.tech-arrow.com\/de\/contentaccess-version-3-5-details\/#breadcrumb\",\"itemListElement\":[{\"@type\":\"ListItem\",\"position\":1,\"name\":\"Home\",\"item\":\"https:\/\/www.tech-arrow.com\/de\/\"},{\"@type\":\"ListItem\",\"position\":2,\"name\":\"contentACCESS Version 3.5 \u2013 details\"}]},{\"@type\":\"WebSite\",\"@id\":\"https:\/\/www.tech-arrow.com\/#website\",\"url\":\"https:\/\/www.tech-arrow.com\/\",\"name\":\"TECH-ARROW\",\"description\":\"\",\"publisher\":{\"@id\":\"https:\/\/www.tech-arrow.com\/#organization\"},\"potentialAction\":[{\"@type\":\"SearchAction\",\"target\":{\"@type\":\"EntryPoint\",\"urlTemplate\":\"https:\/\/www.tech-arrow.com\/?s={search_term_string}\"},\"query-input\":{\"@type\":\"PropertyValueSpecification\",\"valueRequired\":true,\"valueName\":\"search_term_string\"}}],\"inLanguage\":\"de\"},{\"@type\":\"Organization\",\"@id\":\"https:\/\/www.tech-arrow.com\/#organization\",\"name\":\"TECH-ARROW, GmbH.\",\"url\":\"https:\/\/www.tech-arrow.com\/\",\"logo\":{\"@type\":\"ImageObject\",\"inLanguage\":\"de\",\"@id\":\"https:\/\/www.tech-arrow.com\/#\/schema\/logo\/image\/\",\"url\":\"https:\/\/www.tech-arrow.com\/wp-content\/uploads\/2017\/04\/techarrow-logo-481x97.png\",\"contentUrl\":\"https:\/\/www.tech-arrow.com\/wp-content\/uploads\/2017\/04\/techarrow-logo-481x97.png\",\"width\":481,\"height\":97,\"caption\":\"TECH-ARROW, GmbH.\"},\"image\":{\"@id\":\"https:\/\/www.tech-arrow.com\/#\/schema\/logo\/image\/\"},\"sameAs\":[\"https:\/\/www.facebook.com\/thetecharrow\/?fref=ts\",\"https:\/\/www.linkedin.com\/company\/techarrow\",\"https:\/\/www.youtube.com\/user\/thetecharrow\"]}]}<\/script>\n<!-- \/ Yoast SEO plugin. -->","yoast_head_json":{"title":"contentACCESS Version 3.5 \u2013 details - TECH-ARROW","robots":{"index":"index","follow":"follow","max-snippet":"max-snippet:-1","max-image-preview":"max-image-preview:large","max-video-preview":"max-video-preview:-1"},"canonical":"https:\/\/www.tech-arrow.com\/de\/contentaccess-version-3-5-details\/","og_locale":"de_DE","og_type":"article","og_title":"contentACCESS Version 3.5 \u2013 details - TECH-ARROW","og_description":"Eine Liste aller Versionshinweise k\u00f6nnen Sie hier finden. Die folgende Liste bietet Ihnen eine \u00dcbersicht \u00fcber die neuesten Verbesserungen die Ihnen von contentACCESS 3.5 geboten werden: Email archive \u2713 MailApp: Die Archivierungs- \/ Wiederherstellungsoptionen in der App sind jetzt rollenbasiert. Der Administrator kann diese Funktionen auf Benutzerebene verfeinern, indem er Benutzern die passende Rolle zuweist. [&hellip;]","og_url":"https:\/\/www.tech-arrow.com\/de\/contentaccess-version-3-5-details\/","og_site_name":"TECH-ARROW","article_publisher":"https:\/\/www.facebook.com\/thetecharrow\/?fref=ts","article_modified_time":"2024-11-27T14:03:45+00:00","og_image":[{"url":"https:\/\/www.tech-arrow.com\/wp-content\/uploads\/2018\/04\/MailAppSearch01.png","type":"","width":"","height":""}],"twitter_card":"summary_large_image","schema":{"@context":"https:\/\/schema.org","@graph":[{"@type":"WebPage","@id":"https:\/\/www.tech-arrow.com\/de\/contentaccess-version-3-5-details\/","url":"https:\/\/www.tech-arrow.com\/de\/contentaccess-version-3-5-details\/","name":"contentACCESS Version 3.5 \u2013 details - TECH-ARROW","isPartOf":{"@id":"https:\/\/www.tech-arrow.com\/#website"},"primaryImageOfPage":{"@id":"https:\/\/www.tech-arrow.com\/de\/contentaccess-version-3-5-details\/#primaryimage"},"image":{"@id":"https:\/\/www.tech-arrow.com\/de\/contentaccess-version-3-5-details\/#primaryimage"},"thumbnailUrl":"https:\/\/www.tech-arrow.com\/wp-content\/uploads\/2018\/04\/MailAppSearch01.png","datePublished":"2021-10-14T08:36:35+00:00","dateModified":"2024-11-27T14:03:45+00:00","breadcrumb":{"@id":"https:\/\/www.tech-arrow.com\/de\/contentaccess-version-3-5-details\/#breadcrumb"},"inLanguage":"de","potentialAction":[{"@type":"ReadAction","target":["https:\/\/www.tech-arrow.com\/de\/contentaccess-version-3-5-details\/"]}]},{"@type":"ImageObject","inLanguage":"de","@id":"https:\/\/www.tech-arrow.com\/de\/contentaccess-version-3-5-details\/#primaryimage","url":"https:\/\/www.tech-arrow.com\/wp-content\/uploads\/2018\/04\/MailAppSearch01.png","contentUrl":"https:\/\/www.tech-arrow.com\/wp-content\/uploads\/2018\/04\/MailAppSearch01.png"},{"@type":"BreadcrumbList","@id":"https:\/\/www.tech-arrow.com\/de\/contentaccess-version-3-5-details\/#breadcrumb","itemListElement":[{"@type":"ListItem","position":1,"name":"Home","item":"https:\/\/www.tech-arrow.com\/de\/"},{"@type":"ListItem","position":2,"name":"contentACCESS Version 3.5 \u2013 details"}]},{"@type":"WebSite","@id":"https:\/\/www.tech-arrow.com\/#website","url":"https:\/\/www.tech-arrow.com\/","name":"TECH-ARROW","description":"","publisher":{"@id":"https:\/\/www.tech-arrow.com\/#organization"},"potentialAction":[{"@type":"SearchAction","target":{"@type":"EntryPoint","urlTemplate":"https:\/\/www.tech-arrow.com\/?s={search_term_string}"},"query-input":{"@type":"PropertyValueSpecification","valueRequired":true,"valueName":"search_term_string"}}],"inLanguage":"de"},{"@type":"Organization","@id":"https:\/\/www.tech-arrow.com\/#organization","name":"TECH-ARROW, GmbH.","url":"https:\/\/www.tech-arrow.com\/","logo":{"@type":"ImageObject","inLanguage":"de","@id":"https:\/\/www.tech-arrow.com\/#\/schema\/logo\/image\/","url":"https:\/\/www.tech-arrow.com\/wp-content\/uploads\/2017\/04\/techarrow-logo-481x97.png","contentUrl":"https:\/\/www.tech-arrow.com\/wp-content\/uploads\/2017\/04\/techarrow-logo-481x97.png","width":481,"height":97,"caption":"TECH-ARROW, GmbH."},"image":{"@id":"https:\/\/www.tech-arrow.com\/#\/schema\/logo\/image\/"},"sameAs":["https:\/\/www.facebook.com\/thetecharrow\/?fref=ts","https:\/\/www.linkedin.com\/company\/techarrow","https:\/\/www.youtube.com\/user\/thetecharrow"]}]}},"_links":{"self":[{"href":"https:\/\/www.tech-arrow.com\/de\/wp-json\/wp\/v2\/pages\/5516","targetHints":{"allow":["GET"]}}],"collection":[{"href":"https:\/\/www.tech-arrow.com\/de\/wp-json\/wp\/v2\/pages"}],"about":[{"href":"https:\/\/www.tech-arrow.com\/de\/wp-json\/wp\/v2\/types\/page"}],"author":[{"embeddable":true,"href":"https:\/\/www.tech-arrow.com\/de\/wp-json\/wp\/v2\/users\/7"}],"replies":[{"embeddable":true,"href":"https:\/\/www.tech-arrow.com\/de\/wp-json\/wp\/v2\/comments?post=5516"}],"version-history":[{"count":3,"href":"https:\/\/www.tech-arrow.com\/de\/wp-json\/wp\/v2\/pages\/5516\/revisions"}],"predecessor-version":[{"id":13419,"href":"https:\/\/www.tech-arrow.com\/de\/wp-json\/wp\/v2\/pages\/5516\/revisions\/13419"}],"wp:attachment":[{"href":"https:\/\/www.tech-arrow.com\/de\/wp-json\/wp\/v2\/media?parent=5516"}],"curies":[{"name":"wp","href":"https:\/\/api.w.org\/{rel}","templated":true}]}}