{"id":5518,"date":"2021-10-14T10:37:07","date_gmt":"2021-10-14T08:37:07","guid":{"rendered":"https:\/\/www.tech-arrow.com\/?page_id=5518"},"modified":"2024-11-27T15:04:18","modified_gmt":"2024-11-27T14:04:18","slug":"contentaccess-version-3-6-details","status":"publish","type":"page","link":"https:\/\/www.tech-arrow.com\/de\/contentaccess-version-3-6-details\/","title":{"rendered":"contentACCESS Version 3.6 \u2013 Details"},"content":{"rendered":"<p>Eine Liste aller Versionshinweise k\u00f6nnen Sie <a href=\"https:\/\/www.tech-arrow.com\/de\/contentaccess-anmerkungen-zu-dieser-version\/\" rel=\"noopener\">hier<\/a> finden.<br \/>\nDie folgende Liste bietet Ihnen eine \u00dcbersicht \u00fcber die neuesten Verbesserungen die Ihnen von contentACCESS 3.6 geboten werden:<\/p>\n<div style=\"border: 1px solid #ddd; background-color: white; width: 94%; padding: 3%; margin-bottom: 20px;\">\n<h3 style=\"color: red; padding-top: 0px;\">Funktionen<\/h3>\n<p style=\"text-align: justify;\"><strong>\u2713 \u00dcbersetzung:<\/strong> Um unsere Kunden noch n\u00e4her zu kommen haben wir all unseren Client Anwendungen arabische und slowakische \u00dcbersetzungen hinzugef\u00fcgt!<\/p>\n<p style=\"text-align: justify;\"><strong>\u2713<\/strong> <strong>Framework:<\/strong> Die JAVA Bestandteile werden nun automatisch vom Installationspaket installiert. Dies macht die Installation nun noch einfacher und schneller. Sollte der Computer\/Server bereits eine neuere Java Version als die im Setuppaket enthaltene enthalten, <b>dann wird die lokal installiert Version nicht ver\u00e4ndert<\/b>.<\/p>\n<\/div>\n<div style=\"border: 1px solid #ddd; background-color: white; width: 94%; padding: 3%; margin-bottom: 20px;\">\n<h3 style=\"color: red; padding-top: 0px;\">Client Anwendungen:<\/h3>\n<h3 style=\"color: #1e6ea6; padding-top: 0px;\">contentWEB:<\/h3>\n<p style=\"text-align: justify;\">\u2713 <strong>Suche mit regul\u00e4ren Ausdr\u00fccken<\/strong> \u2013 Es ist nun m\u00f6glich Suchmuster mit regul\u00e4ren Ausdr\u00fccken zu definieren. Regul\u00e4re Ausdr\u00fccke k\u00f6nnen f\u00fcr Eigenschaftsabfragen, aber auch f\u00fcr Freitextabfragen verwendet werden. Dies macht das Suchen und Finden bestimmter Objekte\/Dokumente nun noch einfacher.<\/p>\n<p style=\"text-align: justify;\">\u2713 <strong>Logische AND und OR Suche<\/strong> \u2013 Verwendung von AND und OR Operatoren zum Festlegen und\/oder Einschr\u00e4nken der Suchergebnisse.<\/p>\n<p><img decoding=\"async\" src=\"https:\/\/www.tech-arrow.com\/wp-content\/uploads\/2018\/06\/Release36_01.png\" alt=\"\" width=\"100%\" \/><\/p>\n<p style=\"text-align: justify;\">\u2713 <strong>Erzeugung eines Berichtes (Export ohne Dateien) <\/strong> \u2013 Erstellung einer XLS Datei mit einer Zusammenfassung der gew\u00e4hlten Objekte mit Links zu den Objekten im Archiv. Erm\u00f6glicht die Verwendung der Suchen und Sortieren Funktionen in Excel. Download des Berichtes aus der Task Liste oder Task Seite ohne die Verwendung der Export-Funktion.<\/p>\n<p><center><img decoding=\"async\" src=\"https:\/\/www.tech-arrow.com\/wp-content\/uploads\/2018\/06\/Release36_02.png\" alt=\"\" width=\"100%\" \/><\/center><img decoding=\"async\" src=\"https:\/\/www.tech-arrow.com\/wp-content\/uploads\/2018\/06\/Release36_03.png\" alt=\"\" width=\"100%\" \/><\/p>\n<p style=\"text-align: justify;\">\u2713 <strong>Periodische Ausf\u00fchrung von Suchen<\/strong> \u2013 Wir haben diese Funktion eingebunden um Ihnen zu Helfen Daten-Leaks fr\u00fchzeitig zu erkennen und somit DSGV-Konform zu bleiben. Dank dieser Funktion m\u00fcssen Benutzer nun nicht mehr manuell suchen ob eine Person mit sensiblen Daten gearbeitet hat \u2013 stattdessen kann eine periodische Suche konfiguriert werden, die alle erforderlichen Aktionen zu festgelegten Zeiten ausgef\u00fchrt und Berichte an vorher festgelegte E-Mail-Adressen versendet. Periodisch durchgef\u00fchrte Suchen k\u00f6nnen bereits angezeigt und\/oder ge\u00e4ndert werden.<\/p>\n<p><center><img decoding=\"async\" src=\"https:\/\/www.tech-arrow.com\/wp-content\/uploads\/2018\/06\/Release36_04.png\" alt=\"\" width=\"100%\" \/><\/center><img decoding=\"async\" src=\"https:\/\/www.tech-arrow.com\/wp-content\/uploads\/2018\/06\/Release36_05.png\" alt=\"\" width=\"100%\" \/><\/p>\n<h3 style=\"color: #1e6ea6; padding-top: 0px;\">contentACCESS Mobile:<\/h3>\n<p style=\"text-align: justify;\"><strong>\u2713 Neu gestaltete Erweiterte Suche:<\/strong> Verbesserter Look, Hints und Feature der Erweiterten Suche. Sie k\u00f6nnen jetzt einfach komplexe Komplexit\u00e4tsfilterung, Zielauswahl erstellen, um Ihre notwendigen Dokumente, E-Mails und andere Daten, die von contentACCESS verwaltet werden, direkt aus der mobilen Anwendung zu finden. Die Suchergebnisse und der Verlauf enthalten nun auch die Anzahl der gefundenen Objekte.<\/p>\n<p><center><img decoding=\"async\" src=\"https:\/\/www.tech-arrow.com\/wp-content\/uploads\/2018\/06\/Release36_13.png\" alt=\"\" width=\"40%\" \/><\/center><\/p>\n<p style=\"text-align: justify;\">\u2713 <strong>Weiterleiten\/Antworten auf Nachrichten direkt aus dem Archiv:<\/strong> Nun m\u00fcssen keine weiteren Apps zum Weiterleiten\/Antworten auf archivierte Nachrichten ge\u00f6ffnet werden \u2013 all dies k\u00f6nnen Sie nun direkt in contentACCESS Mobile vornehmen!<\/p>\n<p><center><img decoding=\"async\" src=\"https:\/\/www.tech-arrow.com\/wp-content\/uploads\/2018\/06\/Release36_14.png\" alt=\"\" width=\"40%\" \/><\/center><\/p>\n<p style=\"text-align: justify;\">\u2713 <strong>Besserer Look &amp; Feel:<\/strong> Unified Header Look f\u00fcr alle Seiten und <strong>Ansicht von Objekteinstellungen<\/strong> nun auf alle Seiten (anstatt nur der Browse Seite) angewendet.<\/p>\n<p style=\"text-align: justify;\">\u2713 <strong>Datei-Typ spezifische Symbole:<\/strong> Wir haben die Verwendung der contentACCESS Mobile Anwendung nun noch einfacher gemacht \u2013 Prim\u00e4re Symbole entsprechen nun dem Datei-Typ.<\/p>\n<p><center><img decoding=\"async\" src=\"https:\/\/www.tech-arrow.com\/wp-content\/uploads\/2018\/06\/Release36_15.png\" alt=\"\" width=\"40%\" \/><\/center><\/p>\n<p style=\"text-align: justify;\">\u2713 <strong>Inline Anh\u00e4nge:<\/strong> Um die Verwendung weniger verwirrend zu machen werden Inline Anh\u00e4nge nun standardm\u00e4\u00dfig nicht in der Liste der Anh\u00e4nge angezeigt. Zum \u00d6ffnen eines Inline Anhangs muss nun direkt im E-Mail Text auf den Anhang geklickt werden.<\/p>\n<p>&nbsp;<\/p>\n<h3 style=\"color: #1e6ea6; padding-top: 0px;\">contentACCESS Document Share:<\/h3>\n<p style=\"text-align: justify;\">\u2713 <strong>Teilen f\u00fcr spezifische Personen:<\/strong> Der Benutzer kann nun zwischen dem Teilen von Dokumente mit Empf\u00e4ngern der E-Mail und dem Teilen mit jeder Person mit Zugriff auf den Link (z.B., wenn eine E-Mail weitergeleitet wird) w\u00e4hlen. Im Falle einer sicheren Freigabe haben Sie auch eine vollst\u00e4ndige \u00dcberpr\u00fcfung und einen umfassenden \u00dcberblick \u00fcber die Downloads &#8211; Sie werden sehen, wer wann welchen Artikel von welchem Ger\u00e4t heruntergeladen hat. Die gleichen Informationen sind auch in contentWEB sichtbar.<\/p>\n<p>Das Teilen ist jetzt eng mit der contentACCESS-Einladung verbunden &#8211; jeder Benutzer ohne contentACCESS-Konto erh\u00e4lt direkt eine Einladung, wenn eine freigegebene Datei an ihn gesendet wird.<\/p>\n<p><img decoding=\"async\" src=\"https:\/\/www.tech-arrow.com\/wp-content\/uploads\/2018\/06\/Release36_16_01.png\" alt=\"\" width=\"100%\" \/><\/p>\n<p style=\"text-align: justify;\">\u2713 <strong>Besserer Look &amp; Feel:<\/strong> \u2013 Verbessertes Design und Funktionen f\u00fcr ein besseres Sharing-Erlebnis.<\/p>\n<\/div>\n<div style=\"border: 1px solid #dddddd; background-color: white; width: 94%; padding: 3%; margin-bottom: 20px;\">\n<h3 style=\"color: red; padding-top: 0px;\">Mail app<\/h3>\n<p style=\"text-align: justify;\"><strong>\u2713 Original aus der Suche \u00f6ffnen:<\/strong> Die Suche in MailApp ist nun um eine neue M\u00f6glichkeit bereichert \u2013 Nun kann die urspr\u00fcngliche E-Mail direkt aus der Liste der Suchergebnisse ge\u00f6ffnet werden. Dadurch kann der Benutzer eine E-Mail Beantworten\/Weiterleiten, die sich bereits im Archiv befindet. Die neue MailApp unterst\u00fctzt jetzt Outlook auf Mobilger\u00e4ten, sodass Sie auch dann auf Ihr Archiv zugreifen k\u00f6nnen, wenn Sie weit von Ihrem Computer entfernt sind.<\/p>\n<p><center><img decoding=\"async\" src=\"https:\/\/www.tech-arrow.com\/wp-content\/uploads\/2018\/06\/Release36_07.png\" alt=\"\" width=\"80%\" \/><\/center><\/p>\n<p style=\"text-align: justify;\"><strong>\u2713<\/strong> <strong>Inline-Anh\u00e4nge:<\/strong> Inline-Anh\u00e4nge sind jetzt ausgeblendet und werden nicht in der Liste der Anh\u00e4nge einer E-Mail angezeigt, sodass sich der Benutzer jetzt auf die echten Anh\u00e4nge konzentrieren kann.<\/p>\n<\/div>\n<div style=\"border: 1px solid #dddddd; background-color: white; width: 94%; padding: 3%; margin-bottom: 20px;\">\n<h3 style=\"color: red; padding-top: 0px;\">Datei Archiv<\/h3>\n<p style=\"text-align: justify;\"><strong>\u2713 Workstation-Archivierung durch RFA:<\/strong> Der Benutzer kann jetzt nicht nur Netzwerkfreigaben, sondern auch lokale Dateien, Ordner und Workstations archivieren.<\/p>\n<p><center><img decoding=\"async\" src=\"https:\/\/www.tech-arrow.com\/wp-content\/uploads\/2018\/06\/Release36_08.png\" alt=\"\" width=\"80%\" \/><\/center><\/p>\n<p style=\"text-align: justify;\"><strong>\u2713 Wiederherstellen in RFA:<\/strong> Wenn Sie nicht m\u00f6chten, dass die Dokumente am urspr\u00fcnglichen Speicherort wiederhergestellt werden, k\u00f6nnen Sie jetzt einen anderen Speicherort als den urspr\u00fcnglichen ausw\u00e4hlen und die Dokumente dort wiederherstellen..<\/p>\n<p><center><img decoding=\"async\" src=\"https:\/\/www.tech-arrow.com\/wp-content\/uploads\/2018\/06\/Release36_09.png\" alt=\"\" width=\"80%\" \/><\/center><\/p>\n<p style=\"text-align: justify;\"><strong>\u2713 Regelstatus und Regelverlauf in RFA:<\/strong> Um einen besseren \u00dcberblick \u00fcber die Artikelverarbeitung zu erhalten, haben wir es erm\u00f6glicht die Details des aktuellen Laufs einer Regel und des Verlaufs (Details) des letzten Starts einer Regel in RFA einzusehen.<\/p>\n<p><center><img decoding=\"async\" src=\"https:\/\/www.tech-arrow.com\/wp-content\/uploads\/2018\/06\/Release36_10.png\" alt=\"\" width=\"80%\" \/><\/center><img decoding=\"async\" src=\"https:\/\/www.tech-arrow.com\/wp-content\/uploads\/2018\/06\/Release36_11.png\" alt=\"\" width=\"80%\" \/><\/p>\n<\/div>\n<div style=\"border: 1px solid #dddddd; background-color: white; width: 94%; padding: 3%; margin-bottom: 20px;\">\n<h3 style=\"color: red; padding-top: 0px;\">SharePoint<\/h3>\n<p style=\"text-align: justify;\"><strong>\u2713 Wiederherstellen von SharePoint-Dokumenten\/-Elementen:<\/strong> Sie haben es gefordert, und wir haben es programmiert! Jetzt ist es m\u00f6glich SharePoint-Elemente und -Dateien direkt von contentWEB wiederherzustellen. Dies erfordert nur sehr wenige Klicks.<\/p>\n<p><center><img decoding=\"async\" src=\"https:\/\/www.tech-arrow.com\/wp-content\/uploads\/2018\/06\/Release36_06_01.png\" alt=\"\" width=\"100%\" \/><\/center><\/p>\n<p style=\"text-align: justify;\"><strong>\u2713 Wiederherstellen vollst\u00e4ndiger SharePoint-Websites:<\/strong> contentACCESS kann jetzt nicht nur SharePoint-Elemente und -Dateien wiederherstellen, sondern auch vollst\u00e4ndige Websites und alle standortbezogenen Einstellungen.<\/p>\n<p><img decoding=\"async\" src=\"https:\/\/www.tech-arrow.com\/wp-content\/uploads\/2018\/06\/Release36_12.png\" alt=\"\" width=\"100%\" \/><\/p>\n<\/div>\n<div style=\"border: 1px solid #dddddd; background-color: white; width: 94%; padding: 3%; margin-bottom: 20px;\">\n<h3 style=\"color: red; padding-top: 0px;\">DSGVO:<\/h3>\n<p style=\"text-align: justify;\"><strong>\u2713 Neues Suchlayout<\/strong>, das speziell f\u00fcr die DSGVO-Suche erstellt wurde. Jetzt m\u00fcssen Sie sich nicht mehr mit langen Suchstrings abgeben und alle erforderlichen und notwendigen sensiblen Daten k\u00f6nnen Sie nun schnell und einfach finden und dann mit diesen arbeiten (exportieren, l\u00f6schen, etc.). Die Suchbenutzeroberfl\u00e4che kann sowohl auf System- als auch auf Benutzerebene angepasst werden.<\/p>\n<p><img decoding=\"async\" src=\"https:\/\/www.tech-arrow.com\/wp-content\/uploads\/2018\/06\/Release36_06.png\" alt=\"\" width=\"100%\" \/><\/p>\n<\/div>\n<div style=\"border: 1px solid #dddddd; background-color: white; width: 94%; padding: 3%; margin-bottom: 20px;\">\n<h3 style=\"color: red; padding-top: 0px;\">Update von \u00e4lteren Versionen<\/h3>\n<p>\u2713 <strong>Updatepfad<\/strong> \u2013 Update ist ab contentACCESS Version 3.1 und h\u00f6her unterst\u00fctzt. \u00c4ltere Versionen m\u00fcssen auf contentACCESS 3.1 und anschlie\u00dfend von Version 3.1 auf die aktuelle Version aktualisiert werden.<\/p>\n<p>Wenn das Update von einer fr\u00fcheren Version als 3.3 durchgef\u00fchrt wird, m\u00fcssen einige neue Funktionen nach dem Update manuell konfiguriert werden.<\/p>\n<p>Eine dieser Funktionen ist der Task-Runner, der einen Ressourcenspeicher ben\u00f6tigt, in dem die Exportdateien gespeichert werden. Dieser Speicher muss in System -&gt; System -&gt; Ressourcenspeichereinstellungen konfiguriert werden. Auf diesen Store m\u00fcssen alle contentACCESS-Nodes innerhalb eines Clusters zugreifen k\u00f6nnen. Es wird daher dringend empfohlen eine Netzwerkfreigabe zu verwenden.<\/p>\n<p>\u2713 <strong>Outlook-Formulare <\/strong> \u2013 Wenn das Update von einer fr\u00fcheren Version als 3.4 durchgef\u00fchrt wird, m\u00fcssen die Outlook-Formulare aufgrund einiger interner \u00c4nderungen im E-Mail-Archiv-Verkn\u00fcpfungsformat auf die neueste Version aktualisiert werden damit die korrekte Funktionalit\u00e4t erhalten bleibt.<\/p>\n<\/div>\n<div style=\"border: 1px solid #dddddd; background-color: white; width: 94%; padding: 3%; margin-bottom: 20px;\">\n<h3 style=\"color: red; padding-top: 0px;\">Dokumentation<\/h3>\n<p style=\"text-align: left;\"><strong>\u2713 Dokumentation<\/strong> \u2013 Bitte beachten Sie die aktualisierte Dokumentation und die aktualisierten Handb\u00fccher.<\/p>\n<p><a title=\"contentAccess Manual\" href=\"https:\/\/documentation.tech-arrow.com\/contentaccess-manuals\/\" target=\"_blank\" rel=\"noopener\"><img loading=\"lazy\" decoding=\"async\" src=\"https:\/\/www.tech-arrow.com\/wp-content\/uploads\/2016\/02\/3.png\" alt=\"3\" width=\"20\" height=\"20\" \/><\/a> <a title=\"contentAccess Manual\" href=\"https:\/\/documentation.tech-arrow.com\/contentaccess-manuals\/\" target=\"_blank\" rel=\"noopener\">contentACCESS Manual<\/a><\/p>\n<p><a title=\"contentWEB Manual\" href=\"https:\/\/www.tech-arrow.com\/documentation\/contentweb\/\" target=\"_blank\" rel=\"noopener\"><img loading=\"lazy\" decoding=\"async\" src=\"https:\/\/www.tech-arrow.com\/wp-content\/uploads\/2016\/02\/3.png\" alt=\"3\" width=\"20\" height=\"20\" \/><\/a> <a title=\"contentWEB Manual\" href=\"https:\/\/www.tech-arrow.com\/documentation\/contentweb\/\" target=\"_blank\" rel=\"noopener\">contentWEB Manual<\/a><\/p>\n<p><a href=\"https:\/\/www.tech-arrow.com\/documentation\/officegate\/\"><img loading=\"lazy\" decoding=\"async\" src=\"https:\/\/www.tech-arrow.com\/wp-content\/uploads\/2016\/02\/3.png\" alt=\"3\" width=\"20\" height=\"20\" \/><\/a> <a href=\"https:\/\/www.tech-arrow.com\/documentation\/officegate\/\" target=\"_blank\" rel=\"noopener\">officeGATE manual<\/a><\/p>\n<p><a href=\"https:\/\/www.tech-arrow.com\/documentation\/tech-arrows-winshortcutter\/\"><img loading=\"lazy\" decoding=\"async\" src=\"https:\/\/www.tech-arrow.com\/wp-content\/uploads\/2016\/02\/3.png\" alt=\"3\" width=\"20\" height=\"20\" \/><\/a> <a href=\"https:\/\/www.tech-arrow.com\/documentation\/tech-arrows-winshortcutter\/\" target=\"_blank\" rel=\"noopener\">TECH-ARROW\u2019s WinShortcutter user manual<\/a><\/p>\n<\/div>\n","protected":false},"excerpt":{"rendered":"<p>Eine Liste aller Versionshinweise k\u00f6nnen Sie hier finden. Die folgende Liste bietet Ihnen eine \u00dcbersicht \u00fcber die neuesten Verbesserungen die Ihnen von contentACCESS 3.6 geboten werden: Funktionen \u2713 \u00dcbersetzung: Um unsere Kunden noch n\u00e4her zu kommen haben wir all unseren Client Anwendungen arabische und slowakische \u00dcbersetzungen hinzugef\u00fcgt! \u2713 Framework: Die JAVA Bestandteile werden nun automatisch [&hellip;]<\/p>\n","protected":false},"author":7,"featured_media":0,"parent":0,"menu_order":0,"comment_status":"closed","ping_status":"closed","template":"","meta":{"_acf_changed":false,"inline_featured_image":false,"footnotes":""},"class_list":["post-5518","page","type-page","status-publish","hentry"],"acf":[],"yoast_head":"<!-- This site is optimized with the Yoast SEO plugin v27.0 - https:\/\/yoast.com\/product\/yoast-seo-wordpress\/ -->\n<title>contentACCESS Version 3.6 \u2013 Details - TECH-ARROW<\/title>\n<meta name=\"robots\" content=\"index, follow, max-snippet:-1, max-image-preview:large, max-video-preview:-1\" \/>\n<link rel=\"canonical\" href=\"https:\/\/www.tech-arrow.com\/de\/contentaccess-version-3-6-details\/\" \/>\n<meta property=\"og:locale\" content=\"de_DE\" \/>\n<meta property=\"og:type\" content=\"article\" \/>\n<meta property=\"og:title\" content=\"contentACCESS Version 3.6 \u2013 Details - TECH-ARROW\" \/>\n<meta property=\"og:description\" content=\"Eine Liste aller Versionshinweise k\u00f6nnen Sie hier finden. Die folgende Liste bietet Ihnen eine \u00dcbersicht \u00fcber die neuesten Verbesserungen die Ihnen von contentACCESS 3.6 geboten werden: Funktionen \u2713 \u00dcbersetzung: Um unsere Kunden noch n\u00e4her zu kommen haben wir all unseren Client Anwendungen arabische und slowakische \u00dcbersetzungen hinzugef\u00fcgt! \u2713 Framework: Die JAVA Bestandteile werden nun automatisch [&hellip;]\" \/>\n<meta property=\"og:url\" content=\"https:\/\/www.tech-arrow.com\/de\/contentaccess-version-3-6-details\/\" \/>\n<meta property=\"og:site_name\" content=\"TECH-ARROW\" \/>\n<meta property=\"article:publisher\" content=\"https:\/\/www.facebook.com\/thetecharrow\/?fref=ts\" \/>\n<meta property=\"article:modified_time\" content=\"2024-11-27T14:04:18+00:00\" \/>\n<meta property=\"og:image\" content=\"https:\/\/www.tech-arrow.com\/wp-content\/uploads\/2018\/06\/Release36_01.png\" \/>\n<meta name=\"twitter:card\" content=\"summary_large_image\" \/>\n<script type=\"application\/ld+json\" class=\"yoast-schema-graph\">{\"@context\":\"https:\/\/schema.org\",\"@graph\":[{\"@type\":\"WebPage\",\"@id\":\"https:\/\/www.tech-arrow.com\/de\/contentaccess-version-3-6-details\/\",\"url\":\"https:\/\/www.tech-arrow.com\/de\/contentaccess-version-3-6-details\/\",\"name\":\"contentACCESS Version 3.6 \u2013 Details - TECH-ARROW\",\"isPartOf\":{\"@id\":\"https:\/\/www.tech-arrow.com\/#website\"},\"primaryImageOfPage\":{\"@id\":\"https:\/\/www.tech-arrow.com\/de\/contentaccess-version-3-6-details\/#primaryimage\"},\"image\":{\"@id\":\"https:\/\/www.tech-arrow.com\/de\/contentaccess-version-3-6-details\/#primaryimage\"},\"thumbnailUrl\":\"https:\/\/www.tech-arrow.com\/wp-content\/uploads\/2018\/06\/Release36_01.png\",\"datePublished\":\"2021-10-14T08:37:07+00:00\",\"dateModified\":\"2024-11-27T14:04:18+00:00\",\"breadcrumb\":{\"@id\":\"https:\/\/www.tech-arrow.com\/de\/contentaccess-version-3-6-details\/#breadcrumb\"},\"inLanguage\":\"de\",\"potentialAction\":[{\"@type\":\"ReadAction\",\"target\":[\"https:\/\/www.tech-arrow.com\/de\/contentaccess-version-3-6-details\/\"]}]},{\"@type\":\"ImageObject\",\"inLanguage\":\"de\",\"@id\":\"https:\/\/www.tech-arrow.com\/de\/contentaccess-version-3-6-details\/#primaryimage\",\"url\":\"https:\/\/www.tech-arrow.com\/wp-content\/uploads\/2018\/06\/Release36_01.png\",\"contentUrl\":\"https:\/\/www.tech-arrow.com\/wp-content\/uploads\/2018\/06\/Release36_01.png\"},{\"@type\":\"BreadcrumbList\",\"@id\":\"https:\/\/www.tech-arrow.com\/de\/contentaccess-version-3-6-details\/#breadcrumb\",\"itemListElement\":[{\"@type\":\"ListItem\",\"position\":1,\"name\":\"Home\",\"item\":\"https:\/\/www.tech-arrow.com\/de\/\"},{\"@type\":\"ListItem\",\"position\":2,\"name\":\"contentACCESS Version 3.6 \u2013 Details\"}]},{\"@type\":\"WebSite\",\"@id\":\"https:\/\/www.tech-arrow.com\/#website\",\"url\":\"https:\/\/www.tech-arrow.com\/\",\"name\":\"TECH-ARROW\",\"description\":\"\",\"publisher\":{\"@id\":\"https:\/\/www.tech-arrow.com\/#organization\"},\"potentialAction\":[{\"@type\":\"SearchAction\",\"target\":{\"@type\":\"EntryPoint\",\"urlTemplate\":\"https:\/\/www.tech-arrow.com\/?s={search_term_string}\"},\"query-input\":{\"@type\":\"PropertyValueSpecification\",\"valueRequired\":true,\"valueName\":\"search_term_string\"}}],\"inLanguage\":\"de\"},{\"@type\":\"Organization\",\"@id\":\"https:\/\/www.tech-arrow.com\/#organization\",\"name\":\"TECH-ARROW, GmbH.\",\"url\":\"https:\/\/www.tech-arrow.com\/\",\"logo\":{\"@type\":\"ImageObject\",\"inLanguage\":\"de\",\"@id\":\"https:\/\/www.tech-arrow.com\/#\/schema\/logo\/image\/\",\"url\":\"https:\/\/www.tech-arrow.com\/wp-content\/uploads\/2017\/04\/techarrow-logo-481x97.png\",\"contentUrl\":\"https:\/\/www.tech-arrow.com\/wp-content\/uploads\/2017\/04\/techarrow-logo-481x97.png\",\"width\":481,\"height\":97,\"caption\":\"TECH-ARROW, GmbH.\"},\"image\":{\"@id\":\"https:\/\/www.tech-arrow.com\/#\/schema\/logo\/image\/\"},\"sameAs\":[\"https:\/\/www.facebook.com\/thetecharrow\/?fref=ts\",\"https:\/\/www.linkedin.com\/company\/techarrow\",\"https:\/\/www.youtube.com\/user\/thetecharrow\"]}]}<\/script>\n<!-- \/ Yoast SEO plugin. -->","yoast_head_json":{"title":"contentACCESS Version 3.6 \u2013 Details - TECH-ARROW","robots":{"index":"index","follow":"follow","max-snippet":"max-snippet:-1","max-image-preview":"max-image-preview:large","max-video-preview":"max-video-preview:-1"},"canonical":"https:\/\/www.tech-arrow.com\/de\/contentaccess-version-3-6-details\/","og_locale":"de_DE","og_type":"article","og_title":"contentACCESS Version 3.6 \u2013 Details - TECH-ARROW","og_description":"Eine Liste aller Versionshinweise k\u00f6nnen Sie hier finden. Die folgende Liste bietet Ihnen eine \u00dcbersicht \u00fcber die neuesten Verbesserungen die Ihnen von contentACCESS 3.6 geboten werden: Funktionen \u2713 \u00dcbersetzung: Um unsere Kunden noch n\u00e4her zu kommen haben wir all unseren Client Anwendungen arabische und slowakische \u00dcbersetzungen hinzugef\u00fcgt! \u2713 Framework: Die JAVA Bestandteile werden nun automatisch [&hellip;]","og_url":"https:\/\/www.tech-arrow.com\/de\/contentaccess-version-3-6-details\/","og_site_name":"TECH-ARROW","article_publisher":"https:\/\/www.facebook.com\/thetecharrow\/?fref=ts","article_modified_time":"2024-11-27T14:04:18+00:00","og_image":[{"url":"https:\/\/www.tech-arrow.com\/wp-content\/uploads\/2018\/06\/Release36_01.png","type":"","width":"","height":""}],"twitter_card":"summary_large_image","schema":{"@context":"https:\/\/schema.org","@graph":[{"@type":"WebPage","@id":"https:\/\/www.tech-arrow.com\/de\/contentaccess-version-3-6-details\/","url":"https:\/\/www.tech-arrow.com\/de\/contentaccess-version-3-6-details\/","name":"contentACCESS Version 3.6 \u2013 Details - TECH-ARROW","isPartOf":{"@id":"https:\/\/www.tech-arrow.com\/#website"},"primaryImageOfPage":{"@id":"https:\/\/www.tech-arrow.com\/de\/contentaccess-version-3-6-details\/#primaryimage"},"image":{"@id":"https:\/\/www.tech-arrow.com\/de\/contentaccess-version-3-6-details\/#primaryimage"},"thumbnailUrl":"https:\/\/www.tech-arrow.com\/wp-content\/uploads\/2018\/06\/Release36_01.png","datePublished":"2021-10-14T08:37:07+00:00","dateModified":"2024-11-27T14:04:18+00:00","breadcrumb":{"@id":"https:\/\/www.tech-arrow.com\/de\/contentaccess-version-3-6-details\/#breadcrumb"},"inLanguage":"de","potentialAction":[{"@type":"ReadAction","target":["https:\/\/www.tech-arrow.com\/de\/contentaccess-version-3-6-details\/"]}]},{"@type":"ImageObject","inLanguage":"de","@id":"https:\/\/www.tech-arrow.com\/de\/contentaccess-version-3-6-details\/#primaryimage","url":"https:\/\/www.tech-arrow.com\/wp-content\/uploads\/2018\/06\/Release36_01.png","contentUrl":"https:\/\/www.tech-arrow.com\/wp-content\/uploads\/2018\/06\/Release36_01.png"},{"@type":"BreadcrumbList","@id":"https:\/\/www.tech-arrow.com\/de\/contentaccess-version-3-6-details\/#breadcrumb","itemListElement":[{"@type":"ListItem","position":1,"name":"Home","item":"https:\/\/www.tech-arrow.com\/de\/"},{"@type":"ListItem","position":2,"name":"contentACCESS Version 3.6 \u2013 Details"}]},{"@type":"WebSite","@id":"https:\/\/www.tech-arrow.com\/#website","url":"https:\/\/www.tech-arrow.com\/","name":"TECH-ARROW","description":"","publisher":{"@id":"https:\/\/www.tech-arrow.com\/#organization"},"potentialAction":[{"@type":"SearchAction","target":{"@type":"EntryPoint","urlTemplate":"https:\/\/www.tech-arrow.com\/?s={search_term_string}"},"query-input":{"@type":"PropertyValueSpecification","valueRequired":true,"valueName":"search_term_string"}}],"inLanguage":"de"},{"@type":"Organization","@id":"https:\/\/www.tech-arrow.com\/#organization","name":"TECH-ARROW, GmbH.","url":"https:\/\/www.tech-arrow.com\/","logo":{"@type":"ImageObject","inLanguage":"de","@id":"https:\/\/www.tech-arrow.com\/#\/schema\/logo\/image\/","url":"https:\/\/www.tech-arrow.com\/wp-content\/uploads\/2017\/04\/techarrow-logo-481x97.png","contentUrl":"https:\/\/www.tech-arrow.com\/wp-content\/uploads\/2017\/04\/techarrow-logo-481x97.png","width":481,"height":97,"caption":"TECH-ARROW, GmbH."},"image":{"@id":"https:\/\/www.tech-arrow.com\/#\/schema\/logo\/image\/"},"sameAs":["https:\/\/www.facebook.com\/thetecharrow\/?fref=ts","https:\/\/www.linkedin.com\/company\/techarrow","https:\/\/www.youtube.com\/user\/thetecharrow"]}]}},"_links":{"self":[{"href":"https:\/\/www.tech-arrow.com\/de\/wp-json\/wp\/v2\/pages\/5518","targetHints":{"allow":["GET"]}}],"collection":[{"href":"https:\/\/www.tech-arrow.com\/de\/wp-json\/wp\/v2\/pages"}],"about":[{"href":"https:\/\/www.tech-arrow.com\/de\/wp-json\/wp\/v2\/types\/page"}],"author":[{"embeddable":true,"href":"https:\/\/www.tech-arrow.com\/de\/wp-json\/wp\/v2\/users\/7"}],"replies":[{"embeddable":true,"href":"https:\/\/www.tech-arrow.com\/de\/wp-json\/wp\/v2\/comments?post=5518"}],"version-history":[{"count":3,"href":"https:\/\/www.tech-arrow.com\/de\/wp-json\/wp\/v2\/pages\/5518\/revisions"}],"predecessor-version":[{"id":13422,"href":"https:\/\/www.tech-arrow.com\/de\/wp-json\/wp\/v2\/pages\/5518\/revisions\/13422"}],"wp:attachment":[{"href":"https:\/\/www.tech-arrow.com\/de\/wp-json\/wp\/v2\/media?parent=5518"}],"curies":[{"name":"wp","href":"https:\/\/api.w.org\/{rel}","templated":true}]}}