{"id":5522,"date":"2021-10-14T10:37:53","date_gmt":"2021-10-14T08:37:53","guid":{"rendered":"https:\/\/www.tech-arrow.com\/?page_id=5522"},"modified":"2024-11-27T15:04:02","modified_gmt":"2024-11-27T14:04:02","slug":"contentaccess-version-3-6-sp2-details","status":"publish","type":"page","link":"https:\/\/www.tech-arrow.com\/de\/contentaccess-version-3-6-sp2-details\/","title":{"rendered":"contentACCESS Version 3.6 SP2 \u2013 details"},"content":{"rendered":"<p>Eine Liste aller Versionshinweise k\u00f6nnen Sie <a href=\"https:\/\/www.tech-arrow.com\/de\/contentaccess-anmerkungen-zu-dieser-version\/\" rel=\"noopener\">hier<\/a> finden.<br \/>\nDie folgende Liste bietet Ihnen eine \u00dcbersicht \u00fcber die neuesten Verbesserungen die Ihnen von contentACCESS 3.6 SP2 geboten werden:<\/p>\n<div style=\"border: 1px solid #ddd; background-color: white; width: 94%; padding: 3%; margin-bottom: 20px;\">\n<h3 style=\"color: red; padding-top: 0px;\">Funktionen<\/h3>\n<p style=\"text-align: justify;\"><strong>\u2713 SQL-Datenbank f\u00fcr SMTP:<\/strong> Wir haben dem Installationspaket die M\u00f6glichkeit der SQL-Verbindungskonfiguration f\u00fcr SMTP-Server hinzugef\u00fcgt, um die Konfiguration f\u00fcr Sie einfacher und schneller zu machen.<\/p>\n<p><center><img decoding=\"async\" src=\"https:\/\/www.tech-arrow.com\/wp-content\/uploads\/2018\/11\/sp2_01.png\" alt=\"\" width=\"90%\" \/><\/center><\/p>\n<p style=\"text-align: justify;\"><strong>\u2713 Verbesserte deutsche \u00dcbersetzung:<\/strong> Wir haben die deutsche \u00dcbersetzung all unserer Produkte korrigiert, um die Nutzung unserer Anwendungen f\u00fcr unsere deutschsprachigen Kunden noch besser zu machen!<\/p>\n<p style=\"text-align: justify;\"><strong>\u2713<\/strong> <strong>Verbesserung der Leistung und Stabilit\u00e4t:<\/strong> Zeit ist Geld, das ist kein Geheimnis \u2013 aus diesem Grund arbeiten wir hart daran, Zeit und Geld zu sparen! Wir arbeiten kontinuierlich daran unsere Plattform schneller und robuster zu gestalten, um unseren Kunden die beste Benutzererfahrung bieten zu k\u00f6nnen.<\/p>\n<\/div>\n<div style=\"border: 1px solid #ddd; background-color: white; width: 94%; padding: 3%; margin-bottom: 20px;\">\n<h3 style=\"color: red; padding-top: 0px;\">E-Mail-Archiv:<\/h3>\n<p style=\"text-align: justify;\">\u2713 <strong>Vollst\u00e4ndig lokalisierbare HTML-Verkn\u00fcpfungen<\/strong> \u2013 Maximale Anpassung der Verkn\u00fcpfungen \u2013 Der gesamte Text in unseren neuen Verkn\u00fcpfungsvorlagen kann ge\u00e4ndert werden. Dies bedeutet, dass er vollst\u00e4ndig lokalisiert werden kann.<\/p>\n<p><center><img decoding=\"async\" src=\"https:\/\/www.tech-arrow.com\/wp-content\/uploads\/2018\/11\/sp2_02.png\" alt=\"\" width=\"50%\" \/><\/center><\/p>\n<p style=\"text-align: justify;\">\u2713 <strong>Formatierte Textfeldoption f\u00fcr HTML-Verkn\u00fcpfungen<\/strong> \u2013 Sie m\u00fcssen den E-Mail-HTML-Textk\u00f6rper nicht mehr umwandeln! Durch Aktivieren der Option <strong>Formatierten K\u00f6rper beibehalten<\/strong> und Ausw\u00e4hlen einer <strong>formatierten<\/strong> Vorlage versucht das System, Anhangsverkn\u00fcpfungen in den urspr\u00fcnglichen E-Mail-Text einzuf\u00fcgen, ohne diesen in einfachen Text zu konvertieren. Auf diese Weise k\u00f6nnen Sie Ihre urspr\u00fcnglich formatierten HTML-Nachrichten ohne Anh\u00e4nge aufbewahren &#8211; eine ultimative Kombination aus Komfort und Effizienz!<\/p>\n<p><center><img decoding=\"async\" src=\"https:\/\/www.tech-arrow.com\/wp-content\/uploads\/2018\/11\/sp2_03.png\" alt=\"\" width=\"60%\" \/><\/center><\/p>\n<p style=\"text-align: justify;\">\u2713 <strong>B\u00fcroklammersymbol wird f\u00fcr Inline-Anh\u00e4nge nicht mehr angezeigt:<\/strong> Um konsistent mit MS Outlook zu bleiben, wird das B\u00fcroklammersymbol f\u00fcr Inline-Anh\u00e4nge in unseren Apps nicht mehr angezeigt!<\/p>\n<\/div>\n<div style=\"border: 1px solid #dddddd; background-color: white; width: 94%; padding: 3%; margin-bottom: 20px;\">\n<h3 style=\"color: red; padding-top: 0px;\">Update von \u00e4lteren Versionen<\/h3>\n<p>\u2713 <strong>Updatepfad<\/strong> \u2013 Update ist ab contentACCESS Version 3.1 und h\u00f6her unterst\u00fctzt. \u00c4ltere Versionen m\u00fcssen auf contentACCESS 3.1 und anschlie\u00dfend von Version 3.1 auf die aktuelle Version aktualisiert werden.<\/p>\n<p>Wenn das Update von einer fr\u00fcheren Version als 3.3 durchgef\u00fchrt wird, m\u00fcssen einige neue Funktionen nach dem Update manuell konfiguriert werden.<\/p>\n<p>Eine dieser Funktionen ist der Task-Runner, der einen Ressourcenspeicher ben\u00f6tigt, in dem die Exportdateien gespeichert werden. Dieser Speicher muss in System -&gt; System -&gt; Ressourcenspeichereinstellungen konfiguriert werden. Auf diesen Store m\u00fcssen alle contentACCESS-Nodes innerhalb eines Clusters zugreifen k\u00f6nnen. Es wird daher dringend empfohlen eine Netzwerkfreigabe zu verwenden.<\/p>\n<p>\u2713 <strong>Outlook-Formulare <\/strong> \u2013 Wenn das Update von einer fr\u00fcheren Version als 3.4 durchgef\u00fchrt wird, m\u00fcssen die Outlook-Formulare aufgrund einiger interner \u00c4nderungen im E-Mail-Archiv-Verkn\u00fcpfungsformat auf die neueste Version aktualisiert werden damit die korrekte Funktionalit\u00e4t erhalten bleibt.<\/p>\n<\/div>\n<div style=\"border: 1px solid #dddddd; background-color: white; width: 94%; padding: 3%; margin-bottom: 20px;\">\n<h3 style=\"color: red; padding-top: 0px;\">Dokumentation<\/h3>\n<p style=\"text-align: left;\"><strong>\u2713 Dokumentation<\/strong> \u2013 Bitte beachten Sie die aktualisierte Dokumentation und die aktualisierten Handb\u00fccher.<\/p>\n<p><a title=\"contentAccess Manual\" href=\"https:\/\/documentation.tech-arrow.com\/contentaccess-manuals\/\" target=\"_blank\" rel=\"noopener\"><img loading=\"lazy\" decoding=\"async\" src=\"https:\/\/www.tech-arrow.com\/wp-content\/uploads\/2016\/02\/3.png\" alt=\"3\" width=\"20\" height=\"20\" \/><\/a> <a title=\"contentAccess Manual\" href=\"https:\/\/documentation.tech-arrow.com\/contentaccess-manuals\/\" target=\"_blank\" rel=\"noopener\">contentACCESS Manual<\/a><\/p>\n<p><a title=\"contentWEB Manual\" href=\"https:\/\/www.tech-arrow.com\/documentation\/contentweb\/\" target=\"_blank\" rel=\"noopener\"><img loading=\"lazy\" decoding=\"async\" src=\"https:\/\/www.tech-arrow.com\/wp-content\/uploads\/2016\/02\/3.png\" alt=\"3\" width=\"20\" height=\"20\" \/><\/a> <a title=\"contentWEB Manual\" href=\"https:\/\/www.tech-arrow.com\/documentation\/contentweb\/\" target=\"_blank\" rel=\"noopener\">contentWEB Manual<\/a><\/p>\n<p><a href=\"https:\/\/www.tech-arrow.com\/documentation\/officegate\/\"><img loading=\"lazy\" decoding=\"async\" src=\"https:\/\/www.tech-arrow.com\/wp-content\/uploads\/2016\/02\/3.png\" alt=\"3\" width=\"20\" height=\"20\" \/><\/a> <a href=\"https:\/\/www.tech-arrow.com\/documentation\/officegate\/\" target=\"_blank\" rel=\"noopener\">officeGATE manual<\/a><\/p>\n<p><a href=\"https:\/\/www.tech-arrow.com\/documentation\/tech-arrows-winshortcutter\/\"><img loading=\"lazy\" decoding=\"async\" src=\"https:\/\/www.tech-arrow.com\/wp-content\/uploads\/2016\/02\/3.png\" alt=\"3\" width=\"20\" height=\"20\" \/><\/a> <a href=\"https:\/\/www.tech-arrow.com\/documentation\/tech-arrows-winshortcutter\/\" target=\"_blank\" rel=\"noopener\">TECH-ARROW\u2019s WinShortcutter user manual<\/a><\/p>\n<\/div>\n","protected":false},"excerpt":{"rendered":"<p>Eine Liste aller Versionshinweise k\u00f6nnen Sie hier finden. Die folgende Liste bietet Ihnen eine \u00dcbersicht \u00fcber die neuesten Verbesserungen die Ihnen von contentACCESS 3.6 SP2 geboten werden: Funktionen \u2713 SQL-Datenbank f\u00fcr SMTP: Wir haben dem Installationspaket die M\u00f6glichkeit der SQL-Verbindungskonfiguration f\u00fcr SMTP-Server hinzugef\u00fcgt, um die Konfiguration f\u00fcr Sie einfacher und schneller zu machen. \u2713 Verbesserte [&hellip;]<\/p>\n","protected":false},"author":7,"featured_media":0,"parent":0,"menu_order":0,"comment_status":"closed","ping_status":"closed","template":"","meta":{"_acf_changed":false,"inline_featured_image":false,"footnotes":""},"class_list":["post-5522","page","type-page","status-publish","hentry"],"acf":[],"yoast_head":"<!-- This site is optimized with the Yoast SEO plugin v27.0 - https:\/\/yoast.com\/product\/yoast-seo-wordpress\/ -->\n<title>contentACCESS Version 3.6 SP2 \u2013 details - TECH-ARROW<\/title>\n<meta name=\"robots\" content=\"index, follow, max-snippet:-1, max-image-preview:large, max-video-preview:-1\" \/>\n<link rel=\"canonical\" href=\"https:\/\/www.tech-arrow.com\/de\/contentaccess-version-3-6-sp2-details\/\" \/>\n<meta property=\"og:locale\" content=\"de_DE\" \/>\n<meta property=\"og:type\" content=\"article\" \/>\n<meta property=\"og:title\" content=\"contentACCESS Version 3.6 SP2 \u2013 details - TECH-ARROW\" \/>\n<meta property=\"og:description\" content=\"Eine Liste aller Versionshinweise k\u00f6nnen Sie hier finden. Die folgende Liste bietet Ihnen eine \u00dcbersicht \u00fcber die neuesten Verbesserungen die Ihnen von contentACCESS 3.6 SP2 geboten werden: Funktionen \u2713 SQL-Datenbank f\u00fcr SMTP: Wir haben dem Installationspaket die M\u00f6glichkeit der SQL-Verbindungskonfiguration f\u00fcr SMTP-Server hinzugef\u00fcgt, um die Konfiguration f\u00fcr Sie einfacher und schneller zu machen. \u2713 Verbesserte [&hellip;]\" \/>\n<meta property=\"og:url\" content=\"https:\/\/www.tech-arrow.com\/de\/contentaccess-version-3-6-sp2-details\/\" \/>\n<meta property=\"og:site_name\" content=\"TECH-ARROW\" \/>\n<meta property=\"article:publisher\" content=\"https:\/\/www.facebook.com\/thetecharrow\/?fref=ts\" \/>\n<meta property=\"article:modified_time\" content=\"2024-11-27T14:04:02+00:00\" \/>\n<meta property=\"og:image\" content=\"https:\/\/www.tech-arrow.com\/wp-content\/uploads\/2018\/11\/sp2_01.png\" \/>\n<meta name=\"twitter:card\" content=\"summary_large_image\" \/>\n<script type=\"application\/ld+json\" class=\"yoast-schema-graph\">{\"@context\":\"https:\/\/schema.org\",\"@graph\":[{\"@type\":\"WebPage\",\"@id\":\"https:\/\/www.tech-arrow.com\/de\/contentaccess-version-3-6-sp2-details\/\",\"url\":\"https:\/\/www.tech-arrow.com\/de\/contentaccess-version-3-6-sp2-details\/\",\"name\":\"contentACCESS Version 3.6 SP2 \u2013 details - TECH-ARROW\",\"isPartOf\":{\"@id\":\"https:\/\/www.tech-arrow.com\/#website\"},\"primaryImageOfPage\":{\"@id\":\"https:\/\/www.tech-arrow.com\/de\/contentaccess-version-3-6-sp2-details\/#primaryimage\"},\"image\":{\"@id\":\"https:\/\/www.tech-arrow.com\/de\/contentaccess-version-3-6-sp2-details\/#primaryimage\"},\"thumbnailUrl\":\"https:\/\/www.tech-arrow.com\/wp-content\/uploads\/2018\/11\/sp2_01.png\",\"datePublished\":\"2021-10-14T08:37:53+00:00\",\"dateModified\":\"2024-11-27T14:04:02+00:00\",\"breadcrumb\":{\"@id\":\"https:\/\/www.tech-arrow.com\/de\/contentaccess-version-3-6-sp2-details\/#breadcrumb\"},\"inLanguage\":\"de\",\"potentialAction\":[{\"@type\":\"ReadAction\",\"target\":[\"https:\/\/www.tech-arrow.com\/de\/contentaccess-version-3-6-sp2-details\/\"]}]},{\"@type\":\"ImageObject\",\"inLanguage\":\"de\",\"@id\":\"https:\/\/www.tech-arrow.com\/de\/contentaccess-version-3-6-sp2-details\/#primaryimage\",\"url\":\"https:\/\/www.tech-arrow.com\/wp-content\/uploads\/2018\/11\/sp2_01.png\",\"contentUrl\":\"https:\/\/www.tech-arrow.com\/wp-content\/uploads\/2018\/11\/sp2_01.png\"},{\"@type\":\"BreadcrumbList\",\"@id\":\"https:\/\/www.tech-arrow.com\/de\/contentaccess-version-3-6-sp2-details\/#breadcrumb\",\"itemListElement\":[{\"@type\":\"ListItem\",\"position\":1,\"name\":\"Home\",\"item\":\"https:\/\/www.tech-arrow.com\/de\/\"},{\"@type\":\"ListItem\",\"position\":2,\"name\":\"contentACCESS Version 3.6 SP2 \u2013 details\"}]},{\"@type\":\"WebSite\",\"@id\":\"https:\/\/www.tech-arrow.com\/#website\",\"url\":\"https:\/\/www.tech-arrow.com\/\",\"name\":\"TECH-ARROW\",\"description\":\"\",\"publisher\":{\"@id\":\"https:\/\/www.tech-arrow.com\/#organization\"},\"potentialAction\":[{\"@type\":\"SearchAction\",\"target\":{\"@type\":\"EntryPoint\",\"urlTemplate\":\"https:\/\/www.tech-arrow.com\/?s={search_term_string}\"},\"query-input\":{\"@type\":\"PropertyValueSpecification\",\"valueRequired\":true,\"valueName\":\"search_term_string\"}}],\"inLanguage\":\"de\"},{\"@type\":\"Organization\",\"@id\":\"https:\/\/www.tech-arrow.com\/#organization\",\"name\":\"TECH-ARROW, GmbH.\",\"url\":\"https:\/\/www.tech-arrow.com\/\",\"logo\":{\"@type\":\"ImageObject\",\"inLanguage\":\"de\",\"@id\":\"https:\/\/www.tech-arrow.com\/#\/schema\/logo\/image\/\",\"url\":\"https:\/\/www.tech-arrow.com\/wp-content\/uploads\/2017\/04\/techarrow-logo-481x97.png\",\"contentUrl\":\"https:\/\/www.tech-arrow.com\/wp-content\/uploads\/2017\/04\/techarrow-logo-481x97.png\",\"width\":481,\"height\":97,\"caption\":\"TECH-ARROW, GmbH.\"},\"image\":{\"@id\":\"https:\/\/www.tech-arrow.com\/#\/schema\/logo\/image\/\"},\"sameAs\":[\"https:\/\/www.facebook.com\/thetecharrow\/?fref=ts\",\"https:\/\/www.linkedin.com\/company\/techarrow\",\"https:\/\/www.youtube.com\/user\/thetecharrow\"]}]}<\/script>\n<!-- \/ Yoast SEO plugin. -->","yoast_head_json":{"title":"contentACCESS Version 3.6 SP2 \u2013 details - TECH-ARROW","robots":{"index":"index","follow":"follow","max-snippet":"max-snippet:-1","max-image-preview":"max-image-preview:large","max-video-preview":"max-video-preview:-1"},"canonical":"https:\/\/www.tech-arrow.com\/de\/contentaccess-version-3-6-sp2-details\/","og_locale":"de_DE","og_type":"article","og_title":"contentACCESS Version 3.6 SP2 \u2013 details - TECH-ARROW","og_description":"Eine Liste aller Versionshinweise k\u00f6nnen Sie hier finden. Die folgende Liste bietet Ihnen eine \u00dcbersicht \u00fcber die neuesten Verbesserungen die Ihnen von contentACCESS 3.6 SP2 geboten werden: Funktionen \u2713 SQL-Datenbank f\u00fcr SMTP: Wir haben dem Installationspaket die M\u00f6glichkeit der SQL-Verbindungskonfiguration f\u00fcr SMTP-Server hinzugef\u00fcgt, um die Konfiguration f\u00fcr Sie einfacher und schneller zu machen. \u2713 Verbesserte [&hellip;]","og_url":"https:\/\/www.tech-arrow.com\/de\/contentaccess-version-3-6-sp2-details\/","og_site_name":"TECH-ARROW","article_publisher":"https:\/\/www.facebook.com\/thetecharrow\/?fref=ts","article_modified_time":"2024-11-27T14:04:02+00:00","og_image":[{"url":"https:\/\/www.tech-arrow.com\/wp-content\/uploads\/2018\/11\/sp2_01.png","type":"","width":"","height":""}],"twitter_card":"summary_large_image","schema":{"@context":"https:\/\/schema.org","@graph":[{"@type":"WebPage","@id":"https:\/\/www.tech-arrow.com\/de\/contentaccess-version-3-6-sp2-details\/","url":"https:\/\/www.tech-arrow.com\/de\/contentaccess-version-3-6-sp2-details\/","name":"contentACCESS Version 3.6 SP2 \u2013 details - TECH-ARROW","isPartOf":{"@id":"https:\/\/www.tech-arrow.com\/#website"},"primaryImageOfPage":{"@id":"https:\/\/www.tech-arrow.com\/de\/contentaccess-version-3-6-sp2-details\/#primaryimage"},"image":{"@id":"https:\/\/www.tech-arrow.com\/de\/contentaccess-version-3-6-sp2-details\/#primaryimage"},"thumbnailUrl":"https:\/\/www.tech-arrow.com\/wp-content\/uploads\/2018\/11\/sp2_01.png","datePublished":"2021-10-14T08:37:53+00:00","dateModified":"2024-11-27T14:04:02+00:00","breadcrumb":{"@id":"https:\/\/www.tech-arrow.com\/de\/contentaccess-version-3-6-sp2-details\/#breadcrumb"},"inLanguage":"de","potentialAction":[{"@type":"ReadAction","target":["https:\/\/www.tech-arrow.com\/de\/contentaccess-version-3-6-sp2-details\/"]}]},{"@type":"ImageObject","inLanguage":"de","@id":"https:\/\/www.tech-arrow.com\/de\/contentaccess-version-3-6-sp2-details\/#primaryimage","url":"https:\/\/www.tech-arrow.com\/wp-content\/uploads\/2018\/11\/sp2_01.png","contentUrl":"https:\/\/www.tech-arrow.com\/wp-content\/uploads\/2018\/11\/sp2_01.png"},{"@type":"BreadcrumbList","@id":"https:\/\/www.tech-arrow.com\/de\/contentaccess-version-3-6-sp2-details\/#breadcrumb","itemListElement":[{"@type":"ListItem","position":1,"name":"Home","item":"https:\/\/www.tech-arrow.com\/de\/"},{"@type":"ListItem","position":2,"name":"contentACCESS Version 3.6 SP2 \u2013 details"}]},{"@type":"WebSite","@id":"https:\/\/www.tech-arrow.com\/#website","url":"https:\/\/www.tech-arrow.com\/","name":"TECH-ARROW","description":"","publisher":{"@id":"https:\/\/www.tech-arrow.com\/#organization"},"potentialAction":[{"@type":"SearchAction","target":{"@type":"EntryPoint","urlTemplate":"https:\/\/www.tech-arrow.com\/?s={search_term_string}"},"query-input":{"@type":"PropertyValueSpecification","valueRequired":true,"valueName":"search_term_string"}}],"inLanguage":"de"},{"@type":"Organization","@id":"https:\/\/www.tech-arrow.com\/#organization","name":"TECH-ARROW, GmbH.","url":"https:\/\/www.tech-arrow.com\/","logo":{"@type":"ImageObject","inLanguage":"de","@id":"https:\/\/www.tech-arrow.com\/#\/schema\/logo\/image\/","url":"https:\/\/www.tech-arrow.com\/wp-content\/uploads\/2017\/04\/techarrow-logo-481x97.png","contentUrl":"https:\/\/www.tech-arrow.com\/wp-content\/uploads\/2017\/04\/techarrow-logo-481x97.png","width":481,"height":97,"caption":"TECH-ARROW, GmbH."},"image":{"@id":"https:\/\/www.tech-arrow.com\/#\/schema\/logo\/image\/"},"sameAs":["https:\/\/www.facebook.com\/thetecharrow\/?fref=ts","https:\/\/www.linkedin.com\/company\/techarrow","https:\/\/www.youtube.com\/user\/thetecharrow"]}]}},"_links":{"self":[{"href":"https:\/\/www.tech-arrow.com\/de\/wp-json\/wp\/v2\/pages\/5522","targetHints":{"allow":["GET"]}}],"collection":[{"href":"https:\/\/www.tech-arrow.com\/de\/wp-json\/wp\/v2\/pages"}],"about":[{"href":"https:\/\/www.tech-arrow.com\/de\/wp-json\/wp\/v2\/types\/page"}],"author":[{"embeddable":true,"href":"https:\/\/www.tech-arrow.com\/de\/wp-json\/wp\/v2\/users\/7"}],"replies":[{"embeddable":true,"href":"https:\/\/www.tech-arrow.com\/de\/wp-json\/wp\/v2\/comments?post=5522"}],"version-history":[{"count":3,"href":"https:\/\/www.tech-arrow.com\/de\/wp-json\/wp\/v2\/pages\/5522\/revisions"}],"predecessor-version":[{"id":13421,"href":"https:\/\/www.tech-arrow.com\/de\/wp-json\/wp\/v2\/pages\/5522\/revisions\/13421"}],"wp:attachment":[{"href":"https:\/\/www.tech-arrow.com\/de\/wp-json\/wp\/v2\/media?parent=5522"}],"curies":[{"name":"wp","href":"https:\/\/api.w.org\/{rel}","templated":true}]}}