{"id":5524,"date":"2021-10-14T10:38:16","date_gmt":"2021-10-14T08:38:16","guid":{"rendered":"https:\/\/www.tech-arrow.com\/?page_id=5524"},"modified":"2024-11-27T15:04:27","modified_gmt":"2024-11-27T14:04:27","slug":"contentaccess-version-3-7-details","status":"publish","type":"page","link":"https:\/\/www.tech-arrow.com\/de\/contentaccess-version-3-7-details\/","title":{"rendered":"contentACCESS Version 3.7 \u2013 Details"},"content":{"rendered":"<p>Eine Liste aller Versionshinweise k\u00f6nnen Sie <a href=\"https:\/\/www.tech-arrow.com\/de\/contentaccess-anmerkungen-zu-dieser-version\/\" rel=\"noopener\">hier<\/a> finden.<br \/>\nDie folgende Liste bietet Ihnen eine \u00dcbersicht \u00fcber die neuesten Verbesserungen die Ihnen von contentACCESS 3.7 geboten werden:<\/p>\n<div style=\"border: 1px solid #ddd; background-color: white; width: 94%; padding: 3%; margin-bottom: 20px;\">\n<h3 style=\"color: red; padding-top: 0px;\">Funktionen<\/h3>\n<p style=\"text-align: justify;\"><strong>\u2713 On-Demand Task Runner und E-Mail Sender Start:<\/strong> Der Task Runner und Benachrichtigungen Job startet jetzt, wenn dieser von einem Event wie z.B. ZIP Export, PST Export oder neue Benachrichtigungen ausgel\u00f6st wird. Dies macht den Prozess schneller und f\u00fchrt zu sofortigen Resultaten.<\/p>\n<p style=\"text-align: justify;\"><strong>\u2713<\/strong> <strong>Azure Store:<\/strong> Speicherung von Dokument Metadata in Blob Store. Azure Storage verwendet nun Blob Store zum Speichern von Metadata. Dies f\u00fchrt zu einer kleineren und schnelleren Datenbank und ist kosteneffizienter!<\/p>\n<p style=\"text-align: justify;\"><strong>\u2713 Maintenance Node Status:<\/strong> Der Status erm\u00f6glicht das Beenden der vorhandenen Jobs, die auf einem veralteten Node ausgef\u00fchrt werden, aber das System weist diesem Node keine neuen Jobs zu. Dies hilft bei Aktualisierungsprozessen, bei denen der Administrator einen Node aktualisieren oder herunterfahren kann, ohne die bereits laufenden Jobs auf einem neuen Node erneut starten zu m\u00fcssen.<\/p>\n<p style=\"text-align: justify;\"><strong>\u2713<\/strong> <strong>Offline Synchronisation Backend:<\/strong> Wir m\u00f6chten Gutes noch besser machen &#8211; deshalb haben wir das Backend f\u00fcr die Offline-Synchronisierung f\u00fcr officeGATE (Unterst\u00fctzung ab Version 3.2) aufger\u00fcstet. Jetzt k\u00f6nnen Sie noch schneller arbeiten!<\/p>\n<p style=\"text-align: justify;\"><strong>\u2713<\/strong> <strong>Lokalisierung:<\/strong> Um unseren Kunden noch n\u00e4her zu sein haben wir alle unsere Clientanwendungen mit tschechischer, polnischer und ungarischer Lokalisierung erweitert und die vorhandene Lokalisierung verbessert.<\/p>\n<\/div>\n<div style=\"border: 1px solid #ddd; background-color: white; width: 94%; padding: 3%; margin-bottom: 20px;\">\n<h3 style=\"color: red; padding-top: 0px;\">Client Anwendungen:<\/h3>\n<h3 style=\"color: #1e6ea6; padding-top: 0px;\">contentACCESS Remote Agent:<\/h3>\n<p style=\"text-align: justify;\"><strong>\u2713 Zentralisierte Agent Verwaltung:<\/strong> Die Verwaltung von Remote-Agenten kann jetzt \u00fcber die Zentraladministration (Registerkarte Dateiarchiv und \/ oder E-Mail-Archiv) erfolgen. Hier k\u00f6nnen Sie auch Datenbank-, Speicher- und Indexzone zuweisen oder sogar Regeln erstellen und konfigurieren. Dies erleichtert die Arbeit mit allen verf\u00fcgbaren Remote-Agenten. Die Agenten k\u00f6nnen jetzt auch \u00fcber Gruppenrichtlinien automatisiert bereitgestellt werden..<\/p>\n<p><img decoding=\"async\" src=\"https:\/\/www.tech-arrow.com\/wp-content\/uploads\/2019\/01\/contentACCESS-3.7-remote-agents.png\" alt=\"\" width=\"100%\" \/><\/p>\n<p>&nbsp;<\/p>\n<p style=\"text-align: justify;\"><strong>\u2713 Globale Regeln:<\/strong> Eine weitere gro\u00dfe Verbesserung sind die globalen Regeln. Sie k\u00f6nnen in der Zentraladministration erstellt und konfiguriert und dann allen verf\u00fcgbaren oder nur ausgew\u00e4hlten Remote-Agenten zugewiesen werden. Sie werden in der Liste der Regeln auf der Registerkarte Archiv (Dateiarchivierungsregeln) oder auf der Registerkarte PST-Import (PST-Importregeln) im RFA-Agenten angezeigt. Sie k\u00f6nnen vom Endbenutzer nicht \u00fcber den RFA-Agenten ge\u00e4ndert werden.<\/p>\n<p><center><img decoding=\"async\" src=\"https:\/\/www.tech-arrow.com\/wp-content\/uploads\/2019\/01\/contentACCESS-3.7-global-rules.png\" alt=\"\" width=\"50%\" \/> \u00a0 \u00a0 \u00a0 <img decoding=\"async\" src=\"https:\/\/www.tech-arrow.com\/wp-content\/uploads\/2019\/01\/contentACCESS-3.7-archiving-rules.png\" alt=\"\" width=\"25%\" \/><\/center>&nbsp;<\/p>\n<h3 style=\"color: #1e6ea6; padding-top: 0px;\">ShareApp:<\/h3>\n<p style=\"text-align: justify;\"><strong>\u2713 \u00c4nderung von Sharing Optionen direkt in der App:<\/strong> Sie haben vergessen, jemanden zur Liste der freigegebenen Empf\u00e4nger hinzuzuf\u00fcgen, oder ist die Freigabe abgelaufen? Optionen f\u00fcr die Dateien, die Sie freigeben m\u00f6chten, k\u00f6nnen jetzt sp\u00e4ter direkt in der App bearbeitet werden, was den Prozess erheblich vereinfacht.<\/p>\n<p><center><img decoding=\"async\" src=\"https:\/\/www.tech-arrow.com\/wp-content\/uploads\/2019\/01\/contentACCESS-3.7-sharing.png\" alt=\"\" width=\"30%\" \/> \u00a0 \u00a0 \u00a0 <img decoding=\"async\" src=\"https:\/\/www.tech-arrow.com\/wp-content\/uploads\/2019\/01\/contentACCESS-3.7-sharing-update.png\" alt=\"\" width=\"30%\" \/><\/center>&nbsp;<\/p>\n<p style=\"text-align: justify;\"><strong>\u2713 Neues contentWEB Layout f\u00fcr geteilte Dateien:<\/strong> Das contentWEB Layout f\u00fcr mit der ShareApp geteilte Dateien wurde \u00fcberarbeitet.<\/p>\n<p><center><img decoding=\"async\" src=\"https:\/\/www.tech-arrow.com\/wp-content\/uploads\/2019\/01\/contentACCESS-3.7-sharing-attachment.png\" alt=\"\" width=\"60%\" \/><center><\/center><\/center>&nbsp;<\/p>\n<\/div>\n<div style=\"border: 1px solid #dddddd; background-color: white; width: 94%; padding: 3%; margin-bottom: 20px;\">\n<h3 style=\"color: red; padding-top: 0px;\">E-Mail Archive<\/h3>\n<p style=\"text-align: justify;\"><strong>\u2713 Inaktive Ordner:<\/strong> Der Synchronisierungsjob f\u00fcr die E-Mail-Archivverkn\u00fcpfung markiert auch fehlende Ordner als inaktiv. Inaktive Ordner werden in contentWEB grau dargestellt und k\u00f6nnen herausgefiltert werden. Verglichen mit dem echten Postfach erhalten Sie eine wesentlich konsistentere Ansicht Ihres Archivs.<\/p>\n<p style=\"text-align: justify;\"><strong>\u2713 PST Discovery und Import:<\/strong> Scannen Sie die Remotecomputer nach PST-Dateien, laden Sie sie in contentACCESS hoch und importieren Sie sie in die gew\u00fcnschten Postf\u00e4cher! Dieser Vorgang kann mit wenigen einfachen Klicks unter Verwendung der Zentraladministration und des RFA-Clients ausgef\u00fchrt werden.<\/p>\n<p><center><img decoding=\"async\" src=\"https:\/\/www.tech-arrow.com\/wp-content\/uploads\/2019\/01\/contentACCESS-3.7-PST-import.png\" alt=\"\" width=\"80%\" \/><\/center><\/p>\n<hr \/>\n<p>&nbsp;<\/p>\n<p><center><img decoding=\"async\" src=\"https:\/\/www.tech-arrow.com\/wp-content\/uploads\/2019\/01\/contentACCESS-3.7-PST-import-jobs.png\" alt=\"\" width=\"80%\" \/><\/center>&nbsp;<\/p>\n<p style=\"text-align: justify;\"><strong>\u2713 Serverseitige E-Mail Rendering in contentWEB:<\/strong> ContentWEB kann ab sofort die E-Mail-Vorschau anzeigen, ohne die .msg-Datei herunterzuladen. Bei diesem Ansatz wird nur der HTML-Inhalt vom Server anstelle der gesamten MSG-Datei gesendet. Dies verbessert die Ladeleistung und macht die Installation von MS Outlook auf dem contentWEB-Computer \u00fcberfl\u00fcssig. Der Rendering-Modus kann direkt in den contentWEB-Einstellungen konfiguriert werden.<\/p>\n<p style=\"text-align: justify;\"><strong>\u2713 Neue Art und Weise die Mail App zu aktivieren:<\/strong> Die Aktivierung der Mail-App wurde \u00fcberarbeitet und von der Benutzererfahrung in das Adressbuch in der Zentraladministration verschoben. Dadurch wird der Aktivierungsprozess viel schneller und transparenter, da der Administrator Postf\u00e4cher, Gruppen und Server ausw\u00e4hlen und dann den EA-Bereitstellungsjob einfach (manuell oder automatisch) ausf\u00fchren kann.<\/p>\n<p><img decoding=\"async\" src=\"https:\/\/www.tech-arrow.com\/wp-content\/uploads\/2019\/01\/contentACCESS-3.7-view-address-book.png\" alt=\"\" width=\"90%\" \/><\/p>\n<p>&nbsp;<\/p>\n<p style=\"text-align: justify;\"><strong>\u2713 Korrekte Trennung der Postf\u00e4cher:<\/strong> Um Verwirrungen zu vermeiden, werden deaktivierte Postf\u00e4cher standardm\u00e4\u00dfig nicht in Clientanwendungen angezeigt. Der Administrator kann ein Postfach jederzeit aktivieren und deren Inhalt verf\u00fcgbar machen.<\/p>\n<\/div>\n<div style=\"border: 1px solid #dddddd; background-color: white; width: 94%; padding: 3%; margin-bottom: 20px;\">\n<h3 style=\"color: red; padding-top: 0px;\">Update von \u00e4lteren Versionen<\/h3>\n<p><strong>\u2713 Update Pfad:<\/strong> Das Update wird ab contentACCESS Version 3.1 und h\u00f6her unterst\u00fctzt. \u00c4ltere Versionen m\u00fcssen auf contentACCESS 3.1 und dann von Version 3.1 auf die neueste Version aktualisiert werden.<\/p>\n<p>Wenn das Update von einer fr\u00fcheren Version als 3.3 durchgef\u00fchrt wird, m\u00fcssen einige neue Funktionen nach dem Update manuell konfiguriert werden.<\/p>\n<p>Eine dieser Funktionen ist der Task-Runner, der einen Ressourcenspeicher ben\u00f6tigt, in dem die Exportdateien gespeichert werden. Dieser Speicher muss in System -&gt; System -&gt; Ressourcenspeichereinstellungen konfiguriert werden. Auf diesen Store m\u00fcssen alle contentACCESS-Knoten innerhalb eines Clusters zugreifen k\u00f6nnen. Daher wird dringend empfohlen, eine Netzwerkfreigabe zu verwenden.<\/p>\n<p><strong>\u2713 Mail App Aktivierung:<\/strong> Als Ergebnis der Neugestaltung der E-Mail-Aktivierungsmethode in contentACCESS Email Archiv ist f\u00fcr den Super-Benutzer eine neue Berechtigung &#8222;Org Marketplace Apps&#8220; erforderlich, damit dieser funktioniert.<\/p>\n<p><strong>\u2713 Outlook-Formulare:<\/strong> Wenn das Update von einer fr\u00fcheren Version als 3.4 durchgef\u00fchrt wird, m\u00fcssen die Outlook-Formulare aufgrund einiger interner \u00c4nderungen im E-Mail-Archiv-Verkn\u00fcpfungsformat auf die neueste Version aktualisiert werden, damit die korrekte Funktionalit\u00e4t erhalten bleibt.<\/p>\n<p><strong>\u2713 Remote-Dateiarchivierung:<\/strong> Vorhandene Remote-Agent-Definitionen funktionieren nicht, da einige Datenbankstrukturen von der Archivdatei des Dateisystems in die Tenant Datenbank verschoben wurden.<\/p>\n<p><strong>\u2713 SQL Server-Unterst\u00fctzung:<\/strong> Die minimal erforderliche SQL-Version wurde von MS SQL 2008 auf MS SQL 2012 erh\u00f6ht.<\/p>\n<\/div>\n<div style=\"border: 1px solid #dddddd; background-color: white; width: 94%; padding: 3%; margin-bottom: 20px;\">\n<h3 style=\"color: red; padding-top: 0px;\">Dokumentation<\/h3>\n<p style=\"text-align: left;\"><strong>\u2713 Dokumentation<\/strong> \u2013 Bitte beachten Sie die aktualisierte Dokumentation und die aktualisierten Handb\u00fccher.<\/p>\n<p><a title=\"contentAccess Manual\" href=\"https:\/\/documentation.tech-arrow.com\/contentaccess-manuals\/\" target=\"_blank\" rel=\"noopener\"><img loading=\"lazy\" decoding=\"async\" src=\"https:\/\/www.tech-arrow.com\/wp-content\/uploads\/2016\/02\/3.png\" alt=\"3\" width=\"20\" height=\"20\" \/><\/a> <a title=\"contentAccess Manual\" href=\"https:\/\/documentation.tech-arrow.com\/contentaccess-manuals\/\" target=\"_blank\" rel=\"noopener\">contentACCESS Manual<\/a><\/p>\n<p><a title=\"contentWEB Manual\" href=\"https:\/\/www.tech-arrow.com\/documentation\/contentweb\/\" target=\"_blank\" rel=\"noopener\"><img loading=\"lazy\" decoding=\"async\" src=\"https:\/\/www.tech-arrow.com\/wp-content\/uploads\/2016\/02\/3.png\" alt=\"3\" width=\"20\" height=\"20\" \/><\/a> <a title=\"contentWEB Manual\" href=\"https:\/\/www.tech-arrow.com\/documentation\/contentweb\/\" target=\"_blank\" rel=\"noopener\">contentWEB Manual<\/a><\/p>\n<p><a href=\"https:\/\/www.tech-arrow.com\/documentation\/officegate\/\"><img loading=\"lazy\" decoding=\"async\" src=\"https:\/\/www.tech-arrow.com\/wp-content\/uploads\/2016\/02\/3.png\" alt=\"3\" width=\"20\" height=\"20\" \/><\/a> <a href=\"https:\/\/www.tech-arrow.com\/documentation\/officegate\/\" target=\"_blank\" rel=\"noopener\">officeGATE manual<\/a><\/p>\n<p><a href=\"https:\/\/www.tech-arrow.com\/documentation\/tech-arrows-winshortcutter\/\"><img loading=\"lazy\" decoding=\"async\" src=\"https:\/\/www.tech-arrow.com\/wp-content\/uploads\/2016\/02\/3.png\" alt=\"3\" width=\"20\" height=\"20\" \/><\/a> <a href=\"https:\/\/www.tech-arrow.com\/documentation\/tech-arrows-winshortcutter\/\" target=\"_blank\" rel=\"noopener\">TECH-ARROW\u2019s WinShortcutter user manual<\/a><\/p>\n<\/div>\n","protected":false},"excerpt":{"rendered":"<p>Eine Liste aller Versionshinweise k\u00f6nnen Sie hier finden. Die folgende Liste bietet Ihnen eine \u00dcbersicht \u00fcber die neuesten Verbesserungen die Ihnen von contentACCESS 3.7 geboten werden: Funktionen \u2713 On-Demand Task Runner und E-Mail Sender Start: Der Task Runner und Benachrichtigungen Job startet jetzt, wenn dieser von einem Event wie z.B. ZIP Export, PST Export oder [&hellip;]<\/p>\n","protected":false},"author":7,"featured_media":0,"parent":0,"menu_order":0,"comment_status":"closed","ping_status":"closed","template":"","meta":{"_acf_changed":false,"inline_featured_image":false,"footnotes":""},"class_list":["post-5524","page","type-page","status-publish","hentry"],"acf":[],"yoast_head":"<!-- This site is optimized with the Yoast SEO plugin v27.0 - https:\/\/yoast.com\/product\/yoast-seo-wordpress\/ -->\n<title>contentACCESS Version 3.7 \u2013 Details - TECH-ARROW<\/title>\n<meta name=\"robots\" content=\"index, follow, max-snippet:-1, max-image-preview:large, max-video-preview:-1\" \/>\n<link rel=\"canonical\" href=\"https:\/\/www.tech-arrow.com\/de\/contentaccess-version-3-7-details\/\" \/>\n<meta property=\"og:locale\" content=\"de_DE\" \/>\n<meta property=\"og:type\" content=\"article\" \/>\n<meta property=\"og:title\" content=\"contentACCESS Version 3.7 \u2013 Details - TECH-ARROW\" \/>\n<meta property=\"og:description\" content=\"Eine Liste aller Versionshinweise k\u00f6nnen Sie hier finden. Die folgende Liste bietet Ihnen eine \u00dcbersicht \u00fcber die neuesten Verbesserungen die Ihnen von contentACCESS 3.7 geboten werden: Funktionen \u2713 On-Demand Task Runner und E-Mail Sender Start: Der Task Runner und Benachrichtigungen Job startet jetzt, wenn dieser von einem Event wie z.B. ZIP Export, PST Export oder [&hellip;]\" \/>\n<meta property=\"og:url\" content=\"https:\/\/www.tech-arrow.com\/de\/contentaccess-version-3-7-details\/\" \/>\n<meta property=\"og:site_name\" content=\"TECH-ARROW\" \/>\n<meta property=\"article:publisher\" content=\"https:\/\/www.facebook.com\/thetecharrow\/?fref=ts\" \/>\n<meta property=\"article:modified_time\" content=\"2024-11-27T14:04:27+00:00\" \/>\n<meta property=\"og:image\" content=\"https:\/\/www.tech-arrow.com\/wp-content\/uploads\/2019\/01\/contentACCESS-3.7-remote-agents.png\" \/>\n<meta name=\"twitter:card\" content=\"summary_large_image\" \/>\n<script type=\"application\/ld+json\" class=\"yoast-schema-graph\">{\"@context\":\"https:\/\/schema.org\",\"@graph\":[{\"@type\":\"WebPage\",\"@id\":\"https:\/\/www.tech-arrow.com\/de\/contentaccess-version-3-7-details\/\",\"url\":\"https:\/\/www.tech-arrow.com\/de\/contentaccess-version-3-7-details\/\",\"name\":\"contentACCESS Version 3.7 \u2013 Details - TECH-ARROW\",\"isPartOf\":{\"@id\":\"https:\/\/www.tech-arrow.com\/#website\"},\"primaryImageOfPage\":{\"@id\":\"https:\/\/www.tech-arrow.com\/de\/contentaccess-version-3-7-details\/#primaryimage\"},\"image\":{\"@id\":\"https:\/\/www.tech-arrow.com\/de\/contentaccess-version-3-7-details\/#primaryimage\"},\"thumbnailUrl\":\"https:\/\/www.tech-arrow.com\/wp-content\/uploads\/2019\/01\/contentACCESS-3.7-remote-agents.png\",\"datePublished\":\"2021-10-14T08:38:16+00:00\",\"dateModified\":\"2024-11-27T14:04:27+00:00\",\"breadcrumb\":{\"@id\":\"https:\/\/www.tech-arrow.com\/de\/contentaccess-version-3-7-details\/#breadcrumb\"},\"inLanguage\":\"de\",\"potentialAction\":[{\"@type\":\"ReadAction\",\"target\":[\"https:\/\/www.tech-arrow.com\/de\/contentaccess-version-3-7-details\/\"]}]},{\"@type\":\"ImageObject\",\"inLanguage\":\"de\",\"@id\":\"https:\/\/www.tech-arrow.com\/de\/contentaccess-version-3-7-details\/#primaryimage\",\"url\":\"https:\/\/www.tech-arrow.com\/wp-content\/uploads\/2019\/01\/contentACCESS-3.7-remote-agents.png\",\"contentUrl\":\"https:\/\/www.tech-arrow.com\/wp-content\/uploads\/2019\/01\/contentACCESS-3.7-remote-agents.png\"},{\"@type\":\"BreadcrumbList\",\"@id\":\"https:\/\/www.tech-arrow.com\/de\/contentaccess-version-3-7-details\/#breadcrumb\",\"itemListElement\":[{\"@type\":\"ListItem\",\"position\":1,\"name\":\"Home\",\"item\":\"https:\/\/www.tech-arrow.com\/de\/\"},{\"@type\":\"ListItem\",\"position\":2,\"name\":\"contentACCESS Version 3.7 \u2013 Details\"}]},{\"@type\":\"WebSite\",\"@id\":\"https:\/\/www.tech-arrow.com\/#website\",\"url\":\"https:\/\/www.tech-arrow.com\/\",\"name\":\"TECH-ARROW\",\"description\":\"\",\"publisher\":{\"@id\":\"https:\/\/www.tech-arrow.com\/#organization\"},\"potentialAction\":[{\"@type\":\"SearchAction\",\"target\":{\"@type\":\"EntryPoint\",\"urlTemplate\":\"https:\/\/www.tech-arrow.com\/?s={search_term_string}\"},\"query-input\":{\"@type\":\"PropertyValueSpecification\",\"valueRequired\":true,\"valueName\":\"search_term_string\"}}],\"inLanguage\":\"de\"},{\"@type\":\"Organization\",\"@id\":\"https:\/\/www.tech-arrow.com\/#organization\",\"name\":\"TECH-ARROW, GmbH.\",\"url\":\"https:\/\/www.tech-arrow.com\/\",\"logo\":{\"@type\":\"ImageObject\",\"inLanguage\":\"de\",\"@id\":\"https:\/\/www.tech-arrow.com\/#\/schema\/logo\/image\/\",\"url\":\"https:\/\/www.tech-arrow.com\/wp-content\/uploads\/2017\/04\/techarrow-logo-481x97.png\",\"contentUrl\":\"https:\/\/www.tech-arrow.com\/wp-content\/uploads\/2017\/04\/techarrow-logo-481x97.png\",\"width\":481,\"height\":97,\"caption\":\"TECH-ARROW, GmbH.\"},\"image\":{\"@id\":\"https:\/\/www.tech-arrow.com\/#\/schema\/logo\/image\/\"},\"sameAs\":[\"https:\/\/www.facebook.com\/thetecharrow\/?fref=ts\",\"https:\/\/www.linkedin.com\/company\/techarrow\",\"https:\/\/www.youtube.com\/user\/thetecharrow\"]}]}<\/script>\n<!-- \/ Yoast SEO plugin. -->","yoast_head_json":{"title":"contentACCESS Version 3.7 \u2013 Details - TECH-ARROW","robots":{"index":"index","follow":"follow","max-snippet":"max-snippet:-1","max-image-preview":"max-image-preview:large","max-video-preview":"max-video-preview:-1"},"canonical":"https:\/\/www.tech-arrow.com\/de\/contentaccess-version-3-7-details\/","og_locale":"de_DE","og_type":"article","og_title":"contentACCESS Version 3.7 \u2013 Details - TECH-ARROW","og_description":"Eine Liste aller Versionshinweise k\u00f6nnen Sie hier finden. Die folgende Liste bietet Ihnen eine \u00dcbersicht \u00fcber die neuesten Verbesserungen die Ihnen von contentACCESS 3.7 geboten werden: Funktionen \u2713 On-Demand Task Runner und E-Mail Sender Start: Der Task Runner und Benachrichtigungen Job startet jetzt, wenn dieser von einem Event wie z.B. ZIP Export, PST Export oder [&hellip;]","og_url":"https:\/\/www.tech-arrow.com\/de\/contentaccess-version-3-7-details\/","og_site_name":"TECH-ARROW","article_publisher":"https:\/\/www.facebook.com\/thetecharrow\/?fref=ts","article_modified_time":"2024-11-27T14:04:27+00:00","og_image":[{"url":"https:\/\/www.tech-arrow.com\/wp-content\/uploads\/2019\/01\/contentACCESS-3.7-remote-agents.png","type":"","width":"","height":""}],"twitter_card":"summary_large_image","schema":{"@context":"https:\/\/schema.org","@graph":[{"@type":"WebPage","@id":"https:\/\/www.tech-arrow.com\/de\/contentaccess-version-3-7-details\/","url":"https:\/\/www.tech-arrow.com\/de\/contentaccess-version-3-7-details\/","name":"contentACCESS Version 3.7 \u2013 Details - TECH-ARROW","isPartOf":{"@id":"https:\/\/www.tech-arrow.com\/#website"},"primaryImageOfPage":{"@id":"https:\/\/www.tech-arrow.com\/de\/contentaccess-version-3-7-details\/#primaryimage"},"image":{"@id":"https:\/\/www.tech-arrow.com\/de\/contentaccess-version-3-7-details\/#primaryimage"},"thumbnailUrl":"https:\/\/www.tech-arrow.com\/wp-content\/uploads\/2019\/01\/contentACCESS-3.7-remote-agents.png","datePublished":"2021-10-14T08:38:16+00:00","dateModified":"2024-11-27T14:04:27+00:00","breadcrumb":{"@id":"https:\/\/www.tech-arrow.com\/de\/contentaccess-version-3-7-details\/#breadcrumb"},"inLanguage":"de","potentialAction":[{"@type":"ReadAction","target":["https:\/\/www.tech-arrow.com\/de\/contentaccess-version-3-7-details\/"]}]},{"@type":"ImageObject","inLanguage":"de","@id":"https:\/\/www.tech-arrow.com\/de\/contentaccess-version-3-7-details\/#primaryimage","url":"https:\/\/www.tech-arrow.com\/wp-content\/uploads\/2019\/01\/contentACCESS-3.7-remote-agents.png","contentUrl":"https:\/\/www.tech-arrow.com\/wp-content\/uploads\/2019\/01\/contentACCESS-3.7-remote-agents.png"},{"@type":"BreadcrumbList","@id":"https:\/\/www.tech-arrow.com\/de\/contentaccess-version-3-7-details\/#breadcrumb","itemListElement":[{"@type":"ListItem","position":1,"name":"Home","item":"https:\/\/www.tech-arrow.com\/de\/"},{"@type":"ListItem","position":2,"name":"contentACCESS Version 3.7 \u2013 Details"}]},{"@type":"WebSite","@id":"https:\/\/www.tech-arrow.com\/#website","url":"https:\/\/www.tech-arrow.com\/","name":"TECH-ARROW","description":"","publisher":{"@id":"https:\/\/www.tech-arrow.com\/#organization"},"potentialAction":[{"@type":"SearchAction","target":{"@type":"EntryPoint","urlTemplate":"https:\/\/www.tech-arrow.com\/?s={search_term_string}"},"query-input":{"@type":"PropertyValueSpecification","valueRequired":true,"valueName":"search_term_string"}}],"inLanguage":"de"},{"@type":"Organization","@id":"https:\/\/www.tech-arrow.com\/#organization","name":"TECH-ARROW, GmbH.","url":"https:\/\/www.tech-arrow.com\/","logo":{"@type":"ImageObject","inLanguage":"de","@id":"https:\/\/www.tech-arrow.com\/#\/schema\/logo\/image\/","url":"https:\/\/www.tech-arrow.com\/wp-content\/uploads\/2017\/04\/techarrow-logo-481x97.png","contentUrl":"https:\/\/www.tech-arrow.com\/wp-content\/uploads\/2017\/04\/techarrow-logo-481x97.png","width":481,"height":97,"caption":"TECH-ARROW, GmbH."},"image":{"@id":"https:\/\/www.tech-arrow.com\/#\/schema\/logo\/image\/"},"sameAs":["https:\/\/www.facebook.com\/thetecharrow\/?fref=ts","https:\/\/www.linkedin.com\/company\/techarrow","https:\/\/www.youtube.com\/user\/thetecharrow"]}]}},"_links":{"self":[{"href":"https:\/\/www.tech-arrow.com\/de\/wp-json\/wp\/v2\/pages\/5524","targetHints":{"allow":["GET"]}}],"collection":[{"href":"https:\/\/www.tech-arrow.com\/de\/wp-json\/wp\/v2\/pages"}],"about":[{"href":"https:\/\/www.tech-arrow.com\/de\/wp-json\/wp\/v2\/types\/page"}],"author":[{"embeddable":true,"href":"https:\/\/www.tech-arrow.com\/de\/wp-json\/wp\/v2\/users\/7"}],"replies":[{"embeddable":true,"href":"https:\/\/www.tech-arrow.com\/de\/wp-json\/wp\/v2\/comments?post=5524"}],"version-history":[{"count":3,"href":"https:\/\/www.tech-arrow.com\/de\/wp-json\/wp\/v2\/pages\/5524\/revisions"}],"predecessor-version":[{"id":13423,"href":"https:\/\/www.tech-arrow.com\/de\/wp-json\/wp\/v2\/pages\/5524\/revisions\/13423"}],"wp:attachment":[{"href":"https:\/\/www.tech-arrow.com\/de\/wp-json\/wp\/v2\/media?parent=5524"}],"curies":[{"name":"wp","href":"https:\/\/api.w.org\/{rel}","templated":true}]}}