{"id":5526,"date":"2021-10-14T10:38:48","date_gmt":"2021-10-14T08:38:48","guid":{"rendered":"https:\/\/www.tech-arrow.com\/?page_id=5526"},"modified":"2024-11-27T15:04:39","modified_gmt":"2024-11-27T14:04:39","slug":"contentaccess-version-3-8-details","status":"publish","type":"page","link":"https:\/\/www.tech-arrow.com\/de\/contentaccess-version-3-8-details\/","title":{"rendered":"contentACCESS Version 3.8 \u2013 Details"},"content":{"rendered":"<p>Eine Liste aller Versionshinweise k\u00f6nnen Sie <a href=\"https:\/\/www.tech-arrow.com\/de\/contentaccess-anmerkungen-zu-dieser-version\/\" rel=\"noopener noreferrer\">hier<\/a> finden.<br \/>\nDie folgende Liste bietet Ihnen eine \u00dcbersicht \u00fcber die neuesten Verbesserungen die Ihnen von contentACCESS 3.8 geboten werden:<\/p>\n<div style=\"border: 1px solid #ddd; background-color: white; width: 94%; padding: 3%; margin-bottom: 20px;\">\n<h3 style=\"color: red; padding-top: 0px;\">Common features<\/h3>\n<p style=\"text-align: justify;\"><strong>\u2713 Erweiterte Filterung:<\/strong> Bei der Filterung von Auftr\u00e4gen wurden gro\u00dfe Verbesserungen vorgenommen. Es ist nun einfacher zu definieren, ob Positionen bearbeitet werden sollen oder nicht. Wenn keine der vordefinierten Eigenschaften Ihren Anforderungen entspricht, k\u00f6nnen Sie auch eine eigene definieren! Die neue Filter-Engine kann sogar nach dem Volltextinhalt eines Objekts filtern. Aufgrund der gro\u00dfen \u00c4nderungen empfehlen wir, die Abw\u00e4rtskompatibilit\u00e4t zu \u00fcberpr\u00fcfen.<\/p>\n<p><center><img decoding=\"async\" src=\"https:\/\/www.tech-arrow.com\/wp-content\/uploads\/2019\/05\/filter-settings.png\" alt=\"\" width=\"70%\" \/><\/center><\/p>\n<p style=\"text-align: justify;\"><strong>\u2713<\/strong> <strong>Verschl\u00fcsselung des Festplattenspeichers:<\/strong> Verschl\u00fcsseln und speichern Sie Ihre Dateien in einem Arbeitsgang &#8211; mit der neuen Speicher-Verschl\u00fcsselungsm\u00f6glichkeit wird es einfach sein, Ihrem Archiv eine zus\u00e4tzliche Sicherheitsstufe hinzuzuf\u00fcgen!<\/p>\n<p><center><img decoding=\"async\" src=\"https:\/\/www.tech-arrow.com\/wp-content\/uploads\/2019\/05\/Storage-repository.png\" alt=\"\" width=\"60%\" \/><\/center><\/p>\n<p style=\"text-align: justify;\"><strong>\u2713 \u00dcberwachungsdaten, die in Elasticsearch gespeichert sind:<\/strong> Um die Datenbank des contentACCESS-Systems von der Last zu befreien, die \u00dcberwachungsprotokolle mit sich bringen k\u00f6nnen, ist es nun m\u00f6glich, sie direkt in der elastischen Suche zu speichern. Dies hilft vor allem in F\u00e4llen, in denen die Datenbankleistung schlecht sein kann, z.B. in Cloud-Szenarien.<\/p>\n<p style=\"text-align: justify;\"><strong>\u2713<\/strong> <strong>\u2713 Zeitzone und Zeitformatierung:<\/strong> Zeitzone und Zeitformatierung k\u00f6nnen auf System- und\/oder Mandantenebene festgelegt werden. Diese Einstellungen werden auf die zentrale Verwaltung und contentWEB angewendet.<\/p>\n<p><center><img decoding=\"async\" src=\"https:\/\/www.tech-arrow.com\/wp-content\/uploads\/2019\/05\/create-new-tenant.png\" alt=\"\" width=\"70%\" \/><\/center><\/p>\n<p style=\"text-align: justify;\"><strong>\u2713<\/strong> <strong>Automatische Aufteilung der Indexzone:<\/strong> Um die Suchleistung zu erh\u00f6hen und den Suchserver zu entlasten, wurde der Indizierungsauftrag um die M\u00f6glichkeit erweitert, Postf\u00e4cher innerhalb einer Indexzone in mehrere Indexgruppen aufzuteilen. Die Anzahl der Einheiten pro Indexgruppe ist konfigurierbar.<\/p>\n<p><center><img decoding=\"async\" src=\"https:\/\/www.tech-arrow.com\/wp-content\/uploads\/2019\/05\/index-zone.png\" alt=\"\" width=\"60%\" \/><\/center><\/div>\n<div style=\"border: 1px solid #dddddd; background-color: white; width: 94%; padding: 3%; margin-bottom: 20px;\">\n<h3 style=\"color: red; padding-top: 0px;\">E-Mail-Archiv<\/h3>\n<p style=\"text-align: justify;\"><strong>\u2713 Unterst\u00fctzung der Hybrid-B\u00f6rsenumgebung:<\/strong> Wenn Ihre Umgebung sowohl aus Cloud als auch aus On-Premise\/Hosting besteht, machen Sie sich keine Sorgen! Die neueste contentACCESS-Version unterst\u00fctzt auch die Konfiguration einer hybriden Umgebung. Die \u00dcbergangszeit zwischen Vor-Ort- und Hybridbetrieb wird vollst\u00e4ndig unterst\u00fctzt &#8211; Sie k\u00f6nnen Ihre Postf\u00e4cher kontinuierlich in die Cloud verschieben und Ihren lokalen Exchange anschlie\u00dfend herunterfahren. Die Benutzer k\u00f6nnen w\u00e4hlen, ob sie mit Windows- oder O365-Authentifizierung auf ihre Daten im Archiv zugreifen m\u00f6chten.<\/p>\n<p><center><img decoding=\"async\" src=\"https:\/\/www.tech-arrow.com\/wp-content\/uploads\/2019\/05\/Hybrid-exchange-settings.png\" alt=\"\" width=\"55%\" \/><\/center><\/p>\n<p style=\"text-align: justify;\"><strong>\u2713 Journal Nachbearbeitungsauftrag:<\/strong> Sie haben nur das Journal-Postfach archiviert, m\u00f6chten aber jetzt den Benutzern Zugriff auf ihre Mails geben? Keine Sorge, der neue Job zur Journalnachbearbeitung kann das f\u00fcr Sie tun! Der Job durchl\u00e4uft alle E-Mails im Journalarchiv-Postfach und dupliziert (fehlende) E-Mails in die Empf\u00e4nger-Postf\u00e4cher, die im Adressbuch vorhanden sind!<\/p>\n<p style=\"text-align: justify;\"><strong>\u2713 \u2713 Adressbuch seitenweises Laden:<\/strong> Haben Sie viele Postf\u00e4cher und l\u00e4dt das Adressbuch zu langsam f\u00fcr Sie? Jetzt nicht mehr! Mit den \u00c4nderungen, die wir in contentACCESS 3.8 vorgenommen haben, wird das Adressbuch weniger Elemente auf einmal laden als in fr\u00fcheren Versionen. Dadurch wird die Ladegeschwindigkeit deutlich erh\u00f6ht und die Leistung gesteigert.<\/p>\n<p style=\"text-align: justify;\"><strong>\u2713 Inline-Anh\u00e4nge aufbewahren:<\/strong> Wenn Sie Inline-Anh\u00e4nge w\u00e4hrend der Erstellung der Verkn\u00fcpfung im E-Mail-Text behalten m\u00f6chten, ist dies m\u00f6glich, indem Sie das Kontrollk\u00e4stchen &#8222;Inline-Anh\u00e4nge beibehalten&#8220; aktivieren (muss eine formatierte HTML-Verkn\u00fcpfungsvorlage verwenden)!<\/p>\n<p style=\"text-align: justify;\"><strong>\u2713 Speichern von Kuvertdaten direkt im Speicher:<\/strong> Ab contentACCESS 3.8 werden die Kuvertdaten direkt im Store gespeichert, um die E-Mail-Archivdatenbank klein zu halten.<\/p>\n<p style=\"text-align: justify;\"><strong>\u2713 Automatische Speicher- und Datenbankzuordnung (SMTP):<\/strong> Die neue Version von contentACCESS ist in der Lage, den neu hinzugef\u00fcgten Postf\u00e4chern automatisch Speicher und Datenbank zuzuordnen und die Postf\u00e4cher f\u00fcr die erweiterte SMTP-Archivierung vorzubereiten!<\/p>\n<p><center><img loading=\"lazy\" decoding=\"async\" class=\"aligncenter size-full wp-image-4765\" src=\"https:\/\/www.tech-arrow.com\/wp-content\/uploads\/2019\/05\/database-assignment.png\" alt=\"\" width=\"727\" height=\"196\" \/><\/center><\/p>\n<p style=\"text-align: justify;\"><strong>\u2713 Automatische Erstellung von contentWEB-Zug\u00e4ngen:<\/strong> Die Erstellung von contentWEB-Benutzern ist jetzt viel einfacher geworden &#8211; aktivieren Sie einfach das Kontrollk\u00e4stchen &#8222;Create contentWEB user&#8220; in der Konfiguration der E-Mail-Archivbereitstellung und der Provisionierungsauftrag erledigt die gesamte Arbeit!<\/p>\n<p><center><img loading=\"lazy\" decoding=\"async\" class=\"aligncenter size-full wp-image-4765\" src=\"https:\/\/www.tech-arrow.com\/wp-content\/uploads\/2019\/05\/database-assignment.png\" alt=\"\" width=\"727\" height=\"196\" \/><\/center><\/p>\n<p style=\"text-align: justify;\"><strong>\u2713 Outlook bildet die Authentifizierung f\u00fcr die Cloud:<\/strong> Mit contentACCESS 3.8 ist es nun m\u00f6glich, Outlook-Formulare zusammen mit Linksicherheit in einer Cloud-Umgebung zu verwenden.<\/p>\n<\/div>\n<div style=\"border: 1px solid #ddd; background-color: white; width: 94%; padding: 3%; margin-bottom: 20px;\">\n<h3 style=\"color: red; padding-top: 0px;\">DSGVO<\/h3>\n<p style=\"text-align: justify;\"><strong>\u2713 Inkrementelle GDPR Exchange Crawling:<\/strong> Der Job GDPR Exchange wurde erweitert, um die gew\u00fcnschten E-Mails schneller zu finden.<\/p>\n<p style=\"text-align: justify;\"><strong>\u2713 Pers\u00f6nlichkeitsrechte:<\/strong> Der GDPR Exchange verlangt nun, dass der unter den Exchange-Verbindungen eingestellte Benutzer \u00fcber Impersonierungsrechte f\u00fcr die Mailbox(en) verf\u00fcgt, die er bearbeiten m\u00f6chte.<\/p>\n<\/div>\n<div style=\"border: 1px solid #dddddd; background-color: white; width: 94%; padding: 3%; margin-bottom: 20px;\">\n<h3 style=\"color: red; padding-top: 0px;\">Update von \u00e4lteren Versionen<\/h3>\n<p style=\"text-align: justify;\"><strong>\u2713 Aktualisierungspfad:<\/strong> Das Update wird ab contentACCESS Version 3.1 unterst\u00fctzt. \u00c4ltere Versionen m\u00fcssen zun\u00e4chst auf contentACCESS 3.1 und dann von Version 3.1 auf die neueste Version aktualisiert werden.<\/p>\n<p style=\"text-align: justify;\">Wenn das Update von einer fr\u00fcheren Version als 3.3 durchgef\u00fchrt wird, m\u00fcssen einige neue Funktionen nach dem Update manuell konfiguriert werden.<\/p>\n<p style=\"text-align: justify;\">Eines dieser Features ist der Task Runner, der einen Ressourcenspeicher ben\u00f6tigt, in dem die Exportdateien gespeichert werden. Dieser Speicher muss unter System -&gt; System -&gt; System -&gt; Resource storage settings konfiguriert werden. Dieser Speicher muss f\u00fcr alle contentACCESS-Knoten innerhalb eines Clusters zug\u00e4nglich sein, daher wird dringend empfohlen, eine Netzwerkfreigabe zu verwenden.<\/p>\n<p style=\"text-align: justify;\"><strong>\u2713 Mail App Aktivierung:<\/strong> Durch die Neugestaltung der Mail-App-Aktivierungsmethode im contentACCESS E-Mail-Archiv werden f\u00fcr den Superuser neue Berechtigungen &#8222;Org Marketplace Apps&#8220; und &#8222;User Options&#8220; ben\u00f6tigt, um zu funktionieren.<\/p>\n<p style=\"text-align: justify;\"><strong>\u2713 Outlook-Formulare:<\/strong> Wenn das Update von einer fr\u00fcheren Version als 3.4 durchgef\u00fchrt wird, m\u00fcssen die Outlook-Formulare aufgrund einiger interner \u00c4nderungen im Verkn\u00fcpfungsformat des E-Mail-Archivs auf die neueste Version aktualisiert werden, um die korrekte Funktionalit\u00e4t zu erhalten. F\u00fcr contentACCESS 3.8 m\u00fcssen Outlook-Formulare aufgrund von Authentifizierungs\u00e4nderungen ebenfalls neu ver\u00f6ffentlicht werden.<\/p>\n<p style=\"text-align: justify;\"><strong>\u2713 Fernarchivierung von Dateien:<\/strong>Beim Aktualisieren von contentACCESS 3.6 funktionieren bestehende Remote-Agentendefinitionen nicht, da einige der Datenbankstrukturen aus der Archivdatenbank des Dateisystems in die Mandantendatenbank verschoben wurden.<\/p>\n<p style=\"text-align: justify;\"><strong>\u2713 SQL-Server-Unterst\u00fctzung:<\/strong> Die minimal erforderliche SQL-Version wurde von MS SQL 2008 auf MS SQL 2012 erh\u00f6ht.<\/p>\n<p style=\"text-align: justify;\"><strong>\u2713 Neu gestaltete Filterung:<\/strong> Die alte Filterung wurde in das neue Format umgewandelt. Daher empfehlen wir, alle Einstellungen der Auftragsfilterung nach dem Update von 3.7 oder fr\u00fcher zu \u00fcberpr\u00fcfen.<\/p>\n<\/div>\n<div style=\"border: 1px solid #dddddd; background-color: white; width: 94%; padding: 3%; margin-bottom: 20px;\">\n<h3 style=\"color: red; padding-top: 0px;\">Dokumentation<\/h3>\n<p style=\"text-align: left;\"><strong>\u2713 Dokumentation<\/strong> \u2013 Bitte beachten Sie die aktualisierte Dokumentation und die aktualisierten Handb\u00fccher.<\/p>\n<p><a title=\"contentAccess Manual\" href=\"https:\/\/documentation.tech-arrow.com\/contentaccess-manuals\/\" target=\"_blank\" rel=\"noopener noreferrer\"><img loading=\"lazy\" decoding=\"async\" src=\"https:\/\/www.tech-arrow.com\/wp-content\/uploads\/2016\/02\/3.png\" alt=\"3\" width=\"20\" height=\"20\" \/><\/a> <a title=\"contentAccess Manual\" href=\"https:\/\/documentation.tech-arrow.com\/contentaccess-manuals\/\" target=\"_blank\" rel=\"noopener noreferrer\">contentACCESS Manual<\/a><\/p>\n<p><a title=\"contentWEB Manual\" href=\"https:\/\/www.tech-arrow.com\/documentation\/contentweb\/\" target=\"_blank\" rel=\"noopener noreferrer\"><img loading=\"lazy\" decoding=\"async\" src=\"https:\/\/www.tech-arrow.com\/wp-content\/uploads\/2016\/02\/3.png\" alt=\"3\" width=\"20\" height=\"20\" \/><\/a> <a title=\"contentWEB Manual\" href=\"https:\/\/www.tech-arrow.com\/documentation\/contentweb\/\" target=\"_blank\" rel=\"noopener noreferrer\">contentWEB Manual<\/a><\/p>\n<p><a href=\"https:\/\/www.tech-arrow.com\/documentation\/officegate\/\"><img loading=\"lazy\" decoding=\"async\" src=\"https:\/\/www.tech-arrow.com\/wp-content\/uploads\/2016\/02\/3.png\" alt=\"3\" width=\"20\" height=\"20\" \/><\/a> <a href=\"https:\/\/www.tech-arrow.com\/documentation\/officegate\/\" target=\"_blank\" rel=\"noopener noreferrer\">officeGATE manual<\/a><\/p>\n<p><a href=\"https:\/\/www.tech-arrow.com\/documentation\/tech-arrows-winshortcutter\/\"><img loading=\"lazy\" decoding=\"async\" src=\"https:\/\/www.tech-arrow.com\/wp-content\/uploads\/2016\/02\/3.png\" alt=\"3\" width=\"20\" height=\"20\" \/><\/a> <a href=\"https:\/\/www.tech-arrow.com\/documentation\/tech-arrows-winshortcutter\/\" target=\"_blank\" rel=\"noopener noreferrer\">TECH-ARROW\u2019s WinShortcutter user manual<\/a><\/p>\n<\/div>\n","protected":false},"excerpt":{"rendered":"<p>Eine Liste aller Versionshinweise k\u00f6nnen Sie hier finden. Die folgende Liste bietet Ihnen eine \u00dcbersicht \u00fcber die neuesten Verbesserungen die Ihnen von contentACCESS 3.8 geboten werden: Common features \u2713 Erweiterte Filterung: Bei der Filterung von Auftr\u00e4gen wurden gro\u00dfe Verbesserungen vorgenommen. Es ist nun einfacher zu definieren, ob Positionen bearbeitet werden sollen oder nicht. Wenn keine [&hellip;]<\/p>\n","protected":false},"author":7,"featured_media":0,"parent":0,"menu_order":0,"comment_status":"closed","ping_status":"closed","template":"","meta":{"_acf_changed":false,"inline_featured_image":false,"footnotes":""},"class_list":["post-5526","page","type-page","status-publish","hentry"],"acf":[],"yoast_head":"<!-- This site is optimized with the Yoast SEO plugin v27.0 - https:\/\/yoast.com\/product\/yoast-seo-wordpress\/ -->\n<title>contentACCESS Version 3.8 \u2013 Details - TECH-ARROW<\/title>\n<meta name=\"robots\" content=\"index, follow, max-snippet:-1, max-image-preview:large, max-video-preview:-1\" \/>\n<link rel=\"canonical\" href=\"https:\/\/www.tech-arrow.com\/de\/contentaccess-version-3-8-details\/\" \/>\n<meta property=\"og:locale\" content=\"de_DE\" \/>\n<meta property=\"og:type\" content=\"article\" \/>\n<meta property=\"og:title\" content=\"contentACCESS Version 3.8 \u2013 Details - TECH-ARROW\" \/>\n<meta property=\"og:description\" content=\"Eine Liste aller Versionshinweise k\u00f6nnen Sie hier finden. Die folgende Liste bietet Ihnen eine \u00dcbersicht \u00fcber die neuesten Verbesserungen die Ihnen von contentACCESS 3.8 geboten werden: Common features \u2713 Erweiterte Filterung: Bei der Filterung von Auftr\u00e4gen wurden gro\u00dfe Verbesserungen vorgenommen. Es ist nun einfacher zu definieren, ob Positionen bearbeitet werden sollen oder nicht. Wenn keine [&hellip;]\" \/>\n<meta property=\"og:url\" content=\"https:\/\/www.tech-arrow.com\/de\/contentaccess-version-3-8-details\/\" \/>\n<meta property=\"og:site_name\" content=\"TECH-ARROW\" \/>\n<meta property=\"article:publisher\" content=\"https:\/\/www.facebook.com\/thetecharrow\/?fref=ts\" \/>\n<meta property=\"article:modified_time\" content=\"2024-11-27T14:04:39+00:00\" \/>\n<meta property=\"og:image\" content=\"https:\/\/www.tech-arrow.com\/wp-content\/uploads\/2019\/05\/filter-settings.png\" \/>\n<meta name=\"twitter:card\" content=\"summary_large_image\" \/>\n<script type=\"application\/ld+json\" class=\"yoast-schema-graph\">{\"@context\":\"https:\/\/schema.org\",\"@graph\":[{\"@type\":\"WebPage\",\"@id\":\"https:\/\/www.tech-arrow.com\/de\/contentaccess-version-3-8-details\/\",\"url\":\"https:\/\/www.tech-arrow.com\/de\/contentaccess-version-3-8-details\/\",\"name\":\"contentACCESS Version 3.8 \u2013 Details - TECH-ARROW\",\"isPartOf\":{\"@id\":\"https:\/\/www.tech-arrow.com\/#website\"},\"primaryImageOfPage\":{\"@id\":\"https:\/\/www.tech-arrow.com\/de\/contentaccess-version-3-8-details\/#primaryimage\"},\"image\":{\"@id\":\"https:\/\/www.tech-arrow.com\/de\/contentaccess-version-3-8-details\/#primaryimage\"},\"thumbnailUrl\":\"https:\/\/www.tech-arrow.com\/wp-content\/uploads\/2019\/05\/filter-settings.png\",\"datePublished\":\"2021-10-14T08:38:48+00:00\",\"dateModified\":\"2024-11-27T14:04:39+00:00\",\"breadcrumb\":{\"@id\":\"https:\/\/www.tech-arrow.com\/de\/contentaccess-version-3-8-details\/#breadcrumb\"},\"inLanguage\":\"de\",\"potentialAction\":[{\"@type\":\"ReadAction\",\"target\":[\"https:\/\/www.tech-arrow.com\/de\/contentaccess-version-3-8-details\/\"]}]},{\"@type\":\"ImageObject\",\"inLanguage\":\"de\",\"@id\":\"https:\/\/www.tech-arrow.com\/de\/contentaccess-version-3-8-details\/#primaryimage\",\"url\":\"https:\/\/www.tech-arrow.com\/wp-content\/uploads\/2019\/05\/filter-settings.png\",\"contentUrl\":\"https:\/\/www.tech-arrow.com\/wp-content\/uploads\/2019\/05\/filter-settings.png\"},{\"@type\":\"BreadcrumbList\",\"@id\":\"https:\/\/www.tech-arrow.com\/de\/contentaccess-version-3-8-details\/#breadcrumb\",\"itemListElement\":[{\"@type\":\"ListItem\",\"position\":1,\"name\":\"Home\",\"item\":\"https:\/\/www.tech-arrow.com\/de\/\"},{\"@type\":\"ListItem\",\"position\":2,\"name\":\"contentACCESS Version 3.8 \u2013 Details\"}]},{\"@type\":\"WebSite\",\"@id\":\"https:\/\/www.tech-arrow.com\/#website\",\"url\":\"https:\/\/www.tech-arrow.com\/\",\"name\":\"TECH-ARROW\",\"description\":\"\",\"publisher\":{\"@id\":\"https:\/\/www.tech-arrow.com\/#organization\"},\"potentialAction\":[{\"@type\":\"SearchAction\",\"target\":{\"@type\":\"EntryPoint\",\"urlTemplate\":\"https:\/\/www.tech-arrow.com\/?s={search_term_string}\"},\"query-input\":{\"@type\":\"PropertyValueSpecification\",\"valueRequired\":true,\"valueName\":\"search_term_string\"}}],\"inLanguage\":\"de\"},{\"@type\":\"Organization\",\"@id\":\"https:\/\/www.tech-arrow.com\/#organization\",\"name\":\"TECH-ARROW, GmbH.\",\"url\":\"https:\/\/www.tech-arrow.com\/\",\"logo\":{\"@type\":\"ImageObject\",\"inLanguage\":\"de\",\"@id\":\"https:\/\/www.tech-arrow.com\/#\/schema\/logo\/image\/\",\"url\":\"https:\/\/www.tech-arrow.com\/wp-content\/uploads\/2017\/04\/techarrow-logo-481x97.png\",\"contentUrl\":\"https:\/\/www.tech-arrow.com\/wp-content\/uploads\/2017\/04\/techarrow-logo-481x97.png\",\"width\":481,\"height\":97,\"caption\":\"TECH-ARROW, GmbH.\"},\"image\":{\"@id\":\"https:\/\/www.tech-arrow.com\/#\/schema\/logo\/image\/\"},\"sameAs\":[\"https:\/\/www.facebook.com\/thetecharrow\/?fref=ts\",\"https:\/\/www.linkedin.com\/company\/techarrow\",\"https:\/\/www.youtube.com\/user\/thetecharrow\"]}]}<\/script>\n<!-- \/ Yoast SEO plugin. -->","yoast_head_json":{"title":"contentACCESS Version 3.8 \u2013 Details - TECH-ARROW","robots":{"index":"index","follow":"follow","max-snippet":"max-snippet:-1","max-image-preview":"max-image-preview:large","max-video-preview":"max-video-preview:-1"},"canonical":"https:\/\/www.tech-arrow.com\/de\/contentaccess-version-3-8-details\/","og_locale":"de_DE","og_type":"article","og_title":"contentACCESS Version 3.8 \u2013 Details - TECH-ARROW","og_description":"Eine Liste aller Versionshinweise k\u00f6nnen Sie hier finden. Die folgende Liste bietet Ihnen eine \u00dcbersicht \u00fcber die neuesten Verbesserungen die Ihnen von contentACCESS 3.8 geboten werden: Common features \u2713 Erweiterte Filterung: Bei der Filterung von Auftr\u00e4gen wurden gro\u00dfe Verbesserungen vorgenommen. Es ist nun einfacher zu definieren, ob Positionen bearbeitet werden sollen oder nicht. Wenn keine [&hellip;]","og_url":"https:\/\/www.tech-arrow.com\/de\/contentaccess-version-3-8-details\/","og_site_name":"TECH-ARROW","article_publisher":"https:\/\/www.facebook.com\/thetecharrow\/?fref=ts","article_modified_time":"2024-11-27T14:04:39+00:00","og_image":[{"url":"https:\/\/www.tech-arrow.com\/wp-content\/uploads\/2019\/05\/filter-settings.png","type":"","width":"","height":""}],"twitter_card":"summary_large_image","schema":{"@context":"https:\/\/schema.org","@graph":[{"@type":"WebPage","@id":"https:\/\/www.tech-arrow.com\/de\/contentaccess-version-3-8-details\/","url":"https:\/\/www.tech-arrow.com\/de\/contentaccess-version-3-8-details\/","name":"contentACCESS Version 3.8 \u2013 Details - TECH-ARROW","isPartOf":{"@id":"https:\/\/www.tech-arrow.com\/#website"},"primaryImageOfPage":{"@id":"https:\/\/www.tech-arrow.com\/de\/contentaccess-version-3-8-details\/#primaryimage"},"image":{"@id":"https:\/\/www.tech-arrow.com\/de\/contentaccess-version-3-8-details\/#primaryimage"},"thumbnailUrl":"https:\/\/www.tech-arrow.com\/wp-content\/uploads\/2019\/05\/filter-settings.png","datePublished":"2021-10-14T08:38:48+00:00","dateModified":"2024-11-27T14:04:39+00:00","breadcrumb":{"@id":"https:\/\/www.tech-arrow.com\/de\/contentaccess-version-3-8-details\/#breadcrumb"},"inLanguage":"de","potentialAction":[{"@type":"ReadAction","target":["https:\/\/www.tech-arrow.com\/de\/contentaccess-version-3-8-details\/"]}]},{"@type":"ImageObject","inLanguage":"de","@id":"https:\/\/www.tech-arrow.com\/de\/contentaccess-version-3-8-details\/#primaryimage","url":"https:\/\/www.tech-arrow.com\/wp-content\/uploads\/2019\/05\/filter-settings.png","contentUrl":"https:\/\/www.tech-arrow.com\/wp-content\/uploads\/2019\/05\/filter-settings.png"},{"@type":"BreadcrumbList","@id":"https:\/\/www.tech-arrow.com\/de\/contentaccess-version-3-8-details\/#breadcrumb","itemListElement":[{"@type":"ListItem","position":1,"name":"Home","item":"https:\/\/www.tech-arrow.com\/de\/"},{"@type":"ListItem","position":2,"name":"contentACCESS Version 3.8 \u2013 Details"}]},{"@type":"WebSite","@id":"https:\/\/www.tech-arrow.com\/#website","url":"https:\/\/www.tech-arrow.com\/","name":"TECH-ARROW","description":"","publisher":{"@id":"https:\/\/www.tech-arrow.com\/#organization"},"potentialAction":[{"@type":"SearchAction","target":{"@type":"EntryPoint","urlTemplate":"https:\/\/www.tech-arrow.com\/?s={search_term_string}"},"query-input":{"@type":"PropertyValueSpecification","valueRequired":true,"valueName":"search_term_string"}}],"inLanguage":"de"},{"@type":"Organization","@id":"https:\/\/www.tech-arrow.com\/#organization","name":"TECH-ARROW, GmbH.","url":"https:\/\/www.tech-arrow.com\/","logo":{"@type":"ImageObject","inLanguage":"de","@id":"https:\/\/www.tech-arrow.com\/#\/schema\/logo\/image\/","url":"https:\/\/www.tech-arrow.com\/wp-content\/uploads\/2017\/04\/techarrow-logo-481x97.png","contentUrl":"https:\/\/www.tech-arrow.com\/wp-content\/uploads\/2017\/04\/techarrow-logo-481x97.png","width":481,"height":97,"caption":"TECH-ARROW, GmbH."},"image":{"@id":"https:\/\/www.tech-arrow.com\/#\/schema\/logo\/image\/"},"sameAs":["https:\/\/www.facebook.com\/thetecharrow\/?fref=ts","https:\/\/www.linkedin.com\/company\/techarrow","https:\/\/www.youtube.com\/user\/thetecharrow"]}]}},"_links":{"self":[{"href":"https:\/\/www.tech-arrow.com\/de\/wp-json\/wp\/v2\/pages\/5526","targetHints":{"allow":["GET"]}}],"collection":[{"href":"https:\/\/www.tech-arrow.com\/de\/wp-json\/wp\/v2\/pages"}],"about":[{"href":"https:\/\/www.tech-arrow.com\/de\/wp-json\/wp\/v2\/types\/page"}],"author":[{"embeddable":true,"href":"https:\/\/www.tech-arrow.com\/de\/wp-json\/wp\/v2\/users\/7"}],"replies":[{"embeddable":true,"href":"https:\/\/www.tech-arrow.com\/de\/wp-json\/wp\/v2\/comments?post=5526"}],"version-history":[{"count":3,"href":"https:\/\/www.tech-arrow.com\/de\/wp-json\/wp\/v2\/pages\/5526\/revisions"}],"predecessor-version":[{"id":13424,"href":"https:\/\/www.tech-arrow.com\/de\/wp-json\/wp\/v2\/pages\/5526\/revisions\/13424"}],"wp:attachment":[{"href":"https:\/\/www.tech-arrow.com\/de\/wp-json\/wp\/v2\/media?parent=5526"}],"curies":[{"name":"wp","href":"https:\/\/api.w.org\/{rel}","templated":true}]}}