{"id":5534,"date":"2021-10-14T10:40:57","date_gmt":"2021-10-14T08:40:57","guid":{"rendered":"https:\/\/www.tech-arrow.com\/?page_id=5534"},"modified":"2024-11-27T15:05:10","modified_gmt":"2024-11-27T14:05:10","slug":"contentaccess-version-3-9-sp3-details","status":"publish","type":"page","link":"https:\/\/www.tech-arrow.com\/de\/contentaccess-version-3-9-sp3-details\/","title":{"rendered":"contentACCESS Version 3.9 SP3 \u2013 Details"},"content":{"rendered":"<p>Eine Liste aller Versionshinweise k\u00f6nnen Sie <a href=\"https:\/\/www.tech-arrow.com\/de\/contentaccess-anmerkungen-zu-dieser-version\/\" rel=\"noopener noreferrer\">hier<\/a> finden.<br \/>\nDie folgende Liste bietet Ihnen eine \u00dcbersicht \u00fcber die neuesten Verbesserungen die Ihnen von contentACCESS 3.9 SP1 geboten werden:<\/p>\n<div style=\"border: 1px solid #ddd; background-color: white; width: 94%; padding: 3%; margin-bottom: 20px;\">\n<h3 style=\"color: red; padding-top: 0px;\">Allgemeine Funktionen<\/h3>\n<p style=\"text-align: justify;\"><strong>\u2713 Konfigurierbarer persistenter Cache-Pfad des virtuellen Laufwerks im Installationspaket:<\/strong> Alle \u00c4nderungen, die w\u00e4hrend der Dateibearbeitung \u00fcber das virtuelle Laufwerk oder Dateiverkn\u00fcpfungen vorgenommen wurden, werden in diesem Ordner gespeichert, bis sie in das Archiv \u00fcbernommen werden. Wir empfehlen daher, hier einen sicheren Ordner mit viel freiem Speicherplatz einzurichten (tempor\u00e4rer Ordner nicht empfohlen).<\/p>\n<p><center><img decoding=\"async\" class=\"aligncenter size-full wp-image-1885\" src=\"https:\/\/www.tech-arrow.com\/wp-content\/uploads\/2020\/04\/SP3_01.png\" alt=\"\" width=\"90%\" srcset=\"https:\/\/www.tech-arrow.com\/wp-content\/uploads\/2020\/04\/SP3_01.png 1110w, https:\/\/www.tech-arrow.com\/wp-content\/uploads\/2020\/04\/SP3_01-900x710.png 900w\" sizes=\"(max-width: 1110px) 100vw, 1110px\" \/><\/center><br \/>\n<!--more--><\/p>\n<p style=\"text-align: justify;\"><strong>\u2713 L\u00f6schen des E-Mail-Archivs Adressbuchobjekte:<\/strong> Haben Sie nicht verwendete Postf\u00e4cher und Gruppen im Adressbuch, die Sie aus der Liste entfernen m\u00f6chten? Mit der neuen Kontextmen\u00fcoption ist dies mit nur wenigen einfachen Klicks m\u00f6glich! Keine Sorge, Ihre Postf\u00e4cher mit archivierten Daten und Untergruppen bleiben unber\u00fchrt.<\/p>\n<p><center><img decoding=\"async\" class=\"aligncenter size-full wp-image-1886\" src=\"https:\/\/www.tech-arrow.com\/wp-content\/uploads\/2020\/04\/SP3_02.png\" alt=\"\" width=\"80%\" \/><\/center><br \/>\n<!--more--><\/p>\n<p style=\"text-align: justify;\"><strong>\u2713 Windows 2019-Support:<\/strong> Wir h\u00f6ren immer auf die Bed\u00fcrfnisse unserer Kunden und versuchen, weiterhin neue Technologien zu implementieren. Aus diesem Grund haben wir den ContentACCESS-Archivserver mit Windows 2019 kompatibel gemacht, damit mehr Benutzer seine erstaunlichen Features und Funktionen nutzen k\u00f6nnen!<\/p>\n<p><!--more--><\/p>\n<p style=\"text-align: justify;\"><strong>\u2713 Leistungs- und Stabilit\u00e4tsverbesserungen:<\/strong> Wir haben zahlreiche Leistungs- und Stabilit\u00e4ts\u00e4nderungen vorgenommen, die m\u00f6glicherweise nicht sichtbar sind, aber das contentACCESS-Erlebnis erheblich verbessern!<\/p>\n<\/div>\n<p><!--more--><\/p>\n<div style=\"border: 1px solid #dddddd; background-color: white; width: 94%; padding: 3%; margin-bottom: 20px;\">\n<h3 style=\"color: red; padding-top: 0px;\">Update von \u00e4lteren Versionen<\/h3>\n<p style=\"text-align: justify;\"><strong>\u2713 Aktualisierungspfad:<\/strong> Das Update wird ab contentACCESS Version 3.1 unterst\u00fctzt. \u00c4ltere Versionen m\u00fcssen zun\u00e4chst auf contentACCESS 3.1 und dann von Version 3.1 auf die neueste Version aktualisiert werden.<\/p>\n<p style=\"text-align: justify;\">Wenn das Update von einer fr\u00fcheren Version als 3.3 durchgef\u00fchrt wird, m\u00fcssen einige neue Funktionen nach dem Update manuell konfiguriert werden.<\/p>\n<p style=\"text-align: justify;\">Eines dieser Features ist der Task Runner, der einen Ressourcenspeicher ben\u00f6tigt, in dem die Exportdateien gespeichert werden. Dieser Speicher muss unter System -&gt; System -&gt; System -&gt; Resource storage settings konfiguriert werden. Dieser Speicher muss f\u00fcr alle contentACCESS-Knoten innerhalb eines Clusters zug\u00e4nglich sein, daher wird dringend empfohlen, eine Netzwerkfreigabe zu verwenden.<\/p>\n<p style=\"text-align: justify;\"><strong>\u2713 Mail App Aktivierung:<\/strong> Durch die Neugestaltung der Mail-App-Aktivierungsmethode im contentACCESS E-Mail-Archiv werden f\u00fcr den Superuser neue Berechtigungen &#8222;Org Marketplace Apps&#8220; und &#8222;User Options&#8220; ben\u00f6tigt, um zu funktionieren.<\/p>\n<p style=\"text-align: justify;\"><strong>\u2713 Outlook-Formulare:<\/strong> Wenn das Update von einer fr\u00fcheren Version als 3.4 durchgef\u00fchrt wird, m\u00fcssen die Outlook-Formulare aufgrund einiger interner \u00c4nderungen im Verkn\u00fcpfungsformat des E-Mail-Archivs auf die neueste Version aktualisiert werden, um die korrekte Funktionalit\u00e4t zu erhalten. F\u00fcr contentACCESS 3.8 m\u00fcssen Outlook-Formulare aufgrund von Authentifizierungs\u00e4nderungen ebenfalls neu ver\u00f6ffentlicht werden.<\/p>\n<p style=\"text-align: justify;\"><strong>\u2713 Fernarchivierung von Dateien:<\/strong>Beim Aktualisieren von contentACCESS 3.6 funktionieren bestehende Remote-Agentendefinitionen nicht, da einige der Datenbankstrukturen aus der Archivdatenbank des Dateisystems in die Mandantendatenbank verschoben wurden.<\/p>\n<p style=\"text-align: justify;\"><strong>\u2713 SQL-Server-Unterst\u00fctzung:<\/strong> Die minimal erforderliche SQL-Version wurde von MS SQL 2008 auf MS SQL 2012 erh\u00f6ht.<\/p>\n<p style=\"text-align: justify;\"><strong>\u2713 Neu gestaltete Filterung:<\/strong> Die alte Filterung wurde in das neue Format umgewandelt. Daher empfehlen wir, alle Einstellungen der Auftragsfilterung nach dem Update von 3.7 oder fr\u00fcher zu \u00fcberpr\u00fcfen.<\/p>\n<p style=\"text-align: justify;\"><strong>\u2713 .NET Framework-Unterst\u00fctzung:<\/strong> Die mindestens erforderliche .NET Framework-Version wurde in contentACCESS 3.7 von .NET 4.5 auf .NET 4.5.2 erh\u00f6ht.<\/p>\n<\/div>\n<div style=\"border: 1px solid #dddddd; background-color: white; width: 94%; padding: 3%; margin-bottom: 20px;\">\n<h3 style=\"color: red; padding-top: 0px;\">Dokumentation<\/h3>\n<p style=\"text-align: left;\"><strong>\u2713 Dokumentation<\/strong> \u2013 Bitte beachten Sie die aktualisierte Dokumentation und die aktualisierten Handb\u00fccher.<\/p>\n<p><a title=\"contentAccess Manual\" href=\"https:\/\/documentation.tech-arrow.com\/contentaccess-manuals\/\" target=\"_blank\" rel=\"noopener noreferrer\"><img loading=\"lazy\" decoding=\"async\" src=\"https:\/\/www.tech-arrow.com\/wp-content\/uploads\/2016\/02\/3.png\" alt=\"3\" width=\"20\" height=\"20\" \/><\/a> <a title=\"contentAccess Manual\" href=\"https:\/\/documentation.tech-arrow.com\/contentaccess-manuals\/\" target=\"_blank\" rel=\"noopener noreferrer\">contentACCESS Manual<\/a><\/p>\n<p><a title=\"contentWEB Manual\" href=\"https:\/\/www.tech-arrow.com\/documentation\/contentweb\/\" target=\"_blank\" rel=\"noopener noreferrer\"><img loading=\"lazy\" decoding=\"async\" src=\"https:\/\/www.tech-arrow.com\/wp-content\/uploads\/2016\/02\/3.png\" alt=\"3\" width=\"20\" height=\"20\" \/><\/a> <a title=\"contentWEB Manual\" href=\"https:\/\/www.tech-arrow.com\/documentation\/contentweb\/\" target=\"_blank\" rel=\"noopener noreferrer\">contentWEB Manual<\/a><\/p>\n<p><a href=\"https:\/\/www.tech-arrow.com\/documentation\/officegate\/\"><img loading=\"lazy\" decoding=\"async\" src=\"https:\/\/www.tech-arrow.com\/wp-content\/uploads\/2016\/02\/3.png\" alt=\"3\" width=\"20\" height=\"20\" \/><\/a> <a href=\"https:\/\/www.tech-arrow.com\/documentation\/officegate\/\" target=\"_blank\" rel=\"noopener noreferrer\">officeGATE manual<\/a><\/p>\n<p><a href=\"https:\/\/www.tech-arrow.com\/documentation\/tech-arrows-winshortcutter\/\"><img loading=\"lazy\" decoding=\"async\" src=\"https:\/\/www.tech-arrow.com\/wp-content\/uploads\/2016\/02\/3.png\" alt=\"3\" width=\"20\" height=\"20\" \/><\/a> <a href=\"https:\/\/www.tech-arrow.com\/documentation\/tech-arrows-winshortcutter\/\" target=\"_blank\" rel=\"noopener noreferrer\">TECH-ARROW\u2019s WinShortcutter user manual<\/a><\/p>\n<\/div>\n","protected":false},"excerpt":{"rendered":"<p>Eine Liste aller Versionshinweise k\u00f6nnen Sie hier finden. Die folgende Liste bietet Ihnen eine \u00dcbersicht \u00fcber die neuesten Verbesserungen die Ihnen von contentACCESS 3.9 SP1 geboten werden: Allgemeine Funktionen \u2713 Konfigurierbarer persistenter Cache-Pfad des virtuellen Laufwerks im Installationspaket: Alle \u00c4nderungen, die w\u00e4hrend der Dateibearbeitung \u00fcber das virtuelle Laufwerk oder Dateiverkn\u00fcpfungen vorgenommen wurden, werden in diesem [&hellip;]<\/p>\n","protected":false},"author":7,"featured_media":0,"parent":0,"menu_order":0,"comment_status":"closed","ping_status":"closed","template":"","meta":{"_acf_changed":false,"inline_featured_image":false,"footnotes":""},"class_list":["post-5534","page","type-page","status-publish","hentry"],"acf":[],"yoast_head":"<!-- This site is optimized with the Yoast SEO plugin v27.0 - https:\/\/yoast.com\/product\/yoast-seo-wordpress\/ -->\n<title>contentACCESS Version 3.9 SP3 \u2013 Details - TECH-ARROW<\/title>\n<meta name=\"robots\" content=\"index, follow, max-snippet:-1, max-image-preview:large, max-video-preview:-1\" \/>\n<link rel=\"canonical\" href=\"https:\/\/www.tech-arrow.com\/de\/contentaccess-version-3-9-sp3-details\/\" \/>\n<meta property=\"og:locale\" content=\"de_DE\" \/>\n<meta property=\"og:type\" content=\"article\" \/>\n<meta property=\"og:title\" content=\"contentACCESS Version 3.9 SP3 \u2013 Details - TECH-ARROW\" \/>\n<meta property=\"og:description\" content=\"Eine Liste aller Versionshinweise k\u00f6nnen Sie hier finden. Die folgende Liste bietet Ihnen eine \u00dcbersicht \u00fcber die neuesten Verbesserungen die Ihnen von contentACCESS 3.9 SP1 geboten werden: Allgemeine Funktionen \u2713 Konfigurierbarer persistenter Cache-Pfad des virtuellen Laufwerks im Installationspaket: Alle \u00c4nderungen, die w\u00e4hrend der Dateibearbeitung \u00fcber das virtuelle Laufwerk oder Dateiverkn\u00fcpfungen vorgenommen wurden, werden in diesem [&hellip;]\" \/>\n<meta property=\"og:url\" content=\"https:\/\/www.tech-arrow.com\/de\/contentaccess-version-3-9-sp3-details\/\" \/>\n<meta property=\"og:site_name\" content=\"TECH-ARROW\" \/>\n<meta property=\"article:publisher\" content=\"https:\/\/www.facebook.com\/thetecharrow\/?fref=ts\" \/>\n<meta property=\"article:modified_time\" content=\"2024-11-27T14:05:10+00:00\" \/>\n<meta property=\"og:image\" content=\"https:\/\/www.tech-arrow.com\/wp-content\/uploads\/2020\/04\/SP3_01.png\" \/>\n<meta name=\"twitter:card\" content=\"summary_large_image\" \/>\n<script type=\"application\/ld+json\" class=\"yoast-schema-graph\">{\"@context\":\"https:\/\/schema.org\",\"@graph\":[{\"@type\":\"WebPage\",\"@id\":\"https:\/\/www.tech-arrow.com\/de\/contentaccess-version-3-9-sp3-details\/\",\"url\":\"https:\/\/www.tech-arrow.com\/de\/contentaccess-version-3-9-sp3-details\/\",\"name\":\"contentACCESS Version 3.9 SP3 \u2013 Details - TECH-ARROW\",\"isPartOf\":{\"@id\":\"https:\/\/www.tech-arrow.com\/#website\"},\"primaryImageOfPage\":{\"@id\":\"https:\/\/www.tech-arrow.com\/de\/contentaccess-version-3-9-sp3-details\/#primaryimage\"},\"image\":{\"@id\":\"https:\/\/www.tech-arrow.com\/de\/contentaccess-version-3-9-sp3-details\/#primaryimage\"},\"thumbnailUrl\":\"https:\/\/www.tech-arrow.com\/wp-content\/uploads\/2020\/04\/SP3_01.png\",\"datePublished\":\"2021-10-14T08:40:57+00:00\",\"dateModified\":\"2024-11-27T14:05:10+00:00\",\"breadcrumb\":{\"@id\":\"https:\/\/www.tech-arrow.com\/de\/contentaccess-version-3-9-sp3-details\/#breadcrumb\"},\"inLanguage\":\"de\",\"potentialAction\":[{\"@type\":\"ReadAction\",\"target\":[\"https:\/\/www.tech-arrow.com\/de\/contentaccess-version-3-9-sp3-details\/\"]}]},{\"@type\":\"ImageObject\",\"inLanguage\":\"de\",\"@id\":\"https:\/\/www.tech-arrow.com\/de\/contentaccess-version-3-9-sp3-details\/#primaryimage\",\"url\":\"https:\/\/www.tech-arrow.com\/wp-content\/uploads\/2020\/04\/SP3_01.png\",\"contentUrl\":\"https:\/\/www.tech-arrow.com\/wp-content\/uploads\/2020\/04\/SP3_01.png\"},{\"@type\":\"BreadcrumbList\",\"@id\":\"https:\/\/www.tech-arrow.com\/de\/contentaccess-version-3-9-sp3-details\/#breadcrumb\",\"itemListElement\":[{\"@type\":\"ListItem\",\"position\":1,\"name\":\"Home\",\"item\":\"https:\/\/www.tech-arrow.com\/de\/\"},{\"@type\":\"ListItem\",\"position\":2,\"name\":\"contentACCESS Version 3.9 SP3 \u2013 Details\"}]},{\"@type\":\"WebSite\",\"@id\":\"https:\/\/www.tech-arrow.com\/#website\",\"url\":\"https:\/\/www.tech-arrow.com\/\",\"name\":\"TECH-ARROW\",\"description\":\"\",\"publisher\":{\"@id\":\"https:\/\/www.tech-arrow.com\/#organization\"},\"potentialAction\":[{\"@type\":\"SearchAction\",\"target\":{\"@type\":\"EntryPoint\",\"urlTemplate\":\"https:\/\/www.tech-arrow.com\/?s={search_term_string}\"},\"query-input\":{\"@type\":\"PropertyValueSpecification\",\"valueRequired\":true,\"valueName\":\"search_term_string\"}}],\"inLanguage\":\"de\"},{\"@type\":\"Organization\",\"@id\":\"https:\/\/www.tech-arrow.com\/#organization\",\"name\":\"TECH-ARROW, GmbH.\",\"url\":\"https:\/\/www.tech-arrow.com\/\",\"logo\":{\"@type\":\"ImageObject\",\"inLanguage\":\"de\",\"@id\":\"https:\/\/www.tech-arrow.com\/#\/schema\/logo\/image\/\",\"url\":\"https:\/\/www.tech-arrow.com\/wp-content\/uploads\/2017\/04\/techarrow-logo-481x97.png\",\"contentUrl\":\"https:\/\/www.tech-arrow.com\/wp-content\/uploads\/2017\/04\/techarrow-logo-481x97.png\",\"width\":481,\"height\":97,\"caption\":\"TECH-ARROW, GmbH.\"},\"image\":{\"@id\":\"https:\/\/www.tech-arrow.com\/#\/schema\/logo\/image\/\"},\"sameAs\":[\"https:\/\/www.facebook.com\/thetecharrow\/?fref=ts\",\"https:\/\/www.linkedin.com\/company\/techarrow\",\"https:\/\/www.youtube.com\/user\/thetecharrow\"]}]}<\/script>\n<!-- \/ Yoast SEO plugin. -->","yoast_head_json":{"title":"contentACCESS Version 3.9 SP3 \u2013 Details - TECH-ARROW","robots":{"index":"index","follow":"follow","max-snippet":"max-snippet:-1","max-image-preview":"max-image-preview:large","max-video-preview":"max-video-preview:-1"},"canonical":"https:\/\/www.tech-arrow.com\/de\/contentaccess-version-3-9-sp3-details\/","og_locale":"de_DE","og_type":"article","og_title":"contentACCESS Version 3.9 SP3 \u2013 Details - TECH-ARROW","og_description":"Eine Liste aller Versionshinweise k\u00f6nnen Sie hier finden. Die folgende Liste bietet Ihnen eine \u00dcbersicht \u00fcber die neuesten Verbesserungen die Ihnen von contentACCESS 3.9 SP1 geboten werden: Allgemeine Funktionen \u2713 Konfigurierbarer persistenter Cache-Pfad des virtuellen Laufwerks im Installationspaket: Alle \u00c4nderungen, die w\u00e4hrend der Dateibearbeitung \u00fcber das virtuelle Laufwerk oder Dateiverkn\u00fcpfungen vorgenommen wurden, werden in diesem [&hellip;]","og_url":"https:\/\/www.tech-arrow.com\/de\/contentaccess-version-3-9-sp3-details\/","og_site_name":"TECH-ARROW","article_publisher":"https:\/\/www.facebook.com\/thetecharrow\/?fref=ts","article_modified_time":"2024-11-27T14:05:10+00:00","og_image":[{"url":"https:\/\/www.tech-arrow.com\/wp-content\/uploads\/2020\/04\/SP3_01.png","type":"","width":"","height":""}],"twitter_card":"summary_large_image","schema":{"@context":"https:\/\/schema.org","@graph":[{"@type":"WebPage","@id":"https:\/\/www.tech-arrow.com\/de\/contentaccess-version-3-9-sp3-details\/","url":"https:\/\/www.tech-arrow.com\/de\/contentaccess-version-3-9-sp3-details\/","name":"contentACCESS Version 3.9 SP3 \u2013 Details - TECH-ARROW","isPartOf":{"@id":"https:\/\/www.tech-arrow.com\/#website"},"primaryImageOfPage":{"@id":"https:\/\/www.tech-arrow.com\/de\/contentaccess-version-3-9-sp3-details\/#primaryimage"},"image":{"@id":"https:\/\/www.tech-arrow.com\/de\/contentaccess-version-3-9-sp3-details\/#primaryimage"},"thumbnailUrl":"https:\/\/www.tech-arrow.com\/wp-content\/uploads\/2020\/04\/SP3_01.png","datePublished":"2021-10-14T08:40:57+00:00","dateModified":"2024-11-27T14:05:10+00:00","breadcrumb":{"@id":"https:\/\/www.tech-arrow.com\/de\/contentaccess-version-3-9-sp3-details\/#breadcrumb"},"inLanguage":"de","potentialAction":[{"@type":"ReadAction","target":["https:\/\/www.tech-arrow.com\/de\/contentaccess-version-3-9-sp3-details\/"]}]},{"@type":"ImageObject","inLanguage":"de","@id":"https:\/\/www.tech-arrow.com\/de\/contentaccess-version-3-9-sp3-details\/#primaryimage","url":"https:\/\/www.tech-arrow.com\/wp-content\/uploads\/2020\/04\/SP3_01.png","contentUrl":"https:\/\/www.tech-arrow.com\/wp-content\/uploads\/2020\/04\/SP3_01.png"},{"@type":"BreadcrumbList","@id":"https:\/\/www.tech-arrow.com\/de\/contentaccess-version-3-9-sp3-details\/#breadcrumb","itemListElement":[{"@type":"ListItem","position":1,"name":"Home","item":"https:\/\/www.tech-arrow.com\/de\/"},{"@type":"ListItem","position":2,"name":"contentACCESS Version 3.9 SP3 \u2013 Details"}]},{"@type":"WebSite","@id":"https:\/\/www.tech-arrow.com\/#website","url":"https:\/\/www.tech-arrow.com\/","name":"TECH-ARROW","description":"","publisher":{"@id":"https:\/\/www.tech-arrow.com\/#organization"},"potentialAction":[{"@type":"SearchAction","target":{"@type":"EntryPoint","urlTemplate":"https:\/\/www.tech-arrow.com\/?s={search_term_string}"},"query-input":{"@type":"PropertyValueSpecification","valueRequired":true,"valueName":"search_term_string"}}],"inLanguage":"de"},{"@type":"Organization","@id":"https:\/\/www.tech-arrow.com\/#organization","name":"TECH-ARROW, GmbH.","url":"https:\/\/www.tech-arrow.com\/","logo":{"@type":"ImageObject","inLanguage":"de","@id":"https:\/\/www.tech-arrow.com\/#\/schema\/logo\/image\/","url":"https:\/\/www.tech-arrow.com\/wp-content\/uploads\/2017\/04\/techarrow-logo-481x97.png","contentUrl":"https:\/\/www.tech-arrow.com\/wp-content\/uploads\/2017\/04\/techarrow-logo-481x97.png","width":481,"height":97,"caption":"TECH-ARROW, GmbH."},"image":{"@id":"https:\/\/www.tech-arrow.com\/#\/schema\/logo\/image\/"},"sameAs":["https:\/\/www.facebook.com\/thetecharrow\/?fref=ts","https:\/\/www.linkedin.com\/company\/techarrow","https:\/\/www.youtube.com\/user\/thetecharrow"]}]}},"_links":{"self":[{"href":"https:\/\/www.tech-arrow.com\/de\/wp-json\/wp\/v2\/pages\/5534","targetHints":{"allow":["GET"]}}],"collection":[{"href":"https:\/\/www.tech-arrow.com\/de\/wp-json\/wp\/v2\/pages"}],"about":[{"href":"https:\/\/www.tech-arrow.com\/de\/wp-json\/wp\/v2\/types\/page"}],"author":[{"embeddable":true,"href":"https:\/\/www.tech-arrow.com\/de\/wp-json\/wp\/v2\/users\/7"}],"replies":[{"embeddable":true,"href":"https:\/\/www.tech-arrow.com\/de\/wp-json\/wp\/v2\/comments?post=5534"}],"version-history":[{"count":2,"href":"https:\/\/www.tech-arrow.com\/de\/wp-json\/wp\/v2\/pages\/5534\/revisions"}],"predecessor-version":[{"id":6903,"href":"https:\/\/www.tech-arrow.com\/de\/wp-json\/wp\/v2\/pages\/5534\/revisions\/6903"}],"wp:attachment":[{"href":"https:\/\/www.tech-arrow.com\/de\/wp-json\/wp\/v2\/media?parent=5534"}],"curies":[{"name":"wp","href":"https:\/\/api.w.org\/{rel}","templated":true}]}}