{"id":5542,"date":"2021-10-14T10:42:46","date_gmt":"2021-10-14T08:42:46","guid":{"rendered":"https:\/\/www.tech-arrow.com\/?page_id=5542"},"modified":"2024-11-27T15:08:13","modified_gmt":"2024-11-27T14:08:13","slug":"contentaccess-version-5-0-details","status":"publish","type":"page","link":"https:\/\/www.tech-arrow.com\/de\/contentaccess-version-5-0-details\/","title":{"rendered":"contentACCESS version 5.0 &#8211; Details"},"content":{"rendered":"<p>Eine Liste aller Versionshinweise k\u00f6nnen Sie <a href=\"https:\/\/www.tech-arrow.com\/de\/contentaccess-anmerkungen-zu-dieser-version\/\" rel=\"noopener noreferrer\">hier<\/a> finden.<br \/>\nDie folgende Liste bietet Ihnen eine \u00dcbersicht \u00fcber die neuesten Verbesserungen die Ihnen von contentACCESS 5.0 geboten werden:<\/p>\n<div style=\"border: 1px solid #ddd; background-color: white; width: 94%; padding: 3%; margin-bottom: 20px;\">\n<h3 style=\"color: red; padding-top: 0px;\">Teilen vom Archiv<\/h3>\n<p>Wir glauben, dass contentACCESS viel mehr als nur eine Archivierungssoftware ist, die Ihre Daten f\u00fcr einen konfigurierten Zeitraum speichern und sichern sollte. Wir haben bereits ein sehr gutes Freigabemodul, welches aber haupts\u00e4chlich entwickelt wurde, um externe Dateien mit anderen zu teilen. Die Freigabe verwaltet den Zugriff und die Aufbewahrung der Dateien. Es bietet auch ein vollst\u00e4ndiges \u00dcberwachungsprotokoll f\u00fcr Downloads.<\/p>\n<p>Aber es kam eine Frage auf \u2013 k\u00f6nnten wir noch etwas hinzuf\u00fcgen? K\u00f6nnten wir den Freigabeprozess auch f\u00fcr archivierte Elemente implementieren? Ja, wir konnten und wir haben! Die Freigabefunktion wurde erweitert und auf eine Framework Ebene verschoben. Diese \u00c4nderung erm\u00f6glicht die Verwendung derselben Funktionen f\u00fcr alle Daten, die vom Archiv verwaltet werden.<\/p>\n<p>Das Teilen war noch nie so einfach und sicher! Die neue Freigabefunktion erkennt auch Verkn\u00fcpfungen, sodass Sie sich keine Sorgen machen m\u00fcssen, ob Freigabeempf\u00e4nger die freigegebenen Dateien \u00f6ffnen k\u00f6nnen &#8211; Sie werden es tun!<br \/>\n<!--more--><\/p>\n<p><strong>\u2713 SharePoint Proxy<\/strong><\/p>\n<p style=\"text-align: justify;\">Mithilfe des\u202f<strong>SharePoint Proxys<\/strong> k\u00f6nnen Live SharePoint Elemente freigegeben werden. Alle zus\u00e4tzlichen Funktionen von contentACCESS Sharing werden angewandt, w\u00e4hrend die Dateien in SharePoint verbleiben. W\u00e4hrend der Freigabe wird nur die Dokumentenreferenz des SharePoint- und\/oder One Drive Elements freigegeben. Der Elementeinhalt wird nicht dupliziert\/kopiert, was den gesamten Prozess beschleunigt.<\/p>\n<p><img decoding=\"async\" class=\"aligncenter size-full wp-image-5778\" src=\"https:\/\/www.tech-arrow.com\/wp-content\/uploads\/2021\/04\/CASTOR_02.png\" alt=\"\" width=\"60%\" \/><br \/>\n<!--more--><\/p>\n<p><strong>\u2713 Vom System verwaltete Aufbewahrungen<\/strong><\/p>\n<p style=\"text-align: justify;\">Sie m\u00fcssen nicht daran denken, das Teilen nach einer bestimmten Zeit zu blockieren oder dar\u00fcber nachzudenken, was mit wem geteilt wurde. W\u00e4hlen Sie einfach die richtigen Aufbewahrungs- und Zugriffseinstellungen w\u00e4hrend des Freigabeprozesses aus und contentACCESS legt alles andere f\u00fcr Sie fest!<\/p>\n<p><img loading=\"lazy\" decoding=\"async\" class=\"aligncenter size-full wp-image-5787\" src=\"https:\/\/www.tech-arrow.com\/wp-content\/uploads\/2021\/04\/CASTOR_11.png\" alt=\"\" width=\"1920\" height=\"898\" \/><br \/>\n<!--more--><\/p>\n<p><strong>\u2713 Teilen und Senden<\/strong><\/p>\n<p style=\"text-align: justify;\">Sie m\u00fcssen keine gro\u00dfen Anh\u00e4nge mehr senden \u2013 teilen Sie die Datei auf sichere Weise mit den gew\u00fcnschten Empf\u00e4ngern und senden Sie einfach eine E-Mail mit einem Link, der auf die \u00fcber contentACCESS freigegebene Datei verweist!<\/p>\n<p><img decoding=\"async\" class=\"aligncenter size-full wp-image-5782\" src=\"https:\/\/www.tech-arrow.com\/wp-content\/uploads\/2021\/04\/CASTOR_06.png\" alt=\"\" width=\"40%\" \/><\/p>\n<p style=\"text-align: justify;\">Jedes Artikeldownload wird ebenfalls gepr\u00fcft, sodass Sie einen guten \u00dcberblick dar\u00fcber haben, wer welchen Artikel heruntergeladen hat.<\/p>\n<p><img decoding=\"async\" class=\"aligncenter size-full wp-image-5789\" src=\"https:\/\/www.tech-arrow.com\/wp-content\/uploads\/2021\/04\/CASTOR_13.png\" alt=\"\" width=\"65%\" \/><br \/>\n<!--more--><\/p>\n<p><strong>\u2713 Freigabelink erhalten<\/strong><\/p>\n<p style=\"text-align: justify;\">Sie m\u00f6chten keine E-Mail senden? Kopieren Sie einfach den Freigabelink und senden Sie ihn \u00fcber Messenger, Hangouts, Skype MS Teams oder auf andere Weise!<\/p>\n<p><img decoding=\"async\" class=\"aligncenter size-full wp-image-5783\" src=\"https:\/\/www.tech-arrow.com\/wp-content\/uploads\/2021\/04\/CASTOR_07.png\" alt=\"\" width=\"90%\" \/><br \/>\n<!--more--><\/p>\n<p><strong>\u2713 Teilen organisieren<\/strong><\/p>\n<p style=\"text-align: justify;\">Teilen Sie Dateien mit mehreren Personen aus Ihrer Organisation? Sie wissen nicht genau wer von der Organisation die Datei erh\u00e4lt. Keine Sorge, w\u00e4hlen Sie einfach &#8222;Meine Organisation&#8220; als Zielgruppe aus, und contentACCESS stellt sicher, dass jeder aus Ihrer Organisation auf das Element zugreifen kann, aber niemand au\u00dferhalb davon.<\/p>\n<p><img decoding=\"async\" class=\"aligncenter size-full wp-image-5786\" src=\"https:\/\/www.tech-arrow.com\/wp-content\/uploads\/2021\/04\/CASTOR_10.png\" alt=\"\" width=\"90%\" \/><br \/>\n<!--more--><\/p>\n<p><strong>\u2713 Client integration<\/strong><\/p>\n<p style=\"text-align: justify;\">Das Teilen aus dem Archiv ist jetzt auch in contentWEB, Share APP, Teams App und officeGATE integriert!<\/p>\n<\/div>\n<div style=\"border: 1px solid #ddd; background-color: white; width: 94%; padding: 3%; margin-bottom: 20px;\">\n<h3 style=\"color: red; padding-top: 0px;\">contentACCESS<\/h3>\n<p><strong>\u2713 S\/MIME Unterst\u00fctzung<\/strong><\/p>\n<p style=\"text-align: justify;\">Sie m\u00f6chten Ihren E-Mails eine zus\u00e4tzliche Sicherheitsstufe geben, haben jedoch Angst, dass contentACCESS sie archivieren kann? Die neue contentACCESS Version bietet Ihnen auch die M\u00f6glichkeit, S\/MIME E-Mails zu archivieren. Die archivierten S\/MIME Nachrichten werden mit allen Anh\u00e4ngen in allen Clientanwendungen (contentWEB, officeGATE, Mail App, contentACCESS Mobile) angezeigt.<\/p>\n<p><img loading=\"lazy\" decoding=\"async\" class=\"aligncenter size-full wp-image-5790\" src=\"https:\/\/www.tech-arrow.com\/wp-content\/uploads\/2021\/04\/CASTOR_14.png\" alt=\"\" width=\"1549\" height=\"407\" \/><br \/>\n<!--more--><\/p>\n<p><strong>\u2713 Mandantenlimits umbenannt und erweitert<\/strong><\/p>\n<p style=\"text-align: justify;\">Wir haben einige Beschwerden erhalten, dass der urspr\u00fcnglich verwendete Name Mandantenbeschr\u00e4nkungen nicht der beste Name ist. Wir h\u00f6ren auf Ihre Anfragen und haben diese Option daher in Mandantenlizenz umbenannt. Wir hoffen, dass dieser neue Begriff alle Verwirrungen beseitigt.<\/p>\n<p><img decoding=\"async\" class=\"aligncenter size-full wp-image-5777\" src=\"https:\/\/www.tech-arrow.com\/wp-content\/uploads\/2021\/04\/CASTOR_01.png\" alt=\"\" width=\"60%\" \/><br \/>\n<!--more--><\/p>\n<p><strong>\u2713 SharePoint Online AAD Gruppen Berechtigungen Unterst\u00fctzung<\/strong><\/p>\n<p style=\"text-align: justify;\">Die neue Version des SharePoint Archivs unterst\u00fctzt SharePoint Berechtigungen, die \u00fcber AAD Gruppen (Azure Active Directory) erteilt werden. Dies ist jetzt die h\u00e4ufigste Methode, mit der SharePoint Online den Benutzerzugriff auf SharePoint Webseiten verwaltet.<\/p>\n<p><!--more--><\/p>\n<p><strong>\u2713 Erweiterte Filterung im Dateiarchiv Wiederherstellungsjob<\/strong><\/p>\n<p style=\"text-align: justify;\">In dieser contentACCESS Version wurde der Abschnitt zum Filtern von Fortschritten zur Konfiguration von Jobs zur Wiederherstellung des Dateisystems hinzugef\u00fcgt.<\/p>\n<p><img decoding=\"async\" class=\"aligncenter size-full wp-image-5779\" src=\"https:\/\/www.tech-arrow.com\/wp-content\/uploads\/2021\/04\/CASTOR_03.png\" alt=\"\" width=\"68%\" \/><br \/>\n<!--more--><\/p>\n<p><strong>\u2713 Filter f\u00fcr das Datum des letzten Zugriffs im Dateiarchiv<\/strong><\/p>\n<p style=\"text-align: justify;\">Der Dateiarchivierungsjob wurde um die Bedingung <strong>Datum des letzten Zugriffs<\/strong> erweitert, sodass der Administrator nur die Dateien archivieren oder verkn\u00fcpfen kann, die l\u00e4ngere Zeit von niemandem ge\u00f6ffnet wurden. Dies f\u00fchrt zu einer besseren Benutzerfreundlichkeit, da die h\u00e4ufig verwendeten Dateien physisch im Dateisystem verbleiben.<\/p>\n<p><img decoding=\"async\" class=\"aligncenter size-full wp-image-5780\" src=\"https:\/\/www.tech-arrow.com\/wp-content\/uploads\/2021\/04\/CASTOR_04.png\" alt=\"\" width=\"64%\" \/><br \/>\n<!--more--><\/p>\n<p><strong>\u2713 Optimierte Suchausf\u00fchrung<\/strong><\/p>\n<p style=\"text-align: justify;\">Jeder m\u00f6chte relevante Artikel so schnell wie m\u00f6glich finden. Wir haben auf Ihre Anfragen geh\u00f6rt und die Suchausf\u00fchrung optimiert, um die Navigation zu beschleunigen und zu vereinfachen.<\/p>\n<p><!--more--><\/p>\n<p><strong>\u2713 Optimiertes mobiles Surfen f\u00fcr das E-Mail-Archiv<\/strong><\/p>\n<p style=\"text-align: justify;\">Das Durchsuchen des E-Mail-Archivs war in der mobilen Anwendung nicht das schnellste. Das wissen wir&#8230;. In dieser Version von contentACCESS haben wir uns sehr bem\u00fcht, es wirklich schnell zu machen. Probieren Sie es einfach jetzt aus!<\/p>\n<p><!--more--><\/p>\n<p><strong>\u2713 Legacy MAM post Migration Unterst\u00fctzung<\/strong><\/p>\n<p style=\"text-align: justify;\">Haben Sie von Metalogix Archiv zu contentACCESS migriert und Probleme mit alten nicht funktionierenden Metalogix Verkn\u00fcpfungen, die in PSTs, externen Systemen oder lokalen Festplatten gespeichert waren? Machen Sie sich keine Sorgen, wenn Sie die Migrationsdatenbank von contentGATE verwende, die contentACCESS zul\u00e4sst, k\u00f6nnen Sie solche Verkn\u00fcpfungen bei Bedarf abrufen.<\/p>\n<p><!--more--><\/p>\n<p><strong>\u2713 Fortschrittsbalken in der Central Administration w\u00e4hrend der internen Systemaktualisierung<\/strong><\/p>\n<p style=\"text-align: justify;\">Sie wissen jetzt nie, wann das interne Systemupdate nach einem contentACCESS Update abgeschlossen sein wird? Diese Version von contentACCESS zeigt einen Fortschrittsbalken im Header der Central Administration an, w\u00e4hrend das interne Systemupdate ausgef\u00fchrt wird. Dies vermeidet Verwirrungen und gibt Ihnen eine direkte Antwort auf die Frage \u201cWann wird das Update durchgef\u00fchrt sein?\u201d.<\/p>\n<p><!--more--><\/p>\n<p><strong>\u2713 Leistungs- und Stabilit\u00e4tskontrolle<\/strong><\/p>\n<p style=\"text-align: justify;\">Es wurden Verbesserungen vorgenommen, um das System schneller und stabiler zu machen, sodass Ihre contentACCESS Erfahrung besser sein k\u00f6nnte als jemals zuvor.<\/p>\n<p><!--more--><\/p>\n<\/div>\n<div style=\"border: 1px solid #dddddd; background-color: white; width: 94%; padding: 3%; margin-bottom: 20px;\">\n<h3 style=\"color: red; padding-top: 0px;\">Update von \u00e4lteren Versionen<\/h3>\n<p style=\"text-align: justify;\"><strong>\u2713 .NET Framework Unterst\u00fctzung:<\/strong> <strong>Die minimal ben\u00f6tigte .NET Version wurde von 4.5.2 auf 4.8<\/strong>, f\u00fcr alle Applikationen <strong>erh\u00f6ht<\/strong>.<\/p>\n<p style=\"text-align: justify;\"><strong>\u2713 Aktualisierungspfad:<\/strong> Das Update wird ab contentACCESS Version 3.1 unterst\u00fctzt. \u00c4ltere Versionen m\u00fcssen zun\u00e4chst auf contentACCESS 3.1 und dann von Version 3.1 auf die neueste Version aktualisiert werden.<\/p>\n<p style=\"text-align: justify;\">Wenn das Update von einer fr\u00fcheren Version als 3.3 durchgef\u00fchrt wird, m\u00fcssen einige neue Funktionen nach dem Update manuell konfiguriert werden.<\/p>\n<p style=\"text-align: justify;\">Eines dieser Features ist der Task Runner, der einen Ressourcenspeicher ben\u00f6tigt, in dem die Exportdateien gespeichert werden. Dieser Speicher muss unter System -&gt; System -&gt; System -&gt; Resource storage settings konfiguriert werden. Dieser Speicher muss f\u00fcr alle contentACCESS-Knoten innerhalb eines Clusters zug\u00e4nglich sein, daher wird dringend empfohlen, eine Netzwerkfreigabe zu verwenden.<\/p>\n<p style=\"text-align: justify;\"><strong>\u2713 Mail App Aktivierung:<\/strong> Durch die Neugestaltung der Mail-App-Aktivierungsmethode im contentACCESS E-Mail-Archiv werden f\u00fcr den Superuser neue Berechtigungen &#8222;Org Marketplace Apps&#8220; und &#8222;User Options&#8220; ben\u00f6tigt, um zu funktionieren.<\/p>\n<p style=\"text-align: justify;\"><strong>\u2713 Outlook-Formulare:<\/strong> Wenn das Update von einer fr\u00fcheren Version als 3.4 durchgef\u00fchrt wird, m\u00fcssen die Outlook-Formulare aufgrund einiger interner \u00c4nderungen im Verkn\u00fcpfungsformat des E-Mail-Archivs auf die neueste Version aktualisiert werden, um die korrekte Funktionalit\u00e4t zu erhalten. F\u00fcr contentACCESS 3.8 m\u00fcssen Outlook-Formulare aufgrund von Authentifizierungs\u00e4nderungen ebenfalls neu ver\u00f6ffentlicht werden.<\/p>\n<p style=\"text-align: justify;\"><strong>\u2713 Fernarchivierung von Dateien:<\/strong>Beim Aktualisieren von contentACCESS 3.6 funktionieren bestehende Remote-Agentendefinitionen nicht, da einige der Datenbankstrukturen aus der Archivdatenbank des Dateisystems in die Mandantendatenbank verschoben wurden.<\/p>\n<p style=\"text-align: justify;\"><strong>\u2713 SQL-Server-Unterst\u00fctzung:<\/strong> Die minimal erforderliche SQL-Version wurde von MS SQL 2008 auf MS SQL 2012 erh\u00f6ht.<\/p>\n<p style=\"text-align: justify;\"><strong>\u2713 Neu gestaltete Filterung:<\/strong> Die alte Filterung wurde in das neue Format umgewandelt. Daher empfehlen wir, alle Einstellungen der Auftragsfilterung nach dem Update von 3.7 oder fr\u00fcher zu \u00fcberpr\u00fcfen.<\/p>\n<\/div>\n<div style=\"border: 1px solid #dddddd; background-color: white; width: 94%; padding: 3%; margin-bottom: 20px;\">\n<h3 style=\"color: red; padding-top: 0px;\">Dokumentation<\/h3>\n<p style=\"text-align: left;\"><strong>\u2713 Dokumentation<\/strong> \u2013 Bitte beachten Sie die aktualisierte Dokumentation und die aktualisierten Handb\u00fccher.<\/p>\n<p><a title=\"contentAccess Manual\" href=\"https:\/\/documentation.tech-arrow.com\/contentaccess-manuals\/\" target=\"_blank\" rel=\"noopener noreferrer\"><img loading=\"lazy\" decoding=\"async\" src=\"https:\/\/www.tech-arrow.com\/wp-content\/uploads\/2016\/02\/3.png\" alt=\"3\" width=\"20\" height=\"20\" \/><\/a> <a title=\"contentAccess Manual\" href=\"https:\/\/documentation.tech-arrow.com\/contentaccess-manuals\/\" target=\"_blank\" rel=\"noopener noreferrer\">contentACCESS Manual<\/a><\/p>\n<p><a title=\"contentWEB Manual\" href=\"https:\/\/www.tech-arrow.com\/documentation\/contentweb\/\" target=\"_blank\" rel=\"noopener noreferrer\"><img loading=\"lazy\" decoding=\"async\" src=\"https:\/\/www.tech-arrow.com\/wp-content\/uploads\/2016\/02\/3.png\" alt=\"3\" width=\"20\" height=\"20\" \/><\/a> <a title=\"contentWEB Manual\" href=\"https:\/\/www.tech-arrow.com\/documentation\/contentweb\/\" target=\"_blank\" rel=\"noopener noreferrer\">contentWEB Manual<\/a><\/p>\n<p><a href=\"https:\/\/www.tech-arrow.com\/documentation\/officegate\/\"><img loading=\"lazy\" decoding=\"async\" src=\"https:\/\/www.tech-arrow.com\/wp-content\/uploads\/2016\/02\/3.png\" alt=\"3\" width=\"20\" height=\"20\" \/><\/a> <a href=\"https:\/\/www.tech-arrow.com\/documentation\/officegate\/\" target=\"_blank\" rel=\"noopener noreferrer\">officeGATE manual<\/a><\/p>\n<p><a href=\"https:\/\/www.tech-arrow.com\/documentation\/tech-arrows-winshortcutter\/\"><img loading=\"lazy\" decoding=\"async\" src=\"https:\/\/www.tech-arrow.com\/wp-content\/uploads\/2016\/02\/3.png\" alt=\"3\" width=\"20\" height=\"20\" \/><\/a> <a href=\"https:\/\/www.tech-arrow.com\/documentation\/tech-arrows-winshortcutter\/\" target=\"_blank\" rel=\"noopener noreferrer\">TECH-ARROW\u2019s WinShortcutter user manual<\/a><\/p>\n<\/div>\n","protected":false},"excerpt":{"rendered":"<p>Eine Liste aller Versionshinweise k\u00f6nnen Sie hier finden. Die folgende Liste bietet Ihnen eine \u00dcbersicht \u00fcber die neuesten Verbesserungen die Ihnen von contentACCESS 5.0 geboten werden: Teilen vom Archiv Wir glauben, dass contentACCESS viel mehr als nur eine Archivierungssoftware ist, die Ihre Daten f\u00fcr einen konfigurierten Zeitraum speichern und sichern sollte. Wir haben bereits ein [&hellip;]<\/p>\n","protected":false},"author":7,"featured_media":0,"parent":0,"menu_order":0,"comment_status":"closed","ping_status":"closed","template":"","meta":{"_acf_changed":false,"inline_featured_image":false,"footnotes":""},"class_list":["post-5542","page","type-page","status-publish","hentry"],"acf":[],"yoast_head":"<!-- This site is optimized with the Yoast SEO plugin v27.0 - https:\/\/yoast.com\/product\/yoast-seo-wordpress\/ -->\n<title>contentACCESS version 5.0 - Details - TECH-ARROW<\/title>\n<meta name=\"robots\" content=\"index, follow, max-snippet:-1, max-image-preview:large, max-video-preview:-1\" \/>\n<link rel=\"canonical\" href=\"https:\/\/www.tech-arrow.com\/de\/contentaccess-version-5-0-details\/\" \/>\n<meta property=\"og:locale\" content=\"de_DE\" \/>\n<meta property=\"og:type\" content=\"article\" \/>\n<meta property=\"og:title\" content=\"contentACCESS version 5.0 - Details - TECH-ARROW\" \/>\n<meta property=\"og:description\" content=\"Eine Liste aller Versionshinweise k\u00f6nnen Sie hier finden. Die folgende Liste bietet Ihnen eine \u00dcbersicht \u00fcber die neuesten Verbesserungen die Ihnen von contentACCESS 5.0 geboten werden: Teilen vom Archiv Wir glauben, dass contentACCESS viel mehr als nur eine Archivierungssoftware ist, die Ihre Daten f\u00fcr einen konfigurierten Zeitraum speichern und sichern sollte. Wir haben bereits ein [&hellip;]\" \/>\n<meta property=\"og:url\" content=\"https:\/\/www.tech-arrow.com\/de\/contentaccess-version-5-0-details\/\" \/>\n<meta property=\"og:site_name\" content=\"TECH-ARROW\" \/>\n<meta property=\"article:publisher\" content=\"https:\/\/www.facebook.com\/thetecharrow\/?fref=ts\" \/>\n<meta property=\"article:modified_time\" content=\"2024-11-27T14:08:13+00:00\" \/>\n<meta property=\"og:image\" content=\"https:\/\/www.tech-arrow.com\/wp-content\/uploads\/2021\/04\/CASTOR_02.png\" \/>\n<meta name=\"twitter:card\" content=\"summary_large_image\" \/>\n<script type=\"application\/ld+json\" class=\"yoast-schema-graph\">{\"@context\":\"https:\/\/schema.org\",\"@graph\":[{\"@type\":\"WebPage\",\"@id\":\"https:\/\/www.tech-arrow.com\/de\/contentaccess-version-5-0-details\/\",\"url\":\"https:\/\/www.tech-arrow.com\/de\/contentaccess-version-5-0-details\/\",\"name\":\"contentACCESS version 5.0 - Details - TECH-ARROW\",\"isPartOf\":{\"@id\":\"https:\/\/www.tech-arrow.com\/#website\"},\"primaryImageOfPage\":{\"@id\":\"https:\/\/www.tech-arrow.com\/de\/contentaccess-version-5-0-details\/#primaryimage\"},\"image\":{\"@id\":\"https:\/\/www.tech-arrow.com\/de\/contentaccess-version-5-0-details\/#primaryimage\"},\"thumbnailUrl\":\"https:\/\/www.tech-arrow.com\/wp-content\/uploads\/2021\/04\/CASTOR_02.png\",\"datePublished\":\"2021-10-14T08:42:46+00:00\",\"dateModified\":\"2024-11-27T14:08:13+00:00\",\"breadcrumb\":{\"@id\":\"https:\/\/www.tech-arrow.com\/de\/contentaccess-version-5-0-details\/#breadcrumb\"},\"inLanguage\":\"de\",\"potentialAction\":[{\"@type\":\"ReadAction\",\"target\":[\"https:\/\/www.tech-arrow.com\/de\/contentaccess-version-5-0-details\/\"]}]},{\"@type\":\"ImageObject\",\"inLanguage\":\"de\",\"@id\":\"https:\/\/www.tech-arrow.com\/de\/contentaccess-version-5-0-details\/#primaryimage\",\"url\":\"https:\/\/www.tech-arrow.com\/wp-content\/uploads\/2021\/04\/CASTOR_02.png\",\"contentUrl\":\"https:\/\/www.tech-arrow.com\/wp-content\/uploads\/2021\/04\/CASTOR_02.png\"},{\"@type\":\"BreadcrumbList\",\"@id\":\"https:\/\/www.tech-arrow.com\/de\/contentaccess-version-5-0-details\/#breadcrumb\",\"itemListElement\":[{\"@type\":\"ListItem\",\"position\":1,\"name\":\"Home\",\"item\":\"https:\/\/www.tech-arrow.com\/de\/\"},{\"@type\":\"ListItem\",\"position\":2,\"name\":\"contentACCESS version 5.0 &#8211; Details\"}]},{\"@type\":\"WebSite\",\"@id\":\"https:\/\/www.tech-arrow.com\/#website\",\"url\":\"https:\/\/www.tech-arrow.com\/\",\"name\":\"TECH-ARROW\",\"description\":\"\",\"publisher\":{\"@id\":\"https:\/\/www.tech-arrow.com\/#organization\"},\"potentialAction\":[{\"@type\":\"SearchAction\",\"target\":{\"@type\":\"EntryPoint\",\"urlTemplate\":\"https:\/\/www.tech-arrow.com\/?s={search_term_string}\"},\"query-input\":{\"@type\":\"PropertyValueSpecification\",\"valueRequired\":true,\"valueName\":\"search_term_string\"}}],\"inLanguage\":\"de\"},{\"@type\":\"Organization\",\"@id\":\"https:\/\/www.tech-arrow.com\/#organization\",\"name\":\"TECH-ARROW, GmbH.\",\"url\":\"https:\/\/www.tech-arrow.com\/\",\"logo\":{\"@type\":\"ImageObject\",\"inLanguage\":\"de\",\"@id\":\"https:\/\/www.tech-arrow.com\/#\/schema\/logo\/image\/\",\"url\":\"https:\/\/www.tech-arrow.com\/wp-content\/uploads\/2017\/04\/techarrow-logo-481x97.png\",\"contentUrl\":\"https:\/\/www.tech-arrow.com\/wp-content\/uploads\/2017\/04\/techarrow-logo-481x97.png\",\"width\":481,\"height\":97,\"caption\":\"TECH-ARROW, GmbH.\"},\"image\":{\"@id\":\"https:\/\/www.tech-arrow.com\/#\/schema\/logo\/image\/\"},\"sameAs\":[\"https:\/\/www.facebook.com\/thetecharrow\/?fref=ts\",\"https:\/\/www.linkedin.com\/company\/techarrow\",\"https:\/\/www.youtube.com\/user\/thetecharrow\"]}]}<\/script>\n<!-- \/ Yoast SEO plugin. -->","yoast_head_json":{"title":"contentACCESS version 5.0 - Details - TECH-ARROW","robots":{"index":"index","follow":"follow","max-snippet":"max-snippet:-1","max-image-preview":"max-image-preview:large","max-video-preview":"max-video-preview:-1"},"canonical":"https:\/\/www.tech-arrow.com\/de\/contentaccess-version-5-0-details\/","og_locale":"de_DE","og_type":"article","og_title":"contentACCESS version 5.0 - Details - TECH-ARROW","og_description":"Eine Liste aller Versionshinweise k\u00f6nnen Sie hier finden. Die folgende Liste bietet Ihnen eine \u00dcbersicht \u00fcber die neuesten Verbesserungen die Ihnen von contentACCESS 5.0 geboten werden: Teilen vom Archiv Wir glauben, dass contentACCESS viel mehr als nur eine Archivierungssoftware ist, die Ihre Daten f\u00fcr einen konfigurierten Zeitraum speichern und sichern sollte. Wir haben bereits ein [&hellip;]","og_url":"https:\/\/www.tech-arrow.com\/de\/contentaccess-version-5-0-details\/","og_site_name":"TECH-ARROW","article_publisher":"https:\/\/www.facebook.com\/thetecharrow\/?fref=ts","article_modified_time":"2024-11-27T14:08:13+00:00","og_image":[{"url":"https:\/\/www.tech-arrow.com\/wp-content\/uploads\/2021\/04\/CASTOR_02.png","type":"","width":"","height":""}],"twitter_card":"summary_large_image","schema":{"@context":"https:\/\/schema.org","@graph":[{"@type":"WebPage","@id":"https:\/\/www.tech-arrow.com\/de\/contentaccess-version-5-0-details\/","url":"https:\/\/www.tech-arrow.com\/de\/contentaccess-version-5-0-details\/","name":"contentACCESS version 5.0 - Details - TECH-ARROW","isPartOf":{"@id":"https:\/\/www.tech-arrow.com\/#website"},"primaryImageOfPage":{"@id":"https:\/\/www.tech-arrow.com\/de\/contentaccess-version-5-0-details\/#primaryimage"},"image":{"@id":"https:\/\/www.tech-arrow.com\/de\/contentaccess-version-5-0-details\/#primaryimage"},"thumbnailUrl":"https:\/\/www.tech-arrow.com\/wp-content\/uploads\/2021\/04\/CASTOR_02.png","datePublished":"2021-10-14T08:42:46+00:00","dateModified":"2024-11-27T14:08:13+00:00","breadcrumb":{"@id":"https:\/\/www.tech-arrow.com\/de\/contentaccess-version-5-0-details\/#breadcrumb"},"inLanguage":"de","potentialAction":[{"@type":"ReadAction","target":["https:\/\/www.tech-arrow.com\/de\/contentaccess-version-5-0-details\/"]}]},{"@type":"ImageObject","inLanguage":"de","@id":"https:\/\/www.tech-arrow.com\/de\/contentaccess-version-5-0-details\/#primaryimage","url":"https:\/\/www.tech-arrow.com\/wp-content\/uploads\/2021\/04\/CASTOR_02.png","contentUrl":"https:\/\/www.tech-arrow.com\/wp-content\/uploads\/2021\/04\/CASTOR_02.png"},{"@type":"BreadcrumbList","@id":"https:\/\/www.tech-arrow.com\/de\/contentaccess-version-5-0-details\/#breadcrumb","itemListElement":[{"@type":"ListItem","position":1,"name":"Home","item":"https:\/\/www.tech-arrow.com\/de\/"},{"@type":"ListItem","position":2,"name":"contentACCESS version 5.0 &#8211; Details"}]},{"@type":"WebSite","@id":"https:\/\/www.tech-arrow.com\/#website","url":"https:\/\/www.tech-arrow.com\/","name":"TECH-ARROW","description":"","publisher":{"@id":"https:\/\/www.tech-arrow.com\/#organization"},"potentialAction":[{"@type":"SearchAction","target":{"@type":"EntryPoint","urlTemplate":"https:\/\/www.tech-arrow.com\/?s={search_term_string}"},"query-input":{"@type":"PropertyValueSpecification","valueRequired":true,"valueName":"search_term_string"}}],"inLanguage":"de"},{"@type":"Organization","@id":"https:\/\/www.tech-arrow.com\/#organization","name":"TECH-ARROW, GmbH.","url":"https:\/\/www.tech-arrow.com\/","logo":{"@type":"ImageObject","inLanguage":"de","@id":"https:\/\/www.tech-arrow.com\/#\/schema\/logo\/image\/","url":"https:\/\/www.tech-arrow.com\/wp-content\/uploads\/2017\/04\/techarrow-logo-481x97.png","contentUrl":"https:\/\/www.tech-arrow.com\/wp-content\/uploads\/2017\/04\/techarrow-logo-481x97.png","width":481,"height":97,"caption":"TECH-ARROW, GmbH."},"image":{"@id":"https:\/\/www.tech-arrow.com\/#\/schema\/logo\/image\/"},"sameAs":["https:\/\/www.facebook.com\/thetecharrow\/?fref=ts","https:\/\/www.linkedin.com\/company\/techarrow","https:\/\/www.youtube.com\/user\/thetecharrow"]}]}},"_links":{"self":[{"href":"https:\/\/www.tech-arrow.com\/de\/wp-json\/wp\/v2\/pages\/5542","targetHints":{"allow":["GET"]}}],"collection":[{"href":"https:\/\/www.tech-arrow.com\/de\/wp-json\/wp\/v2\/pages"}],"about":[{"href":"https:\/\/www.tech-arrow.com\/de\/wp-json\/wp\/v2\/types\/page"}],"author":[{"embeddable":true,"href":"https:\/\/www.tech-arrow.com\/de\/wp-json\/wp\/v2\/users\/7"}],"replies":[{"embeddable":true,"href":"https:\/\/www.tech-arrow.com\/de\/wp-json\/wp\/v2\/comments?post=5542"}],"version-history":[{"count":3,"href":"https:\/\/www.tech-arrow.com\/de\/wp-json\/wp\/v2\/pages\/5542\/revisions"}],"predecessor-version":[{"id":13442,"href":"https:\/\/www.tech-arrow.com\/de\/wp-json\/wp\/v2\/pages\/5542\/revisions\/13442"}],"wp:attachment":[{"href":"https:\/\/www.tech-arrow.com\/de\/wp-json\/wp\/v2\/media?parent=5542"}],"curies":[{"name":"wp","href":"https:\/\/api.w.org\/{rel}","templated":true}]}}