{"id":5544,"date":"2021-10-14T10:43:11","date_gmt":"2021-10-14T08:43:11","guid":{"rendered":"https:\/\/www.tech-arrow.com\/?page_id=5544"},"modified":"2024-11-27T15:05:55","modified_gmt":"2024-11-27T14:05:55","slug":"contentaccess-version-5-1-details","status":"publish","type":"page","link":"https:\/\/www.tech-arrow.com\/de\/contentaccess-version-5-1-details\/","title":{"rendered":"contentACCESS Version 5.1 details"},"content":{"rendered":"<p>Eine Liste aller Versionshinweise k\u00f6nnen Sie <a href=\"https:\/\/www.tech-arrow.com\/de\/contentaccess-anmerkungen-zu-dieser-version\/\" rel=\"noopener noreferrer\">hier<\/a> finden.<br \/>\nDie folgende Liste bietet Ihnen eine \u00dcbersicht \u00fcber die neuesten Verbesserungen die Ihnen von contentACCESS 5.1 geboten werden:<\/p>\n<div style=\"border: 1px solid #ddd; background-color: white; width: 94%; padding: 3%; margin-bottom: 20px;\">\n<h3 style=\"color: red; padding-top: 0px;\">E-Mail-Archiv<\/h3>\n<p><!--more--><\/p>\n<p><strong>\u2713 Erweiterte Wiederherstellungsfunktionalit\u00e4t<\/strong><\/p>\n<p style=\"text-align: justify;\">Ransomware-Angriffe und Notfallwiederherstellungsszenarien sind in der heutigen Zeit immer h\u00e4ufiger zu verzeichnen. Als Antwort auf die neuen Herausforderungen haben wir die contentACCESS-Archive weiterentwickelt, um so IT-Administratoren ein leistungsf\u00e4higes Werkzeug zur L\u00f6sung solcher Aufgaben zur Verf\u00fcgung zu stellen. Administratoren k\u00f6nnen nun Daten an verschiedenen Orten wiederherstellen und den Zeitpunkt der Wiederherstellung festlegen.<\/p>\n<p style=\"text-align: justify;\">Ab jetzt k\u00f6nnen wir erweiterte Einsatzm\u00f6glichkeiten unterst\u00fctzen, wenn ein Administrator nur die Ordnerstruktur klonen und wiederverwenden m\u00f6chte, da contentACCESS in der Lage ist, die Struktur an einem anderen Ort neu zu erstellen.<\/p>\n<p style=\"text-align: justify;\">Die erweiterten Wiederherstellungsoptionen sind f\u00fcr File- und E-Mail-Archive verf\u00fcgbar.<\/p>\n<p><img decoding=\"async\" class=\"aligncenter size-full wp-image-4297\" src=\"https:\/\/www.tech-arrow.com\/wp-content\/uploads\/2021\/08\/daemon-ea-recovery-settings.png\" alt=\"EmailArchive recovery settings\" width=\"1920\" \/><\/p>\n<p><!--more--><\/p>\n<p><strong>\u2713 Archivierung In-Place-Archiv<\/strong><\/p>\n<p style=\"text-align: justify;\">In dieser Version haben wir eine neue Funktion zur Archivierung von Benutzer Mailbox-Archiven eingef\u00fchrt. In contentACCESS haben wir versucht, dies auf eine bessere Art und Weise zu implementieren, die \u00fcber die M\u00f6glichkeiten von Microsoft hinausgeht. Wir haben diese beiden Postf\u00e4cher (Postfach und Archiv-Postfach) in einer einzigen Struktur zusammengef\u00fchrt. So m\u00fcssen die Benutzer nicht zwischen 2 Postf\u00e4chern wechseln, um auf ihre Daten zuzugreifen und der Administrator hat die volle Kontrolle \u00fcber die Daten und die Wiederherstellung. Die Funktion ist f\u00fcr Office365-Postf\u00e4cher und f\u00fcr lokale Postf\u00e4cher verf\u00fcgbar.<\/p>\n<p style=\"text-align: justify;\">Unsere L\u00f6sung kann verwendet werden, um eine lokale Sicherung der Archiv-Mailbox-Daten vorzunehmen oder die Archiv-Mailbox vollst\u00e4ndig zu ersetzen und zu einem kosteng\u00fcnstigeren O365-Abonnement zu wechseln.<\/p>\n<p><img decoding=\"async\" class=\"aligncenter size-full wp-image-4293\" src=\"https:\/\/www.tech-arrow.com\/wp-content\/uploads\/2021\/08\/daemon-ea-archive-processing-settings.png\" width=\"1920\" srcset=\"https:\/\/www.tech-arrow.com\/wp-content\/uploads\/2021\/08\/daemon-ea-archive-processing-settings.png 975w, https:\/\/www.tech-arrow.com\/wp-content\/uploads\/2021\/08\/daemon-ea-archive-processing-settings-900x409.png 900w\" sizes=\"(max-width: 975px) 100vw, 975px\" \/><\/p>\n<p><img decoding=\"async\" class=\"aligncenter size-full wp-image-4294\" src=\"https:\/\/www.tech-arrow.com\/wp-content\/uploads\/2021\/08\/daemon-ea-cw-inplace-archive.png\" width=\"1920\" \/><\/p>\n<p><!--more--><\/p>\n<p><strong>\u2713 Rechtegesch\u00fctzte Nachrichtenarchivierung<\/strong><\/p>\n<p style=\"text-align: justify;\">Gesch\u00fctzte Nachrichten sind ein sehr leistungsf\u00e4higes Sicherheits-Feature von Office365, da es die Sicherheit auf die Dokumenten-Ebene verlagert. contentACCESS ist nun in der Lage, diese E-Mails zu archivieren und zu indizieren und dem Administrator eine Vorschau anzuzeigen. Die Indizierung und Vorschau ist nur in journalbasierten Archivierungsszenarien verf\u00fcgbar.<\/p>\n<p><!--more--><\/p>\n<p><strong>\u2713 L\u00f6schen von nicht zum L\u00f6schen markierten Elementen<\/strong><\/p>\n<p style=\"text-align: justify;\">\u00c4rgert es Sie, beim L\u00f6schen von Daten aus einem Archiv jede einzelne E-Mail manuell zum L\u00f6schen markieren zu m\u00fcssen? Die meisten Unternehmen kennen das, da ihre Aufbewahrungskategorie keine ungesch\u00fctzte Zeitkonfiguration enth\u00e4lt.<\/p>\n<p style=\"text-align: justify;\">Wir haben gute Nachrichten f\u00fcr Sie! Wir haben eine \u00dcberschreibungsoption in den L\u00f6schauftrag implementiert, mit der Sie diese Einschr\u00e4nkung aufheben und E-Mails mit veralteter Aufbewahrung l\u00f6schen k\u00f6nnen, auch wenn die E-Mails nicht zum L\u00f6schen markiert wurden.<\/p>\n<p><img decoding=\"async\" class=\"aligncenter size-full wp-image-4295\" src=\"https:\/\/www.tech-arrow.com\/wp-content\/uploads\/2021\/08\/daemon-ea-delete-job-settings.png\" width=\"1920\" srcset=\"https:\/\/www.tech-arrow.com\/wp-content\/uploads\/2021\/08\/daemon-ea-delete-job-settings.png 1031w, https:\/\/www.tech-arrow.com\/wp-content\/uploads\/2021\/08\/daemon-ea-delete-job-settings-900x535.png 900w\" sizes=\"(max-width: 1031px) 100vw, 1031px\" \/><\/p>\n<\/div>\n<div style=\"border: 1px solid #ddd; background-color: white; width: 94%; padding: 3%; margin-bottom: 20px;\">\n<h3 style=\"color: red; padding-top: 0px;\">Filearchiv<\/h3>\n<p><!--more--><\/p>\n<p><strong>\u2713 Erweiterte Wiederherstellungsfunktionalit\u00e4t<\/strong><\/p>\n<p style=\"text-align: justify;\">Ransomware-Angriffe und Notfallwiederherstellungsszenarien sind in der heutigen Zeit immer h\u00e4ufiger zu verzeichnen. Als Antwort auf die neuen Herausforderungen haben wir die contentACCESS-Archive weiterentwickelt, um so IT-Administratoren ein leistungsf\u00e4higes Werkzeug zur L\u00f6sung solcher Aufgaben zur Verf\u00fcgung zu stellen. Administratoren k\u00f6nnen nun Daten an verschiedenen Orten wiederherstellen und den Zeitpunkt der Wiederherstellung festlegen.<\/p>\n<p style=\"text-align: justify;\">Ab jetzt k\u00f6nnen wir erweiterte Einsatzm\u00f6glichkeiten unterst\u00fctzen, wenn ein Administrator nur die Ordnerstruktur klonen und wiederverwenden m\u00f6chte, da contentACCESS in der Lage ist, die Struktur an einem anderen Ort neu zu erstellen.<\/p>\n<p style=\"text-align: justify;\">Die erweiterten Wiederherstellungsoptionen sind f\u00fcr File- und E-Mail-Archive verf\u00fcgbar.<\/p>\n<p><img decoding=\"async\" class=\"aligncenter size-full wp-image-4296\" src=\"https:\/\/www.tech-arrow.com\/wp-content\/uploads\/2021\/08\/daemon-fsa-recovery-settings.png\" width=\"1920\" \/><\/p>\n<\/div>\n<div style=\"border: 1px solid #ddd; background-color: white; width: 94%; padding: 3%; margin-bottom: 20px;\">\n<h3 style=\"color: red; padding-top: 0px;\">Teilen<\/h3>\n<p><!--more--><br \/>\n<strong>\u2713 Gemeinsame Nutzung von Ordnern<\/strong><\/p>\n<p style=\"text-align: justify;\">Die in contentACCESS Version 5.0 eingef\u00fchrte \u201eFreigabe auf Plattformebene\u201c wurde nun um die Freigabe ganzer Ordner oder Ordnerstrukturen erweitert. Noch nie war das Teilen von Daten so einfach und sicher!<\/p>\n<p style=\"text-align: justify;\">Ordnerfreigabe verwaltet Ordnerinhalt dynamisch: Hinzugef\u00fcgte oder entfernte Dateien in freigegebenen Ordnern, erscheinen automatisch auch in geteilten Ordnern. Die Sicherheit wird gew\u00e4hrleistet, indem alle Daten aus dem Quellsystem unter dem Namen des freigegebenen Benutzers abgerufen werden. Jede Berechtigungs\u00e4nderung wird automatisch auch in den freigegebenen Ordnern ber\u00fccksichtigt. Bei Freigabe eines Ordners werden alle Freigabefunktionen, wie Aufbewahrung, Download-Limit und Protokollierung weiterhin unterst\u00fctzt. Der Nutzer des geteilten Ordners kann unser leistungsf\u00e4higes Suchwerkzeug verwenden, um die gew\u00fcnschten Daten auch im Textinhalt zu finden.<\/p>\n<p style=\"text-align: justify;\">Die gemeinsame Nutzung von Ordnern ist f\u00fcr alle Module verf\u00fcgbar: Filearchiv, E-Mail-Archiv, SharePoint-Archiv, MS Teams-Archiv und DSGVO.<\/p>\n<p><img decoding=\"async\" class=\"aligncenter size-full wp-image-4298\" src=\"https:\/\/www.tech-arrow.com\/wp-content\/uploads\/2021\/08\/daemon-sharing-cw01.png\" alt=\"\" width=\"1920\" srcset=\"https:\/\/www.tech-arrow.com\/wp-content\/uploads\/2021\/08\/daemon-sharing-cw01.png 1677w, https:\/\/www.tech-arrow.com\/wp-content\/uploads\/2021\/08\/daemon-sharing-cw01-900x368.png 900w\" sizes=\"(max-width: 1677px) 100vw, 1677px\" \/><\/p>\n<\/div>\n<div style=\"border: 1px solid #ddd; background-color: white; width: 94%; padding: 3%; margin-bottom: 20px;\">\n<h3 style=\"color: red; padding-top: 0px;\">Allgemein<\/h3>\n<p><!--more--><br \/>\n<strong>\u2713 Dateityp-Gruppenfilter im Indexauftrag<\/strong><\/p>\n<p style=\"text-align: justify;\">Jede Datenquelle enth\u00e4lt Dateien, die volltextindiziert werden k\u00f6nnen oder nicht. Die Dateien, die keinen Text beinhalten oder bei denen der iFilter nicht auf dem System vorhanden ist, werden w\u00e4hrend des Indizierungsprozesses als Fehler gemeldet. Dies war zuvor sehr \u00e4rgerlich. Die L\u00f6sung besteht darin, eine Whitelist von Dateitypen zu definieren, die einen textuellen Inhalt haben und indiziert werden sollen. Wir haben diesen Prozess vereinfacht, indem wir eine vordefinierte Gruppe von Dateitypen haben. Sie m\u00fcssen nur die Gruppe der ben\u00f6tigten Dateitypen ausw\u00e4hlen, anstatt jeden Dateityp einzeln auszuw\u00e4hlen.<\/p>\n<p style=\"text-align: justify;\">Dies spart Ihnen Zeit bei der Erstkonfiguration des Systems.<\/p>\n<p><img decoding=\"async\" class=\"aligncenter size-full wp-image-4292\" src=\"https:\/\/www.tech-arrow.com\/wp-content\/uploads\/2021\/08\/daemon-ca-indexing-filter.png\" width=\"1920\" srcset=\"https:\/\/www.tech-arrow.com\/wp-content\/uploads\/2021\/08\/daemon-ca-indexing-filter.png 1325w, https:\/\/www.tech-arrow.com\/wp-content\/uploads\/2021\/08\/daemon-ca-indexing-filter-900x425.png 900w\" sizes=\"(max-width: 1325px) 100vw, 1325px\" \/><\/p>\n<p><!--more--><br \/>\n<strong>\u2713 Leistungs- und Stabilit\u00e4tskontrolle<\/strong><\/p>\n<p style=\"text-align: justify;\">Es wurden Verbesserungen vorgenommen, um das System schneller und stabiler zu machen, sodass Ihre contentACCESS Erfahrung besser sein k\u00f6nnte als jemals zuvor.<\/p>\n<p><!--more--><\/p>\n<\/div>\n<div style=\"border: 1px solid #dddddd; background-color: white; width: 94%; padding: 3%; margin-bottom: 20px;\">\n<h3 style=\"color: red; padding-top: 0px;\">Update von \u00e4lteren Versionen<\/h3>\n<p style=\"text-align: justify;\"><strong>\u2713 Aktualisierungspfad:<\/strong> Das Update wird ab contentACCESS Version 3.1 unterst\u00fctzt. \u00c4ltere Versionen m\u00fcssen zun\u00e4chst auf contentACCESS 3.1 und dann von Version 3.1 auf die neueste Version aktualisiert werden.<\/p>\n<p style=\"text-align: justify;\">Wenn das Update von einer fr\u00fcheren Version als 3.3 durchgef\u00fchrt wird, m\u00fcssen einige neue Funktionen nach dem Update manuell konfiguriert werden.<\/p>\n<p style=\"text-align: justify;\">Eines dieser Features ist der Task Runner, der einen Ressourcenspeicher ben\u00f6tigt, in dem die Exportdateien gespeichert werden. Dieser Speicher muss unter System -&gt; System -&gt; System -&gt; Resource storage settings konfiguriert werden. Dieser Speicher muss f\u00fcr alle contentACCESS-Knoten innerhalb eines Clusters zug\u00e4nglich sein, daher wird dringend empfohlen, eine Netzwerkfreigabe zu verwenden.<\/p>\n<p style=\"text-align: justify;\"><strong>\u2713 .NET Framework Unterst\u00fctzung:<\/strong> <strong>Die minimal ben\u00f6tigte .NET Version wurde von 4.5.2 auf 4.8<\/strong>, f\u00fcr alle Applikationen <strong>erh\u00f6ht<\/strong>.<\/p>\n<p style=\"text-align: justify;\"><strong>\u2713 Mail App Aktivierung:<\/strong> Durch die Neugestaltung der Mail-App-Aktivierungsmethode im contentACCESS E-Mail-Archiv werden f\u00fcr den Superuser neue Berechtigungen &#8222;Org Marketplace Apps&#8220; und &#8222;User Options&#8220; ben\u00f6tigt, um zu funktionieren.<\/p>\n<p style=\"text-align: justify;\"><strong>\u2713 Outlook-Formulare:<\/strong> Wenn das Update von einer fr\u00fcheren Version als 3.4 durchgef\u00fchrt wird, m\u00fcssen die Outlook-Formulare aufgrund einiger interner \u00c4nderungen im Verkn\u00fcpfungsformat des E-Mail-Archivs auf die neueste Version aktualisiert werden, um die korrekte Funktionalit\u00e4t zu erhalten. F\u00fcr contentACCESS 3.8 m\u00fcssen Outlook-Formulare aufgrund von Authentifizierungs\u00e4nderungen ebenfalls neu ver\u00f6ffentlicht werden.<\/p>\n<p style=\"text-align: justify;\"><strong>\u2713 Fernarchivierung von Dateien:<\/strong>Beim Aktualisieren von contentACCESS 3.6 funktionieren bestehende Remote-Agentendefinitionen nicht, da einige der Datenbankstrukturen aus der Archivdatenbank des Dateisystems in die Mandantendatenbank verschoben wurden.<\/p>\n<p style=\"text-align: justify;\"><strong>\u2713 SQL-Server-Unterst\u00fctzung:<\/strong> Die minimal erforderliche SQL-Version wurde von MS SQL 2008 auf MS SQL 2012 erh\u00f6ht.<\/p>\n<p style=\"text-align: justify;\"><strong>\u2713 Neu gestaltete Filterung:<\/strong> Die alte Filterung wurde in das neue Format umgewandelt. Daher empfehlen wir, alle Einstellungen der Auftragsfilterung nach dem Update von 3.7 oder fr\u00fcher zu \u00fcberpr\u00fcfen.<\/p>\n<\/div>\n<div style=\"border: 1px solid #dddddd; background-color: white; width: 94%; padding: 3%; margin-bottom: 20px;\">\n<h3 style=\"color: red; padding-top: 0px;\">Dokumentation<\/h3>\n<p style=\"text-align: left;\"><strong>\u2713 Dokumentation<\/strong> \u2013 Bitte beachten Sie die aktualisierte Dokumentation und die aktualisierten Handb\u00fccher.<\/p>\n<p><a title=\"contentAccess Manual\" href=\"https:\/\/documentation.tech-arrow.com\/contentaccess-manuals\/\" target=\"_blank\" rel=\"noopener noreferrer\"><img loading=\"lazy\" decoding=\"async\" src=\"https:\/\/www.tech-arrow.com\/wp-content\/uploads\/2016\/02\/3.png\" alt=\"3\" width=\"20\" height=\"20\" \/><\/a> <a title=\"contentAccess Manual\" href=\"https:\/\/documentation.tech-arrow.com\/contentaccess-manuals\/\" target=\"_blank\" rel=\"noopener noreferrer\">contentACCESS Manual<\/a><\/p>\n<p><a title=\"contentWEB Manual\" href=\"https:\/\/documentation.tech-arrow.com\/contentweb\/\" target=\"_blank\" rel=\"noopener noreferrer\"><img loading=\"lazy\" decoding=\"async\" src=\"https:\/\/www.tech-arrow.com\/wp-content\/uploads\/2016\/02\/3.png\" alt=\"3\" width=\"20\" height=\"20\" \/><\/a> <a title=\"contentWEB Manual\" href=\"https:\/\/documentation.tech-arrow.com\/contentweb\/\" target=\"_blank\" rel=\"noopener noreferrer\">contentWEB Manual<\/a><\/p>\n<p><a href=\"https:\/\/documentation.tech-arrow.com\/officegate\/\"><img loading=\"lazy\" decoding=\"async\" src=\"https:\/\/www.tech-arrow.com\/wp-content\/uploads\/2016\/02\/3.png\" alt=\"3\" width=\"20\" height=\"20\" \/><\/a> <a href=\"https:\/\/documentation.tech-arrow.com\/officegate\/\" target=\"_blank\" rel=\"noopener noreferrer\">officeGATE manual<\/a><\/p>\n<p><a href=\"https:\/\/documentation.tech-arrow.com\/tech-arrows-winshortcutter\/\"><img loading=\"lazy\" decoding=\"async\" src=\"https:\/\/www.tech-arrow.com\/wp-content\/uploads\/2016\/02\/3.png\" alt=\"3\" width=\"20\" height=\"20\" \/><\/a> <a href=\"https:\/\/documentation.tech-arrow.com\/tech-arrows-winshortcutter\/\" target=\"_blank\" rel=\"noopener noreferrer\">TECH-ARROW\u2019s WinShortcutter user manual<\/a><\/p>\n<\/div>\n","protected":false},"excerpt":{"rendered":"<p>Eine Liste aller Versionshinweise k\u00f6nnen Sie hier finden. Die folgende Liste bietet Ihnen eine \u00dcbersicht \u00fcber die neuesten Verbesserungen die Ihnen von contentACCESS 5.1 geboten werden: E-Mail-Archiv<\/p>\n","protected":false},"author":7,"featured_media":0,"parent":0,"menu_order":0,"comment_status":"closed","ping_status":"closed","template":"","meta":{"_acf_changed":false,"inline_featured_image":false,"footnotes":""},"class_list":["post-5544","page","type-page","status-publish","hentry"],"acf":[],"yoast_head":"<!-- This site is optimized with the Yoast SEO plugin v27.0 - https:\/\/yoast.com\/product\/yoast-seo-wordpress\/ -->\n<title>contentACCESS Version 5.1 details - TECH-ARROW<\/title>\n<meta name=\"robots\" content=\"index, follow, max-snippet:-1, max-image-preview:large, max-video-preview:-1\" \/>\n<link rel=\"canonical\" href=\"https:\/\/www.tech-arrow.com\/de\/contentaccess-version-5-1-details\/\" \/>\n<meta property=\"og:locale\" content=\"de_DE\" \/>\n<meta property=\"og:type\" content=\"article\" \/>\n<meta property=\"og:title\" content=\"contentACCESS Version 5.1 details - TECH-ARROW\" \/>\n<meta property=\"og:description\" content=\"Eine Liste aller Versionshinweise k\u00f6nnen Sie hier finden. Die folgende Liste bietet Ihnen eine \u00dcbersicht \u00fcber die neuesten Verbesserungen die Ihnen von contentACCESS 5.1 geboten werden: E-Mail-Archiv\" \/>\n<meta property=\"og:url\" content=\"https:\/\/www.tech-arrow.com\/de\/contentaccess-version-5-1-details\/\" \/>\n<meta property=\"og:site_name\" content=\"TECH-ARROW\" \/>\n<meta property=\"article:publisher\" content=\"https:\/\/www.facebook.com\/thetecharrow\/?fref=ts\" \/>\n<meta property=\"article:modified_time\" content=\"2024-11-27T14:05:55+00:00\" \/>\n<meta property=\"og:image\" content=\"https:\/\/www.tech-arrow.com\/wp-content\/uploads\/2021\/08\/daemon-ea-recovery-settings.png\" \/>\n<meta name=\"twitter:card\" content=\"summary_large_image\" \/>\n<script type=\"application\/ld+json\" class=\"yoast-schema-graph\">{\"@context\":\"https:\/\/schema.org\",\"@graph\":[{\"@type\":\"WebPage\",\"@id\":\"https:\/\/www.tech-arrow.com\/de\/contentaccess-version-5-1-details\/\",\"url\":\"https:\/\/www.tech-arrow.com\/de\/contentaccess-version-5-1-details\/\",\"name\":\"contentACCESS Version 5.1 details - TECH-ARROW\",\"isPartOf\":{\"@id\":\"https:\/\/www.tech-arrow.com\/#website\"},\"primaryImageOfPage\":{\"@id\":\"https:\/\/www.tech-arrow.com\/de\/contentaccess-version-5-1-details\/#primaryimage\"},\"image\":{\"@id\":\"https:\/\/www.tech-arrow.com\/de\/contentaccess-version-5-1-details\/#primaryimage\"},\"thumbnailUrl\":\"https:\/\/www.tech-arrow.com\/wp-content\/uploads\/2021\/08\/daemon-ea-recovery-settings.png\",\"datePublished\":\"2021-10-14T08:43:11+00:00\",\"dateModified\":\"2024-11-27T14:05:55+00:00\",\"breadcrumb\":{\"@id\":\"https:\/\/www.tech-arrow.com\/de\/contentaccess-version-5-1-details\/#breadcrumb\"},\"inLanguage\":\"de\",\"potentialAction\":[{\"@type\":\"ReadAction\",\"target\":[\"https:\/\/www.tech-arrow.com\/de\/contentaccess-version-5-1-details\/\"]}]},{\"@type\":\"ImageObject\",\"inLanguage\":\"de\",\"@id\":\"https:\/\/www.tech-arrow.com\/de\/contentaccess-version-5-1-details\/#primaryimage\",\"url\":\"https:\/\/www.tech-arrow.com\/wp-content\/uploads\/2021\/08\/daemon-ea-recovery-settings.png\",\"contentUrl\":\"https:\/\/www.tech-arrow.com\/wp-content\/uploads\/2021\/08\/daemon-ea-recovery-settings.png\"},{\"@type\":\"BreadcrumbList\",\"@id\":\"https:\/\/www.tech-arrow.com\/de\/contentaccess-version-5-1-details\/#breadcrumb\",\"itemListElement\":[{\"@type\":\"ListItem\",\"position\":1,\"name\":\"Home\",\"item\":\"https:\/\/www.tech-arrow.com\/de\/\"},{\"@type\":\"ListItem\",\"position\":2,\"name\":\"contentACCESS Version 5.1 details\"}]},{\"@type\":\"WebSite\",\"@id\":\"https:\/\/www.tech-arrow.com\/#website\",\"url\":\"https:\/\/www.tech-arrow.com\/\",\"name\":\"TECH-ARROW\",\"description\":\"\",\"publisher\":{\"@id\":\"https:\/\/www.tech-arrow.com\/#organization\"},\"potentialAction\":[{\"@type\":\"SearchAction\",\"target\":{\"@type\":\"EntryPoint\",\"urlTemplate\":\"https:\/\/www.tech-arrow.com\/?s={search_term_string}\"},\"query-input\":{\"@type\":\"PropertyValueSpecification\",\"valueRequired\":true,\"valueName\":\"search_term_string\"}}],\"inLanguage\":\"de\"},{\"@type\":\"Organization\",\"@id\":\"https:\/\/www.tech-arrow.com\/#organization\",\"name\":\"TECH-ARROW, GmbH.\",\"url\":\"https:\/\/www.tech-arrow.com\/\",\"logo\":{\"@type\":\"ImageObject\",\"inLanguage\":\"de\",\"@id\":\"https:\/\/www.tech-arrow.com\/#\/schema\/logo\/image\/\",\"url\":\"https:\/\/www.tech-arrow.com\/wp-content\/uploads\/2017\/04\/techarrow-logo-481x97.png\",\"contentUrl\":\"https:\/\/www.tech-arrow.com\/wp-content\/uploads\/2017\/04\/techarrow-logo-481x97.png\",\"width\":481,\"height\":97,\"caption\":\"TECH-ARROW, GmbH.\"},\"image\":{\"@id\":\"https:\/\/www.tech-arrow.com\/#\/schema\/logo\/image\/\"},\"sameAs\":[\"https:\/\/www.facebook.com\/thetecharrow\/?fref=ts\",\"https:\/\/www.linkedin.com\/company\/techarrow\",\"https:\/\/www.youtube.com\/user\/thetecharrow\"]}]}<\/script>\n<!-- \/ Yoast SEO plugin. -->","yoast_head_json":{"title":"contentACCESS Version 5.1 details - TECH-ARROW","robots":{"index":"index","follow":"follow","max-snippet":"max-snippet:-1","max-image-preview":"max-image-preview:large","max-video-preview":"max-video-preview:-1"},"canonical":"https:\/\/www.tech-arrow.com\/de\/contentaccess-version-5-1-details\/","og_locale":"de_DE","og_type":"article","og_title":"contentACCESS Version 5.1 details - TECH-ARROW","og_description":"Eine Liste aller Versionshinweise k\u00f6nnen Sie hier finden. Die folgende Liste bietet Ihnen eine \u00dcbersicht \u00fcber die neuesten Verbesserungen die Ihnen von contentACCESS 5.1 geboten werden: E-Mail-Archiv","og_url":"https:\/\/www.tech-arrow.com\/de\/contentaccess-version-5-1-details\/","og_site_name":"TECH-ARROW","article_publisher":"https:\/\/www.facebook.com\/thetecharrow\/?fref=ts","article_modified_time":"2024-11-27T14:05:55+00:00","og_image":[{"url":"https:\/\/www.tech-arrow.com\/wp-content\/uploads\/2021\/08\/daemon-ea-recovery-settings.png","type":"","width":"","height":""}],"twitter_card":"summary_large_image","schema":{"@context":"https:\/\/schema.org","@graph":[{"@type":"WebPage","@id":"https:\/\/www.tech-arrow.com\/de\/contentaccess-version-5-1-details\/","url":"https:\/\/www.tech-arrow.com\/de\/contentaccess-version-5-1-details\/","name":"contentACCESS Version 5.1 details - TECH-ARROW","isPartOf":{"@id":"https:\/\/www.tech-arrow.com\/#website"},"primaryImageOfPage":{"@id":"https:\/\/www.tech-arrow.com\/de\/contentaccess-version-5-1-details\/#primaryimage"},"image":{"@id":"https:\/\/www.tech-arrow.com\/de\/contentaccess-version-5-1-details\/#primaryimage"},"thumbnailUrl":"https:\/\/www.tech-arrow.com\/wp-content\/uploads\/2021\/08\/daemon-ea-recovery-settings.png","datePublished":"2021-10-14T08:43:11+00:00","dateModified":"2024-11-27T14:05:55+00:00","breadcrumb":{"@id":"https:\/\/www.tech-arrow.com\/de\/contentaccess-version-5-1-details\/#breadcrumb"},"inLanguage":"de","potentialAction":[{"@type":"ReadAction","target":["https:\/\/www.tech-arrow.com\/de\/contentaccess-version-5-1-details\/"]}]},{"@type":"ImageObject","inLanguage":"de","@id":"https:\/\/www.tech-arrow.com\/de\/contentaccess-version-5-1-details\/#primaryimage","url":"https:\/\/www.tech-arrow.com\/wp-content\/uploads\/2021\/08\/daemon-ea-recovery-settings.png","contentUrl":"https:\/\/www.tech-arrow.com\/wp-content\/uploads\/2021\/08\/daemon-ea-recovery-settings.png"},{"@type":"BreadcrumbList","@id":"https:\/\/www.tech-arrow.com\/de\/contentaccess-version-5-1-details\/#breadcrumb","itemListElement":[{"@type":"ListItem","position":1,"name":"Home","item":"https:\/\/www.tech-arrow.com\/de\/"},{"@type":"ListItem","position":2,"name":"contentACCESS Version 5.1 details"}]},{"@type":"WebSite","@id":"https:\/\/www.tech-arrow.com\/#website","url":"https:\/\/www.tech-arrow.com\/","name":"TECH-ARROW","description":"","publisher":{"@id":"https:\/\/www.tech-arrow.com\/#organization"},"potentialAction":[{"@type":"SearchAction","target":{"@type":"EntryPoint","urlTemplate":"https:\/\/www.tech-arrow.com\/?s={search_term_string}"},"query-input":{"@type":"PropertyValueSpecification","valueRequired":true,"valueName":"search_term_string"}}],"inLanguage":"de"},{"@type":"Organization","@id":"https:\/\/www.tech-arrow.com\/#organization","name":"TECH-ARROW, GmbH.","url":"https:\/\/www.tech-arrow.com\/","logo":{"@type":"ImageObject","inLanguage":"de","@id":"https:\/\/www.tech-arrow.com\/#\/schema\/logo\/image\/","url":"https:\/\/www.tech-arrow.com\/wp-content\/uploads\/2017\/04\/techarrow-logo-481x97.png","contentUrl":"https:\/\/www.tech-arrow.com\/wp-content\/uploads\/2017\/04\/techarrow-logo-481x97.png","width":481,"height":97,"caption":"TECH-ARROW, GmbH."},"image":{"@id":"https:\/\/www.tech-arrow.com\/#\/schema\/logo\/image\/"},"sameAs":["https:\/\/www.facebook.com\/thetecharrow\/?fref=ts","https:\/\/www.linkedin.com\/company\/techarrow","https:\/\/www.youtube.com\/user\/thetecharrow"]}]}},"_links":{"self":[{"href":"https:\/\/www.tech-arrow.com\/de\/wp-json\/wp\/v2\/pages\/5544","targetHints":{"allow":["GET"]}}],"collection":[{"href":"https:\/\/www.tech-arrow.com\/de\/wp-json\/wp\/v2\/pages"}],"about":[{"href":"https:\/\/www.tech-arrow.com\/de\/wp-json\/wp\/v2\/types\/page"}],"author":[{"embeddable":true,"href":"https:\/\/www.tech-arrow.com\/de\/wp-json\/wp\/v2\/users\/7"}],"replies":[{"embeddable":true,"href":"https:\/\/www.tech-arrow.com\/de\/wp-json\/wp\/v2\/comments?post=5544"}],"version-history":[{"count":3,"href":"https:\/\/www.tech-arrow.com\/de\/wp-json\/wp\/v2\/pages\/5544\/revisions"}],"predecessor-version":[{"id":13430,"href":"https:\/\/www.tech-arrow.com\/de\/wp-json\/wp\/v2\/pages\/5544\/revisions\/13430"}],"wp:attachment":[{"href":"https:\/\/www.tech-arrow.com\/de\/wp-json\/wp\/v2\/media?parent=5544"}],"curies":[{"name":"wp","href":"https:\/\/api.w.org\/{rel}","templated":true}]}}