{"id":6230,"date":"2021-10-15T15:20:40","date_gmt":"2021-10-15T13:20:40","guid":{"rendered":"https:\/\/www.tech-arrow.com\/?page_id=6230"},"modified":"2024-11-27T14:51:30","modified_gmt":"2024-11-27T13:51:30","slug":"download-center-version-3-2-details","status":"publish","type":"page","link":"https:\/\/www.tech-arrow.com\/de\/download-center-version-3-2-details\/","title":{"rendered":"Download Center version 3.2 &#8211; details"},"content":{"rendered":"<p>Eine Liste aller Versionshinweise k\u00f6nnen Sie <a href=\"https:\/\/www.tech-arrow.com\/download-center-versionshinweise\/\" target=\"_blank\" rel=\"noopener noreferrer\">hier<\/a> finden.<\/p>\n<p><a href=\"https:\/\/download.tech-arrow.com\/\" target=\"_blank\" rel=\"noopener\"><img decoding=\"async\" class=\"alignnone size-full wp-image-5806\" src=\"https:\/\/www.tech-arrow.com\/wp-content\/uploads\/2021\/04\/DNC_button_DE.png\" alt=\"\" width=\"20%\" \/><\/a><br \/>\n<!--more--><\/p>\n<p>Wissen Sie nie, ob Sie die neueste Version der Software verwenden oder wo Sie die neueste Version finden? Ihr unternehmen blockiert die FTP-Ports nach au\u00dfen? Keine Sorge! Das TECH-ARROW Download Center ist f\u00fcr Sie da!<\/p>\n<p>Wir f\u00fchren einen verwalteten Ort zum Herunterladen unserer Software Setups ein. Es ist webbasiert und gesichert. Hier finden Sie alle Setups, die f\u00fcr sie verf\u00fcgbar sind! Was m\u00fcssen Sie eingeben? Nur einen g\u00fcltigen Lizenzschl\u00fcssel, fertig!<\/p>\n<p><img loading=\"lazy\" decoding=\"async\" class=\"aligncenter size-full wp-image-5736\" src=\"https:\/\/www.tech-arrow.com\/wp-content\/uploads\/2021\/03\/Files.png\" alt=\"\" width=\"1678\" height=\"505\" \/><\/p>\n<div style=\"border: 1px solid #ddd; background-color: white; width: 94%; padding: 3%; margin-bottom: 20px;\">\n<h3 style=\"color: red; padding-top: 0px;\">Melden Sie sich mit dem Lizenzschl\u00fcssel an<\/h3>\n<p style=\"text-align: justify;\"><strong>\u2713<\/strong> Das Einzige, was Sie zum Anmelden ben\u00f6tigen, ist ein g\u00fcltiger Lizenzschl\u00fcssel mit nicht abgelaufener Wartung. Das ist alles, nichts weiter!<\/p>\n<p><img decoding=\"async\" class=\"aligncenter size-full wp-image-5738\" src=\"https:\/\/www.tech-arrow.com\/wp-content\/uploads\/2021\/03\/Login.png\" alt=\"\" width=\"40%\" \/><\/p>\n<\/div>\n<div style=\"border: 1px solid #ddd; background-color: white; width: 94%; padding: 3%; margin-bottom: 20px;\">\n<h3 style=\"color: red; padding-top: 0px;\">Zugriffsfluss anfordern<\/h3>\n<p style=\"text-align: justify;\"><strong>\u2713<\/strong> Haben Sie Probleme beim Aufruf des Download Centers? Schl\u00e4gt die Anmeldung fehl? Klicken Sie einfach auf <strong>Request access to the download center?<\/strong> und kontaktieren Sie uns. Unsere Kollegen werden sich so schnell wie m\u00f6glich bei Ihnen melden und Ihnen bei der L\u00f6sung Ihrer Angelegenheit helfen!<\/p>\n<p><center><img decoding=\"async\" class=\"alignnone size-full wp-image-5739\" src=\"https:\/\/www.tech-arrow.com\/wp-content\/uploads\/2021\/03\/LoginFailed.png\" alt=\"\" width=\"40%\" \/>\u00a0\u00a0\u00a0\u00a0\u00a0\u00a0\u00a0<img decoding=\"async\" class=\"alignnone size-full wp-image-5741\" src=\"https:\/\/www.tech-arrow.com\/wp-content\/uploads\/2021\/03\/RequestAccess.png\" alt=\"\" width=\"41%\" \/><\/center><\/div>\n<div style=\"border: 1px solid #ddd; background-color: white; width: 94%; padding: 3%; margin-bottom: 20px;\">\n<h3 style=\"color: red; padding-top: 0px;\">Direkter Zugriff auf Versionshinweise<\/h3>\n<p style=\"text-align: justify;\"><strong>\u2713<\/strong> Sie m\u00fcssen nicht nach einer Seite mit Versionshinweisen suchen. Sie k\u00f6nnen diese einfach aufrufen, indem Sie im Download Center auf den Link <strong>Release notes<\/strong> klicken.<\/p>\n<p><img loading=\"lazy\" decoding=\"async\" class=\"aligncenter size-full wp-image-5737\" src=\"https:\/\/www.tech-arrow.com\/wp-content\/uploads\/2021\/03\/Filesv2.png\" alt=\"\" width=\"1678\" height=\"505\" \/><\/p>\n<\/div>\n<div style=\"border: 1px solid #ddd; background-color: white; width: 94%; padding: 3%; margin-bottom: 20px;\">\n<h3 style=\"color: red; padding-top: 0px;\">Neue Versionen hervorgehoben<\/h3>\n<p style=\"text-align: justify;\"><strong>\u2713<\/strong> Verpassen Sie nicht die neuen Versionen! Das Download Center hebt f\u00fcr Sie automatisch das neuste hervor.<\/p>\n<p><img decoding=\"async\" class=\"aligncenter size-full wp-image-5740\" src=\"https:\/\/www.tech-arrow.com\/wp-content\/uploads\/2021\/03\/New.png\" alt=\"\" width=\"40%\" \/><\/p>\n<\/div>\n<div style=\"border: 1px solid #dddddd; background-color: white; width: 94%; padding: 3%; margin-bottom: 20px;\">\n<h3 style=\"color: red; padding-top: 0px;\">Integrierte Suche<\/h3>\n<p style=\"text-align: justify;\"><strong>\u2713<\/strong> K\u00f6nnen Sie das gew\u00fcnschte Versions-Setup nicht finden? Geben Sie einfach die gesuchte Version in das Suchfeld ein und w\u00e4hlen Sie direkt aus einer Liste von relevanten Ergebnissen.<\/p>\n<p><img loading=\"lazy\" decoding=\"async\" class=\"aligncenter size-full wp-image-5742\" src=\"https:\/\/www.tech-arrow.com\/wp-content\/uploads\/2021\/03\/Search.png\" alt=\"\" width=\"1682\" height=\"427\" \/><\/p>\n<\/div>\n<div style=\"border: 1px solid #ddd; background-color: white; width: 94%; padding: 3%; margin-bottom: 20px;\">\n<h3 style=\"color: red; padding-top: 0px;\">Separater Zugangspunkt f\u00fcr Partner<\/h3>\n<p style=\"text-align: justify;\"><strong>\u2713<\/strong> Sind Sie ein TECH-ARROW Partner? Wir k\u00f6nnen Ihnen eine spezifische und markenbezogene Downloadseite zur Verf\u00fcgung stellen, die Sie direkt mit Ihren Kunden teilen k\u00f6nnen. Sie k\u00f6nnen auch eine Domain an uns weiterleiten, um die bestm\u00f6gliche Benutzererfahrung zu erzielen. Setzen Sie sich mit uns in Verbindung, um weitere Informationen zu dieser M\u00f6glichkeit zu erhalten.<\/p>\n<\/div>\n","protected":false},"excerpt":{"rendered":"<p>Eine Liste aller Versionshinweise k\u00f6nnen Sie hier finden.<\/p>\n","protected":false},"author":7,"featured_media":0,"parent":0,"menu_order":0,"comment_status":"closed","ping_status":"closed","template":"","meta":{"_acf_changed":false,"inline_featured_image":false,"footnotes":""},"class_list":["post-6230","page","type-page","status-publish","hentry"],"acf":[],"yoast_head":"<!-- This site is optimized with the Yoast SEO plugin v27.0 - https:\/\/yoast.com\/product\/yoast-seo-wordpress\/ -->\n<title>Download Center version 3.2 - details - TECH-ARROW<\/title>\n<meta name=\"robots\" content=\"index, follow, max-snippet:-1, max-image-preview:large, max-video-preview:-1\" \/>\n<link rel=\"canonical\" href=\"https:\/\/www.tech-arrow.com\/de\/download-center-version-3-2-details\/\" \/>\n<meta property=\"og:locale\" content=\"de_DE\" \/>\n<meta property=\"og:type\" content=\"article\" \/>\n<meta property=\"og:title\" content=\"Download Center version 3.2 - details - TECH-ARROW\" \/>\n<meta property=\"og:description\" content=\"Eine Liste aller Versionshinweise k\u00f6nnen Sie hier finden.\" \/>\n<meta property=\"og:url\" content=\"https:\/\/www.tech-arrow.com\/de\/download-center-version-3-2-details\/\" \/>\n<meta property=\"og:site_name\" content=\"TECH-ARROW\" \/>\n<meta property=\"article:publisher\" content=\"https:\/\/www.facebook.com\/thetecharrow\/?fref=ts\" \/>\n<meta property=\"article:modified_time\" content=\"2024-11-27T13:51:30+00:00\" \/>\n<meta property=\"og:image\" content=\"https:\/\/www.tech-arrow.com\/wp-content\/uploads\/2021\/04\/DNC_button_DE.png\" \/>\n<meta name=\"twitter:card\" content=\"summary_large_image\" \/>\n<script type=\"application\/ld+json\" class=\"yoast-schema-graph\">{\"@context\":\"https:\/\/schema.org\",\"@graph\":[{\"@type\":\"WebPage\",\"@id\":\"https:\/\/www.tech-arrow.com\/de\/download-center-version-3-2-details\/\",\"url\":\"https:\/\/www.tech-arrow.com\/de\/download-center-version-3-2-details\/\",\"name\":\"Download Center version 3.2 - details - TECH-ARROW\",\"isPartOf\":{\"@id\":\"https:\/\/www.tech-arrow.com\/#website\"},\"primaryImageOfPage\":{\"@id\":\"https:\/\/www.tech-arrow.com\/de\/download-center-version-3-2-details\/#primaryimage\"},\"image\":{\"@id\":\"https:\/\/www.tech-arrow.com\/de\/download-center-version-3-2-details\/#primaryimage\"},\"thumbnailUrl\":\"https:\/\/www.tech-arrow.com\/wp-content\/uploads\/2021\/04\/DNC_button_DE.png\",\"datePublished\":\"2021-10-15T13:20:40+00:00\",\"dateModified\":\"2024-11-27T13:51:30+00:00\",\"breadcrumb\":{\"@id\":\"https:\/\/www.tech-arrow.com\/de\/download-center-version-3-2-details\/#breadcrumb\"},\"inLanguage\":\"de\",\"potentialAction\":[{\"@type\":\"ReadAction\",\"target\":[\"https:\/\/www.tech-arrow.com\/de\/download-center-version-3-2-details\/\"]}]},{\"@type\":\"ImageObject\",\"inLanguage\":\"de\",\"@id\":\"https:\/\/www.tech-arrow.com\/de\/download-center-version-3-2-details\/#primaryimage\",\"url\":\"https:\/\/www.tech-arrow.com\/wp-content\/uploads\/2021\/04\/DNC_button_DE.png\",\"contentUrl\":\"https:\/\/www.tech-arrow.com\/wp-content\/uploads\/2021\/04\/DNC_button_DE.png\"},{\"@type\":\"BreadcrumbList\",\"@id\":\"https:\/\/www.tech-arrow.com\/de\/download-center-version-3-2-details\/#breadcrumb\",\"itemListElement\":[{\"@type\":\"ListItem\",\"position\":1,\"name\":\"Home\",\"item\":\"https:\/\/www.tech-arrow.com\/de\/\"},{\"@type\":\"ListItem\",\"position\":2,\"name\":\"Download Center version 3.2 &#8211; details\"}]},{\"@type\":\"WebSite\",\"@id\":\"https:\/\/www.tech-arrow.com\/#website\",\"url\":\"https:\/\/www.tech-arrow.com\/\",\"name\":\"TECH-ARROW\",\"description\":\"\",\"publisher\":{\"@id\":\"https:\/\/www.tech-arrow.com\/#organization\"},\"potentialAction\":[{\"@type\":\"SearchAction\",\"target\":{\"@type\":\"EntryPoint\",\"urlTemplate\":\"https:\/\/www.tech-arrow.com\/?s={search_term_string}\"},\"query-input\":{\"@type\":\"PropertyValueSpecification\",\"valueRequired\":true,\"valueName\":\"search_term_string\"}}],\"inLanguage\":\"de\"},{\"@type\":\"Organization\",\"@id\":\"https:\/\/www.tech-arrow.com\/#organization\",\"name\":\"TECH-ARROW, GmbH.\",\"url\":\"https:\/\/www.tech-arrow.com\/\",\"logo\":{\"@type\":\"ImageObject\",\"inLanguage\":\"de\",\"@id\":\"https:\/\/www.tech-arrow.com\/#\/schema\/logo\/image\/\",\"url\":\"https:\/\/www.tech-arrow.com\/wp-content\/uploads\/2017\/04\/techarrow-logo-481x97.png\",\"contentUrl\":\"https:\/\/www.tech-arrow.com\/wp-content\/uploads\/2017\/04\/techarrow-logo-481x97.png\",\"width\":481,\"height\":97,\"caption\":\"TECH-ARROW, GmbH.\"},\"image\":{\"@id\":\"https:\/\/www.tech-arrow.com\/#\/schema\/logo\/image\/\"},\"sameAs\":[\"https:\/\/www.facebook.com\/thetecharrow\/?fref=ts\",\"https:\/\/www.linkedin.com\/company\/techarrow\",\"https:\/\/www.youtube.com\/user\/thetecharrow\"]}]}<\/script>\n<!-- \/ Yoast SEO plugin. -->","yoast_head_json":{"title":"Download Center version 3.2 - details - TECH-ARROW","robots":{"index":"index","follow":"follow","max-snippet":"max-snippet:-1","max-image-preview":"max-image-preview:large","max-video-preview":"max-video-preview:-1"},"canonical":"https:\/\/www.tech-arrow.com\/de\/download-center-version-3-2-details\/","og_locale":"de_DE","og_type":"article","og_title":"Download Center version 3.2 - details - TECH-ARROW","og_description":"Eine Liste aller Versionshinweise k\u00f6nnen Sie hier finden.","og_url":"https:\/\/www.tech-arrow.com\/de\/download-center-version-3-2-details\/","og_site_name":"TECH-ARROW","article_publisher":"https:\/\/www.facebook.com\/thetecharrow\/?fref=ts","article_modified_time":"2024-11-27T13:51:30+00:00","og_image":[{"url":"https:\/\/www.tech-arrow.com\/wp-content\/uploads\/2021\/04\/DNC_button_DE.png","type":"","width":"","height":""}],"twitter_card":"summary_large_image","schema":{"@context":"https:\/\/schema.org","@graph":[{"@type":"WebPage","@id":"https:\/\/www.tech-arrow.com\/de\/download-center-version-3-2-details\/","url":"https:\/\/www.tech-arrow.com\/de\/download-center-version-3-2-details\/","name":"Download Center version 3.2 - details - TECH-ARROW","isPartOf":{"@id":"https:\/\/www.tech-arrow.com\/#website"},"primaryImageOfPage":{"@id":"https:\/\/www.tech-arrow.com\/de\/download-center-version-3-2-details\/#primaryimage"},"image":{"@id":"https:\/\/www.tech-arrow.com\/de\/download-center-version-3-2-details\/#primaryimage"},"thumbnailUrl":"https:\/\/www.tech-arrow.com\/wp-content\/uploads\/2021\/04\/DNC_button_DE.png","datePublished":"2021-10-15T13:20:40+00:00","dateModified":"2024-11-27T13:51:30+00:00","breadcrumb":{"@id":"https:\/\/www.tech-arrow.com\/de\/download-center-version-3-2-details\/#breadcrumb"},"inLanguage":"de","potentialAction":[{"@type":"ReadAction","target":["https:\/\/www.tech-arrow.com\/de\/download-center-version-3-2-details\/"]}]},{"@type":"ImageObject","inLanguage":"de","@id":"https:\/\/www.tech-arrow.com\/de\/download-center-version-3-2-details\/#primaryimage","url":"https:\/\/www.tech-arrow.com\/wp-content\/uploads\/2021\/04\/DNC_button_DE.png","contentUrl":"https:\/\/www.tech-arrow.com\/wp-content\/uploads\/2021\/04\/DNC_button_DE.png"},{"@type":"BreadcrumbList","@id":"https:\/\/www.tech-arrow.com\/de\/download-center-version-3-2-details\/#breadcrumb","itemListElement":[{"@type":"ListItem","position":1,"name":"Home","item":"https:\/\/www.tech-arrow.com\/de\/"},{"@type":"ListItem","position":2,"name":"Download Center version 3.2 &#8211; details"}]},{"@type":"WebSite","@id":"https:\/\/www.tech-arrow.com\/#website","url":"https:\/\/www.tech-arrow.com\/","name":"TECH-ARROW","description":"","publisher":{"@id":"https:\/\/www.tech-arrow.com\/#organization"},"potentialAction":[{"@type":"SearchAction","target":{"@type":"EntryPoint","urlTemplate":"https:\/\/www.tech-arrow.com\/?s={search_term_string}"},"query-input":{"@type":"PropertyValueSpecification","valueRequired":true,"valueName":"search_term_string"}}],"inLanguage":"de"},{"@type":"Organization","@id":"https:\/\/www.tech-arrow.com\/#organization","name":"TECH-ARROW, GmbH.","url":"https:\/\/www.tech-arrow.com\/","logo":{"@type":"ImageObject","inLanguage":"de","@id":"https:\/\/www.tech-arrow.com\/#\/schema\/logo\/image\/","url":"https:\/\/www.tech-arrow.com\/wp-content\/uploads\/2017\/04\/techarrow-logo-481x97.png","contentUrl":"https:\/\/www.tech-arrow.com\/wp-content\/uploads\/2017\/04\/techarrow-logo-481x97.png","width":481,"height":97,"caption":"TECH-ARROW, GmbH."},"image":{"@id":"https:\/\/www.tech-arrow.com\/#\/schema\/logo\/image\/"},"sameAs":["https:\/\/www.facebook.com\/thetecharrow\/?fref=ts","https:\/\/www.linkedin.com\/company\/techarrow","https:\/\/www.youtube.com\/user\/thetecharrow"]}]}},"_links":{"self":[{"href":"https:\/\/www.tech-arrow.com\/de\/wp-json\/wp\/v2\/pages\/6230","targetHints":{"allow":["GET"]}}],"collection":[{"href":"https:\/\/www.tech-arrow.com\/de\/wp-json\/wp\/v2\/pages"}],"about":[{"href":"https:\/\/www.tech-arrow.com\/de\/wp-json\/wp\/v2\/types\/page"}],"author":[{"embeddable":true,"href":"https:\/\/www.tech-arrow.com\/de\/wp-json\/wp\/v2\/users\/7"}],"replies":[{"embeddable":true,"href":"https:\/\/www.tech-arrow.com\/de\/wp-json\/wp\/v2\/comments?post=6230"}],"version-history":[{"count":2,"href":"https:\/\/www.tech-arrow.com\/de\/wp-json\/wp\/v2\/pages\/6230\/revisions"}],"predecessor-version":[{"id":13387,"href":"https:\/\/www.tech-arrow.com\/de\/wp-json\/wp\/v2\/pages\/6230\/revisions\/13387"}],"wp:attachment":[{"href":"https:\/\/www.tech-arrow.com\/de\/wp-json\/wp\/v2\/media?parent=6230"}],"curies":[{"name":"wp","href":"https:\/\/api.w.org\/{rel}","templated":true}]}}