{"id":6238,"date":"2021-10-15T15:25:48","date_gmt":"2021-10-15T13:25:48","guid":{"rendered":"https:\/\/www.tech-arrow.com\/?page_id=6238"},"modified":"2026-04-27T14:29:58","modified_gmt":"2026-04-27T12:29:58","slug":"contentaccess-mobile-anmerkungen-zu-dieser-version","status":"publish","type":"page","link":"https:\/\/www.tech-arrow.com\/de\/contentaccess-mobile-anmerkungen-zu-dieser-version\/","title":{"rendered":"contentACCESS Mobile Anmerkungen zu dieser Version"},"content":{"rendered":"<div style=\"max-width:1110px;margin:0;padding:16px 20px;\n            background:#eef8fc;border-left:4px solid #49E8F4;\n            border-radius:4px;color:#00466f;font-size:16px;line-height:1.5;\"><br \/>\n  <strong>Die Release Notes wurden in eine neue zentrale Informationsquelle \u00fcberf\u00fchrt.<\/strong><br \/>\n  <span>F\u00fcr die aktuellsten Produktupdates greifen Sie bitte auf das neue Dokumentationszentrum zu.<\/span><br \/>\n  <a href=\"https:\/\/docs.tech-arrow.com\/release\/camobile\/\" \n     style=\"color:#0077b6;font-weight:600;text-decoration:none;margin-left:8px;\"><br \/>\n     Zum Dokumentationszentrum \u2192<br \/>\n  <\/a>\n<\/div>\n<p><!-- 6.1 RELEASE NOTES --><\/p>\n<div style=\"background-color: white; padding: 15px; width: 95%; margin-bottom: 25px; border: 1px solid #ddd;\"><a name=\"6_1\"><\/a><\/p>\n<h2 style=\"color: red; font-weight: bold;\">contentACCESS Mobile Version 6.1<\/h2>\n<p>(11. April 2023)<br \/>\nKlicken Sie <a href=\"https:\/\/www.tech-arrow.com\/de\/contentaccess-mobile-version-6-1-details\/\">hier<\/a> f\u00fcr eine detaillierte Version der Versionshinweise.<\/p>\n<h2 style=\"padding-top: 30px;\">E-Mail-Archiv<\/h2>\n<table>\n<tbody>\n<tr style=\"border-bottom: 1px solid #dddddd;\">\n<td style=\"vertical-align: center; width: 97px; text-align: justify; padding: 20px 0 20px 0;\"><img decoding=\"async\" class=\"alignleft size-thumbnail wp-image-1443\" src=\"https:\/\/www.tech-arrow.com\/wp-content\/uploads\/2020\/06\/NEU.png\" alt=\"NEU\" width=\"95%\" \/><\/td>\n<td style=\"vertical-align: center; text-align: justify; padding: 20px 0 20px 0;\"><strong>Neue E-Mail-Vorschau<\/strong> \u2212 die generische E-Mail-Vorschau wurde durch eine brandneue Vorschau ersetzt, die f\u00fcr E-Mails optimiert ist<\/td>\n<\/tr>\n<\/tbody>\n<\/table>\n<p>&nbsp;<\/p>\n<h2 style=\"padding-top: 30px;\">Sharing<\/h2>\n<table>\n<tbody>\n<tr style=\"border-bottom: 1px solid #dddddd;\">\n<td style=\"vertical-align: center; width: 97px; text-align: justify; padding: 20px 0 20px 0;\"><img decoding=\"async\" class=\"alignleft size-thumbnail wp-image-1443\" src=\"https:\/\/www.tech-arrow.com\/wp-content\/uploads\/2020\/06\/NEU.png\" alt=\"NEU\" width=\"95%\" \/><\/td>\n<td style=\"vertical-align: center; text-align: justify; padding: 20px 0 20px 0;\"><strong>Ansicht f\u00fcr freigegebene Elemente<\/strong> \u2212 die generische Vorschau f\u00fcr freigegebene Elemente wurde durch eine brandneue Ansicht ersetzt, die f\u00fcr freigegebene Elemente optimiert ist<\/td>\n<\/tr>\n<\/tbody>\n<\/table>\n<p>&nbsp;<\/p>\n<h2 style=\"padding-top: 30px;\">Allgemein<\/h2>\n<table>\n<tbody>\n<tr style=\"border-bottom: 1px solid #dddddd;\">\n<td style=\"vertical-align: center; width: 97px; text-align: justify; padding: 20px 0 20px 0;\"><img decoding=\"async\" class=\"alignleft size-thumbnail wp-image-1443\" src=\"https:\/\/www.tech-arrow.com\/wp-content\/uploads\/2020\/06\/NEU.png\" alt=\"NEU\" width=\"95%\" \/><\/td>\n<td style=\"vertical-align: center; text-align: justify; padding: 20px 0 20px 0;\"><strong>MDM-Unterst\u00fctzung<\/strong> \u2212 Sie k\u00f6nnen die App jetzt \u00fcber MDM-Systeme wie Microsoft Intune oder Mobile Iron bereitstellen und konfigurieren<\/td>\n<\/tr>\n<tr style=\"border-bottom: 1px solid #dddddd;\">\n<td style=\"vertical-align: center; width: 97px; text-align: justify; padding: 20px 0 20px 0;\"><img decoding=\"async\" class=\"alignleft size-thumbnail wp-image-1443\" src=\"https:\/\/www.tech-arrow.com\/wp-content\/uploads\/2020\/06\/VERBESSERUNG.png\" alt=\"VERBESSERUNG\" width=\"95%\" \/><\/td>\n<td style=\"vertical-align: center; text-align: justify; padding: 20px 0 20px 0;\"><strong>Die Einstellungsseite wurde neugestaltet<\/strong> \u2212 um sie klarer und benutzerfreundlicher zu machen.<\/td>\n<\/tr>\n<tr style=\"border-bottom: 1px solid #dddddd;\">\n<td style=\"vertical-align: center; width: 97px; text-align: justify; padding: 20px 0 20px 0;\"><img decoding=\"async\" class=\"alignleft size-thumbnail wp-image-1443\" src=\"https:\/\/www.tech-arrow.com\/wp-content\/uploads\/2020\/06\/VERBESSERUNG.png\" alt=\"VERBESSERUNG\" width=\"95%\" \/><\/td>\n<td style=\"vertical-align: center; text-align: justify; padding: 20px 0 20px 0;\"><strong>Leistungs<\/strong> \u2212 und Stabilit\u00e4tsverbesserungen<\/td>\n<\/tr>\n<\/tbody>\n<\/table>\n<p>&nbsp;<\/p>\n<\/div>\n<p><!-- 5.2 RELEASE NOTES --><\/p>\n<div style=\"background-color: white; padding: 15px; width: 95%; margin-bottom: 25px; border: 1px solid #ddd;\">\n<p><a name=\"5_2\"><\/a><\/p>\n<h2 style=\"color: red; font-weight: bold;\">contentACCESS Mobile Version 5.2<\/h2>\n<p>(23. Februar 2022)<br \/>\nKlicken Sie <a href=\"https:\/\/www.tech-arrow.com\/de\/contentaccess-mobile-version-5-2-details\/\">hier<\/a> f\u00fcr eine detaillierte Version der Versionshinweise.<\/p>\n<h2>Teilen<\/h2>\n<p>&lt;td &#8222;vertical-align: center; width=9%; text-align:justify;&#8220;&gt; &lt;td &#8222;vertical-align: center; text-align:justify;&#8220;&gt;Benachrichtigung \u00fcber Downloads \u2013 die Option ist auch in contentACCESS Mobile verf\u00fcgbar<\/p>\n<h2>Allgemein<\/h2>\n<p>&lt;td &#8222;vertical-align: center; width=9%; text-align:justify;&#8220;&gt; &lt;td &#8222;vertical-align: center; text-align:justify;&#8220;&gt;Leistungs- und Stabilit\u00e4tsverbesserungen<\/p>\n<\/div>\n<p><!-- 5.1 RELEASE NOTES --><\/p>\n<div style=\"background-color: white; padding: 15px; width: 95%; margin-bottom: 25px; border: 1px solid #ddd;\">\n<p><a name=\"5_1\"><\/a><\/p>\n<h2 style=\"color: red; font-weight: bold;\">contentACCESS Mobile Version 5.1<\/h2>\n<p>(13. August 2021)<br \/>\nKlicken Sie <a href=\"https:\/\/www.tech-arrow.com\/de\/contentaccess-mobile-version-5-1-details\/\">hier<\/a> f\u00fcr eine detaillierte Version der Versionshinweise.<\/p>\n<h2>Email archiving<\/h2>\n<h2>Allgemein<\/h2>\n<p>&lt;td &#8222;vertical-align: center; width=9%; text-align:justify;&#8220;&gt; &lt;td &#8222;vertical-align: center; text-align:justify;&#8220;&gt;Neues Erscheinungsbild \u2013 Dynamik, Einfachheit und Produktivit\u00e4t<\/p>\n<p>&lt;td &#8222;vertical-align: center; width=9%; text-align:justify;&#8220;&gt; &lt;td &#8222;vertical-align: center; text-align:justify;&#8220;&gt;Suchvorschl\u00e4ge \u2013 damit Sie alle relevanten Daten, die Sie suchen, viel schneller finden<\/p>\n<p>&lt;td &#8222;vertical-align: center; width=9%; text-align:justify;&#8220;&gt; &lt;td &#8222;vertical-align: center; text-align:justify;&#8220;&gt;Trefferhervorhebung \u2013 nichts bleibt Ihren Augen mehr verborgen<\/p>\n<p>&lt;td &#8222;vertical-align: center; width=9%; text-align:justify;&#8220;&gt; &lt;td &#8222;vertical-align: center; text-align:justify;&#8220;&gt;Mehrfachauswahl \u2013 erm\u00f6glicht das gleichzeitige Speichern und Freigeben mehrerer Objekte<\/p>\n<h2>Teilen<\/h2>\n<p>&lt;td &#8222;vertical-align: center; width=9%; text-align:justify;&#8220;&gt; &lt;td &#8222;vertical-align: center; text-align:justify;&#8220;&gt;Freigeben und Senden \u2013 Geben Sie Dateien sicher frei und senden Sie sie an die gew\u00fcnschten Empf\u00e4nger<\/p>\n<p>&lt;td &#8222;vertical-align: center; width=9%; text-align:justify;&#8220;&gt; &lt;td &#8222;vertical-align: center; text-align:justify;&#8220;&gt;Teilen per Link \u2013 Teilen Sie einen Link zu den freigegebene(n) Datei(en) mit den gew\u00fcnschten Empf\u00e4ngern<\/p>\n<p>&lt;td &#8222;vertical-align: center; width=9%; text-align:justify;&#8220;&gt; &lt;td &#8222;vertical-align: center; text-align:justify;&#8220;&gt; Hochladen und teilen \u2013 Teilen Sie eine Datei oder ein Bild von Ihrem mobilen Ger\u00e4t aus<\/p><\/div>\n<div style=\"background-color: white; padding: 15px; width: 95%; margin-bottom: 25px; border: 1px solid #ddd;\">\n<p><a name=\"1_0\"><\/a><\/p>\n<h2 style=\"color: red; font-weight: bold;\">contentACCESS Mobile Version 1.0<\/h2>\n<p>(2. Februar 2018)<br \/>\n<a href=\"https:\/\/www.tech-arrow.com\/de\/contentaccess-mobile-version-1-0-details\/\">Klicken Sie hier<\/a> f\u00fcr eine detaillierte Version der Versionshinweise.<\/p>\n<h2>Funktionen<\/h2>\n<table>\n<tbody>\n<tr style=\"vertical-align: top; border-bottom: 1px solid #dddddd;\">\n<td width=\"9%\"><img decoding=\"async\" class=\"alignleft size-thumbnail wp-image-1443\" src=\"https:\/\/www.tech-arrow.com\/wp-content\/uploads\/2015\/07\/NEW1.png\" alt=\"NEW\" width=\"95%\" \/><\/td>\n<td>Durchsuchen der Inhalte von in contentACCESS verwalteten Datenquellen und Anpassung der Darstellung der Objekte.<\/td>\n<\/tr>\n<tr>\n<td><\/td>\n<\/tr>\n<tr style=\"vertical-align: top; border-bottom: 1px solid #dddddd;\">\n<td><img decoding=\"async\" class=\"alignleft size-thumbnail wp-image-1443\" src=\"https:\/\/www.tech-arrow.com\/wp-content\/uploads\/2015\/07\/NEW1.png\" alt=\"NEW\" width=\"95%\" \/><\/td>\n<td>Zugriff und Voransicht der Details von Objekten in contentACCESS und Speichern des Objekts, E-Mails oder Anhangs auf Ihrem Handy.<\/td>\n<\/tr>\n<tr>\n<td><\/td>\n<\/tr>\n<tr style=\"vertical-align: top; border-bottom: 1px solid #dddddd;\">\n<td width=\"9%\"><img decoding=\"async\" class=\"alignleft size-thumbnail wp-image-1443\" src=\"https:\/\/www.tech-arrow.com\/wp-content\/uploads\/2015\/07\/NEW1.png\" alt=\"NEW\" width=\"95%\" \/><\/td>\n<td>Teilen von Objekten mit Hilfe von contentACCESS Mobile \u2013 direkt oder als Link.<\/td>\n<\/tr>\n<tr>\n<td><\/td>\n<\/tr>\n<tr style=\"vertical-align: top; border-bottom: 1px solid #dddddd;\">\n<td><img decoding=\"async\" class=\"alignleft size-thumbnail wp-image-1443\" src=\"https:\/\/www.tech-arrow.com\/wp-content\/uploads\/2015\/07\/NEW1.png\" alt=\"NEW\" width=\"95%\" \/><\/td>\n<td>Speichern von Dateien und sp\u00e4tere Verwendung im offline Modus.<\/td>\n<\/tr>\n<tr>\n<td><\/td>\n<\/tr>\n<tr style=\"vertical-align: top; border-bottom: 1px solid #dddddd;\">\n<td width=\"9%\"><img decoding=\"async\" class=\"alignleft size-thumbnail wp-image-1443\" src=\"https:\/\/www.tech-arrow.com\/wp-content\/uploads\/2015\/07\/NEW1.png\" alt=\"NEW\" width=\"95%\" \/><\/td>\n<td>Suchen in allen verf\u00fcgbaren Datenquellen. Verwendung existierender Hinweise oder manuelle Eingabe.<\/td>\n<\/tr>\n<tr>\n<td><\/td>\n<\/tr>\n<tr style=\"vertical-align: top; border-bottom: 1px solid #dddddd;\">\n<td width=\"9%\"><img decoding=\"async\" class=\"alignleft size-thumbnail wp-image-1443\" src=\"https:\/\/www.tech-arrow.com\/wp-content\/uploads\/2015\/07\/NEW1.png\" alt=\"NEW\" width=\"95%\" \/><\/td>\n<td>Verwendung von contentACCESS in eine der 5 verf\u00fcgbaren Sprachen: Englisch, Deutsch, Norwegisch, Chinesisch (vereinfacht) und Portugiesisch.<\/td>\n<\/tr>\n<\/tbody>\n<\/table>\n<\/div>\n","protected":false},"excerpt":{"rendered":"<p>Die Release Notes wurden in eine neue zentrale Informationsquelle \u00fcberf\u00fchrt. F\u00fcr die aktuellsten Produktupdates greifen Sie bitte auf das neue Dokumentationszentrum zu. Zum Dokumentationszentrum \u2192 contentACCESS Mobile Version 6.1 (11. April 2023) Klicken Sie hier f\u00fcr eine detaillierte Version der Versionshinweise. E-Mail-Archiv Neue E-Mail-Vorschau \u2212 die generische E-Mail-Vorschau wurde durch eine brandneue Vorschau ersetzt, die [&hellip;]<\/p>\n","protected":false},"author":7,"featured_media":0,"parent":0,"menu_order":0,"comment_status":"closed","ping_status":"closed","template":"","meta":{"_acf_changed":false,"inline_featured_image":false,"footnotes":""},"class_list":["post-6238","page","type-page","status-publish","hentry"],"acf":[],"yoast_head":"<!-- This site is optimized with the Yoast SEO plugin v27.0 - https:\/\/yoast.com\/product\/yoast-seo-wordpress\/ -->\n<title>contentACCESS Mobile Anmerkungen zu dieser Version - TECH-ARROW<\/title>\n<meta name=\"description\" content=\"Besuchen Sie unsere Seite f\u00fcr eine detaillierte Version der Versionshinweise. Die neuesten Informationen zu contentACCESS Mobile Version.\" \/>\n<meta name=\"robots\" content=\"index, follow, max-snippet:-1, max-image-preview:large, max-video-preview:-1\" \/>\n<link rel=\"canonical\" href=\"https:\/\/www.tech-arrow.com\/de\/contentaccess-mobile-anmerkungen-zu-dieser-version\/\" \/>\n<meta property=\"og:locale\" content=\"de_DE\" \/>\n<meta property=\"og:type\" content=\"article\" \/>\n<meta property=\"og:title\" content=\"contentACCESS Mobile Anmerkungen zu dieser Version - TECH-ARROW\" \/>\n<meta property=\"og:description\" content=\"Besuchen Sie unsere Seite f\u00fcr eine detaillierte Version der Versionshinweise. Die neuesten Informationen zu contentACCESS Mobile Version.\" \/>\n<meta property=\"og:url\" content=\"https:\/\/www.tech-arrow.com\/de\/contentaccess-mobile-anmerkungen-zu-dieser-version\/\" \/>\n<meta property=\"og:site_name\" content=\"TECH-ARROW\" \/>\n<meta property=\"article:publisher\" content=\"https:\/\/www.facebook.com\/thetecharrow\/?fref=ts\" \/>\n<meta property=\"article:modified_time\" content=\"2026-04-27T12:29:58+00:00\" \/>\n<meta name=\"twitter:card\" content=\"summary_large_image\" \/>\n<script type=\"application\/ld+json\" class=\"yoast-schema-graph\">{\"@context\":\"https:\/\/schema.org\",\"@graph\":[{\"@type\":\"WebPage\",\"@id\":\"https:\/\/www.tech-arrow.com\/de\/contentaccess-mobile-anmerkungen-zu-dieser-version\/\",\"url\":\"https:\/\/www.tech-arrow.com\/de\/contentaccess-mobile-anmerkungen-zu-dieser-version\/\",\"name\":\"contentACCESS Mobile Anmerkungen zu dieser Version - TECH-ARROW\",\"isPartOf\":{\"@id\":\"https:\/\/www.tech-arrow.com\/#website\"},\"primaryImageOfPage\":{\"@id\":\"https:\/\/www.tech-arrow.com\/de\/contentaccess-mobile-anmerkungen-zu-dieser-version\/#primaryimage\"},\"image\":{\"@id\":\"https:\/\/www.tech-arrow.com\/de\/contentaccess-mobile-anmerkungen-zu-dieser-version\/#primaryimage\"},\"thumbnailUrl\":\"https:\/\/www.tech-arrow.com\/wp-content\/uploads\/2020\/06\/NEU.png\",\"datePublished\":\"2021-10-15T13:25:48+00:00\",\"dateModified\":\"2026-04-27T12:29:58+00:00\",\"description\":\"Besuchen Sie unsere Seite f\u00fcr eine detaillierte Version der Versionshinweise. Die neuesten Informationen zu contentACCESS Mobile Version.\",\"breadcrumb\":{\"@id\":\"https:\/\/www.tech-arrow.com\/de\/contentaccess-mobile-anmerkungen-zu-dieser-version\/#breadcrumb\"},\"inLanguage\":\"de\",\"potentialAction\":[{\"@type\":\"ReadAction\",\"target\":[\"https:\/\/www.tech-arrow.com\/de\/contentaccess-mobile-anmerkungen-zu-dieser-version\/\"]}]},{\"@type\":\"ImageObject\",\"inLanguage\":\"de\",\"@id\":\"https:\/\/www.tech-arrow.com\/de\/contentaccess-mobile-anmerkungen-zu-dieser-version\/#primaryimage\",\"url\":\"https:\/\/www.tech-arrow.com\/wp-content\/uploads\/2020\/06\/NEU.png\",\"contentUrl\":\"https:\/\/www.tech-arrow.com\/wp-content\/uploads\/2020\/06\/NEU.png\"},{\"@type\":\"BreadcrumbList\",\"@id\":\"https:\/\/www.tech-arrow.com\/de\/contentaccess-mobile-anmerkungen-zu-dieser-version\/#breadcrumb\",\"itemListElement\":[{\"@type\":\"ListItem\",\"position\":1,\"name\":\"Home\",\"item\":\"https:\/\/www.tech-arrow.com\/de\/\"},{\"@type\":\"ListItem\",\"position\":2,\"name\":\"contentACCESS Mobile Anmerkungen zu dieser Version\"}]},{\"@type\":\"WebSite\",\"@id\":\"https:\/\/www.tech-arrow.com\/#website\",\"url\":\"https:\/\/www.tech-arrow.com\/\",\"name\":\"TECH-ARROW\",\"description\":\"\",\"publisher\":{\"@id\":\"https:\/\/www.tech-arrow.com\/#organization\"},\"potentialAction\":[{\"@type\":\"SearchAction\",\"target\":{\"@type\":\"EntryPoint\",\"urlTemplate\":\"https:\/\/www.tech-arrow.com\/?s={search_term_string}\"},\"query-input\":{\"@type\":\"PropertyValueSpecification\",\"valueRequired\":true,\"valueName\":\"search_term_string\"}}],\"inLanguage\":\"de\"},{\"@type\":\"Organization\",\"@id\":\"https:\/\/www.tech-arrow.com\/#organization\",\"name\":\"TECH-ARROW, GmbH.\",\"url\":\"https:\/\/www.tech-arrow.com\/\",\"logo\":{\"@type\":\"ImageObject\",\"inLanguage\":\"de\",\"@id\":\"https:\/\/www.tech-arrow.com\/#\/schema\/logo\/image\/\",\"url\":\"https:\/\/www.tech-arrow.com\/wp-content\/uploads\/2017\/04\/techarrow-logo-481x97.png\",\"contentUrl\":\"https:\/\/www.tech-arrow.com\/wp-content\/uploads\/2017\/04\/techarrow-logo-481x97.png\",\"width\":481,\"height\":97,\"caption\":\"TECH-ARROW, GmbH.\"},\"image\":{\"@id\":\"https:\/\/www.tech-arrow.com\/#\/schema\/logo\/image\/\"},\"sameAs\":[\"https:\/\/www.facebook.com\/thetecharrow\/?fref=ts\",\"https:\/\/www.linkedin.com\/company\/techarrow\",\"https:\/\/www.youtube.com\/user\/thetecharrow\"]}]}<\/script>\n<!-- \/ Yoast SEO plugin. -->","yoast_head_json":{"title":"contentACCESS Mobile Anmerkungen zu dieser Version - TECH-ARROW","description":"Besuchen Sie unsere Seite f\u00fcr eine detaillierte Version der Versionshinweise. Die neuesten Informationen zu contentACCESS Mobile Version.","robots":{"index":"index","follow":"follow","max-snippet":"max-snippet:-1","max-image-preview":"max-image-preview:large","max-video-preview":"max-video-preview:-1"},"canonical":"https:\/\/www.tech-arrow.com\/de\/contentaccess-mobile-anmerkungen-zu-dieser-version\/","og_locale":"de_DE","og_type":"article","og_title":"contentACCESS Mobile Anmerkungen zu dieser Version - TECH-ARROW","og_description":"Besuchen Sie unsere Seite f\u00fcr eine detaillierte Version der Versionshinweise. Die neuesten Informationen zu contentACCESS Mobile Version.","og_url":"https:\/\/www.tech-arrow.com\/de\/contentaccess-mobile-anmerkungen-zu-dieser-version\/","og_site_name":"TECH-ARROW","article_publisher":"https:\/\/www.facebook.com\/thetecharrow\/?fref=ts","article_modified_time":"2026-04-27T12:29:58+00:00","twitter_card":"summary_large_image","schema":{"@context":"https:\/\/schema.org","@graph":[{"@type":"WebPage","@id":"https:\/\/www.tech-arrow.com\/de\/contentaccess-mobile-anmerkungen-zu-dieser-version\/","url":"https:\/\/www.tech-arrow.com\/de\/contentaccess-mobile-anmerkungen-zu-dieser-version\/","name":"contentACCESS Mobile Anmerkungen zu dieser Version - TECH-ARROW","isPartOf":{"@id":"https:\/\/www.tech-arrow.com\/#website"},"primaryImageOfPage":{"@id":"https:\/\/www.tech-arrow.com\/de\/contentaccess-mobile-anmerkungen-zu-dieser-version\/#primaryimage"},"image":{"@id":"https:\/\/www.tech-arrow.com\/de\/contentaccess-mobile-anmerkungen-zu-dieser-version\/#primaryimage"},"thumbnailUrl":"https:\/\/www.tech-arrow.com\/wp-content\/uploads\/2020\/06\/NEU.png","datePublished":"2021-10-15T13:25:48+00:00","dateModified":"2026-04-27T12:29:58+00:00","description":"Besuchen Sie unsere Seite f\u00fcr eine detaillierte Version der Versionshinweise. Die neuesten Informationen zu contentACCESS Mobile Version.","breadcrumb":{"@id":"https:\/\/www.tech-arrow.com\/de\/contentaccess-mobile-anmerkungen-zu-dieser-version\/#breadcrumb"},"inLanguage":"de","potentialAction":[{"@type":"ReadAction","target":["https:\/\/www.tech-arrow.com\/de\/contentaccess-mobile-anmerkungen-zu-dieser-version\/"]}]},{"@type":"ImageObject","inLanguage":"de","@id":"https:\/\/www.tech-arrow.com\/de\/contentaccess-mobile-anmerkungen-zu-dieser-version\/#primaryimage","url":"https:\/\/www.tech-arrow.com\/wp-content\/uploads\/2020\/06\/NEU.png","contentUrl":"https:\/\/www.tech-arrow.com\/wp-content\/uploads\/2020\/06\/NEU.png"},{"@type":"BreadcrumbList","@id":"https:\/\/www.tech-arrow.com\/de\/contentaccess-mobile-anmerkungen-zu-dieser-version\/#breadcrumb","itemListElement":[{"@type":"ListItem","position":1,"name":"Home","item":"https:\/\/www.tech-arrow.com\/de\/"},{"@type":"ListItem","position":2,"name":"contentACCESS Mobile Anmerkungen zu dieser Version"}]},{"@type":"WebSite","@id":"https:\/\/www.tech-arrow.com\/#website","url":"https:\/\/www.tech-arrow.com\/","name":"TECH-ARROW","description":"","publisher":{"@id":"https:\/\/www.tech-arrow.com\/#organization"},"potentialAction":[{"@type":"SearchAction","target":{"@type":"EntryPoint","urlTemplate":"https:\/\/www.tech-arrow.com\/?s={search_term_string}"},"query-input":{"@type":"PropertyValueSpecification","valueRequired":true,"valueName":"search_term_string"}}],"inLanguage":"de"},{"@type":"Organization","@id":"https:\/\/www.tech-arrow.com\/#organization","name":"TECH-ARROW, GmbH.","url":"https:\/\/www.tech-arrow.com\/","logo":{"@type":"ImageObject","inLanguage":"de","@id":"https:\/\/www.tech-arrow.com\/#\/schema\/logo\/image\/","url":"https:\/\/www.tech-arrow.com\/wp-content\/uploads\/2017\/04\/techarrow-logo-481x97.png","contentUrl":"https:\/\/www.tech-arrow.com\/wp-content\/uploads\/2017\/04\/techarrow-logo-481x97.png","width":481,"height":97,"caption":"TECH-ARROW, GmbH."},"image":{"@id":"https:\/\/www.tech-arrow.com\/#\/schema\/logo\/image\/"},"sameAs":["https:\/\/www.facebook.com\/thetecharrow\/?fref=ts","https:\/\/www.linkedin.com\/company\/techarrow","https:\/\/www.youtube.com\/user\/thetecharrow"]}]}},"_links":{"self":[{"href":"https:\/\/www.tech-arrow.com\/de\/wp-json\/wp\/v2\/pages\/6238","targetHints":{"allow":["GET"]}}],"collection":[{"href":"https:\/\/www.tech-arrow.com\/de\/wp-json\/wp\/v2\/pages"}],"about":[{"href":"https:\/\/www.tech-arrow.com\/de\/wp-json\/wp\/v2\/types\/page"}],"author":[{"embeddable":true,"href":"https:\/\/www.tech-arrow.com\/de\/wp-json\/wp\/v2\/users\/7"}],"replies":[{"embeddable":true,"href":"https:\/\/www.tech-arrow.com\/de\/wp-json\/wp\/v2\/comments?post=6238"}],"version-history":[{"count":9,"href":"https:\/\/www.tech-arrow.com\/de\/wp-json\/wp\/v2\/pages\/6238\/revisions"}],"predecessor-version":[{"id":15459,"href":"https:\/\/www.tech-arrow.com\/de\/wp-json\/wp\/v2\/pages\/6238\/revisions\/15459"}],"wp:attachment":[{"href":"https:\/\/www.tech-arrow.com\/de\/wp-json\/wp\/v2\/media?parent=6238"}],"curies":[{"name":"wp","href":"https:\/\/api.w.org\/{rel}","templated":true}]}}