{"id":6240,"date":"2021-10-15T15:26:02","date_gmt":"2021-10-15T13:26:02","guid":{"rendered":"https:\/\/www.tech-arrow.com\/?page_id=6240"},"modified":"2024-11-27T15:01:37","modified_gmt":"2024-11-27T14:01:37","slug":"contentaccess-mobile-version-1-0-details","status":"publish","type":"page","link":"https:\/\/www.tech-arrow.com\/de\/contentaccess-mobile-version-1-0-details\/","title":{"rendered":"contentACCESS Mobile version 1.0 \u2013 details"},"content":{"rendered":"<p><a href=\"https:\/\/www.tech-arrow.com\/de\/contentaccess-mobile-anmerkungen-zu-dieser-version\/\" rel=\"noopener\">Klicken Sie hier <\/a> f\u00fcr eine vollst\u00e4ndige Liste der Versionshinweise.<br \/>\nDie folgende Liste gibt Ihnen eine kurze \u00dcbersicht der neuesten Verbesserungen die Sie mit contentACCESS Mobile Version 1.0 erhalten:<\/p>\n<div style=\"border: 1px solid #dddddd; background-color: white; width: 94%; padding: 3%; margin-bottom: 20px;\">\n<h3 style=\"color: red; padding-top: 0px;\">Funktionen<\/h3>\n<p><strong>\u2713 Daten durchsuchen:<\/strong> Das Durchsuchen Tab erm\u00f6glicht dem Benutzer das Durchsuchen archivierter Inhalte gew\u00e4hlter Datenquellen (Dateiarchiv, E-Mail Archiv oder SharePoint Archiv) und andere Objekte von Datenquellen die von contentACCESS verwaltet werden. Alle Order und Unterordner sind sichtbar. Die Anordnung der Objekte f\u00fcr die Anzeige kann im Einstellungen Tab angepasst werden \u2013 Sie k\u00f6nnen die Vorschau, Kategorien oder Flags aus der Liste aktivieren und deaktivieren.<\/p>\n<p><center><a href=\"https:\/\/www.tech-arrow.com\/wp-content\/uploads\/2018\/02\/contentACCESS-data-browsing-1.png\" rel=\"lightbox\"><img decoding=\"async\" src=\"https:\/\/www.tech-arrow.com\/wp-content\/uploads\/2018\/02\/contentACCESS-data-browsing-1.png\" alt=\"\" width=\"24%\" \/><\/a> <a href=\"https:\/\/www.tech-arrow.com\/wp-content\/uploads\/2018\/02\/contentACCESS-data-browsing-2.png\" rel=\"lightbox\"><img decoding=\"async\" src=\"https:\/\/www.tech-arrow.com\/wp-content\/uploads\/2018\/02\/contentACCESS-data-browsing-2.png\" alt=\"\" width=\"24%\" \/><\/a> <a href=\"https:\/\/www.tech-arrow.com\/wp-content\/uploads\/2018\/02\/contentACCESS-data-browsing-3.png\" rel=\"lightbox\"><img decoding=\"async\" src=\"https:\/\/www.tech-arrow.com\/wp-content\/uploads\/2018\/02\/contentACCESS-data-browsing-3.png\" alt=\"\" width=\"24%\" \/><\/a> <a href=\"https:\/\/www.tech-arrow.com\/wp-content\/uploads\/2018\/02\/contentACCESS-data-browsing-4.png\" rel=\"lightbox\"><img decoding=\"async\" src=\"https:\/\/www.tech-arrow.com\/wp-content\/uploads\/2018\/02\/contentACCESS-data-browsing-4.png\" alt=\"\" width=\"24%\" \/><\/a><\/center><strong>\u2713<\/strong> <strong>Vorschau des Objekts:<\/strong> Wir wissen wir wertvoll Ihre Zeit ist. Aus diesem Grund haben wir contentACCESS Mobile so gestaltet, dass Sie eine Vorschau der wichtigsten Informationen von in contentACCESS verwalteten Daten erhalten.<\/p>\n<p>contentACCESS Mobile erm\u00f6glicht dem Benutzer die Vorschau von E-Mails und Anh\u00e4ngen und anderen Eigenschaften. ES ist des Weiteren m\u00f6glich die gesamte E-Mail in Vollansicht mit nur einem Klick zu betrachten.<\/p>\n<p>Sie k\u00f6nnen Objekte, E-Mails oder Anh\u00e4nge speichern. Hierf\u00fcr muss jedoch zuerst ein Programm, Funktion oder Anwendung auf dem mobilen Ger\u00e4t installiert sein.<\/p>\n<p><center><a href=\"https:\/\/www.tech-arrow.com\/wp-content\/uploads\/2018\/02\/contentAccess-mobile-preview-of-the-item-1.png\" rel=\"lightbox\"><img decoding=\"async\" src=\"https:\/\/www.tech-arrow.com\/wp-content\/uploads\/2018\/02\/contentAccess-mobile-preview-of-the-item-1-576x1024.png\" alt=\"\" width=\"24%\" \/><\/a> <a href=\"https:\/\/www.tech-arrow.com\/wp-content\/uploads\/2018\/02\/contentAccess-mobile-preview-of-the-item-2.png\" rel=\"lightbox\"><img decoding=\"async\" src=\"https:\/\/www.tech-arrow.com\/wp-content\/uploads\/2018\/02\/contentAccess-mobile-preview-of-the-item-2-576x1024.png\" alt=\"\" width=\"24%\" \/><\/a> <a href=\"https:\/\/www.tech-arrow.com\/wp-content\/uploads\/2018\/02\/contentAccess-mobile-preview-of-the-item-3.png\" rel=\"lightbox\"><img decoding=\"async\" src=\"https:\/\/www.tech-arrow.com\/wp-content\/uploads\/2018\/02\/contentAccess-mobile-preview-of-the-item-3-576x1024.png\" alt=\"\" width=\"24%\" \/><\/a> <a href=\"https:\/\/www.tech-arrow.com\/wp-content\/uploads\/2018\/02\/contentAccess-mobile-preview-of-the-item-4.png\" rel=\"lightbox\"><img decoding=\"async\" src=\"https:\/\/www.tech-arrow.com\/wp-content\/uploads\/2018\/02\/contentAccess-mobile-preview-of-the-item-4-576x1024.png\" alt=\"\" width=\"24%\" \/><\/a>&nbsp;<\/p>\n<p><\/center><center><a href=\"https:\/\/www.tech-arrow.com\/wp-content\/uploads\/2018\/02\/contentAccess-mobile-preview-of-the-item-5.png\" rel=\"lightbox\"><img decoding=\"async\" src=\"https:\/\/www.tech-arrow.com\/wp-content\/uploads\/2018\/02\/contentAccess-mobile-preview-of-the-item-5-576x1024.png\" alt=\"\" width=\"24%\" \/><\/a> <a href=\"https:\/\/www.tech-arrow.com\/wp-content\/uploads\/2018\/02\/contentAccess-mobile-preview-of-the-item-6.png\" rel=\"lightbox\"><img decoding=\"async\" src=\"https:\/\/www.tech-arrow.com\/wp-content\/uploads\/2018\/02\/contentAccess-mobile-preview-of-the-item-6-576x1024.png\" alt=\"\" width=\"24%\" \/><\/a>&nbsp;<\/p>\n<p><\/center><strong>\u2713 Teilen von Objekten als Bin\u00e4r oder Link:<\/strong> Stecken Sie im Stau fest? Ihre Kollegen warten jedoch auf Ihre E-Mails? Teilen Sie diese mit contentACCESS Mobile. Die Teilen-Funktion erm\u00f6glicht es Ihnen Objekte direkt oder als Link zu teilen. Sollte Ihre Internetverbindung langsam sein, dann ist das Teilen per Link die perfekte Funktion f\u00fcr Sie \u2013 somit m\u00fcssen Sie nicht die gesamte Datei \u00fcbertragen, sondern nur einen Link direkt zur Datei.<\/p>\n<p><center><a href=\"https:\/\/www.tech-arrow.com\/wp-content\/uploads\/2018\/02\/contentACCESS-Mobile-Share-items-as-binary-or-link-1.png\" rel=\"lightbox\"><img decoding=\"async\" src=\"https:\/\/www.tech-arrow.com\/wp-content\/uploads\/2018\/02\/contentACCESS-Mobile-Share-items-as-binary-or-link-1-576x1024.png\" alt=\"\" width=\"24%\" \/><\/a> <a href=\"https:\/\/www.tech-arrow.com\/wp-content\/uploads\/2018\/02\/contentACCESS-Mobile-Share-items-as-binary-or-link-2.png\" rel=\"lightbox\"><img decoding=\"async\" src=\"https:\/\/www.tech-arrow.com\/wp-content\/uploads\/2018\/02\/contentACCESS-Mobile-Share-items-as-binary-or-link-2-576x1024.png\" alt=\"\" width=\"24%\" \/><\/a> <a href=\"https:\/\/www.tech-arrow.com\/wp-content\/uploads\/2018\/02\/contentACCESS-Mobile-Share-items-as-binary-or-link-3.png\" rel=\"lightbox\"><img decoding=\"async\" src=\"https:\/\/www.tech-arrow.com\/wp-content\/uploads\/2018\/02\/contentACCESS-Mobile-Share-items-as-binary-or-link-3-576x1024.png\" alt=\"\" width=\"24%\" \/><\/a> <a href=\"https:\/\/www.tech-arrow.com\/wp-content\/uploads\/2018\/02\/contentACCESS-Mobile-Share-items-as-binary-or-link-4.png\" rel=\"lightbox\"><img decoding=\"async\" src=\"https:\/\/www.tech-arrow.com\/wp-content\/uploads\/2018\/02\/contentACCESS-Mobile-Share-items-as-binary-or-link-4-576x1024.png\" alt=\"\" width=\"24%\" \/><\/a><\/center><strong>\u2713<\/strong> <strong>Speichern von Objekten f\u00fcr Offline Zugriff:<\/strong> Haben Sie auf einer Gesch\u00e4ftsreise kein Zugriff auf das Internet? Kein Problem. Nun k\u00f6nnen Sie Objekte f\u00fcr sp\u00e4tere offline Verwendung speichern. Alle gespeicherten Objekte werden in einer Liste angegeben.<\/p>\n<p><center><a href=\"https:\/\/www.tech-arrow.com\/wp-content\/uploads\/2018\/02\/contentACCESS-Mobile-Store-items-for-offline-access-1.png\" rel=\"lightbox\"><img decoding=\"async\" src=\"https:\/\/www.tech-arrow.com\/wp-content\/uploads\/2018\/02\/contentACCESS-Mobile-Store-items-for-offline-access-1-576x1024.png\" alt=\"\" width=\"30%\" \/><\/a> <a href=\"https:\/\/www.tech-arrow.com\/wp-content\/uploads\/2018\/02\/contentACCESS-Mobile-Store-items-for-offline-access-2.png\" rel=\"lightbox\"><img decoding=\"async\" src=\"https:\/\/www.tech-arrow.com\/wp-content\/uploads\/2018\/02\/contentACCESS-Mobile-Store-items-for-offline-access-2-576x1024.png\" alt=\"\" width=\"30%\" \/><\/a><\/center><strong>\u2713<\/strong> <strong>Suche:<\/strong> Suchen Sie in allen verf\u00fcgbaren Datenquellen\/Archiven mit nur wenigen Klicks! Verwenden Sie existierende Hinweise (optional) oder eine manuelle Suche. Die gleiche Suchanfrage Sprache, die auch in anderen contentACCESS Anwendungen verwendet wird. Dies erm\u00f6glicht es dem Benutzer Objekte, wie z.B. E-Mails, Dateien und SharePoint Dokumente in contentACCESS direkt auf dem mobilen Ger\u00e4t zu \u00f6ffnen.<\/p>\n<p><center><a href=\"https:\/\/www.tech-arrow.com\/wp-content\/uploads\/2018\/02\/contentACCESS-Mobile-search-1.png\" rel=\"lightbox\"><img decoding=\"async\" src=\"https:\/\/www.tech-arrow.com\/wp-content\/uploads\/2018\/02\/contentACCESS-Mobile-search-1-576x1024.png\" alt=\"\" width=\"30%\" \/><\/a> <a href=\"https:\/\/www.tech-arrow.com\/wp-content\/uploads\/2018\/02\/contentACCESS-Mobile-search-2.png\" rel=\"lightbox\"><img decoding=\"async\" src=\"https:\/\/www.tech-arrow.com\/wp-content\/uploads\/2018\/02\/contentACCESS-Mobile-search-2-576x1024.png\" alt=\"\" width=\"30%\" \/><\/a><\/center><strong>\u2713<\/strong> <strong>Multi-Language Support:<\/strong> Wir arbeiten fortlaufend daran den Anforderungen all unserer Kunden gerecht zu werden und die Verwendung und das Verst\u00e4ndnis unserer Anwendungen so einfach wie m\u00f6glich zu machen. Aus diesem Grund ist contentACCESS Mobile in 5 verschiedenen Sprachen (wie auch alle anderen Anwendungen) verf\u00fcgbar: Englisch, Deutsch, Norwegisch, Chinesisch (vereinfacht) und Portugiesisch. Die Sprache kann jederzeit im <strong>Einstellungen<\/strong> Tab ge\u00e4ndert werden.<\/p>\n<p><center><a href=\"https:\/\/www.tech-arrow.com\/wp-content\/uploads\/2018\/02\/contentACCESS-Mobile-Multi-language-support.png\" rel=\"lightbox\"><img decoding=\"async\" src=\"https:\/\/www.tech-arrow.com\/wp-content\/uploads\/2018\/02\/contentACCESS-Mobile-Multi-language-support-576x1024.png\" alt=\"\" width=\"30%\" \/><\/a><\/center><\/div>\n","protected":false},"excerpt":{"rendered":"<p>Klicken Sie hier f\u00fcr eine vollst\u00e4ndige Liste der Versionshinweise. Die folgende Liste gibt Ihnen eine kurze \u00dcbersicht der neuesten Verbesserungen die Sie mit contentACCESS Mobile Version 1.0 erhalten: Funktionen \u2713 Daten durchsuchen: Das Durchsuchen Tab erm\u00f6glicht dem Benutzer das Durchsuchen archivierter Inhalte gew\u00e4hlter Datenquellen (Dateiarchiv, E-Mail Archiv oder SharePoint Archiv) und andere Objekte von Datenquellen [&hellip;]<\/p>\n","protected":false},"author":7,"featured_media":0,"parent":0,"menu_order":0,"comment_status":"closed","ping_status":"closed","template":"","meta":{"_acf_changed":false,"inline_featured_image":false,"footnotes":""},"class_list":["post-6240","page","type-page","status-publish","hentry"],"acf":[],"yoast_head":"<!-- This site is optimized with the Yoast SEO plugin v27.0 - https:\/\/yoast.com\/product\/yoast-seo-wordpress\/ -->\n<title>contentACCESS Mobile version 1.0 \u2013 details - TECH-ARROW<\/title>\n<meta name=\"robots\" content=\"index, follow, max-snippet:-1, max-image-preview:large, max-video-preview:-1\" \/>\n<link rel=\"canonical\" href=\"https:\/\/www.tech-arrow.com\/de\/contentaccess-mobile-version-1-0-details\/\" \/>\n<meta property=\"og:locale\" content=\"de_DE\" \/>\n<meta property=\"og:type\" content=\"article\" \/>\n<meta property=\"og:title\" content=\"contentACCESS Mobile version 1.0 \u2013 details - TECH-ARROW\" \/>\n<meta property=\"og:description\" content=\"Klicken Sie hier f\u00fcr eine vollst\u00e4ndige Liste der Versionshinweise. Die folgende Liste gibt Ihnen eine kurze \u00dcbersicht der neuesten Verbesserungen die Sie mit contentACCESS Mobile Version 1.0 erhalten: Funktionen \u2713 Daten durchsuchen: Das Durchsuchen Tab erm\u00f6glicht dem Benutzer das Durchsuchen archivierter Inhalte gew\u00e4hlter Datenquellen (Dateiarchiv, E-Mail Archiv oder SharePoint Archiv) und andere Objekte von Datenquellen [&hellip;]\" \/>\n<meta property=\"og:url\" content=\"https:\/\/www.tech-arrow.com\/de\/contentaccess-mobile-version-1-0-details\/\" \/>\n<meta property=\"og:site_name\" content=\"TECH-ARROW\" \/>\n<meta property=\"article:publisher\" content=\"https:\/\/www.facebook.com\/thetecharrow\/?fref=ts\" \/>\n<meta property=\"article:modified_time\" content=\"2024-11-27T14:01:37+00:00\" \/>\n<meta property=\"og:image\" content=\"https:\/\/www.tech-arrow.com\/wp-content\/uploads\/2018\/02\/contentACCESS-data-browsing-1.png\" \/>\n<meta name=\"twitter:card\" content=\"summary_large_image\" \/>\n<script type=\"application\/ld+json\" class=\"yoast-schema-graph\">{\"@context\":\"https:\/\/schema.org\",\"@graph\":[{\"@type\":\"WebPage\",\"@id\":\"https:\/\/www.tech-arrow.com\/de\/contentaccess-mobile-version-1-0-details\/\",\"url\":\"https:\/\/www.tech-arrow.com\/de\/contentaccess-mobile-version-1-0-details\/\",\"name\":\"contentACCESS Mobile version 1.0 \u2013 details - TECH-ARROW\",\"isPartOf\":{\"@id\":\"https:\/\/www.tech-arrow.com\/#website\"},\"primaryImageOfPage\":{\"@id\":\"https:\/\/www.tech-arrow.com\/de\/contentaccess-mobile-version-1-0-details\/#primaryimage\"},\"image\":{\"@id\":\"https:\/\/www.tech-arrow.com\/de\/contentaccess-mobile-version-1-0-details\/#primaryimage\"},\"thumbnailUrl\":\"https:\/\/www.tech-arrow.com\/wp-content\/uploads\/2018\/02\/contentACCESS-data-browsing-1.png\",\"datePublished\":\"2021-10-15T13:26:02+00:00\",\"dateModified\":\"2024-11-27T14:01:37+00:00\",\"breadcrumb\":{\"@id\":\"https:\/\/www.tech-arrow.com\/de\/contentaccess-mobile-version-1-0-details\/#breadcrumb\"},\"inLanguage\":\"de\",\"potentialAction\":[{\"@type\":\"ReadAction\",\"target\":[\"https:\/\/www.tech-arrow.com\/de\/contentaccess-mobile-version-1-0-details\/\"]}]},{\"@type\":\"ImageObject\",\"inLanguage\":\"de\",\"@id\":\"https:\/\/www.tech-arrow.com\/de\/contentaccess-mobile-version-1-0-details\/#primaryimage\",\"url\":\"https:\/\/www.tech-arrow.com\/wp-content\/uploads\/2018\/02\/contentACCESS-data-browsing-1.png\",\"contentUrl\":\"https:\/\/www.tech-arrow.com\/wp-content\/uploads\/2018\/02\/contentACCESS-data-browsing-1.png\"},{\"@type\":\"BreadcrumbList\",\"@id\":\"https:\/\/www.tech-arrow.com\/de\/contentaccess-mobile-version-1-0-details\/#breadcrumb\",\"itemListElement\":[{\"@type\":\"ListItem\",\"position\":1,\"name\":\"Home\",\"item\":\"https:\/\/www.tech-arrow.com\/de\/\"},{\"@type\":\"ListItem\",\"position\":2,\"name\":\"contentACCESS Mobile version 1.0 \u2013 details\"}]},{\"@type\":\"WebSite\",\"@id\":\"https:\/\/www.tech-arrow.com\/#website\",\"url\":\"https:\/\/www.tech-arrow.com\/\",\"name\":\"TECH-ARROW\",\"description\":\"\",\"publisher\":{\"@id\":\"https:\/\/www.tech-arrow.com\/#organization\"},\"potentialAction\":[{\"@type\":\"SearchAction\",\"target\":{\"@type\":\"EntryPoint\",\"urlTemplate\":\"https:\/\/www.tech-arrow.com\/?s={search_term_string}\"},\"query-input\":{\"@type\":\"PropertyValueSpecification\",\"valueRequired\":true,\"valueName\":\"search_term_string\"}}],\"inLanguage\":\"de\"},{\"@type\":\"Organization\",\"@id\":\"https:\/\/www.tech-arrow.com\/#organization\",\"name\":\"TECH-ARROW, GmbH.\",\"url\":\"https:\/\/www.tech-arrow.com\/\",\"logo\":{\"@type\":\"ImageObject\",\"inLanguage\":\"de\",\"@id\":\"https:\/\/www.tech-arrow.com\/#\/schema\/logo\/image\/\",\"url\":\"https:\/\/www.tech-arrow.com\/wp-content\/uploads\/2017\/04\/techarrow-logo-481x97.png\",\"contentUrl\":\"https:\/\/www.tech-arrow.com\/wp-content\/uploads\/2017\/04\/techarrow-logo-481x97.png\",\"width\":481,\"height\":97,\"caption\":\"TECH-ARROW, GmbH.\"},\"image\":{\"@id\":\"https:\/\/www.tech-arrow.com\/#\/schema\/logo\/image\/\"},\"sameAs\":[\"https:\/\/www.facebook.com\/thetecharrow\/?fref=ts\",\"https:\/\/www.linkedin.com\/company\/techarrow\",\"https:\/\/www.youtube.com\/user\/thetecharrow\"]}]}<\/script>\n<!-- \/ Yoast SEO plugin. -->","yoast_head_json":{"title":"contentACCESS Mobile version 1.0 \u2013 details - TECH-ARROW","robots":{"index":"index","follow":"follow","max-snippet":"max-snippet:-1","max-image-preview":"max-image-preview:large","max-video-preview":"max-video-preview:-1"},"canonical":"https:\/\/www.tech-arrow.com\/de\/contentaccess-mobile-version-1-0-details\/","og_locale":"de_DE","og_type":"article","og_title":"contentACCESS Mobile version 1.0 \u2013 details - TECH-ARROW","og_description":"Klicken Sie hier f\u00fcr eine vollst\u00e4ndige Liste der Versionshinweise. Die folgende Liste gibt Ihnen eine kurze \u00dcbersicht der neuesten Verbesserungen die Sie mit contentACCESS Mobile Version 1.0 erhalten: Funktionen \u2713 Daten durchsuchen: Das Durchsuchen Tab erm\u00f6glicht dem Benutzer das Durchsuchen archivierter Inhalte gew\u00e4hlter Datenquellen (Dateiarchiv, E-Mail Archiv oder SharePoint Archiv) und andere Objekte von Datenquellen [&hellip;]","og_url":"https:\/\/www.tech-arrow.com\/de\/contentaccess-mobile-version-1-0-details\/","og_site_name":"TECH-ARROW","article_publisher":"https:\/\/www.facebook.com\/thetecharrow\/?fref=ts","article_modified_time":"2024-11-27T14:01:37+00:00","og_image":[{"url":"https:\/\/www.tech-arrow.com\/wp-content\/uploads\/2018\/02\/contentACCESS-data-browsing-1.png","type":"","width":"","height":""}],"twitter_card":"summary_large_image","schema":{"@context":"https:\/\/schema.org","@graph":[{"@type":"WebPage","@id":"https:\/\/www.tech-arrow.com\/de\/contentaccess-mobile-version-1-0-details\/","url":"https:\/\/www.tech-arrow.com\/de\/contentaccess-mobile-version-1-0-details\/","name":"contentACCESS Mobile version 1.0 \u2013 details - TECH-ARROW","isPartOf":{"@id":"https:\/\/www.tech-arrow.com\/#website"},"primaryImageOfPage":{"@id":"https:\/\/www.tech-arrow.com\/de\/contentaccess-mobile-version-1-0-details\/#primaryimage"},"image":{"@id":"https:\/\/www.tech-arrow.com\/de\/contentaccess-mobile-version-1-0-details\/#primaryimage"},"thumbnailUrl":"https:\/\/www.tech-arrow.com\/wp-content\/uploads\/2018\/02\/contentACCESS-data-browsing-1.png","datePublished":"2021-10-15T13:26:02+00:00","dateModified":"2024-11-27T14:01:37+00:00","breadcrumb":{"@id":"https:\/\/www.tech-arrow.com\/de\/contentaccess-mobile-version-1-0-details\/#breadcrumb"},"inLanguage":"de","potentialAction":[{"@type":"ReadAction","target":["https:\/\/www.tech-arrow.com\/de\/contentaccess-mobile-version-1-0-details\/"]}]},{"@type":"ImageObject","inLanguage":"de","@id":"https:\/\/www.tech-arrow.com\/de\/contentaccess-mobile-version-1-0-details\/#primaryimage","url":"https:\/\/www.tech-arrow.com\/wp-content\/uploads\/2018\/02\/contentACCESS-data-browsing-1.png","contentUrl":"https:\/\/www.tech-arrow.com\/wp-content\/uploads\/2018\/02\/contentACCESS-data-browsing-1.png"},{"@type":"BreadcrumbList","@id":"https:\/\/www.tech-arrow.com\/de\/contentaccess-mobile-version-1-0-details\/#breadcrumb","itemListElement":[{"@type":"ListItem","position":1,"name":"Home","item":"https:\/\/www.tech-arrow.com\/de\/"},{"@type":"ListItem","position":2,"name":"contentACCESS Mobile version 1.0 \u2013 details"}]},{"@type":"WebSite","@id":"https:\/\/www.tech-arrow.com\/#website","url":"https:\/\/www.tech-arrow.com\/","name":"TECH-ARROW","description":"","publisher":{"@id":"https:\/\/www.tech-arrow.com\/#organization"},"potentialAction":[{"@type":"SearchAction","target":{"@type":"EntryPoint","urlTemplate":"https:\/\/www.tech-arrow.com\/?s={search_term_string}"},"query-input":{"@type":"PropertyValueSpecification","valueRequired":true,"valueName":"search_term_string"}}],"inLanguage":"de"},{"@type":"Organization","@id":"https:\/\/www.tech-arrow.com\/#organization","name":"TECH-ARROW, GmbH.","url":"https:\/\/www.tech-arrow.com\/","logo":{"@type":"ImageObject","inLanguage":"de","@id":"https:\/\/www.tech-arrow.com\/#\/schema\/logo\/image\/","url":"https:\/\/www.tech-arrow.com\/wp-content\/uploads\/2017\/04\/techarrow-logo-481x97.png","contentUrl":"https:\/\/www.tech-arrow.com\/wp-content\/uploads\/2017\/04\/techarrow-logo-481x97.png","width":481,"height":97,"caption":"TECH-ARROW, GmbH."},"image":{"@id":"https:\/\/www.tech-arrow.com\/#\/schema\/logo\/image\/"},"sameAs":["https:\/\/www.facebook.com\/thetecharrow\/?fref=ts","https:\/\/www.linkedin.com\/company\/techarrow","https:\/\/www.youtube.com\/user\/thetecharrow"]}]}},"_links":{"self":[{"href":"https:\/\/www.tech-arrow.com\/de\/wp-json\/wp\/v2\/pages\/6240","targetHints":{"allow":["GET"]}}],"collection":[{"href":"https:\/\/www.tech-arrow.com\/de\/wp-json\/wp\/v2\/pages"}],"about":[{"href":"https:\/\/www.tech-arrow.com\/de\/wp-json\/wp\/v2\/types\/page"}],"author":[{"embeddable":true,"href":"https:\/\/www.tech-arrow.com\/de\/wp-json\/wp\/v2\/users\/7"}],"replies":[{"embeddable":true,"href":"https:\/\/www.tech-arrow.com\/de\/wp-json\/wp\/v2\/comments?post=6240"}],"version-history":[{"count":3,"href":"https:\/\/www.tech-arrow.com\/de\/wp-json\/wp\/v2\/pages\/6240\/revisions"}],"predecessor-version":[{"id":13404,"href":"https:\/\/www.tech-arrow.com\/de\/wp-json\/wp\/v2\/pages\/6240\/revisions\/13404"}],"wp:attachment":[{"href":"https:\/\/www.tech-arrow.com\/de\/wp-json\/wp\/v2\/media?parent=6240"}],"curies":[{"name":"wp","href":"https:\/\/api.w.org\/{rel}","templated":true}]}}