{"id":6242,"date":"2021-10-15T15:26:17","date_gmt":"2021-10-15T13:26:17","guid":{"rendered":"https:\/\/www.tech-arrow.com\/?page_id=6242"},"modified":"2024-11-27T15:01:47","modified_gmt":"2024-11-27T14:01:47","slug":"contentaccess-mobile-version-5-1-details","status":"publish","type":"page","link":"https:\/\/www.tech-arrow.com\/de\/contentaccess-mobile-version-5-1-details\/","title":{"rendered":"contentACCESS Mobile version 5.1 \u2013 details"},"content":{"rendered":"<p>Eine Liste aller Versionshinweise k\u00f6nnen Sie <a href=\"https:\/\/www.tech-arrow.com\/de\/contentaccess-mobile-anmerkungen-zu-dieser-version\/\" rel=\"noopener noreferrer\">hier<\/a> finden.<br \/>\nDie folgende Liste bietet Ihnen eine \u00dcbersicht \u00fcber die neuesten Verbesserungen die Ihnen von contentACCESS Mobile 5.1 geboten werden:<\/p>\n<div style=\"border: 1px solid #ddd; background-color: white; width: 94%; padding: 3%; margin-bottom: 20px;\">\n<h3 style=\"color: red; padding-top: 0px;\">Allgemein<\/h3>\n<p><!--more--><\/p>\n<p><strong>\u2713 Neues Aussehen und neue Funktionen<\/strong><\/p>\n<p style=\"text-align: justify;\">Das neue Design erm\u00f6glicht es dem Benutzer, sich auf die wichtigen Daten und Funktionen unserer mobilen App zu konzentrieren. Dank der Schwebe- und Swipe-Men\u00fcs k\u00f6nnen Daten schneller und mit nur einer Hand abgerufen werden. In Kombination mit anderen gro\u00dfartigen Funktionen wie Suchvorschl\u00e4gen, Trefferhervorhebung und Teilen konnten wir unserer contentACCESS Mobile Anwendung einen echten Mehrwert verleihen. Ab jetzt haben Sie alle wichtigen Unternehmensdaten griffbereit. \u00dcberall. Jederzeit.<\/p>\n<p><img decoding=\"async\" class=\"aligncenter size-full wp-image-4309\" src=\"https:\/\/www.tech-arrow.com\/wp-content\/uploads\/2021\/08\/daemon-camobile-newdesign01.png\" alt=\"\" width=\"500\" \/><br \/>\n<img decoding=\"async\" class=\"aligncenter size-full wp-image-4310\" src=\"https:\/\/www.tech-arrow.com\/wp-content\/uploads\/2021\/08\/daemon-camobile-newdesign02.png\" alt=\"\" width=\"1920\" srcset=\"https:\/\/www.tech-arrow.com\/wp-content\/uploads\/2021\/08\/daemon-camobile-newdesign02.png 2169w, https:\/\/www.tech-arrow.com\/wp-content\/uploads\/2021\/08\/daemon-camobile-newdesign02-900x388.png 900w\" sizes=\"(max-width: 2169px) 100vw, 2169px\" \/><\/p>\n<p><!--more--><\/p>\n<p><strong>\u2713 Suchvorschl\u00e4ge<\/strong><\/p>\n<p style=\"text-align: justify;\">Mit Hilfe von Suchvorschl\u00e4gen k\u00f6nnen Sie alle relevanten Daten, die Sie suchen, viel schneller finden. Diese Funktion ist jetzt auch in contentACCESS Mobile verf\u00fcgbar. Damit entf\u00e4llt das manchmal l\u00e4stige und zeitraubende Eintippen ganzer W\u00f6rter oder E-Mail-Adressen. Die Vorschl\u00e4ge sind in der Schnellsuche und in den globalen Suchoptionen verf\u00fcgbar.<\/p>\n<p><img decoding=\"async\" class=\"aligncenter size-full wp-image-4311\" src=\"https:\/\/www.tech-arrow.com\/wp-content\/uploads\/2021\/08\/daemon-camobile-search-suggestions.png\" alt=\"\" width=\"200\" \/><\/p>\n<p><!--more--><\/p>\n<p><strong>\u2713 Trefferhervorhebung<\/strong><\/p>\n<p style=\"text-align: justify;\">Das Sucherlebnis war bereits zuvor sehr gut, aber nun haben wir noch ein paar Extras hinzugef\u00fcgt, um es noch besser zu machen &#8211; die komfortable Trefferhervorhebung. Dank dieser Funktion werden gesuchte W\u00f6rter, die sich in l\u00e4ngeren Texten oder den Metadaten befinden, hervorgehoben. Die gesuchten W\u00f6rter werden auch in der Detailansicht des Eintrags hervorgehoben. Kein Eintrag bleibt mehr unentdeckt!<\/p>\n<p><img decoding=\"async\" class=\"aligncenter size-full wp-image-4307\" src=\"https:\/\/www.tech-arrow.com\/wp-content\/uploads\/2021\/08\/daemon-camobile-hit-highlighting.png\" alt=\"\" width=\"400\" srcset=\"https:\/\/www.tech-arrow.com\/wp-content\/uploads\/2021\/08\/daemon-camobile-hit-highlighting.png 1125w, https:\/\/www.tech-arrow.com\/wp-content\/uploads\/2021\/08\/daemon-camobile-hit-highlighting-900x965.png 900w\" sizes=\"(max-width: 1125px) 100vw, 1125px\" \/><\/p>\n<p><!--more--><\/p>\n<p><strong>\u2713 Mehrfache Auswahl<\/strong><\/p>\n<p style=\"text-align: justify;\">Mit dieser Version unserer mobilen App k\u00f6nnen Sie mehrere Elemente ausw\u00e4hlen. Die Mehrfachauswahl kann durch langes Dr\u00fccken eines Elements aktiviert werden. Im Mehrfachauswahlmodus sind Funktionen zum Speichern von Elementen und zum Freigeben von Elementen verf\u00fcgbar.<\/p>\n<p><img decoding=\"async\" class=\"aligncenter size-full wp-image-4308\" src=\"https:\/\/www.tech-arrow.com\/wp-content\/uploads\/2021\/08\/daemon-camobile-multiselect.png\" alt=\"\" width=\"200\" \/><\/p>\n<\/div>\n<div style=\"border: 1px solid #ddd; background-color: white; width: 94%; padding: 3%; margin-bottom: 20px;\">\n<h3 style=\"color: red; padding-top: 0px;\">Teilen<\/h3>\n<p style=\"text-align: justify;\">Mit contentACCESS 5.0 haben wir die Funktion des \u201ePlattform-Level Sharing\u201c eingef\u00fchrt. Diese Funktion ist nun auch in unserer contentACCESS Mobile App bereits verf\u00fcgbar. Jetzt k\u00f6nnen Sie Daten mit nur 2 Klicks direkt aus dem contentACCESS-Archiv freigeben. Sie k\u00f6nnen auch die Download-Pr\u00fcfung f\u00fcr ein bereits freigegebenes Element einsehen und Freigabeeinstellungen \u00e4ndern.<\/p>\n<p style=\"text-align: justify;\">Sie k\u00f6nnen sogar Bilder oder heruntergeladene Dateien von Ihrem mobilen Ger\u00e4t direkt mit der gleichen Funktion teilen! Nur 3 Klicks und alles andere wird im Hintergrund von contentACCESS erledigt. Die Einladung des Empf\u00e4ngers zu contentACCESS, der Versand der freigegebenen Dateien an den Empf\u00e4nger, die Sicherstellung der Aufbewahrung der freigegebenen Daten, die Begrenzung der Downloads und die \u00dcberpr\u00fcfung des Zugriffs &#8230; alles wird vom System verwaltet!<\/p>\n<p style=\"text-align: justify;\">Klingt gut? Dann probieren Sie es doch mal aus!<\/p>\n<p><img decoding=\"async\" class=\"aligncenter size-full wp-image-4312\" src=\"https:\/\/www.tech-arrow.com\/wp-content\/uploads\/2021\/08\/daemon-camobile-sharing.png\" alt=\"\" width=\"1920\" srcset=\"https:\/\/www.tech-arrow.com\/wp-content\/uploads\/2021\/08\/daemon-camobile-sharing.png 2813w, https:\/\/www.tech-arrow.com\/wp-content\/uploads\/2021\/08\/daemon-camobile-sharing-900x390.png 900w\" sizes=\"(max-width: 2813px) 100vw, 2813px\" \/><\/p>\n<\/div>\n","protected":false},"excerpt":{"rendered":"<p>Eine Liste aller Versionshinweise k\u00f6nnen Sie hier finden. Die folgende Liste bietet Ihnen eine \u00dcbersicht \u00fcber die neuesten Verbesserungen die Ihnen von contentACCESS Mobile 5.1 geboten werden: Allgemein<\/p>\n","protected":false},"author":7,"featured_media":0,"parent":0,"menu_order":0,"comment_status":"closed","ping_status":"closed","template":"","meta":{"_acf_changed":false,"inline_featured_image":false,"footnotes":""},"class_list":["post-6242","page","type-page","status-publish","hentry"],"acf":[],"yoast_head":"<!-- This site is optimized with the Yoast SEO plugin v27.0 - https:\/\/yoast.com\/product\/yoast-seo-wordpress\/ -->\n<title>contentACCESS Mobile version 5.1 \u2013 details - TECH-ARROW<\/title>\n<meta name=\"robots\" content=\"index, follow, max-snippet:-1, max-image-preview:large, max-video-preview:-1\" \/>\n<link rel=\"canonical\" href=\"https:\/\/www.tech-arrow.com\/de\/contentaccess-mobile-version-5-1-details\/\" \/>\n<meta property=\"og:locale\" content=\"de_DE\" \/>\n<meta property=\"og:type\" content=\"article\" \/>\n<meta property=\"og:title\" content=\"contentACCESS Mobile version 5.1 \u2013 details - TECH-ARROW\" \/>\n<meta property=\"og:description\" content=\"Eine Liste aller Versionshinweise k\u00f6nnen Sie hier finden. Die folgende Liste bietet Ihnen eine \u00dcbersicht \u00fcber die neuesten Verbesserungen die Ihnen von contentACCESS Mobile 5.1 geboten werden: Allgemein\" \/>\n<meta property=\"og:url\" content=\"https:\/\/www.tech-arrow.com\/de\/contentaccess-mobile-version-5-1-details\/\" \/>\n<meta property=\"og:site_name\" content=\"TECH-ARROW\" \/>\n<meta property=\"article:publisher\" content=\"https:\/\/www.facebook.com\/thetecharrow\/?fref=ts\" \/>\n<meta property=\"article:modified_time\" content=\"2024-11-27T14:01:47+00:00\" \/>\n<meta property=\"og:image\" content=\"https:\/\/www.tech-arrow.com\/wp-content\/uploads\/2021\/08\/daemon-camobile-newdesign01.png\" \/>\n<meta name=\"twitter:card\" content=\"summary_large_image\" \/>\n<script type=\"application\/ld+json\" class=\"yoast-schema-graph\">{\"@context\":\"https:\/\/schema.org\",\"@graph\":[{\"@type\":\"WebPage\",\"@id\":\"https:\/\/www.tech-arrow.com\/de\/contentaccess-mobile-version-5-1-details\/\",\"url\":\"https:\/\/www.tech-arrow.com\/de\/contentaccess-mobile-version-5-1-details\/\",\"name\":\"contentACCESS Mobile version 5.1 \u2013 details - TECH-ARROW\",\"isPartOf\":{\"@id\":\"https:\/\/www.tech-arrow.com\/#website\"},\"primaryImageOfPage\":{\"@id\":\"https:\/\/www.tech-arrow.com\/de\/contentaccess-mobile-version-5-1-details\/#primaryimage\"},\"image\":{\"@id\":\"https:\/\/www.tech-arrow.com\/de\/contentaccess-mobile-version-5-1-details\/#primaryimage\"},\"thumbnailUrl\":\"https:\/\/www.tech-arrow.com\/wp-content\/uploads\/2021\/08\/daemon-camobile-newdesign01.png\",\"datePublished\":\"2021-10-15T13:26:17+00:00\",\"dateModified\":\"2024-11-27T14:01:47+00:00\",\"breadcrumb\":{\"@id\":\"https:\/\/www.tech-arrow.com\/de\/contentaccess-mobile-version-5-1-details\/#breadcrumb\"},\"inLanguage\":\"de\",\"potentialAction\":[{\"@type\":\"ReadAction\",\"target\":[\"https:\/\/www.tech-arrow.com\/de\/contentaccess-mobile-version-5-1-details\/\"]}]},{\"@type\":\"ImageObject\",\"inLanguage\":\"de\",\"@id\":\"https:\/\/www.tech-arrow.com\/de\/contentaccess-mobile-version-5-1-details\/#primaryimage\",\"url\":\"https:\/\/www.tech-arrow.com\/wp-content\/uploads\/2021\/08\/daemon-camobile-newdesign01.png\",\"contentUrl\":\"https:\/\/www.tech-arrow.com\/wp-content\/uploads\/2021\/08\/daemon-camobile-newdesign01.png\"},{\"@type\":\"BreadcrumbList\",\"@id\":\"https:\/\/www.tech-arrow.com\/de\/contentaccess-mobile-version-5-1-details\/#breadcrumb\",\"itemListElement\":[{\"@type\":\"ListItem\",\"position\":1,\"name\":\"Home\",\"item\":\"https:\/\/www.tech-arrow.com\/de\/\"},{\"@type\":\"ListItem\",\"position\":2,\"name\":\"contentACCESS Mobile version 5.1 \u2013 details\"}]},{\"@type\":\"WebSite\",\"@id\":\"https:\/\/www.tech-arrow.com\/#website\",\"url\":\"https:\/\/www.tech-arrow.com\/\",\"name\":\"TECH-ARROW\",\"description\":\"\",\"publisher\":{\"@id\":\"https:\/\/www.tech-arrow.com\/#organization\"},\"potentialAction\":[{\"@type\":\"SearchAction\",\"target\":{\"@type\":\"EntryPoint\",\"urlTemplate\":\"https:\/\/www.tech-arrow.com\/?s={search_term_string}\"},\"query-input\":{\"@type\":\"PropertyValueSpecification\",\"valueRequired\":true,\"valueName\":\"search_term_string\"}}],\"inLanguage\":\"de\"},{\"@type\":\"Organization\",\"@id\":\"https:\/\/www.tech-arrow.com\/#organization\",\"name\":\"TECH-ARROW, GmbH.\",\"url\":\"https:\/\/www.tech-arrow.com\/\",\"logo\":{\"@type\":\"ImageObject\",\"inLanguage\":\"de\",\"@id\":\"https:\/\/www.tech-arrow.com\/#\/schema\/logo\/image\/\",\"url\":\"https:\/\/www.tech-arrow.com\/wp-content\/uploads\/2017\/04\/techarrow-logo-481x97.png\",\"contentUrl\":\"https:\/\/www.tech-arrow.com\/wp-content\/uploads\/2017\/04\/techarrow-logo-481x97.png\",\"width\":481,\"height\":97,\"caption\":\"TECH-ARROW, GmbH.\"},\"image\":{\"@id\":\"https:\/\/www.tech-arrow.com\/#\/schema\/logo\/image\/\"},\"sameAs\":[\"https:\/\/www.facebook.com\/thetecharrow\/?fref=ts\",\"https:\/\/www.linkedin.com\/company\/techarrow\",\"https:\/\/www.youtube.com\/user\/thetecharrow\"]}]}<\/script>\n<!-- \/ Yoast SEO plugin. -->","yoast_head_json":{"title":"contentACCESS Mobile version 5.1 \u2013 details - TECH-ARROW","robots":{"index":"index","follow":"follow","max-snippet":"max-snippet:-1","max-image-preview":"max-image-preview:large","max-video-preview":"max-video-preview:-1"},"canonical":"https:\/\/www.tech-arrow.com\/de\/contentaccess-mobile-version-5-1-details\/","og_locale":"de_DE","og_type":"article","og_title":"contentACCESS Mobile version 5.1 \u2013 details - TECH-ARROW","og_description":"Eine Liste aller Versionshinweise k\u00f6nnen Sie hier finden. Die folgende Liste bietet Ihnen eine \u00dcbersicht \u00fcber die neuesten Verbesserungen die Ihnen von contentACCESS Mobile 5.1 geboten werden: Allgemein","og_url":"https:\/\/www.tech-arrow.com\/de\/contentaccess-mobile-version-5-1-details\/","og_site_name":"TECH-ARROW","article_publisher":"https:\/\/www.facebook.com\/thetecharrow\/?fref=ts","article_modified_time":"2024-11-27T14:01:47+00:00","og_image":[{"url":"https:\/\/www.tech-arrow.com\/wp-content\/uploads\/2021\/08\/daemon-camobile-newdesign01.png","type":"","width":"","height":""}],"twitter_card":"summary_large_image","schema":{"@context":"https:\/\/schema.org","@graph":[{"@type":"WebPage","@id":"https:\/\/www.tech-arrow.com\/de\/contentaccess-mobile-version-5-1-details\/","url":"https:\/\/www.tech-arrow.com\/de\/contentaccess-mobile-version-5-1-details\/","name":"contentACCESS Mobile version 5.1 \u2013 details - TECH-ARROW","isPartOf":{"@id":"https:\/\/www.tech-arrow.com\/#website"},"primaryImageOfPage":{"@id":"https:\/\/www.tech-arrow.com\/de\/contentaccess-mobile-version-5-1-details\/#primaryimage"},"image":{"@id":"https:\/\/www.tech-arrow.com\/de\/contentaccess-mobile-version-5-1-details\/#primaryimage"},"thumbnailUrl":"https:\/\/www.tech-arrow.com\/wp-content\/uploads\/2021\/08\/daemon-camobile-newdesign01.png","datePublished":"2021-10-15T13:26:17+00:00","dateModified":"2024-11-27T14:01:47+00:00","breadcrumb":{"@id":"https:\/\/www.tech-arrow.com\/de\/contentaccess-mobile-version-5-1-details\/#breadcrumb"},"inLanguage":"de","potentialAction":[{"@type":"ReadAction","target":["https:\/\/www.tech-arrow.com\/de\/contentaccess-mobile-version-5-1-details\/"]}]},{"@type":"ImageObject","inLanguage":"de","@id":"https:\/\/www.tech-arrow.com\/de\/contentaccess-mobile-version-5-1-details\/#primaryimage","url":"https:\/\/www.tech-arrow.com\/wp-content\/uploads\/2021\/08\/daemon-camobile-newdesign01.png","contentUrl":"https:\/\/www.tech-arrow.com\/wp-content\/uploads\/2021\/08\/daemon-camobile-newdesign01.png"},{"@type":"BreadcrumbList","@id":"https:\/\/www.tech-arrow.com\/de\/contentaccess-mobile-version-5-1-details\/#breadcrumb","itemListElement":[{"@type":"ListItem","position":1,"name":"Home","item":"https:\/\/www.tech-arrow.com\/de\/"},{"@type":"ListItem","position":2,"name":"contentACCESS Mobile version 5.1 \u2013 details"}]},{"@type":"WebSite","@id":"https:\/\/www.tech-arrow.com\/#website","url":"https:\/\/www.tech-arrow.com\/","name":"TECH-ARROW","description":"","publisher":{"@id":"https:\/\/www.tech-arrow.com\/#organization"},"potentialAction":[{"@type":"SearchAction","target":{"@type":"EntryPoint","urlTemplate":"https:\/\/www.tech-arrow.com\/?s={search_term_string}"},"query-input":{"@type":"PropertyValueSpecification","valueRequired":true,"valueName":"search_term_string"}}],"inLanguage":"de"},{"@type":"Organization","@id":"https:\/\/www.tech-arrow.com\/#organization","name":"TECH-ARROW, GmbH.","url":"https:\/\/www.tech-arrow.com\/","logo":{"@type":"ImageObject","inLanguage":"de","@id":"https:\/\/www.tech-arrow.com\/#\/schema\/logo\/image\/","url":"https:\/\/www.tech-arrow.com\/wp-content\/uploads\/2017\/04\/techarrow-logo-481x97.png","contentUrl":"https:\/\/www.tech-arrow.com\/wp-content\/uploads\/2017\/04\/techarrow-logo-481x97.png","width":481,"height":97,"caption":"TECH-ARROW, GmbH."},"image":{"@id":"https:\/\/www.tech-arrow.com\/#\/schema\/logo\/image\/"},"sameAs":["https:\/\/www.facebook.com\/thetecharrow\/?fref=ts","https:\/\/www.linkedin.com\/company\/techarrow","https:\/\/www.youtube.com\/user\/thetecharrow"]}]}},"_links":{"self":[{"href":"https:\/\/www.tech-arrow.com\/de\/wp-json\/wp\/v2\/pages\/6242","targetHints":{"allow":["GET"]}}],"collection":[{"href":"https:\/\/www.tech-arrow.com\/de\/wp-json\/wp\/v2\/pages"}],"about":[{"href":"https:\/\/www.tech-arrow.com\/de\/wp-json\/wp\/v2\/types\/page"}],"author":[{"embeddable":true,"href":"https:\/\/www.tech-arrow.com\/de\/wp-json\/wp\/v2\/users\/7"}],"replies":[{"embeddable":true,"href":"https:\/\/www.tech-arrow.com\/de\/wp-json\/wp\/v2\/comments?post=6242"}],"version-history":[{"count":3,"href":"https:\/\/www.tech-arrow.com\/de\/wp-json\/wp\/v2\/pages\/6242\/revisions"}],"predecessor-version":[{"id":13405,"href":"https:\/\/www.tech-arrow.com\/de\/wp-json\/wp\/v2\/pages\/6242\/revisions\/13405"}],"wp:attachment":[{"href":"https:\/\/www.tech-arrow.com\/de\/wp-json\/wp\/v2\/media?parent=6242"}],"curies":[{"name":"wp","href":"https:\/\/api.w.org\/{rel}","templated":true}]}}