{"id":7989,"date":"2022-02-09T22:14:39","date_gmt":"2022-02-09T21:14:39","guid":{"rendered":"https:\/\/www.tech-arrow.com\/?page_id=7989"},"modified":"2024-11-27T15:10:34","modified_gmt":"2024-11-27T14:10:34","slug":"officegate-version-5-2-details","status":"publish","type":"page","link":"https:\/\/www.tech-arrow.com\/de\/officegate-version-5-2-details\/","title":{"rendered":"officeGATE version 5.2 details"},"content":{"rendered":"<p>Eine Liste aller Versionshinweise k\u00f6nnen Sie <a href=\"https:\/\/www.tech-arrow.com\/de\/officegate-anmerkungen-zu-dieser-version\/\" rel=\"noopener noreferrer\">hier<\/a> finden.<br \/>\nDie folgende Liste bietet Ihnen eine \u00dcbersicht \u00fcber die neuesten Verbesserungen die Ihnen von officeGATE 5.2 geboten werden:<\/p>\n<div style=\"border: 1px solid #ddd; background-color: white; width: 94%; padding: 3%; margin-bottom: 20px;\">\n<h3 style=\"color: red; padding-top: 0px;\">Teilen<\/h3>\n<p><!-- more --><br \/>\n<strong>\u2713 Ordnerfreigabe<\/strong><\/p>\n<p style=\"text-align: justify;\">In contentACCESS 5.1 haben wir die Ordnerfreigabefunktion eingef\u00fchrt. Jetzt k\u00f6nnen Sie diese Funktion in officeGATE nutzen und Ordner und sogar ganze Strukturen teilen. officeGATE bietet die gleichen M\u00f6glichkeiten wie contentWEB, inklusive der rekursiven Sharing-M\u00f6glichkeit.<\/p>\n<p><img decoding=\"async\" class=\"aligncenter size-full wp-image-5926\" src=\"https:\/\/www.tech-arrow.com\/wp-content\/uploads\/2022\/01\/eros-og-folder-sharing.png\" alt=\"officeGATE folder sharing\" width=\"1920\" \/><br \/>\n<!-- more --><br \/>\n<strong>\u2713 Benachrichtigung \u00fcber Download<\/strong><\/p>\n<p style=\"text-align: justify;\">Die neue Download-Benachrichtigungsfunktion ist auch in officeGATE verf\u00fcgbar. Um diese Funktion nutzen zu k\u00f6nnen, muss officeGATE mit contentACCESS 5.2 oder einer h\u00f6heren Instanz verbunden sein.<\/p>\n<\/div>\n<div style=\"border: 1px solid #ddd; background-color: white; width: 94%; padding: 3%; margin-bottom: 20px;\">\n<h3 style=\"color: red; padding-top: 0px;\">Allgemein<\/h3>\n<p><!--more--><br \/>\n<strong>\u2713 TLS 1.2<\/strong><\/p>\n<p style=\"text-align: justify;\">In dieser Version haben wir die f\u00fcr officeGATE verf\u00fcgbaren TLS-Versionen spezifiziert. Zuvor wurden diese Optionen vom Betriebssystem und .NET-Framework angegeben, das in den meisten F\u00e4llen nur TLS 1.0 zulie\u00df. Jetzt werden die TLS-Versionen explizit angegeben. Dadurch wird officeGATE gezwungen, TLS 1.2 oder TLS 1.3 zu verwenden, falls verf\u00fcgbar.<\/p>\n<p><!--more--><br \/>\n<strong>\u2713 Leistungs- und Stabilit\u00e4tsverbesserungen<\/strong><\/p>\n<p style=\"text-align: justify;\">Es wurden Verbesserungen vorgenommen, um das System schneller und stabiler zu machen, sodass die gesamte officeGATE-Erfahrung jetzt noch besser ist.<\/p>\n<\/div>\n","protected":false},"excerpt":{"rendered":"<p>Eine Liste aller Versionshinweise k\u00f6nnen Sie hier finden. Die folgende Liste bietet Ihnen eine \u00dcbersicht \u00fcber die neuesten Verbesserungen die Ihnen von officeGATE 5.2 geboten werden: Teilen \u2713 Ordnerfreigabe In contentACCESS 5.1 haben wir die Ordnerfreigabefunktion eingef\u00fchrt. Jetzt k\u00f6nnen Sie diese Funktion in officeGATE nutzen und Ordner und sogar ganze Strukturen teilen. officeGATE bietet die [&hellip;]<\/p>\n","protected":false},"author":4,"featured_media":0,"parent":0,"menu_order":0,"comment_status":"closed","ping_status":"closed","template":"","meta":{"_acf_changed":false,"inline_featured_image":false,"footnotes":""},"class_list":["post-7989","page","type-page","status-publish","hentry"],"acf":[],"yoast_head":"<!-- This site is optimized with the Yoast SEO plugin v27.0 - https:\/\/yoast.com\/product\/yoast-seo-wordpress\/ -->\n<title>officeGATE version 5.2 details - TECH-ARROW<\/title>\n<meta name=\"robots\" content=\"index, follow, max-snippet:-1, max-image-preview:large, max-video-preview:-1\" \/>\n<link rel=\"canonical\" href=\"https:\/\/www.tech-arrow.com\/de\/officegate-version-5-2-details\/\" \/>\n<meta property=\"og:locale\" content=\"de_DE\" \/>\n<meta property=\"og:type\" content=\"article\" \/>\n<meta property=\"og:title\" content=\"officeGATE version 5.2 details - TECH-ARROW\" \/>\n<meta property=\"og:description\" content=\"Eine Liste aller Versionshinweise k\u00f6nnen Sie hier finden. Die folgende Liste bietet Ihnen eine \u00dcbersicht \u00fcber die neuesten Verbesserungen die Ihnen von officeGATE 5.2 geboten werden: Teilen \u2713 Ordnerfreigabe In contentACCESS 5.1 haben wir die Ordnerfreigabefunktion eingef\u00fchrt. Jetzt k\u00f6nnen Sie diese Funktion in officeGATE nutzen und Ordner und sogar ganze Strukturen teilen. officeGATE bietet die [&hellip;]\" \/>\n<meta property=\"og:url\" content=\"https:\/\/www.tech-arrow.com\/de\/officegate-version-5-2-details\/\" \/>\n<meta property=\"og:site_name\" content=\"TECH-ARROW\" \/>\n<meta property=\"article:publisher\" content=\"https:\/\/www.facebook.com\/thetecharrow\/?fref=ts\" \/>\n<meta property=\"article:modified_time\" content=\"2024-11-27T14:10:34+00:00\" \/>\n<meta property=\"og:image\" content=\"https:\/\/www.tech-arrow.com\/wp-content\/uploads\/2022\/01\/eros-og-folder-sharing.png\" \/>\n<meta name=\"twitter:card\" content=\"summary_large_image\" \/>\n<script type=\"application\/ld+json\" class=\"yoast-schema-graph\">{\"@context\":\"https:\/\/schema.org\",\"@graph\":[{\"@type\":\"WebPage\",\"@id\":\"https:\/\/www.tech-arrow.com\/de\/officegate-version-5-2-details\/\",\"url\":\"https:\/\/www.tech-arrow.com\/de\/officegate-version-5-2-details\/\",\"name\":\"officeGATE version 5.2 details - TECH-ARROW\",\"isPartOf\":{\"@id\":\"https:\/\/www.tech-arrow.com\/#website\"},\"primaryImageOfPage\":{\"@id\":\"https:\/\/www.tech-arrow.com\/de\/officegate-version-5-2-details\/#primaryimage\"},\"image\":{\"@id\":\"https:\/\/www.tech-arrow.com\/de\/officegate-version-5-2-details\/#primaryimage\"},\"thumbnailUrl\":\"https:\/\/www.tech-arrow.com\/wp-content\/uploads\/2022\/01\/eros-og-folder-sharing.png\",\"datePublished\":\"2022-02-09T21:14:39+00:00\",\"dateModified\":\"2024-11-27T14:10:34+00:00\",\"breadcrumb\":{\"@id\":\"https:\/\/www.tech-arrow.com\/de\/officegate-version-5-2-details\/#breadcrumb\"},\"inLanguage\":\"de\",\"potentialAction\":[{\"@type\":\"ReadAction\",\"target\":[\"https:\/\/www.tech-arrow.com\/de\/officegate-version-5-2-details\/\"]}]},{\"@type\":\"ImageObject\",\"inLanguage\":\"de\",\"@id\":\"https:\/\/www.tech-arrow.com\/de\/officegate-version-5-2-details\/#primaryimage\",\"url\":\"https:\/\/www.tech-arrow.com\/wp-content\/uploads\/2022\/01\/eros-og-folder-sharing.png\",\"contentUrl\":\"https:\/\/www.tech-arrow.com\/wp-content\/uploads\/2022\/01\/eros-og-folder-sharing.png\"},{\"@type\":\"BreadcrumbList\",\"@id\":\"https:\/\/www.tech-arrow.com\/de\/officegate-version-5-2-details\/#breadcrumb\",\"itemListElement\":[{\"@type\":\"ListItem\",\"position\":1,\"name\":\"Home\",\"item\":\"https:\/\/www.tech-arrow.com\/de\/\"},{\"@type\":\"ListItem\",\"position\":2,\"name\":\"officeGATE version 5.2 details\"}]},{\"@type\":\"WebSite\",\"@id\":\"https:\/\/www.tech-arrow.com\/#website\",\"url\":\"https:\/\/www.tech-arrow.com\/\",\"name\":\"TECH-ARROW\",\"description\":\"\",\"publisher\":{\"@id\":\"https:\/\/www.tech-arrow.com\/#organization\"},\"potentialAction\":[{\"@type\":\"SearchAction\",\"target\":{\"@type\":\"EntryPoint\",\"urlTemplate\":\"https:\/\/www.tech-arrow.com\/?s={search_term_string}\"},\"query-input\":{\"@type\":\"PropertyValueSpecification\",\"valueRequired\":true,\"valueName\":\"search_term_string\"}}],\"inLanguage\":\"de\"},{\"@type\":\"Organization\",\"@id\":\"https:\/\/www.tech-arrow.com\/#organization\",\"name\":\"TECH-ARROW, GmbH.\",\"url\":\"https:\/\/www.tech-arrow.com\/\",\"logo\":{\"@type\":\"ImageObject\",\"inLanguage\":\"de\",\"@id\":\"https:\/\/www.tech-arrow.com\/#\/schema\/logo\/image\/\",\"url\":\"https:\/\/www.tech-arrow.com\/wp-content\/uploads\/2017\/04\/techarrow-logo-481x97.png\",\"contentUrl\":\"https:\/\/www.tech-arrow.com\/wp-content\/uploads\/2017\/04\/techarrow-logo-481x97.png\",\"width\":481,\"height\":97,\"caption\":\"TECH-ARROW, GmbH.\"},\"image\":{\"@id\":\"https:\/\/www.tech-arrow.com\/#\/schema\/logo\/image\/\"},\"sameAs\":[\"https:\/\/www.facebook.com\/thetecharrow\/?fref=ts\",\"https:\/\/www.linkedin.com\/company\/techarrow\",\"https:\/\/www.youtube.com\/user\/thetecharrow\"]}]}<\/script>\n<!-- \/ Yoast SEO plugin. -->","yoast_head_json":{"title":"officeGATE version 5.2 details - TECH-ARROW","robots":{"index":"index","follow":"follow","max-snippet":"max-snippet:-1","max-image-preview":"max-image-preview:large","max-video-preview":"max-video-preview:-1"},"canonical":"https:\/\/www.tech-arrow.com\/de\/officegate-version-5-2-details\/","og_locale":"de_DE","og_type":"article","og_title":"officeGATE version 5.2 details - TECH-ARROW","og_description":"Eine Liste aller Versionshinweise k\u00f6nnen Sie hier finden. Die folgende Liste bietet Ihnen eine \u00dcbersicht \u00fcber die neuesten Verbesserungen die Ihnen von officeGATE 5.2 geboten werden: Teilen \u2713 Ordnerfreigabe In contentACCESS 5.1 haben wir die Ordnerfreigabefunktion eingef\u00fchrt. Jetzt k\u00f6nnen Sie diese Funktion in officeGATE nutzen und Ordner und sogar ganze Strukturen teilen. officeGATE bietet die [&hellip;]","og_url":"https:\/\/www.tech-arrow.com\/de\/officegate-version-5-2-details\/","og_site_name":"TECH-ARROW","article_publisher":"https:\/\/www.facebook.com\/thetecharrow\/?fref=ts","article_modified_time":"2024-11-27T14:10:34+00:00","og_image":[{"url":"https:\/\/www.tech-arrow.com\/wp-content\/uploads\/2022\/01\/eros-og-folder-sharing.png","type":"","width":"","height":""}],"twitter_card":"summary_large_image","schema":{"@context":"https:\/\/schema.org","@graph":[{"@type":"WebPage","@id":"https:\/\/www.tech-arrow.com\/de\/officegate-version-5-2-details\/","url":"https:\/\/www.tech-arrow.com\/de\/officegate-version-5-2-details\/","name":"officeGATE version 5.2 details - TECH-ARROW","isPartOf":{"@id":"https:\/\/www.tech-arrow.com\/#website"},"primaryImageOfPage":{"@id":"https:\/\/www.tech-arrow.com\/de\/officegate-version-5-2-details\/#primaryimage"},"image":{"@id":"https:\/\/www.tech-arrow.com\/de\/officegate-version-5-2-details\/#primaryimage"},"thumbnailUrl":"https:\/\/www.tech-arrow.com\/wp-content\/uploads\/2022\/01\/eros-og-folder-sharing.png","datePublished":"2022-02-09T21:14:39+00:00","dateModified":"2024-11-27T14:10:34+00:00","breadcrumb":{"@id":"https:\/\/www.tech-arrow.com\/de\/officegate-version-5-2-details\/#breadcrumb"},"inLanguage":"de","potentialAction":[{"@type":"ReadAction","target":["https:\/\/www.tech-arrow.com\/de\/officegate-version-5-2-details\/"]}]},{"@type":"ImageObject","inLanguage":"de","@id":"https:\/\/www.tech-arrow.com\/de\/officegate-version-5-2-details\/#primaryimage","url":"https:\/\/www.tech-arrow.com\/wp-content\/uploads\/2022\/01\/eros-og-folder-sharing.png","contentUrl":"https:\/\/www.tech-arrow.com\/wp-content\/uploads\/2022\/01\/eros-og-folder-sharing.png"},{"@type":"BreadcrumbList","@id":"https:\/\/www.tech-arrow.com\/de\/officegate-version-5-2-details\/#breadcrumb","itemListElement":[{"@type":"ListItem","position":1,"name":"Home","item":"https:\/\/www.tech-arrow.com\/de\/"},{"@type":"ListItem","position":2,"name":"officeGATE version 5.2 details"}]},{"@type":"WebSite","@id":"https:\/\/www.tech-arrow.com\/#website","url":"https:\/\/www.tech-arrow.com\/","name":"TECH-ARROW","description":"","publisher":{"@id":"https:\/\/www.tech-arrow.com\/#organization"},"potentialAction":[{"@type":"SearchAction","target":{"@type":"EntryPoint","urlTemplate":"https:\/\/www.tech-arrow.com\/?s={search_term_string}"},"query-input":{"@type":"PropertyValueSpecification","valueRequired":true,"valueName":"search_term_string"}}],"inLanguage":"de"},{"@type":"Organization","@id":"https:\/\/www.tech-arrow.com\/#organization","name":"TECH-ARROW, GmbH.","url":"https:\/\/www.tech-arrow.com\/","logo":{"@type":"ImageObject","inLanguage":"de","@id":"https:\/\/www.tech-arrow.com\/#\/schema\/logo\/image\/","url":"https:\/\/www.tech-arrow.com\/wp-content\/uploads\/2017\/04\/techarrow-logo-481x97.png","contentUrl":"https:\/\/www.tech-arrow.com\/wp-content\/uploads\/2017\/04\/techarrow-logo-481x97.png","width":481,"height":97,"caption":"TECH-ARROW, GmbH."},"image":{"@id":"https:\/\/www.tech-arrow.com\/#\/schema\/logo\/image\/"},"sameAs":["https:\/\/www.facebook.com\/thetecharrow\/?fref=ts","https:\/\/www.linkedin.com\/company\/techarrow","https:\/\/www.youtube.com\/user\/thetecharrow"]}]}},"_links":{"self":[{"href":"https:\/\/www.tech-arrow.com\/de\/wp-json\/wp\/v2\/pages\/7989","targetHints":{"allow":["GET"]}}],"collection":[{"href":"https:\/\/www.tech-arrow.com\/de\/wp-json\/wp\/v2\/pages"}],"about":[{"href":"https:\/\/www.tech-arrow.com\/de\/wp-json\/wp\/v2\/types\/page"}],"author":[{"embeddable":true,"href":"https:\/\/www.tech-arrow.com\/de\/wp-json\/wp\/v2\/users\/4"}],"replies":[{"embeddable":true,"href":"https:\/\/www.tech-arrow.com\/de\/wp-json\/wp\/v2\/comments?post=7989"}],"version-history":[{"count":5,"href":"https:\/\/www.tech-arrow.com\/de\/wp-json\/wp\/v2\/pages\/7989\/revisions"}],"predecessor-version":[{"id":13456,"href":"https:\/\/www.tech-arrow.com\/de\/wp-json\/wp\/v2\/pages\/7989\/revisions\/13456"}],"wp:attachment":[{"href":"https:\/\/www.tech-arrow.com\/de\/wp-json\/wp\/v2\/media?parent=7989"}],"curies":[{"name":"wp","href":"https:\/\/api.w.org\/{rel}","templated":true}]}}