{"id":9995,"date":"2022-12-09T13:51:52","date_gmt":"2022-12-09T12:51:52","guid":{"rendered":"https:\/\/www.tech-arrow.com\/?page_id=9995"},"modified":"2024-11-27T15:06:31","modified_gmt":"2024-11-27T14:06:31","slug":"contentaccess-version-6-0-details","status":"publish","type":"page","link":"https:\/\/www.tech-arrow.com\/de\/contentaccess-version-6-0-details\/","title":{"rendered":"contentACCESS Version 6.0 details"},"content":{"rendered":"<p>Eine Liste aller Versionshinweise k\u00f6nnen Sie <a href=\"https:\/\/www.tech-arrow.com\/de\/contentaccess-mailapp-anmerkungen-zu-dieser-version\/\" rel=\"noopener noreferrer\">hier<\/a> finden.<br \/>\nDie folgende Liste bietet Ihnen eine \u00dcbersicht \u00fcber die neuesten Verbesserungen die Ihnen von contentACCESS 6.0 geboten werden:<br \/>\n<!-- --------------------------- GROUP START --------------------------- --><\/p>\n<div style=\"border: 1px solid #ddd; background-color: white; width: 94%; padding: 3%; margin-bottom: 20px;\">\n<h3 style=\"color: red; padding-top: 0px;\">Allgemein<\/h3>\n<p><!--more--><br \/>\n<strong>\u2713 Update des Such-Servers<\/strong><\/p>\n<p style=\"text-align: justify;\">Es ist schon lange her, dass wir die in contentACCESS verwendete Elasticsearch-Engine zuletzt aktualisiert haben. Der Grund daf\u00fcr war, dass Elasticsearch einige einschneidende \u00c4nderungen eingef\u00fchrt hat, die eine direkte Aktualisierung unm\u00f6glich machten. Das bedeutete, dass wir unsere Indexstruktur neu gestalten mussten.<br \/>\nWir denken, die Zeit ist reif. Wir haben all unsere Erfahrungen aus den letzten Jahren gesammelt, alle offenen Fragen, die mit der alten Indexstruktur nicht gel\u00f6st werden konnten, wieder aufgegriffen, Monate der Entwicklung investiert und Elasticsearch 5.6 auf 8.4 aktualisiert. Wir wussten von Anfang an, dass das Upgrade von Elasticsearch eine Neuindizierung der Daten durch die Kunden erfordert. Unser prim\u00e4res Ziel war es, eine robustere und leistungsf\u00e4higere Indexstruktur auf der neuesten Technologie zu entwickeln. Das zweite Ziel war es, den \u00dcbergang so reibungslos wie m\u00f6glich zu gestalten.<br \/>\nAls Ergebnis haben wir eine neue contentACCESS-Suchkomponente auf .NET Core 6 entwickelt, die Seite an Seite mit der alten Suchkomponente arbeiten kann. Um den \u00dcbergang schnell und reibungslos zu gestalten, haben wir auch eine Indexmigrationsanwendung entwickelt, die im Hintergrund die alten Indexdaten von der alten Elasticsearch in die neue \u00fcbertragen kann. Die Anwendung ist intelligent genug, um den \u00dcbergang v\u00f6llig transparent zu gestalten, und die Suche und Indizierung kann weiterhin laufen, w\u00e4hrend die Daten migriert werden. Die Migration l\u00e4uft von Entit\u00e4t zu Entit\u00e4t (Mailbox), und das System erkennt, welche Entit\u00e4ten sich in der alten und welche in der neuen Elasticsearch befinden. Infolgedessen leitet die Suche die Suchanfragen an die richtige Suchmaschine weiter.<br \/>\nWir wissen, dass bei einigen Kunden die Aktualisierung geplant und zwischen mehreren Abteilungen koordiniert werden muss, was eine l\u00e4ngere Vorbereitung erfordert. Wir haben diesen Umstand ber\u00fccksichtigt und beschlossen, die alte Suchkomponente noch 1 Jahr lang zu unterst\u00fctzen. Das hei\u00dft, wer die alte Suchkomponente weiter nutzen m\u00f6chte, kann gefahrlos auf contentACCESS 6.0 updaten und die Migration auf die neue Suche zu einem beliebigen sp\u00e4teren Zeitpunkt starten.<\/p>\n<p><img decoding=\"async\" class=\"size-medium wp-image-7969 aligncenter\" src=\"https:\/\/www.tech-arrow.com\/wp-content\/uploads\/2022\/12\/ca6-0-ca-index-migrator01.png\" alt=\"Index-Migrator\" width=\"1920\" \/><\/p>\n<p><img decoding=\"async\" class=\"size-medium wp-image-7969 aligncenter\" src=\"https:\/\/www.tech-arrow.com\/wp-content\/uploads\/2022\/12\/ca6-0-ca-search-settings01.png\" alt=\"Index konfiguration\" width=\"1920\" \/><\/p>\n<p><strong>\u2713 Web-Vorschau der Dokumente<\/strong><\/p>\n<p style=\"text-align: justify;\">Mit contentACCESS 6.0 wird eine neue Komponente namens contentACCESS Preview eingef\u00fchrt. Dabei handelt es sich um eine Webkomponente, die eine HTML 5 Version von fast allen in contentACCESS gespeicherten oder von contentACCESS verarbeiteten Dokumenttypen anzeigen kann. Der Benutzer muss kein Dokument herunterladen und \u00f6ffnen, nur um den Inhalt zu sehen. Die mobilen Nutzer m\u00fcssen sich nicht darum k\u00fcmmern, f\u00fcr jedes Dokumentformat eine eigene Anwendung zu haben. Die Webvorschau kann das Dokument f\u00fcr sie anzeigen!<br \/>\nNeben der HTML-Vorschau kann diese Komponente noch viel mehr! Sie gibt den Benutzern die M\u00f6glichkeit, das gegebene Dokument auszudrucken oder es im PDF-Format herunterzuladen.<br \/>\nDiese Komponente wird auch verwendet, um Anfragen von Mobiltelefonen zu erkennen und sie an die native contentACCESS Mobile App weiterzuleiten, sofern diese installiert ist. Mit diesem Ansatz k\u00f6nnen die Nutzer ihre Verkn\u00fcpfungen in unserer nativen mobilen App \u00f6ffnen. Wenn die mobile App nicht auf dem Ger\u00e4t des Nutzers installiert ist, kann der Nutzer weiterhin die Webvorschau anzeigen.<br \/>\nDie Webvorschau ist auch in unser Portal oder contentACCESS Mobile integriert. Diese Nutzer k\u00f6nnen das Dokument auch direkt sehen, ohne es herunterzuladen.<br \/>\nKlingt gut? Probieren Sie es einfach aus!<\/p>\n<p><img decoding=\"async\" class=\"size-medium wp-image-7969 aligncenter\" src=\"https:\/\/www.tech-arrow.com\/wp-content\/uploads\/2022\/12\/ca6-0-ca-preview01.png\" alt=\"Dokumentenvorschau im contentACCESS Portal\" width=\"1920\" \/><\/p>\n<p><img decoding=\"async\" class=\"size-medium wp-image-7969 aligncenter\" src=\"https:\/\/www.tech-arrow.com\/wp-content\/uploads\/2022\/12\/ca6-0-ca-preview02.png\" alt=\"Dokumentenvorschau in separatem Fenster mit Funktionen\" width=\"1920\" \/><\/p>\n<p><strong>\u2713 Abk\u00fcrzung in contentACCESS Mobile \u00f6ffnen<\/strong><\/p>\n<p style=\"text-align: justify;\">Sind Sie viel unterwegs und haben Probleme, \u00fcber Ihr Mobiltelefon auf Ihre E-Mail-Verkn\u00fcpfungen zuzugreifen? Ist es frustrierend, dann nach der gleichen E-Mail in contentACCESS mobile suchen zu m\u00fcssen, nur um den vollst\u00e4ndigen Inhalt der archivierten E-Mail zu sehen? Wir haben eine L\u00f6sung f\u00fcr Sie! Ab sofort k\u00f6nnen Sie die Verkn\u00fcpfungen direkt aus Ihrem mobilen E-Mail-Client in contentACCESS Mobile mit einem Klick \u00f6ffnen!<br \/>\nSie werden sich fragen: Muss ich alle meine bestehenden Verkn\u00fcpfungen umwandeln, um diese Funktion nutzen zu k\u00f6nnen? Nein! Es kann auch mit Ihren bestehenden Shortcuts funktionieren. Die einzige Voraussetzung ist, dass Sie den contentACCESS Preview Service installieren und konfigurieren und contentACCESS Mobile auf die Endger\u00e4te verteilen.<\/p>\n<p><img decoding=\"async\" class=\"size-medium wp-image-7969 aligncenter\" src=\"https:\/\/www.tech-arrow.com\/wp-content\/uploads\/2022\/12\/ca6-0-ca-open-in-mobile03.gif\" alt=\"Verkn\u00fcpfung in contentACCESS Mobile \u00f6ffnen\" width=\"300\" \/><\/p>\n<p><strong>\u2713 Gemeinsamer Protokollordner f\u00fcr alle Komponenten<\/strong><\/p>\n<p style=\"text-align: justify;\">Bisher verwendete jede contentACCESS-Komponente einen eigenen Log-Ordner, der sich unter dem Installationsordner der jeweiligen Komponente befand. Dieses Design war nicht optimal, da die Logs die Systemfestplatte f\u00fcllten und die Logs auf viele verschiedene Ordner verteilt waren. In Version 6.0 haben wir dies nun verallgemeinert und alle Komponentenprotokolle in einen gemeinsamen Protokollordner verschoben. Dieser gemeinsame Protokollordner kann w\u00e4hrend der Installation auf jedem Knoten konfiguriert werden.<\/p>\n<p><img decoding=\"async\" class=\"size-medium wp-image-7969 aligncenter\" src=\"https:\/\/www.tech-arrow.com\/wp-content\/uploads\/2022\/12\/ca6-0-common-log-folder.png\" alt=\"Gemeinsamer Protokollordner im Installationspaket\" width=\"1920\" \/><\/p>\n<p><strong>\u2713 Mail App vNext<\/strong><\/p>\n<p style=\"text-align: justify;\">Mail App ist ein leichtgewichtiger, plattform\u00fcbergreifender contentACCESS Client f\u00fcr Microsoft Outlook. Er wurde in contentACCESS 5.4 als BETA eingef\u00fchrt. In den letzten Monaten haben wir das Feedback gesammelt und viel Aufwand betrieben, um die Ausf\u00fchrung zu optimieren und die Fehler zu beseitigen. In contentACCESS 6.0 erh\u00e4lt MailApp vNext einige neue Funktionen und ist nun endlich produktionsreif. Standardm\u00e4\u00dfig verwendet das System bei bestehenden Installationen noch die alte MailApp, bei Neuinstallationen wird die neue Version installiert. F\u00fcr bestehende Installationen k\u00f6nnen Sie die neue MailApp in den Einstellungen des E-Mail-Archivsystems aktivieren.<\/p>\n<p><strong>Popup-Fenster des Empf\u00e4ngers<\/strong><br \/>\nStandardm\u00e4\u00dfig zeigt MailApp den Vornamen jedes Empf\u00e4ngers an, um Ihnen so viele Informationen wie m\u00f6glich in kompakter Form zur Verf\u00fcgung zu stellen. Wenn Sie nun auf die Empf\u00e4ngerliste klicken, zeigt ein Popup die vollst\u00e4ndigen Benutzerinformationen mit einigen Funktionen wie &#8222;E-Mail an den Empf\u00e4nger senden&#8220; oder &#8222;Name und E-Mail-Adresse des Empf\u00e4ngers kopieren&#8220;. &#8220;<\/p>\n<p><img decoding=\"async\" class=\"size-medium wp-image-7969 aligncenter\" src=\"https:\/\/www.tech-arrow.com\/wp-content\/uploads\/2022\/12\/ca6-0-mailapp-recipient-view01.png\" alt=\"Empf\u00e4ngeransicht in MailApp\" width=\"300\" \/><\/p>\n<p><strong>Safari-Unterst\u00fctzung<\/strong><br \/>\nWir haben gute Nachrichten f\u00fcr Mac-Benutzer! MailApp l\u00e4uft bereits im Safari-Browser und in Outlook f\u00fcr Mac. Wir arbeiten weiterhin hart daran, Mac-Benutzern die gleiche Benutzerfreundlichkeit wie Windows-Benutzern zu bieten. Sie k\u00f6nnen einige Verbesserungen in den kommenden Versionen erwarten. Behalten Sie sie im Auge!<\/p>\n<p><strong>Schneller Zugang zu Aktien<\/strong><br \/>\nDie gemeinsame Nutzung ist eine sehr leistungsf\u00e4hige Funktion in contentACCESS. Wir versuchen, Ihnen diese Funktion so nahe wie m\u00f6glich zu bringen. Als Verbesserung haben wir der Startseite 2 neue Verkn\u00fcpfungen hinzugef\u00fcgt, die es Ihnen erm\u00f6glichen, direkt zu Dateien zu navigieren, die von Ihnen freigegeben wurden oder zu Dateien, die Sie mit jemandem geteilt haben. Dies kann Ihnen mindestens 3-4 zus\u00e4tzliche Klicks ersparen.<\/p>\n<p><img decoding=\"async\" class=\"size-medium wp-image-7969 aligncenter\" src=\"https:\/\/www.tech-arrow.com\/wp-content\/uploads\/2022\/12\/ca6-0-mailapp-sharing-quick-access01.png\" alt=\"Schnellzugriff auf die Freigabe in MailApp\" width=\"300\" \/><\/p>\n<p><strong>Nicht zug\u00e4ngliche Funktionen ausblenden<\/strong><br \/>\nDie fr\u00fchere Version von MailApp war nur f\u00fcr Benutzer von E-Mail-Archiven gedacht. Die neue vNext-Version unterst\u00fctzt alle anderen Archive in contentACCESS, so dass sie f\u00fcr Benutzer, die nur Teams Archive verwenden, sehr n\u00fctzlich sein kann. In solchen F\u00e4llen wird die Schaltfl\u00e4che Aktive E-Mail auf dem Startbildschirm und im Hauptmen\u00fc ausgeblendet. Das Gleiche gilt f\u00fcr die Freigabe.<\/p>\n<p><img decoding=\"async\" class=\"size-medium wp-image-7969 aligncenter\" src=\"https:\/\/www.tech-arrow.com\/wp-content\/uploads\/2022\/12\/ca6-0-mailapp-not-accessible-features01-1.png\" alt=\"Ausblenden nicht zug\u00e4nglicher Funktionen in MailApp\" width=\"300\" \/><\/p>\n<p><strong>\u2713 Leistungs- und Stabilit\u00e4tsverbesserungen<\/strong><\/p>\n<p style=\"text-align: justify;\">Es wurden Verbesserungen vorgenommen, um das System schneller und stabiler zu machen, so dass Ihr contentACCESS Erlebnis jetzt noch besser ist als zuvor.<\/p>\n<\/div>\n<p><!-- --------------------------- GROUP END --------------------------- --><br \/>\n<!-- --------------------------- GROUP START --------------------------- --><\/p>\n<div style=\"border: 1px solid #ddd; background-color: white; width: 94%; padding: 3%; margin-bottom: 20px;\">\n<h3 style=\"color: red; padding-top: 0px;\">Update von \u00e4lteren Versionen<\/h3>\n<p><!--more--><\/p>\n<p style=\"text-align: justify;\"><strong>\u2713 Aktualisierungspfad:<\/strong> Das Update wird von contentACCESS ab Version 3.1 unterst\u00fctzt. \u00c4ltere Versionen m\u00fcssen zun\u00e4chst auf contentACCESS 3.1 aktualisiert werden und k\u00f6nnen danach auf die neueste Version aktualisiert werden.<\/p>\n<p style=\"text-align: justify;\">Wenn die Aktualisierung f\u00fcr eine fr\u00fchere Version als 3.3 durchgef\u00fchrt wurde, m\u00fcssen einige der neuen Funktionen nach der Aktualisierung manuell konfiguriert werden.<\/p>\n<p style=\"text-align: justify;\">Eine dieser Funktionen ist der Task-Runner, der einen Ressourcenspeicher ben\u00f6tigt, in dem die Exportdateien gespeichert werden. Dieser Speicher muss unter System -&gt; System -&gt; Ressourcenspeichereinstellungen konfiguriert werden. Auf diesen Speicher m\u00fcssen alle contentACCESS-Knoten innerhalb eines Clusters zugreifen k\u00f6nnen, weshalb die Verwendung einer Netzwerkfreigabe dringend empfohlen wird.<\/p>\n<p style=\"text-align: justify;\"><strong>\u2713 Suche V2 erfordert .NET Core:<\/strong> In 6.0 haben wir die n\u00e4chste Version der Suche eingef\u00fchrt. Die neuen Suchkomponenten zielen auf .NET Core 6 ab, das bei der Einrichtung des Such-Servers automatisch installiert wird.<\/p>\n<p style=\"text-align: justify;\"><strong>\u2713 Teams- und Teams-Chat-Job-Filter m\u00fcssen angepasst werden:<\/strong> In 5.4 haben wir die Filterm\u00f6glichkeiten in allen Teams- und Teams-Chat-Jobs v\u00f6llig neu gestaltet. Ihre bestehenden Teams- und Teams-Chat-Job-Einstellungen m\u00fcssen nach dem Update von 5.3 und fr\u00fcher \u00fcberpr\u00fcft und angepasst werden.<\/p>\n<p style=\"text-align: justify;\"><strong>\u2713 Anwendungspool-Identit\u00e4ten ge\u00e4ndert:<\/strong> Um die Sicherheit zu erh\u00f6hen, verwenden alle Anwendungspools von contentACCESS die isolierte IIS App Pool Identity. Dies erfordert eine Umstellung auf das serverseitige Rendering im contentACCESS Portal f\u00fcr das E-Mail-Archiv.<\/p>\n<p style=\"text-align: justify;\"><strong>\u2713 Unterst\u00fctzung von .NET Framework:<\/strong> Ab der Version 5.0 wurde die minimal erforderliche .NET-Version f\u00fcr alle Anwendungen von 4.5.2 auf 4.8 erh\u00f6ht.<\/p>\n<p style=\"text-align: justify;\"><strong>\u2713 Mail-App-Aktivierung:<\/strong> Durch die Neugestaltung der Mail-App-Aktivierungsmethode im contentACCESS E-Mail-Archiv werden neue Berechtigungen ben\u00f6tigt: &#8222;Org Marketplace Apps&#8220; und &#8222;Benutzeroptionen&#8220;, werden ben\u00f6tigt, damit der Superuser korrekt funktioniert.<\/p>\n<p style=\"text-align: justify;\"><strong>\u2713 Outlook-Formulare:<\/strong> Wenn das Update von einer fr\u00fcheren Version als 3.4 durchgef\u00fchrt wurde, m\u00fcssen die Outlook-Formulare aufgrund einiger interner \u00c4nderungen im E-Mail-Archiv-Verkn\u00fcpfungsformat auf die neueste Version aktualisiert werden, um die korrekte Funktionalit\u00e4t zu erhalten. F\u00fcr contentACCESS 3.8 m\u00fcssen die Outlook-Formulare aufgrund der \u00c4nderungen bei der Authentifizierung ebenfalls neu ver\u00f6ffentlicht werden.<\/p>\n<p style=\"text-align: justify;\"><strong>\u2713 Entfernte Dateiarchivierung:<\/strong> Beim Update von contentACCESS 3.6 werden bestehende Remote-Agent-Definitionen nicht funktionieren, da einige der Datenbankstrukturen von der Dateisystem-Archivdatenbank in die Tenant-Datenbank verschoben wurden.<\/p>\n<p style=\"text-align: justify;\"><strong>\u2713 SQL-Server-Unterst\u00fctzung:<\/strong> Die minimal erforderliche SQL-Version wurde von MS SQL 2008 auf MS SQL 2012 erh\u00f6ht.<\/p>\n<p style=\"text-align: justify;\"><strong>\u2713 Umgestaltete Filterung:<\/strong> Die alte Filterung wurde auf ein neues Format umgestellt. Daher empfehlen wir nach dem Update von 3.7 oder fr\u00fcher die \u00dcberpr\u00fcfung aller Ihrer Job-Filtereinstellungen.<\/p>\n<\/div>\n<p><!-- --------------------------- GROUP END --------------------------- --><\/p>\n<div style=\"border: 1px solid #dddddd; background-color: white; width: 94%; padding: 3%; margin-bottom: 20px;\">\n<h3 style=\"color: red; padding-top: 0px;\">Dokumentation<\/h3>\n<p style=\"text-align: left;\"><strong>\u2713 Dokumentation<\/strong> \u2013 Bitte beachten Sie die aktualisierte Dokumentation und die aktualisierten Handb\u00fccher.<\/p>\n<p><a href=\"https:\/\/documentation.tech-arrow.com\/contentaccess-manuals\/\" target=\"_blank\" rel=\"noopener noreferrer\"><img loading=\"lazy\" decoding=\"async\" src=\"https:\/\/www.tech-arrow.com\/wp-content\/uploads\/2016\/02\/3.png\" alt=\"3\" width=\"20\" height=\"20\" \/>\u00a0contentACCESS Benutzerhandbuch<\/a><\/p>\n<p><a href=\"https:\/\/documentation.tech-arrow.com\/officegate\/\" target=\"_blank\" rel=\"noopener noreferrer\"><img loading=\"lazy\" decoding=\"async\" src=\"https:\/\/www.tech-arrow.com\/wp-content\/uploads\/2016\/02\/3.png\" alt=\"3\" width=\"20\" height=\"20\" \/>\u00a0officeGATE Benutzerhandbuch<\/a><\/p>\n<p><a href=\"https:\/\/documentation.tech-arrow.com\/tech-arrows-winshortcutter\/\" target=\"_blank\" rel=\"noopener noreferrer\"><img loading=\"lazy\" decoding=\"async\" src=\"https:\/\/www.tech-arrow.com\/wp-content\/uploads\/2016\/02\/3.png\" alt=\"3\" width=\"20\" height=\"20\" \/>\u00a0WinShortcutter Benutzerhandbuch<\/a><\/p>\n<\/div>\n","protected":false},"excerpt":{"rendered":"<p>Eine Liste aller Versionshinweise k\u00f6nnen Sie hier finden. Die folgende Liste bietet Ihnen eine \u00dcbersicht \u00fcber die neuesten Verbesserungen die Ihnen von contentACCESS 6.0 geboten werden: Allgemein<\/p>\n","protected":false},"author":4,"featured_media":0,"parent":0,"menu_order":0,"comment_status":"closed","ping_status":"closed","template":"","meta":{"_acf_changed":false,"inline_featured_image":false,"footnotes":""},"class_list":["post-9995","page","type-page","status-publish","hentry"],"acf":[],"yoast_head":"<!-- This site is optimized with the Yoast SEO plugin v27.0 - https:\/\/yoast.com\/product\/yoast-seo-wordpress\/ -->\n<title>contentACCESS Version 6.0 details - TECH-ARROW<\/title>\n<meta name=\"robots\" content=\"index, follow, max-snippet:-1, max-image-preview:large, max-video-preview:-1\" \/>\n<link rel=\"canonical\" href=\"https:\/\/www.tech-arrow.com\/de\/contentaccess-version-6-0-details\/\" \/>\n<meta property=\"og:locale\" content=\"de_DE\" \/>\n<meta property=\"og:type\" content=\"article\" \/>\n<meta property=\"og:title\" content=\"contentACCESS Version 6.0 details - TECH-ARROW\" \/>\n<meta property=\"og:description\" content=\"Eine Liste aller Versionshinweise k\u00f6nnen Sie hier finden. Die folgende Liste bietet Ihnen eine \u00dcbersicht \u00fcber die neuesten Verbesserungen die Ihnen von contentACCESS 6.0 geboten werden: Allgemein\" \/>\n<meta property=\"og:url\" content=\"https:\/\/www.tech-arrow.com\/de\/contentaccess-version-6-0-details\/\" \/>\n<meta property=\"og:site_name\" content=\"TECH-ARROW\" \/>\n<meta property=\"article:publisher\" content=\"https:\/\/www.facebook.com\/thetecharrow\/?fref=ts\" \/>\n<meta property=\"article:modified_time\" content=\"2024-11-27T14:06:31+00:00\" \/>\n<meta property=\"og:image\" content=\"https:\/\/www.tech-arrow.com\/wp-content\/uploads\/2022\/12\/ca6-0-ca-index-migrator01.png\" \/>\n<meta name=\"twitter:card\" content=\"summary_large_image\" \/>\n<script type=\"application\/ld+json\" class=\"yoast-schema-graph\">{\"@context\":\"https:\/\/schema.org\",\"@graph\":[{\"@type\":\"WebPage\",\"@id\":\"https:\/\/www.tech-arrow.com\/de\/contentaccess-version-6-0-details\/\",\"url\":\"https:\/\/www.tech-arrow.com\/de\/contentaccess-version-6-0-details\/\",\"name\":\"contentACCESS Version 6.0 details - TECH-ARROW\",\"isPartOf\":{\"@id\":\"https:\/\/www.tech-arrow.com\/#website\"},\"primaryImageOfPage\":{\"@id\":\"https:\/\/www.tech-arrow.com\/de\/contentaccess-version-6-0-details\/#primaryimage\"},\"image\":{\"@id\":\"https:\/\/www.tech-arrow.com\/de\/contentaccess-version-6-0-details\/#primaryimage\"},\"thumbnailUrl\":\"https:\/\/www.tech-arrow.com\/wp-content\/uploads\/2022\/12\/ca6-0-ca-index-migrator01.png\",\"datePublished\":\"2022-12-09T12:51:52+00:00\",\"dateModified\":\"2024-11-27T14:06:31+00:00\",\"breadcrumb\":{\"@id\":\"https:\/\/www.tech-arrow.com\/de\/contentaccess-version-6-0-details\/#breadcrumb\"},\"inLanguage\":\"de\",\"potentialAction\":[{\"@type\":\"ReadAction\",\"target\":[\"https:\/\/www.tech-arrow.com\/de\/contentaccess-version-6-0-details\/\"]}]},{\"@type\":\"ImageObject\",\"inLanguage\":\"de\",\"@id\":\"https:\/\/www.tech-arrow.com\/de\/contentaccess-version-6-0-details\/#primaryimage\",\"url\":\"https:\/\/www.tech-arrow.com\/wp-content\/uploads\/2022\/12\/ca6-0-ca-index-migrator01.png\",\"contentUrl\":\"https:\/\/www.tech-arrow.com\/wp-content\/uploads\/2022\/12\/ca6-0-ca-index-migrator01.png\"},{\"@type\":\"BreadcrumbList\",\"@id\":\"https:\/\/www.tech-arrow.com\/de\/contentaccess-version-6-0-details\/#breadcrumb\",\"itemListElement\":[{\"@type\":\"ListItem\",\"position\":1,\"name\":\"Home\",\"item\":\"https:\/\/www.tech-arrow.com\/de\/\"},{\"@type\":\"ListItem\",\"position\":2,\"name\":\"contentACCESS Version 6.0 details\"}]},{\"@type\":\"WebSite\",\"@id\":\"https:\/\/www.tech-arrow.com\/#website\",\"url\":\"https:\/\/www.tech-arrow.com\/\",\"name\":\"TECH-ARROW\",\"description\":\"\",\"publisher\":{\"@id\":\"https:\/\/www.tech-arrow.com\/#organization\"},\"potentialAction\":[{\"@type\":\"SearchAction\",\"target\":{\"@type\":\"EntryPoint\",\"urlTemplate\":\"https:\/\/www.tech-arrow.com\/?s={search_term_string}\"},\"query-input\":{\"@type\":\"PropertyValueSpecification\",\"valueRequired\":true,\"valueName\":\"search_term_string\"}}],\"inLanguage\":\"de\"},{\"@type\":\"Organization\",\"@id\":\"https:\/\/www.tech-arrow.com\/#organization\",\"name\":\"TECH-ARROW, GmbH.\",\"url\":\"https:\/\/www.tech-arrow.com\/\",\"logo\":{\"@type\":\"ImageObject\",\"inLanguage\":\"de\",\"@id\":\"https:\/\/www.tech-arrow.com\/#\/schema\/logo\/image\/\",\"url\":\"https:\/\/www.tech-arrow.com\/wp-content\/uploads\/2017\/04\/techarrow-logo-481x97.png\",\"contentUrl\":\"https:\/\/www.tech-arrow.com\/wp-content\/uploads\/2017\/04\/techarrow-logo-481x97.png\",\"width\":481,\"height\":97,\"caption\":\"TECH-ARROW, GmbH.\"},\"image\":{\"@id\":\"https:\/\/www.tech-arrow.com\/#\/schema\/logo\/image\/\"},\"sameAs\":[\"https:\/\/www.facebook.com\/thetecharrow\/?fref=ts\",\"https:\/\/www.linkedin.com\/company\/techarrow\",\"https:\/\/www.youtube.com\/user\/thetecharrow\"]}]}<\/script>\n<!-- \/ Yoast SEO plugin. -->","yoast_head_json":{"title":"contentACCESS Version 6.0 details - TECH-ARROW","robots":{"index":"index","follow":"follow","max-snippet":"max-snippet:-1","max-image-preview":"max-image-preview:large","max-video-preview":"max-video-preview:-1"},"canonical":"https:\/\/www.tech-arrow.com\/de\/contentaccess-version-6-0-details\/","og_locale":"de_DE","og_type":"article","og_title":"contentACCESS Version 6.0 details - TECH-ARROW","og_description":"Eine Liste aller Versionshinweise k\u00f6nnen Sie hier finden. Die folgende Liste bietet Ihnen eine \u00dcbersicht \u00fcber die neuesten Verbesserungen die Ihnen von contentACCESS 6.0 geboten werden: Allgemein","og_url":"https:\/\/www.tech-arrow.com\/de\/contentaccess-version-6-0-details\/","og_site_name":"TECH-ARROW","article_publisher":"https:\/\/www.facebook.com\/thetecharrow\/?fref=ts","article_modified_time":"2024-11-27T14:06:31+00:00","og_image":[{"url":"https:\/\/www.tech-arrow.com\/wp-content\/uploads\/2022\/12\/ca6-0-ca-index-migrator01.png","type":"","width":"","height":""}],"twitter_card":"summary_large_image","schema":{"@context":"https:\/\/schema.org","@graph":[{"@type":"WebPage","@id":"https:\/\/www.tech-arrow.com\/de\/contentaccess-version-6-0-details\/","url":"https:\/\/www.tech-arrow.com\/de\/contentaccess-version-6-0-details\/","name":"contentACCESS Version 6.0 details - TECH-ARROW","isPartOf":{"@id":"https:\/\/www.tech-arrow.com\/#website"},"primaryImageOfPage":{"@id":"https:\/\/www.tech-arrow.com\/de\/contentaccess-version-6-0-details\/#primaryimage"},"image":{"@id":"https:\/\/www.tech-arrow.com\/de\/contentaccess-version-6-0-details\/#primaryimage"},"thumbnailUrl":"https:\/\/www.tech-arrow.com\/wp-content\/uploads\/2022\/12\/ca6-0-ca-index-migrator01.png","datePublished":"2022-12-09T12:51:52+00:00","dateModified":"2024-11-27T14:06:31+00:00","breadcrumb":{"@id":"https:\/\/www.tech-arrow.com\/de\/contentaccess-version-6-0-details\/#breadcrumb"},"inLanguage":"de","potentialAction":[{"@type":"ReadAction","target":["https:\/\/www.tech-arrow.com\/de\/contentaccess-version-6-0-details\/"]}]},{"@type":"ImageObject","inLanguage":"de","@id":"https:\/\/www.tech-arrow.com\/de\/contentaccess-version-6-0-details\/#primaryimage","url":"https:\/\/www.tech-arrow.com\/wp-content\/uploads\/2022\/12\/ca6-0-ca-index-migrator01.png","contentUrl":"https:\/\/www.tech-arrow.com\/wp-content\/uploads\/2022\/12\/ca6-0-ca-index-migrator01.png"},{"@type":"BreadcrumbList","@id":"https:\/\/www.tech-arrow.com\/de\/contentaccess-version-6-0-details\/#breadcrumb","itemListElement":[{"@type":"ListItem","position":1,"name":"Home","item":"https:\/\/www.tech-arrow.com\/de\/"},{"@type":"ListItem","position":2,"name":"contentACCESS Version 6.0 details"}]},{"@type":"WebSite","@id":"https:\/\/www.tech-arrow.com\/#website","url":"https:\/\/www.tech-arrow.com\/","name":"TECH-ARROW","description":"","publisher":{"@id":"https:\/\/www.tech-arrow.com\/#organization"},"potentialAction":[{"@type":"SearchAction","target":{"@type":"EntryPoint","urlTemplate":"https:\/\/www.tech-arrow.com\/?s={search_term_string}"},"query-input":{"@type":"PropertyValueSpecification","valueRequired":true,"valueName":"search_term_string"}}],"inLanguage":"de"},{"@type":"Organization","@id":"https:\/\/www.tech-arrow.com\/#organization","name":"TECH-ARROW, GmbH.","url":"https:\/\/www.tech-arrow.com\/","logo":{"@type":"ImageObject","inLanguage":"de","@id":"https:\/\/www.tech-arrow.com\/#\/schema\/logo\/image\/","url":"https:\/\/www.tech-arrow.com\/wp-content\/uploads\/2017\/04\/techarrow-logo-481x97.png","contentUrl":"https:\/\/www.tech-arrow.com\/wp-content\/uploads\/2017\/04\/techarrow-logo-481x97.png","width":481,"height":97,"caption":"TECH-ARROW, GmbH."},"image":{"@id":"https:\/\/www.tech-arrow.com\/#\/schema\/logo\/image\/"},"sameAs":["https:\/\/www.facebook.com\/thetecharrow\/?fref=ts","https:\/\/www.linkedin.com\/company\/techarrow","https:\/\/www.youtube.com\/user\/thetecharrow"]}]}},"_links":{"self":[{"href":"https:\/\/www.tech-arrow.com\/de\/wp-json\/wp\/v2\/pages\/9995","targetHints":{"allow":["GET"]}}],"collection":[{"href":"https:\/\/www.tech-arrow.com\/de\/wp-json\/wp\/v2\/pages"}],"about":[{"href":"https:\/\/www.tech-arrow.com\/de\/wp-json\/wp\/v2\/types\/page"}],"author":[{"embeddable":true,"href":"https:\/\/www.tech-arrow.com\/de\/wp-json\/wp\/v2\/users\/4"}],"replies":[{"embeddable":true,"href":"https:\/\/www.tech-arrow.com\/de\/wp-json\/wp\/v2\/comments?post=9995"}],"version-history":[{"count":9,"href":"https:\/\/www.tech-arrow.com\/de\/wp-json\/wp\/v2\/pages\/9995\/revisions"}],"predecessor-version":[{"id":13435,"href":"https:\/\/www.tech-arrow.com\/de\/wp-json\/wp\/v2\/pages\/9995\/revisions\/13435"}],"wp:attachment":[{"href":"https:\/\/www.tech-arrow.com\/de\/wp-json\/wp\/v2\/media?parent=9995"}],"curies":[{"name":"wp","href":"https:\/\/api.w.org\/{rel}","templated":true}]}}